{"id":273,"date":"2018-10-24T11:32:22","date_gmt":"2018-10-24T08:32:22","guid":{"rendered":"https:\/\/rotary.fi\/jarvenpaa\/?page_id=273"},"modified":"2023-04-23T18:04:52","modified_gmt":"2023-04-23T15:04:52","slug":"olemme-osa-piiria-1420","status":"publish","type":"page","link":"https:\/\/rotary.fi\/jarvenpaa\/keita-olemme\/olemme-osa-piiria-1420\/","title":{"rendered":"Olemme osa piiri\u00e4 1420"},"content":{"rendered":"<p>J\u00e4rvenp\u00e4\u00e4n Rotaryklubi kuuluu <a href=\"https:\/\/rotary.fi\/d1420\/rotarypiiri-1420\/\" target=\"_blank\" rel=\"noopener\">Rotarypiiriin 1420<\/a>. Piiri 1420 on yksi Suomen kansainv\u00e4liseen Rotary-palveluj\u00e4rjest\u00f6\u00f6n kuuluvista kuudesta Rotarypiirist\u00e4. Piiriin kuuluu 51 klubia Etel\u00e4-Suomesta ja 20 Viron klubia. N\u00e4iss\u00e4 klubeissa on yhteens\u00e4 aktivij\u00e4seni\u00e4 runsaat 2 600 Rotaria.<\/p>\n<p>Kuvern\u00f6\u00f6rin tukena toimivat piirineuvosto, komiteat ja toimikunnat sek\u00e4 piirin eri alueiden apulaiskuvern\u00f6\u00f6rit. Klubit tekev\u00e4t ehdotukset kuvern\u00f6\u00f6reist\u00e4, ja piirin nime\u00e4miskomitea valitsee ehdokkaista sopivimmaksi katsomansa kuvern\u00f6\u00f6rin. Tuleva kuvern\u00f6\u00f6ri nimitet\u00e4\u00e4n Rotary Internationalin maailmankonferenssissa.<\/p>\n<p>Piiri j\u00e4rjest\u00e4\u00e4 klubeille useita tapahtumia vuoden aikana. Niist\u00e4 t\u00e4rkein on tulevien klubipresidenttien ja klubivirkailijoiden koulutusseminaari (PETS).<\/p>\n<p>Piirikuvern\u00f6\u00f6ri vierailee kaikissa piirins\u00e4 klubeissa toimivuotensa aikana. Apulaiskuvern\u00f6\u00f6rit vierailevat oman alueensa klubeissa.<\/p>\n","protected":false},"excerpt":{"rendered":"<p>J\u00e4rvenp\u00e4\u00e4n Rotaryklubi kuuluu Rotarypiiriin 1420. Piiri 1420 on yksi Suomen kansainv\u00e4liseen Rotary-palveluj\u00e4rjest\u00f6\u00f6n kuuluvista kuudesta Rotarypiirist\u00e4. Piiriin kuuluu 51 klubia Etel\u00e4-Suomesta ja 20 Viron klubia. N\u00e4iss\u00e4 klubeissa on yhteens\u00e4 aktivij\u00e4seni\u00e4 runsaat 2 600 Rotaria. Kuvern\u00f6\u00f6rin tukena toimivat piirineuvosto, komiteat ja toimikunnat sek\u00e4 piirin eri alueiden apulaiskuvern\u00f6\u00f6rit. Klubit tekev\u00e4t ehdotukset kuvern\u00f6\u00f6reist\u00e4, ja piirin nime\u00e4miskomitea valitsee ehdokkaista sopivimmaksi [&hellip;]<\/p>\n","protected":false},"author":1,"featured_media":0,"parent":129,"menu_order":2,"comment_status":"closed","ping_status":"closed","template":"","meta":{"_acf_changed":false,"_et_pb_use_builder":"off","_et_pb_old_content":"","_et_gb_content_width":"","footnotes":""},"class_list":["post-273","page","type-page","status-publish","hentry"],"acf":[],"yoast_head":"<!-- This site is optimized with the Yoast SEO plugin v27.4 - https:\/\/yoast.com\/product\/yoast-seo-wordpress\/ -->\n<title>Olemme osa piiri\u00e4 1420 - J\u00e4rvenp\u00e4\u00e4n Rotaryklubi Ry<\/title>\n<meta name=\"robots\" content=\"index, follow, max-snippet:-1, max-image-preview:large, max-video-preview:-1\" \/>\n<link rel=\"canonical\" href=\"https:\/\/rotary.fi\/jarvenpaa\/keita-olemme\/olemme-osa-piiria-1420\/\" \/>\n<meta property=\"og:locale\" content=\"fi_FI\" \/>\n<meta property=\"og:type\" content=\"article\" \/>\n<meta property=\"og:title\" content=\"Olemme osa piiri\u00e4 1420 - J\u00e4rvenp\u00e4\u00e4n Rotaryklubi Ry\" \/>\n<meta property=\"og:description\" content=\"J\u00e4rvenp\u00e4\u00e4n Rotaryklubi kuuluu Rotarypiiriin 1420. Piiri 1420 on yksi Suomen kansainv\u00e4liseen Rotary-palveluj\u00e4rjest\u00f6\u00f6n kuuluvista kuudesta Rotarypiirist\u00e4. Piiriin kuuluu 51 klubia Etel\u00e4-Suomesta ja 20 Viron klubia. N\u00e4iss\u00e4 klubeissa on yhteens\u00e4 aktivij\u00e4seni\u00e4 runsaat 2 600 Rotaria. Kuvern\u00f6\u00f6rin tukena toimivat piirineuvosto, komiteat ja toimikunnat sek\u00e4 piirin eri alueiden apulaiskuvern\u00f6\u00f6rit. Klubit tekev\u00e4t ehdotukset kuvern\u00f6\u00f6reist\u00e4, ja piirin nime\u00e4miskomitea valitsee ehdokkaista sopivimmaksi [&hellip;]\" \/>\n<meta property=\"og:url\" content=\"https:\/\/rotary.fi\/jarvenpaa\/keita-olemme\/olemme-osa-piiria-1420\/\" \/>\n<meta property=\"og:site_name\" content=\"J\u00e4rvenp\u00e4\u00e4n Rotaryklubi Ry\" \/>\n<meta property=\"article:modified_time\" content=\"2023-04-23T15:04:52+00:00\" \/>\n<meta name=\"twitter:card\" content=\"summary_large_image\" \/>\n<meta name=\"twitter:label1\" content=\"Arvioitu lukuaika\" \/>\n\t<meta name=\"twitter:data1\" content=\"1 minuutti\" \/>\n<script type=\"application\/ld+json\" class=\"yoast-schema-graph\">{\"@context\":\"https:\\\/\\\/schema.org\",\"@graph\":[{\"@type\":\"WebPage\",\"@id\":\"https:\\\/\\\/rotary.fi\\\/jarvenpaa\\\/keita-olemme\\\/olemme-osa-piiria-1420\\\/\",\"url\":\"https:\\\/\\\/rotary.fi\\\/jarvenpaa\\\/keita-olemme\\\/olemme-osa-piiria-1420\\\/\",\"name\":\"Olemme osa piiri\u00e4 1420 - J\u00e4rvenp\u00e4\u00e4n Rotaryklubi Ry\",\"isPartOf\":{\"@id\":\"https:\\\/\\\/rotary.fi\\\/jarvenpaa\\\/#website\"},\"datePublished\":\"2018-10-24T08:32:22+00:00\",\"dateModified\":\"2023-04-23T15:04:52+00:00\",\"breadcrumb\":{\"@id\":\"https:\\\/\\\/rotary.fi\\\/jarvenpaa\\\/keita-olemme\\\/olemme-osa-piiria-1420\\\/#breadcrumb\"},\"inLanguage\":\"fi\",\"potentialAction\":[{\"@type\":\"ReadAction\",\"target\":[\"https:\\\/\\\/rotary.fi\\\/jarvenpaa\\\/keita-olemme\\\/olemme-osa-piiria-1420\\\/\"]}]},{\"@type\":\"BreadcrumbList\",\"@id\":\"https:\\\/\\\/rotary.fi\\\/jarvenpaa\\\/keita-olemme\\\/olemme-osa-piiria-1420\\\/#breadcrumb\",\"itemListElement\":[{\"@type\":\"ListItem\",\"position\":1,\"name\":\"Home\",\"item\":\"https:\\\/\\\/rotary.fi\\\/jarvenpaa\\\/\"},{\"@type\":\"ListItem\",\"position\":2,\"name\":\"Keit\u00e4 olemme\",\"item\":\"https:\\\/\\\/rotary.fi\\\/jarvenpaa\\\/keita-olemme\\\/\"},{\"@type\":\"ListItem\",\"position\":3,\"name\":\"Olemme osa piiri\u00e4 1420\"}]},{\"@type\":\"WebSite\",\"@id\":\"https:\\\/\\\/rotary.fi\\\/jarvenpaa\\\/#website\",\"url\":\"https:\\\/\\\/rotary.fi\\\/jarvenpaa\\\/\",\"name\":\"J\u00e4rvenp\u00e4\u00e4n Rotaryklubi Ry\",\"description\":\"Uusi Rotary klubisivusto\",\"potentialAction\":[{\"@type\":\"SearchAction\",\"target\":{\"@type\":\"EntryPoint\",\"urlTemplate\":\"https:\\\/\\\/rotary.fi\\\/jarvenpaa\\\/?s={search_term_string}\"},\"query-input\":{\"@type\":\"PropertyValueSpecification\",\"valueRequired\":true,\"valueName\":\"search_term_string\"}}],\"inLanguage\":\"fi\"}]}<\/script>\n<!-- \/ Yoast SEO plugin. -->","yoast_head_json":{"title":"Olemme osa piiri\u00e4 1420 - J\u00e4rvenp\u00e4\u00e4n Rotaryklubi Ry","robots":{"index":"index","follow":"follow","max-snippet":"max-snippet:-1","max-image-preview":"max-image-preview:large","max-video-preview":"max-video-preview:-1"},"canonical":"https:\/\/rotary.fi\/jarvenpaa\/keita-olemme\/olemme-osa-piiria-1420\/","og_locale":"fi_FI","og_type":"article","og_title":"Olemme osa piiri\u00e4 1420 - J\u00e4rvenp\u00e4\u00e4n Rotaryklubi Ry","og_description":"J\u00e4rvenp\u00e4\u00e4n Rotaryklubi kuuluu Rotarypiiriin 1420. Piiri 1420 on yksi Suomen kansainv\u00e4liseen Rotary-palveluj\u00e4rjest\u00f6\u00f6n kuuluvista kuudesta Rotarypiirist\u00e4. Piiriin kuuluu 51 klubia Etel\u00e4-Suomesta ja 20 Viron klubia. N\u00e4iss\u00e4 klubeissa on yhteens\u00e4 aktivij\u00e4seni\u00e4 runsaat 2 600 Rotaria. Kuvern\u00f6\u00f6rin tukena toimivat piirineuvosto, komiteat ja toimikunnat sek\u00e4 piirin eri alueiden apulaiskuvern\u00f6\u00f6rit. Klubit tekev\u00e4t ehdotukset kuvern\u00f6\u00f6reist\u00e4, ja piirin nime\u00e4miskomitea valitsee ehdokkaista sopivimmaksi [&hellip;]","og_url":"https:\/\/rotary.fi\/jarvenpaa\/keita-olemme\/olemme-osa-piiria-1420\/","og_site_name":"J\u00e4rvenp\u00e4\u00e4n Rotaryklubi Ry","article_modified_time":"2023-04-23T15:04:52+00:00","twitter_card":"summary_large_image","twitter_misc":{"Arvioitu lukuaika":"1 minuutti"},"schema":{"@context":"https:\/\/schema.org","@graph":[{"@type":"WebPage","@id":"https:\/\/rotary.fi\/jarvenpaa\/keita-olemme\/olemme-osa-piiria-1420\/","url":"https:\/\/rotary.fi\/jarvenpaa\/keita-olemme\/olemme-osa-piiria-1420\/","name":"Olemme osa piiri\u00e4 1420 - J\u00e4rvenp\u00e4\u00e4n Rotaryklubi Ry","isPartOf":{"@id":"https:\/\/rotary.fi\/jarvenpaa\/#website"},"datePublished":"2018-10-24T08:32:22+00:00","dateModified":"2023-04-23T15:04:52+00:00","breadcrumb":{"@id":"https:\/\/rotary.fi\/jarvenpaa\/keita-olemme\/olemme-osa-piiria-1420\/#breadcrumb"},"inLanguage":"fi","potentialAction":[{"@type":"ReadAction","target":["https:\/\/rotary.fi\/jarvenpaa\/keita-olemme\/olemme-osa-piiria-1420\/"]}]},{"@type":"BreadcrumbList","@id":"https:\/\/rotary.fi\/jarvenpaa\/keita-olemme\/olemme-osa-piiria-1420\/#breadcrumb","itemListElement":[{"@type":"ListItem","position":1,"name":"Home","item":"https:\/\/rotary.fi\/jarvenpaa\/"},{"@type":"ListItem","position":2,"name":"Keit\u00e4 olemme","item":"https:\/\/rotary.fi\/jarvenpaa\/keita-olemme\/"},{"@type":"ListItem","position":3,"name":"Olemme osa piiri\u00e4 1420"}]},{"@type":"WebSite","@id":"https:\/\/rotary.fi\/jarvenpaa\/#website","url":"https:\/\/rotary.fi\/jarvenpaa\/","name":"J\u00e4rvenp\u00e4\u00e4n Rotaryklubi Ry","description":"Uusi Rotary klubisivusto","potentialAction":[{"@type":"SearchAction","target":{"@type":"EntryPoint","urlTemplate":"https:\/\/rotary.fi\/jarvenpaa\/?s={search_term_string}"},"query-input":{"@type":"PropertyValueSpecification","valueRequired":true,"valueName":"search_term_string"}}],"inLanguage":"fi"}]}},"lang":"fi","translations":{"fi":273},"pll_sync_post":[],"_links":{"self":[{"href":"https:\/\/rotary.fi\/jarvenpaa\/wp-json\/wp\/v2\/pages\/273","targetHints":{"allow":["GET"]}}],"collection":[{"href":"https:\/\/rotary.fi\/jarvenpaa\/wp-json\/wp\/v2\/pages"}],"about":[{"href":"https:\/\/rotary.fi\/jarvenpaa\/wp-json\/wp\/v2\/types\/page"}],"author":[{"embeddable":true,"href":"https:\/\/rotary.fi\/jarvenpaa\/wp-json\/wp\/v2\/users\/1"}],"replies":[{"embeddable":true,"href":"https:\/\/rotary.fi\/jarvenpaa\/wp-json\/wp\/v2\/comments?post=273"}],"version-history":[{"count":10,"href":"https:\/\/rotary.fi\/jarvenpaa\/wp-json\/wp\/v2\/pages\/273\/revisions"}],"predecessor-version":[{"id":1851,"href":"https:\/\/rotary.fi\/jarvenpaa\/wp-json\/wp\/v2\/pages\/273\/revisions\/1851"}],"up":[{"embeddable":true,"href":"https:\/\/rotary.fi\/jarvenpaa\/wp-json\/wp\/v2\/pages\/129"}],"wp:attachment":[{"href":"https:\/\/rotary.fi\/jarvenpaa\/wp-json\/wp\/v2\/media?parent=273"}],"curies":[{"name":"wp","href":"https:\/\/api.w.org\/{rel}","templated":true}]}}