{"id":138,"date":"2018-08-10T14:01:44","date_gmt":"2018-08-10T11:01:44","guid":{"rendered":"https:\/\/rotary.fi\/klubi2\/?page_id=138"},"modified":"2023-04-23T18:02:35","modified_gmt":"2023-04-23T15:02:35","slug":"vuositeema","status":"publish","type":"page","link":"https:\/\/rotary.fi\/jarvenpaa\/keita-olemme\/vuositeema\/","title":{"rendered":"Rotary Internationalin vuositeema"},"content":{"rendered":"<p>[et_pb_section fb_built=&#8221;1&#8243; module_class=&#8221;jumbotron-page&#8221; _builder_version=&#8221;4.16&#8243; background_image=&#8221;https:\/\/rotary.fi\/maneesi\/wp-content\/uploads\/sites\/136\/2018\/08\/rotary_klubit_alasivu_paakuva_7.jpg&#8221; locked=&#8221;off&#8221; global_colors_info=&#8221;{}&#8221;][et_pb_row _builder_version=&#8221;4.16&#8243; background_size=&#8221;initial&#8221; background_position=&#8221;top_left&#8221; background_repeat=&#8221;repeat&#8221; global_colors_info=&#8221;{}&#8221;][et_pb_column type=&#8221;4_4&#8243; _builder_version=&#8221;4.16&#8243; custom_padding=&#8221;|||&#8221; global_colors_info=&#8221;{}&#8221; custom_padding__hover=&#8221;|||&#8221;][et_pb_text admin_label=&#8221;P\u00e4\u00e4otsikko&#8221; _builder_version=&#8221;4.16&#8243; text_orientation=&#8221;center&#8221; background_layout=&#8221;dark&#8221; global_colors_info=&#8221;{}&#8221;]<\/p>\n<h1>Vuositeema<\/h1>\n<p>&nbsp;<\/p>\n<p>[\/et_pb_text][\/et_pb_column][\/et_pb_row][\/et_pb_section][et_pb_section fb_built=&#8221;1&#8243; specialty=&#8221;on&#8221; module_class_2=&#8221;sivupalkki&#8221; _builder_version=&#8221;4.16&#8243; locked=&#8221;off&#8221; global_colors_info=&#8221;{}&#8221;][et_pb_column type=&#8221;2_3&#8243; specialty_columns=&#8221;2&#8243; _builder_version=&#8221;4.16&#8243; custom_padding=&#8221;|||&#8221; global_colors_info=&#8221;{}&#8221; custom_padding__hover=&#8221;|||&#8221;][et_pb_row_inner admin_label=&#8221;Rivi&#8221; _builder_version=&#8221;4.16&#8243; global_colors_info=&#8221;{}&#8221;][et_pb_column_inner saved_specialty_column_type=&#8221;2_3&#8243; _builder_version=&#8221;4.16&#8243; custom_padding=&#8221;|||&#8221; global_colors_info=&#8221;{}&#8221; custom_padding__hover=&#8221;|||&#8221;][et_pb_text admin_label=&#8221;Rotary Internationalin vuositeema &#8211; Otsikko&#8221; _builder_version=&#8221;4.16&#8243; text_orientation=&#8221;center&#8221; global_colors_info=&#8221;{}&#8221;]<\/p>\n<h1>Rotary Internationalin vuositeema<\/h1>\n<p>[\/et_pb_text][et_pb_code admin_label=&#8221;AUTOMATISOITU VUOSITEEMA&#8221; _builder_version=&#8221;4.16&#8243; _module_preset=&#8221;default&#8221; locked=&#8221;on&#8221; global_colors_info=&#8221;{}&#8221;]<p>[et_pb_section fb_built=&#8221;1&#8243; _builder_version=&#8221;4.16&#8243; _module_preset=&#8221;default&#8221; max_width=&#8221;100%&#8221; global_colors_info=&#8221;{}&#8221;][et_pb_row _builder_version=&#8221;4.16&#8243; _module_preset=&#8221;default&#8221; width=&#8221;100%&#8221; max_width=&#8221;100%&#8221; global_colors_info=&#8221;{}&#8221;][et_pb_column type=&#8221;4_4&#8243; _builder_version=&#8221;4.16&#8243; _module_preset=&#8221;default&#8221; global_colors_info=&#8221;{}&#8221;][et_pb_text _builder_version=&#8221;4.27.0&#8243; _module_preset=&#8221;default&#8221; module_alignment=&#8221;center&#8221; hover_enabled=&#8221;0&#8243; global_colors_info=&#8221;{}&#8221; sticky_enabled=&#8221;0&#8243;]<\/p>\n<p style=\"text-align: center;\">Rotary International President Stephanie Urchick 2024 &#8211; 2025 on valinnut teemakseen <strong>&#8221;The Magic of Rotary&#8221;<\/strong>.<\/p>\n<p style=\"text-align: center;\"><a href=\"https:\/\/rotary.fi\/d1420\/wp-content\/uploads\/sites\/183\/2021\/08\/themagicofrotary.png\"><img loading=\"lazy\" decoding=\"async\" class=\"alignnone wp-image-9444 size-full\" src=\"https:\/\/rotary.fi\/d1420\/wp-content\/uploads\/sites\/183\/2021\/08\/themagicofrotary.png\" alt=\"\" width=\"280\" height=\"166\" \/><\/a><\/p>\n<p>&nbsp;<\/p>\n<p>[\/et_pb_text][\/et_pb_column][\/et_pb_row][\/et_pb_section]<\/p>\n[\/et_pb_code][\/et_pb_column_inner][\/et_pb_row_inner][\/et_pb_column][et_pb_column type=&#8221;1_3&#8243; _builder_version=&#8221;4.16&#8243; custom_padding=&#8221;|||&#8221; global_colors_info=&#8221;{}&#8221; custom_padding__hover=&#8221;|||&#8221;][et_pb_sidebar area=&#8221;sidebar-1&#8243; module_class=&#8221;sivupalkki_sisalto&#8221; _builder_version=&#8221;4.16&#8243; locked=&#8221;on&#8221; global_colors_info=&#8221;{}&#8221;][\/et_pb_sidebar][\/et_pb_column][\/et_pb_section]<\/p>\n","protected":false},"excerpt":{"rendered":"<p>Vuositeema &nbsp; Rotary Internationalin vuositeema<div class=\"et_pb_section et_pb_section_0 et_section_regular\" >\n\t\t\t\t\n\t\t\t\t\n\t\t\t\t\n\t\t\t\t\n\t\t\t\t\n\t\t\t\t\n\t\t\t\t<div class=\"et_pb_row et_pb_row_0\">\n\t\t\t\t<div class=\"et_pb_column et_pb_column_4_4 et_pb_column_0  et_pb_css_mix_blend_mode_passthrough et-last-child\">\n\t\t\t\t\n\t\t\t\t\n\t\t\t\t\n\t\t\t\t\n\t\t\t\t<div class=\"et_pb_module et_pb_text et_pb_text_0  et_pb_text_align_left et_pb_bg_layout_light\">\n\t\t\t\t\n\t\t\t\t\n\t\t\t\t\n\t\t\t\t\n\t\t\t\t<div class=\"et_pb_text_inner\"><p style=\"text-align: center;\">Rotary International President Stephanie Urchick 2024 &#8211; 2025 on valinnut teemakseen <strong>&#8221;The Magic of Rotary&#8221;<\/strong>.<\/p>\n<p style=\"text-align: center;\"><a href=\"https:\/\/rotary.fi\/d1420\/wp-content\/uploads\/sites\/183\/2021\/08\/themagicofrotary.png\"><img loading=\"lazy\" decoding=\"async\" class=\"alignnone wp-image-9444 size-full\" src=\"https:\/\/rotary.fi\/d1420\/wp-content\/uploads\/sites\/183\/2021\/08\/themagicofrotary.png\" alt=\"\" width=\"280\" height=\"166\" \/><\/a><\/p>\n<p>&nbsp;<\/p><\/div>\n\t\t\t<\/div>\n\t\t\t<\/div>\n\t\t\t\t\n\t\t\t\t\n\t\t\t\t\n\t\t\t\t\n\t\t\t<\/div>\n\t\t\t\t\n\t\t\t\t\n\t\t\t<\/div>\n<\/p>\n","protected":false},"author":1,"featured_media":26,"parent":129,"menu_order":5,"comment_status":"closed","ping_status":"closed","template":"","meta":{"_acf_changed":false,"_et_pb_use_builder":"on","_et_pb_old_content":"<p>I:n presidentin Holger Knaackin vuositeema on Rotary avaa mahdollisuuksia. H\u00e4n h<img class=\"wp-image-4221 alignright\" src=\"https:\/\/rotary.fi\/d1390\/wp-content\/uploads\/sites\/173\/2020\/07\/rotary-avaa-mahdollisuuksia-2-300x239.png\" alt=\"Mahdollisuudet\" width=\"238\" height=\"189\" \/>aluaa meid\u00e4n miettiv\u00e4n,\u00a0kuinka voimme kasvattaa Rotarya kest\u00e4v\u00e4sti. Kuinka voimme pit\u00e4\u00e4 nykyiset j\u00e4senemme ja saada uusia j\u00e4seni\u00e4, jotka sopivat klubeihimme? Kuinka voimme tehd\u00e4 organisaatiostamme vahvemman ja avoimemman vastaamaan edess\u00e4mme oleviin haasteisiin?<\/p><p>RI:n presidentin Knaackin mukaan Rotary on monella tavalla loistavassa kunnossa. Olemme taloudellisesti vahvoja. Rotary on yhteisten arvojen ja yhten\u00e4isyyden yhteis\u00f6. Yst\u00e4vyys ja verkostoituminen vet\u00e4v\u00e4t ihmisi\u00e4 Rotaryyn. Vahvoista klubeista saamme voimaa palveluamme varten. Yhdess\u00e4 toimiminen tekee meist\u00e4 tehokkaampia. Meid\u00e4n on oltava avoimia uusille l\u00e4hestymistavoille ja digitalisaatiolle.<\/p><p>Rotarys\u00e4\u00e4ti\u00f6 (The Rotary Foundation) tunnustetaan yhdeksi maailman parhaista hyv\u00e4ntekev\u00e4isyysj\u00e4rjest\u00f6ist\u00e4. Meid\u00e4t tunnetaan maailmanlaajuisesti pyrkimyksist\u00e4mme lopettaa polio. Globaalit apurahat (GG= Global Grants) kasvavat edelleen. Mutta nykyisten suuntausten jatkuessa on riskej\u00e4. Erityisesti alueilla, joilla v\u00e4est\u00f6 vanhenee, Rotary on laskussa ja ik\u00e4\u00e4ntynyt. Havaittavissa on mielenkiintoisia kehityssuuntia.<\/p><p>Visio on perusta Rotaryn uudelle toimintasuunnitelmalle, jossa on kyse Rotaryn kasvamisesta ja sopeutumisesta digiaikaan. Seuraavan viiden vuoden aikana t\u00e4m\u00e4 suunnitelma lis\u00e4\u00e4 vaikutustamme, laajentaa kattavuuttamme, lis\u00e4\u00e4 osallistujien sitoutumista ja parantaa sopeutumiskyky\u00e4mme.<\/p><p>Holger Knaack asetti tavoitteeksi, ett\u00e4 jokaisella Rotaryklubilla on strateginen kokous v\u00e4hint\u00e4\u00e4n kerran vuodessa. Jokaisen klubin tulisi kysy\u00e4, miss\u00e4 se haluaa olla viiden vuoden kuluttua ja tiedostaa, mit\u00e4 lis\u00e4arvoa se tuo j\u00e4senille. Meit\u00e4 pit\u00e4v\u00e4t yhdess\u00e4 arvot, jotka jaamme kesken\u00e4mme. Rotary koetaan eri tavalla kaikkialla, mutta nelj\u00e4n kysymyksen koe on sama kaikille. Rotaryss\u00e4 emme vain lahjoita rahaa, vaan suoritamme palveluprojekteja ja n\u00e4emme projektien pysyv\u00e4n vaikutuksen omakohtaisesti. T\u00e4m\u00e4 on ainutlaatuista.<\/p><p>Rotary tarjoaa my\u00f6s monia mahdollisuuksia johtajuuteen. T\u00e4m\u00e4 on Rotaryssa todellinen ihannetilanne, sill\u00e4 se tekee meist\u00e4 tehokkaampia johtajia.<\/p><p><img class=\"wp-image-4221 alignleft\" src=\"https:\/\/rotary.fi\/d1390\/wp-content\/uploads\/sites\/173\/2020\/07\/rotary-avaa-mahdollisuuksia-2-300x239.png\" alt=\"Mahdollisuudet\" width=\"238\" height=\"189\" \/><\/p><p>Rotary ei ole vain klubi, johon liityt\u00e4\u00e4n. Se on kutsu loputtomiin mahdollisuuksiin. Klubi avaa mahdollisuuksia palvella niin suurissa ja historiallisissa projekteissa kuten End Polio Now ja my\u00f6s pieness\u00e4 yhteis\u00f6hankkeessa, jossa vain istutat puun. Ydinarvoihimme jatkuvasti tukeutuva klubitoiminta avaa j\u00e4senille mahdollisuudet el\u00e4\u00e4 rikkaampaa ja merkityksellisemp\u00e4\u00e4 el\u00e4m\u00e4\u00e4 yst\u00e4vien kanssa, ymp\u00e4ri maailmaa.<\/p><p>Holger Knaack korostaa: Kaikki mit\u00e4 teemme, avaa jollekulle jonkin uuden mahdollisuuden, jossakin. Siksi vuoden teemamme on: Rotary avaa mahdollisuuksia!<\/p>","_et_gb_content_width":"","footnotes":""},"class_list":["post-138","page","type-page","status-publish","has-post-thumbnail","hentry"],"acf":[],"yoast_head":"<!-- This site is optimized with the Yoast SEO plugin v27.4 - https:\/\/yoast.com\/product\/yoast-seo-wordpress\/ -->\n<title>Rotary Internationalin vuositeema - J\u00e4rvenp\u00e4\u00e4n Rotaryklubi Ry<\/title>\n<meta name=\"robots\" content=\"index, follow, max-snippet:-1, max-image-preview:large, max-video-preview:-1\" \/>\n<link rel=\"canonical\" href=\"https:\/\/rotary.fi\/jarvenpaa\/keita-olemme\/vuositeema\/\" \/>\n<meta property=\"og:locale\" content=\"fi_FI\" \/>\n<meta property=\"og:type\" content=\"article\" \/>\n<meta property=\"og:title\" content=\"Rotary Internationalin vuositeema - J\u00e4rvenp\u00e4\u00e4n Rotaryklubi Ry\" \/>\n<meta property=\"og:description\" content=\"Vuositeema &nbsp; Rotary Internationalin vuositeema\" \/>\n<meta property=\"og:url\" content=\"https:\/\/rotary.fi\/jarvenpaa\/keita-olemme\/vuositeema\/\" \/>\n<meta property=\"og:site_name\" content=\"J\u00e4rvenp\u00e4\u00e4n Rotaryklubi Ry\" \/>\n<meta property=\"article:modified_time\" content=\"2023-04-23T15:02:35+00:00\" \/>\n<meta property=\"og:image\" content=\"https:\/\/rotary.fi\/jarvenpaa\/wp-content\/uploads\/sites\/188\/2018\/08\/rotary-logo-main-2.png\" \/>\n\t<meta property=\"og:image:width\" content=\"135\" \/>\n\t<meta property=\"og:image:height\" content=\"52\" \/>\n\t<meta property=\"og:image:type\" content=\"image\/png\" \/>\n<meta name=\"twitter:card\" content=\"summary_large_image\" \/>\n<meta name=\"twitter:label1\" content=\"Arvioitu lukuaika\" \/>\n\t<meta name=\"twitter:data1\" content=\"1 minuutti\" \/>\n<script type=\"application\/ld+json\" class=\"yoast-schema-graph\">{\"@context\":\"https:\\\/\\\/schema.org\",\"@graph\":[{\"@type\":\"WebPage\",\"@id\":\"https:\\\/\\\/rotary.fi\\\/jarvenpaa\\\/keita-olemme\\\/vuositeema\\\/\",\"url\":\"https:\\\/\\\/rotary.fi\\\/jarvenpaa\\\/keita-olemme\\\/vuositeema\\\/\",\"name\":\"Rotary Internationalin vuositeema - J\u00e4rvenp\u00e4\u00e4n Rotaryklubi Ry\",\"isPartOf\":{\"@id\":\"https:\\\/\\\/rotary.fi\\\/jarvenpaa\\\/#website\"},\"primaryImageOfPage\":{\"@id\":\"https:\\\/\\\/rotary.fi\\\/jarvenpaa\\\/keita-olemme\\\/vuositeema\\\/#primaryimage\"},\"image\":{\"@id\":\"https:\\\/\\\/rotary.fi\\\/jarvenpaa\\\/keita-olemme\\\/vuositeema\\\/#primaryimage\"},\"thumbnailUrl\":\"https:\\\/\\\/rotary.fi\\\/jarvenpaa\\\/wp-content\\\/uploads\\\/sites\\\/188\\\/2018\\\/08\\\/rotary-logo-main-2.png\",\"datePublished\":\"2018-08-10T11:01:44+00:00\",\"dateModified\":\"2023-04-23T15:02:35+00:00\",\"breadcrumb\":{\"@id\":\"https:\\\/\\\/rotary.fi\\\/jarvenpaa\\\/keita-olemme\\\/vuositeema\\\/#breadcrumb\"},\"inLanguage\":\"fi\",\"potentialAction\":[{\"@type\":\"ReadAction\",\"target\":[\"https:\\\/\\\/rotary.fi\\\/jarvenpaa\\\/keita-olemme\\\/vuositeema\\\/\"]}]},{\"@type\":\"ImageObject\",\"inLanguage\":\"fi\",\"@id\":\"https:\\\/\\\/rotary.fi\\\/jarvenpaa\\\/keita-olemme\\\/vuositeema\\\/#primaryimage\",\"url\":\"https:\\\/\\\/rotary.fi\\\/jarvenpaa\\\/wp-content\\\/uploads\\\/sites\\\/188\\\/2018\\\/08\\\/rotary-logo-main-2.png\",\"contentUrl\":\"https:\\\/\\\/rotary.fi\\\/jarvenpaa\\\/wp-content\\\/uploads\\\/sites\\\/188\\\/2018\\\/08\\\/rotary-logo-main-2.png\",\"width\":135,\"height\":52},{\"@type\":\"BreadcrumbList\",\"@id\":\"https:\\\/\\\/rotary.fi\\\/jarvenpaa\\\/keita-olemme\\\/vuositeema\\\/#breadcrumb\",\"itemListElement\":[{\"@type\":\"ListItem\",\"position\":1,\"name\":\"Home\",\"item\":\"https:\\\/\\\/rotary.fi\\\/jarvenpaa\\\/\"},{\"@type\":\"ListItem\",\"position\":2,\"name\":\"Keit\u00e4 olemme\",\"item\":\"https:\\\/\\\/rotary.fi\\\/jarvenpaa\\\/keita-olemme\\\/\"},{\"@type\":\"ListItem\",\"position\":3,\"name\":\"Rotary Internationalin vuositeema\"}]},{\"@type\":\"WebSite\",\"@id\":\"https:\\\/\\\/rotary.fi\\\/jarvenpaa\\\/#website\",\"url\":\"https:\\\/\\\/rotary.fi\\\/jarvenpaa\\\/\",\"name\":\"J\u00e4rvenp\u00e4\u00e4n Rotaryklubi Ry\",\"description\":\"Uusi Rotary klubisivusto\",\"potentialAction\":[{\"@type\":\"SearchAction\",\"target\":{\"@type\":\"EntryPoint\",\"urlTemplate\":\"https:\\\/\\\/rotary.fi\\\/jarvenpaa\\\/?s={search_term_string}\"},\"query-input\":{\"@type\":\"PropertyValueSpecification\",\"valueRequired\":true,\"valueName\":\"search_term_string\"}}],\"inLanguage\":\"fi\"}]}<\/script>\n<!-- \/ Yoast SEO plugin. -->","yoast_head_json":{"title":"Rotary Internationalin vuositeema - J\u00e4rvenp\u00e4\u00e4n Rotaryklubi Ry","robots":{"index":"index","follow":"follow","max-snippet":"max-snippet:-1","max-image-preview":"max-image-preview:large","max-video-preview":"max-video-preview:-1"},"canonical":"https:\/\/rotary.fi\/jarvenpaa\/keita-olemme\/vuositeema\/","og_locale":"fi_FI","og_type":"article","og_title":"Rotary Internationalin vuositeema - J\u00e4rvenp\u00e4\u00e4n Rotaryklubi Ry","og_description":"Vuositeema &nbsp; Rotary Internationalin vuositeema","og_url":"https:\/\/rotary.fi\/jarvenpaa\/keita-olemme\/vuositeema\/","og_site_name":"J\u00e4rvenp\u00e4\u00e4n Rotaryklubi Ry","article_modified_time":"2023-04-23T15:02:35+00:00","og_image":[{"width":135,"height":52,"url":"https:\/\/rotary.fi\/jarvenpaa\/wp-content\/uploads\/sites\/188\/2018\/08\/rotary-logo-main-2.png","type":"image\/png"}],"twitter_card":"summary_large_image","twitter_misc":{"Arvioitu lukuaika":"1 minuutti"},"schema":{"@context":"https:\/\/schema.org","@graph":[{"@type":"WebPage","@id":"https:\/\/rotary.fi\/jarvenpaa\/keita-olemme\/vuositeema\/","url":"https:\/\/rotary.fi\/jarvenpaa\/keita-olemme\/vuositeema\/","name":"Rotary Internationalin vuositeema - J\u00e4rvenp\u00e4\u00e4n Rotaryklubi Ry","isPartOf":{"@id":"https:\/\/rotary.fi\/jarvenpaa\/#website"},"primaryImageOfPage":{"@id":"https:\/\/rotary.fi\/jarvenpaa\/keita-olemme\/vuositeema\/#primaryimage"},"image":{"@id":"https:\/\/rotary.fi\/jarvenpaa\/keita-olemme\/vuositeema\/#primaryimage"},"thumbnailUrl":"https:\/\/rotary.fi\/jarvenpaa\/wp-content\/uploads\/sites\/188\/2018\/08\/rotary-logo-main-2.png","datePublished":"2018-08-10T11:01:44+00:00","dateModified":"2023-04-23T15:02:35+00:00","breadcrumb":{"@id":"https:\/\/rotary.fi\/jarvenpaa\/keita-olemme\/vuositeema\/#breadcrumb"},"inLanguage":"fi","potentialAction":[{"@type":"ReadAction","target":["https:\/\/rotary.fi\/jarvenpaa\/keita-olemme\/vuositeema\/"]}]},{"@type":"ImageObject","inLanguage":"fi","@id":"https:\/\/rotary.fi\/jarvenpaa\/keita-olemme\/vuositeema\/#primaryimage","url":"https:\/\/rotary.fi\/jarvenpaa\/wp-content\/uploads\/sites\/188\/2018\/08\/rotary-logo-main-2.png","contentUrl":"https:\/\/rotary.fi\/jarvenpaa\/wp-content\/uploads\/sites\/188\/2018\/08\/rotary-logo-main-2.png","width":135,"height":52},{"@type":"BreadcrumbList","@id":"https:\/\/rotary.fi\/jarvenpaa\/keita-olemme\/vuositeema\/#breadcrumb","itemListElement":[{"@type":"ListItem","position":1,"name":"Home","item":"https:\/\/rotary.fi\/jarvenpaa\/"},{"@type":"ListItem","position":2,"name":"Keit\u00e4 olemme","item":"https:\/\/rotary.fi\/jarvenpaa\/keita-olemme\/"},{"@type":"ListItem","position":3,"name":"Rotary Internationalin vuositeema"}]},{"@type":"WebSite","@id":"https:\/\/rotary.fi\/jarvenpaa\/#website","url":"https:\/\/rotary.fi\/jarvenpaa\/","name":"J\u00e4rvenp\u00e4\u00e4n Rotaryklubi Ry","description":"Uusi Rotary klubisivusto","potentialAction":[{"@type":"SearchAction","target":{"@type":"EntryPoint","urlTemplate":"https:\/\/rotary.fi\/jarvenpaa\/?s={search_term_string}"},"query-input":{"@type":"PropertyValueSpecification","valueRequired":true,"valueName":"search_term_string"}}],"inLanguage":"fi"}]}},"lang":"fi","translations":{"fi":138},"pll_sync_post":[],"_links":{"self":[{"href":"https:\/\/rotary.fi\/jarvenpaa\/wp-json\/wp\/v2\/pages\/138","targetHints":{"allow":["GET"]}}],"collection":[{"href":"https:\/\/rotary.fi\/jarvenpaa\/wp-json\/wp\/v2\/pages"}],"about":[{"href":"https:\/\/rotary.fi\/jarvenpaa\/wp-json\/wp\/v2\/types\/page"}],"author":[{"embeddable":true,"href":"https:\/\/rotary.fi\/jarvenpaa\/wp-json\/wp\/v2\/users\/1"}],"replies":[{"embeddable":true,"href":"https:\/\/rotary.fi\/jarvenpaa\/wp-json\/wp\/v2\/comments?post=138"}],"version-history":[{"count":10,"href":"https:\/\/rotary.fi\/jarvenpaa\/wp-json\/wp\/v2\/pages\/138\/revisions"}],"predecessor-version":[{"id":1855,"href":"https:\/\/rotary.fi\/jarvenpaa\/wp-json\/wp\/v2\/pages\/138\/revisions\/1855"}],"up":[{"embeddable":true,"href":"https:\/\/rotary.fi\/jarvenpaa\/wp-json\/wp\/v2\/pages\/129"}],"wp:featuredmedia":[{"embeddable":true,"href":"https:\/\/rotary.fi\/jarvenpaa\/wp-json\/wp\/v2\/media\/26"}],"wp:attachment":[{"href":"https:\/\/rotary.fi\/jarvenpaa\/wp-json\/wp\/v2\/media?parent=138"}],"curies":[{"name":"wp","href":"https:\/\/api.w.org\/{rel}","templated":true}]}}