{"id":132,"date":"2018-08-10T13:59:56","date_gmt":"2018-08-10T10:59:56","guid":{"rendered":"https:\/\/rotary.fi\/klubi2\/?page_id=132"},"modified":"2025-10-12T14:00:38","modified_gmt":"2025-10-12T11:00:38","slug":"hallitus-ja-toimihenkilot","status":"publish","type":"page","link":"https:\/\/rotary.fi\/jarvenpaa\/keita-olemme\/hallitus-ja-toimihenkilot\/","title":{"rendered":"Hallitus ja toimihenkil\u00f6t"},"content":{"rendered":"<p>[et_pb_section fb_built=&#8221;1&#8243; admin_label=&#8221;section&#8221; _builder_version=&#8221;4.16&#8243; global_colors_info=&#8221;{}&#8221;][et_pb_row admin_label=&#8221;row&#8221; _builder_version=&#8221;4.16&#8243; background_size=&#8221;initial&#8221; background_position=&#8221;top_left&#8221; background_repeat=&#8221;repeat&#8221; global_colors_info=&#8221;{}&#8221;][et_pb_column type=&#8221;4_4&#8243; _builder_version=&#8221;4.16&#8243; custom_padding=&#8221;|||&#8221; global_colors_info=&#8221;{}&#8221; custom_padding__hover=&#8221;|||&#8221;][et_pb_text admin_label=&#8221;Text&#8221; _builder_version=&#8221;4.16&#8243; background_size=&#8221;initial&#8221; background_position=&#8221;top_left&#8221; background_repeat=&#8221;repeat&#8221; custom_padding=&#8221;1px|||||&#8221; global_colors_info=&#8221;{}&#8221;]<\/p>\n<p>J\u00e4rvenp\u00e4\u00e4n Rotaryklubin hallitus 1.7.2025 &#8211; 30.6.2026<strong><\/strong><\/p>\n<p>Presidentti Mika Hyyrynen, +358 40 0934317, <span lang=\"EN-US\" style=\"font-size: 12.0pt\"><span class=\"gI\"><span data-hovercard-id=\"mika.hyyrynen@gmail.com\" data-hovercard-owner-id=\"12\">mika.hyyrynen@gmail.com<\/span><\/span><\/span><br \/>Tuleva presidentti Risto Asp<br \/>Past presidentti Jukka Packal\u00e9n <br \/>Sihteeri Ilkka Laine<br \/>Rahastonhoitaja Jari Liski<br \/>Klubimestari Marko Heino<\/p>\n<p>\u00a0Muut vastuuhenkil\u00f6t<br \/>Nuorisovaihto-vastaava Lauri Uljas<br \/>It\u00e4meri-vastaava Jyrki Kaija<br \/>Tiedotusvastaava Timo Saarnio<br \/>J\u00e4senyys Juha Mikkonen<br \/>Rotarys\u00e4\u00e4ti\u00f6-vastaava Jukka Virkki<br \/>RYLA-vastaava Juhani Suhonen<\/p>\n<p>[\/et_pb_text][\/et_pb_column][\/et_pb_row][\/et_pb_section]<\/p>\n","protected":false},"excerpt":{"rendered":"<p>J\u00e4rvenp\u00e4\u00e4n Rotaryklubin hallitus 1.7.2025 &#8211; 30.6.2026 Presidentti Mika Hyyrynen, +358 40 0934317, mika.hyyrynen@gmail.comTuleva presidentti Risto AspPast presidentti Jukka Packal\u00e9n Sihteeri Ilkka LaineRahastonhoitaja Jari LiskiKlubimestari Marko Heino \u00a0Muut vastuuhenkil\u00f6tNuorisovaihto-vastaava Lauri UljasIt\u00e4meri-vastaava Jyrki KaijaTiedotusvastaava Timo SaarnioJ\u00e4senyys Juha MikkonenRotarys\u00e4\u00e4ti\u00f6-vastaava Jukka VirkkiRYLA-vastaava Juhani Suhonen<\/p>\n","protected":false},"author":1,"featured_media":0,"parent":129,"menu_order":1,"comment_status":"closed","ping_status":"closed","template":"","meta":{"_acf_changed":false,"_et_pb_use_builder":"on","_et_pb_old_content":"<strong>Presidentti<\/strong> <strong>2021-2022 <\/strong>Pekka Vaahtera\r\n<strong>1. varapresidentti <\/strong>Mikko L\u00e4hteel\u00e4\r\n<strong>2. Varapresindentti<\/strong>\r\n<strong>Past presidentti <\/strong>Mikko Vuorio, Risto Asp (Kartanon RK)\r\n<strong>1.sihteeri<\/strong> Marjaana R\u00e4m\u00f6\r\n<strong>2. sihteeri<\/strong> <strong>-<\/strong>\r\n<strong>Klubimestari<\/strong> Ismo N\u00f6jd\r\n<strong>Rahastonhoitaja<\/strong> Pekka Jaakkola\r\n<strong>It\u00e4meri-vastaava<\/strong> Osmo Ojanen\r\n<strong>Rotarys\u00e4\u00e4ti\u00f6asiamies<\/strong> Juha Virkki\r\n<strong>Nuorisovaihtoasiamies<\/strong> Lauri Uljas\r\n<strong>RYLA-asiamies<\/strong> Juhani Suhonen","_et_gb_content_width":"","footnotes":""},"class_list":["post-132","page","type-page","status-publish","hentry"],"acf":[],"yoast_head":"<!-- This site is optimized with the Yoast SEO plugin v27.0 - https:\/\/yoast.com\/product\/yoast-seo-wordpress\/ -->\n<title>Hallitus ja toimihenkil\u00f6t - J\u00e4rvenp\u00e4\u00e4n Rotaryklubi Ry<\/title>\n<meta name=\"robots\" content=\"index, follow, max-snippet:-1, max-image-preview:large, max-video-preview:-1\" \/>\n<link rel=\"canonical\" href=\"https:\/\/rotary.fi\/jarvenpaa\/keita-olemme\/hallitus-ja-toimihenkilot\/\" \/>\n<meta property=\"og:locale\" content=\"fi_FI\" \/>\n<meta property=\"og:type\" content=\"article\" \/>\n<meta property=\"og:title\" content=\"Hallitus ja toimihenkil\u00f6t - J\u00e4rvenp\u00e4\u00e4n Rotaryklubi Ry\" \/>\n<meta property=\"og:description\" content=\"J\u00e4rvenp\u00e4\u00e4n Rotaryklubin hallitus 1.7.2025 - 30.6.2026 Presidentti Mika Hyyrynen, +358 40 0934317, mika.hyyrynen@gmail.comTuleva presidentti Risto AspPast presidentti Jukka Packal\u00e9n Sihteeri Ilkka LaineRahastonhoitaja Jari LiskiKlubimestari Marko Heino \u00a0Muut vastuuhenkil\u00f6tNuorisovaihto-vastaava Lauri UljasIt\u00e4meri-vastaava Jyrki KaijaTiedotusvastaava Timo SaarnioJ\u00e4senyys Juha MikkonenRotarys\u00e4\u00e4ti\u00f6-vastaava Jukka VirkkiRYLA-vastaava Juhani Suhonen\" \/>\n<meta property=\"og:url\" content=\"https:\/\/rotary.fi\/jarvenpaa\/keita-olemme\/hallitus-ja-toimihenkilot\/\" \/>\n<meta property=\"og:site_name\" content=\"J\u00e4rvenp\u00e4\u00e4n Rotaryklubi Ry\" \/>\n<meta property=\"article:modified_time\" content=\"2025-10-12T11:00:38+00:00\" \/>\n<meta name=\"twitter:card\" content=\"summary_large_image\" \/>\n<meta name=\"twitter:label1\" content=\"Arvioitu lukuaika\" \/>\n\t<meta name=\"twitter:data1\" content=\"1 minuutti\" \/>\n<script type=\"application\/ld+json\" class=\"yoast-schema-graph\">{\"@context\":\"https:\/\/schema.org\",\"@graph\":[{\"@type\":\"WebPage\",\"@id\":\"https:\/\/rotary.fi\/jarvenpaa\/keita-olemme\/hallitus-ja-toimihenkilot\/\",\"url\":\"https:\/\/rotary.fi\/jarvenpaa\/keita-olemme\/hallitus-ja-toimihenkilot\/\",\"name\":\"Hallitus ja toimihenkil\u00f6t - J\u00e4rvenp\u00e4\u00e4n Rotaryklubi Ry\",\"isPartOf\":{\"@id\":\"https:\/\/rotary.fi\/jarvenpaa\/#website\"},\"datePublished\":\"2018-08-10T10:59:56+00:00\",\"dateModified\":\"2025-10-12T11:00:38+00:00\",\"breadcrumb\":{\"@id\":\"https:\/\/rotary.fi\/jarvenpaa\/keita-olemme\/hallitus-ja-toimihenkilot\/#breadcrumb\"},\"inLanguage\":\"fi\",\"potentialAction\":[{\"@type\":\"ReadAction\",\"target\":[\"https:\/\/rotary.fi\/jarvenpaa\/keita-olemme\/hallitus-ja-toimihenkilot\/\"]}]},{\"@type\":\"BreadcrumbList\",\"@id\":\"https:\/\/rotary.fi\/jarvenpaa\/keita-olemme\/hallitus-ja-toimihenkilot\/#breadcrumb\",\"itemListElement\":[{\"@type\":\"ListItem\",\"position\":1,\"name\":\"Home\",\"item\":\"https:\/\/rotary.fi\/jarvenpaa\/\"},{\"@type\":\"ListItem\",\"position\":2,\"name\":\"Keit\u00e4 olemme\",\"item\":\"https:\/\/rotary.fi\/jarvenpaa\/keita-olemme\/\"},{\"@type\":\"ListItem\",\"position\":3,\"name\":\"Hallitus ja toimihenkil\u00f6t\"}]},{\"@type\":\"WebSite\",\"@id\":\"https:\/\/rotary.fi\/jarvenpaa\/#website\",\"url\":\"https:\/\/rotary.fi\/jarvenpaa\/\",\"name\":\"J\u00e4rvenp\u00e4\u00e4n Rotaryklubi Ry\",\"description\":\"Uusi Rotary klubisivusto\",\"potentialAction\":[{\"@type\":\"SearchAction\",\"target\":{\"@type\":\"EntryPoint\",\"urlTemplate\":\"https:\/\/rotary.fi\/jarvenpaa\/?s={search_term_string}\"},\"query-input\":{\"@type\":\"PropertyValueSpecification\",\"valueRequired\":true,\"valueName\":\"search_term_string\"}}],\"inLanguage\":\"fi\"}]}<\/script>\n<!-- \/ Yoast SEO plugin. -->","yoast_head_json":{"title":"Hallitus ja toimihenkil\u00f6t - J\u00e4rvenp\u00e4\u00e4n Rotaryklubi Ry","robots":{"index":"index","follow":"follow","max-snippet":"max-snippet:-1","max-image-preview":"max-image-preview:large","max-video-preview":"max-video-preview:-1"},"canonical":"https:\/\/rotary.fi\/jarvenpaa\/keita-olemme\/hallitus-ja-toimihenkilot\/","og_locale":"fi_FI","og_type":"article","og_title":"Hallitus ja toimihenkil\u00f6t - J\u00e4rvenp\u00e4\u00e4n Rotaryklubi Ry","og_description":"J\u00e4rvenp\u00e4\u00e4n Rotaryklubin hallitus 1.7.2025 - 30.6.2026 Presidentti Mika Hyyrynen, +358 40 0934317, mika.hyyrynen@gmail.comTuleva presidentti Risto AspPast presidentti Jukka Packal\u00e9n Sihteeri Ilkka LaineRahastonhoitaja Jari LiskiKlubimestari Marko Heino \u00a0Muut vastuuhenkil\u00f6tNuorisovaihto-vastaava Lauri UljasIt\u00e4meri-vastaava Jyrki KaijaTiedotusvastaava Timo SaarnioJ\u00e4senyys Juha MikkonenRotarys\u00e4\u00e4ti\u00f6-vastaava Jukka VirkkiRYLA-vastaava Juhani Suhonen","og_url":"https:\/\/rotary.fi\/jarvenpaa\/keita-olemme\/hallitus-ja-toimihenkilot\/","og_site_name":"J\u00e4rvenp\u00e4\u00e4n Rotaryklubi Ry","article_modified_time":"2025-10-12T11:00:38+00:00","twitter_card":"summary_large_image","twitter_misc":{"Arvioitu lukuaika":"1 minuutti"},"schema":{"@context":"https:\/\/schema.org","@graph":[{"@type":"WebPage","@id":"https:\/\/rotary.fi\/jarvenpaa\/keita-olemme\/hallitus-ja-toimihenkilot\/","url":"https:\/\/rotary.fi\/jarvenpaa\/keita-olemme\/hallitus-ja-toimihenkilot\/","name":"Hallitus ja toimihenkil\u00f6t - J\u00e4rvenp\u00e4\u00e4n Rotaryklubi Ry","isPartOf":{"@id":"https:\/\/rotary.fi\/jarvenpaa\/#website"},"datePublished":"2018-08-10T10:59:56+00:00","dateModified":"2025-10-12T11:00:38+00:00","breadcrumb":{"@id":"https:\/\/rotary.fi\/jarvenpaa\/keita-olemme\/hallitus-ja-toimihenkilot\/#breadcrumb"},"inLanguage":"fi","potentialAction":[{"@type":"ReadAction","target":["https:\/\/rotary.fi\/jarvenpaa\/keita-olemme\/hallitus-ja-toimihenkilot\/"]}]},{"@type":"BreadcrumbList","@id":"https:\/\/rotary.fi\/jarvenpaa\/keita-olemme\/hallitus-ja-toimihenkilot\/#breadcrumb","itemListElement":[{"@type":"ListItem","position":1,"name":"Home","item":"https:\/\/rotary.fi\/jarvenpaa\/"},{"@type":"ListItem","position":2,"name":"Keit\u00e4 olemme","item":"https:\/\/rotary.fi\/jarvenpaa\/keita-olemme\/"},{"@type":"ListItem","position":3,"name":"Hallitus ja toimihenkil\u00f6t"}]},{"@type":"WebSite","@id":"https:\/\/rotary.fi\/jarvenpaa\/#website","url":"https:\/\/rotary.fi\/jarvenpaa\/","name":"J\u00e4rvenp\u00e4\u00e4n Rotaryklubi Ry","description":"Uusi Rotary klubisivusto","potentialAction":[{"@type":"SearchAction","target":{"@type":"EntryPoint","urlTemplate":"https:\/\/rotary.fi\/jarvenpaa\/?s={search_term_string}"},"query-input":{"@type":"PropertyValueSpecification","valueRequired":true,"valueName":"search_term_string"}}],"inLanguage":"fi"}]}},"lang":"fi","translations":{"fi":132},"pll_sync_post":[],"_links":{"self":[{"href":"https:\/\/rotary.fi\/jarvenpaa\/wp-json\/wp\/v2\/pages\/132","targetHints":{"allow":["GET"]}}],"collection":[{"href":"https:\/\/rotary.fi\/jarvenpaa\/wp-json\/wp\/v2\/pages"}],"about":[{"href":"https:\/\/rotary.fi\/jarvenpaa\/wp-json\/wp\/v2\/types\/page"}],"author":[{"embeddable":true,"href":"https:\/\/rotary.fi\/jarvenpaa\/wp-json\/wp\/v2\/users\/1"}],"replies":[{"embeddable":true,"href":"https:\/\/rotary.fi\/jarvenpaa\/wp-json\/wp\/v2\/comments?post=132"}],"version-history":[{"count":11,"href":"https:\/\/rotary.fi\/jarvenpaa\/wp-json\/wp\/v2\/pages\/132\/revisions"}],"predecessor-version":[{"id":2112,"href":"https:\/\/rotary.fi\/jarvenpaa\/wp-json\/wp\/v2\/pages\/132\/revisions\/2112"}],"up":[{"embeddable":true,"href":"https:\/\/rotary.fi\/jarvenpaa\/wp-json\/wp\/v2\/pages\/129"}],"wp:attachment":[{"href":"https:\/\/rotary.fi\/jarvenpaa\/wp-json\/wp\/v2\/media?parent=132"}],"curies":[{"name":"wp","href":"https:\/\/api.w.org\/{rel}","templated":true}]}}