{"id":129,"date":"2018-08-10T13:41:39","date_gmt":"2018-08-10T10:41:39","guid":{"rendered":"https:\/\/rotary.fi\/klubi2\/?page_id=129"},"modified":"2025-10-12T13:50:35","modified_gmt":"2025-10-12T10:50:35","slug":"keita-olemme","status":"publish","type":"page","link":"https:\/\/rotary.fi\/jarvenpaa\/keita-olemme\/","title":{"rendered":"Keit\u00e4 olemme"},"content":{"rendered":"<p>[et_pb_section fb_built=&#8221;1&#8243; _builder_version=&#8221;4.16&#8243; global_colors_info=&#8221;{}&#8221;][et_pb_row _builder_version=&#8221;4.16&#8243; background_size=&#8221;initial&#8221; background_position=&#8221;top_left&#8221; background_repeat=&#8221;repeat&#8221; global_colors_info=&#8221;{}&#8221;][et_pb_column type=&#8221;4_4&#8243; _builder_version=&#8221;4.16&#8243; custom_padding=&#8221;|||&#8221; global_colors_info=&#8221;{}&#8221; custom_padding__hover=&#8221;|||&#8221;][et_pb_text _builder_version=&#8221;4.16&#8243; background_size=&#8221;initial&#8221; background_position=&#8221;top_left&#8221; background_repeat=&#8221;repeat&#8221; global_colors_info=&#8221;{}&#8221;]<\/p>\n<p>J\u00e4rvenp\u00e4\u00e4n Rotaryklubi on nimens\u00e4 mukaisesti j\u00e4rvenp\u00e4\u00e4l\u00e4inen rotaryklubi. Kokoonnumme torstaisin J\u00e4rvenp\u00e4\u00e4-talolla kello 18.00. J\u00e4rjest\u00e4mme my\u00f6s paljon tapaamisia muiden alueella toimivien klubien kanssa, joten kannattaa varmistaa seuraavan tapaamisen ajankohta ja paikka joko hallituksen j\u00e4senilt\u00e4 tai klubin internet-sivuilta. Osallistumme Rotary nuorisovaihtoon ja edist\u00e4mme l\u00e4hiseudun hyvinvointia.<\/p>\n<h4>Harrastus, jolla on tarkoitus<\/h4>\n<ul>\n<li><b>Vaihto-oppilas -toiminta <\/b>: J\u00e4rvenp\u00e4\u00e4n Rotarit l\u00e4hett\u00e4\u00e4 vuosittain yhden, ja vastaanottaa yhden vaihto-oppilaan. Mik\u00e4li olet kiinnostunut \u00a0p\u00e4\u00e4sem\u00e4\u00e4n Rotary -vaihto-oppilaaksi, l\u00e4het\u00e4 hakemuksesi Lauri Uljakselle osoitteeseen lauri.uljas@diak.fi<\/li>\n<li><b>RYLA (Rotary Youth Leadership Awards) <\/b>ohjelma on 14-30 vuotiaille nuorille tarkoitettu johtajuuskoulutus- ja valmennus. Se j\u00e4rjestet\u00e4\u00e4n vuosittain yhteisty\u00f6ss\u00e4 <a href=\"http:\/\/jarvenpaanlukio.fi\/\">J\u00e4rvenp\u00e4\u00e4n lukion<\/a> kanssa ja ohjelman tavoitteena on antaa nuorille sek\u00e4 k\u00e4yt\u00e4nn\u00f6n, ett\u00e4 teoreettisen puolen valmennusta johtajuuteen. Ohjelman puitteissa nuoret saavat my\u00f6s luotua oman kontaktiverkoston paikallisten yritysten ja kunnallisten johtajien kanssa. Lis\u00e4tietoja ohjelmasta l\u00f6yd\u00e4t <a href=\"http:\/\/www.rotary.fi\/index.php?option=com_content&amp;view=article&amp;id=86&amp;Itemid=337&amp;lang=fi\">t\u00e4st\u00e4<\/a> tai kysym\u00e4ll\u00e4 RYLA vastaavalta Juhani Suhoselta\u00a0(<a href=\"mailto:ritva.sallinen@kolumbus.fi\">j<\/a>uhani.suhonen@kuntosalus.fi).<\/li>\n<\/ul>\n<p>Pid\u00e4mme arvossa kansainv\u00e4lisen Rotary Internationalin ponnisteluja ja j\u00e4rjest\u00f6n arvokasta ty\u00f6t\u00e4 muun muassa polion h\u00e4vitt\u00e4miseksi maapallolta. Pelk\u00e4st\u00e4\u00e4n t\u00e4h\u00e4n ty\u00f6h\u00f6n Rotary on suunnannut runsaasti vapaaehtoisvoimaa sek\u00e4 yli 1,2 miljardia US-dollaria.<\/p>\n<p>&nbsp;<\/p>\n<h4>Vaikuttava kansainv\u00e4linen verkosto<\/h4>\n<p>Rotary on Chicagossa 23.2.1905 perustettu kansainv\u00e4linen palvelu- ja hyv\u00e4ntekev\u00e4isyysorganisaatio. Rotary Internationalin kotipaikka on Evanston, USA:n osavaltiossa Illinoisissa. Tunnuslauseemme on Palvelu itsekkyyden edelle (Service Above Self).<\/p>\n<p>Rotaryyn kuuluu 1,2 miljoona j\u00e4sent\u00e4 35 000 klubissa yli 200 maassa. Rotary on merkitt\u00e4v\u00e4 kansainv\u00e4linen palvelu- ja hyv\u00e4ntekev\u00e4isyysj\u00e4rjest\u00f6. Suomi on jaettu kuuteen rotarypiiriin, joista yhteen kuuluvat my\u00f6s Viron klubit. Suomessa ja Virossa on yhteens\u00e4 300 klubia, joissa runsaat 10\u00a0000 rotaria.<\/p>\n<p>[\/et_pb_text][\/et_pb_column][\/et_pb_row][\/et_pb_section]<\/p>\n","protected":false},"excerpt":{"rendered":"<p>J\u00e4rvenp\u00e4\u00e4n Rotaryklubi on nimens\u00e4 mukaisesti j\u00e4rvenp\u00e4\u00e4l\u00e4inen rotaryklubi. Kokoonnumme torstaisin J\u00e4rvenp\u00e4\u00e4-talolla kello 18.00. J\u00e4rjest\u00e4mme my\u00f6s paljon tapaamisia muiden alueella toimivien klubien kanssa, joten kannattaa varmistaa seuraavan tapaamisen ajankohta ja paikka joko hallituksen j\u00e4senilt\u00e4 tai klubin internet-sivuilta. Osallistumme Rotary nuorisovaihtoon ja edist\u00e4mme l\u00e4hiseudun hyvinvointia. Harrastus, jolla on tarkoitus Vaihto-oppilas -toiminta : J\u00e4rvenp\u00e4\u00e4n Rotarit l\u00e4hett\u00e4\u00e4 vuosittain yhden, ja [&hellip;]<\/p>\n","protected":false},"author":1,"featured_media":0,"parent":0,"menu_order":0,"comment_status":"closed","ping_status":"closed","template":"","meta":{"_acf_changed":false,"_et_pb_use_builder":"on","_et_pb_old_content":"<p>J\u00e4rvenp\u00e4\u00e4n Rotaryklubi on nimens\u00e4 mukaisesti J\u00e4rvenp\u00e4\u00e4l\u00e4inen rotaryklubi. Kokoonnumme torstaisin J\u00e4rvenp\u00e4\u00e4-talolla kello 18.00. J\u00e4rjest\u00e4mme my\u00f6s paljon tapaamisia muiden alueella toimivien klubien kanssa, joten kannattaa varmistaa seuraavan tapaamisen ajankohta ja paikka joko hallituksen j\u00e4senilt\u00e4 tai klubin internet-sivuilta. Osallistumme Rotary nuorisovaihtoon ja edist\u00e4mme l\u00e4hiseudun hyvinvointia.<\/p><h4>Harrastus, jolla on tarkoitus<\/h4><ul><li><b>Vaihto-oppilas -toiminta <\/b>: J\u00e4rvenp\u00e4\u00e4n Rotarit l\u00e4hett\u00e4\u00e4 vuosittain yhden, ja vastaanottaa yhden vaihto-oppilaan. Mik\u00e4li olet kiinnostunut \u00a0p\u00e4\u00e4sem\u00e4\u00e4n Rotary -vaihto-oppilaaksi, l\u00e4het\u00e4 hakemuksesi Lauri Uljakselle osoitteeseen lauri.uljas@diak.fi<\/li><li><b>RYLA (Rotary Youth Leadership Awards) <\/b>ohjelma on 14-30 vuotiaille nuorille tarkoitettu johtajuuskoulutus- ja valmennus. Se j\u00e4rjestet\u00e4\u00e4n vuosittain yhteisty\u00f6ss\u00e4 <a href=\"http:\/\/jarvenpaanlukio.fi\/\">J\u00e4rvenp\u00e4\u00e4n lukion<\/a> kanssa ja ohjelman tavoitteena on antaa nuorille sek\u00e4 k\u00e4yt\u00e4nn\u00f6n, ett\u00e4 teoreettisen puolen valmennusta johtajuuteen. Ohjelman puitteissa nuoret saavat my\u00f6s luotua oman kontaktiverkoston paikallisten yritysten ja kunnallisten johtajien kanssa. Lis\u00e4tietoja ohjelmasta l\u00f6yd\u00e4t <a href=\"http:\/\/www.rotary.fi\/index.php?option=com_content&amp;view=article&amp;id=86&amp;Itemid=337&amp;lang=fi\">t\u00e4st\u00e4<\/a> tai kysym\u00e4ll\u00e4 RYLA vastaavalta Juhani Suhoselta\u00a0(<a href=\"mailto:ritva.sallinen@kolumbus.fi\">j<\/a>uhani.suhonen@kuntosalus.fi).<\/li><\/ul><p>Pid\u00e4mme arvossa kansainv\u00e4lisen Rotary Internationalin ponnisteluja ja j\u00e4rjest\u00f6n arvokasta ty\u00f6t\u00e4 muun muassa polion h\u00e4vitt\u00e4miseksi maapallolta. Pelk\u00e4st\u00e4\u00e4n t\u00e4h\u00e4n ty\u00f6h\u00f6n Rotary on suunnannut runsaasti vapaaehtoisvoimaa sek\u00e4 yli 1,2 miljardia US-dollaria.<\/p><p>\u00a0<\/p><h4>Vaikuttava kansainv\u00e4linen verkosto<\/h4><p>Rotary on Chicagossa 23.2.1905 perustettu kansainv\u00e4linen palvelu- ja hyv\u00e4ntekev\u00e4isyysorganisaatio. Rotary Internationalin kotipaikka on Evanston, USA:n osavaltiossa Illinoisissa. Tunnuslauseemme on Palvelu itsekkyyden edelle (Service Above Self).<\/p><p>Rotaryyn kuuluu 1,2 miljoona j\u00e4sent\u00e4 35 000 klubissa yli 200 maassa. Rotary on merkitt\u00e4v\u00e4 kansainv\u00e4linen palvelu- ja hyv\u00e4ntekev\u00e4isyysj\u00e4rjest\u00f6. Suomi on jaettu kuuteen rotarypiiriin, joista yhteen kuuluvat my\u00f6s Viron klubit. Suomessa ja Virossa on yhteens\u00e4 300 klubia, joissa runsaat 10\u00a0000 rotaria.<\/p>","_et_gb_content_width":"","footnotes":""},"class_list":["post-129","page","type-page","status-publish","hentry"],"acf":[],"yoast_head":"<!-- This site is optimized with the Yoast SEO plugin v27.4 - https:\/\/yoast.com\/product\/yoast-seo-wordpress\/ -->\n<title>Keit\u00e4 olemme - J\u00e4rvenp\u00e4\u00e4n Rotaryklubi Ry<\/title>\n<meta name=\"robots\" content=\"index, follow, max-snippet:-1, max-image-preview:large, max-video-preview:-1\" \/>\n<link rel=\"canonical\" href=\"https:\/\/rotary.fi\/jarvenpaa\/keita-olemme\/\" \/>\n<meta property=\"og:locale\" content=\"fi_FI\" \/>\n<meta property=\"og:type\" content=\"article\" \/>\n<meta property=\"og:title\" content=\"Keit\u00e4 olemme - J\u00e4rvenp\u00e4\u00e4n Rotaryklubi Ry\" \/>\n<meta property=\"og:description\" content=\"J\u00e4rvenp\u00e4\u00e4n Rotaryklubi on nimens\u00e4 mukaisesti j\u00e4rvenp\u00e4\u00e4l\u00e4inen rotaryklubi. Kokoonnumme torstaisin J\u00e4rvenp\u00e4\u00e4-talolla kello 18.00. J\u00e4rjest\u00e4mme my\u00f6s paljon tapaamisia muiden alueella toimivien klubien kanssa, joten kannattaa varmistaa seuraavan tapaamisen ajankohta ja paikka joko hallituksen j\u00e4senilt\u00e4 tai klubin internet-sivuilta. Osallistumme Rotary nuorisovaihtoon ja edist\u00e4mme l\u00e4hiseudun hyvinvointia. Harrastus, jolla on tarkoitus Vaihto-oppilas -toiminta : J\u00e4rvenp\u00e4\u00e4n Rotarit l\u00e4hett\u00e4\u00e4 vuosittain yhden, ja [&hellip;]\" \/>\n<meta property=\"og:url\" content=\"https:\/\/rotary.fi\/jarvenpaa\/keita-olemme\/\" \/>\n<meta property=\"og:site_name\" content=\"J\u00e4rvenp\u00e4\u00e4n Rotaryklubi Ry\" \/>\n<meta property=\"article:modified_time\" content=\"2025-10-12T10:50:35+00:00\" \/>\n<meta name=\"twitter:card\" content=\"summary_large_image\" \/>\n<meta name=\"twitter:label1\" content=\"Arvioitu lukuaika\" \/>\n\t<meta name=\"twitter:data1\" content=\"2 minuuttia\" \/>\n<script type=\"application\/ld+json\" class=\"yoast-schema-graph\">{\"@context\":\"https:\\\/\\\/schema.org\",\"@graph\":[{\"@type\":\"WebPage\",\"@id\":\"https:\\\/\\\/rotary.fi\\\/jarvenpaa\\\/keita-olemme\\\/\",\"url\":\"https:\\\/\\\/rotary.fi\\\/jarvenpaa\\\/keita-olemme\\\/\",\"name\":\"Keit\u00e4 olemme - J\u00e4rvenp\u00e4\u00e4n Rotaryklubi Ry\",\"isPartOf\":{\"@id\":\"https:\\\/\\\/rotary.fi\\\/jarvenpaa\\\/#website\"},\"datePublished\":\"2018-08-10T10:41:39+00:00\",\"dateModified\":\"2025-10-12T10:50:35+00:00\",\"breadcrumb\":{\"@id\":\"https:\\\/\\\/rotary.fi\\\/jarvenpaa\\\/keita-olemme\\\/#breadcrumb\"},\"inLanguage\":\"fi\",\"potentialAction\":[{\"@type\":\"ReadAction\",\"target\":[\"https:\\\/\\\/rotary.fi\\\/jarvenpaa\\\/keita-olemme\\\/\"]}]},{\"@type\":\"BreadcrumbList\",\"@id\":\"https:\\\/\\\/rotary.fi\\\/jarvenpaa\\\/keita-olemme\\\/#breadcrumb\",\"itemListElement\":[{\"@type\":\"ListItem\",\"position\":1,\"name\":\"Home\",\"item\":\"https:\\\/\\\/rotary.fi\\\/jarvenpaa\\\/\"},{\"@type\":\"ListItem\",\"position\":2,\"name\":\"Keit\u00e4 olemme\"}]},{\"@type\":\"WebSite\",\"@id\":\"https:\\\/\\\/rotary.fi\\\/jarvenpaa\\\/#website\",\"url\":\"https:\\\/\\\/rotary.fi\\\/jarvenpaa\\\/\",\"name\":\"J\u00e4rvenp\u00e4\u00e4n Rotaryklubi Ry\",\"description\":\"Uusi Rotary klubisivusto\",\"potentialAction\":[{\"@type\":\"SearchAction\",\"target\":{\"@type\":\"EntryPoint\",\"urlTemplate\":\"https:\\\/\\\/rotary.fi\\\/jarvenpaa\\\/?s={search_term_string}\"},\"query-input\":{\"@type\":\"PropertyValueSpecification\",\"valueRequired\":true,\"valueName\":\"search_term_string\"}}],\"inLanguage\":\"fi\"}]}<\/script>\n<!-- \/ Yoast SEO plugin. -->","yoast_head_json":{"title":"Keit\u00e4 olemme - J\u00e4rvenp\u00e4\u00e4n Rotaryklubi Ry","robots":{"index":"index","follow":"follow","max-snippet":"max-snippet:-1","max-image-preview":"max-image-preview:large","max-video-preview":"max-video-preview:-1"},"canonical":"https:\/\/rotary.fi\/jarvenpaa\/keita-olemme\/","og_locale":"fi_FI","og_type":"article","og_title":"Keit\u00e4 olemme - J\u00e4rvenp\u00e4\u00e4n Rotaryklubi Ry","og_description":"J\u00e4rvenp\u00e4\u00e4n Rotaryklubi on nimens\u00e4 mukaisesti j\u00e4rvenp\u00e4\u00e4l\u00e4inen rotaryklubi. Kokoonnumme torstaisin J\u00e4rvenp\u00e4\u00e4-talolla kello 18.00. J\u00e4rjest\u00e4mme my\u00f6s paljon tapaamisia muiden alueella toimivien klubien kanssa, joten kannattaa varmistaa seuraavan tapaamisen ajankohta ja paikka joko hallituksen j\u00e4senilt\u00e4 tai klubin internet-sivuilta. Osallistumme Rotary nuorisovaihtoon ja edist\u00e4mme l\u00e4hiseudun hyvinvointia. Harrastus, jolla on tarkoitus Vaihto-oppilas -toiminta : J\u00e4rvenp\u00e4\u00e4n Rotarit l\u00e4hett\u00e4\u00e4 vuosittain yhden, ja [&hellip;]","og_url":"https:\/\/rotary.fi\/jarvenpaa\/keita-olemme\/","og_site_name":"J\u00e4rvenp\u00e4\u00e4n Rotaryklubi Ry","article_modified_time":"2025-10-12T10:50:35+00:00","twitter_card":"summary_large_image","twitter_misc":{"Arvioitu lukuaika":"2 minuuttia"},"schema":{"@context":"https:\/\/schema.org","@graph":[{"@type":"WebPage","@id":"https:\/\/rotary.fi\/jarvenpaa\/keita-olemme\/","url":"https:\/\/rotary.fi\/jarvenpaa\/keita-olemme\/","name":"Keit\u00e4 olemme - J\u00e4rvenp\u00e4\u00e4n Rotaryklubi Ry","isPartOf":{"@id":"https:\/\/rotary.fi\/jarvenpaa\/#website"},"datePublished":"2018-08-10T10:41:39+00:00","dateModified":"2025-10-12T10:50:35+00:00","breadcrumb":{"@id":"https:\/\/rotary.fi\/jarvenpaa\/keita-olemme\/#breadcrumb"},"inLanguage":"fi","potentialAction":[{"@type":"ReadAction","target":["https:\/\/rotary.fi\/jarvenpaa\/keita-olemme\/"]}]},{"@type":"BreadcrumbList","@id":"https:\/\/rotary.fi\/jarvenpaa\/keita-olemme\/#breadcrumb","itemListElement":[{"@type":"ListItem","position":1,"name":"Home","item":"https:\/\/rotary.fi\/jarvenpaa\/"},{"@type":"ListItem","position":2,"name":"Keit\u00e4 olemme"}]},{"@type":"WebSite","@id":"https:\/\/rotary.fi\/jarvenpaa\/#website","url":"https:\/\/rotary.fi\/jarvenpaa\/","name":"J\u00e4rvenp\u00e4\u00e4n Rotaryklubi Ry","description":"Uusi Rotary klubisivusto","potentialAction":[{"@type":"SearchAction","target":{"@type":"EntryPoint","urlTemplate":"https:\/\/rotary.fi\/jarvenpaa\/?s={search_term_string}"},"query-input":{"@type":"PropertyValueSpecification","valueRequired":true,"valueName":"search_term_string"}}],"inLanguage":"fi"}]}},"lang":"fi","translations":{"fi":129},"pll_sync_post":[],"_links":{"self":[{"href":"https:\/\/rotary.fi\/jarvenpaa\/wp-json\/wp\/v2\/pages\/129","targetHints":{"allow":["GET"]}}],"collection":[{"href":"https:\/\/rotary.fi\/jarvenpaa\/wp-json\/wp\/v2\/pages"}],"about":[{"href":"https:\/\/rotary.fi\/jarvenpaa\/wp-json\/wp\/v2\/types\/page"}],"author":[{"embeddable":true,"href":"https:\/\/rotary.fi\/jarvenpaa\/wp-json\/wp\/v2\/users\/1"}],"replies":[{"embeddable":true,"href":"https:\/\/rotary.fi\/jarvenpaa\/wp-json\/wp\/v2\/comments?post=129"}],"version-history":[{"count":11,"href":"https:\/\/rotary.fi\/jarvenpaa\/wp-json\/wp\/v2\/pages\/129\/revisions"}],"predecessor-version":[{"id":2110,"href":"https:\/\/rotary.fi\/jarvenpaa\/wp-json\/wp\/v2\/pages\/129\/revisions\/2110"}],"wp:attachment":[{"href":"https:\/\/rotary.fi\/jarvenpaa\/wp-json\/wp\/v2\/media?parent=129"}],"curies":[{"name":"wp","href":"https:\/\/api.w.org\/{rel}","templated":true}]}}