{"id":1567,"date":"2021-10-02T18:36:49","date_gmt":"2021-10-02T15:36:49","guid":{"rendered":"https:\/\/rotary.fi\/janakkala\/?page_id=1567"},"modified":"2021-10-02T18:49:17","modified_gmt":"2021-10-02T15:49:17","slug":"janakkalan-rotarypuisto","status":"publish","type":"page","link":"https:\/\/rotary.fi\/janakkala\/janakkalan-rotarypuisto\/","title":{"rendered":"Janakkalan Rotarypuisto"},"content":{"rendered":"<p>[et_pb_section fb_built=&#8221;1&#8243; module_class=&#8221;jumbotron-page&#8221; _builder_version=&#8221;4.9.10&#8243; background_image=&#8221;https:\/\/rotary.fi\/janakkala\/wp-content\/uploads\/sites\/69\/2021\/09\/piknik.jpg&#8221;][et_pb_row _builder_version=&#8221;3.25&#8243; background_size=&#8221;initial&#8221; background_position=&#8221;top_left&#8221; background_repeat=&#8221;repeat&#8221;][et_pb_column type=&#8221;4_4&#8243; _builder_version=&#8221;3.25&#8243; custom_padding=&#8221;|||&#8221; custom_padding__hover=&#8221;|||&#8221;][et_pb_text admin_label=&#8221;P\u00e4\u00e4otsikko&#8221; _builder_version=&#8221;4.9.10&#8243; text_orientation=&#8221;center&#8221; background_layout=&#8221;dark&#8221;]<\/p>\n<h1>Janakkalan Rotarypuisto<\/h1>\n<p>[\/et_pb_text][et_pb_text _builder_version=&#8221;4.9.10&#8243; _module_preset=&#8221;default&#8221; hover_enabled=&#8221;0&#8243; sticky_enabled=&#8221;0&#8243;][\/et_pb_text][\/et_pb_column][\/et_pb_row][\/et_pb_section][et_pb_section fb_built=&#8221;1&#8243; specialty=&#8221;on&#8221; module_class_2=&#8221;sivupalkki&#8221; _builder_version=&#8221;3.22&#8243;][et_pb_column type=&#8221;2_3&#8243; specialty_columns=&#8221;2&#8243; _builder_version=&#8221;3.25&#8243; custom_padding=&#8221;|||&#8221; custom_padding__hover=&#8221;|||&#8221;][et_pb_row_inner admin_label=&#8221;Rivi&#8221; _builder_version=&#8221;3.25&#8243;][et_pb_column_inner saved_specialty_column_type=&#8221;2_3&#8243; _builder_version=&#8221;3.25&#8243; custom_padding=&#8221;|||&#8221; custom_padding__hover=&#8221;|||&#8221;][et_pb_text admin_label=&#8221;Otsikko&#8221; _builder_version=&#8221;3.27.4&#8243; text_orientation=&#8221;center&#8221;]<\/p>\n<h1>Janakkalan Rotarypuisto<\/h1>\n<p>[\/et_pb_text][et_pb_text _builder_version=&#8221;3.27.4&#8243; custom_padding=&#8221;||0px|||&#8221;]<\/p>\n<p><span>Janakkalan Rotaryklubin 25-vuotisjuhlavuotta edelt\u00e4neen syksyn 1994 klubikokouksissa oli esill\u00e4 <\/span><span>erilaisia ideoita tulevan merkkivuoden tapahtumista. Mm. er\u00e4\u00e4n\u00e4 ideana tuli esiin muistopuun istuttaminen jollekin keskeiselle paikalle Turenkiin. Ymp\u00e4rist\u00f6alan ammattilaisena sain teht\u00e4v\u00e4kseni mietti\u00e4 ehdotusta sopivasta puulajista ja sen mahdollisesta sijainnista. Ehdotus puulajiksi oli mielest\u00e4ni helppo. Se olisi n\u00e4ill\u00e4 leveysasteilla hyvin menestyv\u00e4ksi tiedetty ja elini\u00e4lt\u00e4\u00e4n pitk\u00e4ik\u00e4isimm\u00e4ksi todettu Mets\u00e4tammi, tieteelliselt\u00e4 nimelt\u00e4\u00e4n QUERCUS ROBUR. Mietitt\u00e4ess\u00e4 puun mahdollista sijaintia tuli mieleeni poikkeuksellinen idea, mit\u00e4h\u00e4n jos istuttaisimmekin nimikkopuun jokaiselle silloiselle klubin j\u00e4senelle? Keskusteltuamme t\u00e4st\u00e4 ajatuksesta joidenkin klubin j\u00e4senten kanssa ja saatuani hyv\u00e4ksyvi\u00e4 kannanottoja, p\u00e4\u00e4tin esitt\u00e4\u00e4 idean klubin kokouksessa.<\/span><br \/><span>K\u00e4ydyss\u00e4 keskustelussa todettiin ehdotus mielenkiintoiseksi ja ehk\u00e4 toteuttamiskelpoiseksikin, mik\u00e4li hankkeelle saataisiin Janakkalan kunnan lupa ja sille l\u00f6ytyisi riitt\u00e4v\u00e4 keskeinen paikka.<\/span><\/p>\n<p>[\/et_pb_text][et_pb_image src=&#8221;https:\/\/rotary.fi\/janakkala\/wp-content\/uploads\/sites\/69\/2021\/10\/kilpi-kivessa.jpg&#8221; _builder_version=&#8221;4.9.10&#8243; _module_preset=&#8221;default&#8221; alt=&#8221;Rotarypuisto&#8221; title_text=&#8221;Kilpi puistossa&#8221; hover_enabled=&#8221;0&#8243; sticky_enabled=&#8221;0&#8243;][\/et_pb_image][et_pb_text _builder_version=&#8221;4.9.10&#8243; _module_preset=&#8221;default&#8221; hover_enabled=&#8221;0&#8243; sticky_enabled=&#8221;0&#8243;]<\/p>\n<table width=\"980\" border=\"0\" align=\"center\" cellpadding=\"0\" cellspacing=\"0\">\n<tbody>\n<tr>\n<td colspan=\"2\">\n<p class=\"Leip\u00e4teksti1\">K\u00e4ydyiss\u00e4 neuvotteluissa Janakkalan kunnan edustajat suhtautuivat asiaan yll\u00e4tt\u00e4v\u00e4nkin positiivisesti. Puuryhm\u00e4lle l\u00f6ytyi my\u00f6s sopivan keskeinen puistoalue aivan Turengin keskustan tuntumasta Kuumolan asuinalueen laidalta Kuumolantien ja Paronintien risteyksest\u00e4. Puistoalue oli nurmipintainen ja muutaman puuryhm\u00e4n muodostama, pinta-alaltaan n. 1,5 ha:n suuruinen avoin, t\u00e4h\u00e4n tarkoitukseen hyvin soveltuva alue.<\/p>\n<\/td>\n<\/tr>\n<\/tbody>\n<\/table>\n<p>[\/et_pb_text][et_pb_text _builder_version=&#8221;4.9.10&#8243; _module_preset=&#8221;default&#8221; hover_enabled=&#8221;0&#8243; sticky_enabled=&#8221;0&#8243;]<\/p>\n<table width=\"980\" border=\"0\" align=\"center\" cellpadding=\"0\" cellspacing=\"0\">\n<tbody>\n<tr>\n<td colspan=\"2\">\n<p class=\"Leip\u00e4teksti1\">Alkukev\u00e4\u00e4n klubikokouksessa p\u00e4\u00e4tettiin ryhty\u00e4 toteuttamaan tulevaa ROTARYPUISTOA.<br \/>Klubissa oli tuolloin 40 j\u00e4sent\u00e4, joille jokaiselle siis p\u00e4\u00e4tettiin hankkia oma nimikkopuu. Lis\u00e4ksi p\u00e4\u00e4tettiin istuttaa yksi nime\u00e4m\u00e4t\u00f6n puu klubin tulevia j\u00e4seni\u00e4 varten. Tarvittavat 41 Mets\u00e4tammen tainta p\u00e4\u00e4tettiin tilata Janakkalassa sijaitsevalta Harvialan taimitarhalta. Hankittavien\u00a0puiden mitaksi sovittiin 120 \u2013 150 cm ja istutuksen onnistumisen varmistamiseksi puiden tuli olla valmiiksi juurtuneita ns. astiataimia.\u00a0 Puiden sijoitus oli suunniteltu kahteen p\u00e4\u00e4ryhm\u00e4\u00e4n siten, ett\u00e4 keskelle j\u00e4i ns. piknikaukio. Piknikaukion keskelle klubin j\u00e4senen Matti Laivolan yritys toimitti suurikokoisen, laakean luonnonkiven, joka toimi mm. klubin talkootapahtumien tarjoilup\u00f6yt\u00e4n\u00e4. Puiston puiden istutusty\u00f6 suoritettiin klubin j\u00e4senten talkooty\u00f6n\u00e4 toukokuussa v. 1995.<br \/>Kuten jo aiemmin tuli todettua, puisto istutettiin Janakkalan Rotaryklubin tuolloin vietetyn 25-vuotisjuhlavuoden merkeiss\u00e4. Todettakoon viel\u00e4, ett\u00e4 tuona vuonna vietettiin my\u00f6s Euroopan Ymp\u00e4rist\u00f6nsuojeluvuotta ja Kansallista Vihervuotta 1995. T\u00e4m\u00e4 tieto tallennettiin my\u00f6s paikalle tuodun luonnonkiven kylkeen kiinnitettyyn pronssikilpeen. Kilven lahjoitti klubin j\u00e4sen Keijo Sundelin. My\u00f6hemmin luonnonkiven viereen istutettiin Pertti Helmisen lahjoittama ja luonnonmutaationa l\u00f6yt\u00e4m\u00e4 perheen nimikkopuu Sulkaharmaalepp\u00e4 \u00b4Johanna\u00b4.<\/p>\n<p class=\"Leip\u00e4teksti1\">&#8211; Pertti Helminen 2.2.2014<\/p>\n<p class=\"Leip\u00e4teksti1\">\n<\/td>\n<\/tr>\n<\/tbody>\n<\/table>\n<p>&nbsp;<\/p>\n<p>[\/et_pb_text][\/et_pb_column_inner][\/et_pb_row_inner][\/et_pb_column][et_pb_column type=&#8221;1_3&#8243; _builder_version=&#8221;3.25&#8243; custom_padding=&#8221;|||&#8221; custom_padding__hover=&#8221;|||&#8221;][et_pb_sidebar area=&#8221;sidebar-1&#8243; module_class=&#8221;sivupalkki_sisalto&#8221; _builder_version=&#8221;3.4.1&#8243; locked=&#8221;on&#8221;][\/et_pb_sidebar][\/et_pb_column][\/et_pb_section]<\/p>\n","protected":false},"excerpt":{"rendered":"<p>Janakkalan RotarypuistoJanakkalan RotarypuistoJanakkalan Rotaryklubin 25-vuotisjuhlavuotta edelt\u00e4neen syksyn 1994 klubikokouksissa oli esill\u00e4 erilaisia ideoita tulevan merkkivuoden tapahtumista. Mm. er\u00e4\u00e4n\u00e4 ideana tuli esiin muistopuun istuttaminen jollekin keskeiselle paikalle Turenkiin. Ymp\u00e4rist\u00f6alan ammattilaisena sain teht\u00e4v\u00e4kseni mietti\u00e4 ehdotusta sopivasta puulajista ja sen mahdollisesta sijainnista. Ehdotus puulajiksi oli mielest\u00e4ni helppo. Se olisi n\u00e4ill\u00e4 leveysasteilla hyvin menestyv\u00e4ksi tiedetty ja elini\u00e4lt\u00e4\u00e4n pitk\u00e4ik\u00e4isimm\u00e4ksi todettu [&hellip;]<\/p>\n","protected":false},"author":69,"featured_media":0,"parent":0,"menu_order":0,"comment_status":"closed","ping_status":"closed","template":"","meta":{"_acf_changed":false,"_et_pb_use_builder":"on","_et_pb_old_content":"","_et_gb_content_width":"","footnotes":""},"class_list":["post-1567","page","type-page","status-publish","hentry"],"acf":[],"yoast_head":"<!-- This site is optimized with the Yoast SEO plugin v27.0 - https:\/\/yoast.com\/product\/yoast-seo-wordpress\/ -->\n<title>Janakkalan Rotarypuisto - Janakkala<\/title>\n<meta name=\"robots\" content=\"index, follow, max-snippet:-1, max-image-preview:large, max-video-preview:-1\" \/>\n<link rel=\"canonical\" href=\"https:\/\/rotary.fi\/janakkala\/janakkalan-rotarypuisto\/\" \/>\n<meta property=\"og:locale\" content=\"fi_FI\" \/>\n<meta property=\"og:type\" content=\"article\" \/>\n<meta property=\"og:title\" content=\"Janakkalan Rotarypuisto - Janakkala\" \/>\n<meta property=\"og:description\" content=\"Janakkalan RotarypuistoJanakkalan RotarypuistoJanakkalan Rotaryklubin 25-vuotisjuhlavuotta edelt\u00e4neen syksyn 1994 klubikokouksissa oli esill\u00e4 erilaisia ideoita tulevan merkkivuoden tapahtumista. Mm. er\u00e4\u00e4n\u00e4 ideana tuli esiin muistopuun istuttaminen jollekin keskeiselle paikalle Turenkiin. Ymp\u00e4rist\u00f6alan ammattilaisena sain teht\u00e4v\u00e4kseni mietti\u00e4 ehdotusta sopivasta puulajista ja sen mahdollisesta sijainnista. Ehdotus puulajiksi oli mielest\u00e4ni helppo. Se olisi n\u00e4ill\u00e4 leveysasteilla hyvin menestyv\u00e4ksi tiedetty ja elini\u00e4lt\u00e4\u00e4n pitk\u00e4ik\u00e4isimm\u00e4ksi todettu [&hellip;]\" \/>\n<meta property=\"og:url\" content=\"https:\/\/rotary.fi\/janakkala\/janakkalan-rotarypuisto\/\" \/>\n<meta property=\"og:site_name\" content=\"Janakkala\" \/>\n<meta property=\"article:modified_time\" content=\"2021-10-02T15:49:17+00:00\" \/>\n<meta name=\"twitter:card\" content=\"summary_large_image\" \/>\n<meta name=\"twitter:label1\" content=\"Arvioitu lukuaika\" \/>\n\t<meta name=\"twitter:data1\" content=\"2 minuuttia\" \/>\n<script type=\"application\/ld+json\" class=\"yoast-schema-graph\">{\"@context\":\"https:\/\/schema.org\",\"@graph\":[{\"@type\":\"WebPage\",\"@id\":\"https:\/\/rotary.fi\/janakkala\/janakkalan-rotarypuisto\/\",\"url\":\"https:\/\/rotary.fi\/janakkala\/janakkalan-rotarypuisto\/\",\"name\":\"Janakkalan Rotarypuisto - Janakkala\",\"isPartOf\":{\"@id\":\"https:\/\/rotary.fi\/janakkala\/#website\"},\"datePublished\":\"2021-10-02T15:36:49+00:00\",\"dateModified\":\"2021-10-02T15:49:17+00:00\",\"breadcrumb\":{\"@id\":\"https:\/\/rotary.fi\/janakkala\/janakkalan-rotarypuisto\/#breadcrumb\"},\"inLanguage\":\"fi\",\"potentialAction\":[{\"@type\":\"ReadAction\",\"target\":[\"https:\/\/rotary.fi\/janakkala\/janakkalan-rotarypuisto\/\"]}]},{\"@type\":\"BreadcrumbList\",\"@id\":\"https:\/\/rotary.fi\/janakkala\/janakkalan-rotarypuisto\/#breadcrumb\",\"itemListElement\":[{\"@type\":\"ListItem\",\"position\":1,\"name\":\"Home\",\"item\":\"https:\/\/rotary.fi\/janakkala\/\"},{\"@type\":\"ListItem\",\"position\":2,\"name\":\"Janakkalan Rotarypuisto\"}]},{\"@type\":\"WebSite\",\"@id\":\"https:\/\/rotary.fi\/janakkala\/#website\",\"url\":\"https:\/\/rotary.fi\/janakkala\/\",\"name\":\"Janakkala\",\"description\":\"Uusi Rotary klubisivusto\",\"potentialAction\":[{\"@type\":\"SearchAction\",\"target\":{\"@type\":\"EntryPoint\",\"urlTemplate\":\"https:\/\/rotary.fi\/janakkala\/?s={search_term_string}\"},\"query-input\":{\"@type\":\"PropertyValueSpecification\",\"valueRequired\":true,\"valueName\":\"search_term_string\"}}],\"inLanguage\":\"fi\"}]}<\/script>\n<!-- \/ Yoast SEO plugin. -->","yoast_head_json":{"title":"Janakkalan Rotarypuisto - Janakkala","robots":{"index":"index","follow":"follow","max-snippet":"max-snippet:-1","max-image-preview":"max-image-preview:large","max-video-preview":"max-video-preview:-1"},"canonical":"https:\/\/rotary.fi\/janakkala\/janakkalan-rotarypuisto\/","og_locale":"fi_FI","og_type":"article","og_title":"Janakkalan Rotarypuisto - Janakkala","og_description":"Janakkalan RotarypuistoJanakkalan RotarypuistoJanakkalan Rotaryklubin 25-vuotisjuhlavuotta edelt\u00e4neen syksyn 1994 klubikokouksissa oli esill\u00e4 erilaisia ideoita tulevan merkkivuoden tapahtumista. Mm. er\u00e4\u00e4n\u00e4 ideana tuli esiin muistopuun istuttaminen jollekin keskeiselle paikalle Turenkiin. Ymp\u00e4rist\u00f6alan ammattilaisena sain teht\u00e4v\u00e4kseni mietti\u00e4 ehdotusta sopivasta puulajista ja sen mahdollisesta sijainnista. Ehdotus puulajiksi oli mielest\u00e4ni helppo. Se olisi n\u00e4ill\u00e4 leveysasteilla hyvin menestyv\u00e4ksi tiedetty ja elini\u00e4lt\u00e4\u00e4n pitk\u00e4ik\u00e4isimm\u00e4ksi todettu [&hellip;]","og_url":"https:\/\/rotary.fi\/janakkala\/janakkalan-rotarypuisto\/","og_site_name":"Janakkala","article_modified_time":"2021-10-02T15:49:17+00:00","twitter_card":"summary_large_image","twitter_misc":{"Arvioitu lukuaika":"2 minuuttia"},"schema":{"@context":"https:\/\/schema.org","@graph":[{"@type":"WebPage","@id":"https:\/\/rotary.fi\/janakkala\/janakkalan-rotarypuisto\/","url":"https:\/\/rotary.fi\/janakkala\/janakkalan-rotarypuisto\/","name":"Janakkalan Rotarypuisto - Janakkala","isPartOf":{"@id":"https:\/\/rotary.fi\/janakkala\/#website"},"datePublished":"2021-10-02T15:36:49+00:00","dateModified":"2021-10-02T15:49:17+00:00","breadcrumb":{"@id":"https:\/\/rotary.fi\/janakkala\/janakkalan-rotarypuisto\/#breadcrumb"},"inLanguage":"fi","potentialAction":[{"@type":"ReadAction","target":["https:\/\/rotary.fi\/janakkala\/janakkalan-rotarypuisto\/"]}]},{"@type":"BreadcrumbList","@id":"https:\/\/rotary.fi\/janakkala\/janakkalan-rotarypuisto\/#breadcrumb","itemListElement":[{"@type":"ListItem","position":1,"name":"Home","item":"https:\/\/rotary.fi\/janakkala\/"},{"@type":"ListItem","position":2,"name":"Janakkalan Rotarypuisto"}]},{"@type":"WebSite","@id":"https:\/\/rotary.fi\/janakkala\/#website","url":"https:\/\/rotary.fi\/janakkala\/","name":"Janakkala","description":"Uusi Rotary klubisivusto","potentialAction":[{"@type":"SearchAction","target":{"@type":"EntryPoint","urlTemplate":"https:\/\/rotary.fi\/janakkala\/?s={search_term_string}"},"query-input":{"@type":"PropertyValueSpecification","valueRequired":true,"valueName":"search_term_string"}}],"inLanguage":"fi"}]}},"lang":"fi","translations":{"fi":1567},"pll_sync_post":[],"_links":{"self":[{"href":"https:\/\/rotary.fi\/janakkala\/wp-json\/wp\/v2\/pages\/1567","targetHints":{"allow":["GET"]}}],"collection":[{"href":"https:\/\/rotary.fi\/janakkala\/wp-json\/wp\/v2\/pages"}],"about":[{"href":"https:\/\/rotary.fi\/janakkala\/wp-json\/wp\/v2\/types\/page"}],"author":[{"embeddable":true,"href":"https:\/\/rotary.fi\/janakkala\/wp-json\/wp\/v2\/users\/69"}],"replies":[{"embeddable":true,"href":"https:\/\/rotary.fi\/janakkala\/wp-json\/wp\/v2\/comments?post=1567"}],"version-history":[{"count":8,"href":"https:\/\/rotary.fi\/janakkala\/wp-json\/wp\/v2\/pages\/1567\/revisions"}],"predecessor-version":[{"id":1580,"href":"https:\/\/rotary.fi\/janakkala\/wp-json\/wp\/v2\/pages\/1567\/revisions\/1580"}],"wp:attachment":[{"href":"https:\/\/rotary.fi\/janakkala\/wp-json\/wp\/v2\/media?parent=1567"}],"curies":[{"name":"wp","href":"https:\/\/api.w.org\/{rel}","templated":true}]}}