{"id":1416,"date":"2021-10-02T18:20:39","date_gmt":"2021-10-02T15:20:39","guid":{"rendered":"https:\/\/rotary.fi\/janakkala\/?page_id=1416"},"modified":"2021-10-02T18:25:24","modified_gmt":"2021-10-02T15:25:24","slug":"rotarypuisto","status":"publish","type":"page","link":"https:\/\/rotary.fi\/janakkala\/rotarypuisto\/","title":{"rendered":"Rotarypuisto"},"content":{"rendered":"<p>[et_pb_section fb_built=&#8221;1&#8243; admin_label=&#8221;section&#8221; _builder_version=&#8221;3.22&#8243;][et_pb_row admin_label=&#8221;row&#8221; _builder_version=&#8221;3.25&#8243; background_size=&#8221;initial&#8221; background_position=&#8221;top_left&#8221; background_repeat=&#8221;repeat&#8221; hover_enabled=&#8221;0&#8243; sticky_enabled=&#8221;0&#8243;][et_pb_column type=&#8221;4_4&#8243; _builder_version=&#8221;3.25&#8243; custom_padding=&#8221;|||&#8221; custom_padding__hover=&#8221;|||&#8221;][et_pb_text admin_label=&#8221;Text&#8221; _builder_version=&#8221;3.27.4&#8243; background_size=&#8221;initial&#8221; background_position=&#8221;top_left&#8221; background_repeat=&#8221;repeat&#8221;]<\/p>\n<table border=\"0\" width=\"980\" cellspacing=\"0\" cellpadding=\"0\" align=\"center\">\n<tbody>\n<tr>\n<td class=\"Leip\u00e4teksti1\" colspan=\"2\">Janakkalan Rotaryklubin 25-vuotisjuhlavuotta edelt\u00e4neen syksyn 1994 klubikokouksissa oli esill\u00e4<br \/>\nerilaisia ideoita tulevan merkkivuoden tapahtumista. Mm. er\u00e4\u00e4n\u00e4 ideana tuli esiin muistopuun\u00a0istuttaminen jollekin keskeiselle paikalle Turenkiin. Ymp\u00e4rist\u00f6alan ammattilaisena sain teht\u00e4v\u00e4kseni mietti\u00e4 ehdotusta sopivasta puulajista ja sen mahdollisesta sijainnista. Ehdotus puulajiksi oli mielest\u00e4ni helppo. Se olisi n\u00e4ill\u00e4 leveysasteilla hyvin menestyv\u00e4ksi tiedetty ja elini\u00e4lt\u00e4\u00e4n pitk\u00e4ik\u00e4isimm\u00e4ksi todettu Mets\u00e4tammi, tieteelliselt\u00e4 nimelt\u00e4\u00e4n QUERCUS ROBUR. Mietitt\u00e4ess\u00e4 puun mahdollista sijaintia tuli mieleeni poikkeuksellinen idea, mit\u00e4h\u00e4n jos istuttaisimmekin nimikkopuun jokaiselle silloiselle klubin j\u00e4senelle? Keskusteltuamme t\u00e4st\u00e4 ajatuksesta joidenkin klubin j\u00e4senten kanssa ja saatuani hyv\u00e4ksyvi\u00e4 kannanottoja, p\u00e4\u00e4tin esitt\u00e4\u00e4 idean klubin kokouksessa.<br \/>\nK\u00e4ydyss\u00e4 keskustelussa todettiin ehdotus mielenkiintoiseksi ja ehk\u00e4 toteuttamiskelpoiseksikin, mik\u00e4li hankkeelle saataisiin Janakkalan kunnan lupa ja sille l\u00f6ytyisi riitt\u00e4v\u00e4 keskeinen paikka.K\u00e4ydyiss\u00e4 neuvotteluissa Janakkalan kunnan edustajat suhtautuivat asiaan yll\u00e4tt\u00e4v\u00e4nkin positiivisesti. Puuryhm\u00e4lle l\u00f6ytyi my\u00f6s sopivan keskeinen puistoalue aivan Turengin keskustan tuntumasta Kuumolan asuinalueen laidalta Kuumolantien ja Paronintien risteyksest\u00e4. Puistoalue oli nurmipintainen ja muutaman puuryhm\u00e4n muodostama, pinta-alaltaan n. 1,5 ha:n suuruinen avoin, t\u00e4h\u00e4n tarkoitukseen hyvin soveltuva alue<\/p>\n<p>&nbsp;<\/td>\n<\/tr>\n<\/tbody>\n<\/table>\n<p>[\/et_pb_text][\/et_pb_column][\/et_pb_row][\/et_pb_section]<\/p>\n","protected":false},"excerpt":{"rendered":"<p>Janakkalan Rotaryklubin 25-vuotisjuhlavuotta edelt\u00e4neen syksyn 1994 klubikokouksissa oli esill\u00e4 erilaisia ideoita tulevan merkkivuoden tapahtumista. Mm. er\u00e4\u00e4n\u00e4 ideana tuli esiin muistopuun\u00a0istuttaminen jollekin keskeiselle paikalle Turenkiin. Ymp\u00e4rist\u00f6alan ammattilaisena sain teht\u00e4v\u00e4kseni mietti\u00e4 ehdotusta sopivasta puulajista ja sen mahdollisesta sijainnista. Ehdotus puulajiksi oli mielest\u00e4ni helppo. Se olisi n\u00e4ill\u00e4 leveysasteilla hyvin menestyv\u00e4ksi tiedetty ja elini\u00e4lt\u00e4\u00e4n pitk\u00e4ik\u00e4isimm\u00e4ksi todettu Mets\u00e4tammi, tieteelliselt\u00e4 nimelt\u00e4\u00e4n [&hellip;]<\/p>\n","protected":false},"author":69,"featured_media":0,"parent":0,"menu_order":0,"comment_status":"closed","ping_status":"closed","template":"","meta":{"_acf_changed":false,"_et_pb_use_builder":"on","_et_pb_old_content":"<table border=\"0\" width=\"980\" cellspacing=\"0\" cellpadding=\"0\" align=\"center\">\r\n<tbody>\r\n<tr>\r\n<td class=\"Leip\u00e4teksti1\" colspan=\"2\">Janakkalan Rotaryklubin 25-vuotisjuhlavuotta edelt\u00e4neen syksyn 1994 klubikokouksissa oli esill\u00e4\r\nerilaisia ideoita tulevan merkkivuoden tapahtumista. Mm. er\u00e4\u00e4n\u00e4 ideana tuli esiin muistopuun\u00a0istuttaminen jollekin keskeiselle paikalle Turenkiin. Ymp\u00e4rist\u00f6alan ammattilaisena sain teht\u00e4v\u00e4kseni mietti\u00e4 ehdotusta sopivasta puulajista ja sen mahdollisesta sijainnista. Ehdotus puulajiksi oli mielest\u00e4ni helppo. Se olisi n\u00e4ill\u00e4 leveysasteilla hyvin menestyv\u00e4ksi tiedetty ja elini\u00e4lt\u00e4\u00e4n pitk\u00e4ik\u00e4isimm\u00e4ksi todettu Mets\u00e4tammi, tieteelliselt\u00e4 nimelt\u00e4\u00e4n QUERCUS ROBUR. Mietitt\u00e4ess\u00e4 puun mahdollista sijaintia tuli mieleeni poikkeuksellinen idea, mit\u00e4h\u00e4n jos istuttaisimmekin nimikkopuun jokaiselle silloiselle klubin j\u00e4senelle? Keskusteltuamme t\u00e4st\u00e4 ajatuksesta joidenkin klubin j\u00e4senten kanssa ja saatuani hyv\u00e4ksyvi\u00e4 kannanottoja, p\u00e4\u00e4tin esitt\u00e4\u00e4 idean klubin kokouksessa.\r\nK\u00e4ydyss\u00e4 keskustelussa todettiin ehdotus mielenkiintoiseksi ja ehk\u00e4 toteuttamiskelpoiseksikin, mik\u00e4li hankkeelle saataisiin Janakkalan kunnan lupa ja sille l\u00f6ytyisi riitt\u00e4v\u00e4 keskeinen paikka.K\u00e4ydyiss\u00e4 neuvotteluissa Janakkalan kunnan edustajat suhtautuivat asiaan yll\u00e4tt\u00e4v\u00e4nkin positiivisesti. Puuryhm\u00e4lle l\u00f6ytyi my\u00f6s sopivan keskeinen puistoalue aivan Turengin keskustan tuntumasta Kuumolan asuinalueen laidalta Kuumolantien ja Paronintien risteyksest\u00e4. Puistoalue oli nurmipintainen ja muutaman puuryhm\u00e4n muodostama, pinta-alaltaan n. 1,5 ha:n suuruinen avoin, t\u00e4h\u00e4n tarkoitukseen hyvin soveltuva alue\r\n\r\n&nbsp;<\/td>\r\n<\/tr>\r\n<\/tbody>\r\n<\/table>","_et_gb_content_width":"","footnotes":""},"class_list":["post-1416","page","type-page","status-publish","hentry"],"acf":[],"yoast_head":"<!-- This site is optimized with the Yoast SEO plugin v27.4 - https:\/\/yoast.com\/product\/yoast-seo-wordpress\/ -->\n<title>Rotarypuisto - Janakkala<\/title>\n<meta name=\"robots\" content=\"index, follow, max-snippet:-1, max-image-preview:large, max-video-preview:-1\" \/>\n<link rel=\"canonical\" href=\"https:\/\/rotary.fi\/janakkala\/rotarypuisto\/\" \/>\n<meta property=\"og:locale\" content=\"fi_FI\" \/>\n<meta property=\"og:type\" content=\"article\" \/>\n<meta property=\"og:title\" content=\"Rotarypuisto - Janakkala\" \/>\n<meta property=\"og:description\" content=\"Janakkalan Rotaryklubin 25-vuotisjuhlavuotta edelt\u00e4neen syksyn 1994 klubikokouksissa oli esill\u00e4 erilaisia ideoita tulevan merkkivuoden tapahtumista. Mm. er\u00e4\u00e4n\u00e4 ideana tuli esiin muistopuun\u00a0istuttaminen jollekin keskeiselle paikalle Turenkiin. Ymp\u00e4rist\u00f6alan ammattilaisena sain teht\u00e4v\u00e4kseni mietti\u00e4 ehdotusta sopivasta puulajista ja sen mahdollisesta sijainnista. Ehdotus puulajiksi oli mielest\u00e4ni helppo. Se olisi n\u00e4ill\u00e4 leveysasteilla hyvin menestyv\u00e4ksi tiedetty ja elini\u00e4lt\u00e4\u00e4n pitk\u00e4ik\u00e4isimm\u00e4ksi todettu Mets\u00e4tammi, tieteelliselt\u00e4 nimelt\u00e4\u00e4n [&hellip;]\" \/>\n<meta property=\"og:url\" content=\"https:\/\/rotary.fi\/janakkala\/rotarypuisto\/\" \/>\n<meta property=\"og:site_name\" content=\"Janakkala\" \/>\n<meta property=\"article:modified_time\" content=\"2021-10-02T15:25:24+00:00\" \/>\n<meta name=\"twitter:card\" content=\"summary_large_image\" \/>\n<meta name=\"twitter:label1\" content=\"Arvioitu lukuaika\" \/>\n\t<meta name=\"twitter:data1\" content=\"1 minuutti\" \/>\n<script type=\"application\/ld+json\" class=\"yoast-schema-graph\">{\"@context\":\"https:\\\/\\\/schema.org\",\"@graph\":[{\"@type\":\"WebPage\",\"@id\":\"https:\\\/\\\/rotary.fi\\\/janakkala\\\/rotarypuisto\\\/\",\"url\":\"https:\\\/\\\/rotary.fi\\\/janakkala\\\/rotarypuisto\\\/\",\"name\":\"Rotarypuisto - Janakkala\",\"isPartOf\":{\"@id\":\"https:\\\/\\\/rotary.fi\\\/janakkala\\\/#website\"},\"datePublished\":\"2021-10-02T15:20:39+00:00\",\"dateModified\":\"2021-10-02T15:25:24+00:00\",\"breadcrumb\":{\"@id\":\"https:\\\/\\\/rotary.fi\\\/janakkala\\\/rotarypuisto\\\/#breadcrumb\"},\"inLanguage\":\"fi\",\"potentialAction\":[{\"@type\":\"ReadAction\",\"target\":[\"https:\\\/\\\/rotary.fi\\\/janakkala\\\/rotarypuisto\\\/\"]}]},{\"@type\":\"BreadcrumbList\",\"@id\":\"https:\\\/\\\/rotary.fi\\\/janakkala\\\/rotarypuisto\\\/#breadcrumb\",\"itemListElement\":[{\"@type\":\"ListItem\",\"position\":1,\"name\":\"Home\",\"item\":\"https:\\\/\\\/rotary.fi\\\/janakkala\\\/\"},{\"@type\":\"ListItem\",\"position\":2,\"name\":\"Rotarypuisto\"}]},{\"@type\":\"WebSite\",\"@id\":\"https:\\\/\\\/rotary.fi\\\/janakkala\\\/#website\",\"url\":\"https:\\\/\\\/rotary.fi\\\/janakkala\\\/\",\"name\":\"Janakkala\",\"description\":\"Uusi Rotary klubisivusto\",\"potentialAction\":[{\"@type\":\"SearchAction\",\"target\":{\"@type\":\"EntryPoint\",\"urlTemplate\":\"https:\\\/\\\/rotary.fi\\\/janakkala\\\/?s={search_term_string}\"},\"query-input\":{\"@type\":\"PropertyValueSpecification\",\"valueRequired\":true,\"valueName\":\"search_term_string\"}}],\"inLanguage\":\"fi\"}]}<\/script>\n<!-- \/ Yoast SEO plugin. -->","yoast_head_json":{"title":"Rotarypuisto - Janakkala","robots":{"index":"index","follow":"follow","max-snippet":"max-snippet:-1","max-image-preview":"max-image-preview:large","max-video-preview":"max-video-preview:-1"},"canonical":"https:\/\/rotary.fi\/janakkala\/rotarypuisto\/","og_locale":"fi_FI","og_type":"article","og_title":"Rotarypuisto - Janakkala","og_description":"Janakkalan Rotaryklubin 25-vuotisjuhlavuotta edelt\u00e4neen syksyn 1994 klubikokouksissa oli esill\u00e4 erilaisia ideoita tulevan merkkivuoden tapahtumista. Mm. er\u00e4\u00e4n\u00e4 ideana tuli esiin muistopuun\u00a0istuttaminen jollekin keskeiselle paikalle Turenkiin. Ymp\u00e4rist\u00f6alan ammattilaisena sain teht\u00e4v\u00e4kseni mietti\u00e4 ehdotusta sopivasta puulajista ja sen mahdollisesta sijainnista. Ehdotus puulajiksi oli mielest\u00e4ni helppo. Se olisi n\u00e4ill\u00e4 leveysasteilla hyvin menestyv\u00e4ksi tiedetty ja elini\u00e4lt\u00e4\u00e4n pitk\u00e4ik\u00e4isimm\u00e4ksi todettu Mets\u00e4tammi, tieteelliselt\u00e4 nimelt\u00e4\u00e4n [&hellip;]","og_url":"https:\/\/rotary.fi\/janakkala\/rotarypuisto\/","og_site_name":"Janakkala","article_modified_time":"2021-10-02T15:25:24+00:00","twitter_card":"summary_large_image","twitter_misc":{"Arvioitu lukuaika":"1 minuutti"},"schema":{"@context":"https:\/\/schema.org","@graph":[{"@type":"WebPage","@id":"https:\/\/rotary.fi\/janakkala\/rotarypuisto\/","url":"https:\/\/rotary.fi\/janakkala\/rotarypuisto\/","name":"Rotarypuisto - Janakkala","isPartOf":{"@id":"https:\/\/rotary.fi\/janakkala\/#website"},"datePublished":"2021-10-02T15:20:39+00:00","dateModified":"2021-10-02T15:25:24+00:00","breadcrumb":{"@id":"https:\/\/rotary.fi\/janakkala\/rotarypuisto\/#breadcrumb"},"inLanguage":"fi","potentialAction":[{"@type":"ReadAction","target":["https:\/\/rotary.fi\/janakkala\/rotarypuisto\/"]}]},{"@type":"BreadcrumbList","@id":"https:\/\/rotary.fi\/janakkala\/rotarypuisto\/#breadcrumb","itemListElement":[{"@type":"ListItem","position":1,"name":"Home","item":"https:\/\/rotary.fi\/janakkala\/"},{"@type":"ListItem","position":2,"name":"Rotarypuisto"}]},{"@type":"WebSite","@id":"https:\/\/rotary.fi\/janakkala\/#website","url":"https:\/\/rotary.fi\/janakkala\/","name":"Janakkala","description":"Uusi Rotary klubisivusto","potentialAction":[{"@type":"SearchAction","target":{"@type":"EntryPoint","urlTemplate":"https:\/\/rotary.fi\/janakkala\/?s={search_term_string}"},"query-input":{"@type":"PropertyValueSpecification","valueRequired":true,"valueName":"search_term_string"}}],"inLanguage":"fi"}]}},"lang":"fi","translations":{"fi":1416},"pll_sync_post":[],"_links":{"self":[{"href":"https:\/\/rotary.fi\/janakkala\/wp-json\/wp\/v2\/pages\/1416","targetHints":{"allow":["GET"]}}],"collection":[{"href":"https:\/\/rotary.fi\/janakkala\/wp-json\/wp\/v2\/pages"}],"about":[{"href":"https:\/\/rotary.fi\/janakkala\/wp-json\/wp\/v2\/types\/page"}],"author":[{"embeddable":true,"href":"https:\/\/rotary.fi\/janakkala\/wp-json\/wp\/v2\/users\/69"}],"replies":[{"embeddable":true,"href":"https:\/\/rotary.fi\/janakkala\/wp-json\/wp\/v2\/comments?post=1416"}],"version-history":[{"count":7,"href":"https:\/\/rotary.fi\/janakkala\/wp-json\/wp\/v2\/pages\/1416\/revisions"}],"predecessor-version":[{"id":1563,"href":"https:\/\/rotary.fi\/janakkala\/wp-json\/wp\/v2\/pages\/1416\/revisions\/1563"}],"wp:attachment":[{"href":"https:\/\/rotary.fi\/janakkala\/wp-json\/wp\/v2\/media?parent=1416"}],"curies":[{"name":"wp","href":"https:\/\/api.w.org\/{rel}","templated":true}]}}