{"id":89,"date":"2018-08-09T15:10:00","date_gmt":"2018-08-09T12:10:00","guid":{"rendered":"https:\/\/rotary.fi\/klubi2\/?page_id=89"},"modified":"2019-03-26T09:50:15","modified_gmt":"2019-03-26T07:50:15","slug":"tule-mukaan","status":"publish","type":"page","link":"https:\/\/rotary.fi\/itahelsinki\/tule-mukaan\/","title":{"rendered":"Tule mukaan"},"content":{"rendered":"<p>[et_pb_section bb_built=&#8221;1&#8243; _builder_version=&#8221;3.4.1&#8243; background_image=&#8221;https:\/\/rotary.fi\/wp-content\/uploads\/2018\/04\/paakuva_liity_mukaan.jpg&#8221; next_background_color=&#8221;#ffffff&#8221; module_class=&#8221;jumbotron-page&#8221;][et_pb_row][et_pb_column type=&#8221;4_4&#8243;][et_pb_text admin_label=&#8221;P\u00e4\u00e4otsikko&#8221; _builder_version=&#8221;3.4.1&#8243; text_orientation=&#8221;center&#8221; background_layout=&#8221;dark&#8221;]<\/p>\n<h1>Tule mukaan<\/h1>\n<p>[\/et_pb_text][\/et_pb_column][\/et_pb_row][\/et_pb_section][et_pb_section bb_built=&#8221;1&#8243; specialty=&#8221;on&#8221; prev_background_color=&#8221;#000000&#8243; _builder_version=&#8221;3.4.1&#8243; module_class_2=&#8221;sivupalkki&#8221;][et_pb_column type=&#8221;2_3&#8243; specialty_columns=&#8221;2&#8243;][et_pb_row_inner admin_label=&#8221;Rivi&#8221;][et_pb_column_inner type=&#8221;4_4&#8243; saved_specialty_column_type=&#8221;2_3&#8243;][et_pb_text admin_label=&#8221;Otsikko ennen teksti\u00e4 &#8211; Tule mukaan&#8221; _builder_version=&#8221;3.4.1&#8243; text_orientation=&#8221;center&#8221;]<\/p>\n<h1>Tule mukaan<\/h1>\n<p>[\/et_pb_text][et_pb_text _builder_version=&#8221;3.4.1&#8243;]<\/p>\n<p>\nRotary on kansainv\u00e4linen j\u00e4rjest\u00f6, joka muodostuu samalla tavalla ajattelevista ihmisist\u00e4 \u2013 ihmist\u00e4, jotka haluavat tehd\u00e4 hyv\u00e4\u00e4 omalla paikkakunnallaan ja ymp\u00e4ri maailman. Rotaryklubeja on melkein jokaisessa maassa, Suomessakin jokaisella seutukunnalla, kaupungissa ja l\u00e4hes jokaisessa kunnassa.<\/p>\n<p>Tutustu my\u00f6s nuorille suunnattuun toimintaan, <a href=\"\/mita-teemme\/nuorisopalvelut\/interact\/\" target=\"_blank\" rel=\"noopener noreferrer\">Interactiin<\/a> ja <a href=\"\/mita-teemme\/nuorisopalvelut\/rotaract\/\" target=\"_blank\" rel=\"noopener noreferrer\">Rotaractiin<\/a>.<\/p>\n<p>[\/et_pb_text][\/et_pb_column_inner][\/et_pb_row_inner][et_pb_row_inner admin_label=&#8221;Rivi&#8221;][et_pb_column_inner type=&#8221;4_4&#8243; saved_specialty_column_type=&#8221;2_3&#8243;][et_pb_text admin_label=&#8221;Otsikko ennen teksti\u00e4 &#8211; Ota yhteytt\u00e4&#8221; _builder_version=&#8221;3.4.1&#8243; text_orientation=&#8221;center&#8221;]<\/p>\n<h1>Ota yhteytt\u00e4<\/h1>\n<p>[\/et_pb_text][et_pb_text _builder_version=&#8221;3.4.1&#8243;]<\/p>\n<p>\nHaluatko mukaan rotarytoimintaan? Yhteydenottolomakkeella voit olla suoraan yhteydess\u00e4 klubiin.<\/p>\n<p>[\/et_pb_text][et_pb_contact_form _builder_version=&#8221;3.21&#8243; success_message=&#8221;Viestisi on l\u00e4hetetty. Kiitos yhteydenotostasi!&#8221; custom_message=&#8221;Viesti:||et_pb_line_break_holder||%%message%%||et_pb_line_break_holder||||et_pb_line_break_holder||Kenelt\u00e4:||et_pb_line_break_holder||%%name%%||et_pb_line_break_holder||%%email%%&#8221; email=&#8221;arto.lind@alind.fi&#8221; locked=&#8221;on&#8221;][et_pb_contact_field field_title=&#8221;Nimi&#8221; field_type=&#8221;input&#8221; field_id=&#8221;Name&#8221; required_mark=&#8221;on&#8221; fullwidth_field=&#8221;off&#8221; _builder_version=&#8221;3.4.1&#8243; checkbox_checked=&#8221;off&#8221; checkbox_options=&#8221;%91{%22value%22:%22Nimi%22,%22checked%22:0}%93&#8243; radio_options=&#8221;%91{%22value%22:%22Nimi%22,%22checked%22:0}%93&#8243; select_options=&#8221;%91{%22value%22:%22Nimi%22,%22checked%22:0}%93&#8243; min_length=&#8221;0&#8243; max_length=&#8221;0&#8243; allowed_symbols=&#8221;all&#8221; conditional_logic=&#8221;off&#8221; conditional_logic_relation=&#8221;off&#8221; conditional_logic_rules=&#8221;%91{%22field%22:%22email%22,%22condition%22:%22is%22,%22value%22:%22%22}%93&#8243; use_background_color_gradient=&#8221;off&#8221; background_color_gradient_start=&#8221;#2b87da&#8221; background_color_gradient_end=&#8221;#29c4a9&#8243; background_color_gradient_type=&#8221;linear&#8221; background_color_gradient_direction=&#8221;180deg&#8221; background_color_gradient_direction_radial=&#8221;center&#8221; background_color_gradient_start_position=&#8221;0%&#8221; background_color_gradient_end_position=&#8221;100%&#8221; background_color_gradient_overlays_image=&#8221;off&#8221; parallax=&#8221;off&#8221; parallax_method=&#8221;on&#8221; background_size=&#8221;cover&#8221; background_position=&#8221;center&#8221; background_repeat=&#8221;no-repeat&#8221; background_blend=&#8221;normal&#8221; allow_player_pause=&#8221;off&#8221; background_video_pause_outside_viewport=&#8221;on&#8221; form_field_text_shadow_style=&#8221;none&#8221; box_shadow_style=&#8221;none&#8221; \/][et_pb_contact_field field_title=&#8221;S\u00e4hk\u00f6postiosoite&#8221; field_type=&#8221;email&#8221; field_id=&#8221;Email&#8221; required_mark=&#8221;on&#8221; fullwidth_field=&#8221;off&#8221; _builder_version=&#8221;3.4.1&#8243; checkbox_checked=&#8221;off&#8221; checkbox_options=&#8221;%91{%22value%22:%22S\u00e4hk\u00f6postiosoite%22,%22checked%22:0}%93&#8243; radio_options=&#8221;%91{%22value%22:%22S\u00e4hk\u00f6postiosoite%22,%22checked%22:0}%93&#8243; select_options=&#8221;%91{%22value%22:%22S\u00e4hk\u00f6postiosoite%22,%22checked%22:0}%93&#8243; min_length=&#8221;0&#8243; max_length=&#8221;0&#8243; allowed_symbols=&#8221;all&#8221; conditional_logic=&#8221;off&#8221; conditional_logic_relation=&#8221;off&#8221; conditional_logic_rules=&#8221;%91{%22field%22:%22name%22,%22condition%22:%22is%22,%22value%22:%22%22}%93&#8243; use_background_color_gradient=&#8221;off&#8221; background_color_gradient_start=&#8221;#2b87da&#8221; background_color_gradient_end=&#8221;#29c4a9&#8243; background_color_gradient_type=&#8221;linear&#8221; background_color_gradient_direction=&#8221;180deg&#8221; background_color_gradient_direction_radial=&#8221;center&#8221; background_color_gradient_start_position=&#8221;0%&#8221; background_color_gradient_end_position=&#8221;100%&#8221; background_color_gradient_overlays_image=&#8221;off&#8221; parallax=&#8221;off&#8221; parallax_method=&#8221;on&#8221; background_size=&#8221;cover&#8221; background_position=&#8221;center&#8221; background_repeat=&#8221;no-repeat&#8221; background_blend=&#8221;normal&#8221; allow_player_pause=&#8221;off&#8221; background_video_pause_outside_viewport=&#8221;on&#8221; form_field_text_shadow_style=&#8221;none&#8221; box_shadow_style=&#8221;none&#8221; \/][et_pb_contact_field field_title=&#8221;S\u00e4hk\u00f6postiviesti&#8221; field_type=&#8221;text&#8221; field_id=&#8221;Message&#8221; required_mark=&#8221;on&#8221; fullwidth_field=&#8221;on&#8221; _builder_version=&#8221;3.4.1&#8243; \/][\/et_pb_contact_form][\/et_pb_column_inner][\/et_pb_row_inner][\/et_pb_column][et_pb_column type=&#8221;1_3&#8243;][et_pb_sidebar _builder_version=&#8221;3.4.1&#8243; area=&#8221;sidebar-1&#8243; module_class=&#8221;sivupalkki_sisalto&#8221; locked=&#8221;on&#8221; \/][\/et_pb_column][\/et_pb_section]<\/p>\n","protected":false},"excerpt":{"rendered":"<p><div class=\"et_pb_row et_pb_row_0 et_pb_row_empty\">\n\t\t\t\t\n\t\t\t\t\n\t\t\t\t\n\t\t\t\t\n\t\t\t\t\n\t\t\t<\/div> Tule mukaan Tule mukaan Rotary on kansainv\u00e4linen j\u00e4rjest\u00f6, joka muodostuu samalla tavalla ajattelevista ihmisist\u00e4 \u2013 ihmist\u00e4, jotka haluavat tehd\u00e4 hyv\u00e4\u00e4 omalla paikkakunnallaan ja ymp\u00e4ri maailman. Rotaryklubeja on melkein jokaisessa maassa, Suomessakin jokaisella seutukunnalla, kaupungissa ja l\u00e4hes jokaisessa kunnassa. Tutustu my\u00f6s nuorille suunnattuun toimintaan, Interactiin ja Rotaractiin. Ota yhteytt\u00e4 Haluatko mukaan rotarytoimintaan? Yhteydenottolomakkeella voit olla [&hellip;]<\/p>\n","protected":false},"author":1,"featured_media":0,"parent":0,"menu_order":0,"comment_status":"closed","ping_status":"closed","template":"","meta":{"_acf_changed":false,"_et_pb_use_builder":"on","_et_pb_old_content":"","_et_gb_content_width":"","footnotes":""},"class_list":["post-89","page","type-page","status-publish","hentry"],"acf":[],"yoast_head":"<!-- This site is optimized with the Yoast SEO plugin v27.0 - https:\/\/yoast.com\/product\/yoast-seo-wordpress\/ -->\n<title>Tule mukaan - It\u00e4-Helsingin Rotaryklubi ry<\/title>\n<meta name=\"robots\" content=\"index, follow, max-snippet:-1, max-image-preview:large, max-video-preview:-1\" \/>\n<link rel=\"canonical\" href=\"https:\/\/rotary.fi\/itahelsinki\/tule-mukaan\/\" \/>\n<meta property=\"og:locale\" content=\"fi_FI\" \/>\n<meta property=\"og:type\" content=\"article\" \/>\n<meta property=\"og:title\" content=\"Tule mukaan - It\u00e4-Helsingin Rotaryklubi ry\" \/>\n<meta property=\"og:description\" content=\"Tule mukaan Tule mukaan Rotary on kansainv\u00e4linen j\u00e4rjest\u00f6, joka muodostuu samalla tavalla ajattelevista ihmisist\u00e4 \u2013 ihmist\u00e4, jotka haluavat tehd\u00e4 hyv\u00e4\u00e4 omalla paikkakunnallaan ja ymp\u00e4ri maailman. Rotaryklubeja on melkein jokaisessa maassa, Suomessakin jokaisella seutukunnalla, kaupungissa ja l\u00e4hes jokaisessa kunnassa. Tutustu my\u00f6s nuorille suunnattuun toimintaan, Interactiin ja Rotaractiin. Ota yhteytt\u00e4 Haluatko mukaan rotarytoimintaan? Yhteydenottolomakkeella voit olla [&hellip;]\" \/>\n<meta property=\"og:url\" content=\"https:\/\/rotary.fi\/itahelsinki\/tule-mukaan\/\" \/>\n<meta property=\"og:site_name\" content=\"It\u00e4-Helsingin Rotaryklubi ry\" \/>\n<meta property=\"article:modified_time\" content=\"2019-03-26T07:50:15+00:00\" \/>\n<meta name=\"twitter:card\" content=\"summary_large_image\" \/>\n<meta name=\"twitter:label1\" content=\"Arvioitu lukuaika\" \/>\n\t<meta name=\"twitter:data1\" content=\"3 minuuttia\" \/>\n<script type=\"application\/ld+json\" class=\"yoast-schema-graph\">{\"@context\":\"https:\/\/schema.org\",\"@graph\":[{\"@type\":\"WebPage\",\"@id\":\"https:\/\/rotary.fi\/itahelsinki\/tule-mukaan\/\",\"url\":\"https:\/\/rotary.fi\/itahelsinki\/tule-mukaan\/\",\"name\":\"Tule mukaan - It\u00e4-Helsingin Rotaryklubi ry\",\"isPartOf\":{\"@id\":\"https:\/\/rotary.fi\/itahelsinki\/#website\"},\"datePublished\":\"2018-08-09T12:10:00+00:00\",\"dateModified\":\"2019-03-26T07:50:15+00:00\",\"breadcrumb\":{\"@id\":\"https:\/\/rotary.fi\/itahelsinki\/tule-mukaan\/#breadcrumb\"},\"inLanguage\":\"fi\",\"potentialAction\":[{\"@type\":\"ReadAction\",\"target\":[\"https:\/\/rotary.fi\/itahelsinki\/tule-mukaan\/\"]}]},{\"@type\":\"BreadcrumbList\",\"@id\":\"https:\/\/rotary.fi\/itahelsinki\/tule-mukaan\/#breadcrumb\",\"itemListElement\":[{\"@type\":\"ListItem\",\"position\":1,\"name\":\"Home\",\"item\":\"https:\/\/rotary.fi\/itahelsinki\/\"},{\"@type\":\"ListItem\",\"position\":2,\"name\":\"Tule mukaan\"}]},{\"@type\":\"WebSite\",\"@id\":\"https:\/\/rotary.fi\/itahelsinki\/#website\",\"url\":\"https:\/\/rotary.fi\/itahelsinki\/\",\"name\":\"It\u00e4-Helsingin Rotaryklubi ry\",\"description\":\"Uusi Rotary klubisivusto\",\"potentialAction\":[{\"@type\":\"SearchAction\",\"target\":{\"@type\":\"EntryPoint\",\"urlTemplate\":\"https:\/\/rotary.fi\/itahelsinki\/?s={search_term_string}\"},\"query-input\":{\"@type\":\"PropertyValueSpecification\",\"valueRequired\":true,\"valueName\":\"search_term_string\"}}],\"inLanguage\":\"fi\"}]}<\/script>\n<!-- \/ Yoast SEO plugin. -->","yoast_head_json":{"title":"Tule mukaan - It\u00e4-Helsingin Rotaryklubi ry","robots":{"index":"index","follow":"follow","max-snippet":"max-snippet:-1","max-image-preview":"max-image-preview:large","max-video-preview":"max-video-preview:-1"},"canonical":"https:\/\/rotary.fi\/itahelsinki\/tule-mukaan\/","og_locale":"fi_FI","og_type":"article","og_title":"Tule mukaan - It\u00e4-Helsingin Rotaryklubi ry","og_description":"Tule mukaan Tule mukaan Rotary on kansainv\u00e4linen j\u00e4rjest\u00f6, joka muodostuu samalla tavalla ajattelevista ihmisist\u00e4 \u2013 ihmist\u00e4, jotka haluavat tehd\u00e4 hyv\u00e4\u00e4 omalla paikkakunnallaan ja ymp\u00e4ri maailman. Rotaryklubeja on melkein jokaisessa maassa, Suomessakin jokaisella seutukunnalla, kaupungissa ja l\u00e4hes jokaisessa kunnassa. Tutustu my\u00f6s nuorille suunnattuun toimintaan, Interactiin ja Rotaractiin. Ota yhteytt\u00e4 Haluatko mukaan rotarytoimintaan? Yhteydenottolomakkeella voit olla [&hellip;]","og_url":"https:\/\/rotary.fi\/itahelsinki\/tule-mukaan\/","og_site_name":"It\u00e4-Helsingin Rotaryklubi ry","article_modified_time":"2019-03-26T07:50:15+00:00","twitter_card":"summary_large_image","twitter_misc":{"Arvioitu lukuaika":"3 minuuttia"},"schema":{"@context":"https:\/\/schema.org","@graph":[{"@type":"WebPage","@id":"https:\/\/rotary.fi\/itahelsinki\/tule-mukaan\/","url":"https:\/\/rotary.fi\/itahelsinki\/tule-mukaan\/","name":"Tule mukaan - It\u00e4-Helsingin Rotaryklubi ry","isPartOf":{"@id":"https:\/\/rotary.fi\/itahelsinki\/#website"},"datePublished":"2018-08-09T12:10:00+00:00","dateModified":"2019-03-26T07:50:15+00:00","breadcrumb":{"@id":"https:\/\/rotary.fi\/itahelsinki\/tule-mukaan\/#breadcrumb"},"inLanguage":"fi","potentialAction":[{"@type":"ReadAction","target":["https:\/\/rotary.fi\/itahelsinki\/tule-mukaan\/"]}]},{"@type":"BreadcrumbList","@id":"https:\/\/rotary.fi\/itahelsinki\/tule-mukaan\/#breadcrumb","itemListElement":[{"@type":"ListItem","position":1,"name":"Home","item":"https:\/\/rotary.fi\/itahelsinki\/"},{"@type":"ListItem","position":2,"name":"Tule mukaan"}]},{"@type":"WebSite","@id":"https:\/\/rotary.fi\/itahelsinki\/#website","url":"https:\/\/rotary.fi\/itahelsinki\/","name":"It\u00e4-Helsingin Rotaryklubi ry","description":"Uusi Rotary klubisivusto","potentialAction":[{"@type":"SearchAction","target":{"@type":"EntryPoint","urlTemplate":"https:\/\/rotary.fi\/itahelsinki\/?s={search_term_string}"},"query-input":{"@type":"PropertyValueSpecification","valueRequired":true,"valueName":"search_term_string"}}],"inLanguage":"fi"}]}},"lang":"fi","translations":{"fi":89},"pll_sync_post":[],"_links":{"self":[{"href":"https:\/\/rotary.fi\/itahelsinki\/wp-json\/wp\/v2\/pages\/89","targetHints":{"allow":["GET"]}}],"collection":[{"href":"https:\/\/rotary.fi\/itahelsinki\/wp-json\/wp\/v2\/pages"}],"about":[{"href":"https:\/\/rotary.fi\/itahelsinki\/wp-json\/wp\/v2\/types\/page"}],"author":[{"embeddable":true,"href":"https:\/\/rotary.fi\/itahelsinki\/wp-json\/wp\/v2\/users\/1"}],"replies":[{"embeddable":true,"href":"https:\/\/rotary.fi\/itahelsinki\/wp-json\/wp\/v2\/comments?post=89"}],"version-history":[{"count":10,"href":"https:\/\/rotary.fi\/itahelsinki\/wp-json\/wp\/v2\/pages\/89\/revisions"}],"predecessor-version":[{"id":1667,"href":"https:\/\/rotary.fi\/itahelsinki\/wp-json\/wp\/v2\/pages\/89\/revisions\/1667"}],"wp:attachment":[{"href":"https:\/\/rotary.fi\/itahelsinki\/wp-json\/wp\/v2\/media?parent=89"}],"curies":[{"name":"wp","href":"https:\/\/api.w.org\/{rel}","templated":true}]}}