{"id":94,"date":"2018-08-09T15:14:30","date_gmt":"2018-08-09T12:14:30","guid":{"rendered":"https:\/\/rotary.fi\/klubi2\/?page_id=94"},"modified":"2019-03-18T18:01:49","modified_gmt":"2019-03-18T16:01:49","slug":"ajankohtaista","status":"publish","type":"page","link":"https:\/\/rotary.fi\/imatra\/ajankohtaista\/","title":{"rendered":"Ajankohtaista"},"content":{"rendered":"<p>[et_pb_section bb_built=&#8221;1&#8243; _builder_version=&#8221;3.21&#8243; background_image=&#8221;https:\/\/rotary.fi\/wp-content\/uploads\/2018\/02\/paakuva-sisasivu1.jpg&#8221; next_background_color=&#8221;#ffffff&#8221; module_class=&#8221;jumbotron-page&#8221;][et_pb_row _builder_version=&#8221;3.21&#8243;][et_pb_column type=&#8221;4_4&#8243;][et_pb_text admin_label=&#8221;P\u00e4\u00e4otsikko&#8221; _builder_version=&#8221;3.21&#8243; text_orientation=&#8221;center&#8221; background_layout=&#8221;dark&#8221;]<\/p>\n<h1>Ajankohtaista<\/h1>\n<p>[\/et_pb_text][\/et_pb_column][\/et_pb_row][\/et_pb_section][et_pb_section bb_built=&#8221;1&#8243; specialty=&#8221;on&#8221; prev_background_color=&#8221;#000000&#8243; _builder_version=&#8221;3.4.1&#8243; module_class_2=&#8221;sivupalkki&#8221; locked=&#8221;on&#8221;][et_pb_column type=&#8221;2_3&#8243; specialty_columns=&#8221;2&#8243;][et_pb_row_inner admin_label=&#8221;Rivi&#8221; locked=&#8221;on&#8221; parent_locked=&#8221;on&#8221;][et_pb_column_inner type=&#8221;4_4&#8243; saved_specialty_column_type=&#8221;2_3&#8243;][et_pb_text admin_label=&#8221;Otsikko&#8221; _builder_version=&#8221;3.4.1&#8243; text_orientation=&#8221;center&#8221; parent_locked=&#8221;on&#8221;]<\/p>\n<h1>Ajankohtaista<\/h1>\n<p>[\/et_pb_text][et_pb_code admin_label=&#8221;Ajankohtaisten listaus&#8221; _builder_version=&#8221;3.17.6&#8243; module_class=&#8221;kaikki_ajankohtaiset&#8221; parent_locked=&#8221;on&#8221;]<ul class=\"display-posts-listing\"><li class=\"listing-item\"><a class=\"title\" href=\"https:\/\/rotary.fi\/imatra\/ajankohtaiset\/klubin-toimikauden-2025-2026-ohjelma-loytyy-valikon-keita-olemme-vuositeema-alta\/\">Klubin toimikauden 2025 \u2013 2026 ohjelma l\u00f6ytyy valikon \u201dKeit\u00e4 olemme &gt;&gt; Vuositeema\u201d alta<\/a> <span class=\"date\">26.8. 2025<\/span><\/li><li class=\"listing-item\"><a class=\"title\" href=\"https:\/\/rotary.fi\/imatra\/ajankohtaiset\/syyskauden-2025-kokousten-ajankohdat-paivitetty\/\">Syyskauden 2025 kokousten ajankohdat \u2013 p\u00e4ivitetty<\/a> <span class=\"date\">26.8. 2025<\/span><\/li><li class=\"listing-item\"><a class=\"title\" href=\"https:\/\/rotary.fi\/imatra\/ajankohtaiset\/syyskauden-kokousten-ajankohdat\/\">Syyskauden 2024 kokousten ajankohdat &#8211; p\u00e4ivitetty<\/a> <span class=\"date\">9.9. 2024<\/span><\/li><li class=\"listing-item\"><a class=\"title\" href=\"https:\/\/rotary.fi\/imatra\/ajankohtaiset\/klubin-syyskauden-ohjelma-loytyy-valikon-keita-olemme-vuositeema-alta\/\">Klubin toimikauden 2024 &#8211; 2025 ohjelma l\u00f6ytyy valikon &#8221;Keit\u00e4 olemme &amp; Vuositeema&#8221; alta<\/a> <span class=\"date\">15.8. 2024<\/span><\/li><li class=\"listing-item\"><a class=\"title\" href=\"https:\/\/rotary.fi\/imatra\/ajankohtaiset\/koko-perheen-patikkapolku-tapahtuma-lauantaina-23-09-2023\/\">Koko perheen Patikkapolku-tapahtuma lauantaina 23.09.2023<\/a> <span class=\"date\">14.9. 2023<\/span><\/li><li class=\"listing-item\"><a class=\"title\" href=\"https:\/\/rotary.fi\/imatra\/ajankohtaiset\/klubin-toimikauden-2023-2024-ohjelma-loytyy-valikon-keita-olemme-vuositeema-alta\/\">Klubin toimikauden 2023 &#8211; 2024 ohjelma l\u00f6ytyy valikon &#8221;Keit\u00e4 olemme &gt;&gt; Vuositeema&#8221; alta<\/a> <span class=\"date\">14.8. 2023<\/span><\/li><li class=\"listing-item\"><a class=\"title\" href=\"https:\/\/rotary.fi\/imatra\/ajankohtaiset\/huom-helmikuussa-klubikokoukset-viikon-valein-14-2-2023-ja-21-2-2023-sen-jalkeen-taas-14-3-2023\/\">HUOM! Helmikuussa klubikokoukset viikon v\u00e4lein 14.2.2023 ja 21.2.2023. Sen j\u00e4lkeen taas 07.03.2023.<\/a> <span class=\"date\">12.2. 2023<\/span><\/li><li class=\"listing-item\"><a class=\"title\" href=\"https:\/\/rotary.fi\/imatra\/ajankohtaiset\/klubikokous-27-6\/\">Klubikokous 27.6<\/a> <span class=\"date\">21.6. 2022<\/span><\/li><li class=\"listing-item\"><a class=\"title\" href=\"https:\/\/rotary.fi\/imatra\/ajankohtaiset\/klubikokous-13-6\/\">Klubikokous 13.6<\/a> <span class=\"date\">6.6. 2022<\/span><\/li><li class=\"listing-item\"><a class=\"title\" href=\"https:\/\/rotary.fi\/imatra\/ajankohtaiset\/klubikokous-30-5\/\">Klubikokous 30.5<\/a> <span class=\"date\">22.5. 2022<\/span><\/li><li class=\"listing-item\"><a class=\"title\" href=\"https:\/\/rotary.fi\/imatra\/ajankohtaiset\/klubikokous-16-5\/\">Klubikokous 16.5<\/a> <span class=\"date\">10.5. 2022<\/span><\/li><li class=\"listing-item\"><a class=\"title\" href=\"https:\/\/rotary.fi\/imatra\/ajankohtaiset\/klubikokous-2-5-2022\/\">Klubikokous 2.5.2022<\/a> <span class=\"date\">21.4. 2022<\/span><\/li><li class=\"listing-item\"><a class=\"title\" href=\"https:\/\/rotary.fi\/imatra\/ajankohtaiset\/vesireppujen-luovutus-imatran-kouluille\/\">Vesireppujen luovutus Imatran kouluille<\/a> <span class=\"date\">21.4. 2022<\/span><\/li><li class=\"listing-item\"><a class=\"title\" href=\"https:\/\/rotary.fi\/imatra\/ajankohtaiset\/klubikokous-19-4\/\">Klubikokous 19.4<\/a> <span class=\"date\">11.4. 2022<\/span><\/li><li class=\"listing-item\"><a class=\"title\" href=\"https:\/\/rotary.fi\/imatra\/ajankohtaiset\/klubikokous-4-4\/\">Klubikokous 4.4<\/a> <span class=\"date\">29.3. 2022<\/span><\/li><li class=\"listing-item\"><a class=\"title\" href=\"https:\/\/rotary.fi\/imatra\/ajankohtaiset\/klubikokous-21-3\/\">Klubikokous 21.3<\/a> <span class=\"date\">15.3. 2022<\/span><\/li><li class=\"listing-item\"><a class=\"title\" href=\"https:\/\/rotary.fi\/imatra\/ajankohtaiset\/klubikokous-7-3\/\">Klubikokous 7.3<\/a> <span class=\"date\">28.2. 2022<\/span><\/li><li class=\"listing-item\"><a class=\"title\" href=\"https:\/\/rotary.fi\/imatra\/ajankohtaiset\/klubikokous-21-2\/\">Klubikokous 21.2<\/a> <span class=\"date\">14.2. 2022<\/span><\/li><li class=\"listing-item\"><a class=\"title\" href=\"https:\/\/rotary.fi\/imatra\/ajankohtaiset\/klubikokous-7-2\/\">Klubikokous 7.2<\/a> <span class=\"date\">27.1. 2022<\/span><\/li><li class=\"listing-item\"><a class=\"title\" href=\"https:\/\/rotary.fi\/imatra\/ajankohtaiset\/klubikokous-24-1\/\">Klubikokous 24.1<\/a> <span class=\"date\">27.1. 2022<\/span><\/li><li class=\"listing-item\"><a class=\"title\" href=\"https:\/\/rotary.fi\/imatra\/ajankohtaiset\/klubikokous-10-1\/\">Klubikokous 10.1<\/a> <span class=\"date\">3.1. 2022<\/span><\/li><li class=\"listing-item\"><a class=\"title\" href=\"https:\/\/rotary.fi\/imatra\/ajankohtaiset\/klubikokous-20-11-klo-18-00\/\">Klubikokous 20.11 klo 18.00<\/a> <span class=\"date\">29.11. 2021<\/span><\/li><li class=\"listing-item\"><a class=\"title\" href=\"https:\/\/rotary.fi\/imatra\/ajankohtaiset\/kulbikokous-22-11-huom-esitys-alkaa-klo-18-30\/\">Klubikokous 22.11 huom esitys alkaa klo 18.30<\/a> <span class=\"date\">11.11. 2021<\/span><\/li><li class=\"listing-item\"><a class=\"title\" href=\"https:\/\/rotary.fi\/imatra\/ajankohtaiset\/klubikokous-8-11\/\">Klubikokous 8.11<\/a> <span class=\"date\">11.11. 2021<\/span><\/li><li class=\"listing-item\"><a class=\"title\" href=\"https:\/\/rotary.fi\/imatra\/ajankohtaiset\/klubikokous-25-10\/\">Klubikokous 25.10<\/a> <span class=\"date\">14.10. 2021<\/span><\/li><li class=\"listing-item\"><a class=\"title\" href=\"https:\/\/rotary.fi\/imatra\/ajankohtaiset\/klubikokous-11-10\/\">Klubikokous 11.10<\/a> <span class=\"date\">14.10. 2021<\/span><\/li><li class=\"listing-item\"><a class=\"title\" href=\"https:\/\/rotary.fi\/imatra\/ajankohtaiset\/klubikokous-4-10\/\">Klubikokous 4.10<\/a> <span class=\"date\">27.9. 2021<\/span><\/li><li class=\"listing-item\"><a class=\"title\" href=\"https:\/\/rotary.fi\/imatra\/ajankohtaiset\/rotary-vaihtoon-maailmalle-turvallisesti-ja-edullisesti-kesalla-2022\/\">Rotary vaihtoon maailmalle turvallisesti ja edullisesti kes\u00e4ll\u00e4 2022<\/a> <span class=\"date\">27.9. 2021<\/span><\/li><li class=\"listing-item\"><a class=\"title\" href=\"https:\/\/rotary.fi\/imatra\/presidentin_uutiset\/yllatysvieras-klubikokouksessamme-30-8\/\">Yll\u00e4tysvieras klubikokouksessamme 30.8<\/a> <span class=\"date\">6.9. 2021<\/span><\/li><li class=\"listing-item\"><a class=\"title\" href=\"https:\/\/rotary.fi\/imatra\/ajankohtaiset\/klubikokous-13-9\/\">Klubikokous 13.9<\/a> <span class=\"date\">6.9. 2021<\/span><\/li><li class=\"listing-item\"><a class=\"title\" href=\"https:\/\/rotary.fi\/imatra\/presidentin_uutiset\/uutisvuoksi-kysyimme-viidelta-imatralaiselta-mika-ajaa-ihmisen-tekemaan-hyvaa\/\">Uutisvuoksi: Kysyimme viidelt\u00e4 imatralaiselta, mik\u00e4 ajaa ihmisen tekem\u00e4\u00e4n hyv\u00e4\u00e4<\/a> <span class=\"date\">6.9. 2021<\/span><\/li><li class=\"listing-item\"><a class=\"title\" href=\"https:\/\/rotary.fi\/imatra\/presidentin_uutiset\/uusi-kausi-kaynnistyi-16-8\/\">Uusi kausi k\u00e4ynnistyi 16.8<\/a> <span class=\"date\">17.8. 2021<\/span><\/li><li class=\"listing-item\"><a class=\"title\" href=\"https:\/\/rotary.fi\/imatra\/presidentin_uutiset\/polio-voi-olla-seuraava-tauti-joka-katoaa-hs-8-7-2020\/\">Polio voi olla seuraava tauti joka katoaa (HS 8.7.2020)<\/a> <span class=\"date\">10.7. 2021<\/span><\/li><li class=\"listing-item\"><a class=\"title\" href=\"https:\/\/rotary.fi\/imatra\/presidentin_uutiset\/rotaryvuoden-vaihto-5-7-2021-imatran-kylpylalla\/\">Rotaryvuoden vaihto 5.7.2021 Imatran Kylpyl\u00e4ll\u00e4<\/a> <span class=\"date\">10.7. 2021<\/span><\/li><li class=\"listing-item\"><a class=\"title\" href=\"https:\/\/rotary.fi\/imatra\/ajankohtaiset\/kokoukset-jatkuvat-taas-ma-16-8-hyvaa-kesaa\/\">Kokoukset jatkuvat taas MA 16.8.2021 Hyv\u00e4\u00e4 kes\u00e4\u00e4!<\/a> <span class=\"date\">8.7. 2021<\/span><\/li><li class=\"listing-item\"><a class=\"title\" href=\"https:\/\/rotary.fi\/imatra\/ajankohtaiset\/vuosiohjelma-loytyy-keita-olemme-valikon-alta-vuositeema-kohdasta\/\">Vuosiohjelma l\u00f6ytyy &#8221;Keit\u00e4 olemme&#8221; valikon alta, &#8221;Vuositeema&#8221; kohdasta<\/a> <span class=\"date\">21.8. 2020<\/span><\/li><li class=\"listing-item\"><a class=\"title\" href=\"https:\/\/rotary.fi\/imatra\/ajankohtaiset\/rotarykausi-on-taas-alkanut\/\">Rotarykausi on taas alkanut<\/a> <span class=\"date\">10.8. 2020<\/span><\/li><li class=\"listing-item\"><a class=\"title\" href=\"https:\/\/rotary.fi\/imatra\/ajankohtaiset\/rotarytapahtumat-ja-kokoukset-peruutettu-toistaiseksi\/\">Rotarytapahtumat ja -kokoukset peruutettu toistaiseksi!<\/a> <span class=\"date\">25.3. 2020<\/span><\/li><li class=\"listing-item\"><a class=\"title\" href=\"https:\/\/rotary.fi\/imatra\/ajankohtaiset\/norppaturvallisten-katiskojen-rakentaminen-talkoot-la-28-03\/\">PERUTTU: Norppaturvallisten katiskojen rakentaminen &#8211; talkoot LA 28.03.<\/a> <span class=\"date\">22.2. 2020<\/span><\/li><li class=\"listing-item\"><a class=\"title\" href=\"https:\/\/rotary.fi\/imatra\/ajankohtaiset\/klubin-vuosikalenteri-loytyy-valikosta-keita-olemme-vuositeema\/\">Klubin vuosikalenteri l\u00f6ytyy valikosta: Keit\u00e4 olemme &gt; Vuositeema<\/a> <span class=\"date\">10.1. 2020<\/span><\/li><li class=\"listing-item\"><a class=\"title\" href=\"https:\/\/rotary.fi\/imatra\/ajankohtaiset\/vaalikokous-ma-25-11-2019\/\">Vaalikokous MA 25.11.2019<\/a> <span class=\"date\">11.11. 2019<\/span><\/li><li class=\"listing-item\"><a class=\"title\" href=\"https:\/\/rotary.fi\/imatra\/ajankohtaiset\/ita-nordic-oy-vierailu-to-14-11-2019\/\">ITA Nordic Oy -vierailu TO 14.11.2019<\/a> <span class=\"date\">11.11. 2019<\/span><\/li><li class=\"listing-item\"><a class=\"title\" href=\"https:\/\/rotary.fi\/imatra\/ajankohtaiset\/vuosikokous-ma-28-10-2019\/\">Vuosikokous MA 28.10.2019<\/a> <span class=\"date\">11.10. 2019<\/span><\/li><li class=\"listing-item\"><a class=\"title\" href=\"https:\/\/rotary.fi\/imatra\/ajankohtaiset\/matrikkelit-saapuneet-jaossa-klubikokouksessa-ma-16-09\/\">Matrikkelit saapuneet, jaossa klubikokouksessa MA 16.09.<\/a> <span class=\"date\">13.9. 2019<\/span><\/li><li class=\"listing-item\"><a class=\"title\" href=\"https:\/\/rotary.fi\/imatra\/ajankohtaiset\/avoin-yleisotilaisuus-klubiluento-ma-02-09-2019-kello-17-30-aiheena-rasvahappojen-merkitys-terveydelle\/\">Avoin yleis\u00f6tilaisuus \/ Klubiluento MA 02.09.2019 kello 17.30 \u2013 aiheena \u2018Rasvahappojen merkitys terveydelle\u2019<\/a> <span class=\"date\">30.8. 2019<\/span><\/li><li class=\"listing-item\"><a class=\"title\" href=\"https:\/\/rotary.fi\/imatra\/ajankohtaiset\/avoin-yleisotilaisuus-klubiluento-ma-19-08-2019-kello-17-30\/\">Avoin yleis\u00f6tilaisuus \/ Klubiluento MA 19.08.2019 kello 17.30 &#8211; aiheena &#8217;Kest\u00e4v\u00e4 kiertotalous&#8217;<\/a> <span class=\"date\">16.8. 2019<\/span><\/li><li class=\"listing-item\"><a class=\"title\" href=\"https:\/\/rotary.fi\/imatra\/ajankohtaiset\/klubikokoukset-jatkuvat-taas-elokuussa\/\">Klubikokoukset jatkuvat taas elokuussa<\/a> <span class=\"date\">22.7. 2019<\/span><\/li><li class=\"listing-item\"><a class=\"title\" href=\"https:\/\/rotary.fi\/imatra\/ajankohtaiset\/uusien-kotisivujen-koulutustapahtuma\/\">Uusien kotisivujen koulutustapahtuma<\/a> <span class=\"date\">18.3. 2019<\/span><\/li><\/ul>[\/et_pb_code][\/et_pb_column_inner][\/et_pb_row_inner][\/et_pb_column][et_pb_column type=&#8221;1_3&#8243;][et_pb_sidebar _builder_version=&#8221;3.4.1&#8243; area=&#8221;sidebar-1&#8243; module_class=&#8221;sivupalkki_sisalto&#8221; parent_locked=&#8221;on&#8221; \/][\/et_pb_column][\/et_pb_section]<\/p>\n","protected":false},"excerpt":{"rendered":"<p>[et_pb_section bb_built=&#8221;1&#8243; _builder_version=&#8221;3.21&#8243; background_image=&#8221;https:\/\/rotary.fi\/wp-content\/uploads\/2018\/02\/paakuva-sisasivu1.jpg&#8221; next_background_color=&#8221;#ffffff&#8221; module_class=&#8221;jumbotron-page&#8221;][et_pb_row _builder_version=&#8221;3.21&#8243;][et_pb_column type=&#8221;4_4&#8243;][et_pb_text admin_label=&#8221;P\u00e4\u00e4otsikko&#8221; _builder_version=&#8221;3.21&#8243; text_orientation=&#8221;center&#8221; background_layout=&#8221;dark&#8221;] Ajankohtaista [\/et_pb_text][\/et_pb_column][\/et_pb_row][\/et_pb_section][et_pb_section bb_built=&#8221;1&#8243; specialty=&#8221;on&#8221; prev_background_color=&#8221;#000000&#8243; _builder_version=&#8221;3.4.1&#8243; module_class_2=&#8221;sivupalkki&#8221; locked=&#8221;on&#8221;][et_pb_column type=&#8221;2_3&#8243; specialty_columns=&#8221;2&#8243;][et_pb_row_inner admin_label=&#8221;Rivi&#8221; locked=&#8221;on&#8221; parent_locked=&#8221;on&#8221;][et_pb_column_inner type=&#8221;4_4&#8243; saved_specialty_column_type=&#8221;2_3&#8243;][et_pb_text admin_label=&#8221;Otsikko&#8221; _builder_version=&#8221;3.4.1&#8243; text_orientation=&#8221;center&#8221; parent_locked=&#8221;on&#8221;] Ajankohtaista [\/et_pb_text][et_pb_code admin_label=&#8221;Ajankohtaisten listaus&#8221; _builder_version=&#8221;3.17.6&#8243; module_class=&#8221;kaikki_ajankohtaiset&#8221; parent_locked=&#8221;on&#8221;][\/et_pb_code][\/et_pb_column_inner][\/et_pb_row_inner][\/et_pb_column][et_pb_column type=&#8221;1_3&#8243;][et_pb_sidebar _builder_version=&#8221;3.4.1&#8243; area=&#8221;sidebar-1&#8243; module_class=&#8221;sivupalkki_sisalto&#8221; parent_locked=&#8221;on&#8221; \/][\/et_pb_column][\/et_pb_section]<\/p>\n","protected":false},"author":1,"featured_media":0,"parent":0,"menu_order":0,"comment_status":"closed","ping_status":"closed","template":"","meta":{"_acf_changed":false,"_et_pb_use_builder":"on","_et_pb_old_content":"","_et_gb_content_width":"","footnotes":""},"class_list":["post-94","page","type-page","status-publish","hentry"],"acf":[],"yoast_head":"<!-- This site is optimized with the Yoast SEO plugin v27.4 - https:\/\/yoast.com\/product\/yoast-seo-wordpress\/ -->\n<title>Ajankohtaista - Imatran Rotaryklubi<\/title>\n<meta name=\"robots\" content=\"index, follow, max-snippet:-1, max-image-preview:large, max-video-preview:-1\" \/>\n<link rel=\"canonical\" href=\"https:\/\/rotary.fi\/imatra\/ajankohtaista\/\" \/>\n<meta property=\"og:locale\" content=\"fi_FI\" \/>\n<meta property=\"og:type\" content=\"article\" \/>\n<meta property=\"og:title\" content=\"Ajankohtaista - Imatran Rotaryklubi\" \/>\n<meta property=\"og:description\" content=\"[et_pb_section bb_built=&#8221;1&#8243; _builder_version=&#8221;3.21&#8243; background_image=&#8221;https:\/\/rotary.fi\/wp-content\/uploads\/2018\/02\/paakuva-sisasivu1.jpg&#8221; next_background_color=&#8221;#ffffff&#8221; module_class=&#8221;jumbotron-page&#8221;][et_pb_row _builder_version=&#8221;3.21&#8243;][et_pb_column type=&#8221;4_4&#8243;][et_pb_text admin_label=&#8221;P\u00e4\u00e4otsikko&#8221; _builder_version=&#8221;3.21&#8243; text_orientation=&#8221;center&#8221; background_layout=&#8221;dark&#8221;] Ajankohtaista [\/et_pb_text][\/et_pb_column][\/et_pb_row][\/et_pb_section][et_pb_section bb_built=&#8221;1&#8243; specialty=&#8221;on&#8221; prev_background_color=&#8221;#000000&#8243; _builder_version=&#8221;3.4.1&#8243; module_class_2=&#8221;sivupalkki&#8221; locked=&#8221;on&#8221;][et_pb_column type=&#8221;2_3&#8243; specialty_columns=&#8221;2&#8243;][et_pb_row_inner admin_label=&#8221;Rivi&#8221; locked=&#8221;on&#8221; parent_locked=&#8221;on&#8221;][et_pb_column_inner type=&#8221;4_4&#8243; saved_specialty_column_type=&#8221;2_3&#8243;][et_pb_text admin_label=&#8221;Otsikko&#8221; _builder_version=&#8221;3.4.1&#8243; text_orientation=&#8221;center&#8221; parent_locked=&#8221;on&#8221;] Ajankohtaista [\/et_pb_text][et_pb_code admin_label=&#8221;Ajankohtaisten listaus&#8221; _builder_version=&#8221;3.17.6&#8243; module_class=&#8221;kaikki_ajankohtaiset&#8221; parent_locked=&#8221;on&#8221;][\/et_pb_code][\/et_pb_column_inner][\/et_pb_row_inner][\/et_pb_column][et_pb_column type=&#8221;1_3&#8243;][et_pb_sidebar _builder_version=&#8221;3.4.1&#8243; area=&#8221;sidebar-1&#8243; module_class=&#8221;sivupalkki_sisalto&#8221; parent_locked=&#8221;on&#8221; \/][\/et_pb_column][\/et_pb_section]\" \/>\n<meta property=\"og:url\" content=\"https:\/\/rotary.fi\/imatra\/ajankohtaista\/\" \/>\n<meta property=\"og:site_name\" content=\"Imatran Rotaryklubi\" \/>\n<meta property=\"article:modified_time\" content=\"2019-03-18T16:01:49+00:00\" \/>\n<meta name=\"twitter:card\" content=\"summary_large_image\" \/>\n<meta name=\"twitter:label1\" content=\"Arvioitu lukuaika\" \/>\n\t<meta name=\"twitter:data1\" content=\"1 minuutti\" \/>\n<script type=\"application\/ld+json\" class=\"yoast-schema-graph\">{\"@context\":\"https:\\\/\\\/schema.org\",\"@graph\":[{\"@type\":\"WebPage\",\"@id\":\"https:\\\/\\\/rotary.fi\\\/imatra\\\/ajankohtaista\\\/\",\"url\":\"https:\\\/\\\/rotary.fi\\\/imatra\\\/ajankohtaista\\\/\",\"name\":\"Ajankohtaista - Imatran Rotaryklubi\",\"isPartOf\":{\"@id\":\"https:\\\/\\\/rotary.fi\\\/imatra\\\/#website\"},\"datePublished\":\"2018-08-09T12:14:30+00:00\",\"dateModified\":\"2019-03-18T16:01:49+00:00\",\"breadcrumb\":{\"@id\":\"https:\\\/\\\/rotary.fi\\\/imatra\\\/ajankohtaista\\\/#breadcrumb\"},\"inLanguage\":\"fi\",\"potentialAction\":[{\"@type\":\"ReadAction\",\"target\":[\"https:\\\/\\\/rotary.fi\\\/imatra\\\/ajankohtaista\\\/\"]}]},{\"@type\":\"BreadcrumbList\",\"@id\":\"https:\\\/\\\/rotary.fi\\\/imatra\\\/ajankohtaista\\\/#breadcrumb\",\"itemListElement\":[{\"@type\":\"ListItem\",\"position\":1,\"name\":\"Home\",\"item\":\"https:\\\/\\\/rotary.fi\\\/imatra\\\/\"},{\"@type\":\"ListItem\",\"position\":2,\"name\":\"Ajankohtaista\"}]},{\"@type\":\"WebSite\",\"@id\":\"https:\\\/\\\/rotary.fi\\\/imatra\\\/#website\",\"url\":\"https:\\\/\\\/rotary.fi\\\/imatra\\\/\",\"name\":\"Imatran Rotaryklubi\",\"description\":\"Uusi Rotary klubisivusto\",\"potentialAction\":[{\"@type\":\"SearchAction\",\"target\":{\"@type\":\"EntryPoint\",\"urlTemplate\":\"https:\\\/\\\/rotary.fi\\\/imatra\\\/?s={search_term_string}\"},\"query-input\":{\"@type\":\"PropertyValueSpecification\",\"valueRequired\":true,\"valueName\":\"search_term_string\"}}],\"inLanguage\":\"fi\"}]}<\/script>\n<!-- \/ Yoast SEO plugin. -->","yoast_head_json":{"title":"Ajankohtaista - Imatran Rotaryklubi","robots":{"index":"index","follow":"follow","max-snippet":"max-snippet:-1","max-image-preview":"max-image-preview:large","max-video-preview":"max-video-preview:-1"},"canonical":"https:\/\/rotary.fi\/imatra\/ajankohtaista\/","og_locale":"fi_FI","og_type":"article","og_title":"Ajankohtaista - Imatran Rotaryklubi","og_description":"[et_pb_section bb_built=&#8221;1&#8243; _builder_version=&#8221;3.21&#8243; background_image=&#8221;https:\/\/rotary.fi\/wp-content\/uploads\/2018\/02\/paakuva-sisasivu1.jpg&#8221; next_background_color=&#8221;#ffffff&#8221; module_class=&#8221;jumbotron-page&#8221;][et_pb_row _builder_version=&#8221;3.21&#8243;][et_pb_column type=&#8221;4_4&#8243;][et_pb_text admin_label=&#8221;P\u00e4\u00e4otsikko&#8221; _builder_version=&#8221;3.21&#8243; text_orientation=&#8221;center&#8221; background_layout=&#8221;dark&#8221;] Ajankohtaista [\/et_pb_text][\/et_pb_column][\/et_pb_row][\/et_pb_section][et_pb_section bb_built=&#8221;1&#8243; specialty=&#8221;on&#8221; prev_background_color=&#8221;#000000&#8243; _builder_version=&#8221;3.4.1&#8243; module_class_2=&#8221;sivupalkki&#8221; locked=&#8221;on&#8221;][et_pb_column type=&#8221;2_3&#8243; specialty_columns=&#8221;2&#8243;][et_pb_row_inner admin_label=&#8221;Rivi&#8221; locked=&#8221;on&#8221; parent_locked=&#8221;on&#8221;][et_pb_column_inner type=&#8221;4_4&#8243; saved_specialty_column_type=&#8221;2_3&#8243;][et_pb_text admin_label=&#8221;Otsikko&#8221; _builder_version=&#8221;3.4.1&#8243; text_orientation=&#8221;center&#8221; parent_locked=&#8221;on&#8221;] Ajankohtaista [\/et_pb_text][et_pb_code admin_label=&#8221;Ajankohtaisten listaus&#8221; _builder_version=&#8221;3.17.6&#8243; module_class=&#8221;kaikki_ajankohtaiset&#8221; parent_locked=&#8221;on&#8221;][\/et_pb_code][\/et_pb_column_inner][\/et_pb_row_inner][\/et_pb_column][et_pb_column type=&#8221;1_3&#8243;][et_pb_sidebar _builder_version=&#8221;3.4.1&#8243; area=&#8221;sidebar-1&#8243; module_class=&#8221;sivupalkki_sisalto&#8221; parent_locked=&#8221;on&#8221; \/][\/et_pb_column][\/et_pb_section]","og_url":"https:\/\/rotary.fi\/imatra\/ajankohtaista\/","og_site_name":"Imatran Rotaryklubi","article_modified_time":"2019-03-18T16:01:49+00:00","twitter_card":"summary_large_image","twitter_misc":{"Arvioitu lukuaika":"1 minuutti"},"schema":{"@context":"https:\/\/schema.org","@graph":[{"@type":"WebPage","@id":"https:\/\/rotary.fi\/imatra\/ajankohtaista\/","url":"https:\/\/rotary.fi\/imatra\/ajankohtaista\/","name":"Ajankohtaista - Imatran Rotaryklubi","isPartOf":{"@id":"https:\/\/rotary.fi\/imatra\/#website"},"datePublished":"2018-08-09T12:14:30+00:00","dateModified":"2019-03-18T16:01:49+00:00","breadcrumb":{"@id":"https:\/\/rotary.fi\/imatra\/ajankohtaista\/#breadcrumb"},"inLanguage":"fi","potentialAction":[{"@type":"ReadAction","target":["https:\/\/rotary.fi\/imatra\/ajankohtaista\/"]}]},{"@type":"BreadcrumbList","@id":"https:\/\/rotary.fi\/imatra\/ajankohtaista\/#breadcrumb","itemListElement":[{"@type":"ListItem","position":1,"name":"Home","item":"https:\/\/rotary.fi\/imatra\/"},{"@type":"ListItem","position":2,"name":"Ajankohtaista"}]},{"@type":"WebSite","@id":"https:\/\/rotary.fi\/imatra\/#website","url":"https:\/\/rotary.fi\/imatra\/","name":"Imatran Rotaryklubi","description":"Uusi Rotary klubisivusto","potentialAction":[{"@type":"SearchAction","target":{"@type":"EntryPoint","urlTemplate":"https:\/\/rotary.fi\/imatra\/?s={search_term_string}"},"query-input":{"@type":"PropertyValueSpecification","valueRequired":true,"valueName":"search_term_string"}}],"inLanguage":"fi"}]}},"lang":"fi","translations":{"fi":94},"pll_sync_post":[],"_links":{"self":[{"href":"https:\/\/rotary.fi\/imatra\/wp-json\/wp\/v2\/pages\/94","targetHints":{"allow":["GET"]}}],"collection":[{"href":"https:\/\/rotary.fi\/imatra\/wp-json\/wp\/v2\/pages"}],"about":[{"href":"https:\/\/rotary.fi\/imatra\/wp-json\/wp\/v2\/types\/page"}],"author":[{"embeddable":true,"href":"https:\/\/rotary.fi\/imatra\/wp-json\/wp\/v2\/users\/1"}],"replies":[{"embeddable":true,"href":"https:\/\/rotary.fi\/imatra\/wp-json\/wp\/v2\/comments?post=94"}],"version-history":[{"count":8,"href":"https:\/\/rotary.fi\/imatra\/wp-json\/wp\/v2\/pages\/94\/revisions"}],"predecessor-version":[{"id":1538,"href":"https:\/\/rotary.fi\/imatra\/wp-json\/wp\/v2\/pages\/94\/revisions\/1538"}],"wp:attachment":[{"href":"https:\/\/rotary.fi\/imatra\/wp-json\/wp\/v2\/media?parent=94"}],"curies":[{"name":"wp","href":"https:\/\/api.w.org\/{rel}","templated":true}]}}