{"id":154,"date":"2018-08-13T09:35:27","date_gmt":"2018-08-13T06:35:27","guid":{"rendered":"https:\/\/rotary.fi\/imatra\/?page_id=154"},"modified":"2022-09-20T12:36:47","modified_gmt":"2022-09-20T09:36:47","slug":"nuorisovaihto","status":"publish","type":"page","link":"https:\/\/rotary.fi\/imatra\/mita-teemme\/nuorisovaihto\/","title":{"rendered":"Nuorisovaihto"},"content":{"rendered":"<p>[et_pb_section fb_built=&#8221;1&#8243; module_class=&#8221;jumbotron-page&#8221; _builder_version=&#8221;4.16&#8243; background_image=&#8221;https:\/\/rotary.fi\/imatra\/wp-content\/uploads\/sites\/49\/2018\/10\/rotary_klubit_alasivu_paakuva_9.jpg&#8221; global_colors_info=&#8221;{}&#8221;][et_pb_row _builder_version=&#8221;4.16&#8243; background_size=&#8221;initial&#8221; background_position=&#8221;top_left&#8221; background_repeat=&#8221;repeat&#8221; global_colors_info=&#8221;{}&#8221;][et_pb_column type=&#8221;4_4&#8243; _builder_version=&#8221;4.16&#8243; custom_padding=&#8221;|||&#8221; global_colors_info=&#8221;{}&#8221; custom_padding__hover=&#8221;|||&#8221;][et_pb_text admin_label=&#8221;P\u00e4\u00e4otsikko&#8221; _builder_version=&#8221;4.16&#8243; text_orientation=&#8221;center&#8221; background_layout=&#8221;dark&#8221; global_colors_info=&#8221;{}&#8221;]<\/p>\n<h1>Nuorisovaihto<\/h1>\n<p>[\/et_pb_text][\/et_pb_column][\/et_pb_row][\/et_pb_section][et_pb_section fb_built=&#8221;1&#8243; specialty=&#8221;on&#8221; module_class_2=&#8221;sivupalkki&#8221; _builder_version=&#8221;4.16&#8243; global_colors_info=&#8221;{}&#8221;][et_pb_column type=&#8221;2_3&#8243; specialty_columns=&#8221;2&#8243; _builder_version=&#8221;4.16&#8243; custom_padding=&#8221;|||&#8221; global_colors_info=&#8221;{}&#8221; custom_padding__hover=&#8221;|||&#8221;][et_pb_row_inner admin_label=&#8221;Rivi&#8221; _builder_version=&#8221;4.16&#8243; global_colors_info=&#8221;{}&#8221;][et_pb_column_inner saved_specialty_column_type=&#8221;2_3&#8243; _builder_version=&#8221;4.16&#8243; custom_padding=&#8221;|||&#8221; global_colors_info=&#8221;{}&#8221; custom_padding__hover=&#8221;|||&#8221;][et_pb_text admin_label=&#8221;Nuorisovaihto &#8211; Otsikko&#8221; _builder_version=&#8221;4.16&#8243; text_orientation=&#8221;center&#8221; global_colors_info=&#8221;{}&#8221;]<\/p>\n<h1>Nuorisovaihto<\/h1>\n<p>[\/et_pb_text][et_pb_text _builder_version=&#8221;4.18.0&#8243; hover_enabled=&#8221;0&#8243; global_colors_info=&#8221;{}&#8221; sticky_enabled=&#8221;0&#8243;]<\/p>\n<p>XXXXXXXXXXXXXXXXXXXXXXXXXXXXXXXXXXXXXXXXXXXXXXXXXXXXXXXXXXXXXXXXXXXXXXXXXXXXXXXXXXXXXXXX<\/p>\n<p><strong><em>Rotary vaihtoon maailmalle turvallisesti ja edullisesti kes\u00e4ll\u00e4 2023!<\/em><\/strong><\/p>\n<p>Rotareiden nuorisovaihto on rotareiden tunnetuimpia ohjelmia. Vuosittain yli 8 000 oppilasta maailmanlaajuisesti l\u00e4htee rotary vaihtoon ulkomaille, joko vuodeksi tai vain muutamaksi viikoksi kes\u00e4- tai leirivaihtoon. Is\u00e4nt\u00e4perheet tai rotaryklubit eiv\u00e4t saa t\u00e4st\u00e4 korvausta vaan toiminta perustuu vapaaehtoiseen ja vastavuoroiseen palvelutoimintaan. Nuori asuu is\u00e4nt\u00e4perheess\u00e4\u00e4n aina perheenj\u00e4senen\u00e4. Vaihdon tavoitteena on, ett\u00e4 nuori ymm\u00e4rt\u00e4\u00e4 ja oppii erilaisuutta, kielitaitoa, suvaitsevaisuutta sek\u00e4 eri kulttuurien moninaisuuden arvostamista. Vaihtomaita mm. Euroopassa, Pohjois- ja Etel\u00e4-Amerikassa, Aasiassa ja Afrikassa.<\/p>\n<p>Jos\u00a0 kes\u00e4- tai leirivaihto kiinnostaa, tee vapaamuotoinen hakemus itsest\u00e4 Imatran Rotaryklubille. P\u00e4\u00e4syvaatimuksena kohtuullisen hyv\u00e4 koulumenestys, joustavuus, esiintymiskyky ja itsen\u00e4isyys. Hakuaika on 30.09.2022 menness\u00e4 (kes\u00e4vaihdot) tai 31.10.2022 menness\u00e4 (leirivaihto). Hakemukset on oltava toimitettuna eteenp\u00e4in piirille t\u00e4h\u00e4n menness\u00e4, joten olethan hyviss\u00e4 ajoin yhteydess\u00e4 meihin.<\/p>\n<p>Tarkempia tietoja ja ohjeita l\u00f6ytyy my\u00f6s\u00a0 <a href=\"http:\/\/www.rye.fi\">www.rye.fi<\/a> tai ottamalla suoraan yhteytt\u00e4 Imatran Rotaryklubiin tai nuorisovaihtoasiamieheen Kristine Mylleriin; s\u00e4hk\u00f6posti; kristine[at]myller.com.<\/p>\n<p>Imatran Rotaryklubi<\/p>\n<p>XXXXXXXXXXXXXXXXXXXXXXXXXXXXXXXXXXXXXXXXXXXXXXXXXXXXXXXXXXXXXXXXXXXXXXXXXXXXXXXXXXXXXXXX<\/p>\n<p class=\"p1\"><span class=\"s1\">Rotaryn nuorisovaihto on turvallinen ja usein varsin edullinen tapa l\u00e4hte\u00e4 ulkomaille vaihto-oppilaaksi.<span class=\"Apple-converted-space\">\u00a0 <\/span>Rotaryn nuorisovaihto on sertifioitua ja valvottua. Nuorta sitovat rotareiden ohjeet ja s\u00e4\u00e4nn\u00f6t, se on osa turvallisuutta. Nuori ja h\u00e4nen perheens\u00e4 koulutetaan vaihtovuoden vaatimuksiin ennen nuoren l\u00e4ht\u00f6\u00e4. <\/span><\/p>\n<p class=\"p1\"><span class=\"s1\">Vastaanottava perhe ottaa nuoren perheenj\u00e4senekseen. Vastaanottava rotaryklubi huolehtii mm. saapuvan vaihto-oppilaan koulukustannuksista. Nuori saa my\u00f6s pient\u00e4 kuukausirahaa rotaryklubiltaan. Perhe ei saa rahallista korvausta nuoren yll\u00e4pidosta.<\/span><\/p>\n<p class=\"p1\"><span class=\"s1\">Suomeen saapuville vaihto-oppilaille tarvitaan is\u00e4nt\u00e4perheit\u00e4. Nuori on vaihtovuoden aikana yleens\u00e4 kolmessa perheess\u00e4, noin nelj\u00e4 kuukautta jokaisessa. Kun haluat tarjota turvallisen kodin Suomeen saapuvalle nuorelle, ota yhteytt\u00e4 klubimme nuorisovaihtoasiamieheen.\u00a0<\/span><\/p>\n<p class=\"p1\"><span class=\"s1\">Kun rotaryklubi ottaa vastaan ulkomaisen vaihto-oppilaan, se tarkoittaa samalla, ett\u00e4 meilt\u00e4 vastavuoroisesti p\u00e4\u00e4see nuori ulkomaille. Ulkomailla koulunk\u00e4ynti ei suinkaan aina ole oppilaalle ilmaista, mutta nuoren vastaanottava rotaryklubi vastaa n\u00e4ist\u00e4kin kustannuksista. Nuori saa my\u00f6s samat edut ja huolenpidon kuin maahamme saapuva nuori. <\/span><\/p>\n<p>[\/et_pb_text][\/et_pb_column_inner][\/et_pb_row_inner][et_pb_row_inner admin_label=&#8221;Rivi&#8221; _builder_version=&#8221;4.16&#8243; global_colors_info=&#8221;{}&#8221;][et_pb_column_inner saved_specialty_column_type=&#8221;2_3&#8243; _builder_version=&#8221;4.16&#8243; custom_padding=&#8221;|||&#8221; global_colors_info=&#8221;{}&#8221; custom_padding__hover=&#8221;|||&#8221;][et_pb_text admin_label=&#8221;Kiinnostuitko nuorisovaihdosta? &#8211; Otsikko&#8221; _builder_version=&#8221;4.16&#8243; text_orientation=&#8221;center&#8221; global_colors_info=&#8221;{}&#8221;]<\/p>\n<h4>Kiinnostuitko nuorisovaihdosta?<\/h4>\n<p>[\/et_pb_text][et_pb_text _builder_version=&#8221;4.16&#8243; global_colors_info=&#8221;{}&#8221;]<\/p>\n<p class=\"p1\"><span class=\"s1\">Rotaryn kautta voit p\u00e4\u00e4st\u00e4 vuosivaihtoon, kes\u00e4vaihtoon tai leirivaihtoon. N\u00e4ist\u00e4 eri vaihtomuodoista voit<span class=\"Apple-converted-space\">\u00a0 <\/span>lukea lis\u00e4\u00e4 Suomen Rotaryn <\/span><a href=\"https:\/\/rotary.fi\/mita-teemme\/nuorisopalvelut\/nuorisovaihto\/\" target=\"_blank\" rel=\"noopener noreferrer\"><span class=\"s2\">nuorisovaihdon<\/span><\/a><span class=\"s1\"> sivuilta.<\/span><span class=\"s3\">\u00a0<\/span><span class=\"s1\">Hakuaika seuraavan vuoden vaihtoihin on hakuvuotta edelt\u00e4v\u00e4n\u00e4 syksyn\u00e4. Jos kiinnostuit, ota yhteytt\u00e4 klubimme nuorisoasiamieheen ja kysy l\u00e4het\u00e4mmek\u00f6 vaihto-oppilaan tulevana vuonna. <\/span><\/p>\n<p class=\"p2\"><strong><span class=\"s4\">Kysy rohkeasti lis\u00e4\u00e4 Rotaryn nuorisovaihdosta!<br \/><\/span><\/strong><span class=\"s1\">Klubimme nuorisovaihtoasiamies: <\/span><span class=\"s1\">Kristine Myller kristine (at) myller.com<br \/><\/span><\/p>\n<p>[\/et_pb_text][et_pb_button button_url=&#8221;https:\/\/rotary.fi\/mita-teemme\/nuorisopalvelut\/nuorisovaihto\/&#8221; url_new_window=&#8221;on&#8221; button_text=&#8221;Lue lis\u00e4\u00e4 nuorisovaihdosta&#8221; _builder_version=&#8221;4.16&#8243; _module_preset=&#8221;default&#8221; global_colors_info=&#8221;{}&#8221;][\/et_pb_button][\/et_pb_column_inner][\/et_pb_row_inner][\/et_pb_column][et_pb_column type=&#8221;1_3&#8243; _builder_version=&#8221;4.16&#8243; custom_padding=&#8221;|||&#8221; global_colors_info=&#8221;{}&#8221; custom_padding__hover=&#8221;|||&#8221;][et_pb_sidebar area=&#8221;sidebar-1&#8243; module_class=&#8221;sivupalkki_sisalto&#8221; _builder_version=&#8221;4.16&#8243; locked=&#8221;on&#8221; global_colors_info=&#8221;{}&#8221;]<br \/>\n[\/et_pb_sidebar][\/et_pb_column][\/et_pb_section]<\/p>\n","protected":false},"excerpt":{"rendered":"<p>Nuorisovaihto Nuorisovaihto XXXXXXXXXXXXXXXXXXXXXXXXXXXXXXXXXXXXXXXXXXXXXXXXXXXXXXXXXXXXXXXXXXXXXXXXXXXXXXXXXXXXXXXX Rotary vaihtoon maailmalle turvallisesti ja edullisesti kes\u00e4ll\u00e4 2023! Rotareiden nuorisovaihto on rotareiden tunnetuimpia ohjelmia. Vuosittain yli 8 000 oppilasta maailmanlaajuisesti l\u00e4htee rotary vaihtoon ulkomaille, joko vuodeksi tai vain muutamaksi viikoksi kes\u00e4- tai leirivaihtoon. Is\u00e4nt\u00e4perheet tai rotaryklubit eiv\u00e4t saa t\u00e4st\u00e4 korvausta vaan toiminta perustuu vapaaehtoiseen ja vastavuoroiseen palvelutoimintaan. Nuori asuu is\u00e4nt\u00e4perheess\u00e4\u00e4n aina perheenj\u00e4senen\u00e4. [&hellip;]<\/p>\n","protected":false},"author":1,"featured_media":0,"parent":77,"menu_order":0,"comment_status":"closed","ping_status":"closed","template":"","meta":{"_acf_changed":false,"_et_pb_use_builder":"on","_et_pb_old_content":"","_et_gb_content_width":"","footnotes":""},"class_list":["post-154","page","type-page","status-publish","hentry"],"acf":[],"yoast_head":"<!-- This site is optimized with the Yoast SEO plugin v27.0 - https:\/\/yoast.com\/product\/yoast-seo-wordpress\/ -->\n<title>Nuorisovaihto - Imatran Rotaryklubi<\/title>\n<meta name=\"robots\" content=\"index, follow, max-snippet:-1, max-image-preview:large, max-video-preview:-1\" \/>\n<link rel=\"canonical\" href=\"https:\/\/rotary.fi\/imatra\/mita-teemme\/nuorisovaihto\/\" \/>\n<meta property=\"og:locale\" content=\"fi_FI\" \/>\n<meta property=\"og:type\" content=\"article\" \/>\n<meta property=\"og:title\" content=\"Nuorisovaihto - Imatran Rotaryklubi\" \/>\n<meta property=\"og:description\" content=\"Nuorisovaihto Nuorisovaihto XXXXXXXXXXXXXXXXXXXXXXXXXXXXXXXXXXXXXXXXXXXXXXXXXXXXXXXXXXXXXXXXXXXXXXXXXXXXXXXXXXXXXXXX Rotary vaihtoon maailmalle turvallisesti ja edullisesti kes\u00e4ll\u00e4 2023! Rotareiden nuorisovaihto on rotareiden tunnetuimpia ohjelmia. Vuosittain yli 8 000 oppilasta maailmanlaajuisesti l\u00e4htee rotary vaihtoon ulkomaille, joko vuodeksi tai vain muutamaksi viikoksi kes\u00e4- tai leirivaihtoon. Is\u00e4nt\u00e4perheet tai rotaryklubit eiv\u00e4t saa t\u00e4st\u00e4 korvausta vaan toiminta perustuu vapaaehtoiseen ja vastavuoroiseen palvelutoimintaan. Nuori asuu is\u00e4nt\u00e4perheess\u00e4\u00e4n aina perheenj\u00e4senen\u00e4. [&hellip;]\" \/>\n<meta property=\"og:url\" content=\"https:\/\/rotary.fi\/imatra\/mita-teemme\/nuorisovaihto\/\" \/>\n<meta property=\"og:site_name\" content=\"Imatran Rotaryklubi\" \/>\n<meta property=\"article:modified_time\" content=\"2022-09-20T09:36:47+00:00\" \/>\n<meta name=\"twitter:card\" content=\"summary_large_image\" \/>\n<meta name=\"twitter:label1\" content=\"Arvioitu lukuaika\" \/>\n\t<meta name=\"twitter:data1\" content=\"3 minuuttia\" \/>\n<script type=\"application\/ld+json\" class=\"yoast-schema-graph\">{\"@context\":\"https:\/\/schema.org\",\"@graph\":[{\"@type\":\"WebPage\",\"@id\":\"https:\/\/rotary.fi\/imatra\/mita-teemme\/nuorisovaihto\/\",\"url\":\"https:\/\/rotary.fi\/imatra\/mita-teemme\/nuorisovaihto\/\",\"name\":\"Nuorisovaihto - Imatran Rotaryklubi\",\"isPartOf\":{\"@id\":\"https:\/\/rotary.fi\/imatra\/#website\"},\"datePublished\":\"2018-08-13T06:35:27+00:00\",\"dateModified\":\"2022-09-20T09:36:47+00:00\",\"breadcrumb\":{\"@id\":\"https:\/\/rotary.fi\/imatra\/mita-teemme\/nuorisovaihto\/#breadcrumb\"},\"inLanguage\":\"fi\",\"potentialAction\":[{\"@type\":\"ReadAction\",\"target\":[\"https:\/\/rotary.fi\/imatra\/mita-teemme\/nuorisovaihto\/\"]}]},{\"@type\":\"BreadcrumbList\",\"@id\":\"https:\/\/rotary.fi\/imatra\/mita-teemme\/nuorisovaihto\/#breadcrumb\",\"itemListElement\":[{\"@type\":\"ListItem\",\"position\":1,\"name\":\"Home\",\"item\":\"https:\/\/rotary.fi\/imatra\/\"},{\"@type\":\"ListItem\",\"position\":2,\"name\":\"Mit\u00e4 teemme\",\"item\":\"https:\/\/rotary.fi\/imatra\/mita-teemme\/\"},{\"@type\":\"ListItem\",\"position\":3,\"name\":\"Nuorisovaihto\"}]},{\"@type\":\"WebSite\",\"@id\":\"https:\/\/rotary.fi\/imatra\/#website\",\"url\":\"https:\/\/rotary.fi\/imatra\/\",\"name\":\"Imatran Rotaryklubi\",\"description\":\"Uusi Rotary klubisivusto\",\"potentialAction\":[{\"@type\":\"SearchAction\",\"target\":{\"@type\":\"EntryPoint\",\"urlTemplate\":\"https:\/\/rotary.fi\/imatra\/?s={search_term_string}\"},\"query-input\":{\"@type\":\"PropertyValueSpecification\",\"valueRequired\":true,\"valueName\":\"search_term_string\"}}],\"inLanguage\":\"fi\"}]}<\/script>\n<!-- \/ Yoast SEO plugin. -->","yoast_head_json":{"title":"Nuorisovaihto - Imatran Rotaryklubi","robots":{"index":"index","follow":"follow","max-snippet":"max-snippet:-1","max-image-preview":"max-image-preview:large","max-video-preview":"max-video-preview:-1"},"canonical":"https:\/\/rotary.fi\/imatra\/mita-teemme\/nuorisovaihto\/","og_locale":"fi_FI","og_type":"article","og_title":"Nuorisovaihto - Imatran Rotaryklubi","og_description":"Nuorisovaihto Nuorisovaihto XXXXXXXXXXXXXXXXXXXXXXXXXXXXXXXXXXXXXXXXXXXXXXXXXXXXXXXXXXXXXXXXXXXXXXXXXXXXXXXXXXXXXXXX Rotary vaihtoon maailmalle turvallisesti ja edullisesti kes\u00e4ll\u00e4 2023! Rotareiden nuorisovaihto on rotareiden tunnetuimpia ohjelmia. Vuosittain yli 8 000 oppilasta maailmanlaajuisesti l\u00e4htee rotary vaihtoon ulkomaille, joko vuodeksi tai vain muutamaksi viikoksi kes\u00e4- tai leirivaihtoon. Is\u00e4nt\u00e4perheet tai rotaryklubit eiv\u00e4t saa t\u00e4st\u00e4 korvausta vaan toiminta perustuu vapaaehtoiseen ja vastavuoroiseen palvelutoimintaan. Nuori asuu is\u00e4nt\u00e4perheess\u00e4\u00e4n aina perheenj\u00e4senen\u00e4. [&hellip;]","og_url":"https:\/\/rotary.fi\/imatra\/mita-teemme\/nuorisovaihto\/","og_site_name":"Imatran Rotaryklubi","article_modified_time":"2022-09-20T09:36:47+00:00","twitter_card":"summary_large_image","twitter_misc":{"Arvioitu lukuaika":"3 minuuttia"},"schema":{"@context":"https:\/\/schema.org","@graph":[{"@type":"WebPage","@id":"https:\/\/rotary.fi\/imatra\/mita-teemme\/nuorisovaihto\/","url":"https:\/\/rotary.fi\/imatra\/mita-teemme\/nuorisovaihto\/","name":"Nuorisovaihto - Imatran Rotaryklubi","isPartOf":{"@id":"https:\/\/rotary.fi\/imatra\/#website"},"datePublished":"2018-08-13T06:35:27+00:00","dateModified":"2022-09-20T09:36:47+00:00","breadcrumb":{"@id":"https:\/\/rotary.fi\/imatra\/mita-teemme\/nuorisovaihto\/#breadcrumb"},"inLanguage":"fi","potentialAction":[{"@type":"ReadAction","target":["https:\/\/rotary.fi\/imatra\/mita-teemme\/nuorisovaihto\/"]}]},{"@type":"BreadcrumbList","@id":"https:\/\/rotary.fi\/imatra\/mita-teemme\/nuorisovaihto\/#breadcrumb","itemListElement":[{"@type":"ListItem","position":1,"name":"Home","item":"https:\/\/rotary.fi\/imatra\/"},{"@type":"ListItem","position":2,"name":"Mit\u00e4 teemme","item":"https:\/\/rotary.fi\/imatra\/mita-teemme\/"},{"@type":"ListItem","position":3,"name":"Nuorisovaihto"}]},{"@type":"WebSite","@id":"https:\/\/rotary.fi\/imatra\/#website","url":"https:\/\/rotary.fi\/imatra\/","name":"Imatran Rotaryklubi","description":"Uusi Rotary klubisivusto","potentialAction":[{"@type":"SearchAction","target":{"@type":"EntryPoint","urlTemplate":"https:\/\/rotary.fi\/imatra\/?s={search_term_string}"},"query-input":{"@type":"PropertyValueSpecification","valueRequired":true,"valueName":"search_term_string"}}],"inLanguage":"fi"}]}},"lang":"fi","translations":{"fi":154},"pll_sync_post":[],"_links":{"self":[{"href":"https:\/\/rotary.fi\/imatra\/wp-json\/wp\/v2\/pages\/154","targetHints":{"allow":["GET"]}}],"collection":[{"href":"https:\/\/rotary.fi\/imatra\/wp-json\/wp\/v2\/pages"}],"about":[{"href":"https:\/\/rotary.fi\/imatra\/wp-json\/wp\/v2\/types\/page"}],"author":[{"embeddable":true,"href":"https:\/\/rotary.fi\/imatra\/wp-json\/wp\/v2\/users\/1"}],"replies":[{"embeddable":true,"href":"https:\/\/rotary.fi\/imatra\/wp-json\/wp\/v2\/comments?post=154"}],"version-history":[{"count":10,"href":"https:\/\/rotary.fi\/imatra\/wp-json\/wp\/v2\/pages\/154\/revisions"}],"predecessor-version":[{"id":1759,"href":"https:\/\/rotary.fi\/imatra\/wp-json\/wp\/v2\/pages\/154\/revisions\/1759"}],"up":[{"embeddable":true,"href":"https:\/\/rotary.fi\/imatra\/wp-json\/wp\/v2\/pages\/77"}],"wp:attachment":[{"href":"https:\/\/rotary.fi\/imatra\/wp-json\/wp\/v2\/media?parent=154"}],"curies":[{"name":"wp","href":"https:\/\/api.w.org\/{rel}","templated":true}]}}