{"id":142,"date":"2018-08-10T14:04:45","date_gmt":"2018-08-10T11:04:45","guid":{"rendered":"https:\/\/rotary.fi\/klubi2\/?page_id=142"},"modified":"2021-09-27T16:37:00","modified_gmt":"2021-09-27T13:37:00","slug":"ilo-esitella","status":"publish","type":"page","link":"https:\/\/rotary.fi\/imatra\/keita-olemme\/ilo-esitella\/","title":{"rendered":"Ilo esitell\u00e4"},"content":{"rendered":"<p>[et_pb_section fb_built=&#8221;1&#8243; module_class=&#8221;jumbotron-page&#8221; _builder_version=&#8221;3.22&#8243; background_image=&#8221;https:\/\/rotary.fi\/imatra\/wp-content\/uploads\/sites\/49\/2018\/10\/rotary_klubit_alasivu_paakuva_14.jpg&#8221;][et_pb_row _builder_version=&#8221;3.25&#8243; background_size=&#8221;initial&#8221; background_position=&#8221;top_left&#8221; background_repeat=&#8221;repeat&#8221;][et_pb_column type=&#8221;4_4&#8243; _builder_version=&#8221;3.25&#8243; custom_padding=&#8221;|||&#8221; custom_padding__hover=&#8221;|||&#8221;][et_pb_text admin_label=&#8221;P\u00e4\u00e4otsikko&#8221; _builder_version=&#8221;3.27.4&#8243; text_orientation=&#8221;center&#8221; background_layout=&#8221;dark&#8221; hover_enabled=&#8221;0&#8243; sticky_enabled=&#8221;0&#8243;]<\/p>\n<h1>Ilo esitell\u00e4<\/h1>\n<p>[\/et_pb_text][\/et_pb_column][\/et_pb_row][\/et_pb_section][et_pb_section fb_built=&#8221;1&#8243; specialty=&#8221;on&#8221; module_class_2=&#8221;sivupalkki&#8221; _builder_version=&#8221;3.22&#8243; hover_enabled=&#8221;0&#8243; sticky_enabled=&#8221;0&#8243;][et_pb_column type=&#8221;2_3&#8243; specialty_columns=&#8221;2&#8243; _builder_version=&#8221;3.25&#8243; custom_padding=&#8221;|||&#8221; custom_padding__hover=&#8221;|||&#8221;][et_pb_row_inner admin_label=&#8221;Rivi&#8221; _builder_version=&#8221;3.25&#8243;][et_pb_column_inner saved_specialty_column_type=&#8221;2_3&#8243; _builder_version=&#8221;3.25&#8243; custom_padding=&#8221;|||&#8221; custom_padding__hover=&#8221;|||&#8221;][et_pb_text admin_label=&#8221;Ilo esitell\u00e4 &#8211; Otsikko&#8221; _builder_version=&#8221;3.27.4&#8243; text_orientation=&#8221;center&#8221;]<\/p>\n<h1>Ilo esitell\u00e4<\/h1>\n<p>[\/et_pb_text][et_pb_text _builder_version=&#8221;4.9.10&#8243; hover_enabled=&#8221;0&#8243; sticky_enabled=&#8221;0&#8243;]<\/p>\n<h2>Nuorisovaihto<\/h2>\n<p>Rotarit tarjoavat edullisen ja turvallisen tavan p\u00e4\u00e4st\u00e4 ulkomaille nuorisovaihtoon.Filippil\u00e4inen Mandi oli Imatralla nelj\u00e4 vuotta siitten ja tuli meit\u00e4 varta vasten tapaamaan 30.8.2021 opiskellessaan Hollannissa.<\/p>\n<h2>Rotary Day<\/h2>\n<p>J\u00e4rjest\u00e4mme vuosittain Rotary Dayn, tapahtuman vanhuksille jossa vierailemme palveluatlossa ja seurustelemme ja nautimme Mansikkalan yl\u00e4koulun musiikiluokan kuorolaulusta. Valitettavasti koronan aikan emme ole p\u00e4\u00e4sseet j\u00e4rjest\u00e4m\u00e4\u00e4n tilaisuutta.<\/p>\n<h2>Nuorten Vuoksi &#8211; projekti Mansikkaln Yl\u00e4koulun 9. luokkien oppilaille<\/h2>\n<p>Imatra-Vuoksen rotaryklubi ja Zonta-naiset j\u00e4rjestiv\u00e4t keskiviikkona 10.1.2018 yhteisty\u00f6ss\u00e4 ensimm\u00e4ist\u00e4 kertaa Nuorten Vuoksi-projektin Imatran Mansikkalan yl\u00e4koulun 9. luokan oppilaille.<br \/>Projektin tavoitteena oli ohjata, motivoida ja kannustaa nuoret keskustelemaan sek\u00e4 miettim\u00e4\u00e4n omia unelmia ja ammatillisia tavoitteita. Rotaryt ja Zonta-naiset ohjasivat oppilaita pienryhmiss\u00e4 miettim\u00e4\u00e4n my\u00f6s omien unelmien, haaveiden ja tavoitteiden saavuttamisen esteit\u00e4 sek\u00e4 esteiden pienent\u00e4mist\u00e4 ja mahdollista poistamista.<br \/>Oppilaat t\u00e4yttiv\u00e4t my\u00f6s arviontilomakkeen, jossa he arvioivat omia ammatillisia tavoitteita, unelmia ja osaamisvaatimuksia. Samaisella lomakkeella oppilaat osallistuivat my\u00f6s arvontaan, jossa oli mahdollisuus voittaa yli 60 erilaista toiminnallista palkintoa mm. kuntosali-, kylpyl\u00e4- ja elokuvalippuja. Arvonnat suoritettiin tilaisuuksien j\u00e4lkeen opintojen-ohjaaja Katja H\u00e4m\u00e4l\u00e4isen kanssa, joka toimittaa palkinnot eteenp\u00e4in voittajille.<br \/>Mukavaa ja positiivista oli todeta, ett\u00e4 suurimmalla osalla nuorista olivat ammatilliset unelmat ja tavoitteet t\u00e4ss\u00e4 vaiheessa opintoja hyvinkin selv\u00e4t. T\u00e4st\u00e4 on hyv\u00e4 jatkaa, kertoo Imatra-Vuoksen rotary-klubin projektin vet\u00e4j\u00e4 Kristine Myller.<\/p>\n<p>[\/et_pb_text][\/et_pb_column_inner][\/et_pb_row_inner][\/et_pb_column][et_pb_column type=&#8221;1_3&#8243; _builder_version=&#8221;3.25&#8243; custom_padding=&#8221;|||&#8221; custom_padding__hover=&#8221;|||&#8221;][et_pb_sidebar area=&#8221;sidebar-1&#8243; module_class=&#8221;sivupalkki_sisalto&#8221; _builder_version=&#8221;3.4.1&#8243; locked=&#8221;on&#8221;]<br \/>\n[\/et_pb_sidebar][\/et_pb_column][\/et_pb_section]<\/p>\n","protected":false},"excerpt":{"rendered":"<p>Ilo esitell\u00e4 Ilo esitell\u00e4 Nuorisovaihto Rotarit tarjoavat edullisen ja turvallisen tavan p\u00e4\u00e4st\u00e4 ulkomaille nuorisovaihtoon.Filippil\u00e4inen Mandi oli Imatralla nelj\u00e4 vuotta siitten ja tuli meit\u00e4 varta vasten tapaamaan 30.8.2021 opiskellessaan Hollannissa. Rotary Day J\u00e4rjest\u00e4mme vuosittain Rotary Dayn, tapahtuman vanhuksille jossa vierailemme palveluatlossa ja seurustelemme ja nautimme Mansikkalan yl\u00e4koulun musiikiluokan kuorolaulusta. Valitettavasti koronan aikan emme ole p\u00e4\u00e4sseet j\u00e4rjest\u00e4m\u00e4\u00e4n [&hellip;]<\/p>\n","protected":false},"author":1,"featured_media":0,"parent":129,"menu_order":0,"comment_status":"closed","ping_status":"closed","template":"","meta":{"_acf_changed":false,"_et_pb_use_builder":"on","_et_pb_old_content":"","_et_gb_content_width":"","footnotes":""},"class_list":["post-142","page","type-page","status-publish","hentry"],"acf":[],"yoast_head":"<!-- This site is optimized with the Yoast SEO plugin v27.4 - https:\/\/yoast.com\/product\/yoast-seo-wordpress\/ -->\n<title>Ilo esitell\u00e4 - Imatran Rotaryklubi<\/title>\n<meta name=\"robots\" content=\"index, follow, max-snippet:-1, max-image-preview:large, max-video-preview:-1\" \/>\n<link rel=\"canonical\" href=\"https:\/\/rotary.fi\/imatra\/keita-olemme\/ilo-esitella\/\" \/>\n<meta property=\"og:locale\" content=\"fi_FI\" \/>\n<meta property=\"og:type\" content=\"article\" \/>\n<meta property=\"og:title\" content=\"Ilo esitell\u00e4 - Imatran Rotaryklubi\" \/>\n<meta property=\"og:description\" content=\"Ilo esitell\u00e4 Ilo esitell\u00e4 Nuorisovaihto Rotarit tarjoavat edullisen ja turvallisen tavan p\u00e4\u00e4st\u00e4 ulkomaille nuorisovaihtoon.Filippil\u00e4inen Mandi oli Imatralla nelj\u00e4 vuotta siitten ja tuli meit\u00e4 varta vasten tapaamaan 30.8.2021 opiskellessaan Hollannissa. Rotary Day J\u00e4rjest\u00e4mme vuosittain Rotary Dayn, tapahtuman vanhuksille jossa vierailemme palveluatlossa ja seurustelemme ja nautimme Mansikkalan yl\u00e4koulun musiikiluokan kuorolaulusta. Valitettavasti koronan aikan emme ole p\u00e4\u00e4sseet j\u00e4rjest\u00e4m\u00e4\u00e4n [&hellip;]\" \/>\n<meta property=\"og:url\" content=\"https:\/\/rotary.fi\/imatra\/keita-olemme\/ilo-esitella\/\" \/>\n<meta property=\"og:site_name\" content=\"Imatran Rotaryklubi\" \/>\n<meta property=\"article:modified_time\" content=\"2021-09-27T13:37:00+00:00\" \/>\n<meta name=\"twitter:card\" content=\"summary_large_image\" \/>\n<meta name=\"twitter:label1\" content=\"Arvioitu lukuaika\" \/>\n\t<meta name=\"twitter:data1\" content=\"2 minuuttia\" \/>\n<script type=\"application\/ld+json\" class=\"yoast-schema-graph\">{\"@context\":\"https:\\\/\\\/schema.org\",\"@graph\":[{\"@type\":\"WebPage\",\"@id\":\"https:\\\/\\\/rotary.fi\\\/imatra\\\/keita-olemme\\\/ilo-esitella\\\/\",\"url\":\"https:\\\/\\\/rotary.fi\\\/imatra\\\/keita-olemme\\\/ilo-esitella\\\/\",\"name\":\"Ilo esitell\u00e4 - Imatran Rotaryklubi\",\"isPartOf\":{\"@id\":\"https:\\\/\\\/rotary.fi\\\/imatra\\\/#website\"},\"datePublished\":\"2018-08-10T11:04:45+00:00\",\"dateModified\":\"2021-09-27T13:37:00+00:00\",\"breadcrumb\":{\"@id\":\"https:\\\/\\\/rotary.fi\\\/imatra\\\/keita-olemme\\\/ilo-esitella\\\/#breadcrumb\"},\"inLanguage\":\"fi\",\"potentialAction\":[{\"@type\":\"ReadAction\",\"target\":[\"https:\\\/\\\/rotary.fi\\\/imatra\\\/keita-olemme\\\/ilo-esitella\\\/\"]}]},{\"@type\":\"BreadcrumbList\",\"@id\":\"https:\\\/\\\/rotary.fi\\\/imatra\\\/keita-olemme\\\/ilo-esitella\\\/#breadcrumb\",\"itemListElement\":[{\"@type\":\"ListItem\",\"position\":1,\"name\":\"Home\",\"item\":\"https:\\\/\\\/rotary.fi\\\/imatra\\\/\"},{\"@type\":\"ListItem\",\"position\":2,\"name\":\"Keit\u00e4 olemme\",\"item\":\"https:\\\/\\\/rotary.fi\\\/imatra\\\/keita-olemme\\\/\"},{\"@type\":\"ListItem\",\"position\":3,\"name\":\"Ilo esitell\u00e4\"}]},{\"@type\":\"WebSite\",\"@id\":\"https:\\\/\\\/rotary.fi\\\/imatra\\\/#website\",\"url\":\"https:\\\/\\\/rotary.fi\\\/imatra\\\/\",\"name\":\"Imatran Rotaryklubi\",\"description\":\"Uusi Rotary klubisivusto\",\"potentialAction\":[{\"@type\":\"SearchAction\",\"target\":{\"@type\":\"EntryPoint\",\"urlTemplate\":\"https:\\\/\\\/rotary.fi\\\/imatra\\\/?s={search_term_string}\"},\"query-input\":{\"@type\":\"PropertyValueSpecification\",\"valueRequired\":true,\"valueName\":\"search_term_string\"}}],\"inLanguage\":\"fi\"}]}<\/script>\n<!-- \/ Yoast SEO plugin. -->","yoast_head_json":{"title":"Ilo esitell\u00e4 - Imatran Rotaryklubi","robots":{"index":"index","follow":"follow","max-snippet":"max-snippet:-1","max-image-preview":"max-image-preview:large","max-video-preview":"max-video-preview:-1"},"canonical":"https:\/\/rotary.fi\/imatra\/keita-olemme\/ilo-esitella\/","og_locale":"fi_FI","og_type":"article","og_title":"Ilo esitell\u00e4 - Imatran Rotaryklubi","og_description":"Ilo esitell\u00e4 Ilo esitell\u00e4 Nuorisovaihto Rotarit tarjoavat edullisen ja turvallisen tavan p\u00e4\u00e4st\u00e4 ulkomaille nuorisovaihtoon.Filippil\u00e4inen Mandi oli Imatralla nelj\u00e4 vuotta siitten ja tuli meit\u00e4 varta vasten tapaamaan 30.8.2021 opiskellessaan Hollannissa. Rotary Day J\u00e4rjest\u00e4mme vuosittain Rotary Dayn, tapahtuman vanhuksille jossa vierailemme palveluatlossa ja seurustelemme ja nautimme Mansikkalan yl\u00e4koulun musiikiluokan kuorolaulusta. Valitettavasti koronan aikan emme ole p\u00e4\u00e4sseet j\u00e4rjest\u00e4m\u00e4\u00e4n [&hellip;]","og_url":"https:\/\/rotary.fi\/imatra\/keita-olemme\/ilo-esitella\/","og_site_name":"Imatran Rotaryklubi","article_modified_time":"2021-09-27T13:37:00+00:00","twitter_card":"summary_large_image","twitter_misc":{"Arvioitu lukuaika":"2 minuuttia"},"schema":{"@context":"https:\/\/schema.org","@graph":[{"@type":"WebPage","@id":"https:\/\/rotary.fi\/imatra\/keita-olemme\/ilo-esitella\/","url":"https:\/\/rotary.fi\/imatra\/keita-olemme\/ilo-esitella\/","name":"Ilo esitell\u00e4 - Imatran Rotaryklubi","isPartOf":{"@id":"https:\/\/rotary.fi\/imatra\/#website"},"datePublished":"2018-08-10T11:04:45+00:00","dateModified":"2021-09-27T13:37:00+00:00","breadcrumb":{"@id":"https:\/\/rotary.fi\/imatra\/keita-olemme\/ilo-esitella\/#breadcrumb"},"inLanguage":"fi","potentialAction":[{"@type":"ReadAction","target":["https:\/\/rotary.fi\/imatra\/keita-olemme\/ilo-esitella\/"]}]},{"@type":"BreadcrumbList","@id":"https:\/\/rotary.fi\/imatra\/keita-olemme\/ilo-esitella\/#breadcrumb","itemListElement":[{"@type":"ListItem","position":1,"name":"Home","item":"https:\/\/rotary.fi\/imatra\/"},{"@type":"ListItem","position":2,"name":"Keit\u00e4 olemme","item":"https:\/\/rotary.fi\/imatra\/keita-olemme\/"},{"@type":"ListItem","position":3,"name":"Ilo esitell\u00e4"}]},{"@type":"WebSite","@id":"https:\/\/rotary.fi\/imatra\/#website","url":"https:\/\/rotary.fi\/imatra\/","name":"Imatran Rotaryklubi","description":"Uusi Rotary klubisivusto","potentialAction":[{"@type":"SearchAction","target":{"@type":"EntryPoint","urlTemplate":"https:\/\/rotary.fi\/imatra\/?s={search_term_string}"},"query-input":{"@type":"PropertyValueSpecification","valueRequired":true,"valueName":"search_term_string"}}],"inLanguage":"fi"}]}},"lang":"fi","translations":{"fi":142},"pll_sync_post":[],"_links":{"self":[{"href":"https:\/\/rotary.fi\/imatra\/wp-json\/wp\/v2\/pages\/142","targetHints":{"allow":["GET"]}}],"collection":[{"href":"https:\/\/rotary.fi\/imatra\/wp-json\/wp\/v2\/pages"}],"about":[{"href":"https:\/\/rotary.fi\/imatra\/wp-json\/wp\/v2\/types\/page"}],"author":[{"embeddable":true,"href":"https:\/\/rotary.fi\/imatra\/wp-json\/wp\/v2\/users\/1"}],"replies":[{"embeddable":true,"href":"https:\/\/rotary.fi\/imatra\/wp-json\/wp\/v2\/comments?post=142"}],"version-history":[{"count":7,"href":"https:\/\/rotary.fi\/imatra\/wp-json\/wp\/v2\/pages\/142\/revisions"}],"predecessor-version":[{"id":1645,"href":"https:\/\/rotary.fi\/imatra\/wp-json\/wp\/v2\/pages\/142\/revisions\/1645"}],"up":[{"embeddable":true,"href":"https:\/\/rotary.fi\/imatra\/wp-json\/wp\/v2\/pages\/129"}],"wp:attachment":[{"href":"https:\/\/rotary.fi\/imatra\/wp-json\/wp\/v2\/media?parent=142"}],"curies":[{"name":"wp","href":"https:\/\/api.w.org\/{rel}","templated":true}]}}