{"id":129,"date":"2018-08-10T13:41:39","date_gmt":"2018-08-10T10:41:39","guid":{"rendered":"https:\/\/rotary.fi\/klubi2\/?page_id=129"},"modified":"2022-09-20T12:21:48","modified_gmt":"2022-09-20T09:21:48","slug":"keita-olemme","status":"publish","type":"page","link":"https:\/\/rotary.fi\/imatra\/keita-olemme\/","title":{"rendered":"Keit\u00e4 olemme"},"content":{"rendered":"<p>[et_pb_section fb_built=&#8221;1&#8243; module_class=&#8221;jumbotron-page&#8221; _builder_version=&#8221;4.16&#8243; background_image=&#8221;https:\/\/rotary.fi\/imatra\/wp-content\/uploads\/sites\/49\/2018\/10\/rotary_klubit_alasivu_paakuva_12.jpg&#8221; global_colors_info=&#8221;{}&#8221;][et_pb_row _builder_version=&#8221;4.16&#8243; background_size=&#8221;initial&#8221; background_position=&#8221;top_left&#8221; background_repeat=&#8221;repeat&#8221; global_colors_info=&#8221;{}&#8221;][et_pb_column type=&#8221;4_4&#8243; _builder_version=&#8221;4.16&#8243; custom_padding=&#8221;|||&#8221; global_colors_info=&#8221;{}&#8221; custom_padding__hover=&#8221;|||&#8221;][et_pb_text admin_label=&#8221;P\u00e4\u00e4otsikko&#8221; _builder_version=&#8221;4.16&#8243; text_orientation=&#8221;center&#8221; background_layout=&#8221;dark&#8221; global_colors_info=&#8221;{}&#8221;]<\/p>\n<h1>Keit\u00e4 olemme<\/h1>\n<p>[\/et_pb_text][\/et_pb_column][\/et_pb_row][\/et_pb_section][et_pb_section fb_built=&#8221;1&#8243; specialty=&#8221;on&#8221; module_class_2=&#8221;sivupalkki&#8221; _builder_version=&#8221;4.16&#8243; global_colors_info=&#8221;{}&#8221;][et_pb_column type=&#8221;2_3&#8243; specialty_columns=&#8221;2&#8243; _builder_version=&#8221;4.16&#8243; custom_padding=&#8221;|||&#8221; global_colors_info=&#8221;{}&#8221; custom_padding__hover=&#8221;|||&#8221;][et_pb_row_inner admin_label=&#8221;Rivi&#8221; _builder_version=&#8221;4.16&#8243; global_colors_info=&#8221;{}&#8221;][et_pb_column_inner saved_specialty_column_type=&#8221;2_3&#8243; _builder_version=&#8221;4.16&#8243; custom_padding=&#8221;|||&#8221; global_colors_info=&#8221;{}&#8221; custom_padding__hover=&#8221;|||&#8221;][et_pb_text admin_label=&#8221;Otsikko&#8221; _builder_version=&#8221;4.16&#8243; text_orientation=&#8221;center&#8221; global_colors_info=&#8221;{}&#8221;]<\/p>\n<h1>Keit\u00e4 olemme<\/h1>\n<p>[\/et_pb_text][et_pb_text _builder_version=&#8221;4.18.0&#8243; hover_enabled=&#8221;0&#8243; saved_tabs=&#8221;all&#8221; global_colors_info=&#8221;{}&#8221; sticky_enabled=&#8221;0&#8243;]<\/p>\n<h4>Imatran Rotaryklubi ry.<\/h4>\n<p>Imatra ja Imatra-Vuoksi ovat yhdist\u00e4neet toimintansa Imatran Rotaryklubi ry:n alle.<\/p>\n<h4>Mik\u00e4 on Rotary-j\u00e4rjest\u00f6 ?<\/h4>\n<p>Rotary on eettisell\u00e4 pohjalla toimiva kansainv\u00e4linen palveluj\u00e4rjest\u00f6, joka on perustettu Chigagossa Yhdysvalloissa 23. helmikuuta 1905. J\u00e4rjest\u00f6n\u00a0j\u00e4senm\u00e4\u00e4r\u00e4 on noin 1,2 miljoonaa yli 200 maassa.<\/p>\n<p>Suomen ensimm\u00e4inen rotaryklubi perustettiin Helsinkiin 1.12.1926. Nyt Suomessa on kuusi rotarypiiri\u00e4, joissa on yhteens\u00e4 306 rotaryklubia.\u00a0 Virossa on 18 rotaryklubia ja ne\u00a0kuuluvat Etel\u00e4-Suomen Rotarypiiriin 1420. Suomen\u00a0klubeissa on yhteens\u00e4 noin 11 000 j\u00e4sent\u00e4.<\/p>\n<p>Klubit kutsuvat j\u00e4senikseen paikkakuntiensa hyv\u00e4maineisia ammattimiehi\u00e4 ja -naisia.\u00a0 S\u00e4\u00e4nn\u00f6lliset muiden ammattiryhmien edustajien tapaamiset lis\u00e4\u00e4v\u00e4t ymm\u00e4rryst\u00e4 eri ammateista.\u00a0 Samalla lis\u00e4\u00e4ntyv\u00e4t\u00a0 mahdollisuudet oman yhteiskunnallisen p\u00e4\u00e4oman laajentamiseen.<\/p>\n<h4>Sopisinko min\u00e4 rotariksi ?<\/h4>\n<p>Voisi ajatella niin, ett\u00e4 henkil\u00f6, joka on oman ammattinsa esimerkillinen edustaja ja haluaa toimia yhdess\u00e4 muiden samanhenkisten henkil\u00f6iden kanssa yhteiskuntansa ja my\u00f6s maailman kehityksen hyv\u00e4ksi on hyv\u00e4 rotariehdokas.<\/p>\n<p>Rotarit punnitsevat itse linjaansa kysym\u00e4ll\u00e4 itselt\u00e4\u00e4n ja toimimalla my\u00f6nteisesti niin sanotussa nelj\u00e4n kysymyksen kokeessaan:<\/p>\n<p>1. Onko t\u00e4m\u00e4 totta ?<\/p>\n<p>2. Onko t\u00e4m\u00e4 oikeudenmukaista kaikkia asianosaisia kohtaan ?<\/p>\n<p>3. Luoko t\u00e4m\u00e4 hyv\u00e4\u00e4 tahtoa ja parantaako t\u00e4m\u00e4 yst\u00e4vyyssuhteita ?<\/p>\n<p>4. Onko t\u00e4m\u00e4 kaikkien osapuolten edun mukaista ?<\/p>\n<p>Jos j\u00e4senyys kiinnostaa sinua, laita meille viesti\u00e4 ja kerro mielenkiinnostasi j\u00e4senyytt\u00e4 kohtaan<\/p>\n<h4>Harrastus, jolla on tarkoitus<\/h4>\n<p>Olemme keskittyneet nuorisovaihdon tukemiseen. Meid\u00e4n mielest\u00e4mme nuorisovaihto on mit\u00e4 parhainta ruohonjuuritason kansainv\u00e4listymis- ja rauhankasvatusta.<\/p>\n<p>Nostamme my\u00f6s esiin t\u00e4rkeit\u00e4 sosiaalisia kehitt\u00e4mistarpeita. Rotary Day on vuosittainen tapahtuma klubissamme<\/p>\n<p>Pid\u00e4mme arvossa kansainv\u00e4lisen Rotary Internationalin ponnisteluja ja j\u00e4rjest\u00f6n arvokasta ty\u00f6t\u00e4 muun muassa polion h\u00e4vitt\u00e4miseksi maapallolta. Pelk\u00e4st\u00e4\u00e4n t\u00e4h\u00e4n ty\u00f6h\u00f6n Rotary on suunnannut runsaasti vapaaehtoisvoimaa sek\u00e4 yli 1,2 miljardia US-dollaria.<\/p>\n<p>&nbsp;<\/p>\n<h4>Vaikuttava kansainv\u00e4linen verkosto<\/h4>\n<p>Rotary on Chicagossa 23.2.1905 perustettu kansainv\u00e4linen palvelu- ja hyv\u00e4ntekev\u00e4isyysorganisaatio. Rotary Internationalin kotipaikka on Evanston, USA:n osavaltiossa Illinoisissa. Tunnuslauseemme on Palvelu itsekkyyden edelle (Service Above Self).<\/p>\n<p>Rotaryyn kuuluu 1,2 miljoona j\u00e4sent\u00e4 35 000 klubissa yli 200 maassa. Rotary on merkitt\u00e4v\u00e4 kansainv\u00e4linen palvelu- ja hyv\u00e4ntekev\u00e4isyysj\u00e4rjest\u00f6. Suomi on jaettu kuuteen rotarypiiriin, joista yhteen kuuluvat my\u00f6s Viron klubit. Suomessa ja Virossa on yhteens\u00e4 300 klubia, joissa runsaat 10\u00a0000 rotaria.<\/p>\n<p>[\/et_pb_text][\/et_pb_column_inner][\/et_pb_row_inner][\/et_pb_column][et_pb_column type=&#8221;1_3&#8243; _builder_version=&#8221;4.16&#8243; custom_padding=&#8221;|||&#8221; global_colors_info=&#8221;{}&#8221; custom_padding__hover=&#8221;|||&#8221;][et_pb_sidebar area=&#8221;sidebar-1&#8243; module_class=&#8221;sivupalkki_sisalto&#8221; _builder_version=&#8221;4.16&#8243; locked=&#8221;on&#8221; global_colors_info=&#8221;{}&#8221;]<br \/>\n[\/et_pb_sidebar][\/et_pb_column][\/et_pb_section]<\/p>\n","protected":false},"excerpt":{"rendered":"<p>Keit\u00e4 olemme Keit\u00e4 olemme Imatran Rotaryklubi ry. Imatra ja Imatra-Vuoksi ovat yhdist\u00e4neet toimintansa Imatran Rotaryklubi ry:n alle. Mik\u00e4 on Rotary-j\u00e4rjest\u00f6 ? Rotary on eettisell\u00e4 pohjalla toimiva kansainv\u00e4linen palveluj\u00e4rjest\u00f6, joka on perustettu Chigagossa Yhdysvalloissa 23. helmikuuta 1905. J\u00e4rjest\u00f6n\u00a0j\u00e4senm\u00e4\u00e4r\u00e4 on noin 1,2 miljoonaa yli 200 maassa. Suomen ensimm\u00e4inen rotaryklubi perustettiin Helsinkiin 1.12.1926. Nyt Suomessa on kuusi rotarypiiri\u00e4, [&hellip;]<\/p>\n","protected":false},"author":1,"featured_media":0,"parent":0,"menu_order":0,"comment_status":"closed","ping_status":"closed","template":"","meta":{"_acf_changed":false,"_et_pb_use_builder":"on","_et_pb_old_content":"","_et_gb_content_width":"","footnotes":""},"class_list":["post-129","page","type-page","status-publish","hentry"],"acf":[],"yoast_head":"<!-- This site is optimized with the Yoast SEO plugin v27.0 - https:\/\/yoast.com\/product\/yoast-seo-wordpress\/ -->\n<title>Keit\u00e4 olemme - Imatran Rotaryklubi<\/title>\n<meta name=\"robots\" content=\"index, follow, max-snippet:-1, max-image-preview:large, max-video-preview:-1\" \/>\n<link rel=\"canonical\" href=\"https:\/\/rotary.fi\/imatra\/keita-olemme\/\" \/>\n<meta property=\"og:locale\" content=\"fi_FI\" \/>\n<meta property=\"og:type\" content=\"article\" \/>\n<meta property=\"og:title\" content=\"Keit\u00e4 olemme - Imatran Rotaryklubi\" \/>\n<meta property=\"og:description\" content=\"Keit\u00e4 olemme Keit\u00e4 olemme Imatran Rotaryklubi ry. Imatra ja Imatra-Vuoksi ovat yhdist\u00e4neet toimintansa Imatran Rotaryklubi ry:n alle. Mik\u00e4 on Rotary-j\u00e4rjest\u00f6 ? Rotary on eettisell\u00e4 pohjalla toimiva kansainv\u00e4linen palveluj\u00e4rjest\u00f6, joka on perustettu Chigagossa Yhdysvalloissa 23. helmikuuta 1905. J\u00e4rjest\u00f6n\u00a0j\u00e4senm\u00e4\u00e4r\u00e4 on noin 1,2 miljoonaa yli 200 maassa. Suomen ensimm\u00e4inen rotaryklubi perustettiin Helsinkiin 1.12.1926. Nyt Suomessa on kuusi rotarypiiri\u00e4, [&hellip;]\" \/>\n<meta property=\"og:url\" content=\"https:\/\/rotary.fi\/imatra\/keita-olemme\/\" \/>\n<meta property=\"og:site_name\" content=\"Imatran Rotaryklubi\" \/>\n<meta property=\"article:modified_time\" content=\"2022-09-20T09:21:48+00:00\" \/>\n<meta name=\"twitter:card\" content=\"summary_large_image\" \/>\n<meta name=\"twitter:label1\" content=\"Arvioitu lukuaika\" \/>\n\t<meta name=\"twitter:data1\" content=\"3 minuuttia\" \/>\n<script type=\"application\/ld+json\" class=\"yoast-schema-graph\">{\"@context\":\"https:\/\/schema.org\",\"@graph\":[{\"@type\":\"WebPage\",\"@id\":\"https:\/\/rotary.fi\/imatra\/keita-olemme\/\",\"url\":\"https:\/\/rotary.fi\/imatra\/keita-olemme\/\",\"name\":\"Keit\u00e4 olemme - Imatran Rotaryklubi\",\"isPartOf\":{\"@id\":\"https:\/\/rotary.fi\/imatra\/#website\"},\"datePublished\":\"2018-08-10T10:41:39+00:00\",\"dateModified\":\"2022-09-20T09:21:48+00:00\",\"breadcrumb\":{\"@id\":\"https:\/\/rotary.fi\/imatra\/keita-olemme\/#breadcrumb\"},\"inLanguage\":\"fi\",\"potentialAction\":[{\"@type\":\"ReadAction\",\"target\":[\"https:\/\/rotary.fi\/imatra\/keita-olemme\/\"]}]},{\"@type\":\"BreadcrumbList\",\"@id\":\"https:\/\/rotary.fi\/imatra\/keita-olemme\/#breadcrumb\",\"itemListElement\":[{\"@type\":\"ListItem\",\"position\":1,\"name\":\"Home\",\"item\":\"https:\/\/rotary.fi\/imatra\/\"},{\"@type\":\"ListItem\",\"position\":2,\"name\":\"Keit\u00e4 olemme\"}]},{\"@type\":\"WebSite\",\"@id\":\"https:\/\/rotary.fi\/imatra\/#website\",\"url\":\"https:\/\/rotary.fi\/imatra\/\",\"name\":\"Imatran Rotaryklubi\",\"description\":\"Uusi Rotary klubisivusto\",\"potentialAction\":[{\"@type\":\"SearchAction\",\"target\":{\"@type\":\"EntryPoint\",\"urlTemplate\":\"https:\/\/rotary.fi\/imatra\/?s={search_term_string}\"},\"query-input\":{\"@type\":\"PropertyValueSpecification\",\"valueRequired\":true,\"valueName\":\"search_term_string\"}}],\"inLanguage\":\"fi\"}]}<\/script>\n<!-- \/ Yoast SEO plugin. -->","yoast_head_json":{"title":"Keit\u00e4 olemme - Imatran Rotaryklubi","robots":{"index":"index","follow":"follow","max-snippet":"max-snippet:-1","max-image-preview":"max-image-preview:large","max-video-preview":"max-video-preview:-1"},"canonical":"https:\/\/rotary.fi\/imatra\/keita-olemme\/","og_locale":"fi_FI","og_type":"article","og_title":"Keit\u00e4 olemme - Imatran Rotaryklubi","og_description":"Keit\u00e4 olemme Keit\u00e4 olemme Imatran Rotaryklubi ry. Imatra ja Imatra-Vuoksi ovat yhdist\u00e4neet toimintansa Imatran Rotaryklubi ry:n alle. Mik\u00e4 on Rotary-j\u00e4rjest\u00f6 ? Rotary on eettisell\u00e4 pohjalla toimiva kansainv\u00e4linen palveluj\u00e4rjest\u00f6, joka on perustettu Chigagossa Yhdysvalloissa 23. helmikuuta 1905. J\u00e4rjest\u00f6n\u00a0j\u00e4senm\u00e4\u00e4r\u00e4 on noin 1,2 miljoonaa yli 200 maassa. Suomen ensimm\u00e4inen rotaryklubi perustettiin Helsinkiin 1.12.1926. Nyt Suomessa on kuusi rotarypiiri\u00e4, [&hellip;]","og_url":"https:\/\/rotary.fi\/imatra\/keita-olemme\/","og_site_name":"Imatran Rotaryklubi","article_modified_time":"2022-09-20T09:21:48+00:00","twitter_card":"summary_large_image","twitter_misc":{"Arvioitu lukuaika":"3 minuuttia"},"schema":{"@context":"https:\/\/schema.org","@graph":[{"@type":"WebPage","@id":"https:\/\/rotary.fi\/imatra\/keita-olemme\/","url":"https:\/\/rotary.fi\/imatra\/keita-olemme\/","name":"Keit\u00e4 olemme - Imatran Rotaryklubi","isPartOf":{"@id":"https:\/\/rotary.fi\/imatra\/#website"},"datePublished":"2018-08-10T10:41:39+00:00","dateModified":"2022-09-20T09:21:48+00:00","breadcrumb":{"@id":"https:\/\/rotary.fi\/imatra\/keita-olemme\/#breadcrumb"},"inLanguage":"fi","potentialAction":[{"@type":"ReadAction","target":["https:\/\/rotary.fi\/imatra\/keita-olemme\/"]}]},{"@type":"BreadcrumbList","@id":"https:\/\/rotary.fi\/imatra\/keita-olemme\/#breadcrumb","itemListElement":[{"@type":"ListItem","position":1,"name":"Home","item":"https:\/\/rotary.fi\/imatra\/"},{"@type":"ListItem","position":2,"name":"Keit\u00e4 olemme"}]},{"@type":"WebSite","@id":"https:\/\/rotary.fi\/imatra\/#website","url":"https:\/\/rotary.fi\/imatra\/","name":"Imatran Rotaryklubi","description":"Uusi Rotary klubisivusto","potentialAction":[{"@type":"SearchAction","target":{"@type":"EntryPoint","urlTemplate":"https:\/\/rotary.fi\/imatra\/?s={search_term_string}"},"query-input":{"@type":"PropertyValueSpecification","valueRequired":true,"valueName":"search_term_string"}}],"inLanguage":"fi"}]}},"lang":"fi","translations":{"fi":129},"pll_sync_post":[],"_links":{"self":[{"href":"https:\/\/rotary.fi\/imatra\/wp-json\/wp\/v2\/pages\/129","targetHints":{"allow":["GET"]}}],"collection":[{"href":"https:\/\/rotary.fi\/imatra\/wp-json\/wp\/v2\/pages"}],"about":[{"href":"https:\/\/rotary.fi\/imatra\/wp-json\/wp\/v2\/types\/page"}],"author":[{"embeddable":true,"href":"https:\/\/rotary.fi\/imatra\/wp-json\/wp\/v2\/users\/1"}],"replies":[{"embeddable":true,"href":"https:\/\/rotary.fi\/imatra\/wp-json\/wp\/v2\/comments?post=129"}],"version-history":[{"count":10,"href":"https:\/\/rotary.fi\/imatra\/wp-json\/wp\/v2\/pages\/129\/revisions"}],"predecessor-version":[{"id":1744,"href":"https:\/\/rotary.fi\/imatra\/wp-json\/wp\/v2\/pages\/129\/revisions\/1744"}],"wp:attachment":[{"href":"https:\/\/rotary.fi\/imatra\/wp-json\/wp\/v2\/media?parent=129"}],"curies":[{"name":"wp","href":"https:\/\/api.w.org\/{rel}","templated":true}]}}