{"id":15,"date":"2018-08-08T14:36:36","date_gmt":"2018-08-08T11:36:36","guid":{"rendered":"https:\/\/rotary.fi\/klubi2\/?page_id=15"},"modified":"2020-08-19T07:33:35","modified_gmt":"2020-08-19T04:33:35","slug":"etusivu","status":"publish","type":"page","link":"https:\/\/rotary.fi\/ilmajoki\/","title":{"rendered":"Ilmajoen Alajoki"},"content":{"rendered":"<p>[et_pb_section fb_built=&#8221;1&#8243; _builder_version=&#8221;4.4.8&#8243; background_image=&#8221;https:\/\/rotary.fi\/ilmajoki\/wp-content\/uploads\/sites\/168\/2020\/08\/jokisauna-2020_2.jpg&#8221; min_height=&#8221;933px&#8221;][\/et_pb_section]<\/p>\n","protected":false},"excerpt":{"rendered":"","protected":false},"author":1,"featured_media":1563,"parent":0,"menu_order":0,"comment_status":"closed","ping_status":"closed","template":"","meta":{"_acf_changed":false,"_et_pb_use_builder":"on","_et_pb_old_content":"<p class=\"p1\" style=\"text-align: center\"><span class=\"s1\"><i><img class=\"aligncenter wp-image-1563 \" src=\"https:\/\/rotary.fi\/ilmajoki\/wp-content\/uploads\/sites\/168\/2019\/09\/img_2463.jpg\" alt=\"\" width=\"1239\" height=\"826\" \/>Ilmajoen Rotaryklubi on perinteinen ja aktiivinen Rotaryklubi Etel\u00e4-Pohjanmaan syd\u00e4mess\u00e4 Ilmajoella. Kokoonnumme Ilmajoen Krouviin joka torstai verkostoitumaan, vaihtamaan n\u00e4kemyksi\u00e4, kuuntelemaan erilaisia esitelmi\u00e4 sek\u00e4 edist\u00e4m\u00e4\u00e4n paikkakuntamme yhteist\u00e4 hyv\u00e4\u00e4. Tuemme taholtamme kansainv\u00e4lisen Rotaryj\u00e4rjest\u00f6n humanitaarisia projekteja sek\u00e4 osallistumme nuorisovaihtoon.<\/i><\/span><\/p>","_et_gb_content_width":"","footnotes":""},"class_list":["post-15","page","type-page","status-publish","has-post-thumbnail","hentry"],"acf":[],"yoast_head":"<!-- This site is optimized with the Yoast SEO plugin v27.0 - https:\/\/yoast.com\/product\/yoast-seo-wordpress\/ -->\n<title>Ilmajoen Alajoki - Ilmajoen Rotaryklubi<\/title>\n<meta name=\"robots\" content=\"index, follow, max-snippet:-1, max-image-preview:large, max-video-preview:-1\" \/>\n<link rel=\"canonical\" href=\"https:\/\/rotary.fi\/ilmajoki\/\" \/>\n<meta property=\"og:locale\" content=\"fi_FI\" \/>\n<meta property=\"og:type\" content=\"article\" \/>\n<meta property=\"og:title\" content=\"Ilmajoen Alajoki - Ilmajoen Rotaryklubi\" \/>\n<meta property=\"og:url\" content=\"https:\/\/rotary.fi\/ilmajoki\/\" \/>\n<meta property=\"og:site_name\" content=\"Ilmajoen Rotaryklubi\" \/>\n<meta property=\"article:modified_time\" content=\"2020-08-19T04:33:35+00:00\" \/>\n<meta property=\"og:image\" content=\"https:\/\/rotary.fi\/ilmajoki\/wp-content\/uploads\/sites\/168\/2019\/09\/img_2463.jpg\" \/>\n\t<meta property=\"og:image:width\" content=\"1080\" \/>\n\t<meta property=\"og:image:height\" content=\"720\" \/>\n\t<meta property=\"og:image:type\" content=\"image\/jpeg\" \/>\n<meta name=\"twitter:card\" content=\"summary_large_image\" \/>\n<script type=\"application\/ld+json\" class=\"yoast-schema-graph\">{\"@context\":\"https:\/\/schema.org\",\"@graph\":[{\"@type\":\"WebPage\",\"@id\":\"https:\/\/rotary.fi\/ilmajoki\/\",\"url\":\"https:\/\/rotary.fi\/ilmajoki\/\",\"name\":\"Ilmajoen Alajoki - Ilmajoen Rotaryklubi\",\"isPartOf\":{\"@id\":\"https:\/\/rotary.fi\/ilmajoki\/#website\"},\"primaryImageOfPage\":{\"@id\":\"https:\/\/rotary.fi\/ilmajoki\/#primaryimage\"},\"image\":{\"@id\":\"https:\/\/rotary.fi\/ilmajoki\/#primaryimage\"},\"thumbnailUrl\":\"https:\/\/rotary.fi\/ilmajoki\/wp-content\/uploads\/sites\/168\/2019\/09\/img_2463.jpg\",\"datePublished\":\"2018-08-08T11:36:36+00:00\",\"dateModified\":\"2020-08-19T04:33:35+00:00\",\"breadcrumb\":{\"@id\":\"https:\/\/rotary.fi\/ilmajoki\/#breadcrumb\"},\"inLanguage\":\"fi\",\"potentialAction\":[{\"@type\":\"ReadAction\",\"target\":[\"https:\/\/rotary.fi\/ilmajoki\/\"]}]},{\"@type\":\"ImageObject\",\"inLanguage\":\"fi\",\"@id\":\"https:\/\/rotary.fi\/ilmajoki\/#primaryimage\",\"url\":\"https:\/\/rotary.fi\/ilmajoki\/wp-content\/uploads\/sites\/168\/2019\/09\/img_2463.jpg\",\"contentUrl\":\"https:\/\/rotary.fi\/ilmajoki\/wp-content\/uploads\/sites\/168\/2019\/09\/img_2463.jpg\",\"width\":1080,\"height\":720},{\"@type\":\"BreadcrumbList\",\"@id\":\"https:\/\/rotary.fi\/ilmajoki\/#breadcrumb\",\"itemListElement\":[{\"@type\":\"ListItem\",\"position\":1,\"name\":\"Home\",\"item\":\"https:\/\/rotary.fi\/ilmajoki\/\"},{\"@type\":\"ListItem\",\"position\":2,\"name\":\"Ilmajoen Alajoki\"}]},{\"@type\":\"WebSite\",\"@id\":\"https:\/\/rotary.fi\/ilmajoki\/#website\",\"url\":\"https:\/\/rotary.fi\/ilmajoki\/\",\"name\":\"Ilmajoen Rotaryklubi\",\"description\":\"Uusi Rotary klubisivusto\",\"potentialAction\":[{\"@type\":\"SearchAction\",\"target\":{\"@type\":\"EntryPoint\",\"urlTemplate\":\"https:\/\/rotary.fi\/ilmajoki\/?s={search_term_string}\"},\"query-input\":{\"@type\":\"PropertyValueSpecification\",\"valueRequired\":true,\"valueName\":\"search_term_string\"}}],\"inLanguage\":\"fi\"}]}<\/script>\n<!-- \/ Yoast SEO plugin. -->","yoast_head_json":{"title":"Ilmajoen Alajoki - Ilmajoen Rotaryklubi","robots":{"index":"index","follow":"follow","max-snippet":"max-snippet:-1","max-image-preview":"max-image-preview:large","max-video-preview":"max-video-preview:-1"},"canonical":"https:\/\/rotary.fi\/ilmajoki\/","og_locale":"fi_FI","og_type":"article","og_title":"Ilmajoen Alajoki - Ilmajoen Rotaryklubi","og_url":"https:\/\/rotary.fi\/ilmajoki\/","og_site_name":"Ilmajoen Rotaryklubi","article_modified_time":"2020-08-19T04:33:35+00:00","og_image":[{"width":1080,"height":720,"url":"https:\/\/rotary.fi\/ilmajoki\/wp-content\/uploads\/sites\/168\/2019\/09\/img_2463.jpg","type":"image\/jpeg"}],"twitter_card":"summary_large_image","schema":{"@context":"https:\/\/schema.org","@graph":[{"@type":"WebPage","@id":"https:\/\/rotary.fi\/ilmajoki\/","url":"https:\/\/rotary.fi\/ilmajoki\/","name":"Ilmajoen Alajoki - Ilmajoen Rotaryklubi","isPartOf":{"@id":"https:\/\/rotary.fi\/ilmajoki\/#website"},"primaryImageOfPage":{"@id":"https:\/\/rotary.fi\/ilmajoki\/#primaryimage"},"image":{"@id":"https:\/\/rotary.fi\/ilmajoki\/#primaryimage"},"thumbnailUrl":"https:\/\/rotary.fi\/ilmajoki\/wp-content\/uploads\/sites\/168\/2019\/09\/img_2463.jpg","datePublished":"2018-08-08T11:36:36+00:00","dateModified":"2020-08-19T04:33:35+00:00","breadcrumb":{"@id":"https:\/\/rotary.fi\/ilmajoki\/#breadcrumb"},"inLanguage":"fi","potentialAction":[{"@type":"ReadAction","target":["https:\/\/rotary.fi\/ilmajoki\/"]}]},{"@type":"ImageObject","inLanguage":"fi","@id":"https:\/\/rotary.fi\/ilmajoki\/#primaryimage","url":"https:\/\/rotary.fi\/ilmajoki\/wp-content\/uploads\/sites\/168\/2019\/09\/img_2463.jpg","contentUrl":"https:\/\/rotary.fi\/ilmajoki\/wp-content\/uploads\/sites\/168\/2019\/09\/img_2463.jpg","width":1080,"height":720},{"@type":"BreadcrumbList","@id":"https:\/\/rotary.fi\/ilmajoki\/#breadcrumb","itemListElement":[{"@type":"ListItem","position":1,"name":"Home","item":"https:\/\/rotary.fi\/ilmajoki\/"},{"@type":"ListItem","position":2,"name":"Ilmajoen Alajoki"}]},{"@type":"WebSite","@id":"https:\/\/rotary.fi\/ilmajoki\/#website","url":"https:\/\/rotary.fi\/ilmajoki\/","name":"Ilmajoen Rotaryklubi","description":"Uusi Rotary klubisivusto","potentialAction":[{"@type":"SearchAction","target":{"@type":"EntryPoint","urlTemplate":"https:\/\/rotary.fi\/ilmajoki\/?s={search_term_string}"},"query-input":{"@type":"PropertyValueSpecification","valueRequired":true,"valueName":"search_term_string"}}],"inLanguage":"fi"}]}},"lang":"fi","translations":{"fi":15},"pll_sync_post":[],"_links":{"self":[{"href":"https:\/\/rotary.fi\/ilmajoki\/wp-json\/wp\/v2\/pages\/15","targetHints":{"allow":["GET"]}}],"collection":[{"href":"https:\/\/rotary.fi\/ilmajoki\/wp-json\/wp\/v2\/pages"}],"about":[{"href":"https:\/\/rotary.fi\/ilmajoki\/wp-json\/wp\/v2\/types\/page"}],"author":[{"embeddable":true,"href":"https:\/\/rotary.fi\/ilmajoki\/wp-json\/wp\/v2\/users\/1"}],"replies":[{"embeddable":true,"href":"https:\/\/rotary.fi\/ilmajoki\/wp-json\/wp\/v2\/comments?post=15"}],"version-history":[{"count":92,"href":"https:\/\/rotary.fi\/ilmajoki\/wp-json\/wp\/v2\/pages\/15\/revisions"}],"predecessor-version":[{"id":1715,"href":"https:\/\/rotary.fi\/ilmajoki\/wp-json\/wp\/v2\/pages\/15\/revisions\/1715"}],"wp:featuredmedia":[{"embeddable":true,"href":"https:\/\/rotary.fi\/ilmajoki\/wp-json\/wp\/v2\/media\/1563"}],"wp:attachment":[{"href":"https:\/\/rotary.fi\/ilmajoki\/wp-json\/wp\/v2\/media?parent=15"}],"curies":[{"name":"wp","href":"https:\/\/api.w.org\/{rel}","templated":true}]}}