{"id":138,"date":"2018-08-10T14:01:44","date_gmt":"2018-08-10T11:01:44","guid":{"rendered":"https:\/\/rotary.fi\/klubi2\/?page_id=138"},"modified":"2021-09-15T07:31:43","modified_gmt":"2021-09-15T04:31:43","slug":"vuositeema","status":"publish","type":"page","link":"https:\/\/rotary.fi\/ilmajoki\/keita-olemme\/vuositeema\/","title":{"rendered":"Vuositeema"},"content":{"rendered":"<p>[et_pb_section fb_built=&#8221;1&#8243; module_class=&#8221;jumbotron-page&#8221; _builder_version=&#8221;3.22&#8243; background_image=&#8221;https:\/\/rotary.fi\/ilmajoki\/wp-content\/uploads\/sites\/168\/2018\/08\/rotary_klubit_alasivu_paakuva_7.jpg&#8221;][et_pb_row _builder_version=&#8221;3.25&#8243; background_size=&#8221;initial&#8221; background_position=&#8221;top_left&#8221; background_repeat=&#8221;repeat&#8221;][et_pb_column type=&#8221;4_4&#8243; _builder_version=&#8221;3.25&#8243; custom_padding=&#8221;|||&#8221; custom_padding__hover=&#8221;|||&#8221;][et_pb_text admin_label=&#8221;P\u00e4\u00e4otsikko&#8221; _builder_version=&#8221;3.27.4&#8243; text_orientation=&#8221;center&#8221; background_layout=&#8221;dark&#8221;]<\/p>\n<h1>Vuositeema<\/h1>\n<p>&nbsp;<\/p>\n<p>[\/et_pb_text][\/et_pb_column][\/et_pb_row][\/et_pb_section][et_pb_section fb_built=&#8221;1&#8243; specialty=&#8221;on&#8221; module_class_2=&#8221;sivupalkki&#8221; _builder_version=&#8221;3.22&#8243;][et_pb_column type=&#8221;2_3&#8243; specialty_columns=&#8221;2&#8243; _builder_version=&#8221;3.25&#8243; custom_padding=&#8221;|||&#8221; custom_padding__hover=&#8221;|||&#8221;][et_pb_row_inner admin_label=&#8221;Rivi&#8221; _builder_version=&#8221;3.25&#8243;][et_pb_column_inner saved_specialty_column_type=&#8221;2_3&#8243; _builder_version=&#8221;3.25&#8243; custom_padding=&#8221;|||&#8221; custom_padding__hover=&#8221;|||&#8221;][et_pb_image src=&#8221;https:\/\/rotary.fi\/ilmajoki\/wp-content\/uploads\/sites\/168\/2021\/09\/theme-2021-2022-pieni-logo-su-300&#215;282-1.jpg&#8221; _builder_version=&#8221;4.9.10&#8243; _module_preset=&#8221;default&#8221; custom_margin=&#8221;21px|||||&#8221; custom_padding=&#8221;8px|||||&#8221;][\/et_pb_image][et_pb_text _builder_version=&#8221;3.27.4&#8243;]<\/p>\n<h1><\/h1>\n<div class=\"page\" title=\"Page 1\">\n<div class=\"layoutArea\">\n<div class=\"column\">\n<p><span>SERVE TO CHANGE LIVES &#8211; PALVELE MUUTAT MAAILMAA<\/span><\/p>\n<p><span>Mehta on nimennyt vuositeemakseen <\/span><span>Serve to Change Lives<\/span><span>: <\/span><span>Palvele <\/span><span>\u2013 <\/span><span>muutat maailmaa<\/span><span>. Meida\u0308n rotareiden tehta\u0308va\u0308na\u0308 kautta yli 100-vuotisen historiamme on todellakin ollut ihmisten ela\u0308ma\u0308n parantaminen lukuisin eri tavoin. Mehta toteaa, etta\u0308 samalla kun muutamme toisten ihmisten ela\u0308ma\u0308a\u0308, muutamme paremmaksi myo\u0308s itsea\u0308mme ja omaa ela\u0308ma\u0308a\u0308mme.<\/span><\/p>\n<p><span>Ohjenuorana oikeudenmukaisuus<\/span><\/p>\n<p><span>Presidentti Shekhar Mehta toivoo rotareiden keskitta\u0308va\u0308n alkavana rotarivuotena voimansa erityisesti tytto\u0308jen ela\u0308ma\u0308n ja aseman parantamiseen maailmassa. Tyto\u0308ille tulee tarjota mahdollisuudet koulutukseen, riitta\u0308viin resursseihin ja palveluihin seka\u0308 etenemiseen tyo\u0308uralla aina johtajuuteen asti. Ta\u0308ssa\u0308 tyo\u0308ssa\u0308 rotareiden arvoja ja ohjenuoria ovat monimuotoisuus, oikeudenmukaisuus ja inhimillinen tarve liittya\u0308 osaksi erilaisia yhteiso\u0308ja\u0308.<\/span><\/p>\n<p><span>Meita\u0308 rotareita tarvitaan ta\u0308ssa\u0308 maailmassa, ja meita\u0308 tarvitaan lisa\u0308a\u0308, koska meilla\u0308 on niin ta\u0308rkeita\u0308 tehta\u0308via\u0308. Me olemme jo onnistuneet maailmanlaajuisen yhteistyo\u0308n avulla ha\u0308vitta\u0308ma\u0308a\u0308n polion la\u0308hes kokonaan. Ta\u0308lla\u0308 hetkella\u0308 osallistumme COVID-19-viruksen torjuntaan. Palvelemme omia paikallisia yhteiso\u0308ja\u0308mme ja elinympa\u0308risto\u0308ja\u0308mme. Uusin ka\u0308rkiteemamme on luonnonympa\u0308risto\u0308n suojeleminen.<\/span><\/p>\n<p><span>\u201c<\/span><span>Uskon ta\u0308ma\u0308n kaiken innostavan meita\u0308. Rotarit rakastavat haasteita<\/span><span>\u201d<\/span><span>, Mehta toteaa.<\/span><\/p>\n<\/div>\n<\/div>\n<\/div>\n<div class=\"entry-content\">\n<p>&nbsp;<\/p>\n<\/div>\n<p>[\/et_pb_text][\/et_pb_column_inner][\/et_pb_row_inner][et_pb_row_inner admin_label=&#8221;Rivi&#8221; _builder_version=&#8221;3.25&#8243;][et_pb_column_inner saved_specialty_column_type=&#8221;2_3&#8243; _builder_version=&#8221;3.25&#8243; custom_padding=&#8221;|||&#8221; custom_padding__hover=&#8221;|||&#8221;][et_pb_text admin_label=&#8221;Klubin vuositeema &#8211; Otsikko&#8221; _builder_version=&#8221;3.27.4&#8243; text_orientation=&#8221;center&#8221;]<\/p>\n<h4>Ilmajoen Rotaryklubin vuositeema\u00a0<\/h4>\n<p>[\/et_pb_text][et_pb_text _builder_version=&#8221;3.27.4&#8243;]<\/p>\n<p class=\"p1\"><span class=\"s1\">Oma klubimme keskittyy j\u00e4senten aktivoimiseen ja klubin julkisuuskuvan kehitt\u00e4miseen. Tahdomme tehd\u00e4 Rotaryn saavutukset n\u00e4kyv\u00e4mm\u00e4ksi. Aktivoidumme yh\u00e4 voimakkaammin nuorten ja heid\u00e4n perheidens\u00e4 suuntaan tukeaksemme heid\u00e4n kasvuaan kohti toimintakykyist\u00e4, hyvinvoivaa aikuisuutta.<\/span><\/p>\n<p>[\/et_pb_text][\/et_pb_column_inner][\/et_pb_row_inner][\/et_pb_column][et_pb_column type=&#8221;1_3&#8243; _builder_version=&#8221;3.25&#8243; custom_padding=&#8221;|||&#8221; custom_padding__hover=&#8221;|||&#8221;][et_pb_sidebar area=&#8221;sidebar-1&#8243; module_class=&#8221;sivupalkki_sisalto&#8221; _builder_version=&#8221;3.4.1&#8243; locked=&#8221;on&#8221;][\/et_pb_sidebar][\/et_pb_column][\/et_pb_section][et_pb_section fb_built=&#8221;1&#8243; specialty=&#8221;on&#8221; module_class_2=&#8221;sivupalkki&#8221; _builder_version=&#8221;3.22&#8243;][et_pb_column type=&#8221;2_3&#8243; specialty_columns=&#8221;2&#8243; _builder_version=&#8221;3.25&#8243; custom_padding=&#8221;|||&#8221; custom_padding__hover=&#8221;|||&#8221;][et_pb_row_inner admin_label=&#8221;Rivi&#8221; _builder_version=&#8221;3.25&#8243;][et_pb_column_inner saved_specialty_column_type=&#8221;2_3&#8243; _builder_version=&#8221;3.25&#8243; custom_padding=&#8221;|||&#8221; custom_padding__hover=&#8221;|||&#8221;][et_pb_image src=&#8221;https:\/\/rotary.fi\/ilmajoki\/wp-content\/uploads\/sites\/168\/2021\/09\/theme-2021-2022-pieni-logo-su-300&#215;282-1.jpg&#8221; _builder_version=&#8221;4.9.10&#8243; _module_preset=&#8221;default&#8221; custom_margin=&#8221;21px|||||&#8221; custom_padding=&#8221;8px|||||&#8221;][\/et_pb_image][et_pb_text _builder_version=&#8221;3.27.4&#8243;]<\/p>\n<h1><\/h1>\n<div class=\"page\" title=\"Page 1\">\n<div class=\"layoutArea\">\n<div class=\"column\">\n<p><span>SERVE TO CHANGE LIVES &#8211; PALVELE MUUTAT MAAILMAA<\/span><\/p>\n<p><span>Mehta on nimennyt vuositeemakseen <\/span><span>Serve to Change Lives<\/span><span>: <\/span><span>Palvele <\/span><span>\u2013 <\/span><span>muutat maailmaa<\/span><span>. Meida\u0308n rotareiden tehta\u0308va\u0308na\u0308 kautta yli 100-vuotisen historiamme on todellakin ollut ihmisten ela\u0308ma\u0308n parantaminen lukuisin eri tavoin. Mehta toteaa, etta\u0308 samalla kun muutamme toisten ihmisten ela\u0308ma\u0308a\u0308, muutamme paremmaksi myo\u0308s itsea\u0308mme ja omaa ela\u0308ma\u0308a\u0308mme.<\/span><\/p>\n<p><span>Ohjenuorana oikeudenmukaisuus<\/span><\/p>\n<p><span>Presidentti Shekhar Mehta toivoo rotareiden keskitta\u0308va\u0308n alkavana rotarivuotena voimansa erityisesti tytto\u0308jen ela\u0308ma\u0308n ja aseman parantamiseen maailmassa. Tyto\u0308ille tulee tarjota mahdollisuudet koulutukseen, riitta\u0308viin resursseihin ja palveluihin seka\u0308 etenemiseen tyo\u0308uralla aina johtajuuteen asti. Ta\u0308ssa\u0308 tyo\u0308ssa\u0308 rotareiden arvoja ja ohjenuoria ovat monimuotoisuus, oikeudenmukaisuus ja inhimillinen tarve liittya\u0308 osaksi erilaisia yhteiso\u0308ja\u0308.<\/span><\/p>\n<p><span>Meita\u0308 rotareita tarvitaan ta\u0308ssa\u0308 maailmassa, ja meita\u0308 tarvitaan lisa\u0308a\u0308, koska meilla\u0308 on niin ta\u0308rkeita\u0308 tehta\u0308via\u0308. Me olemme jo onnistuneet maailmanlaajuisen yhteistyo\u0308n avulla ha\u0308vitta\u0308ma\u0308a\u0308n polion la\u0308hes kokonaan. Ta\u0308lla\u0308 hetkella\u0308 osallistumme COVID-19-viruksen torjuntaan. Palvelemme omia paikallisia yhteiso\u0308ja\u0308mme ja elinympa\u0308risto\u0308ja\u0308mme. Uusin ka\u0308rkiteemamme on luonnonympa\u0308risto\u0308n suojeleminen.<\/span><\/p>\n<p><span>\u201c<\/span><span>Uskon ta\u0308ma\u0308n kaiken innostavan meita\u0308. Rotarit rakastavat haasteita<\/span><span>\u201d<\/span><span>, Mehta toteaa.<\/span><\/p>\n<\/div>\n<\/div>\n<\/div>\n<div class=\"entry-content\">\n<p>&nbsp;<\/p>\n<\/div>\n<p>[\/et_pb_text][\/et_pb_column_inner][\/et_pb_row_inner][et_pb_row_inner admin_label=&#8221;Rivi&#8221; _builder_version=&#8221;3.25&#8243;][et_pb_column_inner saved_specialty_column_type=&#8221;2_3&#8243; _builder_version=&#8221;3.25&#8243; custom_padding=&#8221;|||&#8221; custom_padding__hover=&#8221;|||&#8221;][et_pb_text admin_label=&#8221;Klubin vuositeema &#8211; Otsikko&#8221; _builder_version=&#8221;3.27.4&#8243; text_orientation=&#8221;center&#8221;]<\/p>\n<h4>Ilmajoen Rotaryklubin vuositeema\u00a0<\/h4>\n<p>[\/et_pb_text][et_pb_text _builder_version=&#8221;3.27.4&#8243;]<\/p>\n<p class=\"p1\"><span class=\"s1\">Oma klubimme keskittyy j\u00e4senten aktivoimiseen ja klubin julkisuuskuvan kehitt\u00e4miseen. Tahdomme tehd\u00e4 Rotaryn saavutukset n\u00e4kyv\u00e4mm\u00e4ksi. Aktivoidumme yh\u00e4 voimakkaammin nuorten ja heid\u00e4n perheidens\u00e4 suuntaan tukeaksemme heid\u00e4n kasvuaan kohti toimintakykyist\u00e4, hyvinvoivaa aikuisuutta.<\/span><\/p>\n<p>[\/et_pb_text][\/et_pb_column_inner][\/et_pb_row_inner][\/et_pb_column][et_pb_column type=&#8221;1_3&#8243; _builder_version=&#8221;3.25&#8243; custom_padding=&#8221;|||&#8221; custom_padding__hover=&#8221;|||&#8221;][et_pb_sidebar area=&#8221;sidebar-1&#8243; module_class=&#8221;sivupalkki_sisalto&#8221; _builder_version=&#8221;3.4.1&#8243; locked=&#8221;on&#8221;][\/et_pb_sidebar][\/et_pb_column][\/et_pb_section][et_pb_section fb_built=&#8221;1&#8243; _builder_version=&#8221;4.9.10&#8243; _module_preset=&#8221;default&#8221;][et_pb_row _builder_version=&#8221;4.9.10&#8243; _module_preset=&#8221;default&#8221;][et_pb_column type=&#8221;4_4&#8243; _builder_version=&#8221;4.9.10&#8243; _module_preset=&#8221;default&#8221;][\/et_pb_column][\/et_pb_row][\/et_pb_section]<\/p>\n","protected":false},"excerpt":{"rendered":"<p>Vuositeema &nbsp; SERVE TO CHANGE LIVES &#8211; PALVELE MUUTAT MAAILMAA Mehta on nimennyt vuositeemakseen Serve to Change Lives: Palvele \u2013 muutat maailmaa. Meida\u0308n rotareiden tehta\u0308va\u0308na\u0308 kautta yli 100-vuotisen historiamme on todellakin ollut ihmisten ela\u0308ma\u0308n parantaminen lukuisin eri tavoin. Mehta toteaa, etta\u0308 samalla kun muutamme toisten ihmisten ela\u0308ma\u0308a\u0308, muutamme paremmaksi myo\u0308s itsea\u0308mme ja omaa ela\u0308ma\u0308a\u0308mme. Ohjenuorana [&hellip;]<\/p>\n","protected":false},"author":1,"featured_media":0,"parent":129,"menu_order":0,"comment_status":"closed","ping_status":"closed","template":"","meta":{"_acf_changed":false,"_et_pb_use_builder":"on","_et_pb_old_content":"","_et_gb_content_width":"","footnotes":""},"class_list":["post-138","page","type-page","status-publish","hentry"],"acf":[],"yoast_head":"<!-- This site is optimized with the Yoast SEO plugin v27.0 - https:\/\/yoast.com\/product\/yoast-seo-wordpress\/ -->\n<title>Vuositeema - Ilmajoen Rotaryklubi<\/title>\n<meta name=\"robots\" content=\"index, follow, max-snippet:-1, max-image-preview:large, max-video-preview:-1\" \/>\n<link rel=\"canonical\" href=\"https:\/\/rotary.fi\/ilmajoki\/keita-olemme\/vuositeema\/\" \/>\n<meta property=\"og:locale\" content=\"fi_FI\" \/>\n<meta property=\"og:type\" content=\"article\" \/>\n<meta property=\"og:title\" content=\"Vuositeema - Ilmajoen Rotaryklubi\" \/>\n<meta property=\"og:description\" content=\"Vuositeema &nbsp; SERVE TO CHANGE LIVES - PALVELE MUUTAT MAAILMAA Mehta on nimennyt vuositeemakseen Serve to Change Lives: Palvele \u2013 muutat maailmaa. Meida\u0308n rotareiden tehta\u0308va\u0308na\u0308 kautta yli 100-vuotisen historiamme on todellakin ollut ihmisten ela\u0308ma\u0308n parantaminen lukuisin eri tavoin. Mehta toteaa, etta\u0308 samalla kun muutamme toisten ihmisten ela\u0308ma\u0308a\u0308, muutamme paremmaksi myo\u0308s itsea\u0308mme ja omaa ela\u0308ma\u0308a\u0308mme. Ohjenuorana [&hellip;]\" \/>\n<meta property=\"og:url\" content=\"https:\/\/rotary.fi\/ilmajoki\/keita-olemme\/vuositeema\/\" \/>\n<meta property=\"og:site_name\" content=\"Ilmajoen Rotaryklubi\" \/>\n<meta property=\"article:modified_time\" content=\"2021-09-15T04:31:43+00:00\" \/>\n<meta name=\"twitter:card\" content=\"summary_large_image\" \/>\n<meta name=\"twitter:label1\" content=\"Arvioitu lukuaika\" \/>\n\t<meta name=\"twitter:data1\" content=\"5 minuuttia\" \/>\n<script type=\"application\/ld+json\" class=\"yoast-schema-graph\">{\"@context\":\"https:\/\/schema.org\",\"@graph\":[{\"@type\":\"WebPage\",\"@id\":\"https:\/\/rotary.fi\/ilmajoki\/keita-olemme\/vuositeema\/\",\"url\":\"https:\/\/rotary.fi\/ilmajoki\/keita-olemme\/vuositeema\/\",\"name\":\"Vuositeema - Ilmajoen Rotaryklubi\",\"isPartOf\":{\"@id\":\"https:\/\/rotary.fi\/ilmajoki\/#website\"},\"datePublished\":\"2018-08-10T11:01:44+00:00\",\"dateModified\":\"2021-09-15T04:31:43+00:00\",\"breadcrumb\":{\"@id\":\"https:\/\/rotary.fi\/ilmajoki\/keita-olemme\/vuositeema\/#breadcrumb\"},\"inLanguage\":\"fi\",\"potentialAction\":[{\"@type\":\"ReadAction\",\"target\":[\"https:\/\/rotary.fi\/ilmajoki\/keita-olemme\/vuositeema\/\"]}]},{\"@type\":\"BreadcrumbList\",\"@id\":\"https:\/\/rotary.fi\/ilmajoki\/keita-olemme\/vuositeema\/#breadcrumb\",\"itemListElement\":[{\"@type\":\"ListItem\",\"position\":1,\"name\":\"Home\",\"item\":\"https:\/\/rotary.fi\/ilmajoki\/\"},{\"@type\":\"ListItem\",\"position\":2,\"name\":\"Keit\u00e4 olemme\",\"item\":\"https:\/\/rotary.fi\/ilmajoki\/keita-olemme\/\"},{\"@type\":\"ListItem\",\"position\":3,\"name\":\"Vuositeema\"}]},{\"@type\":\"WebSite\",\"@id\":\"https:\/\/rotary.fi\/ilmajoki\/#website\",\"url\":\"https:\/\/rotary.fi\/ilmajoki\/\",\"name\":\"Ilmajoen Rotaryklubi\",\"description\":\"Uusi Rotary klubisivusto\",\"potentialAction\":[{\"@type\":\"SearchAction\",\"target\":{\"@type\":\"EntryPoint\",\"urlTemplate\":\"https:\/\/rotary.fi\/ilmajoki\/?s={search_term_string}\"},\"query-input\":{\"@type\":\"PropertyValueSpecification\",\"valueRequired\":true,\"valueName\":\"search_term_string\"}}],\"inLanguage\":\"fi\"}]}<\/script>\n<!-- \/ Yoast SEO plugin. -->","yoast_head_json":{"title":"Vuositeema - Ilmajoen Rotaryklubi","robots":{"index":"index","follow":"follow","max-snippet":"max-snippet:-1","max-image-preview":"max-image-preview:large","max-video-preview":"max-video-preview:-1"},"canonical":"https:\/\/rotary.fi\/ilmajoki\/keita-olemme\/vuositeema\/","og_locale":"fi_FI","og_type":"article","og_title":"Vuositeema - Ilmajoen Rotaryklubi","og_description":"Vuositeema &nbsp; SERVE TO CHANGE LIVES - PALVELE MUUTAT MAAILMAA Mehta on nimennyt vuositeemakseen Serve to Change Lives: Palvele \u2013 muutat maailmaa. Meida\u0308n rotareiden tehta\u0308va\u0308na\u0308 kautta yli 100-vuotisen historiamme on todellakin ollut ihmisten ela\u0308ma\u0308n parantaminen lukuisin eri tavoin. Mehta toteaa, etta\u0308 samalla kun muutamme toisten ihmisten ela\u0308ma\u0308a\u0308, muutamme paremmaksi myo\u0308s itsea\u0308mme ja omaa ela\u0308ma\u0308a\u0308mme. Ohjenuorana [&hellip;]","og_url":"https:\/\/rotary.fi\/ilmajoki\/keita-olemme\/vuositeema\/","og_site_name":"Ilmajoen Rotaryklubi","article_modified_time":"2021-09-15T04:31:43+00:00","twitter_card":"summary_large_image","twitter_misc":{"Arvioitu lukuaika":"5 minuuttia"},"schema":{"@context":"https:\/\/schema.org","@graph":[{"@type":"WebPage","@id":"https:\/\/rotary.fi\/ilmajoki\/keita-olemme\/vuositeema\/","url":"https:\/\/rotary.fi\/ilmajoki\/keita-olemme\/vuositeema\/","name":"Vuositeema - Ilmajoen Rotaryklubi","isPartOf":{"@id":"https:\/\/rotary.fi\/ilmajoki\/#website"},"datePublished":"2018-08-10T11:01:44+00:00","dateModified":"2021-09-15T04:31:43+00:00","breadcrumb":{"@id":"https:\/\/rotary.fi\/ilmajoki\/keita-olemme\/vuositeema\/#breadcrumb"},"inLanguage":"fi","potentialAction":[{"@type":"ReadAction","target":["https:\/\/rotary.fi\/ilmajoki\/keita-olemme\/vuositeema\/"]}]},{"@type":"BreadcrumbList","@id":"https:\/\/rotary.fi\/ilmajoki\/keita-olemme\/vuositeema\/#breadcrumb","itemListElement":[{"@type":"ListItem","position":1,"name":"Home","item":"https:\/\/rotary.fi\/ilmajoki\/"},{"@type":"ListItem","position":2,"name":"Keit\u00e4 olemme","item":"https:\/\/rotary.fi\/ilmajoki\/keita-olemme\/"},{"@type":"ListItem","position":3,"name":"Vuositeema"}]},{"@type":"WebSite","@id":"https:\/\/rotary.fi\/ilmajoki\/#website","url":"https:\/\/rotary.fi\/ilmajoki\/","name":"Ilmajoen Rotaryklubi","description":"Uusi Rotary klubisivusto","potentialAction":[{"@type":"SearchAction","target":{"@type":"EntryPoint","urlTemplate":"https:\/\/rotary.fi\/ilmajoki\/?s={search_term_string}"},"query-input":{"@type":"PropertyValueSpecification","valueRequired":true,"valueName":"search_term_string"}}],"inLanguage":"fi"}]}},"lang":"fi","translations":{"fi":138},"pll_sync_post":[],"_links":{"self":[{"href":"https:\/\/rotary.fi\/ilmajoki\/wp-json\/wp\/v2\/pages\/138","targetHints":{"allow":["GET"]}}],"collection":[{"href":"https:\/\/rotary.fi\/ilmajoki\/wp-json\/wp\/v2\/pages"}],"about":[{"href":"https:\/\/rotary.fi\/ilmajoki\/wp-json\/wp\/v2\/types\/page"}],"author":[{"embeddable":true,"href":"https:\/\/rotary.fi\/ilmajoki\/wp-json\/wp\/v2\/users\/1"}],"replies":[{"embeddable":true,"href":"https:\/\/rotary.fi\/ilmajoki\/wp-json\/wp\/v2\/comments?post=138"}],"version-history":[{"count":14,"href":"https:\/\/rotary.fi\/ilmajoki\/wp-json\/wp\/v2\/pages\/138\/revisions"}],"predecessor-version":[{"id":1744,"href":"https:\/\/rotary.fi\/ilmajoki\/wp-json\/wp\/v2\/pages\/138\/revisions\/1744"}],"up":[{"embeddable":true,"href":"https:\/\/rotary.fi\/ilmajoki\/wp-json\/wp\/v2\/pages\/129"}],"wp:attachment":[{"href":"https:\/\/rotary.fi\/ilmajoki\/wp-json\/wp\/v2\/media?parent=138"}],"curies":[{"name":"wp","href":"https:\/\/api.w.org\/{rel}","templated":true}]}}