{"id":132,"date":"2018-08-10T13:59:56","date_gmt":"2018-08-10T10:59:56","guid":{"rendered":"https:\/\/rotary.fi\/klubi2\/?page_id=132"},"modified":"2026-03-27T16:50:33","modified_gmt":"2026-03-27T14:50:33","slug":"hallitus-ja-toimihenkilot","status":"publish","type":"page","link":"https:\/\/rotary.fi\/ilmajoki\/keita-olemme\/hallitus-ja-toimihenkilot\/","title":{"rendered":"Hallitus ja toimihenkil\u00f6t"},"content":{"rendered":"<p>[et_pb_section fb_built=&#8221;1&#8243; _builder_version=&#8221;4.16&#8243; global_colors_info=&#8221;{}&#8221;][et_pb_row _builder_version=&#8221;4.16&#8243; background_size=&#8221;initial&#8221; background_position=&#8221;top_left&#8221; background_repeat=&#8221;repeat&#8221; global_colors_info=&#8221;{}&#8221;][et_pb_column type=&#8221;4_4&#8243; _builder_version=&#8221;4.16&#8243; custom_padding=&#8221;|||&#8221; global_colors_info=&#8221;{}&#8221; custom_padding__hover=&#8221;|||&#8221;][et_pb_text _builder_version=&#8221;4.19.0&#8243; background_size=&#8221;initial&#8221; background_position=&#8221;top_left&#8221; background_repeat=&#8221;repeat&#8221; global_colors_info=&#8221;{}&#8221;]<\/p>\n<p style=\"text-align: center\"><strong>Ilmajoen RotaryKlubi 2025-2026<\/strong><\/p>\n<p><strong> Presidentti<\/strong> Reijo Tallgren<\/p>\n<p><strong>Sihteeri<\/strong> Hannu Antila<\/p>\n<p>&nbsp;<\/p>\n<ul>\n<li><strong>Tuleva presidentt<\/strong>i Janne Ritola<\/li>\n<li><strong>Varapresidentti<\/strong> Vesa Juonoja<\/li>\n<li><strong>Edellinen presidentti<\/strong> Jukka Koivulahti<\/li>\n<li><span><strong>Varasihteeri<\/strong> O-P Sinkkonen<\/span><\/li>\n<li><strong>Rotarys\u00e4\u00e4ti\u00f6asiamies<\/strong> Timo Hirsim\u00e4ki<\/li>\n<li><strong>Rahastonhoitaja<\/strong> Seppo Flink<\/li>\n<li><strong>Nuorisovaihtoasiamies <\/strong>Hannu Antila<\/li>\n<li><strong>ICT vastaava<\/strong> Janne\u00a0Ritola<\/li>\n<\/ul>\n<p>&nbsp;<\/p>\n<p><strong>Klubimestarit <\/strong><\/p>\n<ul>\n<li><strong>1. Klubimestari<\/strong> Seppo Flink<\/li>\n<li><strong>2. Klubimestari<\/strong> Vesa Juonoja<\/li>\n<\/ul>\n<p>&nbsp;<\/p>\n<p><strong>Varsinaiset toiminnantarkastajat<\/strong> Antti Hakanen<span>\u00a0ja Timo Tuomikoski<\/span><\/p>\n<p><strong><\/strong><strong>Varatoiminnantarkastajat\u00a0<\/strong> Jussi Uusim\u00e4ki ja Tapani Ala-Kauppila<\/p>\n<p>&nbsp;<\/p>\n<p>[\/et_pb_text][\/et_pb_column][\/et_pb_row][\/et_pb_section]<\/p>\n","protected":false},"excerpt":{"rendered":"<p>Ilmajoen RotaryKlubi 2025-2026 Presidentti Reijo Tallgren Sihteeri Hannu Antila &nbsp; Tuleva presidentti Janne Ritola Varapresidentti Vesa Juonoja Edellinen presidentti Jukka Koivulahti Varasihteeri O-P Sinkkonen Rotarys\u00e4\u00e4ti\u00f6asiamies Timo Hirsim\u00e4ki Rahastonhoitaja Seppo Flink Nuorisovaihtoasiamies Hannu Antila ICT vastaava Janne\u00a0Ritola &nbsp; Klubimestarit 1. Klubimestari Seppo Flink 2. Klubimestari Vesa Juonoja &nbsp; Varsinaiset toiminnantarkastajat Antti Hakanen\u00a0ja Timo Tuomikoski Varatoiminnantarkastajat\u00a0 Jussi [&hellip;]<\/p>\n","protected":false},"author":1,"featured_media":0,"parent":129,"menu_order":0,"comment_status":"closed","ping_status":"closed","template":"","meta":{"_acf_changed":false,"_et_pb_use_builder":"on","_et_pb_old_content":"<p style=\"text-align: center;\"><strong>Ilmajoen RotaryKlubi 2019-2020<\/strong><\/p><p><strong> Presidentti<\/strong> Jouko Mets\u00e4-Ketel\u00e4<\/p><p><strong>Sihteeri<\/strong> Vesa Juonoja<\/p><p>\u00a0<\/p><ul><li><strong>Tuleva presidentt<\/strong>i Ari Rousu<\/li><li><strong>Varapresidentti<\/strong> Juha Jouppila<\/li><li><strong>Edellinen presidentti<\/strong> Aulis Hahtola<\/li><li><strong>Rotarys\u00e4\u00e4ti\u00f6asiamies<\/strong> Timo Hirsim\u00e4ki<\/li><li><strong>Rahastonhoitaja<\/strong> Antti Viita<\/li><li><strong>Nuorisovaihtoasiamies<\/strong> Jouni Haapam\u00e4ki<\/li><\/ul><p>\u00a0<\/p><p><strong>Klubimestarit <\/strong><\/p><ul><li><strong>1. Klubimestari<\/strong> Reijo Tallgren<\/li><li><strong>2. Klubimestari<\/strong> Jyri Hannuksela<\/li><\/ul><p><strong>Varatoiminnantarkastajat\u00a0<\/strong> Jaakko Jokim\u00e4ki ja Tapani Ala-Kauppila<\/p><p><strong>Varsinaiset toiminnantarkastajat<\/strong> Matti Hirvel\u00e4 ja Pentti Alanko<\/p>","_et_gb_content_width":"","footnotes":""},"class_list":["post-132","page","type-page","status-publish","hentry"],"acf":[],"yoast_head":"<!-- This site is optimized with the Yoast SEO plugin v27.0 - https:\/\/yoast.com\/product\/yoast-seo-wordpress\/ -->\n<title>Hallitus ja toimihenkil\u00f6t - Ilmajoen Rotaryklubi<\/title>\n<meta name=\"robots\" content=\"index, follow, max-snippet:-1, max-image-preview:large, max-video-preview:-1\" \/>\n<link rel=\"canonical\" href=\"https:\/\/rotary.fi\/ilmajoki\/keita-olemme\/hallitus-ja-toimihenkilot\/\" \/>\n<meta property=\"og:locale\" content=\"fi_FI\" \/>\n<meta property=\"og:type\" content=\"article\" \/>\n<meta property=\"og:title\" content=\"Hallitus ja toimihenkil\u00f6t - Ilmajoen Rotaryklubi\" \/>\n<meta property=\"og:description\" content=\"Ilmajoen RotaryKlubi 2025-2026 Presidentti Reijo Tallgren Sihteeri Hannu Antila &nbsp; Tuleva presidentti Janne Ritola Varapresidentti Vesa Juonoja Edellinen presidentti Jukka Koivulahti Varasihteeri O-P Sinkkonen Rotarys\u00e4\u00e4ti\u00f6asiamies Timo Hirsim\u00e4ki Rahastonhoitaja Seppo Flink Nuorisovaihtoasiamies Hannu Antila ICT vastaava Janne\u00a0Ritola &nbsp; Klubimestarit 1. Klubimestari Seppo Flink 2. Klubimestari Vesa Juonoja &nbsp; Varsinaiset toiminnantarkastajat Antti Hakanen\u00a0ja Timo Tuomikoski Varatoiminnantarkastajat\u00a0 Jussi [&hellip;]\" \/>\n<meta property=\"og:url\" content=\"https:\/\/rotary.fi\/ilmajoki\/keita-olemme\/hallitus-ja-toimihenkilot\/\" \/>\n<meta property=\"og:site_name\" content=\"Ilmajoen Rotaryklubi\" \/>\n<meta property=\"article:modified_time\" content=\"2026-03-27T14:50:33+00:00\" \/>\n<meta name=\"twitter:card\" content=\"summary_large_image\" \/>\n<meta name=\"twitter:label1\" content=\"Arvioitu lukuaika\" \/>\n\t<meta name=\"twitter:data1\" content=\"1 minuutti\" \/>\n<script type=\"application\/ld+json\" class=\"yoast-schema-graph\">{\"@context\":\"https:\/\/schema.org\",\"@graph\":[{\"@type\":\"WebPage\",\"@id\":\"https:\/\/rotary.fi\/ilmajoki\/keita-olemme\/hallitus-ja-toimihenkilot\/\",\"url\":\"https:\/\/rotary.fi\/ilmajoki\/keita-olemme\/hallitus-ja-toimihenkilot\/\",\"name\":\"Hallitus ja toimihenkil\u00f6t - Ilmajoen Rotaryklubi\",\"isPartOf\":{\"@id\":\"https:\/\/rotary.fi\/ilmajoki\/#website\"},\"datePublished\":\"2018-08-10T10:59:56+00:00\",\"dateModified\":\"2026-03-27T14:50:33+00:00\",\"breadcrumb\":{\"@id\":\"https:\/\/rotary.fi\/ilmajoki\/keita-olemme\/hallitus-ja-toimihenkilot\/#breadcrumb\"},\"inLanguage\":\"fi\",\"potentialAction\":[{\"@type\":\"ReadAction\",\"target\":[\"https:\/\/rotary.fi\/ilmajoki\/keita-olemme\/hallitus-ja-toimihenkilot\/\"]}]},{\"@type\":\"BreadcrumbList\",\"@id\":\"https:\/\/rotary.fi\/ilmajoki\/keita-olemme\/hallitus-ja-toimihenkilot\/#breadcrumb\",\"itemListElement\":[{\"@type\":\"ListItem\",\"position\":1,\"name\":\"Home\",\"item\":\"https:\/\/rotary.fi\/ilmajoki\/\"},{\"@type\":\"ListItem\",\"position\":2,\"name\":\"Keit\u00e4 olemme\",\"item\":\"https:\/\/rotary.fi\/ilmajoki\/keita-olemme\/\"},{\"@type\":\"ListItem\",\"position\":3,\"name\":\"Hallitus ja toimihenkil\u00f6t\"}]},{\"@type\":\"WebSite\",\"@id\":\"https:\/\/rotary.fi\/ilmajoki\/#website\",\"url\":\"https:\/\/rotary.fi\/ilmajoki\/\",\"name\":\"Ilmajoen Rotaryklubi\",\"description\":\"Uusi Rotary klubisivusto\",\"potentialAction\":[{\"@type\":\"SearchAction\",\"target\":{\"@type\":\"EntryPoint\",\"urlTemplate\":\"https:\/\/rotary.fi\/ilmajoki\/?s={search_term_string}\"},\"query-input\":{\"@type\":\"PropertyValueSpecification\",\"valueRequired\":true,\"valueName\":\"search_term_string\"}}],\"inLanguage\":\"fi\"}]}<\/script>\n<!-- \/ Yoast SEO plugin. -->","yoast_head_json":{"title":"Hallitus ja toimihenkil\u00f6t - Ilmajoen Rotaryklubi","robots":{"index":"index","follow":"follow","max-snippet":"max-snippet:-1","max-image-preview":"max-image-preview:large","max-video-preview":"max-video-preview:-1"},"canonical":"https:\/\/rotary.fi\/ilmajoki\/keita-olemme\/hallitus-ja-toimihenkilot\/","og_locale":"fi_FI","og_type":"article","og_title":"Hallitus ja toimihenkil\u00f6t - Ilmajoen Rotaryklubi","og_description":"Ilmajoen RotaryKlubi 2025-2026 Presidentti Reijo Tallgren Sihteeri Hannu Antila &nbsp; Tuleva presidentti Janne Ritola Varapresidentti Vesa Juonoja Edellinen presidentti Jukka Koivulahti Varasihteeri O-P Sinkkonen Rotarys\u00e4\u00e4ti\u00f6asiamies Timo Hirsim\u00e4ki Rahastonhoitaja Seppo Flink Nuorisovaihtoasiamies Hannu Antila ICT vastaava Janne\u00a0Ritola &nbsp; Klubimestarit 1. Klubimestari Seppo Flink 2. Klubimestari Vesa Juonoja &nbsp; Varsinaiset toiminnantarkastajat Antti Hakanen\u00a0ja Timo Tuomikoski Varatoiminnantarkastajat\u00a0 Jussi [&hellip;]","og_url":"https:\/\/rotary.fi\/ilmajoki\/keita-olemme\/hallitus-ja-toimihenkilot\/","og_site_name":"Ilmajoen Rotaryklubi","article_modified_time":"2026-03-27T14:50:33+00:00","twitter_card":"summary_large_image","twitter_misc":{"Arvioitu lukuaika":"1 minuutti"},"schema":{"@context":"https:\/\/schema.org","@graph":[{"@type":"WebPage","@id":"https:\/\/rotary.fi\/ilmajoki\/keita-olemme\/hallitus-ja-toimihenkilot\/","url":"https:\/\/rotary.fi\/ilmajoki\/keita-olemme\/hallitus-ja-toimihenkilot\/","name":"Hallitus ja toimihenkil\u00f6t - Ilmajoen Rotaryklubi","isPartOf":{"@id":"https:\/\/rotary.fi\/ilmajoki\/#website"},"datePublished":"2018-08-10T10:59:56+00:00","dateModified":"2026-03-27T14:50:33+00:00","breadcrumb":{"@id":"https:\/\/rotary.fi\/ilmajoki\/keita-olemme\/hallitus-ja-toimihenkilot\/#breadcrumb"},"inLanguage":"fi","potentialAction":[{"@type":"ReadAction","target":["https:\/\/rotary.fi\/ilmajoki\/keita-olemme\/hallitus-ja-toimihenkilot\/"]}]},{"@type":"BreadcrumbList","@id":"https:\/\/rotary.fi\/ilmajoki\/keita-olemme\/hallitus-ja-toimihenkilot\/#breadcrumb","itemListElement":[{"@type":"ListItem","position":1,"name":"Home","item":"https:\/\/rotary.fi\/ilmajoki\/"},{"@type":"ListItem","position":2,"name":"Keit\u00e4 olemme","item":"https:\/\/rotary.fi\/ilmajoki\/keita-olemme\/"},{"@type":"ListItem","position":3,"name":"Hallitus ja toimihenkil\u00f6t"}]},{"@type":"WebSite","@id":"https:\/\/rotary.fi\/ilmajoki\/#website","url":"https:\/\/rotary.fi\/ilmajoki\/","name":"Ilmajoen Rotaryklubi","description":"Uusi Rotary klubisivusto","potentialAction":[{"@type":"SearchAction","target":{"@type":"EntryPoint","urlTemplate":"https:\/\/rotary.fi\/ilmajoki\/?s={search_term_string}"},"query-input":{"@type":"PropertyValueSpecification","valueRequired":true,"valueName":"search_term_string"}}],"inLanguage":"fi"}]}},"lang":"fi","translations":{"fi":132},"pll_sync_post":[],"_links":{"self":[{"href":"https:\/\/rotary.fi\/ilmajoki\/wp-json\/wp\/v2\/pages\/132","targetHints":{"allow":["GET"]}}],"collection":[{"href":"https:\/\/rotary.fi\/ilmajoki\/wp-json\/wp\/v2\/pages"}],"about":[{"href":"https:\/\/rotary.fi\/ilmajoki\/wp-json\/wp\/v2\/types\/page"}],"author":[{"embeddable":true,"href":"https:\/\/rotary.fi\/ilmajoki\/wp-json\/wp\/v2\/users\/1"}],"replies":[{"embeddable":true,"href":"https:\/\/rotary.fi\/ilmajoki\/wp-json\/wp\/v2\/comments?post=132"}],"version-history":[{"count":10,"href":"https:\/\/rotary.fi\/ilmajoki\/wp-json\/wp\/v2\/pages\/132\/revisions"}],"predecessor-version":[{"id":1787,"href":"https:\/\/rotary.fi\/ilmajoki\/wp-json\/wp\/v2\/pages\/132\/revisions\/1787"}],"up":[{"embeddable":true,"href":"https:\/\/rotary.fi\/ilmajoki\/wp-json\/wp\/v2\/pages\/129"}],"wp:attachment":[{"href":"https:\/\/rotary.fi\/ilmajoki\/wp-json\/wp\/v2\/media?parent=132"}],"curies":[{"name":"wp","href":"https:\/\/api.w.org\/{rel}","templated":true}]}}