{"id":129,"date":"2018-08-10T13:41:39","date_gmt":"2018-08-10T10:41:39","guid":{"rendered":"https:\/\/rotary.fi\/klubi2\/?page_id=129"},"modified":"2019-09-20T21:44:33","modified_gmt":"2019-09-20T18:44:33","slug":"keita-olemme","status":"publish","type":"page","link":"https:\/\/rotary.fi\/ilmajoki\/keita-olemme\/","title":{"rendered":"Keit\u00e4 olemme"},"content":{"rendered":"<p>[et_pb_section fb_built=&#8221;1&#8243; _builder_version=&#8221;3.22&#8243; fb_built=&#8221;1&#8243; _i=&#8221;0&#8243; _address=&#8221;0&#8243;][et_pb_row _builder_version=&#8221;3.27.4&#8243; _i=&#8221;0&#8243; _address=&#8221;0.0&#8243; custom_margin=&#8221;|auto|432px|auto||&#8221;][et_pb_column type=&#8221;4_4&#8243; _builder_version=&#8221;3.27.4&#8243; _i=&#8221;0&#8243; _address=&#8221;0.0.0&#8243;][et_pb_text _builder_version=&#8221;3.27.4&#8243; _i=&#8221;0&#8243; _address=&#8221;0.0.0.0&#8243;]<\/p>\n<p>Ilmajoen rotaryklubin perustava kokous pidettiin 22.1.1956 Ilmajoen Osuuskassan kokoushuoneessa. Tahti oli vauhdikas, eik\u00e4 kulunut kuin 26 p\u00e4iv\u00e4\u00e4 perustavasta kokouksesta, niin Ilmajoen Rotaryklubi hyv\u00e4ksyttiin Rotary Internationalin j\u00e4seneksi.<\/p>\n<p>Ilmajoen Rotaryklubin ensimm\u00e4iseen hallitukseen valittiin presidentiksi\u00a0<strong>Tauno Luutonen<\/strong>, varapresidentiksi\u00a0<strong>Paul Aalto<\/strong>, sihteeriksi\u00a0<strong>Reino Jurvela<\/strong>, rahastonhoitajaksi\u00a0<strong>Veikko Piril\u00e4<\/strong>\u00a0ja j\u00e4seniksi\u00a0<strong>Niilo Koskiniemi<\/strong>\u00a0ja\u00a0<strong>Paavo V\u00e4lim\u00e4ki<\/strong>.<\/p>\n<p><strong>Ilmajoen Rotaryklubin\u00a0 perustajaj\u00e4senet<\/strong><\/p>\n<p>Pankinjohtaja\u00a0<strong>Paul Aalto<\/strong>, lainopin kand.\u00a0<strong>Jyri Ala-Nikkola<\/strong>, toimitusjohtaja\u00a0<strong>Eero Erkkil\u00e4<\/strong>, kellosepp\u00e4\u00a0<strong>Esko Honkasalo<\/strong>, rautatien kirjuri\u00a0<strong>Reino Jurvela<\/strong>, toimitusjohtaja\u00a0<strong>Bertil Karjarinta<\/strong>, johtaja\u00a0<strong>Eino Keskim\u00e4ki<\/strong>, kunnanl\u00e4\u00e4k\u00e4ri\u00a0<strong>Niilo Koskiniemi<\/strong>, vanhempi lehtori<strong>\u00a0Olavi Lahti<\/strong>, nimismies\u00a0<strong>Tauno Luutonen<\/strong>, kansakoulunopettaja\u00a0<strong>Eero Malkola<\/strong>, taidemaalari\u00a0<strong>Nandor Mikola<\/strong>, kunnanjohtaja\u00a0<strong>Juho Mononen<\/strong>, toimitusjohtaja<strong>\u00a0Paavo M\u00e4kel\u00e4<\/strong>, osuuskassan johtaja\u00a0<strong>Veikko Piril\u00e4<\/strong>, maanviljelij\u00e4\u00a0<strong>Sakari Pojanluoma<\/strong>, kirjailija\u00a0<strong>Waldemar Rantoja<\/strong>, kauppias\u00a0<strong>Eero Rauhala<\/strong>, toimitusjohtaja\u00a0<strong>Niilo Saani<\/strong>, ekonomi\u00a0<strong>Eino V\u00e4lim\u00e4ki<\/strong>, toimitusjohtaja\u00a0<strong>Paavo V\u00e4lim\u00e4ki<\/strong>, yliluutnantti\u00a0<strong>Arvo Yli-Rajala.<\/strong><div id=\"attachment_1629\" style=\"width: 310px\" class=\"wp-caption alignnone\"><img loading=\"lazy\" decoding=\"async\" aria-describedby=\"caption-attachment-1629\" src=\"https:\/\/rotary.fi\/ilmajoki\/wp-content\/uploads\/sites\/168\/2019\/09\/mikola-kuva-300x135.jpg\" width=\"300\" height=\"135\" alt=\"\" class=\"wp-image-1629 size-medium\" srcset=\"https:\/\/rotary.fi\/ilmajoki\/wp-content\/uploads\/sites\/168\/2019\/09\/mikola-kuva-300x135.jpg 300w, https:\/\/rotary.fi\/ilmajoki\/wp-content\/uploads\/sites\/168\/2019\/09\/mikola-kuva.jpg 419w\" sizes=\"(max-width: 300px) 100vw, 300px\" \/><p id=\"caption-attachment-1629\" class=\"wp-caption-text\">Nandor Mikola (s. 27.11.1911 k. 03.05.2006): &#8221;Kaverukset&#8221; Yli-Lauroselan kolme aittaa<\/p><\/div><\/p>\n<p>[\/et_pb_text][\/et_pb_column][\/et_pb_row][\/et_pb_section][et_pb_section fb_built=&#8221;1&#8243; _builder_version=&#8221;3.27.4&#8243; fb_built=&#8221;1&#8243; _i=&#8221;1&#8243; _address=&#8221;1&#8243;][\/et_pb_section]<\/p>\n","protected":false},"excerpt":{"rendered":"<p>Ilmajoen rotaryklubin perustava kokous pidettiin 22.1.1956 Ilmajoen Osuuskassan kokoushuoneessa. Tahti oli vauhdikas, eik\u00e4 kulunut kuin 26 p\u00e4iv\u00e4\u00e4 perustavasta kokouksesta, niin Ilmajoen Rotaryklubi hyv\u00e4ksyttiin Rotary Internationalin j\u00e4seneksi. Ilmajoen Rotaryklubin ensimm\u00e4iseen hallitukseen valittiin presidentiksi\u00a0Tauno Luutonen, varapresidentiksi\u00a0Paul Aalto, sihteeriksi\u00a0Reino Jurvela, rahastonhoitajaksi\u00a0Veikko Piril\u00e4\u00a0ja j\u00e4seniksi\u00a0Niilo Koskiniemi\u00a0ja\u00a0Paavo V\u00e4lim\u00e4ki. Ilmajoen Rotaryklubin\u00a0 perustajaj\u00e4senet Pankinjohtaja\u00a0Paul Aalto, lainopin kand.\u00a0Jyri Ala-Nikkola, toimitusjohtaja\u00a0Eero Erkkil\u00e4, kellosepp\u00e4\u00a0Esko Honkasalo, rautatien [&hellip;]<\/p>\n","protected":false},"author":1,"featured_media":0,"parent":0,"menu_order":0,"comment_status":"closed","ping_status":"closed","template":"","meta":{"_acf_changed":false,"_et_pb_use_builder":"on","_et_pb_old_content":"[caption id=\"attachment_1563\" align=\"aligncenter\" width=\"1080\"]<img class=\"wp-image-1563 size-full\" src=\"https:\/\/rotary.fi\/ilmajoki\/wp-content\/uploads\/sites\/168\/2019\/09\/img_2463.jpg\" alt=\"\" width=\"1080\" height=\"720\" \/> Ilmajoen Rotaryklubi on perinteinen ja aktiivinen Rotaryklubi Etel\u00e4-Pohjanmaan syd\u00e4mess\u00e4 Ilmajoella. Kokoonnumme Ilmajoen Krouviin joka torstai verkostoitumaan, vaihtamaan n\u00e4kemyksi\u00e4, kuuntelemaan erilaisia esitelmi\u00e4 sek\u00e4 edist\u00e4m\u00e4\u00e4n paikkakuntamme yhteist\u00e4 hyv\u00e4\u00e4. Tuemme taholtamme kansainv\u00e4lisen Rotaryj\u00e4rjest\u00f6n humanitaarisia projekteja sek\u00e4 osallistumme nuorisovaihtoon.[\/caption]<p><!--more--><\/p>","_et_gb_content_width":"","footnotes":""},"class_list":["post-129","page","type-page","status-publish","hentry"],"acf":[],"yoast_head":"<!-- This site is optimized with the Yoast SEO plugin v27.0 - https:\/\/yoast.com\/product\/yoast-seo-wordpress\/ -->\n<title>Keit\u00e4 olemme - Ilmajoen Rotaryklubi<\/title>\n<meta name=\"robots\" content=\"index, follow, max-snippet:-1, max-image-preview:large, max-video-preview:-1\" \/>\n<link rel=\"canonical\" href=\"https:\/\/rotary.fi\/ilmajoki\/keita-olemme\/\" \/>\n<meta property=\"og:locale\" content=\"fi_FI\" \/>\n<meta property=\"og:type\" content=\"article\" \/>\n<meta property=\"og:title\" content=\"Keit\u00e4 olemme - Ilmajoen Rotaryklubi\" \/>\n<meta property=\"og:description\" content=\"Ilmajoen rotaryklubin perustava kokous pidettiin 22.1.1956 Ilmajoen Osuuskassan kokoushuoneessa. Tahti oli vauhdikas, eik\u00e4 kulunut kuin 26 p\u00e4iv\u00e4\u00e4 perustavasta kokouksesta, niin Ilmajoen Rotaryklubi hyv\u00e4ksyttiin Rotary Internationalin j\u00e4seneksi. Ilmajoen Rotaryklubin ensimm\u00e4iseen hallitukseen valittiin presidentiksi\u00a0Tauno Luutonen, varapresidentiksi\u00a0Paul Aalto, sihteeriksi\u00a0Reino Jurvela, rahastonhoitajaksi\u00a0Veikko Piril\u00e4\u00a0ja j\u00e4seniksi\u00a0Niilo Koskiniemi\u00a0ja\u00a0Paavo V\u00e4lim\u00e4ki. Ilmajoen Rotaryklubin\u00a0 perustajaj\u00e4senet Pankinjohtaja\u00a0Paul Aalto, lainopin kand.\u00a0Jyri Ala-Nikkola, toimitusjohtaja\u00a0Eero Erkkil\u00e4, kellosepp\u00e4\u00a0Esko Honkasalo, rautatien [&hellip;]\" \/>\n<meta property=\"og:url\" content=\"https:\/\/rotary.fi\/ilmajoki\/keita-olemme\/\" \/>\n<meta property=\"og:site_name\" content=\"Ilmajoen Rotaryklubi\" \/>\n<meta property=\"article:modified_time\" content=\"2019-09-20T18:44:33+00:00\" \/>\n<meta property=\"og:image\" content=\"https:\/\/rotary.fi\/ilmajoki\/wp-content\/uploads\/sites\/168\/2019\/09\/mikola-kuva-300x135.jpg\" \/>\n<meta name=\"twitter:card\" content=\"summary_large_image\" \/>\n<meta name=\"twitter:label1\" content=\"Arvioitu lukuaika\" \/>\n\t<meta name=\"twitter:data1\" content=\"1 minuutti\" \/>\n<script type=\"application\/ld+json\" class=\"yoast-schema-graph\">{\"@context\":\"https:\/\/schema.org\",\"@graph\":[{\"@type\":\"WebPage\",\"@id\":\"https:\/\/rotary.fi\/ilmajoki\/keita-olemme\/\",\"url\":\"https:\/\/rotary.fi\/ilmajoki\/keita-olemme\/\",\"name\":\"Keit\u00e4 olemme - Ilmajoen Rotaryklubi\",\"isPartOf\":{\"@id\":\"https:\/\/rotary.fi\/ilmajoki\/#website\"},\"primaryImageOfPage\":{\"@id\":\"https:\/\/rotary.fi\/ilmajoki\/keita-olemme\/#primaryimage\"},\"image\":{\"@id\":\"https:\/\/rotary.fi\/ilmajoki\/keita-olemme\/#primaryimage\"},\"thumbnailUrl\":\"https:\/\/rotary.fi\/ilmajoki\/wp-content\/uploads\/sites\/168\/2019\/09\/mikola-kuva-300x135.jpg\",\"datePublished\":\"2018-08-10T10:41:39+00:00\",\"dateModified\":\"2019-09-20T18:44:33+00:00\",\"breadcrumb\":{\"@id\":\"https:\/\/rotary.fi\/ilmajoki\/keita-olemme\/#breadcrumb\"},\"inLanguage\":\"fi\",\"potentialAction\":[{\"@type\":\"ReadAction\",\"target\":[\"https:\/\/rotary.fi\/ilmajoki\/keita-olemme\/\"]}]},{\"@type\":\"ImageObject\",\"inLanguage\":\"fi\",\"@id\":\"https:\/\/rotary.fi\/ilmajoki\/keita-olemme\/#primaryimage\",\"url\":\"https:\/\/rotary.fi\/ilmajoki\/wp-content\/uploads\/sites\/168\/2019\/09\/mikola-kuva.jpg\",\"contentUrl\":\"https:\/\/rotary.fi\/ilmajoki\/wp-content\/uploads\/sites\/168\/2019\/09\/mikola-kuva.jpg\",\"width\":419,\"height\":188,\"caption\":\"Nandor Mikola (s. 27.11.1911 k. 03.05.2006): \\\"Kaverukset\\\" Yli-Lauroselan kolme aittaa\"},{\"@type\":\"BreadcrumbList\",\"@id\":\"https:\/\/rotary.fi\/ilmajoki\/keita-olemme\/#breadcrumb\",\"itemListElement\":[{\"@type\":\"ListItem\",\"position\":1,\"name\":\"Home\",\"item\":\"https:\/\/rotary.fi\/ilmajoki\/\"},{\"@type\":\"ListItem\",\"position\":2,\"name\":\"Keit\u00e4 olemme\"}]},{\"@type\":\"WebSite\",\"@id\":\"https:\/\/rotary.fi\/ilmajoki\/#website\",\"url\":\"https:\/\/rotary.fi\/ilmajoki\/\",\"name\":\"Ilmajoen Rotaryklubi\",\"description\":\"Uusi Rotary klubisivusto\",\"potentialAction\":[{\"@type\":\"SearchAction\",\"target\":{\"@type\":\"EntryPoint\",\"urlTemplate\":\"https:\/\/rotary.fi\/ilmajoki\/?s={search_term_string}\"},\"query-input\":{\"@type\":\"PropertyValueSpecification\",\"valueRequired\":true,\"valueName\":\"search_term_string\"}}],\"inLanguage\":\"fi\"}]}<\/script>\n<!-- \/ Yoast SEO plugin. -->","yoast_head_json":{"title":"Keit\u00e4 olemme - Ilmajoen Rotaryklubi","robots":{"index":"index","follow":"follow","max-snippet":"max-snippet:-1","max-image-preview":"max-image-preview:large","max-video-preview":"max-video-preview:-1"},"canonical":"https:\/\/rotary.fi\/ilmajoki\/keita-olemme\/","og_locale":"fi_FI","og_type":"article","og_title":"Keit\u00e4 olemme - Ilmajoen Rotaryklubi","og_description":"Ilmajoen rotaryklubin perustava kokous pidettiin 22.1.1956 Ilmajoen Osuuskassan kokoushuoneessa. Tahti oli vauhdikas, eik\u00e4 kulunut kuin 26 p\u00e4iv\u00e4\u00e4 perustavasta kokouksesta, niin Ilmajoen Rotaryklubi hyv\u00e4ksyttiin Rotary Internationalin j\u00e4seneksi. Ilmajoen Rotaryklubin ensimm\u00e4iseen hallitukseen valittiin presidentiksi\u00a0Tauno Luutonen, varapresidentiksi\u00a0Paul Aalto, sihteeriksi\u00a0Reino Jurvela, rahastonhoitajaksi\u00a0Veikko Piril\u00e4\u00a0ja j\u00e4seniksi\u00a0Niilo Koskiniemi\u00a0ja\u00a0Paavo V\u00e4lim\u00e4ki. Ilmajoen Rotaryklubin\u00a0 perustajaj\u00e4senet Pankinjohtaja\u00a0Paul Aalto, lainopin kand.\u00a0Jyri Ala-Nikkola, toimitusjohtaja\u00a0Eero Erkkil\u00e4, kellosepp\u00e4\u00a0Esko Honkasalo, rautatien [&hellip;]","og_url":"https:\/\/rotary.fi\/ilmajoki\/keita-olemme\/","og_site_name":"Ilmajoen Rotaryklubi","article_modified_time":"2019-09-20T18:44:33+00:00","og_image":[{"url":"https:\/\/rotary.fi\/ilmajoki\/wp-content\/uploads\/sites\/168\/2019\/09\/mikola-kuva-300x135.jpg","type":"","width":"","height":""}],"twitter_card":"summary_large_image","twitter_misc":{"Arvioitu lukuaika":"1 minuutti"},"schema":{"@context":"https:\/\/schema.org","@graph":[{"@type":"WebPage","@id":"https:\/\/rotary.fi\/ilmajoki\/keita-olemme\/","url":"https:\/\/rotary.fi\/ilmajoki\/keita-olemme\/","name":"Keit\u00e4 olemme - Ilmajoen Rotaryklubi","isPartOf":{"@id":"https:\/\/rotary.fi\/ilmajoki\/#website"},"primaryImageOfPage":{"@id":"https:\/\/rotary.fi\/ilmajoki\/keita-olemme\/#primaryimage"},"image":{"@id":"https:\/\/rotary.fi\/ilmajoki\/keita-olemme\/#primaryimage"},"thumbnailUrl":"https:\/\/rotary.fi\/ilmajoki\/wp-content\/uploads\/sites\/168\/2019\/09\/mikola-kuva-300x135.jpg","datePublished":"2018-08-10T10:41:39+00:00","dateModified":"2019-09-20T18:44:33+00:00","breadcrumb":{"@id":"https:\/\/rotary.fi\/ilmajoki\/keita-olemme\/#breadcrumb"},"inLanguage":"fi","potentialAction":[{"@type":"ReadAction","target":["https:\/\/rotary.fi\/ilmajoki\/keita-olemme\/"]}]},{"@type":"ImageObject","inLanguage":"fi","@id":"https:\/\/rotary.fi\/ilmajoki\/keita-olemme\/#primaryimage","url":"https:\/\/rotary.fi\/ilmajoki\/wp-content\/uploads\/sites\/168\/2019\/09\/mikola-kuva.jpg","contentUrl":"https:\/\/rotary.fi\/ilmajoki\/wp-content\/uploads\/sites\/168\/2019\/09\/mikola-kuva.jpg","width":419,"height":188,"caption":"Nandor Mikola (s. 27.11.1911 k. 03.05.2006): \"Kaverukset\" Yli-Lauroselan kolme aittaa"},{"@type":"BreadcrumbList","@id":"https:\/\/rotary.fi\/ilmajoki\/keita-olemme\/#breadcrumb","itemListElement":[{"@type":"ListItem","position":1,"name":"Home","item":"https:\/\/rotary.fi\/ilmajoki\/"},{"@type":"ListItem","position":2,"name":"Keit\u00e4 olemme"}]},{"@type":"WebSite","@id":"https:\/\/rotary.fi\/ilmajoki\/#website","url":"https:\/\/rotary.fi\/ilmajoki\/","name":"Ilmajoen Rotaryklubi","description":"Uusi Rotary klubisivusto","potentialAction":[{"@type":"SearchAction","target":{"@type":"EntryPoint","urlTemplate":"https:\/\/rotary.fi\/ilmajoki\/?s={search_term_string}"},"query-input":{"@type":"PropertyValueSpecification","valueRequired":true,"valueName":"search_term_string"}}],"inLanguage":"fi"}]}},"lang":"fi","translations":{"fi":129},"pll_sync_post":[],"_links":{"self":[{"href":"https:\/\/rotary.fi\/ilmajoki\/wp-json\/wp\/v2\/pages\/129","targetHints":{"allow":["GET"]}}],"collection":[{"href":"https:\/\/rotary.fi\/ilmajoki\/wp-json\/wp\/v2\/pages"}],"about":[{"href":"https:\/\/rotary.fi\/ilmajoki\/wp-json\/wp\/v2\/types\/page"}],"author":[{"embeddable":true,"href":"https:\/\/rotary.fi\/ilmajoki\/wp-json\/wp\/v2\/users\/1"}],"replies":[{"embeddable":true,"href":"https:\/\/rotary.fi\/ilmajoki\/wp-json\/wp\/v2\/comments?post=129"}],"version-history":[{"count":21,"href":"https:\/\/rotary.fi\/ilmajoki\/wp-json\/wp\/v2\/pages\/129\/revisions"}],"predecessor-version":[{"id":1689,"href":"https:\/\/rotary.fi\/ilmajoki\/wp-json\/wp\/v2\/pages\/129\/revisions\/1689"}],"wp:attachment":[{"href":"https:\/\/rotary.fi\/ilmajoki\/wp-json\/wp\/v2\/media?parent=129"}],"curies":[{"name":"wp","href":"https:\/\/api.w.org\/{rel}","templated":true}]}}