{"id":132,"date":"2018-08-10T13:59:56","date_gmt":"2018-08-10T10:59:56","guid":{"rendered":"https:\/\/rotary.fi\/klubi2\/?page_id=132"},"modified":"2025-07-26T17:56:43","modified_gmt":"2025-07-26T14:56:43","slug":"hallitus-ja-toimihenkilot","status":"publish","type":"page","link":"https:\/\/rotary.fi\/hyvinkaa\/keita-olemme\/hallitus-ja-toimihenkilot\/","title":{"rendered":"Hallitus ja toimihenkil\u00f6t"},"content":{"rendered":"<p><strong>Presidentti<\/strong> Marjo Kekkonen<br \/>\n<strong>Tuleva presidentti<\/strong> Pirjo Nihti<br \/>\n<strong>Varapresidentti<\/strong> Risto Nihtil\u00e4<br \/>\n<strong>Edellinen presidentti<\/strong> Eija Mattila<br \/>\n<strong>Rahastonhoitaja<\/strong> Jussi Autere<br \/>\n<strong>1. sihteeri<\/strong> Pirjo Nihti<br \/>\n<strong>2. sihteeri <\/strong>Raija H\u00e4tinen<br \/>\n<strong>3. sihteeri<\/strong><br \/>\n<strong>Webmaster<\/strong> Jorma R\u00e4tt\u00f6<br \/>\n<strong>Nuorisovaihtoasiamies<\/strong> Juhani Nordlund<br \/>\n<strong>Palvelukomitean pj<\/strong> Vesa Tervo<\/p>\n<p>Yhteystiedot l\u00f6yd\u00e4t yhteystiedot-sivulta.<\/p>\n","protected":false},"excerpt":{"rendered":"<p>Presidentti Marjo Kekkonen Tuleva presidentti Pirjo Nihti Varapresidentti Risto Nihtil\u00e4 Edellinen presidentti Eija Mattila Rahastonhoitaja Jussi Autere 1. sihteeri Pirjo Nihti 2. sihteeri Raija H\u00e4tinen 3. sihteeri Webmaster Jorma R\u00e4tt\u00f6 Nuorisovaihtoasiamies Juhani Nordlund Palvelukomitean pj Vesa Tervo Yhteystiedot l\u00f6yd\u00e4t yhteystiedot-sivulta.<\/p>\n","protected":false},"author":1,"featured_media":0,"parent":129,"menu_order":0,"comment_status":"closed","ping_status":"closed","template":"","meta":{"_acf_changed":false,"_et_pb_use_builder":"off","_et_pb_old_content":"","_et_gb_content_width":"","footnotes":""},"class_list":["post-132","page","type-page","status-publish","hentry"],"acf":[],"yoast_head":"<!-- This site is optimized with the Yoast SEO plugin v27.0 - https:\/\/yoast.com\/product\/yoast-seo-wordpress\/ -->\n<title>Hallitus ja toimihenkil\u00f6t - Hyvink\u00e4\u00e4n Rotaryklubi<\/title>\n<meta name=\"robots\" content=\"index, follow, max-snippet:-1, max-image-preview:large, max-video-preview:-1\" \/>\n<link rel=\"canonical\" href=\"https:\/\/rotary.fi\/hyvinkaa\/keita-olemme\/hallitus-ja-toimihenkilot\/\" \/>\n<meta property=\"og:locale\" content=\"fi_FI\" \/>\n<meta property=\"og:type\" content=\"article\" \/>\n<meta property=\"og:title\" content=\"Hallitus ja toimihenkil\u00f6t - Hyvink\u00e4\u00e4n Rotaryklubi\" \/>\n<meta property=\"og:description\" content=\"Presidentti Marjo Kekkonen Tuleva presidentti Pirjo Nihti Varapresidentti Risto Nihtil\u00e4 Edellinen presidentti Eija Mattila Rahastonhoitaja Jussi Autere 1. sihteeri Pirjo Nihti 2. sihteeri Raija H\u00e4tinen 3. sihteeri Webmaster Jorma R\u00e4tt\u00f6 Nuorisovaihtoasiamies Juhani Nordlund Palvelukomitean pj Vesa Tervo Yhteystiedot l\u00f6yd\u00e4t yhteystiedot-sivulta.\" \/>\n<meta property=\"og:url\" content=\"https:\/\/rotary.fi\/hyvinkaa\/keita-olemme\/hallitus-ja-toimihenkilot\/\" \/>\n<meta property=\"og:site_name\" content=\"Hyvink\u00e4\u00e4n Rotaryklubi\" \/>\n<meta property=\"article:modified_time\" content=\"2025-07-26T14:56:43+00:00\" \/>\n<meta name=\"twitter:card\" content=\"summary_large_image\" \/>\n<meta name=\"twitter:label1\" content=\"Arvioitu lukuaika\" \/>\n\t<meta name=\"twitter:data1\" content=\"1 minuutti\" \/>\n<script type=\"application\/ld+json\" class=\"yoast-schema-graph\">{\"@context\":\"https:\/\/schema.org\",\"@graph\":[{\"@type\":\"WebPage\",\"@id\":\"https:\/\/rotary.fi\/hyvinkaa\/keita-olemme\/hallitus-ja-toimihenkilot\/\",\"url\":\"https:\/\/rotary.fi\/hyvinkaa\/keita-olemme\/hallitus-ja-toimihenkilot\/\",\"name\":\"Hallitus ja toimihenkil\u00f6t - Hyvink\u00e4\u00e4n Rotaryklubi\",\"isPartOf\":{\"@id\":\"https:\/\/rotary.fi\/hyvinkaa\/#website\"},\"datePublished\":\"2018-08-10T10:59:56+00:00\",\"dateModified\":\"2025-07-26T14:56:43+00:00\",\"breadcrumb\":{\"@id\":\"https:\/\/rotary.fi\/hyvinkaa\/keita-olemme\/hallitus-ja-toimihenkilot\/#breadcrumb\"},\"inLanguage\":\"fi\",\"potentialAction\":[{\"@type\":\"ReadAction\",\"target\":[\"https:\/\/rotary.fi\/hyvinkaa\/keita-olemme\/hallitus-ja-toimihenkilot\/\"]}]},{\"@type\":\"BreadcrumbList\",\"@id\":\"https:\/\/rotary.fi\/hyvinkaa\/keita-olemme\/hallitus-ja-toimihenkilot\/#breadcrumb\",\"itemListElement\":[{\"@type\":\"ListItem\",\"position\":1,\"name\":\"Home\",\"item\":\"https:\/\/rotary.fi\/hyvinkaa\/\"},{\"@type\":\"ListItem\",\"position\":2,\"name\":\"Keit\u00e4 olemme\",\"item\":\"https:\/\/rotary.fi\/hyvinkaa\/keita-olemme\/\"},{\"@type\":\"ListItem\",\"position\":3,\"name\":\"Hallitus ja toimihenkil\u00f6t\"}]},{\"@type\":\"WebSite\",\"@id\":\"https:\/\/rotary.fi\/hyvinkaa\/#website\",\"url\":\"https:\/\/rotary.fi\/hyvinkaa\/\",\"name\":\"Hyvink\u00e4\u00e4n Rotaryklubi\",\"description\":\"Uusi Rotary klubisivusto\",\"potentialAction\":[{\"@type\":\"SearchAction\",\"target\":{\"@type\":\"EntryPoint\",\"urlTemplate\":\"https:\/\/rotary.fi\/hyvinkaa\/?s={search_term_string}\"},\"query-input\":{\"@type\":\"PropertyValueSpecification\",\"valueRequired\":true,\"valueName\":\"search_term_string\"}}],\"inLanguage\":\"fi\"}]}<\/script>\n<!-- \/ Yoast SEO plugin. -->","yoast_head_json":{"title":"Hallitus ja toimihenkil\u00f6t - Hyvink\u00e4\u00e4n Rotaryklubi","robots":{"index":"index","follow":"follow","max-snippet":"max-snippet:-1","max-image-preview":"max-image-preview:large","max-video-preview":"max-video-preview:-1"},"canonical":"https:\/\/rotary.fi\/hyvinkaa\/keita-olemme\/hallitus-ja-toimihenkilot\/","og_locale":"fi_FI","og_type":"article","og_title":"Hallitus ja toimihenkil\u00f6t - Hyvink\u00e4\u00e4n Rotaryklubi","og_description":"Presidentti Marjo Kekkonen Tuleva presidentti Pirjo Nihti Varapresidentti Risto Nihtil\u00e4 Edellinen presidentti Eija Mattila Rahastonhoitaja Jussi Autere 1. sihteeri Pirjo Nihti 2. sihteeri Raija H\u00e4tinen 3. sihteeri Webmaster Jorma R\u00e4tt\u00f6 Nuorisovaihtoasiamies Juhani Nordlund Palvelukomitean pj Vesa Tervo Yhteystiedot l\u00f6yd\u00e4t yhteystiedot-sivulta.","og_url":"https:\/\/rotary.fi\/hyvinkaa\/keita-olemme\/hallitus-ja-toimihenkilot\/","og_site_name":"Hyvink\u00e4\u00e4n Rotaryklubi","article_modified_time":"2025-07-26T14:56:43+00:00","twitter_card":"summary_large_image","twitter_misc":{"Arvioitu lukuaika":"1 minuutti"},"schema":{"@context":"https:\/\/schema.org","@graph":[{"@type":"WebPage","@id":"https:\/\/rotary.fi\/hyvinkaa\/keita-olemme\/hallitus-ja-toimihenkilot\/","url":"https:\/\/rotary.fi\/hyvinkaa\/keita-olemme\/hallitus-ja-toimihenkilot\/","name":"Hallitus ja toimihenkil\u00f6t - Hyvink\u00e4\u00e4n Rotaryklubi","isPartOf":{"@id":"https:\/\/rotary.fi\/hyvinkaa\/#website"},"datePublished":"2018-08-10T10:59:56+00:00","dateModified":"2025-07-26T14:56:43+00:00","breadcrumb":{"@id":"https:\/\/rotary.fi\/hyvinkaa\/keita-olemme\/hallitus-ja-toimihenkilot\/#breadcrumb"},"inLanguage":"fi","potentialAction":[{"@type":"ReadAction","target":["https:\/\/rotary.fi\/hyvinkaa\/keita-olemme\/hallitus-ja-toimihenkilot\/"]}]},{"@type":"BreadcrumbList","@id":"https:\/\/rotary.fi\/hyvinkaa\/keita-olemme\/hallitus-ja-toimihenkilot\/#breadcrumb","itemListElement":[{"@type":"ListItem","position":1,"name":"Home","item":"https:\/\/rotary.fi\/hyvinkaa\/"},{"@type":"ListItem","position":2,"name":"Keit\u00e4 olemme","item":"https:\/\/rotary.fi\/hyvinkaa\/keita-olemme\/"},{"@type":"ListItem","position":3,"name":"Hallitus ja toimihenkil\u00f6t"}]},{"@type":"WebSite","@id":"https:\/\/rotary.fi\/hyvinkaa\/#website","url":"https:\/\/rotary.fi\/hyvinkaa\/","name":"Hyvink\u00e4\u00e4n Rotaryklubi","description":"Uusi Rotary klubisivusto","potentialAction":[{"@type":"SearchAction","target":{"@type":"EntryPoint","urlTemplate":"https:\/\/rotary.fi\/hyvinkaa\/?s={search_term_string}"},"query-input":{"@type":"PropertyValueSpecification","valueRequired":true,"valueName":"search_term_string"}}],"inLanguage":"fi"}]}},"lang":"fi","translations":{"fi":132},"pll_sync_post":[],"_links":{"self":[{"href":"https:\/\/rotary.fi\/hyvinkaa\/wp-json\/wp\/v2\/pages\/132","targetHints":{"allow":["GET"]}}],"collection":[{"href":"https:\/\/rotary.fi\/hyvinkaa\/wp-json\/wp\/v2\/pages"}],"about":[{"href":"https:\/\/rotary.fi\/hyvinkaa\/wp-json\/wp\/v2\/types\/page"}],"author":[{"embeddable":true,"href":"https:\/\/rotary.fi\/hyvinkaa\/wp-json\/wp\/v2\/users\/1"}],"replies":[{"embeddable":true,"href":"https:\/\/rotary.fi\/hyvinkaa\/wp-json\/wp\/v2\/comments?post=132"}],"version-history":[{"count":10,"href":"https:\/\/rotary.fi\/hyvinkaa\/wp-json\/wp\/v2\/pages\/132\/revisions"}],"predecessor-version":[{"id":2500,"href":"https:\/\/rotary.fi\/hyvinkaa\/wp-json\/wp\/v2\/pages\/132\/revisions\/2500"}],"up":[{"embeddable":true,"href":"https:\/\/rotary.fi\/hyvinkaa\/wp-json\/wp\/v2\/pages\/129"}],"wp:attachment":[{"href":"https:\/\/rotary.fi\/hyvinkaa\/wp-json\/wp\/v2\/media?parent=132"}],"curies":[{"name":"wp","href":"https:\/\/api.w.org\/{rel}","templated":true}]}}