{"id":273,"date":"2018-10-24T11:32:22","date_gmt":"2018-10-24T08:32:22","guid":{"rendered":"https:\/\/rotary.fi\/huittinen\/?page_id=273"},"modified":"2023-11-08T14:06:10","modified_gmt":"2023-11-08T12:06:10","slug":"olemme-osa-piiria-1410","status":"publish","type":"page","link":"https:\/\/rotary.fi\/huittinen\/keita-olemme\/olemme-osa-piiria-1410\/","title":{"rendered":"Olemme osa piiri\u00e4 1410"},"content":{"rendered":"<p>[et_pb_section fb_built=&#8221;1&#8243; module_class=&#8221;jumbotron-page&#8221; _builder_version=&#8221;4.16&#8243; background_image=&#8221;https:\/\/rotary.fi\/huittinen\/wp-content\/uploads\/sites\/247\/2018\/08\/rotary_klubit_alasivu_paakuva_4.jpg&#8221; global_colors_info=&#8221;{}&#8221;][et_pb_row _builder_version=&#8221;4.16&#8243; background_size=&#8221;initial&#8221; background_position=&#8221;top_left&#8221; background_repeat=&#8221;repeat&#8221; global_colors_info=&#8221;{}&#8221;][et_pb_column type=&#8221;4_4&#8243; _builder_version=&#8221;4.16&#8243; custom_padding=&#8221;|||&#8221; global_colors_info=&#8221;{}&#8221; custom_padding__hover=&#8221;|||&#8221;][et_pb_text admin_label=&#8221;P\u00e4\u00e4otsikko&#8221; _builder_version=&#8221;4.22.1&#8243; text_orientation=&#8221;center&#8221; background_layout=&#8221;dark&#8221; hover_enabled=&#8221;0&#8243; global_colors_info=&#8221;{}&#8221; sticky_enabled=&#8221;0&#8243;]<\/p>\n<h1>Olemme osa piiri\u00e4 1410<\/h1>\n<p>[\/et_pb_text][\/et_pb_column][\/et_pb_row][\/et_pb_section][et_pb_section fb_built=&#8221;1&#8243; specialty=&#8221;on&#8221; module_class_2=&#8221;sivupalkki&#8221; _builder_version=&#8221;4.16&#8243; global_colors_info=&#8221;{}&#8221;][et_pb_column type=&#8221;2_3&#8243; specialty_columns=&#8221;2&#8243; _builder_version=&#8221;4.16&#8243; custom_padding=&#8221;|||&#8221; global_colors_info=&#8221;{}&#8221; parallax__hover=&#8221;off&#8221; parallax_method__hover=&#8221;on&#8221; custom_padding__hover=&#8221;|||&#8221;][et_pb_row_inner admin_label=&#8221;Rivi&#8221; _builder_version=&#8221;4.16&#8243; global_colors_info=&#8221;{}&#8221;][et_pb_column_inner saved_specialty_column_type=&#8221;2_3&#8243; _builder_version=&#8221;4.16&#8243; custom_padding=&#8221;|||&#8221; global_colors_info=&#8221;{}&#8221; parallax__hover=&#8221;off&#8221; parallax_method__hover=&#8221;on&#8221; custom_padding__hover=&#8221;|||&#8221;][et_pb_text admin_label=&#8221;Rotarypiirit &#8211; Otsikko&#8221; _builder_version=&#8221;4.16&#8243; text_orientation=&#8221;center&#8221; hover_enabled=&#8221;0&#8243; global_colors_info=&#8221;{}&#8221; sticky_enabled=&#8221;0&#8243;]<\/p>\n<h1>Rotarypiirit<\/h1>\n<p>[\/et_pb_text][et_pb_text _builder_version=&#8221;4.22.1&#8243; hover_enabled=&#8221;0&#8243; global_colors_info=&#8221;{}&#8221; sticky_enabled=&#8221;0&#8243;]<\/p>\n<p>Kaksikielinen rotarypiirimme kattaa Ahvenanmaan ja Varsinais-Suomen sek\u00e4 osia Satakunnasta ja Etel\u00e4-H\u00e4meest\u00e4. Se jakautuu kymmeneen alueeseen, joiden l\u00e4hes 60 klubilla on yli 1800 j\u00e4sent\u00e4.<\/p>\n<p>Rotarypiiri\u00e4 johtaa piirikuvern\u00f6\u00f6ri, District Governor eli DG. H\u00e4nell\u00e4 on tukenaan piirineuvosto ja piirikomiteat. Piirin jokaisella alueella on viel\u00e4 oma apulaiskuvern\u00f6\u00f6rins\u00e4, Assistant Governor eli AG.<\/p>\n<p>Rotaryvuoden (1.7 \u2013 30.6) aikana piirikuvern\u00f6\u00f6ri vierailee kertomassa, kuulemassa ja kannustamassa kaikissa piirins\u00e4 klubeissa, vastaavasti kuin apulaiskuvern\u00f6\u00f6ri oman alueensa klubeissa.<\/p>\n<p>Piirin nime\u00e4miskomitea valitsee jo vuosia ennakkoon tulevat kuvern\u00f6\u00f6rit, District Governor Nominee eli DGN klubien asettamista ehdokkaista. Kansainv\u00e4listen koulutusten j\u00e4lkeen heid\u00e4t nimitet\u00e4\u00e4n teht\u00e4v\u00e4\u00e4ns\u00e4 Rotary Internationalin maailmankonventiossa, jolloin DGN:st\u00e4 tulee valittu kuvern\u00f6\u00f6ri, District Governor Elect eli DGE. Virkavuotensa alkaessa 1.7 h\u00e4n lopulta muuttuu piirikuvern\u00f6\u00f6riksi.<\/p>\n<p><a href=\"https:\/\/rotary.fi\/d1410\/rotarypiiri1410\/\">Lue lis\u00e4\u00e4 t\u00e4\u00e4lt\u00e4<\/a><\/p>\n<p>[\/et_pb_text][\/et_pb_column_inner][\/et_pb_row_inner][\/et_pb_column][et_pb_column type=&#8221;1_3&#8243; module_class=&#8221;sivupalkki&#8221; _builder_version=&#8221;4.16&#8243; custom_padding=&#8221;|||&#8221; global_colors_info=&#8221;{}&#8221; parallax__hover=&#8221;off&#8221; parallax_method__hover=&#8221;on&#8221; module_class__hover=&#8221;sivupalkki&#8221; custom_padding__hover=&#8221;|||&#8221;][et_pb_sidebar area=&#8221;sidebar-1&#8243; module_class=&#8221;sivupalkki_sisalto&#8221; _builder_version=&#8221;4.16&#8243; locked=&#8221;on&#8221; global_colors_info=&#8221;{}&#8221;][\/et_pb_sidebar][\/et_pb_column][\/et_pb_section]<\/p>\n","protected":false},"excerpt":{"rendered":"<p>Olemme osa piiri\u00e4 1410Rotarypiirit Kaksikielinen rotarypiirimme kattaa Ahvenanmaan ja Varsinais-Suomen sek\u00e4 osia Satakunnasta ja Etel\u00e4-H\u00e4meest\u00e4. Se jakautuu kymmeneen alueeseen, joiden l\u00e4hes 60 klubilla on yli 1800 j\u00e4sent\u00e4. Rotarypiiri\u00e4 johtaa piirikuvern\u00f6\u00f6ri, District Governor eli DG. H\u00e4nell\u00e4 on tukenaan piirineuvosto ja piirikomiteat. Piirin jokaisella alueella on viel\u00e4 oma apulaiskuvern\u00f6\u00f6rins\u00e4, Assistant Governor eli AG. Rotaryvuoden (1.7 \u2013 30.6) [&hellip;]<\/p>\n","protected":false},"author":1,"featured_media":0,"parent":129,"menu_order":0,"comment_status":"closed","ping_status":"closed","template":"","meta":{"_acf_changed":false,"_et_pb_use_builder":"on","_et_pb_old_content":"","_et_gb_content_width":"","footnotes":""},"class_list":["post-273","page","type-page","status-publish","hentry"],"acf":[],"yoast_head":"<!-- This site is optimized with the Yoast SEO plugin v27.4 - https:\/\/yoast.com\/product\/yoast-seo-wordpress\/ -->\n<title>Olemme osa piiri\u00e4 1410 - Huittisten Rotaryklubi<\/title>\n<meta name=\"robots\" content=\"index, follow, max-snippet:-1, max-image-preview:large, max-video-preview:-1\" \/>\n<link rel=\"canonical\" href=\"https:\/\/rotary.fi\/huittinen\/keita-olemme\/olemme-osa-piiria-1410\/\" \/>\n<meta property=\"og:locale\" content=\"fi_FI\" \/>\n<meta property=\"og:type\" content=\"article\" \/>\n<meta property=\"og:title\" content=\"Olemme osa piiri\u00e4 1410 - Huittisten Rotaryklubi\" \/>\n<meta property=\"og:description\" content=\"Olemme osa piiri\u00e4 1410Rotarypiirit Kaksikielinen rotarypiirimme kattaa Ahvenanmaan ja Varsinais-Suomen sek\u00e4 osia Satakunnasta ja Etel\u00e4-H\u00e4meest\u00e4. Se jakautuu kymmeneen alueeseen, joiden l\u00e4hes 60 klubilla on yli 1800 j\u00e4sent\u00e4. Rotarypiiri\u00e4 johtaa piirikuvern\u00f6\u00f6ri, District Governor eli DG. H\u00e4nell\u00e4 on tukenaan piirineuvosto ja piirikomiteat. Piirin jokaisella alueella on viel\u00e4 oma apulaiskuvern\u00f6\u00f6rins\u00e4, Assistant Governor eli AG. Rotaryvuoden (1.7 \u2013 30.6) [&hellip;]\" \/>\n<meta property=\"og:url\" content=\"https:\/\/rotary.fi\/huittinen\/keita-olemme\/olemme-osa-piiria-1410\/\" \/>\n<meta property=\"og:site_name\" content=\"Huittisten Rotaryklubi\" \/>\n<meta property=\"article:modified_time\" content=\"2023-11-08T12:06:10+00:00\" \/>\n<meta name=\"twitter:card\" content=\"summary_large_image\" \/>\n<meta name=\"twitter:label1\" content=\"Arvioitu lukuaika\" \/>\n\t<meta name=\"twitter:data1\" content=\"2 minuuttia\" \/>\n<script type=\"application\/ld+json\" class=\"yoast-schema-graph\">{\"@context\":\"https:\\\/\\\/schema.org\",\"@graph\":[{\"@type\":\"WebPage\",\"@id\":\"https:\\\/\\\/rotary.fi\\\/huittinen\\\/keita-olemme\\\/olemme-osa-piiria-1410\\\/\",\"url\":\"https:\\\/\\\/rotary.fi\\\/huittinen\\\/keita-olemme\\\/olemme-osa-piiria-1410\\\/\",\"name\":\"Olemme osa piiri\u00e4 1410 - Huittisten Rotaryklubi\",\"isPartOf\":{\"@id\":\"https:\\\/\\\/rotary.fi\\\/huittinen\\\/#website\"},\"datePublished\":\"2018-10-24T08:32:22+00:00\",\"dateModified\":\"2023-11-08T12:06:10+00:00\",\"breadcrumb\":{\"@id\":\"https:\\\/\\\/rotary.fi\\\/huittinen\\\/keita-olemme\\\/olemme-osa-piiria-1410\\\/#breadcrumb\"},\"inLanguage\":\"fi\",\"potentialAction\":[{\"@type\":\"ReadAction\",\"target\":[\"https:\\\/\\\/rotary.fi\\\/huittinen\\\/keita-olemme\\\/olemme-osa-piiria-1410\\\/\"]}]},{\"@type\":\"BreadcrumbList\",\"@id\":\"https:\\\/\\\/rotary.fi\\\/huittinen\\\/keita-olemme\\\/olemme-osa-piiria-1410\\\/#breadcrumb\",\"itemListElement\":[{\"@type\":\"ListItem\",\"position\":1,\"name\":\"Home\",\"item\":\"https:\\\/\\\/rotary.fi\\\/huittinen\\\/\"},{\"@type\":\"ListItem\",\"position\":2,\"name\":\"Keit\u00e4 olemme\",\"item\":\"https:\\\/\\\/rotary.fi\\\/huittinen\\\/keita-olemme\\\/\"},{\"@type\":\"ListItem\",\"position\":3,\"name\":\"Olemme osa piiri\u00e4 1410\"}]},{\"@type\":\"WebSite\",\"@id\":\"https:\\\/\\\/rotary.fi\\\/huittinen\\\/#website\",\"url\":\"https:\\\/\\\/rotary.fi\\\/huittinen\\\/\",\"name\":\"Huittisten Rotaryklubi\",\"description\":\"Uusi Rotary klubisivusto\",\"potentialAction\":[{\"@type\":\"SearchAction\",\"target\":{\"@type\":\"EntryPoint\",\"urlTemplate\":\"https:\\\/\\\/rotary.fi\\\/huittinen\\\/?s={search_term_string}\"},\"query-input\":{\"@type\":\"PropertyValueSpecification\",\"valueRequired\":true,\"valueName\":\"search_term_string\"}}],\"inLanguage\":\"fi\"}]}<\/script>\n<!-- \/ Yoast SEO plugin. -->","yoast_head_json":{"title":"Olemme osa piiri\u00e4 1410 - Huittisten Rotaryklubi","robots":{"index":"index","follow":"follow","max-snippet":"max-snippet:-1","max-image-preview":"max-image-preview:large","max-video-preview":"max-video-preview:-1"},"canonical":"https:\/\/rotary.fi\/huittinen\/keita-olemme\/olemme-osa-piiria-1410\/","og_locale":"fi_FI","og_type":"article","og_title":"Olemme osa piiri\u00e4 1410 - Huittisten Rotaryklubi","og_description":"Olemme osa piiri\u00e4 1410Rotarypiirit Kaksikielinen rotarypiirimme kattaa Ahvenanmaan ja Varsinais-Suomen sek\u00e4 osia Satakunnasta ja Etel\u00e4-H\u00e4meest\u00e4. Se jakautuu kymmeneen alueeseen, joiden l\u00e4hes 60 klubilla on yli 1800 j\u00e4sent\u00e4. Rotarypiiri\u00e4 johtaa piirikuvern\u00f6\u00f6ri, District Governor eli DG. H\u00e4nell\u00e4 on tukenaan piirineuvosto ja piirikomiteat. Piirin jokaisella alueella on viel\u00e4 oma apulaiskuvern\u00f6\u00f6rins\u00e4, Assistant Governor eli AG. Rotaryvuoden (1.7 \u2013 30.6) [&hellip;]","og_url":"https:\/\/rotary.fi\/huittinen\/keita-olemme\/olemme-osa-piiria-1410\/","og_site_name":"Huittisten Rotaryklubi","article_modified_time":"2023-11-08T12:06:10+00:00","twitter_card":"summary_large_image","twitter_misc":{"Arvioitu lukuaika":"2 minuuttia"},"schema":{"@context":"https:\/\/schema.org","@graph":[{"@type":"WebPage","@id":"https:\/\/rotary.fi\/huittinen\/keita-olemme\/olemme-osa-piiria-1410\/","url":"https:\/\/rotary.fi\/huittinen\/keita-olemme\/olemme-osa-piiria-1410\/","name":"Olemme osa piiri\u00e4 1410 - Huittisten Rotaryklubi","isPartOf":{"@id":"https:\/\/rotary.fi\/huittinen\/#website"},"datePublished":"2018-10-24T08:32:22+00:00","dateModified":"2023-11-08T12:06:10+00:00","breadcrumb":{"@id":"https:\/\/rotary.fi\/huittinen\/keita-olemme\/olemme-osa-piiria-1410\/#breadcrumb"},"inLanguage":"fi","potentialAction":[{"@type":"ReadAction","target":["https:\/\/rotary.fi\/huittinen\/keita-olemme\/olemme-osa-piiria-1410\/"]}]},{"@type":"BreadcrumbList","@id":"https:\/\/rotary.fi\/huittinen\/keita-olemme\/olemme-osa-piiria-1410\/#breadcrumb","itemListElement":[{"@type":"ListItem","position":1,"name":"Home","item":"https:\/\/rotary.fi\/huittinen\/"},{"@type":"ListItem","position":2,"name":"Keit\u00e4 olemme","item":"https:\/\/rotary.fi\/huittinen\/keita-olemme\/"},{"@type":"ListItem","position":3,"name":"Olemme osa piiri\u00e4 1410"}]},{"@type":"WebSite","@id":"https:\/\/rotary.fi\/huittinen\/#website","url":"https:\/\/rotary.fi\/huittinen\/","name":"Huittisten Rotaryklubi","description":"Uusi Rotary klubisivusto","potentialAction":[{"@type":"SearchAction","target":{"@type":"EntryPoint","urlTemplate":"https:\/\/rotary.fi\/huittinen\/?s={search_term_string}"},"query-input":{"@type":"PropertyValueSpecification","valueRequired":true,"valueName":"search_term_string"}}],"inLanguage":"fi"}]}},"lang":"fi","translations":{"fi":273},"pll_sync_post":[],"_links":{"self":[{"href":"https:\/\/rotary.fi\/huittinen\/wp-json\/wp\/v2\/pages\/273","targetHints":{"allow":["GET"]}}],"collection":[{"href":"https:\/\/rotary.fi\/huittinen\/wp-json\/wp\/v2\/pages"}],"about":[{"href":"https:\/\/rotary.fi\/huittinen\/wp-json\/wp\/v2\/types\/page"}],"author":[{"embeddable":true,"href":"https:\/\/rotary.fi\/huittinen\/wp-json\/wp\/v2\/users\/1"}],"replies":[{"embeddable":true,"href":"https:\/\/rotary.fi\/huittinen\/wp-json\/wp\/v2\/comments?post=273"}],"version-history":[{"count":5,"href":"https:\/\/rotary.fi\/huittinen\/wp-json\/wp\/v2\/pages\/273\/revisions"}],"predecessor-version":[{"id":1571,"href":"https:\/\/rotary.fi\/huittinen\/wp-json\/wp\/v2\/pages\/273\/revisions\/1571"}],"up":[{"embeddable":true,"href":"https:\/\/rotary.fi\/huittinen\/wp-json\/wp\/v2\/pages\/129"}],"wp:attachment":[{"href":"https:\/\/rotary.fi\/huittinen\/wp-json\/wp\/v2\/media?parent=273"}],"curies":[{"name":"wp","href":"https:\/\/api.w.org\/{rel}","templated":true}]}}