{"id":154,"date":"2018-08-13T09:35:27","date_gmt":"2018-08-13T06:35:27","guid":{"rendered":"https:\/\/rotary.fi\/huittinen\/?page_id=154"},"modified":"2023-11-08T20:36:20","modified_gmt":"2023-11-08T18:36:20","slug":"nuorisovaihto","status":"publish","type":"page","link":"https:\/\/rotary.fi\/huittinen\/mita-teemme\/nuorisovaihto\/","title":{"rendered":"Nuorisovaihto"},"content":{"rendered":"<p>[et_pb_section fb_built=&#8221;1&#8243; module_class=&#8221;jumbotron-page&#8221; _builder_version=&#8221;4.16&#8243; background_image=&#8221;https:\/\/rotary.fi\/huittinen\/wp-content\/uploads\/sites\/247\/2018\/10\/rotary_klubit_alasivu_paakuva_9.jpg&#8221; global_colors_info=&#8221;{}&#8221;][et_pb_row _builder_version=&#8221;4.16&#8243; background_size=&#8221;initial&#8221; background_position=&#8221;top_left&#8221; background_repeat=&#8221;repeat&#8221; global_colors_info=&#8221;{}&#8221;][et_pb_column type=&#8221;4_4&#8243; _builder_version=&#8221;4.16&#8243; custom_padding=&#8221;|||&#8221; global_colors_info=&#8221;{}&#8221; custom_padding__hover=&#8221;|||&#8221;][et_pb_text admin_label=&#8221;P\u00e4\u00e4otsikko&#8221; _builder_version=&#8221;4.16&#8243; text_orientation=&#8221;center&#8221; background_layout=&#8221;dark&#8221; global_colors_info=&#8221;{}&#8221;]<\/p>\n<h1>Nuorisovaihto<\/h1>\n<p>[\/et_pb_text][\/et_pb_column][\/et_pb_row][\/et_pb_section][et_pb_section fb_built=&#8221;1&#8243; specialty=&#8221;on&#8221; module_class_2=&#8221;sivupalkki&#8221; _builder_version=&#8221;4.16&#8243; global_colors_info=&#8221;{}&#8221;][et_pb_column type=&#8221;2_3&#8243; specialty_columns=&#8221;2&#8243; _builder_version=&#8221;4.16&#8243; custom_padding=&#8221;|||&#8221; global_colors_info=&#8221;{}&#8221; parallax__hover=&#8221;off&#8221; parallax_method__hover=&#8221;on&#8221; custom_padding__hover=&#8221;|||&#8221;][et_pb_row_inner admin_label=&#8221;Rivi&#8221; _builder_version=&#8221;4.16&#8243; global_colors_info=&#8221;{}&#8221;][et_pb_column_inner saved_specialty_column_type=&#8221;2_3&#8243; _builder_version=&#8221;4.16&#8243; custom_padding=&#8221;|||&#8221; global_colors_info=&#8221;{}&#8221; parallax__hover=&#8221;off&#8221; parallax_method__hover=&#8221;on&#8221; custom_padding__hover=&#8221;|||&#8221;][et_pb_text admin_label=&#8221;Nuorisovaihto &#8211; Otsikko&#8221; _builder_version=&#8221;4.16&#8243; text_orientation=&#8221;center&#8221; hover_enabled=&#8221;0&#8243; global_colors_info=&#8221;{}&#8221; sticky_enabled=&#8221;0&#8243;]<\/p>\n<h1>Nuorisovaihto<\/h1>\n<p>[\/et_pb_text][et_pb_text _builder_version=&#8221;4.22.1&#8243; hover_enabled=&#8221;0&#8243; global_colors_info=&#8221;{}&#8221; sticky_enabled=&#8221;0&#8243;]<\/p>\n<h3>Rotary nuorisovaihto &#8211; Maailmalle turvallisesti ja edullisesti!<\/h3>\n<p><strong>Oletko kiinnostunut nuorisovaihdosta? Ota yhteytt\u00e4 nuorisovaihtoasiamies timo.mattila@huittinen.fi<\/strong><\/p>\n<p>Rotary vuosivaihto on mahdollisuus k\u00e4yd\u00e4 vaikka koulua lukuvuoden ajan eri maissa. Kysy lis\u00e4\u00e4 vuoden kohteista.<\/p>\n<p>Vuosivaihtoon l\u00e4hdet\u00e4\u00e4n yleens\u00e4 lukion ensimm\u00e4isen vuoden j\u00e4lkeen.<\/p>\n<p>Vaihtoon l\u00e4htij\u00e4lle asuminen ja koulu kustannettaan Rotareiden ja is\u00e4nt\u00e4perheiden toimesta. Itsellesi tulee kustannettavaksi mm. matkat kohteeseen, vakuutukset, mahdollinen viisumi, kohdemaan matkaohjelma ja luonnollisesti oman mieltymyksesi mukaiset shoppailut ja retkeilyt. Vaihdossa is\u00e4nt\u00e4klubi maksaa sinulle kuukausirahan pieni\u00e4 menoja varten.<\/p>\n<p>Kun Huittisista nuori l\u00e4htee vaihtoon, tulee Huittisiin samasta maasta tai ainakin samalta alueelta nuori vaihtoon ja opiskelemaan Lauttakyl\u00e4n lukioon.<br \/>Vaihtoon l\u00e4htev\u00e4 ja saapuva nuori asuu vaihtonsa aikana 2-4 perheess\u00e4. Selvit\u00e4 ennen s\u00e4hk\u00f6postin l\u00e4hett\u00e4mist\u00e4, l\u00f6ytyyk\u00f6 l\u00e4hipiirist\u00e4si perheit\u00e4, joiden luona vaihto-oppilas voisi asua. Ensimm\u00e4iseksi kannattaa kysy\u00e4 vanhemmiltasi.<\/p>\n<p>Tutustu aiheeseen lis\u00e4\u00e4 Rotaryn nuorisovaihtoon osoitteessa <a href=\"https:\/\/rye.fi\">www.rye.fi<\/a><\/p>\n<p>L\u00e4het\u00e4 vapaamuotoinen hakemus s\u00e4hk\u00f6postilla<br \/>timo.mattila@huittinen.fi ja kerro kuka olet ja miksi haluat l\u00e4hte\u00e4 vaihtoon.<\/p>\n<p>L\u00e4hde hankkimaan kokemuksia ja saamaan elinik\u00e4isi\u00e4 kavereita ymp\u00e4ri maailmaa!<\/p>\n<p>[\/et_pb_text][\/et_pb_column_inner][\/et_pb_row_inner][et_pb_row_inner admin_label=&#8221;Rivi&#8221; _builder_version=&#8221;4.16&#8243; global_colors_info=&#8221;{}&#8221;][et_pb_column_inner saved_specialty_column_type=&#8221;2_3&#8243; _builder_version=&#8221;4.16&#8243; custom_padding=&#8221;|||&#8221; global_colors_info=&#8221;{}&#8221; parallax__hover=&#8221;off&#8221; parallax_method__hover=&#8221;on&#8221; custom_padding__hover=&#8221;|||&#8221;][et_pb_text admin_label=&#8221;Kiinnostuitko nuorisovaihdosta? &#8211; Otsikko&#8221; _builder_version=&#8221;4.16&#8243; text_orientation=&#8221;center&#8221; global_colors_info=&#8221;{}&#8221;]<\/p>\n<h4>Kiinnostuitko nuorisovaihdosta?<\/h4>\n<p>[\/et_pb_text][et_pb_text _builder_version=&#8221;4.22.1&#8243; hover_enabled=&#8221;0&#8243; global_colors_info=&#8221;{}&#8221; sticky_enabled=&#8221;0&#8243;]<\/p>\n<p><strong>Oletko kiinnostunut nuorisovaihdosta? Ota yhteytt\u00e4 nuorisovaihtoasiamies timo.mattila@huittinen.fi<\/strong><\/p>\n<p>[\/et_pb_text][\/et_pb_column_inner][\/et_pb_row_inner][\/et_pb_column][et_pb_column type=&#8221;1_3&#8243; module_class=&#8221;sivupalkki&#8221; _builder_version=&#8221;4.16&#8243; custom_padding=&#8221;|||&#8221; global_colors_info=&#8221;{}&#8221; parallax__hover=&#8221;off&#8221; parallax_method__hover=&#8221;on&#8221; module_class__hover=&#8221;sivupalkki&#8221; custom_padding__hover=&#8221;|||&#8221;][et_pb_sidebar area=&#8221;sidebar-1&#8243; module_class=&#8221;sivupalkki_sisalto&#8221; _builder_version=&#8221;4.16&#8243; locked=&#8221;on&#8221; global_colors_info=&#8221;{}&#8221;][\/et_pb_sidebar][\/et_pb_column][\/et_pb_section]<\/p>\n","protected":false},"excerpt":{"rendered":"<p>Nuorisovaihto Nuorisovaihto Rotary nuorisovaihto &#8211; Maailmalle turvallisesti ja edullisesti! Oletko kiinnostunut nuorisovaihdosta? Ota yhteytt\u00e4 nuorisovaihtoasiamies timo.mattila@huittinen.fi Rotary vuosivaihto on mahdollisuus k\u00e4yd\u00e4 vaikka koulua lukuvuoden ajan eri maissa. Kysy lis\u00e4\u00e4 vuoden kohteista. Vuosivaihtoon l\u00e4hdet\u00e4\u00e4n yleens\u00e4 lukion ensimm\u00e4isen vuoden j\u00e4lkeen. Vaihtoon l\u00e4htij\u00e4lle asuminen ja koulu kustannettaan Rotareiden ja is\u00e4nt\u00e4perheiden toimesta. Itsellesi tulee kustannettavaksi mm. matkat kohteeseen, vakuutukset, [&hellip;]<\/p>\n","protected":false},"author":1,"featured_media":0,"parent":77,"menu_order":0,"comment_status":"closed","ping_status":"closed","template":"","meta":{"_acf_changed":false,"_et_pb_use_builder":"on","_et_pb_old_content":"","_et_gb_content_width":"","footnotes":""},"class_list":["post-154","page","type-page","status-publish","hentry"],"acf":[],"yoast_head":"<!-- This site is optimized with the Yoast SEO plugin v27.4 - https:\/\/yoast.com\/product\/yoast-seo-wordpress\/ -->\n<title>Nuorisovaihto - Huittisten Rotaryklubi<\/title>\n<meta name=\"robots\" content=\"index, follow, max-snippet:-1, max-image-preview:large, max-video-preview:-1\" \/>\n<link rel=\"canonical\" href=\"https:\/\/rotary.fi\/huittinen\/mita-teemme\/nuorisovaihto\/\" \/>\n<meta property=\"og:locale\" content=\"fi_FI\" \/>\n<meta property=\"og:type\" content=\"article\" \/>\n<meta property=\"og:title\" content=\"Nuorisovaihto - Huittisten Rotaryklubi\" \/>\n<meta property=\"og:description\" content=\"Nuorisovaihto Nuorisovaihto Rotary nuorisovaihto - Maailmalle turvallisesti ja edullisesti! Oletko kiinnostunut nuorisovaihdosta? Ota yhteytt\u00e4 nuorisovaihtoasiamies timo.mattila@huittinen.fi Rotary vuosivaihto on mahdollisuus k\u00e4yd\u00e4 vaikka koulua lukuvuoden ajan eri maissa. Kysy lis\u00e4\u00e4 vuoden kohteista. Vuosivaihtoon l\u00e4hdet\u00e4\u00e4n yleens\u00e4 lukion ensimm\u00e4isen vuoden j\u00e4lkeen. Vaihtoon l\u00e4htij\u00e4lle asuminen ja koulu kustannettaan Rotareiden ja is\u00e4nt\u00e4perheiden toimesta. Itsellesi tulee kustannettavaksi mm. matkat kohteeseen, vakuutukset, [&hellip;]\" \/>\n<meta property=\"og:url\" content=\"https:\/\/rotary.fi\/huittinen\/mita-teemme\/nuorisovaihto\/\" \/>\n<meta property=\"og:site_name\" content=\"Huittisten Rotaryklubi\" \/>\n<meta property=\"article:modified_time\" content=\"2023-11-08T18:36:20+00:00\" \/>\n<meta name=\"twitter:card\" content=\"summary_large_image\" \/>\n<meta name=\"twitter:label1\" content=\"Arvioitu lukuaika\" \/>\n\t<meta name=\"twitter:data1\" content=\"2 minuuttia\" \/>\n<script type=\"application\/ld+json\" class=\"yoast-schema-graph\">{\"@context\":\"https:\\\/\\\/schema.org\",\"@graph\":[{\"@type\":\"WebPage\",\"@id\":\"https:\\\/\\\/rotary.fi\\\/huittinen\\\/mita-teemme\\\/nuorisovaihto\\\/\",\"url\":\"https:\\\/\\\/rotary.fi\\\/huittinen\\\/mita-teemme\\\/nuorisovaihto\\\/\",\"name\":\"Nuorisovaihto - Huittisten Rotaryklubi\",\"isPartOf\":{\"@id\":\"https:\\\/\\\/rotary.fi\\\/huittinen\\\/#website\"},\"datePublished\":\"2018-08-13T06:35:27+00:00\",\"dateModified\":\"2023-11-08T18:36:20+00:00\",\"breadcrumb\":{\"@id\":\"https:\\\/\\\/rotary.fi\\\/huittinen\\\/mita-teemme\\\/nuorisovaihto\\\/#breadcrumb\"},\"inLanguage\":\"fi\",\"potentialAction\":[{\"@type\":\"ReadAction\",\"target\":[\"https:\\\/\\\/rotary.fi\\\/huittinen\\\/mita-teemme\\\/nuorisovaihto\\\/\"]}]},{\"@type\":\"BreadcrumbList\",\"@id\":\"https:\\\/\\\/rotary.fi\\\/huittinen\\\/mita-teemme\\\/nuorisovaihto\\\/#breadcrumb\",\"itemListElement\":[{\"@type\":\"ListItem\",\"position\":1,\"name\":\"Home\",\"item\":\"https:\\\/\\\/rotary.fi\\\/huittinen\\\/\"},{\"@type\":\"ListItem\",\"position\":2,\"name\":\"Mit\u00e4 teemme\",\"item\":\"https:\\\/\\\/rotary.fi\\\/huittinen\\\/mita-teemme\\\/\"},{\"@type\":\"ListItem\",\"position\":3,\"name\":\"Nuorisovaihto\"}]},{\"@type\":\"WebSite\",\"@id\":\"https:\\\/\\\/rotary.fi\\\/huittinen\\\/#website\",\"url\":\"https:\\\/\\\/rotary.fi\\\/huittinen\\\/\",\"name\":\"Huittisten Rotaryklubi\",\"description\":\"Uusi Rotary klubisivusto\",\"potentialAction\":[{\"@type\":\"SearchAction\",\"target\":{\"@type\":\"EntryPoint\",\"urlTemplate\":\"https:\\\/\\\/rotary.fi\\\/huittinen\\\/?s={search_term_string}\"},\"query-input\":{\"@type\":\"PropertyValueSpecification\",\"valueRequired\":true,\"valueName\":\"search_term_string\"}}],\"inLanguage\":\"fi\"}]}<\/script>\n<!-- \/ Yoast SEO plugin. -->","yoast_head_json":{"title":"Nuorisovaihto - Huittisten Rotaryklubi","robots":{"index":"index","follow":"follow","max-snippet":"max-snippet:-1","max-image-preview":"max-image-preview:large","max-video-preview":"max-video-preview:-1"},"canonical":"https:\/\/rotary.fi\/huittinen\/mita-teemme\/nuorisovaihto\/","og_locale":"fi_FI","og_type":"article","og_title":"Nuorisovaihto - Huittisten Rotaryklubi","og_description":"Nuorisovaihto Nuorisovaihto Rotary nuorisovaihto - Maailmalle turvallisesti ja edullisesti! Oletko kiinnostunut nuorisovaihdosta? Ota yhteytt\u00e4 nuorisovaihtoasiamies timo.mattila@huittinen.fi Rotary vuosivaihto on mahdollisuus k\u00e4yd\u00e4 vaikka koulua lukuvuoden ajan eri maissa. Kysy lis\u00e4\u00e4 vuoden kohteista. Vuosivaihtoon l\u00e4hdet\u00e4\u00e4n yleens\u00e4 lukion ensimm\u00e4isen vuoden j\u00e4lkeen. Vaihtoon l\u00e4htij\u00e4lle asuminen ja koulu kustannettaan Rotareiden ja is\u00e4nt\u00e4perheiden toimesta. Itsellesi tulee kustannettavaksi mm. matkat kohteeseen, vakuutukset, [&hellip;]","og_url":"https:\/\/rotary.fi\/huittinen\/mita-teemme\/nuorisovaihto\/","og_site_name":"Huittisten Rotaryklubi","article_modified_time":"2023-11-08T18:36:20+00:00","twitter_card":"summary_large_image","twitter_misc":{"Arvioitu lukuaika":"2 minuuttia"},"schema":{"@context":"https:\/\/schema.org","@graph":[{"@type":"WebPage","@id":"https:\/\/rotary.fi\/huittinen\/mita-teemme\/nuorisovaihto\/","url":"https:\/\/rotary.fi\/huittinen\/mita-teemme\/nuorisovaihto\/","name":"Nuorisovaihto - Huittisten Rotaryklubi","isPartOf":{"@id":"https:\/\/rotary.fi\/huittinen\/#website"},"datePublished":"2018-08-13T06:35:27+00:00","dateModified":"2023-11-08T18:36:20+00:00","breadcrumb":{"@id":"https:\/\/rotary.fi\/huittinen\/mita-teemme\/nuorisovaihto\/#breadcrumb"},"inLanguage":"fi","potentialAction":[{"@type":"ReadAction","target":["https:\/\/rotary.fi\/huittinen\/mita-teemme\/nuorisovaihto\/"]}]},{"@type":"BreadcrumbList","@id":"https:\/\/rotary.fi\/huittinen\/mita-teemme\/nuorisovaihto\/#breadcrumb","itemListElement":[{"@type":"ListItem","position":1,"name":"Home","item":"https:\/\/rotary.fi\/huittinen\/"},{"@type":"ListItem","position":2,"name":"Mit\u00e4 teemme","item":"https:\/\/rotary.fi\/huittinen\/mita-teemme\/"},{"@type":"ListItem","position":3,"name":"Nuorisovaihto"}]},{"@type":"WebSite","@id":"https:\/\/rotary.fi\/huittinen\/#website","url":"https:\/\/rotary.fi\/huittinen\/","name":"Huittisten Rotaryklubi","description":"Uusi Rotary klubisivusto","potentialAction":[{"@type":"SearchAction","target":{"@type":"EntryPoint","urlTemplate":"https:\/\/rotary.fi\/huittinen\/?s={search_term_string}"},"query-input":{"@type":"PropertyValueSpecification","valueRequired":true,"valueName":"search_term_string"}}],"inLanguage":"fi"}]}},"lang":"fi","translations":{"fi":154},"pll_sync_post":[],"_links":{"self":[{"href":"https:\/\/rotary.fi\/huittinen\/wp-json\/wp\/v2\/pages\/154","targetHints":{"allow":["GET"]}}],"collection":[{"href":"https:\/\/rotary.fi\/huittinen\/wp-json\/wp\/v2\/pages"}],"about":[{"href":"https:\/\/rotary.fi\/huittinen\/wp-json\/wp\/v2\/types\/page"}],"author":[{"embeddable":true,"href":"https:\/\/rotary.fi\/huittinen\/wp-json\/wp\/v2\/users\/1"}],"replies":[{"embeddable":true,"href":"https:\/\/rotary.fi\/huittinen\/wp-json\/wp\/v2\/comments?post=154"}],"version-history":[{"count":6,"href":"https:\/\/rotary.fi\/huittinen\/wp-json\/wp\/v2\/pages\/154\/revisions"}],"predecessor-version":[{"id":1585,"href":"https:\/\/rotary.fi\/huittinen\/wp-json\/wp\/v2\/pages\/154\/revisions\/1585"}],"up":[{"embeddable":true,"href":"https:\/\/rotary.fi\/huittinen\/wp-json\/wp\/v2\/pages\/77"}],"wp:attachment":[{"href":"https:\/\/rotary.fi\/huittinen\/wp-json\/wp\/v2\/media?parent=154"}],"curies":[{"name":"wp","href":"https:\/\/api.w.org\/{rel}","templated":true}]}}