{"id":1584,"date":"2019-03-19T14:56:44","date_gmt":"2019-03-19T12:56:44","guid":{"rendered":"https:\/\/rotary.fi\/hrc\/?page_id=1584"},"modified":"2026-04-19T16:00:32","modified_gmt":"2026-04-19T13:00:32","slug":"vi-har-nojet-att-presentera","status":"publish","type":"page","link":"https:\/\/rotary.fi\/hrc\/sv\/vem-ar-vi\/vi-har-nojet-att-presentera\/","title":{"rendered":"Vi har n\u00f6jet att presentera"},"content":{"rendered":"<p>[et_pb_section fb_built=&#8221;1&#8243; module_class=&#8221;jumbotron-page&#8221; _builder_version=&#8221;4.16&#8243; background_image=&#8221;https:\/\/rotary.fi\/hrc\/wp-content\/uploads\/sites\/286\/2018\/10\/rotary_klubit_alasivu_paakuva_14.jpg&#8221; global_colors_info=&#8221;{}&#8221;][et_pb_row _builder_version=&#8221;4.16&#8243; background_size=&#8221;initial&#8221; background_position=&#8221;top_left&#8221; background_repeat=&#8221;repeat&#8221; global_colors_info=&#8221;{}&#8221;][et_pb_column type=&#8221;4_4&#8243; _builder_version=&#8221;4.16&#8243; custom_padding=&#8221;|||&#8221; global_colors_info=&#8221;{}&#8221; custom_padding__hover=&#8221;|||&#8221;][et_pb_text admin_label=&#8221;Main \/\/ Vi har n\u00f6jet att presentera&#8221; _builder_version=&#8221;4.16&#8243; text_orientation=&#8221;center&#8221; background_layout=&#8221;dark&#8221; global_colors_info=&#8221;{}&#8221;]<\/p>\n<h1>Vi har n\u00f6jet att presentera<\/h1>\n<p>[\/et_pb_text][\/et_pb_column][\/et_pb_row][\/et_pb_section][et_pb_section fb_built=&#8221;1&#8243; specialty=&#8221;on&#8221; module_class_2=&#8221;sivupalkki&#8221; _builder_version=&#8221;4.16&#8243; global_colors_info=&#8221;{}&#8221;][et_pb_column type=&#8221;2_3&#8243; specialty_columns=&#8221;2&#8243; _builder_version=&#8221;4.16&#8243; custom_padding=&#8221;|||&#8221; global_colors_info=&#8221;{}&#8221; custom_padding__hover=&#8221;|||&#8221;][et_pb_row_inner admin_label=&#8221;Rivi&#8221; _builder_version=&#8221;4.16&#8243; global_colors_info=&#8221;{}&#8221;][et_pb_column_inner saved_specialty_column_type=&#8221;2_3&#8243; _builder_version=&#8221;4.16&#8243; custom_padding=&#8221;|||&#8221; global_colors_info=&#8221;{}&#8221; custom_padding__hover=&#8221;|||&#8221;][et_pb_text admin_label=&#8221;Vi har n\u00f6jet att presentera &#8211; rubrik&#8221; _builder_version=&#8221;4.16&#8243; text_orientation=&#8221;center&#8221; global_colors_info=&#8221;{}&#8221;]<\/p>\n<h1>Vi har n\u00f6jet att presentera<\/h1>\n<p>[\/et_pb_text][et_pb_text admin_label=&#8221;Text: Vi har n\u00f6jet att presentera&#8221; _builder_version=&#8221;4.16&#8243; global_colors_info=&#8221;{}&#8221;]<\/p>\n<p><span style=\"color: #8300e9\"><strong>OBS. P\u00e5 denna sida kan klubben f\u00f6ra fram korta presentationer av medlemmar, projekt eller samarbets-partners. Om vederb\u00f6rande ger tillst\u00e5nd kan dessa presentationer \u00e4ven delas ut i social media, till exempel p\u00e5 klubbens fb-sida. Det l\u00f6nar sig att anv\u00e4nda bilder.<\/strong><\/span><\/p>\n<p><span style=\"color: #8300e9\"><strong>L\u00e4mpliga rubriker<\/strong><\/span><\/p>\n<ul>\n<li><span style=\"color: #8300e9\"><strong>Varf\u00f6r tillh\u00f6r jag Rotary<\/strong><\/span><\/li>\n<li><span style=\"color: #8300e9\"><strong>Allt var annorlunda i Australien. Utbyteseleven Teemu kom hem som en ny karl<\/strong><\/span><\/li>\n<li><span style=\"color: #8300e9\"><strong>Taru h\u00e5ller klubbens finanser i styr<\/strong><\/span><\/li>\n<li><span style=\"color: #8300e9\"><strong>En liten text skriven kring ett nyhetstema. Teater Totti \u00e4r ett exempel fr\u00e5n ett par \u00e5r tillbaka: n\u00e5got omformulerat skulle den \u00e4ven passa in under rubriken Vad g\u00f6r vi\/Klubbprojekt, men nu vill vi mera betona handlingar som befr\u00e4mjar hindersl\u00f6shet.<\/strong><\/span><\/li>\n<\/ul>\n<p><span style=\"color: #8300e9\"><strong>Modelltext:<\/strong><\/span><\/p>\n<p>text hit<\/p>\n<p>[\/et_pb_text][\/et_pb_column_inner][\/et_pb_row_inner][\/et_pb_column][et_pb_column type=&#8221;1_3&#8243; _builder_version=&#8221;4.16&#8243; custom_padding=&#8221;|||&#8221; global_colors_info=&#8221;{}&#8221; custom_padding__hover=&#8221;|||&#8221;][et_pb_sidebar area=&#8221;sidebar-1&#8243; admin_label=&#8221;Sidebar&#8221; module_class=&#8221;sivupalkki_sisalto&#8221; _builder_version=&#8221;4.16&#8243; locked=&#8221;on&#8221; global_colors_info=&#8221;{}&#8221;][\/et_pb_sidebar][\/et_pb_column][\/et_pb_section]<\/p>\n","protected":false},"excerpt":{"rendered":"<p>Vi har n\u00f6jet att presentera Vi har n\u00f6jet att presentera OBS. P\u00e5 denna sida kan klubben f\u00f6ra fram korta presentationer av medlemmar, projekt eller samarbets-partners. Om vederb\u00f6rande ger tillst\u00e5nd kan dessa presentationer \u00e4ven delas ut i social media, till exempel p\u00e5 klubbens fb-sida. Det l\u00f6nar sig att anv\u00e4nda bilder. L\u00e4mpliga rubriker Varf\u00f6r tillh\u00f6r jag Rotary [&hellip;]<\/p>\n","protected":false},"author":1,"featured_media":0,"parent":1565,"menu_order":5,"comment_status":"closed","ping_status":"closed","template":"","meta":{"_acf_changed":false,"_et_pb_use_builder":"on","_et_pb_old_content":"","_et_gb_content_width":"","footnotes":""},"class_list":["post-1584","page","type-page","status-publish","hentry"],"acf":[],"yoast_head":"<!-- This site is optimized with the Yoast SEO plugin v27.4 - https:\/\/yoast.com\/product\/yoast-seo-wordpress\/ -->\n<title>Vi har n\u00f6jet att presentera - Houtsk\u00e4rs Rotary klubb r.f.<\/title>\n<meta name=\"robots\" content=\"noindex, follow, max-snippet:-1, max-image-preview:large, max-video-preview:-1\" \/>\n<meta property=\"og:locale\" content=\"fi_FI\" \/>\n<meta property=\"og:type\" content=\"article\" \/>\n<meta property=\"og:title\" content=\"Vi har n\u00f6jet att presentera - Houtsk\u00e4rs Rotary klubb r.f.\" \/>\n<meta property=\"og:description\" content=\"Vi har n\u00f6jet att presentera Vi har n\u00f6jet att presentera OBS. P\u00e5 denna sida kan klubben f\u00f6ra fram korta presentationer av medlemmar, projekt eller samarbets-partners. Om vederb\u00f6rande ger tillst\u00e5nd kan dessa presentationer \u00e4ven delas ut i social media, till exempel p\u00e5 klubbens fb-sida. Det l\u00f6nar sig att anv\u00e4nda bilder. L\u00e4mpliga rubriker Varf\u00f6r tillh\u00f6r jag Rotary [&hellip;]\" \/>\n<meta property=\"og:url\" content=\"https:\/\/rotary.fi\/hrc\/sv\/vem-ar-vi\/vi-har-nojet-att-presentera\/\" \/>\n<meta property=\"og:site_name\" content=\"Houtsk\u00e4rs Rotary klubb r.f.\" \/>\n<meta property=\"article:modified_time\" content=\"2026-04-19T13:00:32+00:00\" \/>\n<meta name=\"twitter:card\" content=\"summary_large_image\" \/>\n<meta name=\"twitter:label1\" content=\"Arvioitu lukuaika\" \/>\n\t<meta name=\"twitter:data1\" content=\"2 minuuttia\" \/>\n<script type=\"application\/ld+json\" class=\"yoast-schema-graph\">{\"@context\":\"https:\\\/\\\/schema.org\",\"@graph\":[{\"@type\":\"WebPage\",\"@id\":\"https:\\\/\\\/rotary.fi\\\/hrc\\\/sv\\\/vem-ar-vi\\\/vi-har-nojet-att-presentera\\\/\",\"url\":\"https:\\\/\\\/rotary.fi\\\/hrc\\\/sv\\\/vem-ar-vi\\\/vi-har-nojet-att-presentera\\\/\",\"name\":\"Vi har n\u00f6jet att presentera - Houtsk\u00e4rs Rotary klubb r.f.\",\"isPartOf\":{\"@id\":\"https:\\\/\\\/rotary.fi\\\/hrc\\\/#website\"},\"datePublished\":\"2019-03-19T12:56:44+00:00\",\"dateModified\":\"2026-04-19T13:00:32+00:00\",\"breadcrumb\":{\"@id\":\"https:\\\/\\\/rotary.fi\\\/hrc\\\/sv\\\/vem-ar-vi\\\/vi-har-nojet-att-presentera\\\/#breadcrumb\"},\"inLanguage\":\"fi\",\"potentialAction\":[{\"@type\":\"ReadAction\",\"target\":[\"https:\\\/\\\/rotary.fi\\\/hrc\\\/sv\\\/vem-ar-vi\\\/vi-har-nojet-att-presentera\\\/\"]}]},{\"@type\":\"BreadcrumbList\",\"@id\":\"https:\\\/\\\/rotary.fi\\\/hrc\\\/sv\\\/vem-ar-vi\\\/vi-har-nojet-att-presentera\\\/#breadcrumb\",\"itemListElement\":[{\"@type\":\"ListItem\",\"position\":1,\"name\":\"Home\",\"item\":\"https:\\\/\\\/rotary.fi\\\/hrc\\\/\"},{\"@type\":\"ListItem\",\"position\":2,\"name\":\"Vem \u00e4r vi\",\"item\":\"https:\\\/\\\/rotary.fi\\\/hrc\\\/sv\\\/vem-ar-vi\\\/\"},{\"@type\":\"ListItem\",\"position\":3,\"name\":\"Vi har n\u00f6jet att presentera\"}]},{\"@type\":\"WebSite\",\"@id\":\"https:\\\/\\\/rotary.fi\\\/hrc\\\/#website\",\"url\":\"https:\\\/\\\/rotary.fi\\\/hrc\\\/\",\"name\":\"Houtsk\u00e4rs Rotary klubb r.f.\",\"description\":\"Uusi Rotary klubisivusto\",\"potentialAction\":[{\"@type\":\"SearchAction\",\"target\":{\"@type\":\"EntryPoint\",\"urlTemplate\":\"https:\\\/\\\/rotary.fi\\\/hrc\\\/?s={search_term_string}\"},\"query-input\":{\"@type\":\"PropertyValueSpecification\",\"valueRequired\":true,\"valueName\":\"search_term_string\"}}],\"inLanguage\":\"fi\"}]}<\/script>\n<!-- \/ Yoast SEO plugin. -->","yoast_head_json":{"title":"Vi har n\u00f6jet att presentera - Houtsk\u00e4rs Rotary klubb r.f.","robots":{"index":"noindex","follow":"follow","max-snippet":"max-snippet:-1","max-image-preview":"max-image-preview:large","max-video-preview":"max-video-preview:-1"},"og_locale":"fi_FI","og_type":"article","og_title":"Vi har n\u00f6jet att presentera - Houtsk\u00e4rs Rotary klubb r.f.","og_description":"Vi har n\u00f6jet att presentera Vi har n\u00f6jet att presentera OBS. P\u00e5 denna sida kan klubben f\u00f6ra fram korta presentationer av medlemmar, projekt eller samarbets-partners. Om vederb\u00f6rande ger tillst\u00e5nd kan dessa presentationer \u00e4ven delas ut i social media, till exempel p\u00e5 klubbens fb-sida. Det l\u00f6nar sig att anv\u00e4nda bilder. L\u00e4mpliga rubriker Varf\u00f6r tillh\u00f6r jag Rotary [&hellip;]","og_url":"https:\/\/rotary.fi\/hrc\/sv\/vem-ar-vi\/vi-har-nojet-att-presentera\/","og_site_name":"Houtsk\u00e4rs Rotary klubb r.f.","article_modified_time":"2026-04-19T13:00:32+00:00","twitter_card":"summary_large_image","twitter_misc":{"Arvioitu lukuaika":"2 minuuttia"},"schema":{"@context":"https:\/\/schema.org","@graph":[{"@type":"WebPage","@id":"https:\/\/rotary.fi\/hrc\/sv\/vem-ar-vi\/vi-har-nojet-att-presentera\/","url":"https:\/\/rotary.fi\/hrc\/sv\/vem-ar-vi\/vi-har-nojet-att-presentera\/","name":"Vi har n\u00f6jet att presentera - Houtsk\u00e4rs Rotary klubb r.f.","isPartOf":{"@id":"https:\/\/rotary.fi\/hrc\/#website"},"datePublished":"2019-03-19T12:56:44+00:00","dateModified":"2026-04-19T13:00:32+00:00","breadcrumb":{"@id":"https:\/\/rotary.fi\/hrc\/sv\/vem-ar-vi\/vi-har-nojet-att-presentera\/#breadcrumb"},"inLanguage":"fi","potentialAction":[{"@type":"ReadAction","target":["https:\/\/rotary.fi\/hrc\/sv\/vem-ar-vi\/vi-har-nojet-att-presentera\/"]}]},{"@type":"BreadcrumbList","@id":"https:\/\/rotary.fi\/hrc\/sv\/vem-ar-vi\/vi-har-nojet-att-presentera\/#breadcrumb","itemListElement":[{"@type":"ListItem","position":1,"name":"Home","item":"https:\/\/rotary.fi\/hrc\/"},{"@type":"ListItem","position":2,"name":"Vem \u00e4r vi","item":"https:\/\/rotary.fi\/hrc\/sv\/vem-ar-vi\/"},{"@type":"ListItem","position":3,"name":"Vi har n\u00f6jet att presentera"}]},{"@type":"WebSite","@id":"https:\/\/rotary.fi\/hrc\/#website","url":"https:\/\/rotary.fi\/hrc\/","name":"Houtsk\u00e4rs Rotary klubb r.f.","description":"Uusi Rotary klubisivusto","potentialAction":[{"@type":"SearchAction","target":{"@type":"EntryPoint","urlTemplate":"https:\/\/rotary.fi\/hrc\/?s={search_term_string}"},"query-input":{"@type":"PropertyValueSpecification","valueRequired":true,"valueName":"search_term_string"}}],"inLanguage":"fi"}]}},"lang":"sv","translations":{"sv":1584,"en":1438,"fi":142},"pll_sync_post":[],"_links":{"self":[{"href":"https:\/\/rotary.fi\/hrc\/wp-json\/wp\/v2\/pages\/1584","targetHints":{"allow":["GET"]}}],"collection":[{"href":"https:\/\/rotary.fi\/hrc\/wp-json\/wp\/v2\/pages"}],"about":[{"href":"https:\/\/rotary.fi\/hrc\/wp-json\/wp\/v2\/types\/page"}],"author":[{"embeddable":true,"href":"https:\/\/rotary.fi\/hrc\/wp-json\/wp\/v2\/users\/1"}],"replies":[{"embeddable":true,"href":"https:\/\/rotary.fi\/hrc\/wp-json\/wp\/v2\/comments?post=1584"}],"version-history":[{"count":2,"href":"https:\/\/rotary.fi\/hrc\/wp-json\/wp\/v2\/pages\/1584\/revisions"}],"predecessor-version":[{"id":1943,"href":"https:\/\/rotary.fi\/hrc\/wp-json\/wp\/v2\/pages\/1584\/revisions\/1943"}],"up":[{"embeddable":true,"href":"https:\/\/rotary.fi\/hrc\/wp-json\/wp\/v2\/pages\/1565"}],"wp:attachment":[{"href":"https:\/\/rotary.fi\/hrc\/wp-json\/wp\/v2\/media?parent=1584"}],"curies":[{"name":"wp","href":"https:\/\/api.w.org\/{rel}","templated":true}]}}