{"id":1573,"date":"2019-03-19T14:27:31","date_gmt":"2019-03-19T12:27:31","guid":{"rendered":"https:\/\/rotary.fi\/hrc\/?page_id=1573"},"modified":"2026-04-18T17:22:42","modified_gmt":"2026-04-18T14:22:42","slug":"arstema","status":"publish","type":"page","link":"https:\/\/rotary.fi\/hrc\/sv\/vem-ar-vi\/arstema\/","title":{"rendered":"\u00c5rstema"},"content":{"rendered":"<p>[et_pb_section fb_built=&#8221;1&#8243; module_class=&#8221;jumbotron-page&#8221; _builder_version=&#8221;4.16&#8243; background_image=&#8221;https:\/\/rotary.fi\/hrc\/wp-content\/uploads\/sites\/286\/2018\/08\/rotary_klubit_alasivu_paakuva_7.jpg&#8221; global_colors_info=&#8221;{}&#8221;][et_pb_row _builder_version=&#8221;4.16&#8243; background_size=&#8221;initial&#8221; background_position=&#8221;top_left&#8221; background_repeat=&#8221;repeat&#8221; global_colors_info=&#8221;{}&#8221;][et_pb_column type=&#8221;4_4&#8243; _builder_version=&#8221;4.16&#8243; custom_padding=&#8221;|||&#8221; global_colors_info=&#8221;{}&#8221; custom_padding__hover=&#8221;|||&#8221;][et_pb_text admin_label=&#8221;Main \/\/ \u00c5rstema&#8221; _builder_version=&#8221;4.16&#8243; text_orientation=&#8221;center&#8221; background_layout=&#8221;dark&#8221; global_colors_info=&#8221;{}&#8221;]<\/p>\n<h1>Rotary Internationals \u00e5rstema<\/h1>\n<p>[\/et_pb_text][\/et_pb_column][\/et_pb_row][\/et_pb_section][et_pb_section fb_built=&#8221;1&#8243; specialty=&#8221;on&#8221; module_class_2=&#8221;sivupalkki&#8221; _builder_version=&#8221;4.16&#8243; global_colors_info=&#8221;{}&#8221;][et_pb_column type=&#8221;2_3&#8243; specialty_columns=&#8221;2&#8243; _builder_version=&#8221;4.16&#8243; custom_padding=&#8221;|||&#8221; global_colors_info=&#8221;{}&#8221; custom_padding__hover=&#8221;|||&#8221;][et_pb_row_inner column_structure=&#8221;1_4,1_4,1_4,1_4&#8243; admin_label=&#8221;Rivi&#8221; _builder_version=&#8221;4.16&#8243; global_colors_info=&#8221;{}&#8221;][et_pb_column_inner type=&#8221;1_4&#8243; saved_specialty_column_type=&#8221;2_3&#8243; _builder_version=&#8221;4.16&#8243; custom_padding=&#8221;|||&#8221; custom_css_main_element=&#8221;width:24%!important;&#8221; global_colors_info=&#8221;{}&#8221; custom_padding__hover=&#8221;|||&#8221;][et_pb_image src=&#8221;https:\/\/rotary.fi\/hrc\/wp-content\/uploads\/sites\/286\/2026\/04\/cli-400&#215;400-1.png&#8221; title_text=&#8221;CLI_400x400&#8243; align_tablet=&#8221;center&#8221; align_phone=&#8221;center&#8221; align_last_edited=&#8221;on|desktop&#8221; _builder_version=&#8221;4.27.6&#8243; global_colors_info=&#8221;{}&#8221;][\/et_pb_image][\/et_pb_column_inner][et_pb_column_inner type=&#8221;1_4&#8243; saved_specialty_column_type=&#8221;2_3&#8243; _builder_version=&#8221;4.16&#8243; custom_padding=&#8221;|||&#8221; custom_css_main_element=&#8221;width:24%!important;&#8221; global_colors_info=&#8221;{}&#8221; custom_padding__hover=&#8221;|||&#8221;][et_pb_image src=&#8221;https:\/\/rotary.fi\/hrc\/wp-content\/uploads\/sites\/286\/2026\/04\/cli-400&#215;400-r.png&#8221; title_text=&#8221;CLI_400x400_R&#8221; align_tablet=&#8221;center&#8221; align_phone=&#8221;center&#8221; align_last_edited=&#8221;on|desktop&#8221; _builder_version=&#8221;4.27.6&#8243; global_colors_info=&#8221;{}&#8221;][\/et_pb_image][\/et_pb_column_inner][et_pb_column_inner type=&#8221;1_4&#8243; saved_specialty_column_type=&#8221;2_3&#8243; _builder_version=&#8221;4.16&#8243; custom_padding=&#8221;|||&#8221; custom_css_main_element=&#8221;width:24%!important;&#8221; global_colors_info=&#8221;{}&#8221; custom_padding__hover=&#8221;|||&#8221;][et_pb_image src=&#8221;https:\/\/rotary.fi\/hrc\/wp-content\/uploads\/sites\/286\/2026\/04\/cli-400&#215;400-y.png&#8221; title_text=&#8221;CLI_400x400_Y&#8221; align_tablet=&#8221;center&#8221; align_phone=&#8221;center&#8221; align_last_edited=&#8221;on|desktop&#8221; _builder_version=&#8221;4.27.6&#8243; global_colors_info=&#8221;{}&#8221;][\/et_pb_image][\/et_pb_column_inner][et_pb_column_inner type=&#8221;1_4&#8243; saved_specialty_column_type=&#8221;2_3&#8243; _builder_version=&#8221;4.16&#8243; custom_padding=&#8221;|||&#8221; custom_css_main_element=&#8221;display:none;||width:0%!important;&#8221; global_colors_info=&#8221;{}&#8221; custom_padding__hover=&#8221;|||&#8221;][\/et_pb_column_inner][\/et_pb_row_inner][et_pb_row_inner admin_label=&#8221;Rivi&#8221; _builder_version=&#8221;4.16&#8243; global_colors_info=&#8221;{}&#8221;][et_pb_column_inner saved_specialty_column_type=&#8221;2_3&#8243; _builder_version=&#8221;4.16&#8243; custom_padding=&#8221;|||&#8221; global_colors_info=&#8221;{}&#8221; custom_padding__hover=&#8221;|||&#8221;][et_pb_text admin_label=&#8221;Rotary Internationals \u00e5rstema &#8211; rubrik&#8221; _builder_version=&#8221;4.16&#8243; text_orientation=&#8221;center&#8221; global_colors_info=&#8221;{}&#8221;]<\/p>\n<h1>Rotary Internationals \u00e5rstema<\/h1>\n<p>[\/et_pb_text][et_pb_text admin_label=&#8221;Text: \u00e5rstema&#8221; _builder_version=&#8221;4.27.6&#8243; global_colors_info=&#8221;{}&#8221;]<\/p>\n<p>Presidenten f\u00f6r Rotary International <strong><span style=\"color: #474747;font-family: inherit;font-size: 14px;font-style: normal;letter-spacing: normal;text-align: start;text-indent: 0px;text-transform: none;white-space: normal;background-color: #ffffff;float: none\">Olayinka Hakeem Babalola<\/span><\/strong> har satt som tema f\u00f6r sitt president\u00e5r 2026-2027<\/p>\n<p><strong>Create Lasting Inpact | Luo kest\u00e4v\u00e4\u00e4 vaikutusta | F\u00f6renas f\u00f6r att g\u00f6ra gott<\/strong><\/p>\n<blockquote>\n<p>\u201dJag hoppas att vi alla inspirerar varandra att agera \u2013 att se p\u00e5 milj\u00f6fr\u00e5gor, som p\u00e5verkar h\u00e4lsa och v\u00e4lm\u00e5ende v\u00e4rlden \u00f6ver, och g\u00f6ra v\u00e5rt b\u00e4sta att hj\u00e4lpa till.\u201d<\/p>\n<\/blockquote>\n<pre class=\"tw-data-text tw-text-large tw-ta\" data-placeholder=\"\u00d6vers\u00e4ttning\" id=\"tw-target-text\" role=\"text\" data-ved=\"2ahUKEwjGu4L7xveTAxWoGRAIHcTmAQcQ3ewLegQIDBAW\" dir=\"ltr\" aria-label=\"\u00d6versatt text: Professionellt sett \u00e4r Babalola advokat och ingenj\u00f6r med \u00f6ver 25 \u00e5rs erfarenhet inom olje- och gasindustrin, inklusive ledande befattningar p\u00e5 Shell PLC. Han grundade Riviera Services Ltd., med fokus p\u00e5 olje- och gasinfrastruktur, och Lead and Change Consulting, som tillhandah\u00e5ller coachning f\u00f6r chefer och r\u00e5dgivning om organisationsprestationer. Hans bidrag str\u00e4cker sig bortom Rotary. Babalola st\u00f6der Rotary Foundation som medlem i Arch Klumph Society och namngiven donator, tj\u00e4nstg\u00f6r som f\u00f6rvaltare f\u00f6r ShelterBox UK och \u00e4r styrelseledamot i Safe Blood Africa-projektet. Han har mottagit flera utm\u00e4rkelser, inklusive Africa Centennial Heroes Award, RI Service Above Self Award och Regional Service Award for a Polio-Free World.\" style=\"font-size: 28px;line-height: 36px;background-color: #f8f9fa;padding: 2px 0.14em 2px 0px;position: relative;margin: -2px 0px;font-family: inherit;overflow: hidden;text-align: left;width: 270px;white-space: pre-wrap;color: #1f1f1f;font-style: normal;font-weight: 400;letter-spacing: normal;text-indent: 0px;text-transform: none;border: medium none currentcolor\"><\/pre>\n<p>[\/et_pb_text][et_pb_text _builder_version=&#8221;4.27.6&#8243; _module_preset=&#8221;default&#8221; global_colors_info=&#8221;{}&#8221;]<\/p>\n<p>Till professionen \u00e4r Babalola <strong>advokat och ingenj\u00f6r<\/strong> med \u00f6ver 25 \u00e5rs erfarenhet inom <strong>olje- och gasindustrin<\/strong>, inklusive ledande befattningar p\u00e5 <strong>Shell PLC<\/strong>. Han grundade <strong>Riviera Services Ltd.<\/strong>, med fokus p\u00e5 olje- och gasinfrastruktur, och <strong>Lead and Change Consulting<\/strong>, som tillhandah\u00e5ller coachning f\u00f6r chefer och r\u00e5dgivning om organisationsprestationer.<\/p>\n<p>Hans bidrag str\u00e4cker sig bortom Rotary. Babalola st\u00f6der <strong>The Rotary Foundation<\/strong> som medlem i Arch Klumph Society och \u00e4r namngiven donator, tj\u00e4nstg\u00f6r som <strong>f\u00f6rvaltare f\u00f6r ShelterBox UK<\/strong> och \u00e4r <strong>styrelseledamot i Safe Blood Africa-projektet<\/strong>. Han har mottagit flera utm\u00e4rkelser, inklusive <strong>Africa Centennial Heroes Award, RI Service Above Self Award och Regional Service Award<\/strong> f\u00f6r en <strong>Polio-Free World<\/strong>.<\/p>\n<p>[\/et_pb_text][\/et_pb_column_inner][\/et_pb_row_inner][et_pb_row_inner admin_label=&#8221;Rivi&#8221; _builder_version=&#8221;4.16&#8243; global_colors_info=&#8221;{}&#8221;][et_pb_column_inner saved_specialty_column_type=&#8221;2_3&#8243; _builder_version=&#8221;4.16&#8243; custom_padding=&#8221;|||&#8221; global_colors_info=&#8221;{}&#8221; custom_padding__hover=&#8221;|||&#8221;][et_pb_text admin_label=&#8221;\u00c5rstemat f\u00f6r klubben &#8211; rubrik&#8221; _builder_version=&#8221;4.16&#8243; text_orientation=&#8221;center&#8221; global_colors_info=&#8221;{}&#8221;]<\/p>\n<h4>\u00c5rstemat f\u00f6r Houtsk\u00e4rs Rotary klubb<\/h4>\n<p>[\/et_pb_text][et_pb_text admin_label=&#8221;Text: \u00c5rstemat f\u00f6r klubben&#8221; _builder_version=&#8221;4.27.6&#8243; global_colors_info=&#8221;{}&#8221;]<\/p>\n<p class=\"p1\"><span class=\"s1\">V\u00e5r egen klubb koncentrerar sig p\u00e5 att aktivera medlemmarna och p\u00e5 att skapa best\u00e5ende inverkan globalt, lokalt och individuellt enligt Rotarys v\u00e4rden. Vi vill g\u00f6ra Rotarys prestationer mera synliga. Verksamhetens tyngdpunkter \u00e4r dock bobarhet, trygghet och trivsel i Houtsk\u00e4r och beredskap.<\/span><\/p>\n<p>[\/et_pb_text][\/et_pb_column_inner][\/et_pb_row_inner][\/et_pb_column][et_pb_column type=&#8221;1_3&#8243; _builder_version=&#8221;4.16&#8243; custom_padding=&#8221;|||&#8221; global_colors_info=&#8221;{}&#8221; custom_padding__hover=&#8221;|||&#8221;][et_pb_sidebar area=&#8221;sidebar-1&#8243; admin_label=&#8221;Sidebar&#8221; module_class=&#8221;sivupalkki_sisalto&#8221; _builder_version=&#8221;4.16&#8243; locked=&#8221;on&#8221; global_colors_info=&#8221;{}&#8221;][\/et_pb_sidebar][\/et_pb_column][\/et_pb_section]<\/p>\n","protected":false},"excerpt":{"rendered":"<p>Rotary Internationals \u00e5rstema Rotary Internationals \u00e5rstema Presidenten f\u00f6r Rotary International Olayinka Hakeem Babalola har satt som tema f\u00f6r sitt president\u00e5r 2026-2027 Create Lasting Inpact | Luo kest\u00e4v\u00e4\u00e4 vaikutusta | F\u00f6renas f\u00f6r att g\u00f6ra gott \u201dJag hoppas att vi alla inspirerar varandra att agera \u2013 att se p\u00e5 milj\u00f6fr\u00e5gor, som p\u00e5verkar h\u00e4lsa och v\u00e4lm\u00e5ende v\u00e4rlden \u00f6ver, [&hellip;]<\/p>\n","protected":false},"author":1,"featured_media":0,"parent":1565,"menu_order":2,"comment_status":"closed","ping_status":"closed","template":"","meta":{"_acf_changed":false,"_et_pb_use_builder":"on","_et_pb_old_content":"","_et_gb_content_width":"","footnotes":""},"class_list":["post-1573","page","type-page","status-publish","hentry"],"acf":[],"yoast_head":"<!-- This site is optimized with the Yoast SEO plugin v27.4 - https:\/\/yoast.com\/product\/yoast-seo-wordpress\/ -->\n<title>\u00c5rstema - Houtsk\u00e4rs Rotary klubb r.f.<\/title>\n<meta name=\"robots\" content=\"noindex, follow, max-snippet:-1, max-image-preview:large, max-video-preview:-1\" \/>\n<meta property=\"og:locale\" content=\"fi_FI\" \/>\n<meta property=\"og:type\" content=\"article\" \/>\n<meta property=\"og:title\" content=\"\u00c5rstema - Houtsk\u00e4rs Rotary klubb r.f.\" \/>\n<meta property=\"og:description\" content=\"Rotary Internationals \u00e5rstema Rotary Internationals \u00e5rstema Presidenten f\u00f6r Rotary International Olayinka Hakeem Babalola har satt som tema f\u00f6r sitt president\u00e5r 2026-2027 Create Lasting Inpact | Luo kest\u00e4v\u00e4\u00e4 vaikutusta | F\u00f6renas f\u00f6r att g\u00f6ra gott \u201dJag hoppas att vi alla inspirerar varandra att agera \u2013 att se p\u00e5 milj\u00f6fr\u00e5gor, som p\u00e5verkar h\u00e4lsa och v\u00e4lm\u00e5ende v\u00e4rlden \u00f6ver, [&hellip;]\" \/>\n<meta property=\"og:url\" content=\"https:\/\/rotary.fi\/hrc\/sv\/vem-ar-vi\/arstema\/\" \/>\n<meta property=\"og:site_name\" content=\"Houtsk\u00e4rs Rotary klubb r.f.\" \/>\n<meta property=\"article:modified_time\" content=\"2026-04-18T14:22:42+00:00\" \/>\n<meta name=\"twitter:card\" content=\"summary_large_image\" \/>\n<meta name=\"twitter:label1\" content=\"Arvioitu lukuaika\" \/>\n\t<meta name=\"twitter:data1\" content=\"4 minuuttia\" \/>\n<script type=\"application\/ld+json\" class=\"yoast-schema-graph\">{\"@context\":\"https:\\\/\\\/schema.org\",\"@graph\":[{\"@type\":\"WebPage\",\"@id\":\"https:\\\/\\\/rotary.fi\\\/hrc\\\/sv\\\/vem-ar-vi\\\/arstema\\\/\",\"url\":\"https:\\\/\\\/rotary.fi\\\/hrc\\\/sv\\\/vem-ar-vi\\\/arstema\\\/\",\"name\":\"\u00c5rstema - Houtsk\u00e4rs Rotary klubb r.f.\",\"isPartOf\":{\"@id\":\"https:\\\/\\\/rotary.fi\\\/hrc\\\/#website\"},\"datePublished\":\"2019-03-19T12:27:31+00:00\",\"dateModified\":\"2026-04-18T14:22:42+00:00\",\"breadcrumb\":{\"@id\":\"https:\\\/\\\/rotary.fi\\\/hrc\\\/sv\\\/vem-ar-vi\\\/arstema\\\/#breadcrumb\"},\"inLanguage\":\"fi\",\"potentialAction\":[{\"@type\":\"ReadAction\",\"target\":[\"https:\\\/\\\/rotary.fi\\\/hrc\\\/sv\\\/vem-ar-vi\\\/arstema\\\/\"]}]},{\"@type\":\"BreadcrumbList\",\"@id\":\"https:\\\/\\\/rotary.fi\\\/hrc\\\/sv\\\/vem-ar-vi\\\/arstema\\\/#breadcrumb\",\"itemListElement\":[{\"@type\":\"ListItem\",\"position\":1,\"name\":\"Home\",\"item\":\"https:\\\/\\\/rotary.fi\\\/hrc\\\/\"},{\"@type\":\"ListItem\",\"position\":2,\"name\":\"Vem \u00e4r vi\",\"item\":\"https:\\\/\\\/rotary.fi\\\/hrc\\\/sv\\\/vem-ar-vi\\\/\"},{\"@type\":\"ListItem\",\"position\":3,\"name\":\"\u00c5rstema\"}]},{\"@type\":\"WebSite\",\"@id\":\"https:\\\/\\\/rotary.fi\\\/hrc\\\/#website\",\"url\":\"https:\\\/\\\/rotary.fi\\\/hrc\\\/\",\"name\":\"Houtsk\u00e4rs Rotary klubb r.f.\",\"description\":\"Uusi Rotary klubisivusto\",\"potentialAction\":[{\"@type\":\"SearchAction\",\"target\":{\"@type\":\"EntryPoint\",\"urlTemplate\":\"https:\\\/\\\/rotary.fi\\\/hrc\\\/?s={search_term_string}\"},\"query-input\":{\"@type\":\"PropertyValueSpecification\",\"valueRequired\":true,\"valueName\":\"search_term_string\"}}],\"inLanguage\":\"fi\"}]}<\/script>\n<!-- \/ Yoast SEO plugin. -->","yoast_head_json":{"title":"\u00c5rstema - Houtsk\u00e4rs Rotary klubb r.f.","robots":{"index":"noindex","follow":"follow","max-snippet":"max-snippet:-1","max-image-preview":"max-image-preview:large","max-video-preview":"max-video-preview:-1"},"og_locale":"fi_FI","og_type":"article","og_title":"\u00c5rstema - Houtsk\u00e4rs Rotary klubb r.f.","og_description":"Rotary Internationals \u00e5rstema Rotary Internationals \u00e5rstema Presidenten f\u00f6r Rotary International Olayinka Hakeem Babalola har satt som tema f\u00f6r sitt president\u00e5r 2026-2027 Create Lasting Inpact | Luo kest\u00e4v\u00e4\u00e4 vaikutusta | F\u00f6renas f\u00f6r att g\u00f6ra gott \u201dJag hoppas att vi alla inspirerar varandra att agera \u2013 att se p\u00e5 milj\u00f6fr\u00e5gor, som p\u00e5verkar h\u00e4lsa och v\u00e4lm\u00e5ende v\u00e4rlden \u00f6ver, [&hellip;]","og_url":"https:\/\/rotary.fi\/hrc\/sv\/vem-ar-vi\/arstema\/","og_site_name":"Houtsk\u00e4rs Rotary klubb r.f.","article_modified_time":"2026-04-18T14:22:42+00:00","twitter_card":"summary_large_image","twitter_misc":{"Arvioitu lukuaika":"4 minuuttia"},"schema":{"@context":"https:\/\/schema.org","@graph":[{"@type":"WebPage","@id":"https:\/\/rotary.fi\/hrc\/sv\/vem-ar-vi\/arstema\/","url":"https:\/\/rotary.fi\/hrc\/sv\/vem-ar-vi\/arstema\/","name":"\u00c5rstema - Houtsk\u00e4rs Rotary klubb r.f.","isPartOf":{"@id":"https:\/\/rotary.fi\/hrc\/#website"},"datePublished":"2019-03-19T12:27:31+00:00","dateModified":"2026-04-18T14:22:42+00:00","breadcrumb":{"@id":"https:\/\/rotary.fi\/hrc\/sv\/vem-ar-vi\/arstema\/#breadcrumb"},"inLanguage":"fi","potentialAction":[{"@type":"ReadAction","target":["https:\/\/rotary.fi\/hrc\/sv\/vem-ar-vi\/arstema\/"]}]},{"@type":"BreadcrumbList","@id":"https:\/\/rotary.fi\/hrc\/sv\/vem-ar-vi\/arstema\/#breadcrumb","itemListElement":[{"@type":"ListItem","position":1,"name":"Home","item":"https:\/\/rotary.fi\/hrc\/"},{"@type":"ListItem","position":2,"name":"Vem \u00e4r vi","item":"https:\/\/rotary.fi\/hrc\/sv\/vem-ar-vi\/"},{"@type":"ListItem","position":3,"name":"\u00c5rstema"}]},{"@type":"WebSite","@id":"https:\/\/rotary.fi\/hrc\/#website","url":"https:\/\/rotary.fi\/hrc\/","name":"Houtsk\u00e4rs Rotary klubb r.f.","description":"Uusi Rotary klubisivusto","potentialAction":[{"@type":"SearchAction","target":{"@type":"EntryPoint","urlTemplate":"https:\/\/rotary.fi\/hrc\/?s={search_term_string}"},"query-input":{"@type":"PropertyValueSpecification","valueRequired":true,"valueName":"search_term_string"}}],"inLanguage":"fi"}]}},"lang":"sv","translations":{"sv":1573,"en":1430,"fi":138},"pll_sync_post":[],"_links":{"self":[{"href":"https:\/\/rotary.fi\/hrc\/wp-json\/wp\/v2\/pages\/1573","targetHints":{"allow":["GET"]}}],"collection":[{"href":"https:\/\/rotary.fi\/hrc\/wp-json\/wp\/v2\/pages"}],"about":[{"href":"https:\/\/rotary.fi\/hrc\/wp-json\/wp\/v2\/types\/page"}],"author":[{"embeddable":true,"href":"https:\/\/rotary.fi\/hrc\/wp-json\/wp\/v2\/users\/1"}],"replies":[{"embeddable":true,"href":"https:\/\/rotary.fi\/hrc\/wp-json\/wp\/v2\/comments?post=1573"}],"version-history":[{"count":7,"href":"https:\/\/rotary.fi\/hrc\/wp-json\/wp\/v2\/pages\/1573\/revisions"}],"predecessor-version":[{"id":1865,"href":"https:\/\/rotary.fi\/hrc\/wp-json\/wp\/v2\/pages\/1573\/revisions\/1865"}],"up":[{"embeddable":true,"href":"https:\/\/rotary.fi\/hrc\/wp-json\/wp\/v2\/pages\/1565"}],"wp:attachment":[{"href":"https:\/\/rotary.fi\/hrc\/wp-json\/wp\/v2\/media?parent=1573"}],"curies":[{"name":"wp","href":"https:\/\/api.w.org\/{rel}","templated":true}]}}