{"id":156,"date":"2018-08-13T09:46:59","date_gmt":"2018-08-13T06:46:59","guid":{"rendered":"https:\/\/rotary.fi\/hrc\/?page_id=156"},"modified":"2026-04-19T16:06:54","modified_gmt":"2026-04-19T13:06:54","slug":"projektit","status":"publish","type":"page","link":"https:\/\/rotary.fi\/hrc\/mita-teemme\/projektit\/","title":{"rendered":"Projektit"},"content":{"rendered":"<p>[et_pb_section fb_built=&#8221;1&#8243; module_class=&#8221;jumbotron-page&#8221; _builder_version=&#8221;4.16&#8243; background_image=&#8221;https:\/\/rotary.fi\/hrc\/wp-content\/uploads\/sites\/286\/2018\/08\/rotary_klubit_alasivu_paakuva_5.jpg&#8221; global_colors_info=&#8221;{}&#8221;][et_pb_row _builder_version=&#8221;4.16&#8243; background_size=&#8221;initial&#8221; background_position=&#8221;top_left&#8221; background_repeat=&#8221;repeat&#8221; global_colors_info=&#8221;{}&#8221;][et_pb_column type=&#8221;4_4&#8243; _builder_version=&#8221;4.16&#8243; custom_padding=&#8221;|||&#8221; global_colors_info=&#8221;{}&#8221; custom_padding__hover=&#8221;|||&#8221;][et_pb_text admin_label=&#8221;P\u00e4\u00e4otsikko&#8221; _builder_version=&#8221;4.16&#8243; text_orientation=&#8221;center&#8221; background_layout=&#8221;dark&#8221; global_colors_info=&#8221;{}&#8221;]<\/p>\n<h1>Projektit<\/h1>\n<p>[\/et_pb_text][\/et_pb_column][\/et_pb_row][\/et_pb_section][et_pb_section fb_built=&#8221;1&#8243; specialty=&#8221;on&#8221; module_class_2=&#8221;sivupalkki&#8221; _builder_version=&#8221;4.16&#8243; global_colors_info=&#8221;{}&#8221;][et_pb_column type=&#8221;2_3&#8243; specialty_columns=&#8221;2&#8243; _builder_version=&#8221;4.16&#8243; custom_padding=&#8221;|||&#8221; global_colors_info=&#8221;{}&#8221; parallax__hover=&#8221;off&#8221; parallax_method__hover=&#8221;on&#8221; custom_padding__hover=&#8221;|||&#8221;][et_pb_row_inner admin_label=&#8221;Rivi&#8221; _builder_version=&#8221;4.16&#8243; global_colors_info=&#8221;{}&#8221;][et_pb_column_inner saved_specialty_column_type=&#8221;2_3&#8243; _builder_version=&#8221;4.16&#8243; custom_padding=&#8221;|||&#8221; global_colors_info=&#8221;{}&#8221; parallax__hover=&#8221;off&#8221; parallax_method__hover=&#8221;on&#8221; custom_padding__hover=&#8221;|||&#8221;][et_pb_text admin_label=&#8221;Projektit &#8211; Otsikko&#8221; _builder_version=&#8221;4.16&#8243; text_orientation=&#8221;center&#8221; global_colors_info=&#8221;{}&#8221;]<\/p>\n<h1>Projektit<\/h1>\n<p>[\/et_pb_text][et_pb_text _builder_version=&#8221;4.16&#8243; global_colors_info=&#8221;{}&#8221;]<\/p>\n<p>Rotary on palveluj\u00e4rjest\u00f6. Toimimme tunnuslauseemme Palvelu itsekkyyden edelle (Service above self) mukaisesti paikallisesti ja maailmanlaajuisesti. Kansainv\u00e4linen humanit\u00e4\u00e4rinen palvelumme toteutuu Rotarys\u00e4\u00e4ti\u00f6mme koordinoimana ja hyv\u00e4ksyttyjen kumppaneiden kanssa.<\/p>\n<p style=\"margin: 0px;padding: 0px 0px 1em;border: 0px;font-size: 16px;vertical-align: baseline;background: #ffffff;color: #263b4c;font-family: 'Open Sans', Helvetica, Arial, Lucida, sans-serif;font-style: normal;font-weight: 500;letter-spacing: normal;text-align: left;text-indent: 0px;text-transform: none;white-space: normal\"><strong style=\"margin: 0px;padding: 0px;border: 0px;font-size: 16px;vertical-align: baseline;background: transparent;font-weight: bold\">1. Kev\u00e4tlintu retki.<\/strong><\/p>\n<p style=\"margin: 0px;padding: 0px 0px 1em;border: 0px;font-size: 16px;vertical-align: baseline;background: #ffffff;color: #263b4c;font-family: 'Open Sans', Helvetica, Arial, Lucida, sans-serif;font-style: normal;font-weight: 500;letter-spacing: normal;text-align: left;text-indent: 0px;text-transform: none;white-space: normal\"><strong style=\"margin: 0px;padding: 0px;border: 0px;font-size: 16px;vertical-align: baseline;background: transparent;font-weight: bold\">2. Vaellusreitit.<\/strong><\/p>\n<p style=\"margin: 0px;padding: 0px 0px 1em;border: 0px;font-size: 16px;vertical-align: baseline;background: #ffffff;color: #263b4c;font-family: 'Open Sans', Helvetica, Arial, Lucida, sans-serif;font-style: normal;font-weight: 500;letter-spacing: normal;text-align: left;text-indent: 0px;text-transform: none;white-space: normal\"><strong style=\"margin: 0px;padding: 0px;border: 0px;font-size: 16px;vertical-align: baseline;background: transparent;font-weight: bold\">3. Kirsikkapuulehto.<\/strong><\/p>\n<p style=\"margin: 0px;padding: 0px 0px 1em;border: 0px;font-size: 16px;vertical-align: baseline;background: #ffffff;color: #263b4c;font-family: 'Open Sans', Helvetica, Arial, Lucida, sans-serif;font-style: normal;font-weight: 500;letter-spacing: normal;text-align: left;text-indent: 0px;text-transform: none;white-space: normal\"><strong style=\"margin: 0px;padding: 0px;border: 0px;font-size: 16px;vertical-align: baseline;background: transparent;font-weight: bold\">4. Nuorisoleirit.<\/strong><\/p>\n<p style=\"margin: 0px;padding: 0px;border: 0px;font-size: 16px;vertical-align: baseline;background: #ffffff;color: #263b4c;font-family: 'Open Sans', Helvetica, Arial, Lucida, sans-serif;font-style: normal;font-weight: 500;letter-spacing: normal;text-align: left;text-indent: 0px;text-transform: none;white-space: normal\">\n<p><strong>.<\/strong><\/p>\n<p><strong>Osallistumme my\u00f6s l\u00e4hiklubien kanssa yhteiseen projektiin.<\/strong><\/p>\n<p>[\/et_pb_text][\/et_pb_column_inner][\/et_pb_row_inner][\/et_pb_column][et_pb_column type=&#8221;1_3&#8243; module_class=&#8221;sivupalkki&#8221; _builder_version=&#8221;4.16&#8243; custom_padding=&#8221;|||&#8221; global_colors_info=&#8221;{}&#8221; parallax__hover=&#8221;off&#8221; parallax_method__hover=&#8221;on&#8221; module_class__hover=&#8221;sivupalkki&#8221; custom_padding__hover=&#8221;|||&#8221;][et_pb_sidebar area=&#8221;sidebar-1&#8243; module_class=&#8221;sivupalkki_sisalto&#8221; _builder_version=&#8221;4.16&#8243; locked=&#8221;on&#8221; global_colors_info=&#8221;{}&#8221;][\/et_pb_sidebar][\/et_pb_column][\/et_pb_section]<\/p>\n","protected":false},"excerpt":{"rendered":"<p>Projektit Projektit Rotary on palveluj\u00e4rjest\u00f6. Toimimme tunnuslauseemme Palvelu itsekkyyden edelle (Service above self) mukaisesti paikallisesti ja maailmanlaajuisesti. Kansainv\u00e4linen humanit\u00e4\u00e4rinen palvelumme toteutuu Rotarys\u00e4\u00e4ti\u00f6mme koordinoimana ja hyv\u00e4ksyttyjen kumppaneiden kanssa. 1. Kev\u00e4tlintu retki. 2. Vaellusreitit. 3. Kirsikkapuulehto. 4. Nuorisoleirit. . Osallistumme my\u00f6s l\u00e4hiklubien kanssa yhteiseen projektiin.<\/p>\n","protected":false},"author":1,"featured_media":0,"parent":77,"menu_order":2,"comment_status":"closed","ping_status":"closed","template":"","meta":{"_acf_changed":false,"_et_pb_use_builder":"on","_et_pb_old_content":"","_et_gb_content_width":"","footnotes":""},"class_list":["post-156","page","type-page","status-publish","hentry"],"acf":[],"yoast_head":"<!-- This site is optimized with the Yoast SEO plugin v27.4 - https:\/\/yoast.com\/product\/yoast-seo-wordpress\/ -->\n<title>Projektit - Houtsk\u00e4rs Rotary klubb r.f.<\/title>\n<meta name=\"robots\" content=\"noindex, follow, max-snippet:-1, max-image-preview:large, max-video-preview:-1\" \/>\n<meta property=\"og:locale\" content=\"fi_FI\" \/>\n<meta property=\"og:type\" content=\"article\" \/>\n<meta property=\"og:title\" content=\"Projektit - Houtsk\u00e4rs Rotary klubb r.f.\" \/>\n<meta property=\"og:description\" content=\"Projektit Projektit Rotary on palveluj\u00e4rjest\u00f6. Toimimme tunnuslauseemme Palvelu itsekkyyden edelle (Service above self) mukaisesti paikallisesti ja maailmanlaajuisesti. Kansainv\u00e4linen humanit\u00e4\u00e4rinen palvelumme toteutuu Rotarys\u00e4\u00e4ti\u00f6mme koordinoimana ja hyv\u00e4ksyttyjen kumppaneiden kanssa. 1. Kev\u00e4tlintu retki. 2. Vaellusreitit. 3. Kirsikkapuulehto. 4. Nuorisoleirit. . Osallistumme my\u00f6s l\u00e4hiklubien kanssa yhteiseen projektiin.\" \/>\n<meta property=\"og:url\" content=\"https:\/\/rotary.fi\/hrc\/mita-teemme\/projektit\/\" \/>\n<meta property=\"og:site_name\" content=\"Houtsk\u00e4rs Rotary klubb r.f.\" \/>\n<meta property=\"article:modified_time\" content=\"2026-04-19T13:06:54+00:00\" \/>\n<meta name=\"twitter:card\" content=\"summary_large_image\" \/>\n<meta name=\"twitter:label1\" content=\"Arvioitu lukuaika\" \/>\n\t<meta name=\"twitter:data1\" content=\"2 minuuttia\" \/>\n<script type=\"application\/ld+json\" class=\"yoast-schema-graph\">{\"@context\":\"https:\\\/\\\/schema.org\",\"@graph\":[{\"@type\":\"WebPage\",\"@id\":\"https:\\\/\\\/rotary.fi\\\/hrc\\\/mita-teemme\\\/projektit\\\/\",\"url\":\"https:\\\/\\\/rotary.fi\\\/hrc\\\/mita-teemme\\\/projektit\\\/\",\"name\":\"Projektit - Houtsk\u00e4rs Rotary klubb r.f.\",\"isPartOf\":{\"@id\":\"https:\\\/\\\/rotary.fi\\\/hrc\\\/#website\"},\"datePublished\":\"2018-08-13T06:46:59+00:00\",\"dateModified\":\"2026-04-19T13:06:54+00:00\",\"breadcrumb\":{\"@id\":\"https:\\\/\\\/rotary.fi\\\/hrc\\\/mita-teemme\\\/projektit\\\/#breadcrumb\"},\"inLanguage\":\"fi\",\"potentialAction\":[{\"@type\":\"ReadAction\",\"target\":[\"https:\\\/\\\/rotary.fi\\\/hrc\\\/mita-teemme\\\/projektit\\\/\"]}]},{\"@type\":\"BreadcrumbList\",\"@id\":\"https:\\\/\\\/rotary.fi\\\/hrc\\\/mita-teemme\\\/projektit\\\/#breadcrumb\",\"itemListElement\":[{\"@type\":\"ListItem\",\"position\":1,\"name\":\"Home\",\"item\":\"https:\\\/\\\/rotary.fi\\\/hrc\\\/\"},{\"@type\":\"ListItem\",\"position\":2,\"name\":\"Mit\u00e4 teemme\",\"item\":\"https:\\\/\\\/rotary.fi\\\/hrc\\\/mita-teemme\\\/\"},{\"@type\":\"ListItem\",\"position\":3,\"name\":\"Projektit\"}]},{\"@type\":\"WebSite\",\"@id\":\"https:\\\/\\\/rotary.fi\\\/hrc\\\/#website\",\"url\":\"https:\\\/\\\/rotary.fi\\\/hrc\\\/\",\"name\":\"Houtsk\u00e4rs Rotary klubb r.f.\",\"description\":\"Uusi Rotary klubisivusto\",\"potentialAction\":[{\"@type\":\"SearchAction\",\"target\":{\"@type\":\"EntryPoint\",\"urlTemplate\":\"https:\\\/\\\/rotary.fi\\\/hrc\\\/?s={search_term_string}\"},\"query-input\":{\"@type\":\"PropertyValueSpecification\",\"valueRequired\":true,\"valueName\":\"search_term_string\"}}],\"inLanguage\":\"fi\"}]}<\/script>\n<!-- \/ Yoast SEO plugin. -->","yoast_head_json":{"title":"Projektit - Houtsk\u00e4rs Rotary klubb r.f.","robots":{"index":"noindex","follow":"follow","max-snippet":"max-snippet:-1","max-image-preview":"max-image-preview:large","max-video-preview":"max-video-preview:-1"},"og_locale":"fi_FI","og_type":"article","og_title":"Projektit - Houtsk\u00e4rs Rotary klubb r.f.","og_description":"Projektit Projektit Rotary on palveluj\u00e4rjest\u00f6. Toimimme tunnuslauseemme Palvelu itsekkyyden edelle (Service above self) mukaisesti paikallisesti ja maailmanlaajuisesti. Kansainv\u00e4linen humanit\u00e4\u00e4rinen palvelumme toteutuu Rotarys\u00e4\u00e4ti\u00f6mme koordinoimana ja hyv\u00e4ksyttyjen kumppaneiden kanssa. 1. Kev\u00e4tlintu retki. 2. Vaellusreitit. 3. Kirsikkapuulehto. 4. Nuorisoleirit. . Osallistumme my\u00f6s l\u00e4hiklubien kanssa yhteiseen projektiin.","og_url":"https:\/\/rotary.fi\/hrc\/mita-teemme\/projektit\/","og_site_name":"Houtsk\u00e4rs Rotary klubb r.f.","article_modified_time":"2026-04-19T13:06:54+00:00","twitter_card":"summary_large_image","twitter_misc":{"Arvioitu lukuaika":"2 minuuttia"},"schema":{"@context":"https:\/\/schema.org","@graph":[{"@type":"WebPage","@id":"https:\/\/rotary.fi\/hrc\/mita-teemme\/projektit\/","url":"https:\/\/rotary.fi\/hrc\/mita-teemme\/projektit\/","name":"Projektit - Houtsk\u00e4rs Rotary klubb r.f.","isPartOf":{"@id":"https:\/\/rotary.fi\/hrc\/#website"},"datePublished":"2018-08-13T06:46:59+00:00","dateModified":"2026-04-19T13:06:54+00:00","breadcrumb":{"@id":"https:\/\/rotary.fi\/hrc\/mita-teemme\/projektit\/#breadcrumb"},"inLanguage":"fi","potentialAction":[{"@type":"ReadAction","target":["https:\/\/rotary.fi\/hrc\/mita-teemme\/projektit\/"]}]},{"@type":"BreadcrumbList","@id":"https:\/\/rotary.fi\/hrc\/mita-teemme\/projektit\/#breadcrumb","itemListElement":[{"@type":"ListItem","position":1,"name":"Home","item":"https:\/\/rotary.fi\/hrc\/"},{"@type":"ListItem","position":2,"name":"Mit\u00e4 teemme","item":"https:\/\/rotary.fi\/hrc\/mita-teemme\/"},{"@type":"ListItem","position":3,"name":"Projektit"}]},{"@type":"WebSite","@id":"https:\/\/rotary.fi\/hrc\/#website","url":"https:\/\/rotary.fi\/hrc\/","name":"Houtsk\u00e4rs Rotary klubb r.f.","description":"Uusi Rotary klubisivusto","potentialAction":[{"@type":"SearchAction","target":{"@type":"EntryPoint","urlTemplate":"https:\/\/rotary.fi\/hrc\/?s={search_term_string}"},"query-input":{"@type":"PropertyValueSpecification","valueRequired":true,"valueName":"search_term_string"}}],"inLanguage":"fi"}]}},"lang":"fi","translations":{"fi":156,"en":1451,"sv":1606},"pll_sync_post":[],"_links":{"self":[{"href":"https:\/\/rotary.fi\/hrc\/wp-json\/wp\/v2\/pages\/156","targetHints":{"allow":["GET"]}}],"collection":[{"href":"https:\/\/rotary.fi\/hrc\/wp-json\/wp\/v2\/pages"}],"about":[{"href":"https:\/\/rotary.fi\/hrc\/wp-json\/wp\/v2\/types\/page"}],"author":[{"embeddable":true,"href":"https:\/\/rotary.fi\/hrc\/wp-json\/wp\/v2\/users\/1"}],"replies":[{"embeddable":true,"href":"https:\/\/rotary.fi\/hrc\/wp-json\/wp\/v2\/comments?post=156"}],"version-history":[{"count":5,"href":"https:\/\/rotary.fi\/hrc\/wp-json\/wp\/v2\/pages\/156\/revisions"}],"predecessor-version":[{"id":1947,"href":"https:\/\/rotary.fi\/hrc\/wp-json\/wp\/v2\/pages\/156\/revisions\/1947"}],"up":[{"embeddable":true,"href":"https:\/\/rotary.fi\/hrc\/wp-json\/wp\/v2\/pages\/77"}],"wp:attachment":[{"href":"https:\/\/rotary.fi\/hrc\/wp-json\/wp\/v2\/media?parent=156"}],"curies":[{"name":"wp","href":"https:\/\/api.w.org\/{rel}","templated":true}]}}