{"id":138,"date":"2018-08-10T14:01:44","date_gmt":"2018-08-10T11:01:44","guid":{"rendered":"https:\/\/rotary.fi\/klubi2\/?page_id=138"},"modified":"2026-04-19T15:48:16","modified_gmt":"2026-04-19T12:48:16","slug":"vuositeema","status":"publish","type":"page","link":"https:\/\/rotary.fi\/hrc\/keita-olemme\/vuositeema\/","title":{"rendered":"Vuositeema"},"content":{"rendered":"<p>[et_pb_section fb_built=&#8221;1&#8243; module_class=&#8221;jumbotron-page&#8221; _builder_version=&#8221;4.16&#8243; background_image=&#8221;https:\/\/rotary.fi\/hrc\/wp-content\/uploads\/sites\/286\/2018\/08\/rotary_klubit_alasivu_paakuva_7.jpg&#8221; global_colors_info=&#8221;{}&#8221;][et_pb_row _builder_version=&#8221;4.16&#8243; background_size=&#8221;initial&#8221; background_position=&#8221;top_left&#8221; background_repeat=&#8221;repeat&#8221; global_colors_info=&#8221;{}&#8221;][et_pb_column type=&#8221;4_4&#8243; _builder_version=&#8221;4.16&#8243; custom_padding=&#8221;|||&#8221; global_colors_info=&#8221;{}&#8221; custom_padding__hover=&#8221;|||&#8221;][et_pb_text admin_label=&#8221;P\u00e4\u00e4otsikko&#8221; _builder_version=&#8221;4.16&#8243; text_orientation=&#8221;center&#8221; background_layout=&#8221;dark&#8221; global_colors_info=&#8221;{}&#8221;]<\/p>\n<h1>Vuositeema<\/h1>\n<p>&nbsp;<\/p>\n<p>[\/et_pb_text][\/et_pb_column][\/et_pb_row][\/et_pb_section][et_pb_section fb_built=&#8221;1&#8243; specialty=&#8221;on&#8221; module_class_2=&#8221;sivupalkki&#8221; _builder_version=&#8221;4.16&#8243; global_colors_info=&#8221;{}&#8221;][et_pb_column type=&#8221;2_3&#8243; specialty_columns=&#8221;2&#8243; _builder_version=&#8221;4.16&#8243; custom_padding=&#8221;|||&#8221; global_colors_info=&#8221;{}&#8221; custom_padding__hover=&#8221;|||&#8221;][et_pb_row_inner admin_label=&#8221;Rivi&#8221; _builder_version=&#8221;4.16&#8243; global_colors_info=&#8221;{}&#8221; column_structure=&#8221;1_4,1_4,1_4,1_4&#8243;][et_pb_column_inner type=&#8221;1_4&#8243; saved_specialty_column_type=&#8221;2_3&#8243; _builder_version=&#8221;4.16&#8243; custom_padding=&#8221;|||&#8221; custom_css_main_element=&#8221;width:24%!important;&#8221; global_colors_info=&#8221;{}&#8221; custom_padding__hover=&#8221;|||&#8221;][et_pb_image src=&#8221;https:\/\/rotary.fi\/hrc\/wp-content\/uploads\/sites\/286\/2026\/04\/cli-400&#215;400-b.png&#8221; align_tablet=&#8221;center&#8221; align_last_edited=&#8221;on|desktop&#8221; _builder_version=&#8221;4.27.6&#8243; hover_enabled=&#8221;0&#8243; global_colors_info=&#8221;{}&#8221; title_text=&#8221;CLI_400x400_B&#8221; sticky_enabled=&#8221;0&#8243; align_phone=&#8221;center&#8221;][\/et_pb_image][\/et_pb_column_inner][et_pb_column_inner type=&#8221;1_4&#8243; saved_specialty_column_type=&#8221;2_3&#8243; _builder_version=&#8221;4.16&#8243; custom_padding=&#8221;|||&#8221; custom_css_main_element=&#8221;width:24%!important;&#8221; global_colors_info=&#8221;{}&#8221; custom_padding__hover=&#8221;|||&#8221;][et_pb_image src=&#8221;https:\/\/rotary.fi\/hrc\/wp-content\/uploads\/sites\/286\/2026\/04\/cli-400&#215;400-r-1.png&#8221; align_tablet=&#8221;center&#8221; align_last_edited=&#8221;on|desktop&#8221; _builder_version=&#8221;4.27.6&#8243; hover_enabled=&#8221;0&#8243; global_colors_info=&#8221;{}&#8221; title_text=&#8221;CLI_400x400_R&#8221; sticky_enabled=&#8221;0&#8243; align_phone=&#8221;center&#8221;][\/et_pb_image][\/et_pb_column_inner][et_pb_column_inner type=&#8221;1_4&#8243; saved_specialty_column_type=&#8221;2_3&#8243; _builder_version=&#8221;4.16&#8243; custom_padding=&#8221;|||&#8221; custom_css_main_element=&#8221;width:24%!important;&#8221; global_colors_info=&#8221;{}&#8221; custom_padding__hover=&#8221;|||&#8221;][et_pb_image src=&#8221;https:\/\/rotary.fi\/hrc\/wp-content\/uploads\/sites\/286\/2026\/04\/cli-400&#215;400-y-1.png&#8221; align_tablet=&#8221;center&#8221; align_last_edited=&#8221;on|desktop&#8221; _builder_version=&#8221;4.27.6&#8243; hover_enabled=&#8221;0&#8243; global_colors_info=&#8221;{}&#8221; title_text=&#8221;CLI_400x400_Y&#8221; sticky_enabled=&#8221;0&#8243; align_phone=&#8221;center&#8221;][\/et_pb_image][\/et_pb_column_inner][et_pb_column_inner type=&#8221;1_4&#8243; saved_specialty_column_type=&#8221;2_3&#8243; _builder_version=&#8221;4.16&#8243; custom_padding=&#8221;|||&#8221; custom_css_main_element=&#8221;display:none;||width:0%!important;&#8221; global_colors_info=&#8221;{}&#8221; custom_padding__hover=&#8221;|||&#8221;][\/et_pb_column_inner][\/et_pb_row_inner][et_pb_row_inner admin_label=&#8221;Rivi&#8221; _builder_version=&#8221;4.16&#8243; global_colors_info=&#8221;{}&#8221;][et_pb_column_inner saved_specialty_column_type=&#8221;2_3&#8243; _builder_version=&#8221;4.16&#8243; custom_padding=&#8221;|||&#8221; global_colors_info=&#8221;{}&#8221; custom_padding__hover=&#8221;|||&#8221;][et_pb_text admin_label=&#8221;Rotary Internationalin vuositeema &#8211; Otsikko&#8221; _builder_version=&#8221;4.16&#8243; text_orientation=&#8221;center&#8221; global_colors_info=&#8221;{}&#8221;]<\/p>\n<h1>Rotary Internationalin vuositeema<\/h1>\n<p>[\/et_pb_text][et_pb_text _builder_version=&#8221;4.16&#8243; global_colors_info=&#8221;{}&#8221;]<\/p>\n<p>Rotary Internationalin presidentti <strong style=\"margin: 0px;padding: 0px;border: 0px;font-size: 16px;vertical-align: baseline;background: #ffffff;font-weight: bold;color: #263b4c;font-family: 'Open Sans', Helvetica, Arial, Lucida, sans-serif;font-style: normal;letter-spacing: normal;text-align: left;text-indent: 0px;text-transform: none;white-space: normal\"><span style=\"margin: 0px;padding: 0px;border: 0px;font-size: 14px;vertical-align: baseline;background: #ffffff;color: #474747;font-family: inherit;font-style: normal;letter-spacing: normal;text-align: start;text-indent: 0px;text-transform: none;white-space: normal\">Olayinka Hakeem Babalola<\/span><\/strong> on nimennyt presidenttivuotensa 2026-2027 teemaksi<\/p>\n<p><strong><strong style=\"margin: 0px;padding: 0px;border: 0px;font-size: 16px;vertical-align: baseline;background: #ffffff;font-weight: bold;color: #263b4c;font-family: 'Open Sans', Helvetica, Arial, Lucida, sans-serif;font-style: normal;letter-spacing: normal;text-align: left;text-indent: 0px;text-transform: none;white-space: normal\">Create Lasting Inpact<\/strong> | <strong style=\"margin: 0px;padding: 0px;border: 0px;font-size: 16px;vertical-align: baseline;background: #ffffff;font-weight: bold;color: #263b4c;font-family: 'Open Sans', Helvetica, Arial, Lucida, sans-serif;font-style: normal;letter-spacing: normal;text-align: left;text-indent: 0px;text-transform: none;white-space: normal\">Luo kest\u00e4v\u00e4\u00e4 vaikutusta<\/strong> | <strong style=\"margin: 0px;padding: 0px;border: 0px;font-size: 16px;vertical-align: baseline;background: #ffffff;font-weight: bold;color: #263b4c;font-family: 'Open Sans', Helvetica, Arial, Lucida, sans-serif;font-style: normal;letter-spacing: normal;text-align: left;text-indent: 0px;text-transform: none;white-space: normal\">F\u00f6renas f\u00f6r att g\u00f6ra gott<\/strong><\/strong><\/p>\n<blockquote>\n<p>&#8221;Toivon ett\u00e4 me kaikki innostamme toisiamme toimimaan \u2013 tarkastelemaan ymp\u00e4rist\u00f6kysymyksi\u00e4, jotka vaikuttavat terveyteen ja hyvinvointiin ymp\u00e4ri maailmaa, ja tekem\u00e4\u00e4n voitavamme auttaaksemme.&#8221;<\/p>\n<\/blockquote>\n<p>Ammatiltaan Babalola on <strong>asianajaja ja insin\u00f6\u00f6ri<\/strong>, jolla on yli 25 vuoden kokemus <strong>\u00f6ljy- ja kaasuteollisuudesta<\/strong>, mukaan lukien johtoteht\u00e4v\u00e4t <strong>Shell PLC:ss\u00e4<\/strong>. H\u00e4n perusti <strong>Riviera Services Ltd:n<\/strong>, joka keskittyy \u00f6ljy- ja kaasuinfrastruktuuriin, sek\u00e4 <strong>Lead and Change Consultingin<\/strong>, joka tarjoaa johdon valmennusta ja organisaatioiden suorituskyvyn neuvontapalveluita.<\/p>\n<p>H\u00e4nen panoksensa ulottuvat Rotaryn ulkopuolelle. Babalola tukee <strong>Rotarys\u00e4\u00e4ti\u00f6t\u00e4<\/strong> Arch Klumph Societyn j\u00e4senen\u00e4 ja nimettyn\u00e4 Endowmentin lahjoittajana, <strong>toimii ShelterBox UK:n edunvalvojana<\/strong> ja on <strong>Safe Blood Africa -projektin hallituksen j\u00e4sen<\/strong>. H\u00e4n on saanut useita palkintoja, kuten <strong>Africa Centennial Heroes Award<\/strong> -palkinnon, <strong>RI Service Above Self<\/strong> -palkinnon ja <strong>Regional Service Award for a Polio-Free World<\/strong> -palkinnon.<\/p>\n<p>[\/et_pb_text][\/et_pb_column_inner][\/et_pb_row_inner][et_pb_row_inner admin_label=&#8221;Rivi&#8221; _builder_version=&#8221;4.16&#8243; global_colors_info=&#8221;{}&#8221;][et_pb_column_inner saved_specialty_column_type=&#8221;2_3&#8243; _builder_version=&#8221;4.16&#8243; custom_padding=&#8221;|||&#8221; global_colors_info=&#8221;{}&#8221; custom_padding__hover=&#8221;|||&#8221;][et_pb_text admin_label=&#8221;Klubin vuositeema &#8211; Otsikko&#8221; _builder_version=&#8221;4.16&#8243; text_orientation=&#8221;center&#8221; global_colors_info=&#8221;{}&#8221;]<\/p>\n<h4>Houtskarin Rotaryklubin vuositeema<\/h4>\n<p>[\/et_pb_text][et_pb_text _builder_version=&#8221;4.16&#8243; global_colors_info=&#8221;{}&#8221;]<\/p>\n<p class=\"p1\"><span class=\"s1\">Oma klubimme keskittyy j\u00e4senten aktivoimiseen ja klubin julkisuuskuvan kehitt\u00e4miseen. Tahdomme tehd\u00e4 Rotaryn saavutukset n\u00e4kyv\u00e4mm\u00e4ksi. Aktivoidumme yh\u00e4 voimakkaammin nuorten ja heid\u00e4n perheidens\u00e4 suuntaan tukeaksemme heid\u00e4n kasvuaan kohti toimintakykyist\u00e4, hyvinvoivaa aikuisuutta.<\/span><\/p>\n<p>[\/et_pb_text][\/et_pb_column_inner][\/et_pb_row_inner][\/et_pb_column][et_pb_column type=&#8221;1_3&#8243; _builder_version=&#8221;4.16&#8243; custom_padding=&#8221;|||&#8221; global_colors_info=&#8221;{}&#8221; custom_padding__hover=&#8221;|||&#8221;][et_pb_sidebar area=&#8221;sidebar-1&#8243; module_class=&#8221;sivupalkki_sisalto&#8221; _builder_version=&#8221;4.16&#8243; locked=&#8221;on&#8221; global_colors_info=&#8221;{}&#8221;][\/et_pb_sidebar][\/et_pb_column][\/et_pb_section]<\/p>\n","protected":false},"excerpt":{"rendered":"<p>Vuositeema &nbsp; Rotary Internationalin vuositeema Rotary Internationalin presidentti Olayinka Hakeem Babalola on nimennyt presidenttivuotensa 2026-2027 teemaksi Create Lasting Inpact | Luo kest\u00e4v\u00e4\u00e4 vaikutusta | F\u00f6renas f\u00f6r att g\u00f6ra gott &#8221;Toivon ett\u00e4 me kaikki innostamme toisiamme toimimaan \u2013 tarkastelemaan ymp\u00e4rist\u00f6kysymyksi\u00e4, jotka vaikuttavat terveyteen ja hyvinvointiin ymp\u00e4ri maailmaa, ja tekem\u00e4\u00e4n voitavamme auttaaksemme.&#8221; Ammatiltaan Babalola on asianajaja ja [&hellip;]<\/p>\n","protected":false},"author":1,"featured_media":0,"parent":129,"menu_order":2,"comment_status":"closed","ping_status":"closed","template":"","meta":{"_acf_changed":false,"_et_pb_use_builder":"on","_et_pb_old_content":"","_et_gb_content_width":"","footnotes":""},"class_list":["post-138","page","type-page","status-publish","hentry"],"acf":[],"yoast_head":"<!-- This site is optimized with the Yoast SEO plugin v27.4 - https:\/\/yoast.com\/product\/yoast-seo-wordpress\/ -->\n<title>Vuositeema - Houtsk\u00e4rs Rotary klubb r.f.<\/title>\n<meta name=\"robots\" content=\"noindex, follow, max-snippet:-1, max-image-preview:large, max-video-preview:-1\" \/>\n<meta property=\"og:locale\" content=\"fi_FI\" \/>\n<meta property=\"og:type\" content=\"article\" \/>\n<meta property=\"og:title\" content=\"Vuositeema - Houtsk\u00e4rs Rotary klubb r.f.\" \/>\n<meta property=\"og:description\" content=\"Vuositeema &nbsp; Rotary Internationalin vuositeema Rotary Internationalin presidentti Olayinka Hakeem Babalola on nimennyt presidenttivuotensa 2026-2027 teemaksi Create Lasting Inpact | Luo kest\u00e4v\u00e4\u00e4 vaikutusta | F\u00f6renas f\u00f6r att g\u00f6ra gott &quot;Toivon ett\u00e4 me kaikki innostamme toisiamme toimimaan \u2013 tarkastelemaan ymp\u00e4rist\u00f6kysymyksi\u00e4, jotka vaikuttavat terveyteen ja hyvinvointiin ymp\u00e4ri maailmaa, ja tekem\u00e4\u00e4n voitavamme auttaaksemme.&quot; Ammatiltaan Babalola on asianajaja ja [&hellip;]\" \/>\n<meta property=\"og:url\" content=\"https:\/\/rotary.fi\/hrc\/keita-olemme\/vuositeema\/\" \/>\n<meta property=\"og:site_name\" content=\"Houtsk\u00e4rs Rotary klubb r.f.\" \/>\n<meta property=\"article:modified_time\" content=\"2026-04-19T12:48:16+00:00\" \/>\n<meta name=\"twitter:card\" content=\"summary_large_image\" \/>\n<meta name=\"twitter:label1\" content=\"Arvioitu lukuaika\" \/>\n\t<meta name=\"twitter:data1\" content=\"4 minuuttia\" \/>\n<script type=\"application\/ld+json\" class=\"yoast-schema-graph\">{\"@context\":\"https:\\\/\\\/schema.org\",\"@graph\":[{\"@type\":\"WebPage\",\"@id\":\"https:\\\/\\\/rotary.fi\\\/hrc\\\/keita-olemme\\\/vuositeema\\\/\",\"url\":\"https:\\\/\\\/rotary.fi\\\/hrc\\\/keita-olemme\\\/vuositeema\\\/\",\"name\":\"Vuositeema - Houtsk\u00e4rs Rotary klubb r.f.\",\"isPartOf\":{\"@id\":\"https:\\\/\\\/rotary.fi\\\/hrc\\\/#website\"},\"datePublished\":\"2018-08-10T11:01:44+00:00\",\"dateModified\":\"2026-04-19T12:48:16+00:00\",\"breadcrumb\":{\"@id\":\"https:\\\/\\\/rotary.fi\\\/hrc\\\/keita-olemme\\\/vuositeema\\\/#breadcrumb\"},\"inLanguage\":\"fi\",\"potentialAction\":[{\"@type\":\"ReadAction\",\"target\":[\"https:\\\/\\\/rotary.fi\\\/hrc\\\/keita-olemme\\\/vuositeema\\\/\"]}]},{\"@type\":\"BreadcrumbList\",\"@id\":\"https:\\\/\\\/rotary.fi\\\/hrc\\\/keita-olemme\\\/vuositeema\\\/#breadcrumb\",\"itemListElement\":[{\"@type\":\"ListItem\",\"position\":1,\"name\":\"Home\",\"item\":\"https:\\\/\\\/rotary.fi\\\/hrc\\\/\"},{\"@type\":\"ListItem\",\"position\":2,\"name\":\"Keit\u00e4 olemme\",\"item\":\"https:\\\/\\\/rotary.fi\\\/hrc\\\/keita-olemme\\\/\"},{\"@type\":\"ListItem\",\"position\":3,\"name\":\"Vuositeema\"}]},{\"@type\":\"WebSite\",\"@id\":\"https:\\\/\\\/rotary.fi\\\/hrc\\\/#website\",\"url\":\"https:\\\/\\\/rotary.fi\\\/hrc\\\/\",\"name\":\"Houtsk\u00e4rs Rotary klubb r.f.\",\"description\":\"Uusi Rotary klubisivusto\",\"potentialAction\":[{\"@type\":\"SearchAction\",\"target\":{\"@type\":\"EntryPoint\",\"urlTemplate\":\"https:\\\/\\\/rotary.fi\\\/hrc\\\/?s={search_term_string}\"},\"query-input\":{\"@type\":\"PropertyValueSpecification\",\"valueRequired\":true,\"valueName\":\"search_term_string\"}}],\"inLanguage\":\"fi\"}]}<\/script>\n<!-- \/ Yoast SEO plugin. -->","yoast_head_json":{"title":"Vuositeema - Houtsk\u00e4rs Rotary klubb r.f.","robots":{"index":"noindex","follow":"follow","max-snippet":"max-snippet:-1","max-image-preview":"max-image-preview:large","max-video-preview":"max-video-preview:-1"},"og_locale":"fi_FI","og_type":"article","og_title":"Vuositeema - Houtsk\u00e4rs Rotary klubb r.f.","og_description":"Vuositeema &nbsp; Rotary Internationalin vuositeema Rotary Internationalin presidentti Olayinka Hakeem Babalola on nimennyt presidenttivuotensa 2026-2027 teemaksi Create Lasting Inpact | Luo kest\u00e4v\u00e4\u00e4 vaikutusta | F\u00f6renas f\u00f6r att g\u00f6ra gott \"Toivon ett\u00e4 me kaikki innostamme toisiamme toimimaan \u2013 tarkastelemaan ymp\u00e4rist\u00f6kysymyksi\u00e4, jotka vaikuttavat terveyteen ja hyvinvointiin ymp\u00e4ri maailmaa, ja tekem\u00e4\u00e4n voitavamme auttaaksemme.\" Ammatiltaan Babalola on asianajaja ja [&hellip;]","og_url":"https:\/\/rotary.fi\/hrc\/keita-olemme\/vuositeema\/","og_site_name":"Houtsk\u00e4rs Rotary klubb r.f.","article_modified_time":"2026-04-19T12:48:16+00:00","twitter_card":"summary_large_image","twitter_misc":{"Arvioitu lukuaika":"4 minuuttia"},"schema":{"@context":"https:\/\/schema.org","@graph":[{"@type":"WebPage","@id":"https:\/\/rotary.fi\/hrc\/keita-olemme\/vuositeema\/","url":"https:\/\/rotary.fi\/hrc\/keita-olemme\/vuositeema\/","name":"Vuositeema - Houtsk\u00e4rs Rotary klubb r.f.","isPartOf":{"@id":"https:\/\/rotary.fi\/hrc\/#website"},"datePublished":"2018-08-10T11:01:44+00:00","dateModified":"2026-04-19T12:48:16+00:00","breadcrumb":{"@id":"https:\/\/rotary.fi\/hrc\/keita-olemme\/vuositeema\/#breadcrumb"},"inLanguage":"fi","potentialAction":[{"@type":"ReadAction","target":["https:\/\/rotary.fi\/hrc\/keita-olemme\/vuositeema\/"]}]},{"@type":"BreadcrumbList","@id":"https:\/\/rotary.fi\/hrc\/keita-olemme\/vuositeema\/#breadcrumb","itemListElement":[{"@type":"ListItem","position":1,"name":"Home","item":"https:\/\/rotary.fi\/hrc\/"},{"@type":"ListItem","position":2,"name":"Keit\u00e4 olemme","item":"https:\/\/rotary.fi\/hrc\/keita-olemme\/"},{"@type":"ListItem","position":3,"name":"Vuositeema"}]},{"@type":"WebSite","@id":"https:\/\/rotary.fi\/hrc\/#website","url":"https:\/\/rotary.fi\/hrc\/","name":"Houtsk\u00e4rs Rotary klubb r.f.","description":"Uusi Rotary klubisivusto","potentialAction":[{"@type":"SearchAction","target":{"@type":"EntryPoint","urlTemplate":"https:\/\/rotary.fi\/hrc\/?s={search_term_string}"},"query-input":{"@type":"PropertyValueSpecification","valueRequired":true,"valueName":"search_term_string"}}],"inLanguage":"fi"}]}},"lang":"fi","translations":{"fi":138,"en":1430,"sv":1573},"pll_sync_post":[],"_links":{"self":[{"href":"https:\/\/rotary.fi\/hrc\/wp-json\/wp\/v2\/pages\/138","targetHints":{"allow":["GET"]}}],"collection":[{"href":"https:\/\/rotary.fi\/hrc\/wp-json\/wp\/v2\/pages"}],"about":[{"href":"https:\/\/rotary.fi\/hrc\/wp-json\/wp\/v2\/types\/page"}],"author":[{"embeddable":true,"href":"https:\/\/rotary.fi\/hrc\/wp-json\/wp\/v2\/users\/1"}],"replies":[{"embeddable":true,"href":"https:\/\/rotary.fi\/hrc\/wp-json\/wp\/v2\/comments?post=138"}],"version-history":[{"count":8,"href":"https:\/\/rotary.fi\/hrc\/wp-json\/wp\/v2\/pages\/138\/revisions"}],"predecessor-version":[{"id":1932,"href":"https:\/\/rotary.fi\/hrc\/wp-json\/wp\/v2\/pages\/138\/revisions\/1932"}],"up":[{"embeddable":true,"href":"https:\/\/rotary.fi\/hrc\/wp-json\/wp\/v2\/pages\/129"}],"wp:attachment":[{"href":"https:\/\/rotary.fi\/hrc\/wp-json\/wp\/v2\/media?parent=138"}],"curies":[{"name":"wp","href":"https:\/\/api.w.org\/{rel}","templated":true}]}}