{"id":77,"date":"2018-08-09T14:01:56","date_gmt":"2018-08-09T11:01:56","guid":{"rendered":"https:\/\/rotary.fi\/klubi2\/?page_id=77"},"modified":"2025-01-08T15:26:56","modified_gmt":"2025-01-08T13:26:56","slug":"mita-teemme","status":"publish","type":"page","link":"https:\/\/rotary.fi\/hollola-salpakangas\/mita-teemme\/","title":{"rendered":"Mit\u00e4 teemme"},"content":{"rendered":"<p>[et_pb_section fb_built=&#8221;1&#8243; module_class=&#8221;jumbotron-page&#8221; _builder_version=&#8221;4.16&#8243; background_image=&#8221;https:\/\/rotary.fi\/hollola-salpakangas\/wp-content\/uploads\/sites\/229\/2018\/08\/rotary_klubit_alasivu_paakuva_3.jpg&#8221; global_colors_info=&#8221;{}&#8221;][et_pb_row _builder_version=&#8221;4.16&#8243; background_size=&#8221;initial&#8221; background_position=&#8221;top_left&#8221; background_repeat=&#8221;repeat&#8221; global_colors_info=&#8221;{}&#8221;][et_pb_column type=&#8221;4_4&#8243; _builder_version=&#8221;4.16&#8243; custom_padding=&#8221;|||&#8221; global_colors_info=&#8221;{}&#8221; custom_padding__hover=&#8221;|||&#8221;][et_pb_text admin_label=&#8221;P\u00e4\u00e4otsikko&#8221; _builder_version=&#8221;4.16&#8243; text_orientation=&#8221;center&#8221; background_layout=&#8221;dark&#8221; global_colors_info=&#8221;{}&#8221;]<\/p>\n<h1>Mit\u00e4 teemme<\/h1>\n<p>[\/et_pb_text][\/et_pb_column][\/et_pb_row][\/et_pb_section][et_pb_section fb_built=&#8221;1&#8243; specialty=&#8221;on&#8221; module_class_2=&#8221;sivupalkki&#8221; _builder_version=&#8221;4.16&#8243; global_colors_info=&#8221;{}&#8221;][et_pb_column type=&#8221;2_3&#8243; specialty_columns=&#8221;2&#8243; _builder_version=&#8221;4.16&#8243; custom_padding=&#8221;|||&#8221; global_colors_info=&#8221;{}&#8221; custom_padding__hover=&#8221;|||&#8221;][et_pb_row_inner admin_label=&#8221;Rivi&#8221; _builder_version=&#8221;4.16&#8243; global_colors_info=&#8221;{}&#8221;][et_pb_column_inner saved_specialty_column_type=&#8221;2_3&#8243; _builder_version=&#8221;4.16&#8243; custom_padding=&#8221;|||&#8221; global_colors_info=&#8221;{}&#8221; custom_padding__hover=&#8221;|||&#8221;][et_pb_text admin_label=&#8221;Otsikko&#8221; _builder_version=&#8221;4.16&#8243; text_orientation=&#8221;center&#8221; global_colors_info=&#8221;{}&#8221;]<\/p>\n<h1>Mit\u00e4 teemme<\/h1>\n<p>[\/et_pb_text][et_pb_text admin_label=&#8221;Teksti&#8221; _builder_version=&#8221;4.27.0&#8243; global_colors_info=&#8221;{}&#8221;]<\/p>\n<p>Rotarina sinulla on mahdollisuus toimia, vaikuttaa ja tehd\u00e4 hyv\u00e4\u00e4. Lis\u00e4ksi saat mahtavan sosiaalisen verkoston ja elinik\u00e4isi\u00e4 yst\u00e4vi\u00e4 niin kotipaikkakunnaltasi kuin maailmanlaajuisesti. Voit my\u00f6s verkottua oman harrastuksesi jakavien muiden rotareiden kanssa rotareiden moninaisissa kansainv\u00e4lisiss\u00e4 harrastusryhmiss\u00e4.<\/p>\n<p>Rotaryklubit kokoontuvat joko viikoittain tai rotaryklubin harkinnan mukaisesti harvemmin. Toteutamme palveluprojekteja ja tuemme humanitaarisia projekteja koordinoivaa Rotarys\u00e4\u00e4ti\u00f6t\u00e4. Saamme viikkokokouksissamme kuulla mielenkiintoisia esitelmi\u00e4. Koulutamme j\u00e4seni\u00e4mme eri teht\u00e4viss\u00e4 toimimisen kautta ja kehit\u00e4mme heid\u00e4n eettist\u00e4 johtajuuttaan.<\/p>\n<p>Haluamme rotareina vaikuttaa ajankohtaisiin haasteisiin. Tartumme toimeen pysyvien muutosten aikaansaamiseksi \u2013 ymp\u00e4ri maapalloa, yhteis\u00f6iss\u00e4mme ja itsess\u00e4mme.<\/p>\n<p>Rotaryt toimivat heti: Ukrainan tilanteen johdosta piiriprojektina Lahdessa rotaryt tekiv\u00e4t 25.000 euron ja lis\u00e4ksi yksitt\u00e4isten klubien kautta tuhansien eurojen projekteja auttaaksemme konkreettiseseti Lahden seudun ukrainalaisia. Yksitt\u00e4iset lahjoittajat ehtiv\u00e4t ruotsalaisten ja suomalaisten yhteisty\u00f6n\u00e4 ker\u00e4t\u00e4 ja j\u00e4rjest\u00e4\u00e4 apua paikallisille siviileille kriisiapuna. On t\u00e4rke\u00e4 toimia paikallisesti ja ajatella globaalisti.<\/p>\n<p>Pienemm\u00e4ss\u00e4 mittakaavassa teemme ty\u00f6t\u00e4 my\u00f6s ymp\u00e4rist\u00f6n hyv\u00e4ksi. Lahden seudulla j\u00e4rjestettiin Vesij\u00e4rven hyv\u00e4ksi yhteisty\u00f6seminaari ja my\u00f6s Lahden seudun kouluille ja harrastusj\u00e4rjest\u00f6ille, Hollolassa partiolaisille, on lahjoitettu l\u00e4hivesien tutkimiseen tarkoitettuja vesireppuja. Hollolan koulut saivat Vesireppuja, joissa on my\u00f6s \u00f6t\u00f6kk\u00e4- ja kalamoduuli. Vesireppujen v\u00e4lineill\u00e4 voidaan mitata veden ominaisuuksia kuten happipitoisuus, ph, ravinteet, bakteerit, &#8230; . Mittaustulokset voidaan l\u00e4hett\u00e4\u00e4 Suomen ymp\u00e4rist\u00f6keskuksen yll\u00e4pit\u00e4m\u00e4\u00e4n J\u00e4rvi-meri Wikiin. Reput on suunniteltu ymp\u00e4rist\u00f6keskuksen kanssa yhteisty\u00f6ss\u00e4 ja soveltuvat jo alakouluik\u00e4isille.\u00a0<\/p>\n<p>H\u00e4d\u00e4nalaisten, vammaisten, v\u00e4h\u00e4varaisten auttamiseksi ja sairauksien kitkemiseksi on tehty aina ty\u00f6t\u00e4, ja sit\u00e4 ty\u00f6t\u00e4 on tarkoitus jatkaa. Hollola on osallistunut paikalliseen Joulupuu- ker\u00e4ykseen v\u00e4h\u00e4varaisten hyv\u00e4ksi, tukee kummilasta Etiopiassa ja on osallistunut Global Grant -projekteihin mm. sairaalas\u00e4nkyjen hankkimiseksi Argentiinaan sek\u00e4 IT-tarvikkeiden hankkimiseksi Gambian kouluihin. Halu auttaa ja halu toimia on t\u00e4rke\u00e4 osa rotarytoimintaa, ja jokainen voi l\u00f6yt\u00e4\u00e4 oman palvelupolkunsa. Olemme tehneet pitk\u00e4\u00e4n lahjoituksia polion h\u00e4vitt\u00e4miseksi maailmasta. Afganistanissa ja Pakistanissa on edelleen poliota, koska rokottaminen siell\u00e4 on ollut hankalaa. Rokottamisen tukea on jatkettava. Polio on h\u00e4vitett\u00e4v\u00e4 kokonaan, jotta se ei levi\u00e4isi.<\/p>\n<p>Uusimpana toimintamuotona on Rotakids. Olemme j\u00e4rjest\u00e4neet Euroopan liikuntaviikolla Patikkapolku-tapahtumia V\u00e4h\u00e4-Tiilij\u00e4rven ymp\u00e4ri, esitelleet Vesireppua ja vesist\u00f6tutkimuksen tilaa sek\u00e4 edist\u00e4neet Lukuviikolla kirjastossa lasten ja perheiden intoa lukea.<\/p>\n<p>Tuemme my\u00f6s Kankaan koulun etappiluokkien oppilaiden arjenhallintataitojen ja sosiaalistumisen aktiviteetteja, ja saamme tukeen apua my\u00f6s maailmanlaajuisesta Rotarys\u00e4\u00e4ti\u00f6st\u00e4.<\/p>\n<p>Tervetuloa mukaan toimintaan!<\/p>\n<p>&nbsp;<\/p>\n<p>&nbsp;<\/p>\n<p>&nbsp;<\/p>\n<p>&nbsp;<\/p>\n<p>[\/et_pb_text][\/et_pb_column_inner][\/et_pb_row_inner][\/et_pb_column][et_pb_column type=&#8221;1_3&#8243; _builder_version=&#8221;4.16&#8243; custom_padding=&#8221;|||&#8221; global_colors_info=&#8221;{}&#8221; custom_padding__hover=&#8221;|||&#8221;][et_pb_sidebar area=&#8221;sidebar-1&#8243; module_class=&#8221;sivupalkki_sisalto&#8221; _builder_version=&#8221;4.16&#8243; locked=&#8221;on&#8221; global_colors_info=&#8221;{}&#8221;][\/et_pb_sidebar][\/et_pb_column][\/et_pb_section]<\/p>\n","protected":false},"excerpt":{"rendered":"<p>Mit\u00e4 teemme Mit\u00e4 teemme Rotarina sinulla on mahdollisuus toimia, vaikuttaa ja tehd\u00e4 hyv\u00e4\u00e4. Lis\u00e4ksi saat mahtavan sosiaalisen verkoston ja elinik\u00e4isi\u00e4 yst\u00e4vi\u00e4 niin kotipaikkakunnaltasi kuin maailmanlaajuisesti. Voit my\u00f6s verkottua oman harrastuksesi jakavien muiden rotareiden kanssa rotareiden moninaisissa kansainv\u00e4lisiss\u00e4 harrastusryhmiss\u00e4. Rotaryklubit kokoontuvat joko viikoittain tai rotaryklubin harkinnan mukaisesti harvemmin. Toteutamme palveluprojekteja ja tuemme humanitaarisia projekteja koordinoivaa Rotarys\u00e4\u00e4ti\u00f6t\u00e4. [&hellip;]<\/p>\n","protected":false},"author":1,"featured_media":0,"parent":0,"menu_order":0,"comment_status":"closed","ping_status":"closed","template":"","meta":{"_acf_changed":false,"_et_pb_use_builder":"on","_et_pb_old_content":"","_et_gb_content_width":"","footnotes":""},"class_list":["post-77","page","type-page","status-publish","hentry"],"acf":[],"yoast_head":"<!-- This site is optimized with the Yoast SEO plugin v27.4 - https:\/\/yoast.com\/product\/yoast-seo-wordpress\/ -->\n<title>Mit\u00e4 teemme - Hollola-Salpakangas Rotaryklubi<\/title>\n<meta name=\"robots\" content=\"index, follow, max-snippet:-1, max-image-preview:large, max-video-preview:-1\" \/>\n<link rel=\"canonical\" href=\"https:\/\/rotary.fi\/hollola-salpakangas\/mita-teemme\/\" \/>\n<meta property=\"og:locale\" content=\"fi_FI\" \/>\n<meta property=\"og:type\" content=\"article\" \/>\n<meta property=\"og:title\" content=\"Mit\u00e4 teemme - Hollola-Salpakangas Rotaryklubi\" \/>\n<meta property=\"og:description\" content=\"Mit\u00e4 teemme Mit\u00e4 teemme Rotarina sinulla on mahdollisuus toimia, vaikuttaa ja tehd\u00e4 hyv\u00e4\u00e4. Lis\u00e4ksi saat mahtavan sosiaalisen verkoston ja elinik\u00e4isi\u00e4 yst\u00e4vi\u00e4 niin kotipaikkakunnaltasi kuin maailmanlaajuisesti. Voit my\u00f6s verkottua oman harrastuksesi jakavien muiden rotareiden kanssa rotareiden moninaisissa kansainv\u00e4lisiss\u00e4 harrastusryhmiss\u00e4. Rotaryklubit kokoontuvat joko viikoittain tai rotaryklubin harkinnan mukaisesti harvemmin. Toteutamme palveluprojekteja ja tuemme humanitaarisia projekteja koordinoivaa Rotarys\u00e4\u00e4ti\u00f6t\u00e4. [&hellip;]\" \/>\n<meta property=\"og:url\" content=\"https:\/\/rotary.fi\/hollola-salpakangas\/mita-teemme\/\" \/>\n<meta property=\"og:site_name\" content=\"Hollola-Salpakangas Rotaryklubi\" \/>\n<meta property=\"article:modified_time\" content=\"2025-01-08T13:26:56+00:00\" \/>\n<meta name=\"twitter:card\" content=\"summary_large_image\" \/>\n<meta name=\"twitter:label1\" content=\"Arvioitu lukuaika\" \/>\n\t<meta name=\"twitter:data1\" content=\"4 minuuttia\" \/>\n<script type=\"application\/ld+json\" class=\"yoast-schema-graph\">{\"@context\":\"https:\\\/\\\/schema.org\",\"@graph\":[{\"@type\":\"WebPage\",\"@id\":\"https:\\\/\\\/rotary.fi\\\/hollola-salpakangas\\\/mita-teemme\\\/\",\"url\":\"https:\\\/\\\/rotary.fi\\\/hollola-salpakangas\\\/mita-teemme\\\/\",\"name\":\"Mit\u00e4 teemme - Hollola-Salpakangas Rotaryklubi\",\"isPartOf\":{\"@id\":\"https:\\\/\\\/rotary.fi\\\/hollola-salpakangas\\\/#website\"},\"datePublished\":\"2018-08-09T11:01:56+00:00\",\"dateModified\":\"2025-01-08T13:26:56+00:00\",\"breadcrumb\":{\"@id\":\"https:\\\/\\\/rotary.fi\\\/hollola-salpakangas\\\/mita-teemme\\\/#breadcrumb\"},\"inLanguage\":\"fi\",\"potentialAction\":[{\"@type\":\"ReadAction\",\"target\":[\"https:\\\/\\\/rotary.fi\\\/hollola-salpakangas\\\/mita-teemme\\\/\"]}]},{\"@type\":\"BreadcrumbList\",\"@id\":\"https:\\\/\\\/rotary.fi\\\/hollola-salpakangas\\\/mita-teemme\\\/#breadcrumb\",\"itemListElement\":[{\"@type\":\"ListItem\",\"position\":1,\"name\":\"Home\",\"item\":\"https:\\\/\\\/rotary.fi\\\/hollola-salpakangas\\\/\"},{\"@type\":\"ListItem\",\"position\":2,\"name\":\"Mit\u00e4 teemme\"}]},{\"@type\":\"WebSite\",\"@id\":\"https:\\\/\\\/rotary.fi\\\/hollola-salpakangas\\\/#website\",\"url\":\"https:\\\/\\\/rotary.fi\\\/hollola-salpakangas\\\/\",\"name\":\"Hollola-Salpakangas Rotaryklubi\",\"description\":\"Uusi Rotary klubisivusto\",\"potentialAction\":[{\"@type\":\"SearchAction\",\"target\":{\"@type\":\"EntryPoint\",\"urlTemplate\":\"https:\\\/\\\/rotary.fi\\\/hollola-salpakangas\\\/?s={search_term_string}\"},\"query-input\":{\"@type\":\"PropertyValueSpecification\",\"valueRequired\":true,\"valueName\":\"search_term_string\"}}],\"inLanguage\":\"fi\"}]}<\/script>\n<!-- \/ Yoast SEO plugin. -->","yoast_head_json":{"title":"Mit\u00e4 teemme - Hollola-Salpakangas Rotaryklubi","robots":{"index":"index","follow":"follow","max-snippet":"max-snippet:-1","max-image-preview":"max-image-preview:large","max-video-preview":"max-video-preview:-1"},"canonical":"https:\/\/rotary.fi\/hollola-salpakangas\/mita-teemme\/","og_locale":"fi_FI","og_type":"article","og_title":"Mit\u00e4 teemme - Hollola-Salpakangas Rotaryklubi","og_description":"Mit\u00e4 teemme Mit\u00e4 teemme Rotarina sinulla on mahdollisuus toimia, vaikuttaa ja tehd\u00e4 hyv\u00e4\u00e4. Lis\u00e4ksi saat mahtavan sosiaalisen verkoston ja elinik\u00e4isi\u00e4 yst\u00e4vi\u00e4 niin kotipaikkakunnaltasi kuin maailmanlaajuisesti. Voit my\u00f6s verkottua oman harrastuksesi jakavien muiden rotareiden kanssa rotareiden moninaisissa kansainv\u00e4lisiss\u00e4 harrastusryhmiss\u00e4. Rotaryklubit kokoontuvat joko viikoittain tai rotaryklubin harkinnan mukaisesti harvemmin. Toteutamme palveluprojekteja ja tuemme humanitaarisia projekteja koordinoivaa Rotarys\u00e4\u00e4ti\u00f6t\u00e4. [&hellip;]","og_url":"https:\/\/rotary.fi\/hollola-salpakangas\/mita-teemme\/","og_site_name":"Hollola-Salpakangas Rotaryklubi","article_modified_time":"2025-01-08T13:26:56+00:00","twitter_card":"summary_large_image","twitter_misc":{"Arvioitu lukuaika":"4 minuuttia"},"schema":{"@context":"https:\/\/schema.org","@graph":[{"@type":"WebPage","@id":"https:\/\/rotary.fi\/hollola-salpakangas\/mita-teemme\/","url":"https:\/\/rotary.fi\/hollola-salpakangas\/mita-teemme\/","name":"Mit\u00e4 teemme - Hollola-Salpakangas Rotaryklubi","isPartOf":{"@id":"https:\/\/rotary.fi\/hollola-salpakangas\/#website"},"datePublished":"2018-08-09T11:01:56+00:00","dateModified":"2025-01-08T13:26:56+00:00","breadcrumb":{"@id":"https:\/\/rotary.fi\/hollola-salpakangas\/mita-teemme\/#breadcrumb"},"inLanguage":"fi","potentialAction":[{"@type":"ReadAction","target":["https:\/\/rotary.fi\/hollola-salpakangas\/mita-teemme\/"]}]},{"@type":"BreadcrumbList","@id":"https:\/\/rotary.fi\/hollola-salpakangas\/mita-teemme\/#breadcrumb","itemListElement":[{"@type":"ListItem","position":1,"name":"Home","item":"https:\/\/rotary.fi\/hollola-salpakangas\/"},{"@type":"ListItem","position":2,"name":"Mit\u00e4 teemme"}]},{"@type":"WebSite","@id":"https:\/\/rotary.fi\/hollola-salpakangas\/#website","url":"https:\/\/rotary.fi\/hollola-salpakangas\/","name":"Hollola-Salpakangas Rotaryklubi","description":"Uusi Rotary klubisivusto","potentialAction":[{"@type":"SearchAction","target":{"@type":"EntryPoint","urlTemplate":"https:\/\/rotary.fi\/hollola-salpakangas\/?s={search_term_string}"},"query-input":{"@type":"PropertyValueSpecification","valueRequired":true,"valueName":"search_term_string"}}],"inLanguage":"fi"}]}},"lang":"fi","translations":{"fi":77,"en":1447},"pll_sync_post":[],"_links":{"self":[{"href":"https:\/\/rotary.fi\/hollola-salpakangas\/wp-json\/wp\/v2\/pages\/77","targetHints":{"allow":["GET"]}}],"collection":[{"href":"https:\/\/rotary.fi\/hollola-salpakangas\/wp-json\/wp\/v2\/pages"}],"about":[{"href":"https:\/\/rotary.fi\/hollola-salpakangas\/wp-json\/wp\/v2\/types\/page"}],"author":[{"embeddable":true,"href":"https:\/\/rotary.fi\/hollola-salpakangas\/wp-json\/wp\/v2\/users\/1"}],"replies":[{"embeddable":true,"href":"https:\/\/rotary.fi\/hollola-salpakangas\/wp-json\/wp\/v2\/comments?post=77"}],"version-history":[{"count":10,"href":"https:\/\/rotary.fi\/hollola-salpakangas\/wp-json\/wp\/v2\/pages\/77\/revisions"}],"predecessor-version":[{"id":2506,"href":"https:\/\/rotary.fi\/hollola-salpakangas\/wp-json\/wp\/v2\/pages\/77\/revisions\/2506"}],"wp:attachment":[{"href":"https:\/\/rotary.fi\/hollola-salpakangas\/wp-json\/wp\/v2\/media?parent=77"}],"curies":[{"name":"wp","href":"https:\/\/api.w.org\/{rel}","templated":true}]}}