{"id":156,"date":"2018-08-13T09:46:59","date_gmt":"2018-08-13T06:46:59","guid":{"rendered":"https:\/\/rotary.fi\/hollola-salpakangas\/?page_id=156"},"modified":"2024-09-24T20:06:32","modified_gmt":"2024-09-24T17:06:32","slug":"projektit","status":"publish","type":"page","link":"https:\/\/rotary.fi\/hollola-salpakangas\/mita-teemme\/projektit\/","title":{"rendered":"Projektit"},"content":{"rendered":"<p>[et_pb_section fb_built=&#8221;1&#8243; module_class=&#8221;jumbotron-page&#8221; _builder_version=&#8221;4.16&#8243; background_image=&#8221;https:\/\/rotary.fi\/hollola-salpakangas\/wp-content\/uploads\/sites\/229\/2018\/08\/rotary_klubit_alasivu_paakuva_5.jpg&#8221; global_colors_info=&#8221;{}&#8221;][et_pb_row _builder_version=&#8221;4.16&#8243; background_size=&#8221;initial&#8221; background_position=&#8221;top_left&#8221; background_repeat=&#8221;repeat&#8221; global_colors_info=&#8221;{}&#8221;][et_pb_column type=&#8221;4_4&#8243; _builder_version=&#8221;4.16&#8243; custom_padding=&#8221;|||&#8221; global_colors_info=&#8221;{}&#8221; custom_padding__hover=&#8221;|||&#8221;][et_pb_text admin_label=&#8221;P\u00e4\u00e4otsikko&#8221; _builder_version=&#8221;4.16&#8243; text_orientation=&#8221;center&#8221; background_layout=&#8221;dark&#8221; global_colors_info=&#8221;{}&#8221;]<\/p>\n<h1>Projektit<\/h1>\n<p>[\/et_pb_text][\/et_pb_column][\/et_pb_row][\/et_pb_section][et_pb_section fb_built=&#8221;1&#8243; specialty=&#8221;on&#8221; module_class_2=&#8221;sivupalkki&#8221; _builder_version=&#8221;4.16&#8243; width=&#8221;98.8%&#8221; global_colors_info=&#8221;{}&#8221;][et_pb_column type=&#8221;2_3&#8243; specialty_columns=&#8221;2&#8243; _builder_version=&#8221;4.16&#8243; custom_padding=&#8221;|||&#8221; global_colors_info=&#8221;{}&#8221; parallax__hover=&#8221;off&#8221; parallax_method__hover=&#8221;on&#8221; custom_padding__hover=&#8221;|||&#8221;][et_pb_row_inner admin_label=&#8221;Rivi&#8221; _builder_version=&#8221;4.16&#8243; global_colors_info=&#8221;{}&#8221;][et_pb_column_inner saved_specialty_column_type=&#8221;2_3&#8243; _builder_version=&#8221;4.16&#8243; custom_padding=&#8221;|||&#8221; global_colors_info=&#8221;{}&#8221; parallax__hover=&#8221;off&#8221; parallax_method__hover=&#8221;on&#8221; custom_padding__hover=&#8221;|||&#8221;][et_pb_text admin_label=&#8221;Projektit &#8211; Otsikko&#8221; _builder_version=&#8221;4.16&#8243; text_orientation=&#8221;center&#8221; global_colors_info=&#8221;{}&#8221;]<\/p>\n<h1>Projektit<\/h1>\n<p>[\/et_pb_text][et_pb_text _builder_version=&#8221;4.16&#8243; custom_padding=&#8221;||1px|||&#8221; global_colors_info=&#8221;{}&#8221;]<\/p>\n<p>Rotary on palveluj\u00e4rjest\u00f6. Toimimme tunnuslauseemme Palvelu itsekkyyden edelle (Service above self) mukaisesti paikallisesti ja maailmanlaajuisesti. Kansainv\u00e4linen humanit\u00e4\u00e4rinen palvelumme toteutuu Rotarys\u00e4\u00e4ti\u00f6mme koordinoimana ja hyv\u00e4ksyttyjen kumppaneiden kanssa.<\/p>\n<p><b>Osallistumme paikallisesti \u00a0Joulupuu-projektiin, jossa ker\u00e4t\u00e4\u00e4n v\u00e4h\u00e4varaisille joululahjoja. Ker\u00e4yslippaat toimitetaan K-kauppaan Salpakankaalle ja lis\u00e4ksi tehd\u00e4\u00e4n yhteisty\u00f6t\u00e4. Yritysyhteisty\u00f6kumppaneita haetaan mukaan. Mukana on Lahden seudun rotarit ja Nuorkauppakamari. Perinteisen joulukuusen ja konkreettisten lahjojen sijaan voi lahjoittaa rahana, ja ostaa lahjakortteja. Yhteisty\u00f6kumppanina k\u00e4ytet\u00e4\u00e4n soten osaajia, jotka etsiv\u00e4t v\u00e4h\u00e4varaisia lapsia ja nuoria, joille lahjat toimitetaan. Perinteisten lahjapuiden k\u00e4yt\u00f6st\u00e4 luovuttiin, aiemmin oli oikea joulukuusi ja oksilla toiveita ja toiveista voi ottaa kukin oman toiveen.<\/b><\/p>\n<p><strong>Osallistumme Global grand -projekteihin, jotka ovat yhteisi\u00e4 rotareille sek\u00e4 piirin projekteihin. Argentiinan sairaalas\u00e4nkyprojekti oli ideoitu Hollolassa, ja toteutettu yhteisty\u00f6ss\u00e4, viime kaudella projektina oli Gampian auttaminen.<\/strong><\/p>\n<p><strong> Klubillamme on my\u00f6s afrikkalainen kummilapsi, jota oleme tukeneet kymmenien vuosien ajan ja t\u00e4ll\u00e4 hetkell\u00e4 h\u00e4n opiskelee.<\/strong><strong><\/strong><strong><\/strong><\/p>\n<p>Osallistumme my\u00f6s piirin projekteihin, ja tuemme rahallisesti piirin toimintaa. Piiriss\u00e4mme on keskitytty Ukrainan auttamiseen. Samoin haluamme tukea rotareille t\u00e4rke\u00e4n projektin, polion ehk\u00e4isemisess\u00e4 t\u00e4ss\u00e4 maailmantilanteessa.<strong><\/strong><\/p>\n<p>Rotarit tekee hyv\u00e4ntekev\u00e4isyytt\u00e4 sek\u00e4 paikallisesti ett\u00e4 kansainv\u00e4lisesti.\u00a0<\/p>\n<p>Rotarit tekee my\u00f6s ty\u00f6t\u00e4 ymp\u00e4rist\u00f6n ja ymp\u00e4rist\u00f6kasvatuksen hyv\u00e4ksi, lahjoitimme partiolaisille vesireppuja vesitutkimuksen ja ymp\u00e4rist\u00f6kasvatuksen edist\u00e4miseen. My\u00f6s kaikki voi osallistua, repun tai reagensseja voi ostaa itselleen, ja\u00a0 ilmoittaa j\u00e4rviwikiin tulokset vaikka l\u00e4hivesist\u00f6n tilasta. T\u00e4n\u00e4 vuonna teema on ajankohtainen Holllolassa, eli levien havainnointi ja tutkimus.<\/p>\n<p>Lahden seudun rotarit ovat my\u00f6s t\u00e4n\u00e4 vuonna yhdess\u00e4 osallistuneet Lahden Mukkulan rotarypuiston puiden istutukseen 50 puuntaimen osalta.\u00a0<\/p>\n<p>&nbsp;<\/p>\n<p><strong><\/strong><\/p>\n<p><strong><\/strong><\/p>\n<p><strong><\/strong><\/p>\n<p><strong><\/strong><\/p>\n<p>[\/et_pb_text][\/et_pb_column_inner][\/et_pb_row_inner][\/et_pb_column][et_pb_column type=&#8221;1_3&#8243; module_class=&#8221;sivupalkki&#8221; _builder_version=&#8221;4.16&#8243; custom_padding=&#8221;|||&#8221; global_colors_info=&#8221;{}&#8221; parallax__hover=&#8221;off&#8221; parallax_method__hover=&#8221;on&#8221; module_class__hover=&#8221;sivupalkki&#8221; custom_padding__hover=&#8221;|||&#8221;][et_pb_sidebar area=&#8221;sidebar-1&#8243; module_class=&#8221;sivupalkki_sisalto&#8221; _builder_version=&#8221;4.16&#8243; locked=&#8221;on&#8221; global_colors_info=&#8221;{}&#8221;][\/et_pb_sidebar][\/et_pb_column][\/et_pb_section]<\/p>\n","protected":false},"excerpt":{"rendered":"<p>Projektit Projektit Rotary on palveluj\u00e4rjest\u00f6. Toimimme tunnuslauseemme Palvelu itsekkyyden edelle (Service above self) mukaisesti paikallisesti ja maailmanlaajuisesti. Kansainv\u00e4linen humanit\u00e4\u00e4rinen palvelumme toteutuu Rotarys\u00e4\u00e4ti\u00f6mme koordinoimana ja hyv\u00e4ksyttyjen kumppaneiden kanssa. Osallistumme paikallisesti \u00a0Joulupuu-projektiin, jossa ker\u00e4t\u00e4\u00e4n v\u00e4h\u00e4varaisille joululahjoja. Ker\u00e4yslippaat toimitetaan K-kauppaan Salpakankaalle ja lis\u00e4ksi tehd\u00e4\u00e4n yhteisty\u00f6t\u00e4. Yritysyhteisty\u00f6kumppaneita haetaan mukaan. Mukana on Lahden seudun rotarit ja Nuorkauppakamari. Perinteisen joulukuusen ja [&hellip;]<\/p>\n","protected":false},"author":1,"featured_media":0,"parent":77,"menu_order":0,"comment_status":"closed","ping_status":"closed","template":"","meta":{"_acf_changed":false,"_et_pb_use_builder":"on","_et_pb_old_content":"","_et_gb_content_width":"","footnotes":""},"class_list":["post-156","page","type-page","status-publish","hentry"],"acf":[],"yoast_head":"<!-- This site is optimized with the Yoast SEO plugin v27.4 - https:\/\/yoast.com\/product\/yoast-seo-wordpress\/ -->\n<title>Projektit - Hollola-Salpakangas Rotaryklubi<\/title>\n<meta name=\"robots\" content=\"index, follow, max-snippet:-1, max-image-preview:large, max-video-preview:-1\" \/>\n<link rel=\"canonical\" href=\"https:\/\/rotary.fi\/hollola-salpakangas\/mita-teemme\/projektit\/\" \/>\n<meta property=\"og:locale\" content=\"fi_FI\" \/>\n<meta property=\"og:type\" content=\"article\" \/>\n<meta property=\"og:title\" content=\"Projektit - Hollola-Salpakangas Rotaryklubi\" \/>\n<meta property=\"og:description\" content=\"Projektit Projektit Rotary on palveluj\u00e4rjest\u00f6. Toimimme tunnuslauseemme Palvelu itsekkyyden edelle (Service above self) mukaisesti paikallisesti ja maailmanlaajuisesti. Kansainv\u00e4linen humanit\u00e4\u00e4rinen palvelumme toteutuu Rotarys\u00e4\u00e4ti\u00f6mme koordinoimana ja hyv\u00e4ksyttyjen kumppaneiden kanssa. Osallistumme paikallisesti \u00a0Joulupuu-projektiin, jossa ker\u00e4t\u00e4\u00e4n v\u00e4h\u00e4varaisille joululahjoja. Ker\u00e4yslippaat toimitetaan K-kauppaan Salpakankaalle ja lis\u00e4ksi tehd\u00e4\u00e4n yhteisty\u00f6t\u00e4. Yritysyhteisty\u00f6kumppaneita haetaan mukaan. Mukana on Lahden seudun rotarit ja Nuorkauppakamari. Perinteisen joulukuusen ja [&hellip;]\" \/>\n<meta property=\"og:url\" content=\"https:\/\/rotary.fi\/hollola-salpakangas\/mita-teemme\/projektit\/\" \/>\n<meta property=\"og:site_name\" content=\"Hollola-Salpakangas Rotaryklubi\" \/>\n<meta property=\"article:modified_time\" content=\"2024-09-24T17:06:32+00:00\" \/>\n<meta name=\"twitter:card\" content=\"summary_large_image\" \/>\n<meta name=\"twitter:label1\" content=\"Arvioitu lukuaika\" \/>\n\t<meta name=\"twitter:data1\" content=\"3 minuuttia\" \/>\n<script type=\"application\/ld+json\" class=\"yoast-schema-graph\">{\"@context\":\"https:\\\/\\\/schema.org\",\"@graph\":[{\"@type\":\"WebPage\",\"@id\":\"https:\\\/\\\/rotary.fi\\\/hollola-salpakangas\\\/mita-teemme\\\/projektit\\\/\",\"url\":\"https:\\\/\\\/rotary.fi\\\/hollola-salpakangas\\\/mita-teemme\\\/projektit\\\/\",\"name\":\"Projektit - Hollola-Salpakangas Rotaryklubi\",\"isPartOf\":{\"@id\":\"https:\\\/\\\/rotary.fi\\\/hollola-salpakangas\\\/#website\"},\"datePublished\":\"2018-08-13T06:46:59+00:00\",\"dateModified\":\"2024-09-24T17:06:32+00:00\",\"breadcrumb\":{\"@id\":\"https:\\\/\\\/rotary.fi\\\/hollola-salpakangas\\\/mita-teemme\\\/projektit\\\/#breadcrumb\"},\"inLanguage\":\"fi\",\"potentialAction\":[{\"@type\":\"ReadAction\",\"target\":[\"https:\\\/\\\/rotary.fi\\\/hollola-salpakangas\\\/mita-teemme\\\/projektit\\\/\"]}]},{\"@type\":\"BreadcrumbList\",\"@id\":\"https:\\\/\\\/rotary.fi\\\/hollola-salpakangas\\\/mita-teemme\\\/projektit\\\/#breadcrumb\",\"itemListElement\":[{\"@type\":\"ListItem\",\"position\":1,\"name\":\"Home\",\"item\":\"https:\\\/\\\/rotary.fi\\\/hollola-salpakangas\\\/\"},{\"@type\":\"ListItem\",\"position\":2,\"name\":\"Mit\u00e4 teemme\",\"item\":\"https:\\\/\\\/rotary.fi\\\/hollola-salpakangas\\\/mita-teemme\\\/\"},{\"@type\":\"ListItem\",\"position\":3,\"name\":\"Projektit\"}]},{\"@type\":\"WebSite\",\"@id\":\"https:\\\/\\\/rotary.fi\\\/hollola-salpakangas\\\/#website\",\"url\":\"https:\\\/\\\/rotary.fi\\\/hollola-salpakangas\\\/\",\"name\":\"Hollola-Salpakangas Rotaryklubi\",\"description\":\"Uusi Rotary klubisivusto\",\"potentialAction\":[{\"@type\":\"SearchAction\",\"target\":{\"@type\":\"EntryPoint\",\"urlTemplate\":\"https:\\\/\\\/rotary.fi\\\/hollola-salpakangas\\\/?s={search_term_string}\"},\"query-input\":{\"@type\":\"PropertyValueSpecification\",\"valueRequired\":true,\"valueName\":\"search_term_string\"}}],\"inLanguage\":\"fi\"}]}<\/script>\n<!-- \/ Yoast SEO plugin. -->","yoast_head_json":{"title":"Projektit - Hollola-Salpakangas Rotaryklubi","robots":{"index":"index","follow":"follow","max-snippet":"max-snippet:-1","max-image-preview":"max-image-preview:large","max-video-preview":"max-video-preview:-1"},"canonical":"https:\/\/rotary.fi\/hollola-salpakangas\/mita-teemme\/projektit\/","og_locale":"fi_FI","og_type":"article","og_title":"Projektit - Hollola-Salpakangas Rotaryklubi","og_description":"Projektit Projektit Rotary on palveluj\u00e4rjest\u00f6. Toimimme tunnuslauseemme Palvelu itsekkyyden edelle (Service above self) mukaisesti paikallisesti ja maailmanlaajuisesti. Kansainv\u00e4linen humanit\u00e4\u00e4rinen palvelumme toteutuu Rotarys\u00e4\u00e4ti\u00f6mme koordinoimana ja hyv\u00e4ksyttyjen kumppaneiden kanssa. Osallistumme paikallisesti \u00a0Joulupuu-projektiin, jossa ker\u00e4t\u00e4\u00e4n v\u00e4h\u00e4varaisille joululahjoja. Ker\u00e4yslippaat toimitetaan K-kauppaan Salpakankaalle ja lis\u00e4ksi tehd\u00e4\u00e4n yhteisty\u00f6t\u00e4. Yritysyhteisty\u00f6kumppaneita haetaan mukaan. Mukana on Lahden seudun rotarit ja Nuorkauppakamari. Perinteisen joulukuusen ja [&hellip;]","og_url":"https:\/\/rotary.fi\/hollola-salpakangas\/mita-teemme\/projektit\/","og_site_name":"Hollola-Salpakangas Rotaryklubi","article_modified_time":"2024-09-24T17:06:32+00:00","twitter_card":"summary_large_image","twitter_misc":{"Arvioitu lukuaika":"3 minuuttia"},"schema":{"@context":"https:\/\/schema.org","@graph":[{"@type":"WebPage","@id":"https:\/\/rotary.fi\/hollola-salpakangas\/mita-teemme\/projektit\/","url":"https:\/\/rotary.fi\/hollola-salpakangas\/mita-teemme\/projektit\/","name":"Projektit - Hollola-Salpakangas Rotaryklubi","isPartOf":{"@id":"https:\/\/rotary.fi\/hollola-salpakangas\/#website"},"datePublished":"2018-08-13T06:46:59+00:00","dateModified":"2024-09-24T17:06:32+00:00","breadcrumb":{"@id":"https:\/\/rotary.fi\/hollola-salpakangas\/mita-teemme\/projektit\/#breadcrumb"},"inLanguage":"fi","potentialAction":[{"@type":"ReadAction","target":["https:\/\/rotary.fi\/hollola-salpakangas\/mita-teemme\/projektit\/"]}]},{"@type":"BreadcrumbList","@id":"https:\/\/rotary.fi\/hollola-salpakangas\/mita-teemme\/projektit\/#breadcrumb","itemListElement":[{"@type":"ListItem","position":1,"name":"Home","item":"https:\/\/rotary.fi\/hollola-salpakangas\/"},{"@type":"ListItem","position":2,"name":"Mit\u00e4 teemme","item":"https:\/\/rotary.fi\/hollola-salpakangas\/mita-teemme\/"},{"@type":"ListItem","position":3,"name":"Projektit"}]},{"@type":"WebSite","@id":"https:\/\/rotary.fi\/hollola-salpakangas\/#website","url":"https:\/\/rotary.fi\/hollola-salpakangas\/","name":"Hollola-Salpakangas Rotaryklubi","description":"Uusi Rotary klubisivusto","potentialAction":[{"@type":"SearchAction","target":{"@type":"EntryPoint","urlTemplate":"https:\/\/rotary.fi\/hollola-salpakangas\/?s={search_term_string}"},"query-input":{"@type":"PropertyValueSpecification","valueRequired":true,"valueName":"search_term_string"}}],"inLanguage":"fi"}]}},"lang":"fi","translations":{"fi":156,"en":1451},"pll_sync_post":[],"_links":{"self":[{"href":"https:\/\/rotary.fi\/hollola-salpakangas\/wp-json\/wp\/v2\/pages\/156","targetHints":{"allow":["GET"]}}],"collection":[{"href":"https:\/\/rotary.fi\/hollola-salpakangas\/wp-json\/wp\/v2\/pages"}],"about":[{"href":"https:\/\/rotary.fi\/hollola-salpakangas\/wp-json\/wp\/v2\/types\/page"}],"author":[{"embeddable":true,"href":"https:\/\/rotary.fi\/hollola-salpakangas\/wp-json\/wp\/v2\/users\/1"}],"replies":[{"embeddable":true,"href":"https:\/\/rotary.fi\/hollola-salpakangas\/wp-json\/wp\/v2\/comments?post=156"}],"version-history":[{"count":6,"href":"https:\/\/rotary.fi\/hollola-salpakangas\/wp-json\/wp\/v2\/pages\/156\/revisions"}],"predecessor-version":[{"id":2381,"href":"https:\/\/rotary.fi\/hollola-salpakangas\/wp-json\/wp\/v2\/pages\/156\/revisions\/2381"}],"up":[{"embeddable":true,"href":"https:\/\/rotary.fi\/hollola-salpakangas\/wp-json\/wp\/v2\/pages\/77"}],"wp:attachment":[{"href":"https:\/\/rotary.fi\/hollola-salpakangas\/wp-json\/wp\/v2\/media?parent=156"}],"curies":[{"name":"wp","href":"https:\/\/api.w.org\/{rel}","templated":true}]}}