{"id":154,"date":"2018-08-13T09:35:27","date_gmt":"2018-08-13T06:35:27","guid":{"rendered":"https:\/\/rotary.fi\/hollola-salpakangas\/?page_id=154"},"modified":"2024-10-17T23:38:32","modified_gmt":"2024-10-17T20:38:32","slug":"nuorisovaihto","status":"publish","type":"page","link":"https:\/\/rotary.fi\/hollola-salpakangas\/mita-teemme\/nuorisovaihto\/","title":{"rendered":"Nuorisovaihto"},"content":{"rendered":"<p>[et_pb_section fb_built=&#8221;1&#8243; module_class=&#8221;jumbotron-page&#8221; _builder_version=&#8221;4.16&#8243; background_image=&#8221;https:\/\/rotary.fi\/hollola-salpakangas\/wp-content\/uploads\/sites\/229\/2018\/10\/rotary_klubit_alasivu_paakuva_9.jpg&#8221; global_colors_info=&#8221;{}&#8221;][et_pb_row _builder_version=&#8221;4.16&#8243; background_size=&#8221;initial&#8221; background_position=&#8221;top_left&#8221; background_repeat=&#8221;repeat&#8221; global_colors_info=&#8221;{}&#8221;][et_pb_column type=&#8221;4_4&#8243; _builder_version=&#8221;4.16&#8243; custom_padding=&#8221;|||&#8221; global_colors_info=&#8221;{}&#8221; custom_padding__hover=&#8221;|||&#8221;][et_pb_text admin_label=&#8221;P\u00e4\u00e4otsikko&#8221; _builder_version=&#8221;4.16&#8243; text_orientation=&#8221;center&#8221; background_layout=&#8221;dark&#8221; global_colors_info=&#8221;{}&#8221;]<\/p>\n<h1>Nuorisovaihto<\/h1>\n<p>[\/et_pb_text][\/et_pb_column][\/et_pb_row][\/et_pb_section][et_pb_section fb_built=&#8221;1&#8243; specialty=&#8221;on&#8221; module_class_2=&#8221;sivupalkki&#8221; _builder_version=&#8221;4.16&#8243; global_colors_info=&#8221;{}&#8221;][et_pb_column type=&#8221;2_3&#8243; specialty_columns=&#8221;2&#8243; _builder_version=&#8221;4.16&#8243; custom_padding=&#8221;|||&#8221; global_colors_info=&#8221;{}&#8221; parallax__hover=&#8221;off&#8221; parallax_method__hover=&#8221;on&#8221; custom_padding__hover=&#8221;|||&#8221;][et_pb_row_inner admin_label=&#8221;Rivi&#8221; _builder_version=&#8221;4.16&#8243; global_colors_info=&#8221;{}&#8221;][et_pb_column_inner saved_specialty_column_type=&#8221;2_3&#8243; _builder_version=&#8221;4.16&#8243; custom_padding=&#8221;|||&#8221; global_colors_info=&#8221;{}&#8221; parallax__hover=&#8221;off&#8221; parallax_method__hover=&#8221;on&#8221; custom_padding__hover=&#8221;|||&#8221;][et_pb_text admin_label=&#8221;Nuorisovaihto &#8211; Otsikko&#8221; _builder_version=&#8221;4.16&#8243; text_orientation=&#8221;center&#8221; global_colors_info=&#8221;{}&#8221;]<\/p>\n<h1>Nuorisovaihto<\/h1>\n<p>[\/et_pb_text][et_pb_text admin_label=&#8221;Teksti&#8221; _builder_version=&#8221;4.27.0&#8243; custom_padding=&#8221;0px|||||&#8221; global_colors_info=&#8221;{}&#8221;]<\/p>\n<p><span class=\"s1\">Rotaryn nuorisovaihto on turvallinen ja usein varsin edullinen tapa l\u00e4hte\u00e4 ulkomaille vaihto-oppilaaksi vuosivaihtoon, kes\u00e4vaihtoon tai kes\u00e4leirille.<span class=\"Apple-converted-space\">\u00a0 <\/span>Rotaryn nuorisovaihto on sertifioitua ja valvottua. Nuorta sitovat rotareiden ohjeet ja s\u00e4\u00e4nn\u00f6t, se on osa turvallisuutta. Vastaanottava perhe ottaa nuoren perheenj\u00e4senekseen. Eri vaihtomuotojen esittely, vaatimukset ja hakuohjeet ovat rye.fi -sivustolla. Vaihdot alkavat yleens\u00e4 kes\u00e4ll\u00e4. Vaihto-ohjelmiin on haettava l\u00e4ht\u00f6\u00e4 edelt\u00e4v\u00e4n syyskuun loppuun menness\u00e4.<\/span><\/p>\n<p><span class=\"s1\">Vuosivaihdossa nuori ja h\u00e4nen perheens\u00e4 koulutetaan vaihtovuoden vaatimuksiin ennen nuoren l\u00e4ht\u00f6\u00e4. <\/span><span class=\"s1\">Vastaanottava rotaryklubi huolehtii mm. saapuvan vaihto-oppilaan koulukustannuksista. Nuori saa my\u00f6s pient\u00e4 kuukausirahaa rotaryklubiltaan.\u00a0<\/span><\/p>\n<p class=\"p1\"><span class=\"s1\">Suomeen saapuville vaihto-oppilaille tarvitaan is\u00e4nt\u00e4perheit\u00e4. Nuori on vaihtovuoden aikana yleens\u00e4 kolmessa perheess\u00e4, noin nelj\u00e4 kuukautta jokaisessa. Perhe ei saa rahallista korvausta nuoren yll\u00e4pidosta. Kun haluat tarjota turvallisen kodin Suomeen saapuvalle nuorelle, ota yhteytt\u00e4 klubimme nuorisovaihtoasiahenkil\u00f6\u00f6n.\u00a0<\/span><\/p>\n<p class=\"p1\"><span class=\"s1\">Kun rotaryklubi ottaa vastaan ulkomaisen vaihto-oppilaan, meilt\u00e4 p\u00e4\u00e4see vastavuoroisesti \u00a0nuori ulkomaille. Ulkomailla koulunk\u00e4ynti ei suinkaan aina ole oppilaalle ilmaista, mutta nuoren vastaanottava rotaryklubi vastaa n\u00e4ist\u00e4kin kustannuksista. Nuori saa my\u00f6s samat edut ja huolenpidon kuin maahamme saapuva nuori.<\/span><\/p>\n<p>Lahden seudun rotarit valitsevat l\u00e4hetett\u00e4v\u00e4t vuosivaihto-oppilaat. Tiedustelut ja vapaamuotoiset hakemukset voit l\u00e4hett\u00e4\u00e4 yhteiseen s\u00e4hk\u00f6postiin lahenseudun.rye(at)gmail.com. Vuosivaihtoon hakeneet haastatellaan lokakuun alussa, ja pian hakijat saavat tiet\u00e4\u00e4, ovatko tulleet valituksi mukaan.\u00a0<\/p>\n<p>Klubimme suosittelee my\u00f6s kes\u00e4vaihtoa. Kes\u00e4vaihdossa nuori l\u00e4htee ulkomaisen is\u00e4nt\u00e4perheen vieraaksi nelj\u00e4ksi viikoksi ja palatessaan tuo mukanaan is\u00e4nt\u00e4perheen nuoren omaan kotiinsa Suomeen vastaavaksi ajaksi. Kes\u00e4vaihdossa vaihto tapahtuu koulujen kes\u00e4lomien aikaan. Jos matka tehd\u00e4\u00e4n toiselle puolelle p\u00e4iv\u00e4ntasaajaa, jossa kes\u00e4 on meid\u00e4n talvikuukausinamme, niin vaihto-oppilasjakso saattaa olla 6 viikkoa tammi-helmikuussa ja toinen kes\u00e4ll\u00e4.<\/p>\n<p>Kes\u00e4leirit ovat olleet my\u00f6s hyvin suosittuja. Nuori voi valita leirin, jonka teema kiinnostaa. Kestoltaan leirit ovat tyypillisesti 1 &#8211; 3 viikkoa. Leirill\u00e4 on leirimajoitus eik\u00e4 v\u00e4ltt\u00e4m\u00e4tt\u00e4 ole perhemajoitusta.<\/p>\n<p>Yhteystiedot:<\/p>\n<p>Hollolan nuorisovaihoasiahenkil\u00f6 Kristiina Vanhala-Selin s\u00e4hk\u00f6posti: kristiina.vanhala-selin(at)pp1.inet.fi.\u00a0<\/p>\n<p>T\u00e4h\u00e4n osoitteeseen voit my\u00f6s l\u00e4hett\u00e4\u00e4 vapaamuotoisen hakemuksen tai tiedustelun.<\/p>\n<p>Hollolan nuorisovaihtotiimin j\u00e4sen, kummi Ilkka Niemi s\u00e4hk\u00f6posti: ilkka.niemi(at)icloud.com.\u00a0<\/p>\n<p>&nbsp;<\/p>\n<p>&nbsp;<\/p>\n<p>[\/et_pb_text][\/et_pb_column_inner][\/et_pb_row_inner][et_pb_row_inner admin_label=&#8221;Rivi&#8221; _builder_version=&#8221;4.16&#8243; global_colors_info=&#8221;{}&#8221;][et_pb_column_inner saved_specialty_column_type=&#8221;2_3&#8243; _builder_version=&#8221;4.16&#8243; custom_padding=&#8221;|||&#8221; global_colors_info=&#8221;{}&#8221; parallax__hover=&#8221;off&#8221; parallax_method__hover=&#8221;on&#8221; custom_padding__hover=&#8221;|||&#8221;][et_pb_text admin_label=&#8221;Kiinnostuitko nuorisovaihdosta? &#8211; Otsikko&#8221; _builder_version=&#8221;4.16&#8243; text_orientation=&#8221;center&#8221; global_colors_info=&#8221;{}&#8221;]<\/p>\n<h4>Kiinnostuitko nuorisovaihdosta?<\/h4>\n<p>[\/et_pb_text][et_pb_text _builder_version=&#8221;4.16&#8243; global_colors_info=&#8221;{}&#8221;]<\/p>\n<p class=\"p1\"><span class=\"s1\">Jos kiinnostuit, ota yhteytt\u00e4 klubimme nuorisovaihtoasiahenkil\u00f6\u00f6n ja kysy mit\u00e4 vaihtoehtoja klubimme tarjoaa nuorisovaihtoon. Jaamme vuosivaihto-oppilaskustannuksia Lahti-Wesij\u00e4rvi -klubin kanssa ja teemme yhteisty\u00f6t\u00e4 valinnoissa ja koulutuksissa Lahden seudun rotaryklubien kanssa.<\/span><\/p>\n<p class=\"p1\">Monessa maassa rotaryvaihdossa vaaditaan alle 18-vuoden ik\u00e4, niihin maihin vaihtoon l\u00e4hdet\u00e4\u00e4n yleens\u00e4 lukion ensimm\u00e4isen vuoden j\u00e4lkeen. Kaikille ei ole helppoa l\u00e4hte\u00e4 rotaryvaihtoon koko vuodeksi ja kaikki hakijat eiv\u00e4t tule valituksi. Siksi suosittelemme hakemista my\u00f6s: kes\u00e4vaihtoon tai kes\u00e4leirille. Kannattaa olla itse aktiivinen ja perehty\u00e4 asiaan nuorisovaihdon sivuilta.<span class=\"s1\"><\/span><\/p>\n<p class=\"p2\"><strong><span class=\"s4\">Kysy rohkeasti lis\u00e4\u00e4 Rotaryn nuorisovaihdosta!<\/span><\/strong><span class=\"s1\"><\/span><\/p>\n<p class=\"p2\">\n<p>[\/et_pb_text][\/et_pb_column_inner][\/et_pb_row_inner][\/et_pb_column][et_pb_column type=&#8221;1_3&#8243; module_class=&#8221;sivupalkki&#8221; _builder_version=&#8221;4.16&#8243; custom_padding=&#8221;|||&#8221; global_colors_info=&#8221;{}&#8221; parallax__hover=&#8221;off&#8221; parallax_method__hover=&#8221;on&#8221; module_class__hover=&#8221;sivupalkki&#8221; custom_padding__hover=&#8221;|||&#8221;][et_pb_sidebar area=&#8221;sidebar-1&#8243; module_class=&#8221;sivupalkki_sisalto&#8221; _builder_version=&#8221;4.16&#8243; locked=&#8221;on&#8221; global_colors_info=&#8221;{}&#8221;][\/et_pb_sidebar][\/et_pb_column][\/et_pb_section]<\/p>\n","protected":false},"excerpt":{"rendered":"<p>Nuorisovaihto Nuorisovaihto Rotaryn nuorisovaihto on turvallinen ja usein varsin edullinen tapa l\u00e4hte\u00e4 ulkomaille vaihto-oppilaaksi vuosivaihtoon, kes\u00e4vaihtoon tai kes\u00e4leirille.\u00a0 Rotaryn nuorisovaihto on sertifioitua ja valvottua. Nuorta sitovat rotareiden ohjeet ja s\u00e4\u00e4nn\u00f6t, se on osa turvallisuutta. Vastaanottava perhe ottaa nuoren perheenj\u00e4senekseen. Eri vaihtomuotojen esittely, vaatimukset ja hakuohjeet ovat rye.fi -sivustolla. Vaihdot alkavat yleens\u00e4 kes\u00e4ll\u00e4. Vaihto-ohjelmiin on haettava [&hellip;]<\/p>\n","protected":false},"author":1,"featured_media":0,"parent":77,"menu_order":0,"comment_status":"closed","ping_status":"closed","template":"","meta":{"_acf_changed":false,"_et_pb_use_builder":"on","_et_pb_old_content":"","_et_gb_content_width":"","footnotes":""},"class_list":["post-154","page","type-page","status-publish","hentry"],"acf":[],"yoast_head":"<!-- This site is optimized with the Yoast SEO plugin v27.4 - https:\/\/yoast.com\/product\/yoast-seo-wordpress\/ -->\n<title>Nuorisovaihto - Hollola-Salpakangas Rotaryklubi<\/title>\n<meta name=\"robots\" content=\"index, follow, max-snippet:-1, max-image-preview:large, max-video-preview:-1\" \/>\n<link rel=\"canonical\" href=\"https:\/\/rotary.fi\/hollola-salpakangas\/mita-teemme\/nuorisovaihto\/\" \/>\n<meta property=\"og:locale\" content=\"fi_FI\" \/>\n<meta property=\"og:type\" content=\"article\" \/>\n<meta property=\"og:title\" content=\"Nuorisovaihto - Hollola-Salpakangas Rotaryklubi\" \/>\n<meta property=\"og:description\" content=\"Nuorisovaihto Nuorisovaihto Rotaryn nuorisovaihto on turvallinen ja usein varsin edullinen tapa l\u00e4hte\u00e4 ulkomaille vaihto-oppilaaksi vuosivaihtoon, kes\u00e4vaihtoon tai kes\u00e4leirille.\u00a0 Rotaryn nuorisovaihto on sertifioitua ja valvottua. Nuorta sitovat rotareiden ohjeet ja s\u00e4\u00e4nn\u00f6t, se on osa turvallisuutta. Vastaanottava perhe ottaa nuoren perheenj\u00e4senekseen. Eri vaihtomuotojen esittely, vaatimukset ja hakuohjeet ovat rye.fi -sivustolla. Vaihdot alkavat yleens\u00e4 kes\u00e4ll\u00e4. Vaihto-ohjelmiin on haettava [&hellip;]\" \/>\n<meta property=\"og:url\" content=\"https:\/\/rotary.fi\/hollola-salpakangas\/mita-teemme\/nuorisovaihto\/\" \/>\n<meta property=\"og:site_name\" content=\"Hollola-Salpakangas Rotaryklubi\" \/>\n<meta property=\"article:modified_time\" content=\"2024-10-17T20:38:32+00:00\" \/>\n<meta name=\"twitter:card\" content=\"summary_large_image\" \/>\n<meta name=\"twitter:label1\" content=\"Arvioitu lukuaika\" \/>\n\t<meta name=\"twitter:data1\" content=\"4 minuuttia\" \/>\n<script type=\"application\/ld+json\" class=\"yoast-schema-graph\">{\"@context\":\"https:\\\/\\\/schema.org\",\"@graph\":[{\"@type\":\"WebPage\",\"@id\":\"https:\\\/\\\/rotary.fi\\\/hollola-salpakangas\\\/mita-teemme\\\/nuorisovaihto\\\/\",\"url\":\"https:\\\/\\\/rotary.fi\\\/hollola-salpakangas\\\/mita-teemme\\\/nuorisovaihto\\\/\",\"name\":\"Nuorisovaihto - Hollola-Salpakangas Rotaryklubi\",\"isPartOf\":{\"@id\":\"https:\\\/\\\/rotary.fi\\\/hollola-salpakangas\\\/#website\"},\"datePublished\":\"2018-08-13T06:35:27+00:00\",\"dateModified\":\"2024-10-17T20:38:32+00:00\",\"breadcrumb\":{\"@id\":\"https:\\\/\\\/rotary.fi\\\/hollola-salpakangas\\\/mita-teemme\\\/nuorisovaihto\\\/#breadcrumb\"},\"inLanguage\":\"fi\",\"potentialAction\":[{\"@type\":\"ReadAction\",\"target\":[\"https:\\\/\\\/rotary.fi\\\/hollola-salpakangas\\\/mita-teemme\\\/nuorisovaihto\\\/\"]}]},{\"@type\":\"BreadcrumbList\",\"@id\":\"https:\\\/\\\/rotary.fi\\\/hollola-salpakangas\\\/mita-teemme\\\/nuorisovaihto\\\/#breadcrumb\",\"itemListElement\":[{\"@type\":\"ListItem\",\"position\":1,\"name\":\"Home\",\"item\":\"https:\\\/\\\/rotary.fi\\\/hollola-salpakangas\\\/\"},{\"@type\":\"ListItem\",\"position\":2,\"name\":\"Mit\u00e4 teemme\",\"item\":\"https:\\\/\\\/rotary.fi\\\/hollola-salpakangas\\\/mita-teemme\\\/\"},{\"@type\":\"ListItem\",\"position\":3,\"name\":\"Nuorisovaihto\"}]},{\"@type\":\"WebSite\",\"@id\":\"https:\\\/\\\/rotary.fi\\\/hollola-salpakangas\\\/#website\",\"url\":\"https:\\\/\\\/rotary.fi\\\/hollola-salpakangas\\\/\",\"name\":\"Hollola-Salpakangas Rotaryklubi\",\"description\":\"Uusi Rotary klubisivusto\",\"potentialAction\":[{\"@type\":\"SearchAction\",\"target\":{\"@type\":\"EntryPoint\",\"urlTemplate\":\"https:\\\/\\\/rotary.fi\\\/hollola-salpakangas\\\/?s={search_term_string}\"},\"query-input\":{\"@type\":\"PropertyValueSpecification\",\"valueRequired\":true,\"valueName\":\"search_term_string\"}}],\"inLanguage\":\"fi\"}]}<\/script>\n<!-- \/ Yoast SEO plugin. -->","yoast_head_json":{"title":"Nuorisovaihto - Hollola-Salpakangas Rotaryklubi","robots":{"index":"index","follow":"follow","max-snippet":"max-snippet:-1","max-image-preview":"max-image-preview:large","max-video-preview":"max-video-preview:-1"},"canonical":"https:\/\/rotary.fi\/hollola-salpakangas\/mita-teemme\/nuorisovaihto\/","og_locale":"fi_FI","og_type":"article","og_title":"Nuorisovaihto - Hollola-Salpakangas Rotaryklubi","og_description":"Nuorisovaihto Nuorisovaihto Rotaryn nuorisovaihto on turvallinen ja usein varsin edullinen tapa l\u00e4hte\u00e4 ulkomaille vaihto-oppilaaksi vuosivaihtoon, kes\u00e4vaihtoon tai kes\u00e4leirille.\u00a0 Rotaryn nuorisovaihto on sertifioitua ja valvottua. Nuorta sitovat rotareiden ohjeet ja s\u00e4\u00e4nn\u00f6t, se on osa turvallisuutta. Vastaanottava perhe ottaa nuoren perheenj\u00e4senekseen. Eri vaihtomuotojen esittely, vaatimukset ja hakuohjeet ovat rye.fi -sivustolla. Vaihdot alkavat yleens\u00e4 kes\u00e4ll\u00e4. Vaihto-ohjelmiin on haettava [&hellip;]","og_url":"https:\/\/rotary.fi\/hollola-salpakangas\/mita-teemme\/nuorisovaihto\/","og_site_name":"Hollola-Salpakangas Rotaryklubi","article_modified_time":"2024-10-17T20:38:32+00:00","twitter_card":"summary_large_image","twitter_misc":{"Arvioitu lukuaika":"4 minuuttia"},"schema":{"@context":"https:\/\/schema.org","@graph":[{"@type":"WebPage","@id":"https:\/\/rotary.fi\/hollola-salpakangas\/mita-teemme\/nuorisovaihto\/","url":"https:\/\/rotary.fi\/hollola-salpakangas\/mita-teemme\/nuorisovaihto\/","name":"Nuorisovaihto - Hollola-Salpakangas Rotaryklubi","isPartOf":{"@id":"https:\/\/rotary.fi\/hollola-salpakangas\/#website"},"datePublished":"2018-08-13T06:35:27+00:00","dateModified":"2024-10-17T20:38:32+00:00","breadcrumb":{"@id":"https:\/\/rotary.fi\/hollola-salpakangas\/mita-teemme\/nuorisovaihto\/#breadcrumb"},"inLanguage":"fi","potentialAction":[{"@type":"ReadAction","target":["https:\/\/rotary.fi\/hollola-salpakangas\/mita-teemme\/nuorisovaihto\/"]}]},{"@type":"BreadcrumbList","@id":"https:\/\/rotary.fi\/hollola-salpakangas\/mita-teemme\/nuorisovaihto\/#breadcrumb","itemListElement":[{"@type":"ListItem","position":1,"name":"Home","item":"https:\/\/rotary.fi\/hollola-salpakangas\/"},{"@type":"ListItem","position":2,"name":"Mit\u00e4 teemme","item":"https:\/\/rotary.fi\/hollola-salpakangas\/mita-teemme\/"},{"@type":"ListItem","position":3,"name":"Nuorisovaihto"}]},{"@type":"WebSite","@id":"https:\/\/rotary.fi\/hollola-salpakangas\/#website","url":"https:\/\/rotary.fi\/hollola-salpakangas\/","name":"Hollola-Salpakangas Rotaryklubi","description":"Uusi Rotary klubisivusto","potentialAction":[{"@type":"SearchAction","target":{"@type":"EntryPoint","urlTemplate":"https:\/\/rotary.fi\/hollola-salpakangas\/?s={search_term_string}"},"query-input":{"@type":"PropertyValueSpecification","valueRequired":true,"valueName":"search_term_string"}}],"inLanguage":"fi"}]}},"lang":"fi","translations":{"fi":154,"en":1449},"pll_sync_post":[],"_links":{"self":[{"href":"https:\/\/rotary.fi\/hollola-salpakangas\/wp-json\/wp\/v2\/pages\/154","targetHints":{"allow":["GET"]}}],"collection":[{"href":"https:\/\/rotary.fi\/hollola-salpakangas\/wp-json\/wp\/v2\/pages"}],"about":[{"href":"https:\/\/rotary.fi\/hollola-salpakangas\/wp-json\/wp\/v2\/types\/page"}],"author":[{"embeddable":true,"href":"https:\/\/rotary.fi\/hollola-salpakangas\/wp-json\/wp\/v2\/users\/1"}],"replies":[{"embeddable":true,"href":"https:\/\/rotary.fi\/hollola-salpakangas\/wp-json\/wp\/v2\/comments?post=154"}],"version-history":[{"count":9,"href":"https:\/\/rotary.fi\/hollola-salpakangas\/wp-json\/wp\/v2\/pages\/154\/revisions"}],"predecessor-version":[{"id":2468,"href":"https:\/\/rotary.fi\/hollola-salpakangas\/wp-json\/wp\/v2\/pages\/154\/revisions\/2468"}],"up":[{"embeddable":true,"href":"https:\/\/rotary.fi\/hollola-salpakangas\/wp-json\/wp\/v2\/pages\/77"}],"wp:attachment":[{"href":"https:\/\/rotary.fi\/hollola-salpakangas\/wp-json\/wp\/v2\/media?parent=154"}],"curies":[{"name":"wp","href":"https:\/\/api.w.org\/{rel}","templated":true}]}}