{"id":142,"date":"2018-08-10T14:04:45","date_gmt":"2018-08-10T11:04:45","guid":{"rendered":"https:\/\/rotary.fi\/klubi2\/?page_id=142"},"modified":"2026-01-01T14:15:28","modified_gmt":"2026-01-01T12:15:28","slug":"ilo-esitella","status":"publish","type":"page","link":"https:\/\/rotary.fi\/hollola-salpakangas\/keita-olemme\/ilo-esitella\/","title":{"rendered":"Ilo esitell\u00e4"},"content":{"rendered":"<p>[et_pb_section fb_built=&#8221;1&#8243; module_class=&#8221;jumbotron-page&#8221; _builder_version=&#8221;4.16&#8243; background_image=&#8221;https:\/\/rotary.fi\/hollola-salpakangas\/wp-content\/uploads\/sites\/229\/2018\/10\/rotary_klubit_alasivu_paakuva_14.jpg&#8221; global_colors_info=&#8221;{}&#8221;][et_pb_row _builder_version=&#8221;4.16&#8243; background_size=&#8221;initial&#8221; background_position=&#8221;top_left&#8221; background_repeat=&#8221;repeat&#8221; global_colors_info=&#8221;{}&#8221;][et_pb_column type=&#8221;4_4&#8243; _builder_version=&#8221;4.16&#8243; custom_padding=&#8221;|||&#8221; global_colors_info=&#8221;{}&#8221; custom_padding__hover=&#8221;|||&#8221;][et_pb_text admin_label=&#8221;P\u00e4\u00e4otsikko&#8221; _builder_version=&#8221;4.16&#8243; text_orientation=&#8221;center&#8221; background_layout=&#8221;dark&#8221; global_colors_info=&#8221;{}&#8221;]<\/p>\n<h1>Ilo esitell\u00e4<\/h1>\n<p>[\/et_pb_text][\/et_pb_column][\/et_pb_row][\/et_pb_section][et_pb_section fb_built=&#8221;1&#8243; specialty=&#8221;on&#8221; module_class_2=&#8221;sivupalkki&#8221; _builder_version=&#8221;4.16&#8243; custom_padding=&#8221;|0px||||&#8221; global_colors_info=&#8221;{}&#8221;][et_pb_column type=&#8221;2_3&#8243; specialty_columns=&#8221;2&#8243; _builder_version=&#8221;4.16&#8243; custom_padding=&#8221;|||&#8221; global_colors_info=&#8221;{}&#8221; parallax__hover=&#8221;off&#8221; parallax_method__hover=&#8221;on&#8221; custom_padding__hover=&#8221;|||&#8221;][et_pb_row_inner admin_label=&#8221;Rivi&#8221; _builder_version=&#8221;4.16&#8243; custom_padding=&#8221;|||147px||&#8221; global_colors_info=&#8221;{}&#8221;][et_pb_column_inner saved_specialty_column_type=&#8221;2_3&#8243; _builder_version=&#8221;4.16&#8243; custom_padding=&#8221;|||&#8221; global_colors_info=&#8221;{}&#8221; parallax__hover=&#8221;off&#8221; parallax_method__hover=&#8221;on&#8221; custom_padding__hover=&#8221;|||&#8221;][et_pb_text admin_label=&#8221;Ilo esitell\u00e4 &#8211; Otsikko&#8221; _builder_version=&#8221;4.27.4&#8243; text_orientation=&#8221;center&#8221; global_colors_info=&#8221;{}&#8221;]<\/p>\n<p><img loading=\"lazy\" decoding=\"async\" src=\"https:\/\/rotary.fi\/hollola-salpakangas\/wp-content\/uploads\/sites\/229\/2025\/09\/onkikisa-300x225.jpg\" width=\"300\" height=\"225\" alt=\"\" class=\"wp-image-2678 alignnone size-medium\" \/>\u00a0<\/p>\n<p>Olemme aloittaneet rotaryvuoden perinteisesti elokuussa onkikisalla Hollolan kirkonkyl\u00e4n kirkonrannan laiturilla.<\/p>\n<p>[\/et_pb_text][et_pb_text admin_label=&#8221;Ilo esitell\u00e4 &#8211; Otsikko&#8221; _builder_version=&#8221;4.27.0&#8243; text_orientation=&#8221;center&#8221; global_colors_info=&#8221;{}&#8221;]<\/p>\n<p><img loading=\"lazy\" decoding=\"async\" class=\"wp-image-2162 aligncenter size-full\" src=\"https:\/\/rotary.fi\/hollola-salpakangas\/wp-content\/uploads\/sites\/229\/2023\/10\/joulupuu.png\" alt=\"Autetaan v\u00e4h\u00e4varaisia paikan p\u00e4\u00e4ll\u00e4\" width=\"355\" height=\"328\" srcset=\"https:\/\/rotary.fi\/hollola-salpakangas\/wp-content\/uploads\/sites\/229\/2023\/10\/joulupuu.png 400w, https:\/\/rotary.fi\/hollola-salpakangas\/wp-content\/uploads\/sites\/229\/2023\/10\/joulupuu-300x278.png 300w\" sizes=\"(max-width: 355px) 100vw, 355px\" \/>Hollolan ja Lahden rotaryklubit ovat j\u00e4rjest\u00e4neet vuosittain Joulupuu-ker\u00e4yksen yhteisty\u00f6ss\u00e4 paikallisten kumppanien kanssa, jotka etsiv\u00e4t lahjan tarpeessa olevat lapset. Tuotto menee sataprosenttisesti Hollolan ja \u00a0Lahden v\u00e4h\u00e4varaisille lapsille. Ker\u00e4\u00e4mme aikaisempien vuosien tapaan vain alle 18-vuotiaille sopivia lahjakortteja. Kumppanimme hoitavat lahjakorttien jakelun asiakkailleen. Voit lahjoittaa haluamasi palveluntuottajan lahjakortin. Ker\u00e4yspisteit\u00e4 on useita. Hollola-Salpakangas Rotaryklubi on j\u00e4rjest\u00e4nyt ker\u00e4yspisteen Hollolan K-Supermarkettiin.<\/p>\n<p>Joulupuu-ker\u00e4ys toteutettiin 15.11.-26.12.2025<\/p>\n<p>&nbsp;<\/p>\n<p>[\/et_pb_text][et_pb_text admin_label=&#8221;Ilo esitell\u00e4 &#8211; Otsikko&#8221; _builder_version=&#8221;4.27.4&#8243; text_orientation=&#8221;center&#8221; global_colors_info=&#8221;{}&#8221;]<\/p>\n<p><img loading=\"lazy\" decoding=\"async\" src=\"https:\/\/rotary.fi\/hollola-salpakangas\/wp-content\/uploads\/sites\/229\/2025\/09\/vesireppu1-300x198.jpg\" width=\"300\" height=\"198\" alt=\"\" class=\"wp-image-2682 alignnone size-medium\" \/><\/p>\n<p>Rotary-Vesireppu sis\u00e4lt\u00e4\u00e4 v\u00e4lineet ja ohjeet, joiden avulla l\u00e4hivesist\u00f6n tutkiminen on helppoa ja hauskaa. Vesireppu on kehitetty ensisijaisesti kouluille. Olemme lahjoittaneet vesirepun sekapartiolippukunta Hollolan Hirvenhiiht\u00e4jille. Lis\u00e4ksi olemme lahjoittaneet vesireppuja Hollolan kouluille.\u00a0<\/p>\n<p>[\/et_pb_text][et_pb_text admin_label=&#8221;Ilo esitell\u00e4 &#8211; Otsikko&#8221; _builder_version=&#8221;4.27.4&#8243; text_orientation=&#8221;center&#8221; global_colors_info=&#8221;{}&#8221;]<\/p>\n<p><img loading=\"lazy\" decoding=\"async\" src=\"https:\/\/rotary.fi\/hollola-salpakangas\/wp-content\/uploads\/sites\/229\/2023\/09\/aarotakids-logo-copy-1-1-300x298.jpg\" width=\"300\" height=\"298\" alt=\"rotakids patikkapolku hollola salpakangas\" class=\"wp-image-2078 alignnone size-medium\" srcset=\"https:\/\/rotary.fi\/hollola-salpakangas\/wp-content\/uploads\/sites\/229\/2023\/09\/aarotakids-logo-copy-1-1-300x298.jpg 300w, https:\/\/rotary.fi\/hollola-salpakangas\/wp-content\/uploads\/sites\/229\/2023\/09\/aarotakids-logo-copy-1-1-150x150.jpg 150w, https:\/\/rotary.fi\/hollola-salpakangas\/wp-content\/uploads\/sites\/229\/2023\/09\/aarotakids-logo-copy-1-1.jpg 362w\" sizes=\"(max-width: 300px) 100vw, 300px\" \/><\/p>\n<p>RotaKids on rotarien alle 12-vuotiaille lapsille ja heid\u00e4n perheilleen tarkoitettua toimintaa. Olemme j\u00e4rjest\u00e4neet viime vuosina Euroopan liikuntaviikolla syyskuun lopussa Patikkapolku-tapahtuman V\u00e4h\u00e4-Tiilij\u00e4rven uimarannalla. Noin 1,5 km pitk\u00e4 reitti kiert\u00e4\u00e4 V\u00e4h\u00e4-Tiilij\u00e4rven ja sen varrella on rasteja, joilla on Rotary-esittely\u00e4 ja luontoaiheisia kysymyksi\u00e4. Olemme my\u00f6s edist\u00e4neet hollolalaisten lasten lukutaitoa Lukuviikko-tempauksella kirjastossa.<\/p>\n<p>&nbsp;<\/p>\n<p>[\/et_pb_text][et_pb_gallery gallery_ids=&#8221;2657,2658,2659,2660,2719&#8243; posts_number=&#8221;6&#8243; _builder_version=&#8221;4.27.4&#8243; _module_preset=&#8221;default&#8221; global_colors_info=&#8221;{}&#8221;][\/et_pb_gallery][et_pb_text admin_label=&#8221;Ilo esitell\u00e4 &#8211; Otsikko&#8221; _builder_version=&#8221;4.27.4&#8243; text_orientation=&#8221;center&#8221; global_colors_info=&#8221;{}&#8221;]<\/p>\n<p>&nbsp;<\/p>\n<p>&nbsp;<\/p>\n<p><img loading=\"lazy\" decoding=\"async\" src=\"https:\/\/rotary.fi\/hollola-salpakangas\/wp-content\/uploads\/sites\/229\/2025\/09\/kortti-sivu-1-212x300.jpeg\" width=\"212\" height=\"300\" alt=\"\" class=\"wp-image-2704 alignnone size-medium\" \/><\/p>\n<p>Klubin paikallisprojektit ovat \u00a0useimmiten kohdistuneet eritystukea tarvitseviin lapsiin ja nuoriin. Kankaan koulu on Hollolan vaativan erityisen tuen koulu perusopetuksen oppilaille. Koulun kahden Etappi-luokan oppilaiden koulunk\u00e4ynti on k\u00e4yt\u00e4nn\u00f6ss\u00e4 loppunut omassa koulussa. Klubi on tukenut Etappi-luokkien el\u00e4m\u00e4ntaitoretki\u00e4.\u00a0<\/p>\n<p>[\/et_pb_text][et_pb_gallery gallery_ids=&#8221;2413&#8243; _builder_version=&#8221;4.27.0&#8243; _module_preset=&#8221;default&#8221; global_colors_info=&#8221;{}&#8221;][\/et_pb_gallery][\/et_pb_column_inner][\/et_pb_row_inner][\/et_pb_column][et_pb_column type=&#8221;1_3&#8243; module_class=&#8221;sivupalkki&#8221; _builder_version=&#8221;4.16&#8243; custom_padding=&#8221;|||&#8221; global_colors_info=&#8221;{}&#8221; parallax__hover=&#8221;off&#8221; parallax_method__hover=&#8221;on&#8221; module_class__hover=&#8221;sivupalkki&#8221; custom_padding__hover=&#8221;|||&#8221;][et_pb_sidebar area=&#8221;sidebar-1&#8243; module_class=&#8221;sivupalkki_sisalto&#8221; _builder_version=&#8221;4.16&#8243; locked=&#8221;on&#8221; global_colors_info=&#8221;{}&#8221;][\/et_pb_sidebar][\/et_pb_column][\/et_pb_section]<\/p>\n","protected":false},"excerpt":{"rendered":"<p>Ilo esitell\u00e4 \u00a0 Olemme aloittaneet rotaryvuoden perinteisesti elokuussa onkikisalla Hollolan kirkonkyl\u00e4n kirkonrannan laiturilla.Hollolan ja Lahden rotaryklubit ovat j\u00e4rjest\u00e4neet vuosittain Joulupuu-ker\u00e4yksen yhteisty\u00f6ss\u00e4 paikallisten kumppanien kanssa, jotka etsiv\u00e4t lahjan tarpeessa olevat lapset. Tuotto menee sataprosenttisesti Hollolan ja \u00a0Lahden v\u00e4h\u00e4varaisille lapsille. Ker\u00e4\u00e4mme aikaisempien vuosien tapaan vain alle 18-vuotiaille sopivia lahjakortteja. Kumppanimme hoitavat lahjakorttien jakelun asiakkailleen. Voit lahjoittaa haluamasi [&hellip;]<\/p>\n","protected":false},"author":1,"featured_media":0,"parent":129,"menu_order":0,"comment_status":"closed","ping_status":"closed","template":"","meta":{"_acf_changed":false,"_et_pb_use_builder":"on","_et_pb_old_content":"","_et_gb_content_width":"","footnotes":""},"class_list":["post-142","page","type-page","status-publish","hentry"],"acf":[],"yoast_head":"<!-- This site is optimized with the Yoast SEO plugin v27.4 - https:\/\/yoast.com\/product\/yoast-seo-wordpress\/ -->\n<title>Ilo esitell\u00e4 - Hollola-Salpakangas Rotaryklubi<\/title>\n<meta name=\"robots\" content=\"index, follow, max-snippet:-1, max-image-preview:large, max-video-preview:-1\" \/>\n<link rel=\"canonical\" href=\"https:\/\/rotary.fi\/hollola-salpakangas\/keita-olemme\/ilo-esitella\/\" \/>\n<meta property=\"og:locale\" content=\"fi_FI\" \/>\n<meta property=\"og:type\" content=\"article\" \/>\n<meta property=\"og:title\" content=\"Ilo esitell\u00e4 - Hollola-Salpakangas Rotaryklubi\" \/>\n<meta property=\"og:description\" content=\"Ilo esitell\u00e4 \u00a0 Olemme aloittaneet rotaryvuoden perinteisesti elokuussa onkikisalla Hollolan kirkonkyl\u00e4n kirkonrannan laiturilla.Hollolan ja Lahden rotaryklubit ovat j\u00e4rjest\u00e4neet vuosittain Joulupuu-ker\u00e4yksen yhteisty\u00f6ss\u00e4 paikallisten kumppanien kanssa, jotka etsiv\u00e4t lahjan tarpeessa olevat lapset. Tuotto menee sataprosenttisesti Hollolan ja \u00a0Lahden v\u00e4h\u00e4varaisille lapsille. Ker\u00e4\u00e4mme aikaisempien vuosien tapaan vain alle 18-vuotiaille sopivia lahjakortteja. Kumppanimme hoitavat lahjakorttien jakelun asiakkailleen. Voit lahjoittaa haluamasi [&hellip;]\" \/>\n<meta property=\"og:url\" content=\"https:\/\/rotary.fi\/hollola-salpakangas\/keita-olemme\/ilo-esitella\/\" \/>\n<meta property=\"og:site_name\" content=\"Hollola-Salpakangas Rotaryklubi\" \/>\n<meta property=\"article:modified_time\" content=\"2026-01-01T12:15:28+00:00\" \/>\n<meta property=\"og:image\" content=\"https:\/\/rotary.fi\/hollola-salpakangas\/wp-content\/uploads\/sites\/229\/2025\/09\/onkikisa.jpg\" \/>\n\t<meta property=\"og:image:width\" content=\"2048\" \/>\n\t<meta property=\"og:image:height\" content=\"1535\" \/>\n\t<meta property=\"og:image:type\" content=\"image\/jpeg\" \/>\n<meta name=\"twitter:card\" content=\"summary_large_image\" \/>\n<meta name=\"twitter:label1\" content=\"Arvioitu lukuaika\" \/>\n\t<meta name=\"twitter:data1\" content=\"6 minuuttia\" \/>\n<script type=\"application\/ld+json\" class=\"yoast-schema-graph\">{\"@context\":\"https:\\\/\\\/schema.org\",\"@graph\":[{\"@type\":\"WebPage\",\"@id\":\"https:\\\/\\\/rotary.fi\\\/hollola-salpakangas\\\/keita-olemme\\\/ilo-esitella\\\/\",\"url\":\"https:\\\/\\\/rotary.fi\\\/hollola-salpakangas\\\/keita-olemme\\\/ilo-esitella\\\/\",\"name\":\"Ilo esitell\u00e4 - Hollola-Salpakangas Rotaryklubi\",\"isPartOf\":{\"@id\":\"https:\\\/\\\/rotary.fi\\\/hollola-salpakangas\\\/#website\"},\"primaryImageOfPage\":{\"@id\":\"https:\\\/\\\/rotary.fi\\\/hollola-salpakangas\\\/keita-olemme\\\/ilo-esitella\\\/#primaryimage\"},\"image\":{\"@id\":\"https:\\\/\\\/rotary.fi\\\/hollola-salpakangas\\\/keita-olemme\\\/ilo-esitella\\\/#primaryimage\"},\"thumbnailUrl\":\"https:\\\/\\\/rotary.fi\\\/hollola-salpakangas\\\/wp-content\\\/uploads\\\/sites\\\/229\\\/2025\\\/09\\\/onkikisa-300x225.jpg\",\"datePublished\":\"2018-08-10T11:04:45+00:00\",\"dateModified\":\"2026-01-01T12:15:28+00:00\",\"breadcrumb\":{\"@id\":\"https:\\\/\\\/rotary.fi\\\/hollola-salpakangas\\\/keita-olemme\\\/ilo-esitella\\\/#breadcrumb\"},\"inLanguage\":\"fi\",\"potentialAction\":[{\"@type\":\"ReadAction\",\"target\":[\"https:\\\/\\\/rotary.fi\\\/hollola-salpakangas\\\/keita-olemme\\\/ilo-esitella\\\/\"]}]},{\"@type\":\"ImageObject\",\"inLanguage\":\"fi\",\"@id\":\"https:\\\/\\\/rotary.fi\\\/hollola-salpakangas\\\/keita-olemme\\\/ilo-esitella\\\/#primaryimage\",\"url\":\"https:\\\/\\\/rotary.fi\\\/hollola-salpakangas\\\/wp-content\\\/uploads\\\/sites\\\/229\\\/2025\\\/09\\\/onkikisa.jpg\",\"contentUrl\":\"https:\\\/\\\/rotary.fi\\\/hollola-salpakangas\\\/wp-content\\\/uploads\\\/sites\\\/229\\\/2025\\\/09\\\/onkikisa.jpg\",\"width\":2048,\"height\":1535},{\"@type\":\"BreadcrumbList\",\"@id\":\"https:\\\/\\\/rotary.fi\\\/hollola-salpakangas\\\/keita-olemme\\\/ilo-esitella\\\/#breadcrumb\",\"itemListElement\":[{\"@type\":\"ListItem\",\"position\":1,\"name\":\"Home\",\"item\":\"https:\\\/\\\/rotary.fi\\\/hollola-salpakangas\\\/\"},{\"@type\":\"ListItem\",\"position\":2,\"name\":\"Keit\u00e4 olemme\",\"item\":\"https:\\\/\\\/rotary.fi\\\/hollola-salpakangas\\\/keita-olemme\\\/\"},{\"@type\":\"ListItem\",\"position\":3,\"name\":\"Ilo esitell\u00e4\"}]},{\"@type\":\"WebSite\",\"@id\":\"https:\\\/\\\/rotary.fi\\\/hollola-salpakangas\\\/#website\",\"url\":\"https:\\\/\\\/rotary.fi\\\/hollola-salpakangas\\\/\",\"name\":\"Hollola-Salpakangas Rotaryklubi\",\"description\":\"Uusi Rotary klubisivusto\",\"potentialAction\":[{\"@type\":\"SearchAction\",\"target\":{\"@type\":\"EntryPoint\",\"urlTemplate\":\"https:\\\/\\\/rotary.fi\\\/hollola-salpakangas\\\/?s={search_term_string}\"},\"query-input\":{\"@type\":\"PropertyValueSpecification\",\"valueRequired\":true,\"valueName\":\"search_term_string\"}}],\"inLanguage\":\"fi\"}]}<\/script>\n<!-- \/ Yoast SEO plugin. -->","yoast_head_json":{"title":"Ilo esitell\u00e4 - Hollola-Salpakangas Rotaryklubi","robots":{"index":"index","follow":"follow","max-snippet":"max-snippet:-1","max-image-preview":"max-image-preview:large","max-video-preview":"max-video-preview:-1"},"canonical":"https:\/\/rotary.fi\/hollola-salpakangas\/keita-olemme\/ilo-esitella\/","og_locale":"fi_FI","og_type":"article","og_title":"Ilo esitell\u00e4 - Hollola-Salpakangas Rotaryklubi","og_description":"Ilo esitell\u00e4 \u00a0 Olemme aloittaneet rotaryvuoden perinteisesti elokuussa onkikisalla Hollolan kirkonkyl\u00e4n kirkonrannan laiturilla.Hollolan ja Lahden rotaryklubit ovat j\u00e4rjest\u00e4neet vuosittain Joulupuu-ker\u00e4yksen yhteisty\u00f6ss\u00e4 paikallisten kumppanien kanssa, jotka etsiv\u00e4t lahjan tarpeessa olevat lapset. Tuotto menee sataprosenttisesti Hollolan ja \u00a0Lahden v\u00e4h\u00e4varaisille lapsille. Ker\u00e4\u00e4mme aikaisempien vuosien tapaan vain alle 18-vuotiaille sopivia lahjakortteja. Kumppanimme hoitavat lahjakorttien jakelun asiakkailleen. Voit lahjoittaa haluamasi [&hellip;]","og_url":"https:\/\/rotary.fi\/hollola-salpakangas\/keita-olemme\/ilo-esitella\/","og_site_name":"Hollola-Salpakangas Rotaryklubi","article_modified_time":"2026-01-01T12:15:28+00:00","og_image":[{"width":2048,"height":1535,"url":"https:\/\/rotary.fi\/hollola-salpakangas\/wp-content\/uploads\/sites\/229\/2025\/09\/onkikisa.jpg","type":"image\/jpeg"}],"twitter_card":"summary_large_image","twitter_misc":{"Arvioitu lukuaika":"6 minuuttia"},"schema":{"@context":"https:\/\/schema.org","@graph":[{"@type":"WebPage","@id":"https:\/\/rotary.fi\/hollola-salpakangas\/keita-olemme\/ilo-esitella\/","url":"https:\/\/rotary.fi\/hollola-salpakangas\/keita-olemme\/ilo-esitella\/","name":"Ilo esitell\u00e4 - Hollola-Salpakangas Rotaryklubi","isPartOf":{"@id":"https:\/\/rotary.fi\/hollola-salpakangas\/#website"},"primaryImageOfPage":{"@id":"https:\/\/rotary.fi\/hollola-salpakangas\/keita-olemme\/ilo-esitella\/#primaryimage"},"image":{"@id":"https:\/\/rotary.fi\/hollola-salpakangas\/keita-olemme\/ilo-esitella\/#primaryimage"},"thumbnailUrl":"https:\/\/rotary.fi\/hollola-salpakangas\/wp-content\/uploads\/sites\/229\/2025\/09\/onkikisa-300x225.jpg","datePublished":"2018-08-10T11:04:45+00:00","dateModified":"2026-01-01T12:15:28+00:00","breadcrumb":{"@id":"https:\/\/rotary.fi\/hollola-salpakangas\/keita-olemme\/ilo-esitella\/#breadcrumb"},"inLanguage":"fi","potentialAction":[{"@type":"ReadAction","target":["https:\/\/rotary.fi\/hollola-salpakangas\/keita-olemme\/ilo-esitella\/"]}]},{"@type":"ImageObject","inLanguage":"fi","@id":"https:\/\/rotary.fi\/hollola-salpakangas\/keita-olemme\/ilo-esitella\/#primaryimage","url":"https:\/\/rotary.fi\/hollola-salpakangas\/wp-content\/uploads\/sites\/229\/2025\/09\/onkikisa.jpg","contentUrl":"https:\/\/rotary.fi\/hollola-salpakangas\/wp-content\/uploads\/sites\/229\/2025\/09\/onkikisa.jpg","width":2048,"height":1535},{"@type":"BreadcrumbList","@id":"https:\/\/rotary.fi\/hollola-salpakangas\/keita-olemme\/ilo-esitella\/#breadcrumb","itemListElement":[{"@type":"ListItem","position":1,"name":"Home","item":"https:\/\/rotary.fi\/hollola-salpakangas\/"},{"@type":"ListItem","position":2,"name":"Keit\u00e4 olemme","item":"https:\/\/rotary.fi\/hollola-salpakangas\/keita-olemme\/"},{"@type":"ListItem","position":3,"name":"Ilo esitell\u00e4"}]},{"@type":"WebSite","@id":"https:\/\/rotary.fi\/hollola-salpakangas\/#website","url":"https:\/\/rotary.fi\/hollola-salpakangas\/","name":"Hollola-Salpakangas Rotaryklubi","description":"Uusi Rotary klubisivusto","potentialAction":[{"@type":"SearchAction","target":{"@type":"EntryPoint","urlTemplate":"https:\/\/rotary.fi\/hollola-salpakangas\/?s={search_term_string}"},"query-input":{"@type":"PropertyValueSpecification","valueRequired":true,"valueName":"search_term_string"}}],"inLanguage":"fi"}]}},"lang":"fi","translations":{"fi":142,"en":1438},"pll_sync_post":[],"_links":{"self":[{"href":"https:\/\/rotary.fi\/hollola-salpakangas\/wp-json\/wp\/v2\/pages\/142","targetHints":{"allow":["GET"]}}],"collection":[{"href":"https:\/\/rotary.fi\/hollola-salpakangas\/wp-json\/wp\/v2\/pages"}],"about":[{"href":"https:\/\/rotary.fi\/hollola-salpakangas\/wp-json\/wp\/v2\/types\/page"}],"author":[{"embeddable":true,"href":"https:\/\/rotary.fi\/hollola-salpakangas\/wp-json\/wp\/v2\/users\/1"}],"replies":[{"embeddable":true,"href":"https:\/\/rotary.fi\/hollola-salpakangas\/wp-json\/wp\/v2\/comments?post=142"}],"version-history":[{"count":10,"href":"https:\/\/rotary.fi\/hollola-salpakangas\/wp-json\/wp\/v2\/pages\/142\/revisions"}],"predecessor-version":[{"id":2760,"href":"https:\/\/rotary.fi\/hollola-salpakangas\/wp-json\/wp\/v2\/pages\/142\/revisions\/2760"}],"up":[{"embeddable":true,"href":"https:\/\/rotary.fi\/hollola-salpakangas\/wp-json\/wp\/v2\/pages\/129"}],"wp:attachment":[{"href":"https:\/\/rotary.fi\/hollola-salpakangas\/wp-json\/wp\/v2\/media?parent=142"}],"curies":[{"name":"wp","href":"https:\/\/api.w.org\/{rel}","templated":true}]}}