{"id":273,"date":"2018-10-24T11:32:22","date_gmt":"2018-10-24T08:32:22","guid":{"rendered":"https:\/\/rotary.fi\/herttoniemi\/?page_id=273"},"modified":"2026-03-09T19:07:15","modified_gmt":"2026-03-09T17:07:15","slug":"olemme-osa-piiria-1420","status":"publish","type":"page","link":"https:\/\/rotary.fi\/herttoniemi\/etusivu\/keita-olemme\/olemme-osa-piiria-1420\/","title":{"rendered":"Olemme osa piiri\u00e4 1420"},"content":{"rendered":"<p>[et_pb_section fb_built=&#8221;1&#8243; specialty=&#8221;on&#8221; module_class_2=&#8221;sivupalkki&#8221; _builder_version=&#8221;4.27.4&#8243; inner_max_width=&#8221;none&#8221; link_option_url=&#8221;https:\/\/rotary.fi\/d1420\/&#8221; global_colors_info=&#8221;{}&#8221;][et_pb_column type=&#8221;2_3&#8243; specialty_columns=&#8221;2&#8243; _builder_version=&#8221;4.16&#8243; custom_padding=&#8221;|||&#8221; global_colors_info=&#8221;{}&#8221; custom_padding__hover=&#8221;|||&#8221;][et_pb_row_inner admin_label=&#8221;Rivi&#8221; _builder_version=&#8221;4.16&#8243; global_colors_info=&#8221;{}&#8221;][et_pb_column_inner saved_specialty_column_type=&#8221;2_3&#8243; _builder_version=&#8221;4.16&#8243; custom_padding=&#8221;|||&#8221; global_colors_info=&#8221;{}&#8221; custom_padding__hover=&#8221;|||&#8221;][et_pb_text admin_label=&#8221;Rotarypiirit &#8211; Otsikko&#8221; _builder_version=&#8221;4.27.4&#8243; text_orientation=&#8221;center&#8221; min_height=&#8221;479.5px&#8221; custom_margin=&#8221;33px|||||&#8221; custom_padding=&#8221;||10px|||&#8221; global_colors_info=&#8221;{}&#8221;]<\/p>\n<h1><img loading=\"lazy\" decoding=\"async\" src=\"https:\/\/rotary.fi\/herttoniemi\/wp-content\/uploads\/sites\/143\/2026\/02\/piirikonferenssi-1-300x132.jpg\" width=\"575\" height=\"253\" alt=\"\" class=\"wp-image-2975 alignnone size-medium\" \/><\/h1>\n<h1>Rotarypiirit<\/h1>\n<p>[\/et_pb_text][et_pb_text _builder_version=&#8221;4.27.4&#8243; custom_margin=&#8221;-118px|||||&#8221; custom_padding=&#8221;0px||18px|||&#8221; link_option_url=&#8221;https:\/\/rotary.fi\/d1420\/&#8221; global_colors_info=&#8221;{}&#8221;]<\/p>\n<p><strong>Suomessa on viisi rotarypiiri\u00e4, joihin kuuluu Suomen lis\u00e4ksi Viro. Jokaista piiri\u00e4 johtaa piirikuvern\u00f6\u00f6ri.<\/strong><\/p>\n<p><strong>Oman piirimme D1420 kuvern\u00f6\u00f6ri toimintavuotena 2025\u20132026 on DG Jere Jantunen.<\/strong><\/p>\n<p><strong>Kuvern\u00f6\u00f6rin tukena toimivat piirineuvosto, komiteat ja toimikunnat sek\u00e4 piirin eri alueiden apulaiskuvern\u00f6\u00f6rit. Klubit tekev\u00e4t ehdotukset kuvern\u00f6\u00f6reist\u00e4, ja piirin nime\u00e4miskomitea valitsee ehdokkaista sopivimmaksi katsomansa kuvern\u00f6\u00f6rin. Tuleva kuvern\u00f6\u00f6ri nimitet\u00e4\u00e4n Rotary Internationalin maailmankonferenssissa.<\/strong><\/p>\n<p><strong>Piiri j\u00e4rjest\u00e4\u00e4 klubeille useita tapahtumia vuoden aikana. Niist\u00e4 t\u00e4rkein on tulevien klubipresidenttien ja klubivirkailijoiden koulutusseminaari (PELS).<\/strong><\/p>\n<p><strong>Piirikokous j\u00e4rjestet\u00e4\u00e4n yleens\u00e4 syksyisin ja juhlava piirikonferenssi kev\u00e4isin.<\/strong><\/p>\n<p><strong>Piirikuvern\u00f6\u00f6ri vierailee kaikissa piirins\u00e4 klubeissa toimivuotensa aikana. Apulaiskuvern\u00f6\u00f6rit vierailevat oman alueensa klubeissa.<\/strong><\/p>\n<p><strong><span style=\"color: #0000ff\">Linkki piirin sivuille<\/span>.<\/strong><\/p>\n<p>[\/et_pb_text][\/et_pb_column_inner][\/et_pb_row_inner][\/et_pb_column][et_pb_column type=&#8221;1_3&#8243; _builder_version=&#8221;4.16&#8243; custom_padding=&#8221;|||&#8221; global_colors_info=&#8221;{}&#8221; custom_padding__hover=&#8221;|||&#8221;][et_pb_sidebar area=&#8221;sidebar-1&#8243; module_class=&#8221;sivupalkki_sisalto&#8221; _builder_version=&#8221;4.16&#8243; locked=&#8221;on&#8221; global_colors_info=&#8221;{}&#8221;]<br \/>\n[\/et_pb_sidebar][\/et_pb_column][\/et_pb_section]<\/p>\n","protected":false},"excerpt":{"rendered":"<p>RotarypiiritSuomessa on viisi rotarypiiri\u00e4, joihin kuuluu Suomen lis\u00e4ksi Viro. Jokaista piiri\u00e4 johtaa piirikuvern\u00f6\u00f6ri. Oman piirimme D1420 kuvern\u00f6\u00f6ri toimintavuotena 2025\u20132026 on DG Jere Jantunen. Kuvern\u00f6\u00f6rin tukena toimivat piirineuvosto, komiteat ja toimikunnat sek\u00e4 piirin eri alueiden apulaiskuvern\u00f6\u00f6rit. Klubit tekev\u00e4t ehdotukset kuvern\u00f6\u00f6reist\u00e4, ja piirin nime\u00e4miskomitea valitsee ehdokkaista sopivimmaksi katsomansa kuvern\u00f6\u00f6rin. Tuleva kuvern\u00f6\u00f6ri nimitet\u00e4\u00e4n Rotary Internationalin maailmankonferenssissa. Piiri j\u00e4rjest\u00e4\u00e4 [&hellip;]<\/p>\n","protected":false},"author":1,"featured_media":0,"parent":129,"menu_order":0,"comment_status":"closed","ping_status":"closed","template":"","meta":{"_acf_changed":false,"_et_pb_use_builder":"on","_et_pb_old_content":"","_et_gb_content_width":"","footnotes":""},"class_list":["post-273","page","type-page","status-publish","hentry"],"acf":[],"yoast_head":"<!-- This site is optimized with the Yoast SEO plugin v27.0 - https:\/\/yoast.com\/product\/yoast-seo-wordpress\/ -->\n<title>Olemme osa piiri\u00e4 1420 - Herttoniemi - Herton\u00e4s Rotaryklubi ry<\/title>\n<meta name=\"robots\" content=\"index, follow, max-snippet:-1, max-image-preview:large, max-video-preview:-1\" \/>\n<link rel=\"canonical\" href=\"https:\/\/rotary.fi\/herttoniemi\/etusivu\/keita-olemme\/olemme-osa-piiria-1420\/\" \/>\n<meta property=\"og:locale\" content=\"fi_FI\" \/>\n<meta property=\"og:type\" content=\"article\" \/>\n<meta property=\"og:title\" content=\"Olemme osa piiri\u00e4 1420 - Herttoniemi - Herton\u00e4s Rotaryklubi ry\" \/>\n<meta property=\"og:description\" content=\"RotarypiiritSuomessa on viisi rotarypiiri\u00e4, joihin kuuluu Suomen lis\u00e4ksi Viro. Jokaista piiri\u00e4 johtaa piirikuvern\u00f6\u00f6ri. Oman piirimme D1420 kuvern\u00f6\u00f6ri toimintavuotena 2025\u20132026 on DG Jere Jantunen. Kuvern\u00f6\u00f6rin tukena toimivat piirineuvosto, komiteat ja toimikunnat sek\u00e4 piirin eri alueiden apulaiskuvern\u00f6\u00f6rit. Klubit tekev\u00e4t ehdotukset kuvern\u00f6\u00f6reist\u00e4, ja piirin nime\u00e4miskomitea valitsee ehdokkaista sopivimmaksi katsomansa kuvern\u00f6\u00f6rin. Tuleva kuvern\u00f6\u00f6ri nimitet\u00e4\u00e4n Rotary Internationalin maailmankonferenssissa. Piiri j\u00e4rjest\u00e4\u00e4 [&hellip;]\" \/>\n<meta property=\"og:url\" content=\"https:\/\/rotary.fi\/herttoniemi\/etusivu\/keita-olemme\/olemme-osa-piiria-1420\/\" \/>\n<meta property=\"og:site_name\" content=\"Herttoniemi - Herton\u00e4s Rotaryklubi ry\" \/>\n<meta property=\"article:modified_time\" content=\"2026-03-09T17:07:15+00:00\" \/>\n<meta property=\"og:image\" content=\"https:\/\/rotary.fi\/herttoniemi\/wp-content\/uploads\/sites\/143\/2026\/02\/piirikonferenssi-1.jpg\" \/>\n\t<meta property=\"og:image:width\" content=\"2048\" \/>\n\t<meta property=\"og:image:height\" content=\"903\" \/>\n\t<meta property=\"og:image:type\" content=\"image\/jpeg\" \/>\n<meta name=\"twitter:card\" content=\"summary_large_image\" \/>\n<meta name=\"twitter:label1\" content=\"Arvioitu lukuaika\" \/>\n\t<meta name=\"twitter:data1\" content=\"2 minuuttia\" \/>\n<script type=\"application\/ld+json\" class=\"yoast-schema-graph\">{\"@context\":\"https:\/\/schema.org\",\"@graph\":[{\"@type\":\"WebPage\",\"@id\":\"https:\/\/rotary.fi\/herttoniemi\/etusivu\/keita-olemme\/olemme-osa-piiria-1420\/\",\"url\":\"https:\/\/rotary.fi\/herttoniemi\/etusivu\/keita-olemme\/olemme-osa-piiria-1420\/\",\"name\":\"Olemme osa piiri\u00e4 1420 - Herttoniemi - Herton\u00e4s Rotaryklubi ry\",\"isPartOf\":{\"@id\":\"https:\/\/rotary.fi\/herttoniemi\/#website\"},\"primaryImageOfPage\":{\"@id\":\"https:\/\/rotary.fi\/herttoniemi\/etusivu\/keita-olemme\/olemme-osa-piiria-1420\/#primaryimage\"},\"image\":{\"@id\":\"https:\/\/rotary.fi\/herttoniemi\/etusivu\/keita-olemme\/olemme-osa-piiria-1420\/#primaryimage\"},\"thumbnailUrl\":\"https:\/\/rotary.fi\/herttoniemi\/wp-content\/uploads\/sites\/143\/2026\/02\/piirikonferenssi-1-300x132.jpg\",\"datePublished\":\"2018-10-24T08:32:22+00:00\",\"dateModified\":\"2026-03-09T17:07:15+00:00\",\"breadcrumb\":{\"@id\":\"https:\/\/rotary.fi\/herttoniemi\/etusivu\/keita-olemme\/olemme-osa-piiria-1420\/#breadcrumb\"},\"inLanguage\":\"fi\",\"potentialAction\":[{\"@type\":\"ReadAction\",\"target\":[\"https:\/\/rotary.fi\/herttoniemi\/etusivu\/keita-olemme\/olemme-osa-piiria-1420\/\"]}]},{\"@type\":\"ImageObject\",\"inLanguage\":\"fi\",\"@id\":\"https:\/\/rotary.fi\/herttoniemi\/etusivu\/keita-olemme\/olemme-osa-piiria-1420\/#primaryimage\",\"url\":\"https:\/\/rotary.fi\/herttoniemi\/wp-content\/uploads\/sites\/143\/2026\/02\/piirikonferenssi-1.jpg\",\"contentUrl\":\"https:\/\/rotary.fi\/herttoniemi\/wp-content\/uploads\/sites\/143\/2026\/02\/piirikonferenssi-1.jpg\",\"width\":2048,\"height\":903},{\"@type\":\"BreadcrumbList\",\"@id\":\"https:\/\/rotary.fi\/herttoniemi\/etusivu\/keita-olemme\/olemme-osa-piiria-1420\/#breadcrumb\",\"itemListElement\":[{\"@type\":\"ListItem\",\"position\":1,\"name\":\"Home\",\"item\":\"https:\/\/rotary.fi\/herttoniemi\/\"},{\"@type\":\"ListItem\",\"position\":2,\"name\":\"Etusivu\",\"item\":\"https:\/\/rotary.fi\/herttoniemi\/\"},{\"@type\":\"ListItem\",\"position\":3,\"name\":\"Keit\u00e4 olemme\",\"item\":\"https:\/\/rotary.fi\/herttoniemi\/etusivu\/keita-olemme\/\"},{\"@type\":\"ListItem\",\"position\":4,\"name\":\"Olemme osa piiri\u00e4 1420\"}]},{\"@type\":\"WebSite\",\"@id\":\"https:\/\/rotary.fi\/herttoniemi\/#website\",\"url\":\"https:\/\/rotary.fi\/herttoniemi\/\",\"name\":\"Herttoniemi - Herton\u00e4s Rotaryklubi ry\",\"description\":\"Uusi Rotary klubisivusto\",\"potentialAction\":[{\"@type\":\"SearchAction\",\"target\":{\"@type\":\"EntryPoint\",\"urlTemplate\":\"https:\/\/rotary.fi\/herttoniemi\/?s={search_term_string}\"},\"query-input\":{\"@type\":\"PropertyValueSpecification\",\"valueRequired\":true,\"valueName\":\"search_term_string\"}}],\"inLanguage\":\"fi\"}]}<\/script>\n<!-- \/ Yoast SEO plugin. -->","yoast_head_json":{"title":"Olemme osa piiri\u00e4 1420 - Herttoniemi - Herton\u00e4s Rotaryklubi ry","robots":{"index":"index","follow":"follow","max-snippet":"max-snippet:-1","max-image-preview":"max-image-preview:large","max-video-preview":"max-video-preview:-1"},"canonical":"https:\/\/rotary.fi\/herttoniemi\/etusivu\/keita-olemme\/olemme-osa-piiria-1420\/","og_locale":"fi_FI","og_type":"article","og_title":"Olemme osa piiri\u00e4 1420 - Herttoniemi - Herton\u00e4s Rotaryklubi ry","og_description":"RotarypiiritSuomessa on viisi rotarypiiri\u00e4, joihin kuuluu Suomen lis\u00e4ksi Viro. Jokaista piiri\u00e4 johtaa piirikuvern\u00f6\u00f6ri. Oman piirimme D1420 kuvern\u00f6\u00f6ri toimintavuotena 2025\u20132026 on DG Jere Jantunen. Kuvern\u00f6\u00f6rin tukena toimivat piirineuvosto, komiteat ja toimikunnat sek\u00e4 piirin eri alueiden apulaiskuvern\u00f6\u00f6rit. Klubit tekev\u00e4t ehdotukset kuvern\u00f6\u00f6reist\u00e4, ja piirin nime\u00e4miskomitea valitsee ehdokkaista sopivimmaksi katsomansa kuvern\u00f6\u00f6rin. Tuleva kuvern\u00f6\u00f6ri nimitet\u00e4\u00e4n Rotary Internationalin maailmankonferenssissa. Piiri j\u00e4rjest\u00e4\u00e4 [&hellip;]","og_url":"https:\/\/rotary.fi\/herttoniemi\/etusivu\/keita-olemme\/olemme-osa-piiria-1420\/","og_site_name":"Herttoniemi - Herton\u00e4s Rotaryklubi ry","article_modified_time":"2026-03-09T17:07:15+00:00","og_image":[{"width":2048,"height":903,"url":"https:\/\/rotary.fi\/herttoniemi\/wp-content\/uploads\/sites\/143\/2026\/02\/piirikonferenssi-1.jpg","type":"image\/jpeg"}],"twitter_card":"summary_large_image","twitter_misc":{"Arvioitu lukuaika":"2 minuuttia"},"schema":{"@context":"https:\/\/schema.org","@graph":[{"@type":"WebPage","@id":"https:\/\/rotary.fi\/herttoniemi\/etusivu\/keita-olemme\/olemme-osa-piiria-1420\/","url":"https:\/\/rotary.fi\/herttoniemi\/etusivu\/keita-olemme\/olemme-osa-piiria-1420\/","name":"Olemme osa piiri\u00e4 1420 - Herttoniemi - Herton\u00e4s Rotaryklubi ry","isPartOf":{"@id":"https:\/\/rotary.fi\/herttoniemi\/#website"},"primaryImageOfPage":{"@id":"https:\/\/rotary.fi\/herttoniemi\/etusivu\/keita-olemme\/olemme-osa-piiria-1420\/#primaryimage"},"image":{"@id":"https:\/\/rotary.fi\/herttoniemi\/etusivu\/keita-olemme\/olemme-osa-piiria-1420\/#primaryimage"},"thumbnailUrl":"https:\/\/rotary.fi\/herttoniemi\/wp-content\/uploads\/sites\/143\/2026\/02\/piirikonferenssi-1-300x132.jpg","datePublished":"2018-10-24T08:32:22+00:00","dateModified":"2026-03-09T17:07:15+00:00","breadcrumb":{"@id":"https:\/\/rotary.fi\/herttoniemi\/etusivu\/keita-olemme\/olemme-osa-piiria-1420\/#breadcrumb"},"inLanguage":"fi","potentialAction":[{"@type":"ReadAction","target":["https:\/\/rotary.fi\/herttoniemi\/etusivu\/keita-olemme\/olemme-osa-piiria-1420\/"]}]},{"@type":"ImageObject","inLanguage":"fi","@id":"https:\/\/rotary.fi\/herttoniemi\/etusivu\/keita-olemme\/olemme-osa-piiria-1420\/#primaryimage","url":"https:\/\/rotary.fi\/herttoniemi\/wp-content\/uploads\/sites\/143\/2026\/02\/piirikonferenssi-1.jpg","contentUrl":"https:\/\/rotary.fi\/herttoniemi\/wp-content\/uploads\/sites\/143\/2026\/02\/piirikonferenssi-1.jpg","width":2048,"height":903},{"@type":"BreadcrumbList","@id":"https:\/\/rotary.fi\/herttoniemi\/etusivu\/keita-olemme\/olemme-osa-piiria-1420\/#breadcrumb","itemListElement":[{"@type":"ListItem","position":1,"name":"Home","item":"https:\/\/rotary.fi\/herttoniemi\/"},{"@type":"ListItem","position":2,"name":"Etusivu","item":"https:\/\/rotary.fi\/herttoniemi\/"},{"@type":"ListItem","position":3,"name":"Keit\u00e4 olemme","item":"https:\/\/rotary.fi\/herttoniemi\/etusivu\/keita-olemme\/"},{"@type":"ListItem","position":4,"name":"Olemme osa piiri\u00e4 1420"}]},{"@type":"WebSite","@id":"https:\/\/rotary.fi\/herttoniemi\/#website","url":"https:\/\/rotary.fi\/herttoniemi\/","name":"Herttoniemi - Herton\u00e4s Rotaryklubi ry","description":"Uusi Rotary klubisivusto","potentialAction":[{"@type":"SearchAction","target":{"@type":"EntryPoint","urlTemplate":"https:\/\/rotary.fi\/herttoniemi\/?s={search_term_string}"},"query-input":{"@type":"PropertyValueSpecification","valueRequired":true,"valueName":"search_term_string"}}],"inLanguage":"fi"}]}},"lang":"fi","translations":{"fi":273},"pll_sync_post":[],"_links":{"self":[{"href":"https:\/\/rotary.fi\/herttoniemi\/wp-json\/wp\/v2\/pages\/273","targetHints":{"allow":["GET"]}}],"collection":[{"href":"https:\/\/rotary.fi\/herttoniemi\/wp-json\/wp\/v2\/pages"}],"about":[{"href":"https:\/\/rotary.fi\/herttoniemi\/wp-json\/wp\/v2\/types\/page"}],"author":[{"embeddable":true,"href":"https:\/\/rotary.fi\/herttoniemi\/wp-json\/wp\/v2\/users\/1"}],"replies":[{"embeddable":true,"href":"https:\/\/rotary.fi\/herttoniemi\/wp-json\/wp\/v2\/comments?post=273"}],"version-history":[{"count":11,"href":"https:\/\/rotary.fi\/herttoniemi\/wp-json\/wp\/v2\/pages\/273\/revisions"}],"predecessor-version":[{"id":2998,"href":"https:\/\/rotary.fi\/herttoniemi\/wp-json\/wp\/v2\/pages\/273\/revisions\/2998"}],"up":[{"embeddable":true,"href":"https:\/\/rotary.fi\/herttoniemi\/wp-json\/wp\/v2\/pages\/129"}],"wp:attachment":[{"href":"https:\/\/rotary.fi\/herttoniemi\/wp-json\/wp\/v2\/media?parent=273"}],"curies":[{"name":"wp","href":"https:\/\/api.w.org\/{rel}","templated":true}]}}