{"id":2352,"date":"2026-01-18T10:18:56","date_gmt":"2026-01-18T08:18:56","guid":{"rendered":"https:\/\/rotary.fi\/herttoniemi\/?page_id=2352"},"modified":"2026-03-30T14:41:32","modified_gmt":"2026-03-30T11:41:32","slug":"ajankohtaista","status":"publish","type":"page","link":"https:\/\/rotary.fi\/herttoniemi\/ajankohtaista\/","title":{"rendered":"Ajankohtaista"},"content":{"rendered":"<p>[et_pb_section fb_built=&#8221;1&#8243; _builder_version=&#8221;4.27.4&#8243; _module_preset=&#8221;default&#8221; global_colors_info=&#8221;{}&#8221;][et_pb_row _builder_version=&#8221;4.27.4&#8243; _module_preset=&#8221;default&#8221; global_colors_info=&#8221;{}&#8221;][et_pb_column type=&#8221;4_4&#8243; _builder_version=&#8221;4.27.4&#8243; _module_preset=&#8221;default&#8221; global_colors_info=&#8221;{}&#8221;][et_pb_text _builder_version=&#8221;4.27.4&#8243; _module_preset=&#8221;default&#8221; custom_padding=&#8221;0px|||||&#8221; inline_fonts=&#8221;Abel,ABeeZee,Abril Fatface,Abhaya Libre&#8221; global_colors_info=&#8221;{}&#8221; hover_enabled=&#8221;0&#8243; sticky_enabled=&#8221;0&#8243;]<\/p>\n<p style=\"text-align: justify\"><span style=\"font-size: x-large\"><strong>Viikkokokouksessamme 31.3. Kulosaaren Yhteiskoululla Helsingin Yliopiston kirkkohistorian professori ja yleisen historian dosentti Tuomas Heikkil\u00e4 pit\u00e4\u00e4 esitelm\u00e4n &#8221;Piispa Henrik ja Lalli &#8211; totta vai tarua.&#8221;\u00a0 Tuomas Heikkil\u00e4 on toiminut mm. Suomen Rooman instituutin johtajana. H\u00e4n on my\u00f6s juuri saanut Helsingin Yliopiston J.V.Snellmanin tiedon-julkistamispalkinnon. <\/strong><\/span><\/p>\n<p style=\"text-align: justify\"><span style=\"font-size: x-large\"><strong>Viikkokokouksessamme 7.4. Kulosaaren Yhteiskoululla saamme vaihto-oppilaskuu-lumiset ja Jukka Ahosen yhteenvedon RI-lehden jutuista. <\/strong><\/span><\/p>\n<p style=\"text-align: justify\"><span style=\"font-size: x-large\"><strong>Viikkokokouksessamme 14.4. Kulosaaren Yhteiskoululla Turvakoti Hertan vastaava sosiaality\u00f6ntekij\u00e4 Hannaleena Immonen esittelee turvakodin toimintaa ja ideoi klubimme suunnittelemaa projektia. <\/strong><\/span><\/p>\n<p style=\"text-align: justify\"><span style=\"font-size: x-large\"><strong>Lauantaina 18.4. on piirikonferenssi ja iltajuhla Kalastajatorpalla, joihin kaikki j\u00e4senet ovat tervetulleita. Ilmoittautuminen viimeist\u00e4\u00e4n 2.4. (ks. Tulevat tapahtumat).<\/strong><\/span><\/p>\n<p style=\"text-align: justify\"><span style=\"font-size: x-large\"><strong> Viikkokokouksessamme 21.4. Kulosaaren Yhteiskoululla eversti evp Petteri Kajanmaan aiheena on &#8221;NATO ja Suomen puolustus&#8221;. Kajanmaa oli ennen reserviin siirtymist\u00e4\u00e4n vuodesta 2019 MPKK:n sotataidon laitoksen johtaja ja vuodesta 2022 h\u00e4n toimi NATOn esikunnassa Belgiassa teht\u00e4v\u00e4n\u00e4\u00e4n Suomen puolustuksen NATO-yhteensopivuuden kehitt\u00e4minen. <\/strong><\/span><\/p>\n<p style=\"text-align: justify\"><span style=\"font-size: x-large\"><strong>Keskiviikkona 22.4. klo 18.00 on Eiran Rotaryklubin j\u00e4rjest\u00e4m\u00e4 musiikki-ilta Viinikahvila Feeniksiss\u00e4, Pohjoinen Rautatiekatu 9 (Sibelius Akatemian talo). Tilaisuuden tuotolla tuetaan vaihto-oppilastoimintaa. Liput 30 \u20ac \/ kpl. Ilmoittautuminen s\u00e4hk\u00f6isesti linkin kautta: <span style=\"font-family: 'Abhaya Libre';font-weight: normal\"><em><span style=\"text-decoration: underline\"><span style=\"font-size: x-large\"><a href=\"https:\/\/forms.gle\/EmSVp549t7JG7ja8\">https:\/\/forms.gle\/EmSVp549t7JG7ja8<\/a>.<\/span><\/span><\/em><\/span><\/strong><\/span><\/p>\n<p style=\"text-align: justify\"><span style=\"font-size: x-large\"><strong>Viikkokokouksessamme 28.4. Kulosaaren Yhteiskoululla kuulemme ajankohtaista asiaa Rotarys\u00e4\u00e4ti\u00f6st\u00e4 ja avaamme kev\u00e4\u00e4n EREY-kampanjan.<\/strong><\/span><span style=\"font-size: x-large\"><strong><span style=\"font-family: 'Abhaya Libre';font-weight: normal\"><em><span style=\"text-decoration: underline\"><span style=\"font-size: x-large\"><\/span><\/span><\/em><\/span><\/strong><\/span><\/p>\n<h3 style=\"text-align: justify\"><\/h3>\n<p style=\"text-align: justify\"><span style=\"font-size: x-large;font-family: 'Abril Fatface';font-weight: normal\"><strong><\/strong><\/span><\/p>\n<p style=\"text-align: justify\"><span style=\"font-size: x-large;font-family: 'Abril Fatface';font-weight: normal\"><\/span><\/p>\n<p>[\/et_pb_text][\/et_pb_column][\/et_pb_row][\/et_pb_section]<\/p>\n","protected":false},"excerpt":{"rendered":"<p>Viikkokokouksessamme 31.3. Kulosaaren Yhteiskoululla Helsingin Yliopiston kirkkohistorian professori ja yleisen historian dosentti Tuomas Heikkil\u00e4 pit\u00e4\u00e4 esitelm\u00e4n &#8221;Piispa Henrik ja Lalli &#8211; totta vai tarua.&#8221;\u00a0 Tuomas Heikkil\u00e4 on toiminut mm. Suomen Rooman instituutin johtajana. H\u00e4n on my\u00f6s juuri saanut Helsingin Yliopiston J.V.Snellmanin tiedon-julkistamispalkinnon. Viikkokokouksessamme 7.4. Kulosaaren Yhteiskoululla saamme vaihto-oppilaskuu-lumiset ja Jukka Ahosen yhteenvedon RI-lehden jutuista. Viikkokokouksessamme [&hellip;]<\/p>\n","protected":false},"author":833,"featured_media":0,"parent":0,"menu_order":5,"comment_status":"closed","ping_status":"closed","template":"","meta":{"_acf_changed":false,"_et_pb_use_builder":"on","_et_pb_old_content":"","_et_gb_content_width":"","footnotes":""},"class_list":["post-2352","page","type-page","status-publish","hentry"],"acf":[],"yoast_head":"<!-- This site is optimized with the Yoast SEO plugin v27.0 - https:\/\/yoast.com\/product\/yoast-seo-wordpress\/ -->\n<title>Ajankohtaista - Herttoniemi - Herton\u00e4s Rotaryklubi ry<\/title>\n<meta name=\"robots\" content=\"index, follow, max-snippet:-1, max-image-preview:large, max-video-preview:-1\" \/>\n<link rel=\"canonical\" href=\"https:\/\/rotary.fi\/herttoniemi\/ajankohtaista\/\" \/>\n<meta property=\"og:locale\" content=\"fi_FI\" \/>\n<meta property=\"og:type\" content=\"article\" \/>\n<meta property=\"og:title\" content=\"Ajankohtaista - Herttoniemi - Herton\u00e4s Rotaryklubi ry\" \/>\n<meta property=\"og:description\" content=\"Viikkokokouksessamme 31.3. Kulosaaren Yhteiskoululla Helsingin Yliopiston kirkkohistorian professori ja yleisen historian dosentti Tuomas Heikkil\u00e4 pit\u00e4\u00e4 esitelm\u00e4n &quot;Piispa Henrik ja Lalli - totta vai tarua.&quot;\u00a0 Tuomas Heikkil\u00e4 on toiminut mm. Suomen Rooman instituutin johtajana. H\u00e4n on my\u00f6s juuri saanut Helsingin Yliopiston J.V.Snellmanin tiedon-julkistamispalkinnon. Viikkokokouksessamme 7.4. Kulosaaren Yhteiskoululla saamme vaihto-oppilaskuu-lumiset ja Jukka Ahosen yhteenvedon RI-lehden jutuista. Viikkokokouksessamme [&hellip;]\" \/>\n<meta property=\"og:url\" content=\"https:\/\/rotary.fi\/herttoniemi\/ajankohtaista\/\" \/>\n<meta property=\"og:site_name\" content=\"Herttoniemi - Herton\u00e4s Rotaryklubi ry\" \/>\n<meta property=\"article:modified_time\" content=\"2026-03-30T11:41:32+00:00\" \/>\n<meta name=\"twitter:card\" content=\"summary_large_image\" \/>\n<meta name=\"twitter:label1\" content=\"Arvioitu lukuaika\" \/>\n\t<meta name=\"twitter:data1\" content=\"1 minuutti\" \/>\n<script type=\"application\/ld+json\" class=\"yoast-schema-graph\">{\"@context\":\"https:\/\/schema.org\",\"@graph\":[{\"@type\":\"WebPage\",\"@id\":\"https:\/\/rotary.fi\/herttoniemi\/ajankohtaista\/\",\"url\":\"https:\/\/rotary.fi\/herttoniemi\/ajankohtaista\/\",\"name\":\"Ajankohtaista - Herttoniemi - Herton\u00e4s Rotaryklubi ry\",\"isPartOf\":{\"@id\":\"https:\/\/rotary.fi\/herttoniemi\/#website\"},\"datePublished\":\"2026-01-18T08:18:56+00:00\",\"dateModified\":\"2026-03-30T11:41:32+00:00\",\"breadcrumb\":{\"@id\":\"https:\/\/rotary.fi\/herttoniemi\/ajankohtaista\/#breadcrumb\"},\"inLanguage\":\"fi\",\"potentialAction\":[{\"@type\":\"ReadAction\",\"target\":[\"https:\/\/rotary.fi\/herttoniemi\/ajankohtaista\/\"]}]},{\"@type\":\"BreadcrumbList\",\"@id\":\"https:\/\/rotary.fi\/herttoniemi\/ajankohtaista\/#breadcrumb\",\"itemListElement\":[{\"@type\":\"ListItem\",\"position\":1,\"name\":\"Home\",\"item\":\"https:\/\/rotary.fi\/herttoniemi\/\"},{\"@type\":\"ListItem\",\"position\":2,\"name\":\"Ajankohtaista\"}]},{\"@type\":\"WebSite\",\"@id\":\"https:\/\/rotary.fi\/herttoniemi\/#website\",\"url\":\"https:\/\/rotary.fi\/herttoniemi\/\",\"name\":\"Herttoniemi - Herton\u00e4s Rotaryklubi ry\",\"description\":\"Uusi Rotary klubisivusto\",\"potentialAction\":[{\"@type\":\"SearchAction\",\"target\":{\"@type\":\"EntryPoint\",\"urlTemplate\":\"https:\/\/rotary.fi\/herttoniemi\/?s={search_term_string}\"},\"query-input\":{\"@type\":\"PropertyValueSpecification\",\"valueRequired\":true,\"valueName\":\"search_term_string\"}}],\"inLanguage\":\"fi\"}]}<\/script>\n<!-- \/ Yoast SEO plugin. -->","yoast_head_json":{"title":"Ajankohtaista - Herttoniemi - Herton\u00e4s Rotaryklubi ry","robots":{"index":"index","follow":"follow","max-snippet":"max-snippet:-1","max-image-preview":"max-image-preview:large","max-video-preview":"max-video-preview:-1"},"canonical":"https:\/\/rotary.fi\/herttoniemi\/ajankohtaista\/","og_locale":"fi_FI","og_type":"article","og_title":"Ajankohtaista - Herttoniemi - Herton\u00e4s Rotaryklubi ry","og_description":"Viikkokokouksessamme 31.3. Kulosaaren Yhteiskoululla Helsingin Yliopiston kirkkohistorian professori ja yleisen historian dosentti Tuomas Heikkil\u00e4 pit\u00e4\u00e4 esitelm\u00e4n \"Piispa Henrik ja Lalli - totta vai tarua.\"\u00a0 Tuomas Heikkil\u00e4 on toiminut mm. Suomen Rooman instituutin johtajana. H\u00e4n on my\u00f6s juuri saanut Helsingin Yliopiston J.V.Snellmanin tiedon-julkistamispalkinnon. Viikkokokouksessamme 7.4. Kulosaaren Yhteiskoululla saamme vaihto-oppilaskuu-lumiset ja Jukka Ahosen yhteenvedon RI-lehden jutuista. Viikkokokouksessamme [&hellip;]","og_url":"https:\/\/rotary.fi\/herttoniemi\/ajankohtaista\/","og_site_name":"Herttoniemi - Herton\u00e4s Rotaryklubi ry","article_modified_time":"2026-03-30T11:41:32+00:00","twitter_card":"summary_large_image","twitter_misc":{"Arvioitu lukuaika":"1 minuutti"},"schema":{"@context":"https:\/\/schema.org","@graph":[{"@type":"WebPage","@id":"https:\/\/rotary.fi\/herttoniemi\/ajankohtaista\/","url":"https:\/\/rotary.fi\/herttoniemi\/ajankohtaista\/","name":"Ajankohtaista - Herttoniemi - Herton\u00e4s Rotaryklubi ry","isPartOf":{"@id":"https:\/\/rotary.fi\/herttoniemi\/#website"},"datePublished":"2026-01-18T08:18:56+00:00","dateModified":"2026-03-30T11:41:32+00:00","breadcrumb":{"@id":"https:\/\/rotary.fi\/herttoniemi\/ajankohtaista\/#breadcrumb"},"inLanguage":"fi","potentialAction":[{"@type":"ReadAction","target":["https:\/\/rotary.fi\/herttoniemi\/ajankohtaista\/"]}]},{"@type":"BreadcrumbList","@id":"https:\/\/rotary.fi\/herttoniemi\/ajankohtaista\/#breadcrumb","itemListElement":[{"@type":"ListItem","position":1,"name":"Home","item":"https:\/\/rotary.fi\/herttoniemi\/"},{"@type":"ListItem","position":2,"name":"Ajankohtaista"}]},{"@type":"WebSite","@id":"https:\/\/rotary.fi\/herttoniemi\/#website","url":"https:\/\/rotary.fi\/herttoniemi\/","name":"Herttoniemi - Herton\u00e4s Rotaryklubi ry","description":"Uusi Rotary klubisivusto","potentialAction":[{"@type":"SearchAction","target":{"@type":"EntryPoint","urlTemplate":"https:\/\/rotary.fi\/herttoniemi\/?s={search_term_string}"},"query-input":{"@type":"PropertyValueSpecification","valueRequired":true,"valueName":"search_term_string"}}],"inLanguage":"fi"}]}},"lang":"fi","translations":{"fi":2352},"pll_sync_post":[],"_links":{"self":[{"href":"https:\/\/rotary.fi\/herttoniemi\/wp-json\/wp\/v2\/pages\/2352","targetHints":{"allow":["GET"]}}],"collection":[{"href":"https:\/\/rotary.fi\/herttoniemi\/wp-json\/wp\/v2\/pages"}],"about":[{"href":"https:\/\/rotary.fi\/herttoniemi\/wp-json\/wp\/v2\/types\/page"}],"author":[{"embeddable":true,"href":"https:\/\/rotary.fi\/herttoniemi\/wp-json\/wp\/v2\/users\/833"}],"replies":[{"embeddable":true,"href":"https:\/\/rotary.fi\/herttoniemi\/wp-json\/wp\/v2\/comments?post=2352"}],"version-history":[{"count":9,"href":"https:\/\/rotary.fi\/herttoniemi\/wp-json\/wp\/v2\/pages\/2352\/revisions"}],"predecessor-version":[{"id":3050,"href":"https:\/\/rotary.fi\/herttoniemi\/wp-json\/wp\/v2\/pages\/2352\/revisions\/3050"}],"wp:attachment":[{"href":"https:\/\/rotary.fi\/herttoniemi\/wp-json\/wp\/v2\/media?parent=2352"}],"curies":[{"name":"wp","href":"https:\/\/api.w.org\/{rel}","templated":true}]}}