{"id":129,"date":"2018-08-10T13:41:39","date_gmt":"2018-08-10T10:41:39","guid":{"rendered":"https:\/\/rotary.fi\/klubi2\/?page_id=129"},"modified":"2026-02-17T20:02:20","modified_gmt":"2026-02-17T18:02:20","slug":"keita-olemme","status":"publish","type":"page","link":"https:\/\/rotary.fi\/herttoniemi\/etusivu\/keita-olemme\/","title":{"rendered":"Keit\u00e4 olemme"},"content":{"rendered":"<p>[et_pb_section fb_built=&#8221;1&#8243; module_id=&#8221;iso&#8221; module_class=&#8221;jumbotron-page&#8221; _builder_version=&#8221;4.27.4&#8243; background_image=&#8221;https:\/\/rotary.fi\/herttoniemi\/wp-content\/uploads\/sites\/143\/2020\/02\/1220tiernapojat.jpg&#8221; min_height=&#8221;800px&#8221; custom_padding=&#8221;||||false|false&#8221; global_colors_info=&#8221;{}&#8221;][et_pb_row _builder_version=&#8221;4.27.4&#8243; background_size=&#8221;initial&#8221; background_position=&#8221;top_left&#8221; background_repeat=&#8221;repeat&#8221; min_height=&#8221;800px&#8221; custom_padding=&#8221;||||false|false&#8221; global_colors_info=&#8221;{}&#8221;][et_pb_column type=&#8221;4_4&#8243; _builder_version=&#8221;4.27.4&#8243; custom_padding=&#8221;|||&#8221; global_colors_info=&#8221;{}&#8221; custom_padding__hover=&#8221;|||&#8221;][et_pb_text admin_label=&#8221;P\u00e4\u00e4otsikko&#8221; _builder_version=&#8221;4.16&#8243; text_orientation=&#8221;center&#8221; background_layout=&#8221;dark&#8221; global_colors_info=&#8221;{}&#8221;]<\/p>\n<h1>Keit\u00e4 olemme<\/h1>\n<p>[\/et_pb_text][\/et_pb_column][\/et_pb_row][\/et_pb_section][et_pb_section fb_built=&#8221;1&#8243; specialty=&#8221;on&#8221; module_class_2=&#8221;sivupalkki&#8221; _builder_version=&#8221;4.16&#8243; global_colors_info=&#8221;{}&#8221;][et_pb_column type=&#8221;2_3&#8243; specialty_columns=&#8221;2&#8243; _builder_version=&#8221;4.16&#8243; custom_padding=&#8221;|||&#8221; global_colors_info=&#8221;{}&#8221; custom_padding__hover=&#8221;|||&#8221;][et_pb_row_inner admin_label=&#8221;Rivi&#8221; _builder_version=&#8221;4.16&#8243; global_colors_info=&#8221;{}&#8221;][et_pb_column_inner saved_specialty_column_type=&#8221;2_3&#8243; _builder_version=&#8221;4.16&#8243; custom_padding=&#8221;|||&#8221; global_colors_info=&#8221;{}&#8221; custom_padding__hover=&#8221;|||&#8221;][et_pb_text admin_label=&#8221;Otsikko&#8221; _builder_version=&#8221;4.16&#8243; text_orientation=&#8221;center&#8221; global_colors_info=&#8221;{}&#8221;]<\/p>\n<h1>Keit\u00e4 olemme<\/h1>\n<p>[\/et_pb_text][et_pb_text _builder_version=&#8221;4.27.4&#8243; global_colors_info=&#8221;{}&#8221;]<\/p>\n<p>Herttoniemen Rotaryklubi on aktiivinen it\u00e4-helsinkil\u00e4inen rotaryklubi, joka on toiminut vuodesta 1960 alkaen, eli yli 60 vuotta. Kokoonnumme viikkokokouksiin tiistaisin klo 17.00 \u2013 18.30 Kulosaaren Yhteiskoululla tapaamaan toisiamme, kuulemaan kiinnostavia esitelmi\u00e4 ja vaihtamaan kuulumisia. Panostamme omiin projekteihimme omalla paikkakunnallamme, ja kansainv\u00e4lisen rotarys\u00e4\u00e4ti\u00f6n kautta maailmanlaajuisesti. J\u00e4rjest\u00e4mme vierailuja erilaisiin yrityksiin ja laitoksiin sek\u00e4 retki\u00e4\/matkoja kiinnostaviin kohteisiin. Tuemme kansainv\u00e4lisen rotarys\u00e4\u00e4ti\u00f6n humanitaarisia projekteja. Osallistumme Rotaryn nuorisovaihtoon ja jaamme stipendej\u00e4 koululaisille.<\/p>\n<p>Vastaamme osasta rotarien vuosittaisen hyv\u00e4ntekev\u00e4isyystapahtuman, Silakkasoudun j\u00e4rjestelyist\u00e4 ja olemme aina omalla joukkueella mukana soutamassa. Silakkasoudussa soudetaan kirkkoveneill\u00e4 Kaisaniemenrannasta Kauppatorille silakkamarkkinoiden ava-jaisiin ja ker\u00e4t\u00e4\u00e4n varoja It\u00e4meren tilan parantamiseksi. Olemme mukana tukemassa nuorisovaihtoa, joka meid\u00e4n mielest\u00e4mme on mit\u00e4 parhainta ruohonjuuritason kan-sainv\u00e4listymis- ja rauhankasvatusta.<\/p>\n<p>Olemme korostaneet kouluttautumisen ja syrj\u00e4ytymisen v\u00e4hent\u00e4miseen liittyvien toimenpiteiden t\u00e4rkeytt\u00e4. Pid\u00e4mme arvossa kansainv\u00e4lisen Rotary Internationalin ponnisteluja ja j\u00e4rjest\u00f6n arvokasta ty\u00f6t\u00e4 muun muassa polion h\u00e4vitt\u00e4miseksi maapallolta. Pelk\u00e4st\u00e4\u00e4n t\u00e4h\u00e4n ty\u00f6h\u00f6n Rotary on suunnannut runsaasti vapaaehtoisty\u00f6t\u00e4 ja yli 1,2 miljardia US-dollaria rahallista apua.<\/p>\n<p>Tietoja klubistamme:<\/p>\n<ul>\n<li>Herttoniemi \u2013 Herton\u00e4s Rotaryklubi hyv\u00e4ksyttiin Rotary Internationalin j\u00e4seneksi 14.7.1960. Charter klubina toimi Kallio-Bergh\u00e4ll Rotaryklubi.<\/li>\n<li>Klubin (Rotary International) RI numero on 9983 ja se kuuluu rotarypiiriin 1420. Klubi rekister\u00f6ityi yhdistykseksi 4.8.2014.<\/li>\n<li>Herttoniemi \u2013 Herton\u00e4s Rotaryklubi ry:n rekisterinumero on 213.091.<\/li>\n<li>J\u00e4senm\u00e4\u00e4r\u00e4 oli rotaryvuoden 2025-2026 alussa 33 ja kaksi kunniaj\u00e4sent\u00e4.<\/li>\n<\/ul>\n<p>Rotary on Chicagossa 23.2.1905 perustettu, merkitt\u00e4v\u00e4 kansainv\u00e4linen palvelu- ja hyv\u00e4ntekev\u00e4isyysj\u00e4rjest\u00f6. Rotary Internationalin kotipaikka on Evanston, USA:n Illinoisissa. Tunnuslauseemme on \u201dPalvelu itsekkyyden edelle\u201d (Service Above Self). Rotaryyn kuuluu 1,2 miljoona j\u00e4sent\u00e4 35 000 klubissa yli 200 maassa. Suomi on jaettu viiteen rotarypiiriin, joista omaan Etel\u00e4-Suomen piiriimme kuuluvat my\u00f6s Viron klubit. Suomessa ja Virossa on yhteens\u00e4 300 klubia, joissa on runsaat 10 000 j\u00e4sent\u00e4.<\/p>\n<p>&nbsp;<\/p>\n<p>&nbsp;<\/p>\n<p>[\/et_pb_text][\/et_pb_column_inner][\/et_pb_row_inner][\/et_pb_column][et_pb_column type=&#8221;1_3&#8243; _builder_version=&#8221;4.16&#8243; custom_padding=&#8221;|||&#8221; global_colors_info=&#8221;{}&#8221; custom_padding__hover=&#8221;|||&#8221;][et_pb_sidebar area=&#8221;sidebar-1&#8243; module_class=&#8221;sivupalkki_sisalto&#8221; _builder_version=&#8221;4.16&#8243; locked=&#8221;on&#8221; global_colors_info=&#8221;{}&#8221;][\/et_pb_sidebar][\/et_pb_column][\/et_pb_section]<\/p>\n","protected":false},"excerpt":{"rendered":"<p>Keit\u00e4 olemmeKeit\u00e4 olemmeHerttoniemen Rotaryklubi on aktiivinen it\u00e4-helsinkil\u00e4inen rotaryklubi, joka on toiminut vuodesta 1960 alkaen, eli yli 60 vuotta. Kokoonnumme viikkokokouksiin tiistaisin klo 17.00 \u2013 18.30 Kulosaaren Yhteiskoululla tapaamaan toisiamme, kuulemaan kiinnostavia esitelmi\u00e4 ja vaihtamaan kuulumisia. Panostamme omiin projekteihimme omalla paikkakunnallamme, ja kansainv\u00e4lisen rotarys\u00e4\u00e4ti\u00f6n kautta maailmanlaajuisesti. J\u00e4rjest\u00e4mme vierailuja erilaisiin yrityksiin ja laitoksiin sek\u00e4 retki\u00e4\/matkoja kiinnostaviin kohteisiin. [&hellip;]<\/p>\n","protected":false},"author":1,"featured_media":0,"parent":15,"menu_order":0,"comment_status":"closed","ping_status":"closed","template":"","meta":{"_acf_changed":false,"_et_pb_use_builder":"on","_et_pb_old_content":"Herttoniemen Rotaryklubi on aktiivinen it\u00e4-helsinkil\u00e4inen rotaryklubi. Kokoonnumme tiistaisin Koulusaaren yhteiskoululle viikkokokoukseen klo 17.00-18.30 tapaamaan toisiamme, kuulemaan kiinnostavia esitelmi\u00e4 ja panostamalla omiin projekteihimme paikkakunnallamme. Meill\u00e4 on vierailuja erilaisissa kohteissa ja retki\u00e4\/matkoja kiinnostaviin paikkoihin. Tuemme kansainv\u00e4lisen Rotaryn humanitaarisia projekteja, osallistumme nuorisovaihtoon ja jaamme stipendej\u00e4 kouluttamisen tukemiseen.\r\n\r\nIt\u00e4meren puhtaus on meille elint\u00e4rke\u00e4\u00e4, johon liittyen meill\u00e4 on vuosittain Silakkasoutu-tapahtuma.\r\nOlemme mukana nuorisovaihdon tukemisessa. Meid\u00e4n mielest\u00e4mme nuorisovaihto on mit\u00e4 parhainta ruohonjuuritason kansainv\u00e4listymis- ja rauhankasvatusta.\r\nOlemme korostaneet kouluttautumisen t\u00e4rkeytt\u00e4 ja syrj\u00e4ytymisen v\u00e4hent\u00e4miseen liittyvi\u00e4 toimenpiteit\u00e4.\r\nPid\u00e4mme arvossa kansainv\u00e4lisen Rotary Internationalin ponnisteluja ja j\u00e4rjest\u00f6n arvokasta ty\u00f6t\u00e4 muun muassa polion h\u00e4vitt\u00e4miseksi maapallolta. Pelk\u00e4st\u00e4\u00e4n t\u00e4h\u00e4n ty\u00f6h\u00f6n Rotary on suunnannut runsaasti vapaaehtoisvoimaa sek\u00e4 yli 1,2 miljardia US-dollaria.\r\n\r\nHerttoniemi \u2013 Herton\u00e4s Rotaryklubi hyv\u00e4ksyttiin Rotary Internationalin j\u00e4seneksi 14.7.1960. Charter klubina toimi Kallio-Bergh\u00e4ll Rotaryklubi.\r\nKlubin (Rotary International) RI numero on 9983 ja se kuuluu rotarypiiriin 1420. Klubi rekister\u00f6ityi yhdistykseksi 4.8.2014. Herttoniemen Rotaryklubi \u2013 Herton\u00e4s Rotaryklubb ry:n rekisterinumero on 213.091\r\nJ\u00e4senm\u00e4\u00e4r\u00e4 oli rotaryvuoden 2018-19 alussa 40 ja yksi kunniaj\u00e4sen.\r\n\r\nVaikuttava kansainv\u00e4linen verkosto\r\nRotary on Chicagossa 23.2.1905 perustettu kansainv\u00e4linen palvelu- ja hyv\u00e4ntekev\u00e4isyysorganisaatio. Rotary Internationalin kotipaikka on Evanston, USA:n osavaltiossa Illinoisissa. Tunnuslauseemme on Palvelu itsekkyyden edelle (Service Above Self).\r\nRotaryyn kuuluu 1,2 miljoona j\u00e4sent\u00e4 35 000 klubissa yli 200 maassa. Rotary on merkitt\u00e4v\u00e4 kansainv\u00e4linen palvelu- ja hyv\u00e4ntekev\u00e4isyysj\u00e4rjest\u00f6. Suomi on jaettu kuuteen rotarypiiriin, joista yhteen kuuluvat my\u00f6s Viron klubit. Suomessa ja Virossa on yhteens\u00e4 300 klubia, joissa runsaat 10 000 j\u00e4sent\u00e4.\r\n\r\n\u00a0","_et_gb_content_width":"","footnotes":""},"class_list":["post-129","page","type-page","status-publish","hentry"],"acf":[],"yoast_head":"<!-- This site is optimized with the Yoast SEO plugin v27.0 - https:\/\/yoast.com\/product\/yoast-seo-wordpress\/ -->\n<title>Keit\u00e4 olemme - Herttoniemi - Herton\u00e4s Rotaryklubi ry<\/title>\n<meta name=\"robots\" content=\"index, follow, max-snippet:-1, max-image-preview:large, max-video-preview:-1\" \/>\n<link rel=\"canonical\" href=\"https:\/\/rotary.fi\/herttoniemi\/etusivu\/keita-olemme\/\" \/>\n<meta property=\"og:locale\" content=\"fi_FI\" \/>\n<meta property=\"og:type\" content=\"article\" \/>\n<meta property=\"og:title\" content=\"Keit\u00e4 olemme - Herttoniemi - Herton\u00e4s Rotaryklubi ry\" \/>\n<meta property=\"og:description\" content=\"Keit\u00e4 olemmeKeit\u00e4 olemmeHerttoniemen Rotaryklubi on aktiivinen it\u00e4-helsinkil\u00e4inen rotaryklubi, joka on toiminut vuodesta 1960 alkaen, eli yli 60 vuotta. Kokoonnumme viikkokokouksiin tiistaisin klo 17.00 \u2013 18.30 Kulosaaren Yhteiskoululla tapaamaan toisiamme, kuulemaan kiinnostavia esitelmi\u00e4 ja vaihtamaan kuulumisia. Panostamme omiin projekteihimme omalla paikkakunnallamme, ja kansainv\u00e4lisen rotarys\u00e4\u00e4ti\u00f6n kautta maailmanlaajuisesti. J\u00e4rjest\u00e4mme vierailuja erilaisiin yrityksiin ja laitoksiin sek\u00e4 retki\u00e4\/matkoja kiinnostaviin kohteisiin. [&hellip;]\" \/>\n<meta property=\"og:url\" content=\"https:\/\/rotary.fi\/herttoniemi\/etusivu\/keita-olemme\/\" \/>\n<meta property=\"og:site_name\" content=\"Herttoniemi - Herton\u00e4s Rotaryklubi ry\" \/>\n<meta property=\"article:modified_time\" content=\"2026-02-17T18:02:20+00:00\" \/>\n<meta name=\"twitter:card\" content=\"summary_large_image\" \/>\n<meta name=\"twitter:label1\" content=\"Arvioitu lukuaika\" \/>\n\t<meta name=\"twitter:data1\" content=\"3 minuuttia\" \/>\n<script type=\"application\/ld+json\" class=\"yoast-schema-graph\">{\"@context\":\"https:\/\/schema.org\",\"@graph\":[{\"@type\":\"WebPage\",\"@id\":\"https:\/\/rotary.fi\/herttoniemi\/etusivu\/keita-olemme\/\",\"url\":\"https:\/\/rotary.fi\/herttoniemi\/etusivu\/keita-olemme\/\",\"name\":\"Keit\u00e4 olemme - Herttoniemi - Herton\u00e4s Rotaryklubi ry\",\"isPartOf\":{\"@id\":\"https:\/\/rotary.fi\/herttoniemi\/#website\"},\"datePublished\":\"2018-08-10T10:41:39+00:00\",\"dateModified\":\"2026-02-17T18:02:20+00:00\",\"breadcrumb\":{\"@id\":\"https:\/\/rotary.fi\/herttoniemi\/etusivu\/keita-olemme\/#breadcrumb\"},\"inLanguage\":\"fi\",\"potentialAction\":[{\"@type\":\"ReadAction\",\"target\":[\"https:\/\/rotary.fi\/herttoniemi\/etusivu\/keita-olemme\/\"]}]},{\"@type\":\"BreadcrumbList\",\"@id\":\"https:\/\/rotary.fi\/herttoniemi\/etusivu\/keita-olemme\/#breadcrumb\",\"itemListElement\":[{\"@type\":\"ListItem\",\"position\":1,\"name\":\"Home\",\"item\":\"https:\/\/rotary.fi\/herttoniemi\/\"},{\"@type\":\"ListItem\",\"position\":2,\"name\":\"Etusivu\",\"item\":\"https:\/\/rotary.fi\/herttoniemi\/\"},{\"@type\":\"ListItem\",\"position\":3,\"name\":\"Keit\u00e4 olemme\"}]},{\"@type\":\"WebSite\",\"@id\":\"https:\/\/rotary.fi\/herttoniemi\/#website\",\"url\":\"https:\/\/rotary.fi\/herttoniemi\/\",\"name\":\"Herttoniemi - Herton\u00e4s Rotaryklubi ry\",\"description\":\"Uusi Rotary klubisivusto\",\"potentialAction\":[{\"@type\":\"SearchAction\",\"target\":{\"@type\":\"EntryPoint\",\"urlTemplate\":\"https:\/\/rotary.fi\/herttoniemi\/?s={search_term_string}\"},\"query-input\":{\"@type\":\"PropertyValueSpecification\",\"valueRequired\":true,\"valueName\":\"search_term_string\"}}],\"inLanguage\":\"fi\"}]}<\/script>\n<!-- \/ Yoast SEO plugin. -->","yoast_head_json":{"title":"Keit\u00e4 olemme - Herttoniemi - Herton\u00e4s Rotaryklubi ry","robots":{"index":"index","follow":"follow","max-snippet":"max-snippet:-1","max-image-preview":"max-image-preview:large","max-video-preview":"max-video-preview:-1"},"canonical":"https:\/\/rotary.fi\/herttoniemi\/etusivu\/keita-olemme\/","og_locale":"fi_FI","og_type":"article","og_title":"Keit\u00e4 olemme - Herttoniemi - Herton\u00e4s Rotaryklubi ry","og_description":"Keit\u00e4 olemmeKeit\u00e4 olemmeHerttoniemen Rotaryklubi on aktiivinen it\u00e4-helsinkil\u00e4inen rotaryklubi, joka on toiminut vuodesta 1960 alkaen, eli yli 60 vuotta. Kokoonnumme viikkokokouksiin tiistaisin klo 17.00 \u2013 18.30 Kulosaaren Yhteiskoululla tapaamaan toisiamme, kuulemaan kiinnostavia esitelmi\u00e4 ja vaihtamaan kuulumisia. Panostamme omiin projekteihimme omalla paikkakunnallamme, ja kansainv\u00e4lisen rotarys\u00e4\u00e4ti\u00f6n kautta maailmanlaajuisesti. J\u00e4rjest\u00e4mme vierailuja erilaisiin yrityksiin ja laitoksiin sek\u00e4 retki\u00e4\/matkoja kiinnostaviin kohteisiin. [&hellip;]","og_url":"https:\/\/rotary.fi\/herttoniemi\/etusivu\/keita-olemme\/","og_site_name":"Herttoniemi - Herton\u00e4s Rotaryklubi ry","article_modified_time":"2026-02-17T18:02:20+00:00","twitter_card":"summary_large_image","twitter_misc":{"Arvioitu lukuaika":"3 minuuttia"},"schema":{"@context":"https:\/\/schema.org","@graph":[{"@type":"WebPage","@id":"https:\/\/rotary.fi\/herttoniemi\/etusivu\/keita-olemme\/","url":"https:\/\/rotary.fi\/herttoniemi\/etusivu\/keita-olemme\/","name":"Keit\u00e4 olemme - Herttoniemi - Herton\u00e4s Rotaryklubi ry","isPartOf":{"@id":"https:\/\/rotary.fi\/herttoniemi\/#website"},"datePublished":"2018-08-10T10:41:39+00:00","dateModified":"2026-02-17T18:02:20+00:00","breadcrumb":{"@id":"https:\/\/rotary.fi\/herttoniemi\/etusivu\/keita-olemme\/#breadcrumb"},"inLanguage":"fi","potentialAction":[{"@type":"ReadAction","target":["https:\/\/rotary.fi\/herttoniemi\/etusivu\/keita-olemme\/"]}]},{"@type":"BreadcrumbList","@id":"https:\/\/rotary.fi\/herttoniemi\/etusivu\/keita-olemme\/#breadcrumb","itemListElement":[{"@type":"ListItem","position":1,"name":"Home","item":"https:\/\/rotary.fi\/herttoniemi\/"},{"@type":"ListItem","position":2,"name":"Etusivu","item":"https:\/\/rotary.fi\/herttoniemi\/"},{"@type":"ListItem","position":3,"name":"Keit\u00e4 olemme"}]},{"@type":"WebSite","@id":"https:\/\/rotary.fi\/herttoniemi\/#website","url":"https:\/\/rotary.fi\/herttoniemi\/","name":"Herttoniemi - Herton\u00e4s Rotaryklubi ry","description":"Uusi Rotary klubisivusto","potentialAction":[{"@type":"SearchAction","target":{"@type":"EntryPoint","urlTemplate":"https:\/\/rotary.fi\/herttoniemi\/?s={search_term_string}"},"query-input":{"@type":"PropertyValueSpecification","valueRequired":true,"valueName":"search_term_string"}}],"inLanguage":"fi"}]}},"lang":"fi","translations":{"fi":129},"pll_sync_post":[],"_links":{"self":[{"href":"https:\/\/rotary.fi\/herttoniemi\/wp-json\/wp\/v2\/pages\/129","targetHints":{"allow":["GET"]}}],"collection":[{"href":"https:\/\/rotary.fi\/herttoniemi\/wp-json\/wp\/v2\/pages"}],"about":[{"href":"https:\/\/rotary.fi\/herttoniemi\/wp-json\/wp\/v2\/types\/page"}],"author":[{"embeddable":true,"href":"https:\/\/rotary.fi\/herttoniemi\/wp-json\/wp\/v2\/users\/1"}],"replies":[{"embeddable":true,"href":"https:\/\/rotary.fi\/herttoniemi\/wp-json\/wp\/v2\/comments?post=129"}],"version-history":[{"count":11,"href":"https:\/\/rotary.fi\/herttoniemi\/wp-json\/wp\/v2\/pages\/129\/revisions"}],"predecessor-version":[{"id":2803,"href":"https:\/\/rotary.fi\/herttoniemi\/wp-json\/wp\/v2\/pages\/129\/revisions\/2803"}],"up":[{"embeddable":true,"href":"https:\/\/rotary.fi\/herttoniemi\/wp-json\/wp\/v2\/pages\/15"}],"wp:attachment":[{"href":"https:\/\/rotary.fi\/herttoniemi\/wp-json\/wp\/v2\/media?parent=129"}],"curies":[{"name":"wp","href":"https:\/\/api.w.org\/{rel}","templated":true}]}}