{"id":94,"date":"2018-08-09T15:14:30","date_gmt":"2018-08-09T12:14:30","guid":{"rendered":"https:\/\/rotary.fi\/klubi2\/?page_id=94"},"modified":"2020-03-24T12:59:47","modified_gmt":"2020-03-24T10:59:47","slug":"ajankohtaista","status":"publish","type":"page","link":"https:\/\/rotary.fi\/helsinkitoolo\/ajankohtaista\/","title":{"rendered":"Ajankohtaista"},"content":{"rendered":"<p>[et_pb_section fb_built=&#8221;1&#8243; module_class=&#8221;jumbotron-page&#8221; _builder_version=&#8221;4.1&#8243; background_image=&#8221;https:\/\/rotary.fi\/helsinkitoolo\/wp-content\/uploads\/sites\/180\/2020\/03\/vaahterat-kansallismuseo-foto-by-mikael-rikala.jpg&#8221;][et_pb_row _builder_version=&#8221;3.25&#8243; background_size=&#8221;initial&#8221; background_position=&#8221;top_left&#8221; background_repeat=&#8221;repeat&#8221;][et_pb_column type=&#8221;4_4&#8243; _builder_version=&#8221;3.25&#8243; custom_padding=&#8221;|||&#8221; custom_padding__hover=&#8221;|||&#8221;][et_pb_text admin_label=&#8221;P\u00e4\u00e4otsikko&#8221; _builder_version=&#8221;3.27.4&#8243; text_orientation=&#8221;center&#8221; background_layout=&#8221;dark&#8221;]<\/p>\n<h1>Ajankohtaista<\/h1>\n<p>[\/et_pb_text][\/et_pb_column][\/et_pb_row][\/et_pb_section][et_pb_section fb_built=&#8221;1&#8243; specialty=&#8221;on&#8221; module_class_2=&#8221;sivupalkki&#8221; _builder_version=&#8221;3.22&#8243; locked=&#8221;on&#8221;][et_pb_column type=&#8221;2_3&#8243; specialty_columns=&#8221;2&#8243; _builder_version=&#8221;3.25&#8243; custom_padding=&#8221;|||&#8221; custom_padding__hover=&#8221;|||&#8221;][et_pb_row_inner admin_label=&#8221;Rivi&#8221; _builder_version=&#8221;3.25&#8243; locked=&#8221;on&#8221;][et_pb_column_inner saved_specialty_column_type=&#8221;2_3&#8243; _builder_version=&#8221;3.25&#8243; custom_padding=&#8221;|||&#8221; custom_padding__hover=&#8221;|||&#8221;][et_pb_text admin_label=&#8221;Otsikko&#8221; _builder_version=&#8221;3.27.4&#8243; text_orientation=&#8221;center&#8221;]<\/p>\n<h1>Ajankohtaista<\/h1>\n<p>[\/et_pb_text][et_pb_code admin_label=&#8221;Ajankohtaisten listaus&#8221; module_class=&#8221;kaikki_ajankohtaiset&#8221; _builder_version=&#8221;3.17.6&#8243;]<ul class=\"display-posts-listing\"><li class=\"listing-item\"><a class=\"title\" href=\"https:\/\/rotary.fi\/helsinkitoolo\/ajankohtaiset\/kiirastorstaina-2-4-2026-ei-kokousta\/\">Kiirastorstaina 2.4.2026 ei kokousta<\/a> <span class=\"date\">9.3. 2026<\/span><\/li><li class=\"listing-item\"><a class=\"title\" href=\"https:\/\/rotary.fi\/helsinkitoolo\/ajankohtaiset\/nordiska-parlor-konsertti-temppeliaukion-kirkossa-28-3-2026\/\">Nordiska P\u00e4rlor -konsertti Temppeliaukion kirkossa 28.3.2026<\/a> <span class=\"date\">9.3. 2026<\/span><\/li><li class=\"listing-item\"><a class=\"title\" href=\"https:\/\/rotary.fi\/helsinkitoolo\/ajankohtaiset\/draamakonsertti-karjala-talolla-15-3-2026\/\">Draamakonsertti Karjala-talolla 15.3.2026<\/a> <span class=\"date\">9.3. 2026<\/span><\/li><li class=\"listing-item\"><a class=\"title\" href=\"https:\/\/rotary.fi\/helsinkitoolo\/ajankohtaiset\/mahdollisuus-vierailuun-merisotakoulussa-3-3-2026\/\">Mahdollisuus vierailuun Merisotakoulussa 3.3.2026<\/a> <span class=\"date\">26.2. 2026<\/span><\/li><li class=\"listing-item\"><a class=\"title\" href=\"https:\/\/rotary.fi\/helsinkitoolo\/ajankohtaiset\/kevatkauden-2026-ohjelma-julkaistu\/\">Kev\u00e4tkauden 2026 ohjelma julkaistu<\/a> <span class=\"date\">17.12. 2025<\/span><\/li><li class=\"listing-item\"><a class=\"title\" href=\"https:\/\/rotary.fi\/helsinkitoolo\/ajankohtaiset\/kevatkausi-alkaa-15-1-2025\/\">Kev\u00e4tkausi alkaa 15.1.2025<\/a> <span class=\"date\">17.12. 2025<\/span><\/li><li class=\"listing-item\"><a class=\"title\" href=\"https:\/\/rotary.fi\/helsinkitoolo\/ajankohtaiset\/klubin-syyskokous-30-10-2025\/\">Klubin syyskokous 30.10.2025<\/a> <span class=\"date\">3.9. 2025<\/span><\/li><li class=\"listing-item\"><a class=\"title\" href=\"https:\/\/rotary.fi\/helsinkitoolo\/ajankohtaiset\/piirikuvernoori-jere-jantunen-vierailee-9-10-2025\/\">Piirikuvern\u00f6\u00f6ri Jere Jantunen vierailee 9.10.2025<\/a> <span class=\"date\">3.9. 2025<\/span><\/li><li class=\"listing-item\"><a class=\"title\" href=\"https:\/\/rotary.fi\/helsinkitoolo\/ajankohtaiset\/silakkasoutu-5-10-2025\/\">Silakkasoutu 5.10.2025<\/a> <span class=\"date\">20.8. 2025<\/span><\/li><li class=\"listing-item\"><a class=\"title\" href=\"https:\/\/rotary.fi\/helsinkitoolo\/ajankohtaiset\/itameripaiva-28-8-2025\/\">It\u00e4merip\u00e4iv\u00e4 28.8.2025<\/a> <span class=\"date\">20.8. 2025<\/span><\/li><li class=\"listing-item\"><a class=\"title\" href=\"https:\/\/rotary.fi\/helsinkitoolo\/ajankohtaiset\/klubin-golf-mestaruuskilpailut-14-8-2025\/\">Klubin golf-mestaruuskilpailut 14.8.2025<\/a> <span class=\"date\">11.8. 2025<\/span><\/li><li class=\"listing-item\"><a class=\"title\" href=\"https:\/\/rotary.fi\/helsinkitoolo\/ajankohtaiset\/syyskausi-alkaa-21-8-2025\/\">Syyskausi alkaa 21.8.2025<\/a> <span class=\"date\">11.8. 2025<\/span><\/li><li class=\"listing-item\"><a class=\"title\" href=\"https:\/\/rotary.fi\/helsinkitoolo\/ajankohtaiset\/torstaina-8-5-2025-poikkeusjarjestelyt-bottalla\/\">Torstaina 8.5.2025 poikkeusj\u00e4rjestelyt Bottalla<\/a> <span class=\"date\">8.5. 2025<\/span><\/li><li class=\"listing-item\"><a class=\"title\" href=\"https:\/\/rotary.fi\/helsinkitoolo\/ajankohtaiset\/torstaina-27-3-lounaan-jalkeen-soppiin\/\">Torstaina 27.3. lounaan ja esitelm\u00e4n j\u00e4lkeen Soppiin<\/a> <span class=\"date\">7.3. 2025<\/span><\/li><li class=\"listing-item\"><a class=\"title\" href=\"https:\/\/rotary.fi\/helsinkitoolo\/ajankohtaiset\/poikkeukset-viikkokokouksiin-kevatkaudella-2025\/\">Poikkeukset viikkokokouksiin kev\u00e4tkaudella 2025<\/a> <span class=\"date\">7.3. 2025<\/span><\/li><li class=\"listing-item\"><a class=\"title\" href=\"https:\/\/rotary.fi\/helsinkitoolo\/ajankohtaiset\/torstain-23-1-viikkokokous-mamma-rosassa\/\">Torstain 23.1. viikkokokous Mamma Rosassa<\/a> <span class=\"date\">7.1. 2025<\/span><\/li><li class=\"listing-item\"><a class=\"title\" href=\"https:\/\/rotary.fi\/helsinkitoolo\/ajankohtaiset\/kevatkausi-2025-alkaa-16-tammikuuta\/\">Kev\u00e4tkausi 2025 alkaa 16. tammikuuta<\/a> <span class=\"date\">17.12. 2024<\/span><\/li><li class=\"listing-item\"><a class=\"title\" href=\"https:\/\/rotary.fi\/helsinkitoolo\/presidentin_uutiset\/presidentin-joulutervehdys-2\/\">Presidentin joulutervehdys<\/a> <span class=\"date\">17.12. 2024<\/span><\/li><li class=\"listing-item\"><a class=\"title\" href=\"https:\/\/rotary.fi\/helsinkitoolo\/ajankohtaiset\/ilmoittautuminen-joululounaalle-on-avattu\/\">Ilmoittautuminen joululounaalle on avattu<\/a> <span class=\"date\">18.11. 2024<\/span><\/li><li class=\"listing-item\"><a class=\"title\" href=\"https:\/\/rotary.fi\/helsinkitoolo\/ajankohtaiset\/ilmoittaudu-silakkasoutuun-nyt\/\">Ilmoittaudu Silakkasoutuun nyt!<\/a> <span class=\"date\">4.9. 2024<\/span><\/li><li class=\"listing-item\"><a class=\"title\" href=\"https:\/\/rotary.fi\/helsinkitoolo\/presidentin_uutiset\/presidentin-jasenkirje-1-2024-2025\/\">Presidentin j\u00e4senkirje 1 \/ 2024-2025<\/a> <span class=\"date\">16.8. 2024<\/span><\/li><li class=\"listing-item\"><a class=\"title\" href=\"https:\/\/rotary.fi\/helsinkitoolo\/ajankohtaiset\/piirikonferenssi-ja-kuvernoorin-gaala-lokakuussa-2024\/\">Piirikonferenssi ja kuvern\u00f6\u00f6rin gaala lokakuussa 2024<\/a> <span class=\"date\">17.6. 2024<\/span><\/li><li class=\"listing-item\"><a class=\"title\" href=\"https:\/\/rotary.fi\/helsinkitoolo\/presidentin_uutiset\/presidentin-jasenkirje-2-2023-2024\/\">Presidentin j\u00e4senkirje 2\/2023-2024<\/a> <span class=\"date\">17.6. 2024<\/span><\/li><li class=\"listing-item\"><a class=\"title\" href=\"https:\/\/rotary.fi\/helsinkitoolo\/ajankohtaiset\/poikkeuksellinen-kokouspaikka-26-9-2024\/\">Poikkeuksellinen kokouspaikka 26.9.2024<\/a> <span class=\"date\">31.5. 2024<\/span><\/li><li class=\"listing-item\"><a class=\"title\" href=\"https:\/\/rotary.fi\/helsinkitoolo\/ajankohtaiset\/syyskauden-avaus-22-8\/\">Syyskauden avaus 22.8.<\/a> <span class=\"date\">31.5. 2024<\/span><\/li><li class=\"listing-item\"><a class=\"title\" href=\"https:\/\/rotary.fi\/helsinkitoolo\/ajankohtaiset\/kevatkauden-paatos-13-6\/\">Kev\u00e4tkauden p\u00e4\u00e4t\u00f6s 13.6.<\/a> <span class=\"date\">31.5. 2024<\/span><\/li><li class=\"listing-item\"><a class=\"title\" href=\"https:\/\/rotary.fi\/helsinkitoolo\/ajankohtaiset\/vapaaehtoiseksi-sinilevahavaintoihin\/\">Vapaaehtoiseksi sinilev\u00e4havaintoihin?<\/a> <span class=\"date\">2.4. 2024<\/span><\/li><li class=\"listing-item\"><a class=\"title\" href=\"https:\/\/rotary.fi\/helsinkitoolo\/ajankohtaiset\/klubiveljemme-professori-alexander-marschan-mediassa\/\">Klubiveljemme professori Alexander Marschan mediassa<\/a> <span class=\"date\">28.12. 2023<\/span><\/li><li class=\"listing-item\"><a class=\"title\" href=\"https:\/\/rotary.fi\/helsinkitoolo\/ajankohtaiset\/29-2-2024-tutustumme-uuteen-lastensairaalaan\/\">29.2.2024 tutustumme uuteen Lastensairaalaan<\/a> <span class=\"date\">28.12. 2023<\/span><\/li><li class=\"listing-item\"><a class=\"title\" href=\"https:\/\/rotary.fi\/helsinkitoolo\/ajankohtaiset\/kevatkauden-toiminta-kaynnistyy-11-1-2024\/\">Kev\u00e4tkauden toiminta k\u00e4ynnistyy 11.1.2024<\/a> <span class=\"date\">28.12. 2023<\/span><\/li><li class=\"listing-item\"><a class=\"title\" href=\"https:\/\/rotary.fi\/helsinkitoolo\/ajankohtaiset\/matti-makelasta-klubin-kunniajasen\/\">Matti M\u00e4kel\u00e4st\u00e4 klubin kunniaj\u00e4sen<\/a> <span class=\"date\">11.8. 2023<\/span><\/li><li class=\"listing-item\"><a class=\"title\" href=\"https:\/\/rotary.fi\/helsinkitoolo\/presidentin_uutiset\/presidentin-jasenkirje-2-2022-23\/\">Presidentin j\u00e4senkirje 2\/2022-23<\/a> <span class=\"date\">9.8. 2023<\/span><\/li><li class=\"listing-item\"><a class=\"title\" href=\"https:\/\/rotary.fi\/helsinkitoolo\/ajankohtaiset\/silakkasoutu-1-10-2023\/\">Silakkasoutu 1.10.2023<\/a> <span class=\"date\">9.8. 2023<\/span><\/li><li class=\"listing-item\"><a class=\"title\" href=\"https:\/\/rotary.fi\/helsinkitoolo\/ajankohtaiset\/klubin-golfmestaruus-ratkotaan-30-8-2023\/\">Klubin golfmestaruus ratkotaan 30.8.2023<\/a> <span class=\"date\">15.6. 2023<\/span><\/li><li class=\"listing-item\"><a class=\"title\" href=\"https:\/\/rotary.fi\/helsinkitoolo\/ajankohtaiset\/syyskauden-toiminta-kaynnistyy-17-8-2023\/\">Syyskauden toiminta k\u00e4ynnistyy 17.8.2023<\/a> <span class=\"date\">15.6. 2023<\/span><\/li><li class=\"listing-item\"><a class=\"title\" href=\"https:\/\/rotary.fi\/helsinkitoolo\/ajankohtaiset\/klubineuvottelu-ja-kaatyjen-vaihto-15-6-2023\/\">Klubineuvottelu ja k\u00e4\u00e4tyjen vaihto 15.6.2023<\/a> <span class=\"date\">15.5. 2023<\/span><\/li><li class=\"listing-item\"><a class=\"title\" href=\"https:\/\/rotary.fi\/helsinkitoolo\/ajankohtaiset\/lounaskokous-poikkeuksellisesti-lehtovaarassa-11-5-2023\/\">Lounaskokous poikkeuksellisesti Lehtovaarassa 11.5.2023<\/a> <span class=\"date\">8.5. 2023<\/span><\/li><li class=\"listing-item\"><a class=\"title\" href=\"https:\/\/rotary.fi\/helsinkitoolo\/ajankohtaiset\/helatorstaina-18-5-ei-viikkokokousta\/\">Helatorstaina 18.5. ei viikkokokousta<\/a> <span class=\"date\">23.2. 2023<\/span><\/li><li class=\"listing-item\"><a class=\"title\" href=\"https:\/\/rotary.fi\/helsinkitoolo\/ajankohtaiset\/to-16-3-viikkokokous-kulttuurikeskus-sofiassa\/\">To 16.3. viikkokokous kulttuurikeskus Sofiassa<\/a> <span class=\"date\">23.2. 2023<\/span><\/li><li class=\"listing-item\"><a class=\"title\" href=\"https:\/\/rotary.fi\/helsinkitoolo\/ajankohtaiset\/etukateisilmoittautumiset-mamma-rosa-lounaalle-9-2-2023\/\">Ilmoittautumiset Mamma Rosa -lounaalle 9.2.2023<\/a> <span class=\"date\">26.1. 2023<\/span><\/li><li class=\"listing-item\"><a class=\"title\" href=\"https:\/\/rotary.fi\/helsinkitoolo\/ajankohtaiset\/viikkokokousten-alkaminen-aikaistuu-klo-12een-ajoissa-paikalle\/\">Viikkokokousten alkaminen aikaistuu klo 12:een &#8211; ajoissa paikalle!<\/a> <span class=\"date\">20.1. 2023<\/span><\/li><li class=\"listing-item\"><a class=\"title\" href=\"https:\/\/rotary.fi\/helsinkitoolo\/ajankohtaiset\/kunniajasen-risto-pelkosen-joulupuhe-2022\/\">Kunniaj\u00e4sen, arkkiatri Risto Pelkosen joulupuhe 2022<\/a> <span class=\"date\">21.12. 2022<\/span><\/li><li class=\"listing-item\"><a class=\"title\" href=\"https:\/\/rotary.fi\/helsinkitoolo\/presidentin_uutiset\/presidentin-joulutervehdys\/\">Presidentin joulutervehdys<\/a> <span class=\"date\">21.12. 2022<\/span><\/li><li class=\"listing-item\"><a class=\"title\" href=\"https:\/\/rotary.fi\/helsinkitoolo\/ajankohtaiset\/kevatkauden-2023-aloitus-12-1-2023\/\">Kev\u00e4tkauden 2023 aloitus 12.1.2023<\/a> <span class=\"date\">8.12. 2022<\/span><\/li><li class=\"listing-item\"><a class=\"title\" href=\"https:\/\/rotary.fi\/helsinkitoolo\/presidentin_uutiset\/presidentin-jasenkirje-1-2022-23\/\">Presidentin j\u00e4senkirje 1\/2022-23<\/a> <span class=\"date\">6.10. 2022<\/span><\/li><li class=\"listing-item\"><a class=\"title\" href=\"https:\/\/rotary.fi\/helsinkitoolo\/sv\/ajankohtaiset\/provartikel-till-aktuellt\/\">Provartikel till aktuellt<\/a> <span class=\"date\">26.3. 2019<\/span><\/li><li class=\"listing-item\"><a class=\"title\" href=\"https:\/\/rotary.fi\/helsinkitoolo\/sv\/ajankohtaiset\/aktuell-nyhet-med-nagot-langre-rubrik\/\">Aktuell nyhet med n\u00e5got l\u00e4ngre rubrik<\/a> <span class=\"date\">26.3. 2019<\/span><\/li><\/ul>[\/et_pb_code][\/et_pb_column_inner][\/et_pb_row_inner][\/et_pb_column][et_pb_column type=&#8221;1_3&#8243; _builder_version=&#8221;3.25&#8243; custom_padding=&#8221;|||&#8221; custom_padding__hover=&#8221;|||&#8221;][et_pb_sidebar area=&#8221;sidebar-1&#8243; module_class=&#8221;sivupalkki_sisalto&#8221; _builder_version=&#8221;3.4.1&#8243;][\/et_pb_sidebar][\/et_pb_column][\/et_pb_section]<\/p>\n","protected":false},"excerpt":{"rendered":"<p>[et_pb_section fb_built=&#8221;1&#8243; module_class=&#8221;jumbotron-page&#8221; _builder_version=&#8221;4.1&#8243; background_image=&#8221;https:\/\/rotary.fi\/helsinkitoolo\/wp-content\/uploads\/sites\/180\/2020\/03\/vaahterat-kansallismuseo-foto-by-mikael-rikala.jpg&#8221;][et_pb_row _builder_version=&#8221;3.25&#8243; background_size=&#8221;initial&#8221; background_position=&#8221;top_left&#8221; background_repeat=&#8221;repeat&#8221;][et_pb_column type=&#8221;4_4&#8243; _builder_version=&#8221;3.25&#8243; custom_padding=&#8221;|||&#8221; custom_padding__hover=&#8221;|||&#8221;][et_pb_text admin_label=&#8221;P\u00e4\u00e4otsikko&#8221; _builder_version=&#8221;3.27.4&#8243; text_orientation=&#8221;center&#8221; background_layout=&#8221;dark&#8221;] Ajankohtaista [\/et_pb_text][\/et_pb_column][\/et_pb_row][\/et_pb_section][et_pb_section fb_built=&#8221;1&#8243; specialty=&#8221;on&#8221; module_class_2=&#8221;sivupalkki&#8221; _builder_version=&#8221;3.22&#8243; locked=&#8221;on&#8221;][et_pb_column type=&#8221;2_3&#8243; specialty_columns=&#8221;2&#8243; _builder_version=&#8221;3.25&#8243; custom_padding=&#8221;|||&#8221; custom_padding__hover=&#8221;|||&#8221;][et_pb_row_inner admin_label=&#8221;Rivi&#8221; _builder_version=&#8221;3.25&#8243; locked=&#8221;on&#8221;][et_pb_column_inner saved_specialty_column_type=&#8221;2_3&#8243; _builder_version=&#8221;3.25&#8243; custom_padding=&#8221;|||&#8221; custom_padding__hover=&#8221;|||&#8221;][et_pb_text admin_label=&#8221;Otsikko&#8221; _builder_version=&#8221;3.27.4&#8243; text_orientation=&#8221;center&#8221;] Ajankohtaista [\/et_pb_text][et_pb_code admin_label=&#8221;Ajankohtaisten listaus&#8221; module_class=&#8221;kaikki_ajankohtaiset&#8221; _builder_version=&#8221;3.17.6&#8243;][\/et_pb_code][\/et_pb_column_inner][\/et_pb_row_inner][\/et_pb_column][et_pb_column type=&#8221;1_3&#8243; _builder_version=&#8221;3.25&#8243; custom_padding=&#8221;|||&#8221; custom_padding__hover=&#8221;|||&#8221;][et_pb_sidebar area=&#8221;sidebar-1&#8243; module_class=&#8221;sivupalkki_sisalto&#8221; _builder_version=&#8221;3.4.1&#8243;][\/et_pb_sidebar][\/et_pb_column][\/et_pb_section]<\/p>\n","protected":false},"author":1,"featured_media":0,"parent":0,"menu_order":4,"comment_status":"closed","ping_status":"closed","template":"","meta":{"_acf_changed":false,"_et_pb_use_builder":"on","_et_pb_old_content":"","_et_gb_content_width":"","footnotes":""},"class_list":["post-94","page","type-page","status-publish","hentry"],"acf":[],"yoast_head":"<!-- This site is optimized with the Yoast SEO plugin v27.0 - https:\/\/yoast.com\/product\/yoast-seo-wordpress\/ -->\n<title>Ajankohtaista - Helsinki - T\u00f6\u00f6l\u00f6n Rotaryklubi<\/title>\n<meta name=\"robots\" content=\"index, follow, max-snippet:-1, max-image-preview:large, max-video-preview:-1\" \/>\n<link rel=\"canonical\" href=\"https:\/\/rotary.fi\/helsinkitoolo\/ajankohtaista\/\" \/>\n<meta property=\"og:locale\" content=\"fi_FI\" \/>\n<meta property=\"og:type\" content=\"article\" \/>\n<meta property=\"og:title\" content=\"Ajankohtaista - Helsinki - T\u00f6\u00f6l\u00f6n Rotaryklubi\" \/>\n<meta property=\"og:description\" content=\"[et_pb_section fb_built=&#8221;1&#8243; module_class=&#8221;jumbotron-page&#8221; _builder_version=&#8221;4.1&#8243; background_image=&#8221;https:\/\/rotary.fi\/helsinkitoolo\/wp-content\/uploads\/sites\/180\/2020\/03\/vaahterat-kansallismuseo-foto-by-mikael-rikala.jpg&#8221;][et_pb_row _builder_version=&#8221;3.25&#8243; background_size=&#8221;initial&#8221; background_position=&#8221;top_left&#8221; background_repeat=&#8221;repeat&#8221;][et_pb_column type=&#8221;4_4&#8243; _builder_version=&#8221;3.25&#8243; custom_padding=&#8221;|||&#8221; custom_padding__hover=&#8221;|||&#8221;][et_pb_text admin_label=&#8221;P\u00e4\u00e4otsikko&#8221; _builder_version=&#8221;3.27.4&#8243; text_orientation=&#8221;center&#8221; background_layout=&#8221;dark&#8221;] Ajankohtaista [\/et_pb_text][\/et_pb_column][\/et_pb_row][\/et_pb_section][et_pb_section fb_built=&#8221;1&#8243; specialty=&#8221;on&#8221; module_class_2=&#8221;sivupalkki&#8221; _builder_version=&#8221;3.22&#8243; locked=&#8221;on&#8221;][et_pb_column type=&#8221;2_3&#8243; specialty_columns=&#8221;2&#8243; _builder_version=&#8221;3.25&#8243; custom_padding=&#8221;|||&#8221; custom_padding__hover=&#8221;|||&#8221;][et_pb_row_inner admin_label=&#8221;Rivi&#8221; _builder_version=&#8221;3.25&#8243; locked=&#8221;on&#8221;][et_pb_column_inner saved_specialty_column_type=&#8221;2_3&#8243; _builder_version=&#8221;3.25&#8243; custom_padding=&#8221;|||&#8221; custom_padding__hover=&#8221;|||&#8221;][et_pb_text admin_label=&#8221;Otsikko&#8221; _builder_version=&#8221;3.27.4&#8243; text_orientation=&#8221;center&#8221;] Ajankohtaista [\/et_pb_text][et_pb_code admin_label=&#8221;Ajankohtaisten listaus&#8221; module_class=&#8221;kaikki_ajankohtaiset&#8221; _builder_version=&#8221;3.17.6&#8243;][\/et_pb_code][\/et_pb_column_inner][\/et_pb_row_inner][\/et_pb_column][et_pb_column type=&#8221;1_3&#8243; _builder_version=&#8221;3.25&#8243; custom_padding=&#8221;|||&#8221; custom_padding__hover=&#8221;|||&#8221;][et_pb_sidebar area=&#8221;sidebar-1&#8243; module_class=&#8221;sivupalkki_sisalto&#8221; _builder_version=&#8221;3.4.1&#8243;][\/et_pb_sidebar][\/et_pb_column][\/et_pb_section]\" \/>\n<meta property=\"og:url\" content=\"https:\/\/rotary.fi\/helsinkitoolo\/ajankohtaista\/\" \/>\n<meta property=\"og:site_name\" content=\"Helsinki - T\u00f6\u00f6l\u00f6n Rotaryklubi\" \/>\n<meta property=\"article:modified_time\" content=\"2020-03-24T10:59:47+00:00\" \/>\n<meta name=\"twitter:card\" content=\"summary_large_image\" \/>\n<meta name=\"twitter:label1\" content=\"Arvioitu lukuaika\" \/>\n\t<meta name=\"twitter:data1\" content=\"1 minuutti\" \/>\n<script type=\"application\/ld+json\" class=\"yoast-schema-graph\">{\"@context\":\"https:\/\/schema.org\",\"@graph\":[{\"@type\":\"WebPage\",\"@id\":\"https:\/\/rotary.fi\/helsinkitoolo\/ajankohtaista\/\",\"url\":\"https:\/\/rotary.fi\/helsinkitoolo\/ajankohtaista\/\",\"name\":\"Ajankohtaista - Helsinki - T\u00f6\u00f6l\u00f6n Rotaryklubi\",\"isPartOf\":{\"@id\":\"https:\/\/rotary.fi\/helsinkitoolo\/#website\"},\"datePublished\":\"2018-08-09T12:14:30+00:00\",\"dateModified\":\"2020-03-24T10:59:47+00:00\",\"breadcrumb\":{\"@id\":\"https:\/\/rotary.fi\/helsinkitoolo\/ajankohtaista\/#breadcrumb\"},\"inLanguage\":\"fi\",\"potentialAction\":[{\"@type\":\"ReadAction\",\"target\":[\"https:\/\/rotary.fi\/helsinkitoolo\/ajankohtaista\/\"]}]},{\"@type\":\"BreadcrumbList\",\"@id\":\"https:\/\/rotary.fi\/helsinkitoolo\/ajankohtaista\/#breadcrumb\",\"itemListElement\":[{\"@type\":\"ListItem\",\"position\":1,\"name\":\"Home\",\"item\":\"https:\/\/rotary.fi\/helsinkitoolo\/\"},{\"@type\":\"ListItem\",\"position\":2,\"name\":\"Ajankohtaista\"}]},{\"@type\":\"WebSite\",\"@id\":\"https:\/\/rotary.fi\/helsinkitoolo\/#website\",\"url\":\"https:\/\/rotary.fi\/helsinkitoolo\/\",\"name\":\"Helsinki - T\u00f6\u00f6l\u00f6n Rotaryklubi\",\"description\":\"Uusi Rotary klubisivusto\",\"potentialAction\":[{\"@type\":\"SearchAction\",\"target\":{\"@type\":\"EntryPoint\",\"urlTemplate\":\"https:\/\/rotary.fi\/helsinkitoolo\/?s={search_term_string}\"},\"query-input\":{\"@type\":\"PropertyValueSpecification\",\"valueRequired\":true,\"valueName\":\"search_term_string\"}}],\"inLanguage\":\"fi\"}]}<\/script>\n<!-- \/ Yoast SEO plugin. -->","yoast_head_json":{"title":"Ajankohtaista - Helsinki - T\u00f6\u00f6l\u00f6n Rotaryklubi","robots":{"index":"index","follow":"follow","max-snippet":"max-snippet:-1","max-image-preview":"max-image-preview:large","max-video-preview":"max-video-preview:-1"},"canonical":"https:\/\/rotary.fi\/helsinkitoolo\/ajankohtaista\/","og_locale":"fi_FI","og_type":"article","og_title":"Ajankohtaista - Helsinki - T\u00f6\u00f6l\u00f6n Rotaryklubi","og_description":"[et_pb_section fb_built=&#8221;1&#8243; module_class=&#8221;jumbotron-page&#8221; _builder_version=&#8221;4.1&#8243; background_image=&#8221;https:\/\/rotary.fi\/helsinkitoolo\/wp-content\/uploads\/sites\/180\/2020\/03\/vaahterat-kansallismuseo-foto-by-mikael-rikala.jpg&#8221;][et_pb_row _builder_version=&#8221;3.25&#8243; background_size=&#8221;initial&#8221; background_position=&#8221;top_left&#8221; background_repeat=&#8221;repeat&#8221;][et_pb_column type=&#8221;4_4&#8243; _builder_version=&#8221;3.25&#8243; custom_padding=&#8221;|||&#8221; custom_padding__hover=&#8221;|||&#8221;][et_pb_text admin_label=&#8221;P\u00e4\u00e4otsikko&#8221; _builder_version=&#8221;3.27.4&#8243; text_orientation=&#8221;center&#8221; background_layout=&#8221;dark&#8221;] Ajankohtaista [\/et_pb_text][\/et_pb_column][\/et_pb_row][\/et_pb_section][et_pb_section fb_built=&#8221;1&#8243; specialty=&#8221;on&#8221; module_class_2=&#8221;sivupalkki&#8221; _builder_version=&#8221;3.22&#8243; locked=&#8221;on&#8221;][et_pb_column type=&#8221;2_3&#8243; specialty_columns=&#8221;2&#8243; _builder_version=&#8221;3.25&#8243; custom_padding=&#8221;|||&#8221; custom_padding__hover=&#8221;|||&#8221;][et_pb_row_inner admin_label=&#8221;Rivi&#8221; _builder_version=&#8221;3.25&#8243; locked=&#8221;on&#8221;][et_pb_column_inner saved_specialty_column_type=&#8221;2_3&#8243; _builder_version=&#8221;3.25&#8243; custom_padding=&#8221;|||&#8221; custom_padding__hover=&#8221;|||&#8221;][et_pb_text admin_label=&#8221;Otsikko&#8221; _builder_version=&#8221;3.27.4&#8243; text_orientation=&#8221;center&#8221;] Ajankohtaista [\/et_pb_text][et_pb_code admin_label=&#8221;Ajankohtaisten listaus&#8221; module_class=&#8221;kaikki_ajankohtaiset&#8221; _builder_version=&#8221;3.17.6&#8243;][\/et_pb_code][\/et_pb_column_inner][\/et_pb_row_inner][\/et_pb_column][et_pb_column type=&#8221;1_3&#8243; _builder_version=&#8221;3.25&#8243; custom_padding=&#8221;|||&#8221; custom_padding__hover=&#8221;|||&#8221;][et_pb_sidebar area=&#8221;sidebar-1&#8243; module_class=&#8221;sivupalkki_sisalto&#8221; _builder_version=&#8221;3.4.1&#8243;][\/et_pb_sidebar][\/et_pb_column][\/et_pb_section]","og_url":"https:\/\/rotary.fi\/helsinkitoolo\/ajankohtaista\/","og_site_name":"Helsinki - T\u00f6\u00f6l\u00f6n Rotaryklubi","article_modified_time":"2020-03-24T10:59:47+00:00","twitter_card":"summary_large_image","twitter_misc":{"Arvioitu lukuaika":"1 minuutti"},"schema":{"@context":"https:\/\/schema.org","@graph":[{"@type":"WebPage","@id":"https:\/\/rotary.fi\/helsinkitoolo\/ajankohtaista\/","url":"https:\/\/rotary.fi\/helsinkitoolo\/ajankohtaista\/","name":"Ajankohtaista - Helsinki - T\u00f6\u00f6l\u00f6n Rotaryklubi","isPartOf":{"@id":"https:\/\/rotary.fi\/helsinkitoolo\/#website"},"datePublished":"2018-08-09T12:14:30+00:00","dateModified":"2020-03-24T10:59:47+00:00","breadcrumb":{"@id":"https:\/\/rotary.fi\/helsinkitoolo\/ajankohtaista\/#breadcrumb"},"inLanguage":"fi","potentialAction":[{"@type":"ReadAction","target":["https:\/\/rotary.fi\/helsinkitoolo\/ajankohtaista\/"]}]},{"@type":"BreadcrumbList","@id":"https:\/\/rotary.fi\/helsinkitoolo\/ajankohtaista\/#breadcrumb","itemListElement":[{"@type":"ListItem","position":1,"name":"Home","item":"https:\/\/rotary.fi\/helsinkitoolo\/"},{"@type":"ListItem","position":2,"name":"Ajankohtaista"}]},{"@type":"WebSite","@id":"https:\/\/rotary.fi\/helsinkitoolo\/#website","url":"https:\/\/rotary.fi\/helsinkitoolo\/","name":"Helsinki - T\u00f6\u00f6l\u00f6n Rotaryklubi","description":"Uusi Rotary klubisivusto","potentialAction":[{"@type":"SearchAction","target":{"@type":"EntryPoint","urlTemplate":"https:\/\/rotary.fi\/helsinkitoolo\/?s={search_term_string}"},"query-input":{"@type":"PropertyValueSpecification","valueRequired":true,"valueName":"search_term_string"}}],"inLanguage":"fi"}]}},"lang":"fi","translations":{"fi":94,"en":1492,"sv":1657},"pll_sync_post":[],"_links":{"self":[{"href":"https:\/\/rotary.fi\/helsinkitoolo\/wp-json\/wp\/v2\/pages\/94","targetHints":{"allow":["GET"]}}],"collection":[{"href":"https:\/\/rotary.fi\/helsinkitoolo\/wp-json\/wp\/v2\/pages"}],"about":[{"href":"https:\/\/rotary.fi\/helsinkitoolo\/wp-json\/wp\/v2\/types\/page"}],"author":[{"embeddable":true,"href":"https:\/\/rotary.fi\/helsinkitoolo\/wp-json\/wp\/v2\/users\/1"}],"replies":[{"embeddable":true,"href":"https:\/\/rotary.fi\/helsinkitoolo\/wp-json\/wp\/v2\/comments?post=94"}],"version-history":[{"count":10,"href":"https:\/\/rotary.fi\/helsinkitoolo\/wp-json\/wp\/v2\/pages\/94\/revisions"}],"predecessor-version":[{"id":3810,"href":"https:\/\/rotary.fi\/helsinkitoolo\/wp-json\/wp\/v2\/pages\/94\/revisions\/3810"}],"wp:attachment":[{"href":"https:\/\/rotary.fi\/helsinkitoolo\/wp-json\/wp\/v2\/media?parent=94"}],"curies":[{"name":"wp","href":"https:\/\/api.w.org\/{rel}","templated":true}]}}