{"id":3375,"date":"2020-12-30T15:00:21","date_gmt":"2020-12-30T13:00:21","guid":{"rendered":"https:\/\/rotary.fi\/helsinkitoolo\/?page_id=3375"},"modified":"2021-04-13T14:24:43","modified_gmt":"2021-04-13T11:24:43","slug":"vanhoilta-verkkosivuilta","status":"publish","type":"page","link":"https:\/\/rotary.fi\/helsinkitoolo\/vanhoilta-verkkosivuilta\/","title":{"rendered":"Menneilt\u00e4 vuosilta"},"content":{"rendered":"","protected":true},"excerpt":{"rendered":"","protected":true},"author":328,"featured_media":0,"parent":0,"menu_order":0,"comment_status":"closed","ping_status":"closed","template":"","meta":{"_acf_changed":false,"_et_pb_use_builder":"on","_et_pb_old_content":"<h4>\u00a0<\/h4><h4>\u00a0<\/h4><h4><a href=\"https:\/\/rotary.fi\/helsinkitoolo\/events\/4-6-viikkokokous\/\" target=\"_blank\" rel=\"noopener noreferrer\"><em>Linkki p\u00f6yt\u00e4kirjoihin<\/em><\/a><\/h4><p>Linkin avattuasi n\u00e4kyviin tulee kansio <span class=\"ue-effect-container uee-PageletMaestroHeader-Title\"><span class=\"brws-path-breadrumbs\">T\u00f6\u00f6l\u00f6n Rotaryklubi 2019-2020.\u00a0 Klikkaa kansiota ja saat n\u00e4kyviin kolme uutta kansiota: s\u00e4\u00e4nt\u00f6m\u00e4\u00e4r\u00e4iset kokoukset, hall.kokoukset ja viikkokoukset.<\/span><\/span><\/p>","_et_gb_content_width":"","footnotes":""},"class_list":["post-3375","page","type-page","status-publish","post-password-required","hentry"],"acf":[],"yoast_head":"<!-- This site is optimized with the Yoast SEO plugin v27.0 - https:\/\/yoast.com\/product\/yoast-seo-wordpress\/ -->\n<title>Menneilt\u00e4 vuosilta - Helsinki - T\u00f6\u00f6l\u00f6n Rotaryklubi<\/title>\n<meta name=\"robots\" content=\"index, follow, max-snippet:-1, max-image-preview:large, max-video-preview:-1\" \/>\n<link rel=\"canonical\" href=\"https:\/\/rotary.fi\/helsinkitoolo\/vanhoilta-verkkosivuilta\/\" \/>\n<meta property=\"og:locale\" content=\"fi_FI\" \/>\n<meta property=\"og:type\" content=\"article\" \/>\n<meta property=\"og:title\" content=\"Menneilt\u00e4 vuosilta - Helsinki - T\u00f6\u00f6l\u00f6n Rotaryklubi\" \/>\n<meta property=\"og:description\" content=\"Otetta ei n\u00e4ytet\u00e4, koska artikkeli on suojattu.\" \/>\n<meta property=\"og:url\" content=\"https:\/\/rotary.fi\/helsinkitoolo\/vanhoilta-verkkosivuilta\/\" \/>\n<meta property=\"og:site_name\" content=\"Helsinki - T\u00f6\u00f6l\u00f6n Rotaryklubi\" \/>\n<meta property=\"article:modified_time\" content=\"2021-04-13T11:24:43+00:00\" \/>\n<meta name=\"twitter:card\" content=\"summary_large_image\" \/>\n<meta name=\"twitter:label1\" content=\"Arvioitu lukuaika\" \/>\n\t<meta name=\"twitter:data1\" content=\"1 minuutti\" \/>\n<script type=\"application\/ld+json\" class=\"yoast-schema-graph\">{\"@context\":\"https:\/\/schema.org\",\"@graph\":[{\"@type\":\"WebPage\",\"@id\":\"https:\/\/rotary.fi\/helsinkitoolo\/vanhoilta-verkkosivuilta\/\",\"url\":\"https:\/\/rotary.fi\/helsinkitoolo\/vanhoilta-verkkosivuilta\/\",\"name\":\"Menneilt\u00e4 vuosilta - Helsinki - T\u00f6\u00f6l\u00f6n Rotaryklubi\",\"isPartOf\":{\"@id\":\"https:\/\/rotary.fi\/helsinkitoolo\/#website\"},\"datePublished\":\"2020-12-30T13:00:21+00:00\",\"dateModified\":\"2021-04-13T11:24:43+00:00\",\"breadcrumb\":{\"@id\":\"https:\/\/rotary.fi\/helsinkitoolo\/vanhoilta-verkkosivuilta\/#breadcrumb\"},\"inLanguage\":\"fi\"},{\"@type\":\"WebSite\",\"@id\":\"https:\/\/rotary.fi\/helsinkitoolo\/#website\",\"url\":\"https:\/\/rotary.fi\/helsinkitoolo\/\",\"name\":\"Helsinki - T\u00f6\u00f6l\u00f6n Rotaryklubi\",\"description\":\"Uusi Rotary klubisivusto\",\"potentialAction\":[{\"@type\":\"SearchAction\",\"target\":{\"@type\":\"EntryPoint\",\"urlTemplate\":\"https:\/\/rotary.fi\/helsinkitoolo\/?s={search_term_string}\"},\"query-input\":{\"@type\":\"PropertyValueSpecification\",\"valueRequired\":true,\"valueName\":\"search_term_string\"}}],\"inLanguage\":\"fi\"}]}<\/script>\n<!-- \/ Yoast SEO plugin. -->","yoast_head_json":{"title":"Menneilt\u00e4 vuosilta - Helsinki - T\u00f6\u00f6l\u00f6n Rotaryklubi","robots":{"index":"index","follow":"follow","max-snippet":"max-snippet:-1","max-image-preview":"max-image-preview:large","max-video-preview":"max-video-preview:-1"},"canonical":"https:\/\/rotary.fi\/helsinkitoolo\/vanhoilta-verkkosivuilta\/","og_locale":"fi_FI","og_type":"article","og_title":"Menneilt\u00e4 vuosilta - Helsinki - T\u00f6\u00f6l\u00f6n Rotaryklubi","og_description":"Otetta ei n\u00e4ytet\u00e4, koska artikkeli on suojattu.","og_url":"https:\/\/rotary.fi\/helsinkitoolo\/vanhoilta-verkkosivuilta\/","og_site_name":"Helsinki - T\u00f6\u00f6l\u00f6n Rotaryklubi","article_modified_time":"2021-04-13T11:24:43+00:00","twitter_card":"summary_large_image","twitter_misc":{"Arvioitu lukuaika":"1 minuutti"},"schema":{"@context":"https:\/\/schema.org","@graph":[{"@type":"WebPage","@id":"https:\/\/rotary.fi\/helsinkitoolo\/vanhoilta-verkkosivuilta\/","url":"https:\/\/rotary.fi\/helsinkitoolo\/vanhoilta-verkkosivuilta\/","name":"Menneilt\u00e4 vuosilta - Helsinki - T\u00f6\u00f6l\u00f6n Rotaryklubi","isPartOf":{"@id":"https:\/\/rotary.fi\/helsinkitoolo\/#website"},"datePublished":"2020-12-30T13:00:21+00:00","dateModified":"2021-04-13T11:24:43+00:00","breadcrumb":{"@id":"https:\/\/rotary.fi\/helsinkitoolo\/vanhoilta-verkkosivuilta\/#breadcrumb"},"inLanguage":"fi"},{"@type":"WebSite","@id":"https:\/\/rotary.fi\/helsinkitoolo\/#website","url":"https:\/\/rotary.fi\/helsinkitoolo\/","name":"Helsinki - T\u00f6\u00f6l\u00f6n Rotaryklubi","description":"Uusi Rotary klubisivusto","potentialAction":[{"@type":"SearchAction","target":{"@type":"EntryPoint","urlTemplate":"https:\/\/rotary.fi\/helsinkitoolo\/?s={search_term_string}"},"query-input":{"@type":"PropertyValueSpecification","valueRequired":true,"valueName":"search_term_string"}}],"inLanguage":"fi"}]}},"lang":"fi","translations":{"fi":3375},"pll_sync_post":[],"_links":{"self":[{"href":"https:\/\/rotary.fi\/helsinkitoolo\/wp-json\/wp\/v2\/pages\/3375","targetHints":{"allow":["GET"]}}],"collection":[{"href":"https:\/\/rotary.fi\/helsinkitoolo\/wp-json\/wp\/v2\/pages"}],"about":[{"href":"https:\/\/rotary.fi\/helsinkitoolo\/wp-json\/wp\/v2\/types\/page"}],"author":[{"embeddable":true,"href":"https:\/\/rotary.fi\/helsinkitoolo\/wp-json\/wp\/v2\/users\/328"}],"replies":[{"embeddable":true,"href":"https:\/\/rotary.fi\/helsinkitoolo\/wp-json\/wp\/v2\/comments?post=3375"}],"version-history":[{"count":37,"href":"https:\/\/rotary.fi\/helsinkitoolo\/wp-json\/wp\/v2\/pages\/3375\/revisions"}],"predecessor-version":[{"id":3591,"href":"https:\/\/rotary.fi\/helsinkitoolo\/wp-json\/wp\/v2\/pages\/3375\/revisions\/3591"}],"wp:attachment":[{"href":"https:\/\/rotary.fi\/helsinkitoolo\/wp-json\/wp\/v2\/media?parent=3375"}],"curies":[{"name":"wp","href":"https:\/\/api.w.org\/{rel}","templated":true}]}}