{"id":173,"date":"2018-08-13T10:39:15","date_gmt":"2018-08-13T07:39:15","guid":{"rendered":"https:\/\/rotary.fi\/helsinkitoolo\/?page_id=173"},"modified":"2019-11-06T17:21:51","modified_gmt":"2019-11-06T15:21:51","slug":"kiinnostaako-jasenyys","status":"publish","type":"page","link":"https:\/\/rotary.fi\/helsinkitoolo\/tule-mukaan\/kiinnostaako-jasenyys\/","title":{"rendered":"Kiinnostaako j\u00e4senyys?"},"content":{"rendered":"<p>[et_pb_section fb_built=&#8221;1&#8243; module_class=&#8221;jumbotron-page&#8221; _builder_version=&#8221;3.22&#8243; background_image=&#8221;https:\/\/rotary.fi\/wp-content\/uploads\/2018\/04\/paakuva_liity_mukaan.jpg&#8221;][et_pb_row _builder_version=&#8221;3.25&#8243; background_size=&#8221;initial&#8221; background_position=&#8221;top_left&#8221; background_repeat=&#8221;repeat&#8221;][et_pb_column type=&#8221;4_4&#8243; _builder_version=&#8221;3.25&#8243; custom_padding=&#8221;|||&#8221; custom_padding__hover=&#8221;|||&#8221;][et_pb_text admin_label=&#8221;P\u00e4\u00e4otsikko&#8221; _builder_version=&#8221;3.27.4&#8243; text_orientation=&#8221;center&#8221; background_layout=&#8221;dark&#8221;]<\/p>\n<h1>Kiinnostaako j\u00e4senyys?<\/h1>\n<p>[\/et_pb_text][\/et_pb_column][\/et_pb_row][\/et_pb_section][et_pb_section fb_built=&#8221;1&#8243; specialty=&#8221;on&#8221; module_class_2=&#8221;sivupalkki&#8221; _builder_version=&#8221;3.22&#8243;][et_pb_column type=&#8221;2_3&#8243; specialty_columns=&#8221;2&#8243; _builder_version=&#8221;3.25&#8243; custom_padding=&#8221;|||&#8221; custom_padding__hover=&#8221;|||&#8221;][et_pb_row_inner admin_label=&#8221;Rivi&#8221; _builder_version=&#8221;3.25&#8243;][et_pb_column_inner saved_specialty_column_type=&#8221;2_3&#8243; _builder_version=&#8221;3.25&#8243; custom_padding=&#8221;|||&#8221; custom_padding__hover=&#8221;|||&#8221;][et_pb_text admin_label=&#8221;Kiinnostaako j\u00e4senyys? &#8211; Otsikko ennen teksti\u00e4&#8221; _builder_version=&#8221;3.27.4&#8243; text_orientation=&#8221;center&#8221;]<\/p>\n<h1>Kiinnostaako j\u00e4senyys?<\/h1>\n<p>[\/et_pb_text][et_pb_text _builder_version=&#8221;3.27.4&#8243;]<\/p>\n<p class=\"p1\"><span class=\"s1\">Jos j\u00e4senyys kiinnostaa, ole yhteydess\u00e4 klubiimme edellisess\u00e4 &#8221;Tule mukaan&#8221; -alasvetovalikossa olleen yhteydenottolomakkeen kautta.\u00a0 Klubissamme on edustettuina laaja kirjo eri ammattikuntien edustajia. Lis\u00e4\u00e4 mahtuu mukaan! Meill\u00e4 on j\u00e4seneksiottomenettely, jonka kautta otamme uusia j\u00e4seni\u00e4 klubiimme. Aloita tekem\u00e4ll\u00e4 yhteydenotto tai puhu jollekin tuntemallesi T\u00f6\u00f6l\u00f6n klubin j\u00e4senelle.\u00a0 <\/span><span class=\"s1\"><\/span><\/p>\n<p>[\/et_pb_text][\/et_pb_column_inner][\/et_pb_row_inner][et_pb_row_inner admin_label=&#8221;Rivi&#8221; _builder_version=&#8221;3.25&#8243;][et_pb_column_inner saved_specialty_column_type=&#8221;2_3&#8243; _builder_version=&#8221;3.25&#8243; custom_padding=&#8221;|||&#8221; custom_padding__hover=&#8221;|||&#8221;][et_pb_text admin_label=&#8221;Nelj\u00e4n kysymyksen koe &#8211; Otsikko&#8221; _builder_version=&#8221;3.27.4&#8243; text_orientation=&#8221;center&#8221;]<\/p>\n<h4>Nelj\u00e4n kysymyksen koe<\/h4>\n<p>[\/et_pb_text][et_pb_text _builder_version=&#8221;3.27.4&#8243;]<\/p>\n<p class=\"p1\"><span class=\"s1\">Rotaryn k\u00e4yt\u00e4nn\u00f6n toimintaa ohjaavat eettiset periaatteet. Nelj\u00e4n kysymyksen kokeella pyrimme<span class=\"Apple-converted-space\">\u00a0 <\/span>edist\u00e4m\u00e4\u00e4n hyvi\u00e4 toimintatapoja niin keskin\u00e4isess\u00e4 kanssak\u00e4ymisess\u00e4 kuin palveluhankkeissa. Tutki siis ajatuksesi, sanasi ja tekosi niiden avulla.<\/span><\/p>\n<p class=\"p1\"><strong><span class=\"s1\"><i>1. Onko t\u00e4m\u00e4 TOTTA? <\/i><br \/>\n<i>2. Onko t\u00e4m\u00e4 OIKEUDENMUKAISTA kaikkia asianosaisia kohtaan? <\/i><br \/>\n<i>3. Luoko t\u00e4m\u00e4 HYV\u00c4\u00c4 TAHTOA ja PARANTAAKO T\u00c4M\u00c4 YST\u00c4VYYSSUHTEITA? <\/i><br \/>\n<i>4. Onko t\u00e4m\u00e4 kaikkien osapuolten EDUN MUKAISTA?<\/i><\/span><\/strong><\/p>\n<p>[\/et_pb_text][\/et_pb_column_inner][\/et_pb_row_inner][et_pb_row_inner admin_label=&#8221;Rivi&#8221; _builder_version=&#8221;3.25&#8243;][et_pb_column_inner saved_specialty_column_type=&#8221;2_3&#8243; _builder_version=&#8221;3.25&#8243; custom_padding=&#8221;|||&#8221; custom_padding__hover=&#8221;|||&#8221;][et_pb_button button_url=&#8221;https:\/\/rotary.fi\/helsinkitoolo\/tule-mukaan\/&#8221; button_text=&#8221;Tule mukaan&#8221; _builder_version=&#8221;3.17&#8243;][\/et_pb_button][\/et_pb_column_inner][\/et_pb_row_inner][\/et_pb_column][et_pb_column type=&#8221;1_3&#8243; _builder_version=&#8221;3.25&#8243; custom_padding=&#8221;|||&#8221; custom_padding__hover=&#8221;|||&#8221;][et_pb_sidebar area=&#8221;sidebar-1&#8243; module_class=&#8221;sivupalkki_sisalto&#8221; _builder_version=&#8221;3.4.1&#8243; locked=&#8221;on&#8221;][\/et_pb_sidebar][\/et_pb_column][\/et_pb_section]<\/p>\n","protected":false},"excerpt":{"rendered":"<p>Kiinnostaako j\u00e4senyys? Kiinnostaako j\u00e4senyys? Jos j\u00e4senyys kiinnostaa, ole yhteydess\u00e4 klubiimme edellisess\u00e4 &#8221;Tule mukaan&#8221; -alasvetovalikossa olleen yhteydenottolomakkeen kautta.\u00a0 Klubissamme on edustettuina laaja kirjo eri ammattikuntien edustajia. Lis\u00e4\u00e4 mahtuu mukaan! Meill\u00e4 on j\u00e4seneksiottomenettely, jonka kautta otamme uusia j\u00e4seni\u00e4 klubiimme. Aloita tekem\u00e4ll\u00e4 yhteydenotto tai puhu jollekin tuntemallesi T\u00f6\u00f6l\u00f6n klubin j\u00e4senelle.\u00a0 Nelj\u00e4n kysymyksen koe Rotaryn k\u00e4yt\u00e4nn\u00f6n toimintaa ohjaavat eettiset [&hellip;]<\/p>\n","protected":false},"author":1,"featured_media":0,"parent":89,"menu_order":1,"comment_status":"closed","ping_status":"closed","template":"","meta":{"_acf_changed":false,"_et_pb_use_builder":"on","_et_pb_old_content":"","_et_gb_content_width":"","footnotes":""},"class_list":["post-173","page","type-page","status-publish","hentry"],"acf":[],"yoast_head":"<!-- This site is optimized with the Yoast SEO plugin v27.0 - https:\/\/yoast.com\/product\/yoast-seo-wordpress\/ -->\n<title>Kiinnostaako j\u00e4senyys? - Helsinki - T\u00f6\u00f6l\u00f6n Rotaryklubi<\/title>\n<meta name=\"robots\" content=\"index, follow, max-snippet:-1, max-image-preview:large, max-video-preview:-1\" \/>\n<link rel=\"canonical\" href=\"https:\/\/rotary.fi\/helsinkitoolo\/tule-mukaan\/kiinnostaako-jasenyys\/\" \/>\n<meta property=\"og:locale\" content=\"fi_FI\" \/>\n<meta property=\"og:type\" content=\"article\" \/>\n<meta property=\"og:title\" content=\"Kiinnostaako j\u00e4senyys? - Helsinki - T\u00f6\u00f6l\u00f6n Rotaryklubi\" \/>\n<meta property=\"og:description\" content=\"Kiinnostaako j\u00e4senyys? Kiinnostaako j\u00e4senyys? Jos j\u00e4senyys kiinnostaa, ole yhteydess\u00e4 klubiimme edellisess\u00e4 &quot;Tule mukaan&quot; -alasvetovalikossa olleen yhteydenottolomakkeen kautta.\u00a0 Klubissamme on edustettuina laaja kirjo eri ammattikuntien edustajia. Lis\u00e4\u00e4 mahtuu mukaan! Meill\u00e4 on j\u00e4seneksiottomenettely, jonka kautta otamme uusia j\u00e4seni\u00e4 klubiimme. Aloita tekem\u00e4ll\u00e4 yhteydenotto tai puhu jollekin tuntemallesi T\u00f6\u00f6l\u00f6n klubin j\u00e4senelle.\u00a0 Nelj\u00e4n kysymyksen koe Rotaryn k\u00e4yt\u00e4nn\u00f6n toimintaa ohjaavat eettiset [&hellip;]\" \/>\n<meta property=\"og:url\" content=\"https:\/\/rotary.fi\/helsinkitoolo\/tule-mukaan\/kiinnostaako-jasenyys\/\" \/>\n<meta property=\"og:site_name\" content=\"Helsinki - T\u00f6\u00f6l\u00f6n Rotaryklubi\" \/>\n<meta property=\"article:modified_time\" content=\"2019-11-06T15:21:51+00:00\" \/>\n<meta name=\"twitter:card\" content=\"summary_large_image\" \/>\n<meta name=\"twitter:label1\" content=\"Arvioitu lukuaika\" \/>\n\t<meta name=\"twitter:data1\" content=\"2 minuuttia\" \/>\n<script type=\"application\/ld+json\" class=\"yoast-schema-graph\">{\"@context\":\"https:\/\/schema.org\",\"@graph\":[{\"@type\":\"WebPage\",\"@id\":\"https:\/\/rotary.fi\/helsinkitoolo\/tule-mukaan\/kiinnostaako-jasenyys\/\",\"url\":\"https:\/\/rotary.fi\/helsinkitoolo\/tule-mukaan\/kiinnostaako-jasenyys\/\",\"name\":\"Kiinnostaako j\u00e4senyys? - Helsinki - T\u00f6\u00f6l\u00f6n Rotaryklubi\",\"isPartOf\":{\"@id\":\"https:\/\/rotary.fi\/helsinkitoolo\/#website\"},\"datePublished\":\"2018-08-13T07:39:15+00:00\",\"dateModified\":\"2019-11-06T15:21:51+00:00\",\"breadcrumb\":{\"@id\":\"https:\/\/rotary.fi\/helsinkitoolo\/tule-mukaan\/kiinnostaako-jasenyys\/#breadcrumb\"},\"inLanguage\":\"fi\",\"potentialAction\":[{\"@type\":\"ReadAction\",\"target\":[\"https:\/\/rotary.fi\/helsinkitoolo\/tule-mukaan\/kiinnostaako-jasenyys\/\"]}]},{\"@type\":\"BreadcrumbList\",\"@id\":\"https:\/\/rotary.fi\/helsinkitoolo\/tule-mukaan\/kiinnostaako-jasenyys\/#breadcrumb\",\"itemListElement\":[{\"@type\":\"ListItem\",\"position\":1,\"name\":\"Home\",\"item\":\"https:\/\/rotary.fi\/helsinkitoolo\/\"},{\"@type\":\"ListItem\",\"position\":2,\"name\":\"Tule mukaan\",\"item\":\"https:\/\/rotary.fi\/helsinkitoolo\/tule-mukaan\/\"},{\"@type\":\"ListItem\",\"position\":3,\"name\":\"Kiinnostaako j\u00e4senyys?\"}]},{\"@type\":\"WebSite\",\"@id\":\"https:\/\/rotary.fi\/helsinkitoolo\/#website\",\"url\":\"https:\/\/rotary.fi\/helsinkitoolo\/\",\"name\":\"Helsinki - T\u00f6\u00f6l\u00f6n Rotaryklubi\",\"description\":\"Uusi Rotary klubisivusto\",\"potentialAction\":[{\"@type\":\"SearchAction\",\"target\":{\"@type\":\"EntryPoint\",\"urlTemplate\":\"https:\/\/rotary.fi\/helsinkitoolo\/?s={search_term_string}\"},\"query-input\":{\"@type\":\"PropertyValueSpecification\",\"valueRequired\":true,\"valueName\":\"search_term_string\"}}],\"inLanguage\":\"fi\"}]}<\/script>\n<!-- \/ Yoast SEO plugin. -->","yoast_head_json":{"title":"Kiinnostaako j\u00e4senyys? - Helsinki - T\u00f6\u00f6l\u00f6n Rotaryklubi","robots":{"index":"index","follow":"follow","max-snippet":"max-snippet:-1","max-image-preview":"max-image-preview:large","max-video-preview":"max-video-preview:-1"},"canonical":"https:\/\/rotary.fi\/helsinkitoolo\/tule-mukaan\/kiinnostaako-jasenyys\/","og_locale":"fi_FI","og_type":"article","og_title":"Kiinnostaako j\u00e4senyys? - Helsinki - T\u00f6\u00f6l\u00f6n Rotaryklubi","og_description":"Kiinnostaako j\u00e4senyys? Kiinnostaako j\u00e4senyys? Jos j\u00e4senyys kiinnostaa, ole yhteydess\u00e4 klubiimme edellisess\u00e4 \"Tule mukaan\" -alasvetovalikossa olleen yhteydenottolomakkeen kautta.\u00a0 Klubissamme on edustettuina laaja kirjo eri ammattikuntien edustajia. Lis\u00e4\u00e4 mahtuu mukaan! Meill\u00e4 on j\u00e4seneksiottomenettely, jonka kautta otamme uusia j\u00e4seni\u00e4 klubiimme. Aloita tekem\u00e4ll\u00e4 yhteydenotto tai puhu jollekin tuntemallesi T\u00f6\u00f6l\u00f6n klubin j\u00e4senelle.\u00a0 Nelj\u00e4n kysymyksen koe Rotaryn k\u00e4yt\u00e4nn\u00f6n toimintaa ohjaavat eettiset [&hellip;]","og_url":"https:\/\/rotary.fi\/helsinkitoolo\/tule-mukaan\/kiinnostaako-jasenyys\/","og_site_name":"Helsinki - T\u00f6\u00f6l\u00f6n Rotaryklubi","article_modified_time":"2019-11-06T15:21:51+00:00","twitter_card":"summary_large_image","twitter_misc":{"Arvioitu lukuaika":"2 minuuttia"},"schema":{"@context":"https:\/\/schema.org","@graph":[{"@type":"WebPage","@id":"https:\/\/rotary.fi\/helsinkitoolo\/tule-mukaan\/kiinnostaako-jasenyys\/","url":"https:\/\/rotary.fi\/helsinkitoolo\/tule-mukaan\/kiinnostaako-jasenyys\/","name":"Kiinnostaako j\u00e4senyys? - Helsinki - T\u00f6\u00f6l\u00f6n Rotaryklubi","isPartOf":{"@id":"https:\/\/rotary.fi\/helsinkitoolo\/#website"},"datePublished":"2018-08-13T07:39:15+00:00","dateModified":"2019-11-06T15:21:51+00:00","breadcrumb":{"@id":"https:\/\/rotary.fi\/helsinkitoolo\/tule-mukaan\/kiinnostaako-jasenyys\/#breadcrumb"},"inLanguage":"fi","potentialAction":[{"@type":"ReadAction","target":["https:\/\/rotary.fi\/helsinkitoolo\/tule-mukaan\/kiinnostaako-jasenyys\/"]}]},{"@type":"BreadcrumbList","@id":"https:\/\/rotary.fi\/helsinkitoolo\/tule-mukaan\/kiinnostaako-jasenyys\/#breadcrumb","itemListElement":[{"@type":"ListItem","position":1,"name":"Home","item":"https:\/\/rotary.fi\/helsinkitoolo\/"},{"@type":"ListItem","position":2,"name":"Tule mukaan","item":"https:\/\/rotary.fi\/helsinkitoolo\/tule-mukaan\/"},{"@type":"ListItem","position":3,"name":"Kiinnostaako j\u00e4senyys?"}]},{"@type":"WebSite","@id":"https:\/\/rotary.fi\/helsinkitoolo\/#website","url":"https:\/\/rotary.fi\/helsinkitoolo\/","name":"Helsinki - T\u00f6\u00f6l\u00f6n Rotaryklubi","description":"Uusi Rotary klubisivusto","potentialAction":[{"@type":"SearchAction","target":{"@type":"EntryPoint","urlTemplate":"https:\/\/rotary.fi\/helsinkitoolo\/?s={search_term_string}"},"query-input":{"@type":"PropertyValueSpecification","valueRequired":true,"valueName":"search_term_string"}}],"inLanguage":"fi"}]}},"lang":"fi","translations":{"fi":173,"en":1475,"sv":1635},"pll_sync_post":[],"_links":{"self":[{"href":"https:\/\/rotary.fi\/helsinkitoolo\/wp-json\/wp\/v2\/pages\/173","targetHints":{"allow":["GET"]}}],"collection":[{"href":"https:\/\/rotary.fi\/helsinkitoolo\/wp-json\/wp\/v2\/pages"}],"about":[{"href":"https:\/\/rotary.fi\/helsinkitoolo\/wp-json\/wp\/v2\/types\/page"}],"author":[{"embeddable":true,"href":"https:\/\/rotary.fi\/helsinkitoolo\/wp-json\/wp\/v2\/users\/1"}],"replies":[{"embeddable":true,"href":"https:\/\/rotary.fi\/helsinkitoolo\/wp-json\/wp\/v2\/comments?post=173"}],"version-history":[{"count":10,"href":"https:\/\/rotary.fi\/helsinkitoolo\/wp-json\/wp\/v2\/pages\/173\/revisions"}],"predecessor-version":[{"id":1910,"href":"https:\/\/rotary.fi\/helsinkitoolo\/wp-json\/wp\/v2\/pages\/173\/revisions\/1910"}],"up":[{"embeddable":true,"href":"https:\/\/rotary.fi\/helsinkitoolo\/wp-json\/wp\/v2\/pages\/89"}],"wp:attachment":[{"href":"https:\/\/rotary.fi\/helsinkitoolo\/wp-json\/wp\/v2\/media?parent=173"}],"curies":[{"name":"wp","href":"https:\/\/api.w.org\/{rel}","templated":true}]}}