{"id":1647,"date":"2019-03-20T07:40:06","date_gmt":"2019-03-20T05:40:06","guid":{"rendered":"https:\/\/rotary.fi\/helsinkitoolo\/?page_id=1647"},"modified":"2020-07-22T21:24:06","modified_gmt":"2020-07-22T18:24:06","slug":"kontaktuppgifter","status":"publish","type":"page","link":"https:\/\/rotary.fi\/helsinkitoolo\/sv\/kontaktuppgifter\/","title":{"rendered":"Kontaktuppgifter"},"content":{"rendered":"<p>[et_pb_section fb_built=&#8221;1&#8243; module_class=&#8221;jumbotron-page&#8221; _builder_version=&#8221;4.4.1&#8243; background_image=&#8221;https:\/\/rotary.fi\/helsinkitoolo\/wp-content\/uploads\/sites\/180\/2020\/03\/botta-760.jpg&#8221;][et_pb_row _builder_version=&#8221;3.25&#8243; background_size=&#8221;initial&#8221; background_position=&#8221;top_left&#8221; background_repeat=&#8221;repeat&#8221;][et_pb_column type=&#8221;4_4&#8243; _builder_version=&#8221;3.25&#8243; custom_padding=&#8221;|||&#8221; custom_padding__hover=&#8221;|||&#8221;][et_pb_text admin_label=&#8221;Main \/\/ Kontaktuppgifter&#8221; _builder_version=&#8221;3.27.4&#8243; text_orientation=&#8221;center&#8221; background_layout=&#8221;dark&#8221;]<\/p>\n<h1>Kontaktuppgifter<\/h1>\n<p>[\/et_pb_text][\/et_pb_column][\/et_pb_row][\/et_pb_section][et_pb_section fb_built=&#8221;1&#8243; specialty=&#8221;on&#8221; module_class_2=&#8221;sivupalkki&#8221; _builder_version=&#8221;3.22&#8243;][et_pb_column type=&#8221;2_3&#8243; specialty_columns=&#8221;2&#8243; _builder_version=&#8221;3.25&#8243; custom_padding=&#8221;|||&#8221; custom_padding__hover=&#8221;|||&#8221;][et_pb_row_inner admin_label=&#8221;Rivi&#8221; _builder_version=&#8221;3.25&#8243;][et_pb_column_inner saved_specialty_column_type=&#8221;2_3&#8243; _builder_version=&#8221;3.25&#8243; custom_padding=&#8221;|||&#8221; custom_padding__hover=&#8221;|||&#8221;][et_pb_text admin_label=&#8221;Kontaktuppgifter &#8211; rubrik&#8221; _builder_version=&#8221;3.27.4&#8243; text_orientation=&#8221;center&#8221;]<\/p>\n<h1>Kontaktuppgifter<\/h1>\n<p>[\/et_pb_text][et_pb_text admin_label=&#8221;Text: Kontaktuppgifter&#8221; _builder_version=&#8221;3.27.4&#8243; min_height=&#8221;47px&#8221; custom_margin=&#8221;-14px|||||&#8221;][\/et_pb_text][\/et_pb_column_inner][\/et_pb_row_inner][et_pb_row_inner column_structure=&#8221;1_2,1_2&#8243; admin_label=&#8221;Rivi&#8221; _builder_version=&#8221;3.25&#8243; custom_margin=&#8221;||20px|&#8221; custom_padding=&#8221;||20px|&#8221; border_width_bottom=&#8221;1px&#8221; border_color_bottom=&#8221;#d8d8d8&#8243;][et_pb_column_inner type=&#8221;1_2&#8243; saved_specialty_column_type=&#8221;2_3&#8243; _builder_version=&#8221;3.25&#8243; custom_padding=&#8221;||20px|&#8221; custom_padding__hover=&#8221;|||&#8221;][et_pb_text admin_label=&#8221;M\u00f6tesplats&#8221; _builder_version=&#8221;3.27.4&#8243;]<\/p>\n<p><strong>M\u00f6tesplats:<\/strong><br \/>Ostrobotnia (Botta), 2. v\u00e5n.<br \/>Museigatan 10<br \/>00100 Helsingfors<\/p>\n<p><strong>M\u00f6testidpunkt:<\/strong><br \/>Torsdagar kl. 11.45-13.00<\/p>\n<p>[\/et_pb_text][\/et_pb_column_inner][et_pb_column_inner type=&#8221;1_2&#8243; saved_specialty_column_type=&#8221;2_3&#8243; _builder_version=&#8221;3.25&#8243; custom_padding=&#8221;||20px|&#8221; custom_padding__hover=&#8221;|||&#8221;][et_pb_map address=&#8221;Museokatu 10, 00100 Helsinki, Finland&#8221; zoom_level=&#8221;16&#8243; address_lat=&#8221;60.1741657&#8243; address_lng=&#8221;24.9313758&#8243; admin_label=&#8221;Identifieringar &#8211; Google Maps&#8221; _builder_version=&#8221;4.4.1&#8243;][et_pb_map_pin title=&#8221;Ostrobotnia (Botta)&#8221; pin_address=&#8221;Museokatu 10, 00100 Helsinki, Finland&#8221; zoom_level=&#8221;15&#8243; pin_address_lat=&#8221;60.1741657&#8243; pin_address_lng=&#8221;24.9313758&#8243; _builder_version=&#8221;4.4.1&#8243;][\/et_pb_map_pin][\/et_pb_map][\/et_pb_column_inner][\/et_pb_row_inner][et_pb_row_inner column_structure=&#8221;1_2,1_2&#8243; admin_label=&#8221;Rivi&#8221; _builder_version=&#8221;3.25&#8243; custom_margin=&#8221;20px||20px|&#8221; custom_padding=&#8221;20px||20px|&#8221;][et_pb_column_inner type=&#8221;1_2&#8243; saved_specialty_column_type=&#8221;2_3&#8243; _builder_version=&#8221;3.25&#8243; custom_padding=&#8221;||20px|&#8221; custom_padding__hover=&#8221;|||&#8221;][et_pb_text admin_label=&#8221;President&#8221; _builder_version=&#8221;3.27.4&#8243;]<\/p>\n<h3>President<\/h3>\n<p>Mikko Ohela<\/p>\n<p><span style=\"font-size: 16px\">tel. +358 50 598 8862<\/span><\/p>\n<p><span style=\"font-size: 16px\">mikko.ohela (at) ohelaconsulting.eu<\/span><\/p>\n<p>&nbsp;<\/p>\n<p>[\/et_pb_text][\/et_pb_column_inner][et_pb_column_inner type=&#8221;1_2&#8243; saved_specialty_column_type=&#8221;2_3&#8243; _builder_version=&#8221;3.25&#8243; custom_padding=&#8221;||20px|&#8221; custom_padding__hover=&#8221;|||&#8221;][et_pb_text admin_label=&#8221;Sekreterare&#8221; _builder_version=&#8221;3.27.4&#8243;]<\/p>\n<h3>Sekreterare<\/h3>\n<h3><span style=\"font-size: 16px;color: #263b4c;font-family: 'Open Sans', Helvetica, Arial, Lucida, sans-serif\">Matti Brax<\/span><\/h3>\n<h3><span style=\"font-size: 16px;color: #263b4c;font-family: 'Open Sans', Helvetica, Arial, Lucida, sans-serif\">tel. +358 40 733 9722<\/span><\/h3>\n<p><span style=\"font-size: 16px;color: #263b4c;font-family: 'Open Sans', Helvetica, Arial, Lucida, sans-serif\"><\/span><\/p>\n<h3><span style=\"font-size: 16px;color: #263b4c;font-family: 'Open Sans', Helvetica, Arial, Lucida, sans-serif\">matti.brax (at) papula-nevinpat.com<\/span><\/h3>\n<p>[\/et_pb_text][\/et_pb_column_inner][\/et_pb_row_inner][et_pb_row_inner admin_label=&#8221;Rivi&#8221; _builder_version=&#8221;3.25&#8243;][et_pb_column_inner saved_specialty_column_type=&#8221;2_3&#8243; _builder_version=&#8221;3.25&#8243; custom_padding=&#8221;|||&#8221; custom_padding__hover=&#8221;|||&#8221;][et_pb_text admin_label=&#8221;\u00d6vriga viktiga kontaktpersoner&#8221; _builder_version=&#8221;3.27.4&#8243; custom_margin=&#8221;20px|||&#8221;]<\/p>\n<h3><span style=\"font-size: large\"><b>Klubbm\u00e4stare<\/b><\/span><\/h3>\n<p>Ilkka Vainio<\/p>\n<p>tel. +358 50 564 4117<\/p>\n<p>ilkka.vainio (at) elisanet.fi<\/p>\n<p>[\/et_pb_text][\/et_pb_column_inner][\/et_pb_row_inner][\/et_pb_column][et_pb_column type=&#8221;1_3&#8243; _builder_version=&#8221;3.25&#8243; custom_padding=&#8221;|||&#8221; custom_padding__hover=&#8221;|||&#8221;][et_pb_sidebar area=&#8221;sidebar-1&#8243; admin_label=&#8221;Sidebar&#8221; module_class=&#8221;sivupalkki_sisalto&#8221; _builder_version=&#8221;3.21&#8243; locked=&#8221;on&#8221;]<\/p>\n<p>&nbsp;<\/p>\n<p>[\/et_pb_sidebar][\/et_pb_column][\/et_pb_section]<\/p>\n","protected":false},"excerpt":{"rendered":"<p>Kontaktuppgifter Kontaktuppgifter M\u00f6tesplats:Ostrobotnia (Botta), 2. v\u00e5n.Museigatan 1000100 Helsingfors M\u00f6testidpunkt:Torsdagar kl. 11.45-13.00President Mikko Ohela tel. +358 50 598 8862 mikko.ohela (at) ohelaconsulting.eu &nbsp;Sekreterare Matti Brax tel. +358 40 733 9722 matti.brax (at) papula-nevinpat.comKlubbm\u00e4stare Ilkka Vainio tel. +358 50 564 4117 ilkka.vainio (at) elisanet.fi&nbsp;<\/p>\n","protected":false},"author":1,"featured_media":0,"parent":0,"menu_order":6,"comment_status":"closed","ping_status":"closed","template":"","meta":{"_acf_changed":false,"_et_pb_use_builder":"on","_et_pb_old_content":"","_et_gb_content_width":"","footnotes":""},"class_list":["post-1647","page","type-page","status-publish","hentry"],"acf":[],"yoast_head":"<!-- This site is optimized with the Yoast SEO plugin v27.0 - https:\/\/yoast.com\/product\/yoast-seo-wordpress\/ -->\n<title>Kontaktuppgifter - Helsinki - T\u00f6\u00f6l\u00f6n Rotaryklubi<\/title>\n<meta name=\"robots\" content=\"index, follow, max-snippet:-1, max-image-preview:large, max-video-preview:-1\" \/>\n<link rel=\"canonical\" href=\"https:\/\/rotary.fi\/helsinkitoolo\/sv\/kontaktuppgifter\/\" \/>\n<meta property=\"og:locale\" content=\"fi_FI\" \/>\n<meta property=\"og:type\" content=\"article\" \/>\n<meta property=\"og:title\" content=\"Kontaktuppgifter - Helsinki - T\u00f6\u00f6l\u00f6n Rotaryklubi\" \/>\n<meta property=\"og:description\" content=\"Kontaktuppgifter Kontaktuppgifter M\u00f6tesplats:Ostrobotnia (Botta), 2. v\u00e5n.Museigatan 1000100 Helsingfors M\u00f6testidpunkt:Torsdagar kl. 11.45-13.00President Mikko Ohela tel. +358 50 598 8862 mikko.ohela (at) ohelaconsulting.eu &nbsp;Sekreterare Matti Brax tel. +358 40 733 9722 matti.brax (at) papula-nevinpat.comKlubbm\u00e4stare Ilkka Vainio tel. +358 50 564 4117 ilkka.vainio (at) elisanet.fi&nbsp;\" \/>\n<meta property=\"og:url\" content=\"https:\/\/rotary.fi\/helsinkitoolo\/sv\/kontaktuppgifter\/\" \/>\n<meta property=\"og:site_name\" content=\"Helsinki - T\u00f6\u00f6l\u00f6n Rotaryklubi\" \/>\n<meta property=\"article:modified_time\" content=\"2020-07-22T18:24:06+00:00\" \/>\n<meta name=\"twitter:card\" content=\"summary_large_image\" \/>\n<meta name=\"twitter:label1\" content=\"Arvioitu lukuaika\" \/>\n\t<meta name=\"twitter:data1\" content=\"3 minuuttia\" \/>\n<script type=\"application\/ld+json\" class=\"yoast-schema-graph\">{\"@context\":\"https:\/\/schema.org\",\"@graph\":[{\"@type\":\"WebPage\",\"@id\":\"https:\/\/rotary.fi\/helsinkitoolo\/sv\/kontaktuppgifter\/\",\"url\":\"https:\/\/rotary.fi\/helsinkitoolo\/sv\/kontaktuppgifter\/\",\"name\":\"Kontaktuppgifter - Helsinki - T\u00f6\u00f6l\u00f6n Rotaryklubi\",\"isPartOf\":{\"@id\":\"https:\/\/rotary.fi\/helsinkitoolo\/#website\"},\"datePublished\":\"2019-03-20T05:40:06+00:00\",\"dateModified\":\"2020-07-22T18:24:06+00:00\",\"breadcrumb\":{\"@id\":\"https:\/\/rotary.fi\/helsinkitoolo\/sv\/kontaktuppgifter\/#breadcrumb\"},\"inLanguage\":\"fi\",\"potentialAction\":[{\"@type\":\"ReadAction\",\"target\":[\"https:\/\/rotary.fi\/helsinkitoolo\/sv\/kontaktuppgifter\/\"]}]},{\"@type\":\"BreadcrumbList\",\"@id\":\"https:\/\/rotary.fi\/helsinkitoolo\/sv\/kontaktuppgifter\/#breadcrumb\",\"itemListElement\":[{\"@type\":\"ListItem\",\"position\":1,\"name\":\"Home\",\"item\":\"https:\/\/rotary.fi\/helsinkitoolo\/\"},{\"@type\":\"ListItem\",\"position\":2,\"name\":\"Kontaktuppgifter\"}]},{\"@type\":\"WebSite\",\"@id\":\"https:\/\/rotary.fi\/helsinkitoolo\/#website\",\"url\":\"https:\/\/rotary.fi\/helsinkitoolo\/\",\"name\":\"Helsinki - T\u00f6\u00f6l\u00f6n Rotaryklubi\",\"description\":\"Uusi Rotary klubisivusto\",\"potentialAction\":[{\"@type\":\"SearchAction\",\"target\":{\"@type\":\"EntryPoint\",\"urlTemplate\":\"https:\/\/rotary.fi\/helsinkitoolo\/?s={search_term_string}\"},\"query-input\":{\"@type\":\"PropertyValueSpecification\",\"valueRequired\":true,\"valueName\":\"search_term_string\"}}],\"inLanguage\":\"fi\"}]}<\/script>\n<!-- \/ Yoast SEO plugin. -->","yoast_head_json":{"title":"Kontaktuppgifter - Helsinki - T\u00f6\u00f6l\u00f6n Rotaryklubi","robots":{"index":"index","follow":"follow","max-snippet":"max-snippet:-1","max-image-preview":"max-image-preview:large","max-video-preview":"max-video-preview:-1"},"canonical":"https:\/\/rotary.fi\/helsinkitoolo\/sv\/kontaktuppgifter\/","og_locale":"fi_FI","og_type":"article","og_title":"Kontaktuppgifter - Helsinki - T\u00f6\u00f6l\u00f6n Rotaryklubi","og_description":"Kontaktuppgifter Kontaktuppgifter M\u00f6tesplats:Ostrobotnia (Botta), 2. v\u00e5n.Museigatan 1000100 Helsingfors M\u00f6testidpunkt:Torsdagar kl. 11.45-13.00President Mikko Ohela tel. +358 50 598 8862 mikko.ohela (at) ohelaconsulting.eu &nbsp;Sekreterare Matti Brax tel. +358 40 733 9722 matti.brax (at) papula-nevinpat.comKlubbm\u00e4stare Ilkka Vainio tel. +358 50 564 4117 ilkka.vainio (at) elisanet.fi&nbsp;","og_url":"https:\/\/rotary.fi\/helsinkitoolo\/sv\/kontaktuppgifter\/","og_site_name":"Helsinki - T\u00f6\u00f6l\u00f6n Rotaryklubi","article_modified_time":"2020-07-22T18:24:06+00:00","twitter_card":"summary_large_image","twitter_misc":{"Arvioitu lukuaika":"3 minuuttia"},"schema":{"@context":"https:\/\/schema.org","@graph":[{"@type":"WebPage","@id":"https:\/\/rotary.fi\/helsinkitoolo\/sv\/kontaktuppgifter\/","url":"https:\/\/rotary.fi\/helsinkitoolo\/sv\/kontaktuppgifter\/","name":"Kontaktuppgifter - Helsinki - T\u00f6\u00f6l\u00f6n Rotaryklubi","isPartOf":{"@id":"https:\/\/rotary.fi\/helsinkitoolo\/#website"},"datePublished":"2019-03-20T05:40:06+00:00","dateModified":"2020-07-22T18:24:06+00:00","breadcrumb":{"@id":"https:\/\/rotary.fi\/helsinkitoolo\/sv\/kontaktuppgifter\/#breadcrumb"},"inLanguage":"fi","potentialAction":[{"@type":"ReadAction","target":["https:\/\/rotary.fi\/helsinkitoolo\/sv\/kontaktuppgifter\/"]}]},{"@type":"BreadcrumbList","@id":"https:\/\/rotary.fi\/helsinkitoolo\/sv\/kontaktuppgifter\/#breadcrumb","itemListElement":[{"@type":"ListItem","position":1,"name":"Home","item":"https:\/\/rotary.fi\/helsinkitoolo\/"},{"@type":"ListItem","position":2,"name":"Kontaktuppgifter"}]},{"@type":"WebSite","@id":"https:\/\/rotary.fi\/helsinkitoolo\/#website","url":"https:\/\/rotary.fi\/helsinkitoolo\/","name":"Helsinki - T\u00f6\u00f6l\u00f6n Rotaryklubi","description":"Uusi Rotary klubisivusto","potentialAction":[{"@type":"SearchAction","target":{"@type":"EntryPoint","urlTemplate":"https:\/\/rotary.fi\/helsinkitoolo\/?s={search_term_string}"},"query-input":{"@type":"PropertyValueSpecification","valueRequired":true,"valueName":"search_term_string"}}],"inLanguage":"fi"}]}},"lang":"sv","translations":{"sv":1647,"en":1481,"fi":98},"pll_sync_post":[],"_links":{"self":[{"href":"https:\/\/rotary.fi\/helsinkitoolo\/wp-json\/wp\/v2\/pages\/1647","targetHints":{"allow":["GET"]}}],"collection":[{"href":"https:\/\/rotary.fi\/helsinkitoolo\/wp-json\/wp\/v2\/pages"}],"about":[{"href":"https:\/\/rotary.fi\/helsinkitoolo\/wp-json\/wp\/v2\/types\/page"}],"author":[{"embeddable":true,"href":"https:\/\/rotary.fi\/helsinkitoolo\/wp-json\/wp\/v2\/users\/1"}],"replies":[{"embeddable":true,"href":"https:\/\/rotary.fi\/helsinkitoolo\/wp-json\/wp\/v2\/comments?post=1647"}],"version-history":[{"count":9,"href":"https:\/\/rotary.fi\/helsinkitoolo\/wp-json\/wp\/v2\/pages\/1647\/revisions"}],"predecessor-version":[{"id":3098,"href":"https:\/\/rotary.fi\/helsinkitoolo\/wp-json\/wp\/v2\/pages\/1647\/revisions\/3098"}],"wp:attachment":[{"href":"https:\/\/rotary.fi\/helsinkitoolo\/wp-json\/wp\/v2\/media?parent=1647"}],"curies":[{"name":"wp","href":"https:\/\/api.w.org\/{rel}","templated":true}]}}