{"id":1580,"date":"2019-03-19T14:39:42","date_gmt":"2019-03-19T12:39:42","guid":{"rendered":"https:\/\/rotary.fi\/helsinkitoolo\/?page_id=1580"},"modified":"2020-03-30T00:46:35","modified_gmt":"2020-03-29T21:46:35","slug":"vi-ar-en-del-av-internationell-rotaryrorelse","status":"publish","type":"page","link":"https:\/\/rotary.fi\/helsinkitoolo\/sv\/vem-ar-vi\/vi-ar-en-del-av-internationell-rotaryrorelse\/","title":{"rendered":"Vi \u00e4r en del av internationell Rotaryr\u00f6relse"},"content":{"rendered":"<p>[et_pb_section fb_built=&#8221;1&#8243; module_class=&#8221;jumbotron-page&#8221; _builder_version=&#8221;3.22&#8243; background_image=&#8221;https:\/\/rotary.fi\/wp-content\/uploads\/2018\/04\/paakuva_rauhantyo.jpg&#8221;][et_pb_row _builder_version=&#8221;3.25&#8243; background_size=&#8221;initial&#8221; background_position=&#8221;top_left&#8221; background_repeat=&#8221;repeat&#8221;][et_pb_column type=&#8221;4_4&#8243; _builder_version=&#8221;3.25&#8243; custom_padding=&#8221;|||&#8221; custom_padding__hover=&#8221;|||&#8221;][et_pb_text admin_label=&#8221;Main \/\/ Vi \u00e4r en del av internationell Rotaryr\u00f6relse&#8221; _builder_version=&#8221;3.27.4&#8243; text_orientation=&#8221;center&#8221; background_layout=&#8221;dark&#8221;]<\/p>\n<h1>Vi \u00e4r en del av internationell Rotaryr\u00f6relse<\/h1>\n<p>[\/et_pb_text][\/et_pb_column][\/et_pb_row][\/et_pb_section][et_pb_section fb_built=&#8221;1&#8243; specialty=&#8221;on&#8221; module_class_2=&#8221;sivupalkki&#8221; _builder_version=&#8221;3.22&#8243;][et_pb_column type=&#8221;2_3&#8243; specialty_columns=&#8221;2&#8243; _builder_version=&#8221;3.25&#8243; custom_padding=&#8221;|||&#8221; custom_padding__hover=&#8221;|||&#8221;][et_pb_row_inner admin_label=&#8221;Rivi&#8221; _builder_version=&#8221;3.25&#8243;][et_pb_column_inner saved_specialty_column_type=&#8221;2_3&#8243; _builder_version=&#8221;3.25&#8243; custom_padding=&#8221;|||&#8221; custom_padding__hover=&#8221;|||&#8221;][et_pb_text admin_label=&#8221;Rotary International &#8211; rubrik&#8221; _builder_version=&#8221;3.27.4&#8243; text_orientation=&#8221;center&#8221;]<\/p>\n<h1>Rotary International<\/h1>\n<p>[\/et_pb_text][et_pb_text admin_label=&#8221;Text: Rotary International&#8221; _builder_version=&#8221;3.27.4&#8243;]<\/p>\n<p>Rotary International st\u00f6der och styr rotarianerna och klubbarna i genomf\u00f6randet av Rotarys m\u00e5l. Det h\u00f6gsta beslutande organet f\u00f6r Rotary International \u00e4r \u00e5rsm\u00f6tet, dit varje klubb har r\u00e4tt att s\u00e4nda en officiell representant och d\u00e4r varje rotarian har r\u00e4tt att delta.\u00a0<span style=\"font-size: 16px\">Galjonsfiguren f\u00f6r Rotary International \u00e4r presidenten, som byts \u00e5rligen.<\/span><\/p>\n<p>Rotary Internationals huvudkontor finns n\u00e4ra Chicago i Evanston, Illinois. P\u00e5 huvudkontoret, som leds av en generalsekreterare, arbetar cirka 530 personer. F\u00f6rutom huvudkontoret har Rotary International sju regionala byr\u00e5er runtom i v\u00e4rlden. Byr\u00e5n f\u00f6r Europa och Afrika (EAO), som finns i Zuerich, betj\u00e4nar de finska rotarianerna.<\/p>\n<p>[\/et_pb_text][et_pb_button button_url=&#8221;https:\/\/www.rotary.org\/&#8221; url_new_window=&#8221;on&#8221; button_text=&#8221;Till Rotary Internationals sidor&#8221; admin_label=&#8221;Button \/\/ Till Rotary Internationals sidor&#8221; _builder_version=&#8221;3.21&#8243;][\/et_pb_button][\/et_pb_column_inner][\/et_pb_row_inner][et_pb_row_inner admin_label=&#8221;Rivi&#8221; _builder_version=&#8221;3.25&#8243;][et_pb_column_inner saved_specialty_column_type=&#8221;2_3&#8243; _builder_version=&#8221;3.25&#8243; custom_padding=&#8221;|||&#8221; custom_padding__hover=&#8221;|||&#8221;][et_pb_text admin_label=&#8221;Rotarystiftelsen &#8211; rubrik&#8221; _builder_version=&#8221;3.27.4&#8243; text_orientation=&#8221;center&#8221;]<\/p>\n<h4>Rotarystiftelsen<\/h4>\n<p>[\/et_pb_text][et_pb_text admin_label=&#8221;Text: Rotarystiftelsen&#8221; _builder_version=&#8221;3.27.4&#8243;]Rotarystiftelsen \u00e4r en av v\u00e4rldens st\u00f6rsta v\u00e4lg\u00f6renhetsakt\u00f6rer, som ideligen placerar sig bland de fr\u00e4msta i genomskinlighets- och p\u00e5litlighetsj\u00e4mf\u00f6relser.<\/p>\n<p>Rotarystiftelsen koordinerar och finansierar rotarianernas v\u00e4rldsomfattande serviceverksamhet. Stiftelsens arbete grundar sig p\u00e5 frivilliga donationer och kapitalavkastning, vilka kanaliseras till utbildningsprojekt och humanit\u00e4rt bist\u00e5ndsarbete.<\/p>\n<p>En viktig incitament \u00e4r beviljandet av Paul Harris -utm\u00e4rkelse f\u00f6r varje donation p\u00e5 tusen dollar. PHF-utm\u00e4rkelser, som b\u00e4r grundarens av Rotary Paul Harris namn, har v\u00e4rlden \u00f6ver beviljats \u00f6ver en miljon stycken.<br \/>\n[\/et_pb_text][et_pb_button button_url=&#8221;https:\/\/www.rotary.org\/en\/about-rotary\/rotary-foundation&#8221; url_new_window=&#8221;on&#8221; button_text=&#8221;Till den internationella Rotarystiftelsens sidor&#8221; admin_label=&#8221;Button \/\/ Till den internationella Rotarystiftelsens sidor&#8221; _builder_version=&#8221;3.21&#8243;][\/et_pb_button][\/et_pb_column_inner][\/et_pb_row_inner][\/et_pb_column][et_pb_column type=&#8221;1_3&#8243; _builder_version=&#8221;3.25&#8243; custom_padding=&#8221;|||&#8221; custom_padding__hover=&#8221;|||&#8221;][et_pb_sidebar area=&#8221;sidebar-1&#8243; admin_label=&#8221;Sidebar&#8221; module_class=&#8221;sivupalkki_sisalto&#8221; _builder_version=&#8221;3.21&#8243; locked=&#8221;on&#8221;][\/et_pb_sidebar][\/et_pb_column][\/et_pb_section]<\/p>\n","protected":false},"excerpt":{"rendered":"<p>Vi \u00e4r en del av internationell Rotaryr\u00f6relse Rotary International Rotary International st\u00f6der och styr rotarianerna och klubbarna i genomf\u00f6randet av Rotarys m\u00e5l. Det h\u00f6gsta beslutande organet f\u00f6r Rotary International \u00e4r \u00e5rsm\u00f6tet, dit varje klubb har r\u00e4tt att s\u00e4nda en officiell representant och d\u00e4r varje rotarian har r\u00e4tt att delta.\u00a0Galjonsfiguren f\u00f6r Rotary International \u00e4r presidenten, som [&hellip;]<\/p>\n","protected":false},"author":1,"featured_media":0,"parent":1565,"menu_order":4,"comment_status":"closed","ping_status":"closed","template":"","meta":{"_acf_changed":false,"_et_pb_use_builder":"on","_et_pb_old_content":"","_et_gb_content_width":"","footnotes":""},"class_list":["post-1580","page","type-page","status-publish","hentry"],"acf":[],"yoast_head":"<!-- This site is optimized with the Yoast SEO plugin v27.0 - https:\/\/yoast.com\/product\/yoast-seo-wordpress\/ -->\n<title>Vi \u00e4r en del av internationell Rotaryr\u00f6relse - Helsinki - T\u00f6\u00f6l\u00f6n Rotaryklubi<\/title>\n<meta name=\"robots\" content=\"index, follow, max-snippet:-1, max-image-preview:large, max-video-preview:-1\" \/>\n<link rel=\"canonical\" href=\"https:\/\/rotary.fi\/helsinkitoolo\/sv\/vem-ar-vi\/vi-ar-en-del-av-internationell-rotaryrorelse\/\" \/>\n<meta property=\"og:locale\" content=\"fi_FI\" \/>\n<meta property=\"og:type\" content=\"article\" \/>\n<meta property=\"og:title\" content=\"Vi \u00e4r en del av internationell Rotaryr\u00f6relse - Helsinki - T\u00f6\u00f6l\u00f6n Rotaryklubi\" \/>\n<meta property=\"og:description\" content=\"Vi \u00e4r en del av internationell Rotaryr\u00f6relse Rotary International Rotary International st\u00f6der och styr rotarianerna och klubbarna i genomf\u00f6randet av Rotarys m\u00e5l. Det h\u00f6gsta beslutande organet f\u00f6r Rotary International \u00e4r \u00e5rsm\u00f6tet, dit varje klubb har r\u00e4tt att s\u00e4nda en officiell representant och d\u00e4r varje rotarian har r\u00e4tt att delta.\u00a0Galjonsfiguren f\u00f6r Rotary International \u00e4r presidenten, som [&hellip;]\" \/>\n<meta property=\"og:url\" content=\"https:\/\/rotary.fi\/helsinkitoolo\/sv\/vem-ar-vi\/vi-ar-en-del-av-internationell-rotaryrorelse\/\" \/>\n<meta property=\"og:site_name\" content=\"Helsinki - T\u00f6\u00f6l\u00f6n Rotaryklubi\" \/>\n<meta property=\"article:modified_time\" content=\"2020-03-29T21:46:35+00:00\" \/>\n<meta name=\"twitter:card\" content=\"summary_large_image\" \/>\n<meta name=\"twitter:label1\" content=\"Arvioitu lukuaika\" \/>\n\t<meta name=\"twitter:data1\" content=\"3 minuuttia\" \/>\n<script type=\"application\/ld+json\" class=\"yoast-schema-graph\">{\"@context\":\"https:\/\/schema.org\",\"@graph\":[{\"@type\":\"WebPage\",\"@id\":\"https:\/\/rotary.fi\/helsinkitoolo\/sv\/vem-ar-vi\/vi-ar-en-del-av-internationell-rotaryrorelse\/\",\"url\":\"https:\/\/rotary.fi\/helsinkitoolo\/sv\/vem-ar-vi\/vi-ar-en-del-av-internationell-rotaryrorelse\/\",\"name\":\"Vi \u00e4r en del av internationell Rotaryr\u00f6relse - Helsinki - T\u00f6\u00f6l\u00f6n Rotaryklubi\",\"isPartOf\":{\"@id\":\"https:\/\/rotary.fi\/helsinkitoolo\/#website\"},\"datePublished\":\"2019-03-19T12:39:42+00:00\",\"dateModified\":\"2020-03-29T21:46:35+00:00\",\"breadcrumb\":{\"@id\":\"https:\/\/rotary.fi\/helsinkitoolo\/sv\/vem-ar-vi\/vi-ar-en-del-av-internationell-rotaryrorelse\/#breadcrumb\"},\"inLanguage\":\"fi\",\"potentialAction\":[{\"@type\":\"ReadAction\",\"target\":[\"https:\/\/rotary.fi\/helsinkitoolo\/sv\/vem-ar-vi\/vi-ar-en-del-av-internationell-rotaryrorelse\/\"]}]},{\"@type\":\"BreadcrumbList\",\"@id\":\"https:\/\/rotary.fi\/helsinkitoolo\/sv\/vem-ar-vi\/vi-ar-en-del-av-internationell-rotaryrorelse\/#breadcrumb\",\"itemListElement\":[{\"@type\":\"ListItem\",\"position\":1,\"name\":\"Home\",\"item\":\"https:\/\/rotary.fi\/helsinkitoolo\/\"},{\"@type\":\"ListItem\",\"position\":2,\"name\":\"Vem \u00e4r vi\",\"item\":\"https:\/\/rotary.fi\/helsinkitoolo\/sv\/vem-ar-vi\/\"},{\"@type\":\"ListItem\",\"position\":3,\"name\":\"Vi \u00e4r en del av internationell Rotaryr\u00f6relse\"}]},{\"@type\":\"WebSite\",\"@id\":\"https:\/\/rotary.fi\/helsinkitoolo\/#website\",\"url\":\"https:\/\/rotary.fi\/helsinkitoolo\/\",\"name\":\"Helsinki - T\u00f6\u00f6l\u00f6n Rotaryklubi\",\"description\":\"Uusi Rotary klubisivusto\",\"potentialAction\":[{\"@type\":\"SearchAction\",\"target\":{\"@type\":\"EntryPoint\",\"urlTemplate\":\"https:\/\/rotary.fi\/helsinkitoolo\/?s={search_term_string}\"},\"query-input\":{\"@type\":\"PropertyValueSpecification\",\"valueRequired\":true,\"valueName\":\"search_term_string\"}}],\"inLanguage\":\"fi\"}]}<\/script>\n<!-- \/ Yoast SEO plugin. -->","yoast_head_json":{"title":"Vi \u00e4r en del av internationell Rotaryr\u00f6relse - Helsinki - T\u00f6\u00f6l\u00f6n Rotaryklubi","robots":{"index":"index","follow":"follow","max-snippet":"max-snippet:-1","max-image-preview":"max-image-preview:large","max-video-preview":"max-video-preview:-1"},"canonical":"https:\/\/rotary.fi\/helsinkitoolo\/sv\/vem-ar-vi\/vi-ar-en-del-av-internationell-rotaryrorelse\/","og_locale":"fi_FI","og_type":"article","og_title":"Vi \u00e4r en del av internationell Rotaryr\u00f6relse - Helsinki - T\u00f6\u00f6l\u00f6n Rotaryklubi","og_description":"Vi \u00e4r en del av internationell Rotaryr\u00f6relse Rotary International Rotary International st\u00f6der och styr rotarianerna och klubbarna i genomf\u00f6randet av Rotarys m\u00e5l. Det h\u00f6gsta beslutande organet f\u00f6r Rotary International \u00e4r \u00e5rsm\u00f6tet, dit varje klubb har r\u00e4tt att s\u00e4nda en officiell representant och d\u00e4r varje rotarian har r\u00e4tt att delta.\u00a0Galjonsfiguren f\u00f6r Rotary International \u00e4r presidenten, som [&hellip;]","og_url":"https:\/\/rotary.fi\/helsinkitoolo\/sv\/vem-ar-vi\/vi-ar-en-del-av-internationell-rotaryrorelse\/","og_site_name":"Helsinki - T\u00f6\u00f6l\u00f6n Rotaryklubi","article_modified_time":"2020-03-29T21:46:35+00:00","twitter_card":"summary_large_image","twitter_misc":{"Arvioitu lukuaika":"3 minuuttia"},"schema":{"@context":"https:\/\/schema.org","@graph":[{"@type":"WebPage","@id":"https:\/\/rotary.fi\/helsinkitoolo\/sv\/vem-ar-vi\/vi-ar-en-del-av-internationell-rotaryrorelse\/","url":"https:\/\/rotary.fi\/helsinkitoolo\/sv\/vem-ar-vi\/vi-ar-en-del-av-internationell-rotaryrorelse\/","name":"Vi \u00e4r en del av internationell Rotaryr\u00f6relse - Helsinki - T\u00f6\u00f6l\u00f6n Rotaryklubi","isPartOf":{"@id":"https:\/\/rotary.fi\/helsinkitoolo\/#website"},"datePublished":"2019-03-19T12:39:42+00:00","dateModified":"2020-03-29T21:46:35+00:00","breadcrumb":{"@id":"https:\/\/rotary.fi\/helsinkitoolo\/sv\/vem-ar-vi\/vi-ar-en-del-av-internationell-rotaryrorelse\/#breadcrumb"},"inLanguage":"fi","potentialAction":[{"@type":"ReadAction","target":["https:\/\/rotary.fi\/helsinkitoolo\/sv\/vem-ar-vi\/vi-ar-en-del-av-internationell-rotaryrorelse\/"]}]},{"@type":"BreadcrumbList","@id":"https:\/\/rotary.fi\/helsinkitoolo\/sv\/vem-ar-vi\/vi-ar-en-del-av-internationell-rotaryrorelse\/#breadcrumb","itemListElement":[{"@type":"ListItem","position":1,"name":"Home","item":"https:\/\/rotary.fi\/helsinkitoolo\/"},{"@type":"ListItem","position":2,"name":"Vem \u00e4r vi","item":"https:\/\/rotary.fi\/helsinkitoolo\/sv\/vem-ar-vi\/"},{"@type":"ListItem","position":3,"name":"Vi \u00e4r en del av internationell Rotaryr\u00f6relse"}]},{"@type":"WebSite","@id":"https:\/\/rotary.fi\/helsinkitoolo\/#website","url":"https:\/\/rotary.fi\/helsinkitoolo\/","name":"Helsinki - T\u00f6\u00f6l\u00f6n Rotaryklubi","description":"Uusi Rotary klubisivusto","potentialAction":[{"@type":"SearchAction","target":{"@type":"EntryPoint","urlTemplate":"https:\/\/rotary.fi\/helsinkitoolo\/?s={search_term_string}"},"query-input":{"@type":"PropertyValueSpecification","valueRequired":true,"valueName":"search_term_string"}}],"inLanguage":"fi"}]}},"lang":"sv","translations":{"sv":1580,"en":1436,"fi":276},"pll_sync_post":[],"_links":{"self":[{"href":"https:\/\/rotary.fi\/helsinkitoolo\/wp-json\/wp\/v2\/pages\/1580","targetHints":{"allow":["GET"]}}],"collection":[{"href":"https:\/\/rotary.fi\/helsinkitoolo\/wp-json\/wp\/v2\/pages"}],"about":[{"href":"https:\/\/rotary.fi\/helsinkitoolo\/wp-json\/wp\/v2\/types\/page"}],"author":[{"embeddable":true,"href":"https:\/\/rotary.fi\/helsinkitoolo\/wp-json\/wp\/v2\/users\/1"}],"replies":[{"embeddable":true,"href":"https:\/\/rotary.fi\/helsinkitoolo\/wp-json\/wp\/v2\/comments?post=1580"}],"version-history":[{"count":5,"href":"https:\/\/rotary.fi\/helsinkitoolo\/wp-json\/wp\/v2\/pages\/1580\/revisions"}],"predecessor-version":[{"id":2930,"href":"https:\/\/rotary.fi\/helsinkitoolo\/wp-json\/wp\/v2\/pages\/1580\/revisions\/2930"}],"up":[{"embeddable":true,"href":"https:\/\/rotary.fi\/helsinkitoolo\/wp-json\/wp\/v2\/pages\/1565"}],"wp:attachment":[{"href":"https:\/\/rotary.fi\/helsinkitoolo\/wp-json\/wp\/v2\/media?parent=1580"}],"curies":[{"name":"wp","href":"https:\/\/api.w.org\/{rel}","templated":true}]}}