{"id":158,"date":"2018-08-13T09:47:58","date_gmt":"2018-08-13T06:47:58","guid":{"rendered":"https:\/\/rotary.fi\/helsinkitoolo\/?page_id=158"},"modified":"2021-03-25T10:06:19","modified_gmt":"2021-03-25T08:06:19","slug":"varainhankinta-ja-lahjoitukset","status":"publish","type":"page","link":"https:\/\/rotary.fi\/helsinkitoolo\/mita-teemme\/varainhankinta-ja-lahjoitukset\/","title":{"rendered":"Tukitoiminta"},"content":{"rendered":"<p>[et_pb_section fb_built=&#8221;1&#8243; module_class=&#8221;jumbotron-page&#8221; _builder_version=&#8221;4.0.8&#8243; background_image=&#8221;https:\/\/rotary.fi\/helsinkitoolo\/wp-content\/uploads\/sites\/180\/2018\/10\/rotary_klubit_etusivu_paakuva_15.jpg&#8221;][et_pb_row _builder_version=&#8221;3.25&#8243; background_size=&#8221;initial&#8221; background_position=&#8221;top_left&#8221; background_repeat=&#8221;repeat&#8221;][et_pb_column type=&#8221;4_4&#8243; _builder_version=&#8221;3.25&#8243; custom_padding=&#8221;|||&#8221; custom_padding__hover=&#8221;|||&#8221;][et_pb_text admin_label=&#8221;P\u00e4\u00e4otsikko&#8221; _builder_version=&#8221;3.27.4&#8243; text_orientation=&#8221;center&#8221; background_layout=&#8221;dark&#8221;]<\/p>\n<h1>Tukitoiminta<\/h1>\n<p>[\/et_pb_text][\/et_pb_column][\/et_pb_row][\/et_pb_section][et_pb_section fb_built=&#8221;1&#8243; specialty=&#8221;on&#8221; module_class_2=&#8221;sivupalkki&#8221; _builder_version=&#8221;3.22&#8243;][et_pb_column type=&#8221;2_3&#8243; specialty_columns=&#8221;2&#8243; _builder_version=&#8221;3.25&#8243; custom_padding=&#8221;|||&#8221; custom_padding__hover=&#8221;|||&#8221;][et_pb_row_inner admin_label=&#8221;Rivi&#8221; _builder_version=&#8221;3.25&#8243; custom_padding=&#8221;||67px|||&#8221;][et_pb_column_inner saved_specialty_column_type=&#8221;2_3&#8243; _builder_version=&#8221;3.25&#8243; custom_padding=&#8221;|||&#8221; custom_padding__hover=&#8221;|||&#8221;][et_pb_text admin_label=&#8221;Varainhankinta ja lahjoitukset &#8211; Otsikko&#8221; _builder_version=&#8221;3.27.4&#8243; text_orientation=&#8221;center&#8221;]<\/p>\n<h1>Tukitoiminta<\/h1>\n<p>[\/et_pb_text][et_pb_text _builder_version=&#8221;3.27.4&#8243;]<\/p>\n<p><span style=\"font-size: 16px\">T\u00f6\u00f6l\u00f6n Rotaryklubi tukee paikallista t\u00f6\u00f6l\u00f6l\u00e4ist\u00e4 nuorisotoimintaa ja rotarien yhteist\u00e4 maailmanlaajuisesta palveluty\u00f6t\u00e4 monin eri tavoin. <\/span><span style=\"font-size: 16px\">Otamme osaa my\u00f6s nuorisovaihtoon l\u00e4hett\u00e4m\u00e4ll\u00e4 ja ottamalla vastaan vaihto-oppilaan vuosittain yhdess\u00e4 Kampin klubin kanssa.<\/span><\/p>\n<p><span style=\"font-size: 16px\"><span>Rotary on palveluj\u00e4rjest\u00f6. Toimimme tunnuslauseemme Palvelu itsekkyyden edelle (Service above self) mukaisesti paikallisesti ja maailmanlaajuisesti. Kansainv\u00e4linen humanit\u00e4\u00e4rinen palvelumme toteutuu Rotarys\u00e4\u00e4ti\u00f6mme koordinoimana ja hyv\u00e4ksyttyjen kumppaneiden kanssa.<\/span>\u00a0<\/span><\/p>\n<h3><span style=\"color: #019fcb;font-size: 35px;font-family: 'Roboto Slab', Georgia, 'Times New Roman', serif\">T\u00f6\u00f6l\u00f6l\u00e4inen nuorisotoiminta<\/span><span style=\"font-size: 16px\">\u00a0<\/span><\/h3>\n<p><span style=\"font-size: 16px;font-family: inherit\">Tuemme t\u00f6\u00f6l\u00f6l\u00e4isi\u00e4 partiolaisia. Tuki kohdistetaan toimintaan, tyypillisesti partiolaisten itse yhdess\u00e4 lippukuntien kesken valitsemaan hankkeeseen. Olemme tukeneen mm. Ilvesveikkojen osallistumista Pohjois-Amerikan Jamboreelle.<\/span><span style=\"font-size: 16px\">\u00a0<\/span><span style=\"font-size: 16px\">\u00a0<\/span><span style=\"font-size: 16px\">\u00a0<\/span><span style=\"font-size: 16px\">\u00a0<\/span><span style=\"font-size: 16px\">\u00a0<\/span><\/p>\n<p><span style=\"font-size: 16px\">T\u00f6\u00f6l\u00f6n Yhteiskoululle olemme jakaneet nimikkostipendin vuosien ajan kannustukseksi hyvin menestyneelle oppilaalle.<\/span><span style=\"font-size: 16px\">\u00a0<\/span><\/p>\n<p><span style=\"font-size: 16px;font-family: inherit\">Olemme aloittaneet yhteisty\u00f6n my\u00f6s T\u00f6\u00f6l\u00f6n seurakunnan kanssa sen nuorisoty\u00f6n tukemiseksi.<\/span><span style=\"font-size: 16px\">\u00a0<\/span><span style=\"font-size: 16px\">\u00a0<\/span><\/p>\n<h3><span>ShelterBox<\/span><\/h3>\n<p><span>ShelterBoxissa on h\u00e4t\u00e4majoitusv\u00e4lineet perheelle. ShelterBoxit toimitetaan luonnonkatastrofeista tai humanitaarisista kriiseist\u00e4 k\u00e4rsiviin kohteisiin, jotka voivat olla eri puolille maailmaa. T\u00f6\u00f6l\u00f6n Rotaryklubi on yhdess\u00e4 Kampin Rotaryklubin kanssa rahoittanut t\u00e4llaisen nimikko ShelterBoxin. \u00a0<\/span><span>\u00a0<\/span><\/p>\n<p>ShelterBox on vihre\u00e4 muovilaatikko, joka sis\u00e4lt\u00e4\u00e4 teltan, lieden, huopia, hyttysverkkoja, ty\u00f6kaluja ja tarvikkeita, muun muassa astioita ja vedenpuhdistimen. ShelterBox-j\u00e4rjest\u00f6 hankkii ja toimittaa el\u00e4m\u00e4n perusedellytykset takaavat laatikot avustuskohteisiin. Tilap\u00e4isen kodin turvin katastrofista k\u00e4rsineet perheet saavat alun ja tukea uudelle el\u00e4m\u00e4lleen.<span>\u00a0<\/span><span>\u00a0<\/span><\/p>\n<h3>Ahtisaari koulu Namibiassa<span>\u00a0<\/span><\/h3>\n<p>Ahtisaari-koulussa Namibian p\u00e4\u00e4kaupungissa Windhoekissa on 1600 oppilasta ja vain 60 opettajaa. Kouluun vied\u00e4\u00e4n suomalaista peruskouluosaamista mm. opettajavierailujen avulla. Hanketta on toteutettu sek\u00e4 Namibiassa ett\u00e4 Suomessa, mm. Viherlaakson koulussa Espoossa. Opettajien Ammattij\u00e4rjest\u00f6 OAJ on mukana hankkeessa.<\/p>\n<p>T\u00f6\u00f6l\u00f6n Rotaryklubi on tukenut hanketta rahallisesti. Mukana hankkeessa on \u00a0ollut 20 helsinkil\u00e4ist\u00e4 rotaryklubia. Hanketta johtaa Pasilan Rotaryklubi. Hankkeella on Rotaryn Global Grant -status, mik\u00e4 tarkoittaa, ett\u00e4 kansainv\u00e4linen Rotary-s\u00e4\u00e4ti\u00f6 rahoittaa hanketta osaltaan. Hanke on edennyt vaiheeseen \u2019Vocational Training Team nro 4\u2019. Kaksi ensimm\u00e4ist\u00e4 olivat suomalaisten opettajien vierailuja Namibiaan.<\/p>\n<h3><span style=\"color: #0c71c3\"><span style=\"color: #019fcb\">Rotareiden yhteiset kansainv\u00e4liset hankkeet<\/span><\/span><span style=\"font-size: 16px;color: #263b4c;font-family: 'Open Sans', Helvetica, Arial, Lucida, sans-serif\">\u00a0<\/span><span style=\"font-size: 16px;color: #263b4c;font-family: 'Open Sans', Helvetica, Arial, Lucida, sans-serif\">\u00a0<\/span><span style=\"font-size: 16px;color: #263b4c;font-family: 'Open Sans', Helvetica, Arial, Lucida, sans-serif\">\u00a0<\/span><span style=\"font-size: 16px;color: #263b4c;font-family: 'Open Sans', Helvetica, Arial, Lucida, sans-serif\">\u00a0<\/span><\/h3>\n<p>Lahjoitamme varoja humanit\u00e4\u00e4risiin projekteihin Rotarys\u00e4\u00e4ti\u00f6n kautta. Rotarys\u00e4\u00e4ti\u00f6 tukee lukuisten projektien avulla \u00e4itien ja lasten terveyden kohentamista ja sairauksien ehk\u00e4isy\u00e4 ja hoitoa. S\u00e4\u00e4ti\u00f6 edist\u00e4\u00e4 koulutusta ja lukutaitoa, vahvistaa rauhanty\u00f6t\u00e4 sek\u00e4 kasvattaa paikallistalouksia ja yhteis\u00f6j\u00e4. Rotarys\u00e4\u00e4ti\u00f6 edist\u00e4\u00e4 puhtaan veden saantia ja hygieniaosaamista siell\u00e4 miss\u00e4 t\u00e4lle on tarvetta.<\/p>\n<p>Klubimme osallistuu my\u00f6s rotareiden aloitteesta k\u00e4ynnistyneeseen ty\u00f6h\u00f6n polion poistamiseksi maailmasta henkil\u00f6kohtaisin lahjoituksin ja projektien avulla. Rotarit ovat tehneet ty\u00f6t\u00e4 villin polioviruksen poistamiseksi jo kolmenkymmenen vuoden ajan. Nyky\u00e4\u00e4n villin polioviruksen vuoksi sairastuu vuosittain en\u00e4\u00e4 muutamia kymmeni\u00e4 lapsia, kun projektin alkuvaiheessa luvut olivat jopa 350 000 lasta vuodessa. T\u00e4n\u00e4 p\u00e4iv\u00e4n\u00e4 t\u00e4h\u00e4n kotoper\u00e4iseen polioon sairastuneet lapset asuvat yleens\u00e4 vaikeakulkuisilla seuduilla mm. Afganistanissa. Rotarit ovat antaneet lupauksensa saattaa projekti p\u00e4\u00e4t\u00f6kseen, joten my\u00f6s meid\u00e4n klubimme osallistuu omalla panoksellamme t\u00e4h\u00e4n ty\u00f6h\u00f6n niin kauan, kun t\u00e4m\u00e4 rotareiden antama lupaus on t\u00e4ytetty.<\/p>\n<p>[\/et_pb_text][\/et_pb_column_inner][\/et_pb_row_inner][\/et_pb_column][et_pb_column type=&#8221;1_3&#8243; _builder_version=&#8221;3.25&#8243; custom_padding=&#8221;|||&#8221; custom_padding__hover=&#8221;|||&#8221;][et_pb_sidebar area=&#8221;sidebar-1&#8243; module_class=&#8221;sivupalkki_sisalto&#8221; _builder_version=&#8221;3.4.1&#8243; locked=&#8221;on&#8221;]<br \/>\n[\/et_pb_sidebar][\/et_pb_column][\/et_pb_section]<\/p>\n","protected":false},"excerpt":{"rendered":"<p>TukitoimintaTukitoimintaT\u00f6\u00f6l\u00f6n Rotaryklubi tukee paikallista t\u00f6\u00f6l\u00f6l\u00e4ist\u00e4 nuorisotoimintaa ja rotarien yhteist\u00e4 maailmanlaajuisesta palveluty\u00f6t\u00e4 monin eri tavoin. Otamme osaa my\u00f6s nuorisovaihtoon l\u00e4hett\u00e4m\u00e4ll\u00e4 ja ottamalla vastaan vaihto-oppilaan vuosittain yhdess\u00e4 Kampin klubin kanssa. Rotary on palveluj\u00e4rjest\u00f6. Toimimme tunnuslauseemme Palvelu itsekkyyden edelle (Service above self) mukaisesti paikallisesti ja maailmanlaajuisesti. Kansainv\u00e4linen humanit\u00e4\u00e4rinen palvelumme toteutuu Rotarys\u00e4\u00e4ti\u00f6mme koordinoimana ja hyv\u00e4ksyttyjen kumppaneiden kanssa.\u00a0 T\u00f6\u00f6l\u00f6l\u00e4inen nuorisotoiminta\u00a0 [&hellip;]<\/p>\n","protected":false},"author":1,"featured_media":0,"parent":77,"menu_order":3,"comment_status":"closed","ping_status":"closed","template":"","meta":{"_acf_changed":false,"_et_pb_use_builder":"on","_et_pb_old_content":"","_et_gb_content_width":"","footnotes":""},"class_list":["post-158","page","type-page","status-publish","hentry"],"acf":[],"yoast_head":"<!-- This site is optimized with the Yoast SEO plugin v27.0 - https:\/\/yoast.com\/product\/yoast-seo-wordpress\/ -->\n<title>Tukitoiminta - Helsinki - T\u00f6\u00f6l\u00f6n Rotaryklubi<\/title>\n<meta name=\"robots\" content=\"index, follow, max-snippet:-1, max-image-preview:large, max-video-preview:-1\" \/>\n<link rel=\"canonical\" href=\"https:\/\/rotary.fi\/helsinkitoolo\/mita-teemme\/varainhankinta-ja-lahjoitukset\/\" \/>\n<meta property=\"og:locale\" content=\"fi_FI\" \/>\n<meta property=\"og:type\" content=\"article\" \/>\n<meta property=\"og:title\" content=\"Tukitoiminta - Helsinki - T\u00f6\u00f6l\u00f6n Rotaryklubi\" \/>\n<meta property=\"og:description\" content=\"TukitoimintaTukitoimintaT\u00f6\u00f6l\u00f6n Rotaryklubi tukee paikallista t\u00f6\u00f6l\u00f6l\u00e4ist\u00e4 nuorisotoimintaa ja rotarien yhteist\u00e4 maailmanlaajuisesta palveluty\u00f6t\u00e4 monin eri tavoin. Otamme osaa my\u00f6s nuorisovaihtoon l\u00e4hett\u00e4m\u00e4ll\u00e4 ja ottamalla vastaan vaihto-oppilaan vuosittain yhdess\u00e4 Kampin klubin kanssa. Rotary on palveluj\u00e4rjest\u00f6. Toimimme tunnuslauseemme Palvelu itsekkyyden edelle (Service above self) mukaisesti paikallisesti ja maailmanlaajuisesti. Kansainv\u00e4linen humanit\u00e4\u00e4rinen palvelumme toteutuu Rotarys\u00e4\u00e4ti\u00f6mme koordinoimana ja hyv\u00e4ksyttyjen kumppaneiden kanssa.\u00a0 T\u00f6\u00f6l\u00f6l\u00e4inen nuorisotoiminta\u00a0 [&hellip;]\" \/>\n<meta property=\"og:url\" content=\"https:\/\/rotary.fi\/helsinkitoolo\/mita-teemme\/varainhankinta-ja-lahjoitukset\/\" \/>\n<meta property=\"og:site_name\" content=\"Helsinki - T\u00f6\u00f6l\u00f6n Rotaryklubi\" \/>\n<meta property=\"article:modified_time\" content=\"2021-03-25T08:06:19+00:00\" \/>\n<meta name=\"twitter:card\" content=\"summary_large_image\" \/>\n<meta name=\"twitter:label1\" content=\"Arvioitu lukuaika\" \/>\n\t<meta name=\"twitter:data1\" content=\"3 minuuttia\" \/>\n<script type=\"application\/ld+json\" class=\"yoast-schema-graph\">{\"@context\":\"https:\/\/schema.org\",\"@graph\":[{\"@type\":\"WebPage\",\"@id\":\"https:\/\/rotary.fi\/helsinkitoolo\/mita-teemme\/varainhankinta-ja-lahjoitukset\/\",\"url\":\"https:\/\/rotary.fi\/helsinkitoolo\/mita-teemme\/varainhankinta-ja-lahjoitukset\/\",\"name\":\"Tukitoiminta - Helsinki - T\u00f6\u00f6l\u00f6n Rotaryklubi\",\"isPartOf\":{\"@id\":\"https:\/\/rotary.fi\/helsinkitoolo\/#website\"},\"datePublished\":\"2018-08-13T06:47:58+00:00\",\"dateModified\":\"2021-03-25T08:06:19+00:00\",\"breadcrumb\":{\"@id\":\"https:\/\/rotary.fi\/helsinkitoolo\/mita-teemme\/varainhankinta-ja-lahjoitukset\/#breadcrumb\"},\"inLanguage\":\"fi\",\"potentialAction\":[{\"@type\":\"ReadAction\",\"target\":[\"https:\/\/rotary.fi\/helsinkitoolo\/mita-teemme\/varainhankinta-ja-lahjoitukset\/\"]}]},{\"@type\":\"BreadcrumbList\",\"@id\":\"https:\/\/rotary.fi\/helsinkitoolo\/mita-teemme\/varainhankinta-ja-lahjoitukset\/#breadcrumb\",\"itemListElement\":[{\"@type\":\"ListItem\",\"position\":1,\"name\":\"Home\",\"item\":\"https:\/\/rotary.fi\/helsinkitoolo\/\"},{\"@type\":\"ListItem\",\"position\":2,\"name\":\"Mit\u00e4 teemme\",\"item\":\"https:\/\/rotary.fi\/helsinkitoolo\/mita-teemme\/\"},{\"@type\":\"ListItem\",\"position\":3,\"name\":\"Tukitoiminta\"}]},{\"@type\":\"WebSite\",\"@id\":\"https:\/\/rotary.fi\/helsinkitoolo\/#website\",\"url\":\"https:\/\/rotary.fi\/helsinkitoolo\/\",\"name\":\"Helsinki - T\u00f6\u00f6l\u00f6n Rotaryklubi\",\"description\":\"Uusi Rotary klubisivusto\",\"potentialAction\":[{\"@type\":\"SearchAction\",\"target\":{\"@type\":\"EntryPoint\",\"urlTemplate\":\"https:\/\/rotary.fi\/helsinkitoolo\/?s={search_term_string}\"},\"query-input\":{\"@type\":\"PropertyValueSpecification\",\"valueRequired\":true,\"valueName\":\"search_term_string\"}}],\"inLanguage\":\"fi\"}]}<\/script>\n<!-- \/ Yoast SEO plugin. -->","yoast_head_json":{"title":"Tukitoiminta - Helsinki - T\u00f6\u00f6l\u00f6n Rotaryklubi","robots":{"index":"index","follow":"follow","max-snippet":"max-snippet:-1","max-image-preview":"max-image-preview:large","max-video-preview":"max-video-preview:-1"},"canonical":"https:\/\/rotary.fi\/helsinkitoolo\/mita-teemme\/varainhankinta-ja-lahjoitukset\/","og_locale":"fi_FI","og_type":"article","og_title":"Tukitoiminta - Helsinki - T\u00f6\u00f6l\u00f6n Rotaryklubi","og_description":"TukitoimintaTukitoimintaT\u00f6\u00f6l\u00f6n Rotaryklubi tukee paikallista t\u00f6\u00f6l\u00f6l\u00e4ist\u00e4 nuorisotoimintaa ja rotarien yhteist\u00e4 maailmanlaajuisesta palveluty\u00f6t\u00e4 monin eri tavoin. Otamme osaa my\u00f6s nuorisovaihtoon l\u00e4hett\u00e4m\u00e4ll\u00e4 ja ottamalla vastaan vaihto-oppilaan vuosittain yhdess\u00e4 Kampin klubin kanssa. Rotary on palveluj\u00e4rjest\u00f6. Toimimme tunnuslauseemme Palvelu itsekkyyden edelle (Service above self) mukaisesti paikallisesti ja maailmanlaajuisesti. Kansainv\u00e4linen humanit\u00e4\u00e4rinen palvelumme toteutuu Rotarys\u00e4\u00e4ti\u00f6mme koordinoimana ja hyv\u00e4ksyttyjen kumppaneiden kanssa.\u00a0 T\u00f6\u00f6l\u00f6l\u00e4inen nuorisotoiminta\u00a0 [&hellip;]","og_url":"https:\/\/rotary.fi\/helsinkitoolo\/mita-teemme\/varainhankinta-ja-lahjoitukset\/","og_site_name":"Helsinki - T\u00f6\u00f6l\u00f6n Rotaryklubi","article_modified_time":"2021-03-25T08:06:19+00:00","twitter_card":"summary_large_image","twitter_misc":{"Arvioitu lukuaika":"3 minuuttia"},"schema":{"@context":"https:\/\/schema.org","@graph":[{"@type":"WebPage","@id":"https:\/\/rotary.fi\/helsinkitoolo\/mita-teemme\/varainhankinta-ja-lahjoitukset\/","url":"https:\/\/rotary.fi\/helsinkitoolo\/mita-teemme\/varainhankinta-ja-lahjoitukset\/","name":"Tukitoiminta - Helsinki - T\u00f6\u00f6l\u00f6n Rotaryklubi","isPartOf":{"@id":"https:\/\/rotary.fi\/helsinkitoolo\/#website"},"datePublished":"2018-08-13T06:47:58+00:00","dateModified":"2021-03-25T08:06:19+00:00","breadcrumb":{"@id":"https:\/\/rotary.fi\/helsinkitoolo\/mita-teemme\/varainhankinta-ja-lahjoitukset\/#breadcrumb"},"inLanguage":"fi","potentialAction":[{"@type":"ReadAction","target":["https:\/\/rotary.fi\/helsinkitoolo\/mita-teemme\/varainhankinta-ja-lahjoitukset\/"]}]},{"@type":"BreadcrumbList","@id":"https:\/\/rotary.fi\/helsinkitoolo\/mita-teemme\/varainhankinta-ja-lahjoitukset\/#breadcrumb","itemListElement":[{"@type":"ListItem","position":1,"name":"Home","item":"https:\/\/rotary.fi\/helsinkitoolo\/"},{"@type":"ListItem","position":2,"name":"Mit\u00e4 teemme","item":"https:\/\/rotary.fi\/helsinkitoolo\/mita-teemme\/"},{"@type":"ListItem","position":3,"name":"Tukitoiminta"}]},{"@type":"WebSite","@id":"https:\/\/rotary.fi\/helsinkitoolo\/#website","url":"https:\/\/rotary.fi\/helsinkitoolo\/","name":"Helsinki - T\u00f6\u00f6l\u00f6n Rotaryklubi","description":"Uusi Rotary klubisivusto","potentialAction":[{"@type":"SearchAction","target":{"@type":"EntryPoint","urlTemplate":"https:\/\/rotary.fi\/helsinkitoolo\/?s={search_term_string}"},"query-input":{"@type":"PropertyValueSpecification","valueRequired":true,"valueName":"search_term_string"}}],"inLanguage":"fi"}]}},"lang":"fi","translations":{"fi":158,"en":1453,"sv":1611},"pll_sync_post":[],"_links":{"self":[{"href":"https:\/\/rotary.fi\/helsinkitoolo\/wp-json\/wp\/v2\/pages\/158","targetHints":{"allow":["GET"]}}],"collection":[{"href":"https:\/\/rotary.fi\/helsinkitoolo\/wp-json\/wp\/v2\/pages"}],"about":[{"href":"https:\/\/rotary.fi\/helsinkitoolo\/wp-json\/wp\/v2\/types\/page"}],"author":[{"embeddable":true,"href":"https:\/\/rotary.fi\/helsinkitoolo\/wp-json\/wp\/v2\/users\/1"}],"replies":[{"embeddable":true,"href":"https:\/\/rotary.fi\/helsinkitoolo\/wp-json\/wp\/v2\/comments?post=158"}],"version-history":[{"count":38,"href":"https:\/\/rotary.fi\/helsinkitoolo\/wp-json\/wp\/v2\/pages\/158\/revisions"}],"predecessor-version":[{"id":3503,"href":"https:\/\/rotary.fi\/helsinkitoolo\/wp-json\/wp\/v2\/pages\/158\/revisions\/3503"}],"up":[{"embeddable":true,"href":"https:\/\/rotary.fi\/helsinkitoolo\/wp-json\/wp\/v2\/pages\/77"}],"wp:attachment":[{"href":"https:\/\/rotary.fi\/helsinkitoolo\/wp-json\/wp\/v2\/media?parent=158"}],"curies":[{"name":"wp","href":"https:\/\/api.w.org\/{rel}","templated":true}]}}