{"id":1565,"date":"2019-03-19T14:04:50","date_gmt":"2019-03-19T12:04:50","guid":{"rendered":"https:\/\/rotary.fi\/helsinkitoolo\/?page_id=1565"},"modified":"2020-03-28T19:40:30","modified_gmt":"2020-03-28T17:40:30","slug":"vem-ar-vi","status":"publish","type":"page","link":"https:\/\/rotary.fi\/helsinkitoolo\/sv\/vem-ar-vi\/","title":{"rendered":"Vem \u00e4r vi"},"content":{"rendered":"<p>[et_pb_section fb_built=&#8221;1&#8243; module_class=&#8221;jumbotron-page&#8221; _builder_version=&#8221;4.4.1&#8243; background_image=&#8221;https:\/\/rotary.fi\/helsinkitoolo\/wp-content\/uploads\/sites\/180\/2020\/03\/toolon-rotaryklubi-yhteiskuva-nauha.jpg&#8221;][et_pb_row _builder_version=&#8221;3.25&#8243; background_size=&#8221;initial&#8221; background_position=&#8221;top_left&#8221; background_repeat=&#8221;repeat&#8221;][et_pb_column type=&#8221;4_4&#8243; _builder_version=&#8221;3.25&#8243; custom_padding=&#8221;|||&#8221; custom_padding__hover=&#8221;|||&#8221;][et_pb_text admin_label=&#8221;Main \/\/ Vem \u00e4r vi&#8221; _builder_version=&#8221;3.27.4&#8243; text_orientation=&#8221;center&#8221; background_layout=&#8221;dark&#8221;]<\/p>\n<h1>Vem \u00e4r vi<\/h1>\n<p>[\/et_pb_text][\/et_pb_column][\/et_pb_row][\/et_pb_section][et_pb_section fb_built=&#8221;1&#8243; specialty=&#8221;on&#8221; module_class_2=&#8221;sivupalkki&#8221; _builder_version=&#8221;3.22&#8243;][et_pb_column type=&#8221;2_3&#8243; specialty_columns=&#8221;2&#8243; _builder_version=&#8221;3.25&#8243; custom_padding=&#8221;|||&#8221; custom_padding__hover=&#8221;|||&#8221;][et_pb_row_inner admin_label=&#8221;Rivi&#8221; _builder_version=&#8221;3.25&#8243;][et_pb_column_inner saved_specialty_column_type=&#8221;2_3&#8243; _builder_version=&#8221;3.25&#8243; custom_padding=&#8221;|||&#8221; custom_padding__hover=&#8221;|||&#8221;][et_pb_text admin_label=&#8221;Vem \u00e4r vi &#8211; rubrik&#8221; _builder_version=&#8221;3.27.4&#8243; text_orientation=&#8221;center&#8221;]<\/p>\n<h1>Vem \u00e4r vi<\/h1>\n<p>[\/et_pb_text][et_pb_text admin_label=&#8221;Text: Vem \u00e4r vi&#8221; _builder_version=&#8221;3.27.4&#8243;]<\/p>\n<p><span style=\"font-size: 16px\">T\u00f6l\u00f6 Rotaryklubb \u00e4r en aktiv rotaryklubb i Helsingfors. Vi sammantr\u00e4der varje torsdag till ett lunchm\u00f6te kl. 11.45-13.00 p\u00e5 Ostrobotnia (Botta) f\u00f6r att tr\u00e4ffa varandra, lyssna p\u00e5 intressanta f\u00f6redrag och befr\u00e4mja goda \u00e4renden p\u00e5 v\u00e5r ort. Vi st\u00f6der den internationella Rotaryorganisationens humanit\u00e4ra projekt, deltar i ungdomsutbyte och befr\u00e4mjar v\u00e4lm\u00e5endet i v\u00e5r n\u00e4romgivning.<\/span><span style=\"font-size: 16px\">\u00a0<\/span><\/p>\n<p><span style=\"font-size: 16px\">V\u00e5r klubb \u00e4r grundad \u00e5r 1931, ursprungligen i Viborg, och den var den tredje rotaryklubben i Finland. V\u00e5r klubb har ca. 70 medlemmar och vi h\u00f6r till distrikt 1420.<\/span><span style=\"font-size: 16px\">\u00a0<\/span><\/p>\n<p>&nbsp;<\/p>\n<p>&nbsp;<\/p>\n<p>&nbsp;<\/p>\n<p>&nbsp;<\/p>\n<p>&nbsp;<\/p>\n<p>&nbsp;<\/p>\n<p>&nbsp;<\/p>\n<p>&nbsp;<\/p>\n<p>&nbsp;<\/p>\n<p>&nbsp;<\/p>\n<p>&nbsp;<\/p>\n<p>&nbsp;<\/p>\n<p>&nbsp;<\/p>\n<p>&nbsp;<\/p>\n<p>&nbsp;<\/p>\n<p>&nbsp;<\/p>\n<p>&nbsp;<\/p>\n<p>&nbsp;<\/p>\n<p>&nbsp;<\/p>\n<p>&nbsp;<\/p>\n<p>&nbsp;<\/p>\n<p>&nbsp;<\/p>\n<p>&nbsp;<\/p>\n<p>&nbsp;<\/p>\n<p>&nbsp;<\/p>\n<p>&nbsp;<\/p>\n<p>&nbsp;<\/p>\n<p>&nbsp;<\/p>\n<p>&nbsp;<\/p>\n<h4>Ett intresse med inneh\u00e5ll<\/h4>\n<p>&nbsp;<\/p>\n<p>&nbsp;<\/p>\n<p>&nbsp;<\/p>\n<p>&nbsp;<\/p>\n<p>&nbsp;<\/p>\n<p>&nbsp;<\/p>\n<p>&nbsp;<\/p>\n<p>&nbsp;<\/p>\n<p>&nbsp;<\/p>\n<p>&nbsp;<\/p>\n<p>&nbsp;<\/p>\n<p>&nbsp;<\/p>\n<p>&nbsp;<\/p>\n<p>&nbsp;<\/p>\n<p>&nbsp;<\/p>\n<p>Vi koncentrerar oss p\u00e5 att st\u00f6da ungdomsutbytet. Vi s\u00e4nder unga till Rotarys internationella ungdomsutbyte i alternativa \u00e5r med T\u00f6rn\u00e4v\u00e4n Rotaryklubi. Vi anser att ungdomsutbytet \u00e4r ett utm\u00e4rkt s\u00e4tt att befr\u00e4mja internationellt samf\u00f6rst\u00e5nd och fredsfostran p\u00e5 gr\u00e4srotsniv\u00e5.<\/p>\n<p>&nbsp;<\/p>\n<p>&nbsp;<\/p>\n<p>&nbsp;<\/p>\n<p>&nbsp;<\/p>\n<p>&nbsp;<\/p>\n<p>&nbsp;<\/p>\n<p>&nbsp;<\/p>\n<p>&nbsp;<\/p>\n<p>&nbsp;<\/p>\n<p>&nbsp;<\/p>\n<p>&nbsp;<\/p>\n<p>&nbsp;<\/p>\n<p>&nbsp;<\/p>\n<p>&nbsp;<\/p>\n<p>&nbsp;<\/p>\n<p>Vi lyfter \u00e4ven fran viktiga sociala utvecklingsbehov. Vi har betonat betydelsen av hindersl\u00f6shet genom ett teaterprojekt p\u00e5 teckenspr\u00e5k. Vi ordnar \u00e5rligen f\u00f6r landskapets gymnasister en t\u00e4vlan i talkonst p\u00e5 Opinlakeusmessut-storevenemanget i samarbete med T\u00f6rn\u00e4v\u00e4 klubben och utomst\u00e5ende sakkunniga i muntlig kommunikation.<\/p>\n<p>&nbsp;<\/p>\n<p>&nbsp;<\/p>\n<p>&nbsp;<\/p>\n<p>&nbsp;<\/p>\n<p>&nbsp;<\/p>\n<p>&nbsp;<\/p>\n<p>&nbsp;<\/p>\n<p>&nbsp;<\/p>\n<p>&nbsp;<\/p>\n<p>&nbsp;<\/p>\n<p>&nbsp;<\/p>\n<p>&nbsp;<\/p>\n<p>&nbsp;<\/p>\n<p>&nbsp;<\/p>\n<p>&nbsp;<\/p>\n<p>Vi uppskattar Rotary Internationals str\u00e4vanden och organisationens v\u00e4rdefulla arbete f\u00f6r bland annat att utrota polio ur v\u00e4rlden. Till enbart detta arbete har Rotary satsat rikligt med frivilligarbete samt \u00f6ver 1,2 miljarder US-dollar.<\/p>\n<p>&nbsp;<\/p>\n<p>&nbsp;<\/p>\n<p>&nbsp;<\/p>\n<p>&nbsp;<\/p>\n<p>&nbsp;<\/p>\n<p>&nbsp;<\/p>\n<p>&nbsp;<\/p>\n<p>&nbsp;<\/p>\n<p>&nbsp;<\/p>\n<p>&nbsp;<\/p>\n<p>&nbsp;<\/p>\n<p>&nbsp;<\/p>\n<p>&nbsp;<\/p>\n<p>&nbsp;<\/p>\n<p>&nbsp;<\/p>\n<p>&nbsp;<\/p>\n<p>&nbsp;<\/p>\n<p>&nbsp;<\/p>\n<p>&nbsp;<\/p>\n<p>&nbsp;<\/p>\n<p>&nbsp;<\/p>\n<p>&nbsp;<\/p>\n<p>&nbsp;<\/p>\n<p>&nbsp;<\/p>\n<p>&nbsp;<\/p>\n<p>&nbsp;<\/p>\n<p>&nbsp;<\/p>\n<p>&nbsp;<\/p>\n<p>&nbsp;<\/p>\n<p>&nbsp;<\/p>\n<p>&nbsp;<\/p>\n<h4>Internationellt n\u00e4tverk av betydelse<\/h4>\n<p>&nbsp;<\/p>\n<p>&nbsp;<\/p>\n<p>&nbsp;<\/p>\n<p>&nbsp;<\/p>\n<p>&nbsp;<\/p>\n<p>&nbsp;<\/p>\n<p>&nbsp;<\/p>\n<p>&nbsp;<\/p>\n<p>&nbsp;<\/p>\n<p>&nbsp;<\/p>\n<p>&nbsp;<\/p>\n<p>&nbsp;<\/p>\n<p>&nbsp;<\/p>\n<p>&nbsp;<\/p>\n<p>&nbsp;<\/p>\n<p>Rotary \u00e4r en internationell service- och v\u00e4lg\u00f6renhetsorganisation, som grundades i Chicago 23.2.1905. Rotary Internationals hemort \u00e4r Evanston i delstaten Illinois i USA. V\u00e5rt slagord \u00e4r Osj\u00e4lviskt tj\u00e4nande (Service Above Self).<\/p>\n<p>&nbsp;<\/p>\n<p>&nbsp;<\/p>\n<p>&nbsp;<\/p>\n<p>&nbsp;<\/p>\n<p>&nbsp;<\/p>\n<p>&nbsp;<\/p>\n<p>&nbsp;<\/p>\n<p>&nbsp;<\/p>\n<p>&nbsp;<\/p>\n<p>&nbsp;<\/p>\n<p>&nbsp;<\/p>\n<p>&nbsp;<\/p>\n<p>&nbsp;<\/p>\n<p>&nbsp;<\/p>\n<p>&nbsp;<\/p>\n<p>Rotary har \u00f6ver 1,2 miljoner medlemmar i 35 000 klubbar i \u00f6ver 200 l\u00e4nder. Rotary \u00e4r en viktig internationell service- och v\u00e4lg\u00f6renhetsorganisation. Finland \u00e4r indelat i sex Rotarydistrikt, till ett av vilka h\u00f6r \u00e4ven klubbarna i Estland. Det finns inalles 300 klubbar i Finland och Estland med ca 10 000 medlemmar.<\/p>\n<p>&nbsp;<\/p>\n<p>&nbsp;<\/p>\n<p>&nbsp;<\/p>\n<p>&nbsp;<\/p>\n<p>&nbsp;<\/p>\n<p>&nbsp;<\/p>\n<p>&nbsp;<\/p>\n<p>&nbsp;<\/p>\n<p>&nbsp;<\/p>\n<p>&nbsp;<\/p>\n<p>&nbsp;<\/p>\n<p>&nbsp;<\/p>\n<p>&nbsp;<\/p>\n<p>&nbsp;<\/p>\n<p>&nbsp;<\/p>\n<p>[\/et_pb_text][\/et_pb_column_inner][\/et_pb_row_inner][\/et_pb_column][et_pb_column type=&#8221;1_3&#8243; _builder_version=&#8221;3.25&#8243; custom_padding=&#8221;|||&#8221; custom_padding__hover=&#8221;|||&#8221;][et_pb_sidebar area=&#8221;sidebar-1&#8243; module_class=&#8221;sivupalkki_sisalto&#8221; _builder_version=&#8221;3.4.1&#8243; locked=&#8221;on&#8221;]<\/p>\n<p>[\/et_pb_sidebar][\/et_pb_column][\/et_pb_section]<\/p>\n","protected":false},"excerpt":{"rendered":"<p>Vem \u00e4r vi Vem \u00e4r vi T\u00f6l\u00f6 Rotaryklubb \u00e4r en aktiv rotaryklubb i Helsingfors. Vi sammantr\u00e4der varje torsdag till ett lunchm\u00f6te kl. 11.45-13.00 p\u00e5 Ostrobotnia (Botta) f\u00f6r att tr\u00e4ffa varandra, lyssna p\u00e5 intressanta f\u00f6redrag och befr\u00e4mja goda \u00e4renden p\u00e5 v\u00e5r ort. Vi st\u00f6der den internationella Rotaryorganisationens humanit\u00e4ra projekt, deltar i ungdomsutbyte och befr\u00e4mjar v\u00e4lm\u00e5endet i [&hellip;]<\/p>\n","protected":false},"author":1,"featured_media":0,"parent":0,"menu_order":1,"comment_status":"closed","ping_status":"closed","template":"","meta":{"_acf_changed":false,"_et_pb_use_builder":"on","_et_pb_old_content":"","_et_gb_content_width":"","footnotes":""},"class_list":["post-1565","page","type-page","status-publish","hentry"],"acf":[],"yoast_head":"<!-- This site is optimized with the Yoast SEO plugin v27.0 - https:\/\/yoast.com\/product\/yoast-seo-wordpress\/ -->\n<title>Vem \u00e4r vi - Helsinki - T\u00f6\u00f6l\u00f6n Rotaryklubi<\/title>\n<meta name=\"robots\" content=\"index, follow, max-snippet:-1, max-image-preview:large, max-video-preview:-1\" \/>\n<link rel=\"canonical\" href=\"https:\/\/rotary.fi\/helsinkitoolo\/sv\/vem-ar-vi\/\" \/>\n<meta property=\"og:locale\" content=\"fi_FI\" \/>\n<meta property=\"og:type\" content=\"article\" \/>\n<meta property=\"og:title\" content=\"Vem \u00e4r vi - Helsinki - T\u00f6\u00f6l\u00f6n Rotaryklubi\" \/>\n<meta property=\"og:description\" content=\"Vem \u00e4r vi Vem \u00e4r vi T\u00f6l\u00f6 Rotaryklubb \u00e4r en aktiv rotaryklubb i Helsingfors. Vi sammantr\u00e4der varje torsdag till ett lunchm\u00f6te kl. 11.45-13.00 p\u00e5 Ostrobotnia (Botta) f\u00f6r att tr\u00e4ffa varandra, lyssna p\u00e5 intressanta f\u00f6redrag och befr\u00e4mja goda \u00e4renden p\u00e5 v\u00e5r ort. Vi st\u00f6der den internationella Rotaryorganisationens humanit\u00e4ra projekt, deltar i ungdomsutbyte och befr\u00e4mjar v\u00e4lm\u00e5endet i [&hellip;]\" \/>\n<meta property=\"og:url\" content=\"https:\/\/rotary.fi\/helsinkitoolo\/sv\/vem-ar-vi\/\" \/>\n<meta property=\"og:site_name\" content=\"Helsinki - T\u00f6\u00f6l\u00f6n Rotaryklubi\" \/>\n<meta property=\"article:modified_time\" content=\"2020-03-28T17:40:30+00:00\" \/>\n<meta name=\"twitter:card\" content=\"summary_large_image\" \/>\n<meta name=\"twitter:label1\" content=\"Arvioitu lukuaika\" \/>\n\t<meta name=\"twitter:data1\" content=\"3 minuuttia\" \/>\n<script type=\"application\/ld+json\" class=\"yoast-schema-graph\">{\"@context\":\"https:\/\/schema.org\",\"@graph\":[{\"@type\":\"WebPage\",\"@id\":\"https:\/\/rotary.fi\/helsinkitoolo\/sv\/vem-ar-vi\/\",\"url\":\"https:\/\/rotary.fi\/helsinkitoolo\/sv\/vem-ar-vi\/\",\"name\":\"Vem \u00e4r vi - Helsinki - T\u00f6\u00f6l\u00f6n Rotaryklubi\",\"isPartOf\":{\"@id\":\"https:\/\/rotary.fi\/helsinkitoolo\/#website\"},\"datePublished\":\"2019-03-19T12:04:50+00:00\",\"dateModified\":\"2020-03-28T17:40:30+00:00\",\"breadcrumb\":{\"@id\":\"https:\/\/rotary.fi\/helsinkitoolo\/sv\/vem-ar-vi\/#breadcrumb\"},\"inLanguage\":\"fi\",\"potentialAction\":[{\"@type\":\"ReadAction\",\"target\":[\"https:\/\/rotary.fi\/helsinkitoolo\/sv\/vem-ar-vi\/\"]}]},{\"@type\":\"BreadcrumbList\",\"@id\":\"https:\/\/rotary.fi\/helsinkitoolo\/sv\/vem-ar-vi\/#breadcrumb\",\"itemListElement\":[{\"@type\":\"ListItem\",\"position\":1,\"name\":\"Home\",\"item\":\"https:\/\/rotary.fi\/helsinkitoolo\/\"},{\"@type\":\"ListItem\",\"position\":2,\"name\":\"Vem \u00e4r vi\"}]},{\"@type\":\"WebSite\",\"@id\":\"https:\/\/rotary.fi\/helsinkitoolo\/#website\",\"url\":\"https:\/\/rotary.fi\/helsinkitoolo\/\",\"name\":\"Helsinki - T\u00f6\u00f6l\u00f6n Rotaryklubi\",\"description\":\"Uusi Rotary klubisivusto\",\"potentialAction\":[{\"@type\":\"SearchAction\",\"target\":{\"@type\":\"EntryPoint\",\"urlTemplate\":\"https:\/\/rotary.fi\/helsinkitoolo\/?s={search_term_string}\"},\"query-input\":{\"@type\":\"PropertyValueSpecification\",\"valueRequired\":true,\"valueName\":\"search_term_string\"}}],\"inLanguage\":\"fi\"}]}<\/script>\n<!-- \/ Yoast SEO plugin. -->","yoast_head_json":{"title":"Vem \u00e4r vi - Helsinki - T\u00f6\u00f6l\u00f6n Rotaryklubi","robots":{"index":"index","follow":"follow","max-snippet":"max-snippet:-1","max-image-preview":"max-image-preview:large","max-video-preview":"max-video-preview:-1"},"canonical":"https:\/\/rotary.fi\/helsinkitoolo\/sv\/vem-ar-vi\/","og_locale":"fi_FI","og_type":"article","og_title":"Vem \u00e4r vi - Helsinki - T\u00f6\u00f6l\u00f6n Rotaryklubi","og_description":"Vem \u00e4r vi Vem \u00e4r vi T\u00f6l\u00f6 Rotaryklubb \u00e4r en aktiv rotaryklubb i Helsingfors. Vi sammantr\u00e4der varje torsdag till ett lunchm\u00f6te kl. 11.45-13.00 p\u00e5 Ostrobotnia (Botta) f\u00f6r att tr\u00e4ffa varandra, lyssna p\u00e5 intressanta f\u00f6redrag och befr\u00e4mja goda \u00e4renden p\u00e5 v\u00e5r ort. Vi st\u00f6der den internationella Rotaryorganisationens humanit\u00e4ra projekt, deltar i ungdomsutbyte och befr\u00e4mjar v\u00e4lm\u00e5endet i [&hellip;]","og_url":"https:\/\/rotary.fi\/helsinkitoolo\/sv\/vem-ar-vi\/","og_site_name":"Helsinki - T\u00f6\u00f6l\u00f6n Rotaryklubi","article_modified_time":"2020-03-28T17:40:30+00:00","twitter_card":"summary_large_image","twitter_misc":{"Arvioitu lukuaika":"3 minuuttia"},"schema":{"@context":"https:\/\/schema.org","@graph":[{"@type":"WebPage","@id":"https:\/\/rotary.fi\/helsinkitoolo\/sv\/vem-ar-vi\/","url":"https:\/\/rotary.fi\/helsinkitoolo\/sv\/vem-ar-vi\/","name":"Vem \u00e4r vi - Helsinki - T\u00f6\u00f6l\u00f6n Rotaryklubi","isPartOf":{"@id":"https:\/\/rotary.fi\/helsinkitoolo\/#website"},"datePublished":"2019-03-19T12:04:50+00:00","dateModified":"2020-03-28T17:40:30+00:00","breadcrumb":{"@id":"https:\/\/rotary.fi\/helsinkitoolo\/sv\/vem-ar-vi\/#breadcrumb"},"inLanguage":"fi","potentialAction":[{"@type":"ReadAction","target":["https:\/\/rotary.fi\/helsinkitoolo\/sv\/vem-ar-vi\/"]}]},{"@type":"BreadcrumbList","@id":"https:\/\/rotary.fi\/helsinkitoolo\/sv\/vem-ar-vi\/#breadcrumb","itemListElement":[{"@type":"ListItem","position":1,"name":"Home","item":"https:\/\/rotary.fi\/helsinkitoolo\/"},{"@type":"ListItem","position":2,"name":"Vem \u00e4r vi"}]},{"@type":"WebSite","@id":"https:\/\/rotary.fi\/helsinkitoolo\/#website","url":"https:\/\/rotary.fi\/helsinkitoolo\/","name":"Helsinki - T\u00f6\u00f6l\u00f6n Rotaryklubi","description":"Uusi Rotary klubisivusto","potentialAction":[{"@type":"SearchAction","target":{"@type":"EntryPoint","urlTemplate":"https:\/\/rotary.fi\/helsinkitoolo\/?s={search_term_string}"},"query-input":{"@type":"PropertyValueSpecification","valueRequired":true,"valueName":"search_term_string"}}],"inLanguage":"fi"}]}},"lang":"sv","translations":{"sv":1565,"en":1424,"fi":129},"pll_sync_post":[],"_links":{"self":[{"href":"https:\/\/rotary.fi\/helsinkitoolo\/wp-json\/wp\/v2\/pages\/1565","targetHints":{"allow":["GET"]}}],"collection":[{"href":"https:\/\/rotary.fi\/helsinkitoolo\/wp-json\/wp\/v2\/pages"}],"about":[{"href":"https:\/\/rotary.fi\/helsinkitoolo\/wp-json\/wp\/v2\/types\/page"}],"author":[{"embeddable":true,"href":"https:\/\/rotary.fi\/helsinkitoolo\/wp-json\/wp\/v2\/users\/1"}],"replies":[{"embeddable":true,"href":"https:\/\/rotary.fi\/helsinkitoolo\/wp-json\/wp\/v2\/comments?post=1565"}],"version-history":[{"count":8,"href":"https:\/\/rotary.fi\/helsinkitoolo\/wp-json\/wp\/v2\/pages\/1565\/revisions"}],"predecessor-version":[{"id":2883,"href":"https:\/\/rotary.fi\/helsinkitoolo\/wp-json\/wp\/v2\/pages\/1565\/revisions\/2883"}],"wp:attachment":[{"href":"https:\/\/rotary.fi\/helsinkitoolo\/wp-json\/wp\/v2\/media?parent=1565"}],"curies":[{"name":"wp","href":"https:\/\/api.w.org\/{rel}","templated":true}]}}