{"id":154,"date":"2018-08-13T09:35:27","date_gmt":"2018-08-13T06:35:27","guid":{"rendered":"https:\/\/rotary.fi\/helsinkitoolo\/?page_id=154"},"modified":"2022-10-05T19:03:05","modified_gmt":"2022-10-05T16:03:05","slug":"nuorisovaihto","status":"publish","type":"page","link":"https:\/\/rotary.fi\/helsinkitoolo\/mita-teemme\/nuorisovaihto\/","title":{"rendered":"Nuorisovaihto"},"content":{"rendered":"<p>[et_pb_section fb_built=&#8221;1&#8243; module_class=&#8221;jumbotron-page&#8221; _builder_version=&#8221;4.16&#8243; background_image=&#8221;https:\/\/rotary.fi\/helsinkitoolo\/wp-content\/uploads\/sites\/180\/2018\/10\/rotary_klubit_alasivu_paakuva_9.jpg&#8221; global_colors_info=&#8221;{}&#8221;][et_pb_row _builder_version=&#8221;4.16&#8243; background_size=&#8221;initial&#8221; background_position=&#8221;top_left&#8221; background_repeat=&#8221;repeat&#8221; global_colors_info=&#8221;{}&#8221;][et_pb_column type=&#8221;4_4&#8243; _builder_version=&#8221;4.16&#8243; custom_padding=&#8221;|||&#8221; global_colors_info=&#8221;{}&#8221; custom_padding__hover=&#8221;|||&#8221;][et_pb_text admin_label=&#8221;P\u00e4\u00e4otsikko&#8221; _builder_version=&#8221;4.16&#8243; text_orientation=&#8221;center&#8221; background_layout=&#8221;dark&#8221; global_colors_info=&#8221;{}&#8221;]<\/p>\n<h1>Nuorisovaihto<\/h1>\n<p>[\/et_pb_text][\/et_pb_column][\/et_pb_row][\/et_pb_section][et_pb_section fb_built=&#8221;1&#8243; specialty=&#8221;on&#8221; module_class_2=&#8221;sivupalkki&#8221; _builder_version=&#8221;4.16&#8243; global_colors_info=&#8221;{}&#8221;][et_pb_column type=&#8221;2_3&#8243; specialty_columns=&#8221;2&#8243; _builder_version=&#8221;4.16&#8243; custom_padding=&#8221;|||&#8221; global_colors_info=&#8221;{}&#8221; parallax__hover=&#8221;off&#8221; parallax_method__hover=&#8221;on&#8221; custom_padding__hover=&#8221;|||&#8221;][et_pb_row_inner admin_label=&#8221;Rivi&#8221; _builder_version=&#8221;4.16&#8243; custom_margin=&#8221;|||2px||&#8221; custom_padding=&#8221;||0px|||&#8221; global_colors_info=&#8221;{}&#8221;][et_pb_column_inner saved_specialty_column_type=&#8221;2_3&#8243; _builder_version=&#8221;4.16&#8243; custom_padding=&#8221;|||&#8221; global_colors_info=&#8221;{}&#8221; parallax__hover=&#8221;off&#8221; parallax_method__hover=&#8221;on&#8221; custom_padding__hover=&#8221;|||&#8221;][et_pb_text admin_label=&#8221;Nuorisovaihto &#8211; Otsikko&#8221; _builder_version=&#8221;4.16&#8243; text_orientation=&#8221;center&#8221; global_colors_info=&#8221;{}&#8221;]<\/p>\n<h1>Nuorisovaihto<\/h1>\n<p>[\/et_pb_text][et_pb_text _builder_version=&#8221;4.16&#8243; custom_padding=&#8221;||3px|||&#8221; global_colors_info=&#8221;{}&#8221;]<\/p>\n<h4 style=\"text-align: left\">Haluatko nuorisovaihtoon maailmalle ja satsata tulevaisuuteesi tai ymm\u00e4rt\u00e4m\u00e4\u00e4n muita kulttuureja<span style=\"font-size: 16px;text-align: left;color: #263b4c;font-family: 'Open Sans', Helvetica, Arial, Lucida, sans-serif\">\u00a0<\/span><\/h4>\n<p><span style=\"font-size: 16px\"><\/span><\/p>\n<p><span style=\"font-size: 16px\">N\u00e4hd\u00e4 maailmaa, oppia ymm\u00e4rt\u00e4m\u00e4\u00e4n muita ihmisi\u00e4 ja kulttuureita, saamaan elinik\u00e4isi\u00e4 kansainv\u00e4lisi\u00e4 yst\u00e4vi\u00e4, tai ainoastaan kehittym\u00e4\u00e4n ihmisen\u00e4!<\/span><span style=\"font-size: 16px\">\u00a0<\/span><span style=\"font-size: 16px\">\u00a0<\/span><span style=\"font-size: 16px\">\u00a0<\/span><\/p>\n<p><span style=\"font-size: 16px\">Pariksi viikoksi, kuukaudeksi tai jopa vuodeksi? Kaikesta on sinulle iloa ja hy\u00f6ty\u00e4.<\/span><span style=\"font-size: 16px\">\u00a0<\/span><\/p>\n<p><span>Vaihtoehdot ovat:<\/span><span style=\"font-size: 16px\">\u00a0<\/span><\/p>\n<ul>\n<li><span>Kes\u00e4vaihto<\/span><\/li>\n<li><span>Leirivaihto<\/span><\/li>\n<li><span>Vuosivaihto<\/span><span style=\"font-size: 16px\">\u00a0<\/span><span style=\"font-size: 16px\">\u00a0<\/span><span style=\"font-size: 16px\">\u00a0<\/span><span style=\"font-size: 16px\">\u00a0<\/span><\/li>\n<\/ul>\n<p><span>K\u00e4y l\u00e4pi <a href=\"https:\/\/rotary.fi\/mita-teemme\/nuorisopalvelut\/nuorisovaihto\/\">n\u00e4it\u00e4 sivuja<\/a> ja kirjoituksia. Katso mik\u00e4 sopii parhaiten juuri sinulle. Mik\u00e4li syntyy ajatuksia toimi, ota yhteytt\u00e4 ja kysy lis\u00e4\u00e4!<\/span><span style=\"font-size: 16px\">\u00a0<\/span><span style=\"font-size: 16px\">\u00a0<\/span><\/p>\n<p><span>T\u00f6\u00f6l\u00f6n Rotaryklubi tekee parhaansa auttaaksesi sinua.<\/span><span style=\"font-size: 16px\">\u00a0<\/span><\/p>\n<h4 style=\"text-align: left\">Vuosivaihto<span style=\"font-size: 16px;color: #263b4c;font-family: 'Open Sans', Helvetica, Arial, Lucida, sans-serif\">\u00a0<\/span><\/h4>\n<p>Rotaryn nuorisovaihto on turvallinen ja usein varsin edullinen tapa l\u00e4hte\u00e4 ulkomaille vaihto-oppilaaksi.\u00a0\u00a0Rotaryn nuorisovaihto on sertifioitua ja valvottua. Nuorta sitovat rotareiden ohjeet ja s\u00e4\u00e4nn\u00f6t, se on osa turvallisuutta. Nuori ja h\u00e4nen perheens\u00e4 koulutetaan vaihtovuoden vaatimuksiin ennen nuoren l\u00e4ht\u00f6\u00e4.<span style=\"font-size: 16px\">\u00a0<\/span><\/p>\n<p>Vastaanottava perhe ottaa nuoren perheenj\u00e4senekseen. Vastaanottava rotaryklubi huolehtii mm. saapuvan vaihto-oppilaan koulukustannuksista. Nuori saa my\u00f6s pient\u00e4 kuukausirahaa rotaryklubiltaan. Perhe ei saa rahallista korvausta nuoren yll\u00e4pidosta.<span style=\"font-size: 16px\">\u00a0<\/span><span style=\"font-size: 16px\">\u00a0<\/span><\/p>\n<p>Suomeen saapuville vaihto-oppilaille tarvitaan is\u00e4nt\u00e4perheit\u00e4. Nuori on vaihtovuoden aikana yleens\u00e4 kolmessa perheess\u00e4, noin nelj\u00e4 kuukautta jokaisessa. <strong>Kun haluat tarjota turvallisen kodin Suomeen saapuvalle nuorelle, ota yhteytt\u00e4 klubimme nuorisovaihtoasiamieheen<\/strong>.<span style=\"font-size: 16px\">\u00a0<\/span><\/p>\n<p>Kun rotaryklubi ottaa vastaan ulkomaisen vaihto-oppilaan, se tarkoittaa samalla, ett\u00e4 meilt\u00e4 vastavuoroisesti p\u00e4\u00e4see nuori ulkomaille. Ulkomailla koulunk\u00e4ynti ei suinkaan aina ole oppilaalle ilmaista, mutta nuoren vastaanottava rotaryklubi vastaa n\u00e4ist\u00e4kin kustannuksista. Nuori saa my\u00f6s samat edut ja huolenpidon kuin maahamme saapuva nuori.\u00a0<span style=\"font-size: 16px\">\u00a0<\/span><span style=\"font-size: 16px\">\u00a0<\/span><\/p>\n<p>T\u00e4ss\u00e4 alla T\u00f6\u00f6l\u00f6n Rotaryklubin vaihto-oppilaan kirje Kanadassa olevalle Rotaryklubille,<span style=\"font-size: 16px\">\u00a0<\/span><span style=\"font-size: 16px\">Dryden RK:lle.<\/span><\/p>\n<p><strong><em>\u201c<\/em><\/strong><em>M<\/em><em>y year in Dryden formed me a great deal. Not only did I grow as a person, but I returned home feeling empowered and independent, having also learned a new language and made many new friends. During my time abroad, I learned to handle the unexpected, to really listen to others and to share my own look on life. However, no words will do my experience justice. Summarizing a Rotary Youth Exchange experience into a few sentences is like trying to define love; by its very nature, it cannot be constrained.<\/em><\/p>\n<p><em>I often reflect on my year abroad and how lucky I was to get to spend my year in Dryden. My host families made me feel safe and loved and welcomed me with open arms. By including me in their life they helped me get a better understanding of Canada and the Canadian culture. On top of this I felt the support of the rotary members, the rotary district and my exchange coordinator. Being thousands of miles from home was not always easy. But it was the hard times that helped me grow up and move away from my comfort zone to gain maturity and independence. To this day I still call Dryden one of my homes. The lessons I learned will stay with me forever and my belief in cultural exchange will never leave me.<\/em><span style=\"font-size: 16px\">\u00a0<\/span><span style=\"font-size: 16px\">\u00a0<\/span><\/p>\n<p><em>Maria outbound 2002-2004<\/em><span style=\"font-size: 16px\">\u00a0<\/span><span style=\"font-size: 16px\">\u00a0<\/span><\/p>\n<p><em style=\"font-size: 16px\">Kiitollinen T\u00f6\u00f6l\u00f6n Rotaryklubille p\u00e4\u00e4syst\u00e4\u00e4n maailmalle.<\/em><\/p>\n<h4 style=\"text-align: left\">Kiinnostuitko nuorisovaihdosta?<\/h4>\n<p>Rotaryn kautta voit p\u00e4\u00e4st\u00e4 vuosivaihtoon, kes\u00e4vaihtoon tai leirivaihtoon. N\u00e4ist\u00e4 eri vaihtomuodoista voit\u00a0\u00a0lukea lis\u00e4\u00e4 Suomen Rotaryn\u00a0<a href=\"https:\/\/rotary.fi\/mita-teemme\/nuorisopalvelut\/nuorisovaihto\/\">nuorisovaihdon<\/a>\u00a0sivuilta.\u00a0Hakuaika seuraavan vuoden vaihtoihin on hakuvuotta edelt\u00e4v\u00e4n\u00e4 syksyn\u00e4. Jos kiinnostuit, ota yhteytt\u00e4 klubimme nuorisoasiamieheen ja kysy l\u00e4het\u00e4mmek\u00f6 vaihto-oppilaan tulevana vuonna.\u00a0<\/p>\n<p><strong>Kysy rohkeasti lis\u00e4\u00e4 Rotaryn nuorisovaihdosta<\/strong><\/p>\n<p><span style=\"font-size: 16px\">Klubimme nuorisovaihtoasiamies: <strong>Arja Launis <\/strong>(<em>arja.launis@gmail.com<\/em>)<strong><br \/><\/strong><\/span><\/p>\n<p>Mik\u00e4li haluat jutella entisten vaihto-oppilaiden kanssa, autamme kyll\u00e4 sinua.<\/p>\n<p>Lue lis\u00e4\u00e4 klubimme nuorisovaihtotoiminnasta: <a href=\"http:\/\/www.rye.fi\/\">www.rye.fi<\/a> (Suomen Rotareiden viralliset nuorivaihtosivut).<\/p>\n<p>[\/et_pb_text][\/et_pb_column_inner][\/et_pb_row_inner][et_pb_row_inner admin_label=&#8221;Rivi&#8221; _builder_version=&#8221;4.16&#8243; global_colors_info=&#8221;{}&#8221;][et_pb_column_inner saved_specialty_column_type=&#8221;2_3&#8243; _builder_version=&#8221;4.16&#8243; custom_padding=&#8221;|||&#8221; global_colors_info=&#8221;{}&#8221; parallax__hover=&#8221;off&#8221; parallax_method__hover=&#8221;on&#8221; custom_padding__hover=&#8221;|||&#8221;][et_pb_text admin_label=&#8221;Kiinnostuitko nuorisovaihdosta? &#8211; Otsikko&#8221; _builder_version=&#8221;4.16&#8243; text_orientation=&#8221;center&#8221; custom_padding=&#8221;3px|||||&#8221; global_colors_info=&#8221;{}&#8221;][\/et_pb_text][et_pb_text _builder_version=&#8221;4.16&#8243; global_colors_info=&#8221;{}&#8221;][\/et_pb_text][\/et_pb_column_inner][\/et_pb_row_inner][\/et_pb_column][et_pb_column type=&#8221;1_3&#8243; module_class=&#8221;sivupalkki&#8221; _builder_version=&#8221;4.16&#8243; custom_padding=&#8221;|||&#8221; global_colors_info=&#8221;{}&#8221; parallax__hover=&#8221;off&#8221; parallax_method__hover=&#8221;on&#8221; module_class__hover=&#8221;sivupalkki&#8221; custom_padding__hover=&#8221;|||&#8221;][et_pb_sidebar area=&#8221;sidebar-1&#8243; module_class=&#8221;sivupalkki_sisalto&#8221; _builder_version=&#8221;4.16&#8243; locked=&#8221;on&#8221; global_colors_info=&#8221;{}&#8221;][\/et_pb_sidebar][\/et_pb_column][\/et_pb_section]<\/p>\n","protected":false},"excerpt":{"rendered":"<p>Nuorisovaihto NuorisovaihtoHaluatko nuorisovaihtoon maailmalle ja satsata tulevaisuuteesi tai ymm\u00e4rt\u00e4m\u00e4\u00e4n muita kulttuureja\u00a0 N\u00e4hd\u00e4 maailmaa, oppia ymm\u00e4rt\u00e4m\u00e4\u00e4n muita ihmisi\u00e4 ja kulttuureita, saamaan elinik\u00e4isi\u00e4 kansainv\u00e4lisi\u00e4 yst\u00e4vi\u00e4, tai ainoastaan kehittym\u00e4\u00e4n ihmisen\u00e4!\u00a0\u00a0\u00a0 Pariksi viikoksi, kuukaudeksi tai jopa vuodeksi? Kaikesta on sinulle iloa ja hy\u00f6ty\u00e4.\u00a0 Vaihtoehdot ovat:\u00a0 Kes\u00e4vaihto Leirivaihto Vuosivaihto\u00a0\u00a0\u00a0\u00a0 K\u00e4y l\u00e4pi n\u00e4it\u00e4 sivuja ja kirjoituksia. Katso mik\u00e4 sopii parhaiten juuri [&hellip;]<\/p>\n","protected":false},"author":1,"featured_media":0,"parent":77,"menu_order":1,"comment_status":"closed","ping_status":"closed","template":"","meta":{"_acf_changed":false,"_et_pb_use_builder":"on","_et_pb_old_content":"","_et_gb_content_width":"","footnotes":""},"class_list":["post-154","page","type-page","status-publish","hentry"],"acf":[],"yoast_head":"<!-- This site is optimized with the Yoast SEO plugin v27.0 - https:\/\/yoast.com\/product\/yoast-seo-wordpress\/ -->\n<title>Nuorisovaihto - Helsinki - T\u00f6\u00f6l\u00f6n Rotaryklubi<\/title>\n<meta name=\"robots\" content=\"index, follow, max-snippet:-1, max-image-preview:large, max-video-preview:-1\" \/>\n<link rel=\"canonical\" href=\"https:\/\/rotary.fi\/helsinkitoolo\/mita-teemme\/nuorisovaihto\/\" \/>\n<meta property=\"og:locale\" content=\"fi_FI\" \/>\n<meta property=\"og:type\" content=\"article\" \/>\n<meta property=\"og:title\" content=\"Nuorisovaihto - Helsinki - T\u00f6\u00f6l\u00f6n Rotaryklubi\" \/>\n<meta property=\"og:description\" content=\"Nuorisovaihto NuorisovaihtoHaluatko nuorisovaihtoon maailmalle ja satsata tulevaisuuteesi tai ymm\u00e4rt\u00e4m\u00e4\u00e4n muita kulttuureja\u00a0 N\u00e4hd\u00e4 maailmaa, oppia ymm\u00e4rt\u00e4m\u00e4\u00e4n muita ihmisi\u00e4 ja kulttuureita, saamaan elinik\u00e4isi\u00e4 kansainv\u00e4lisi\u00e4 yst\u00e4vi\u00e4, tai ainoastaan kehittym\u00e4\u00e4n ihmisen\u00e4!\u00a0\u00a0\u00a0 Pariksi viikoksi, kuukaudeksi tai jopa vuodeksi? Kaikesta on sinulle iloa ja hy\u00f6ty\u00e4.\u00a0 Vaihtoehdot ovat:\u00a0 Kes\u00e4vaihto Leirivaihto Vuosivaihto\u00a0\u00a0\u00a0\u00a0 K\u00e4y l\u00e4pi n\u00e4it\u00e4 sivuja ja kirjoituksia. Katso mik\u00e4 sopii parhaiten juuri [&hellip;]\" \/>\n<meta property=\"og:url\" content=\"https:\/\/rotary.fi\/helsinkitoolo\/mita-teemme\/nuorisovaihto\/\" \/>\n<meta property=\"og:site_name\" content=\"Helsinki - T\u00f6\u00f6l\u00f6n Rotaryklubi\" \/>\n<meta property=\"article:modified_time\" content=\"2022-10-05T16:03:05+00:00\" \/>\n<meta name=\"twitter:card\" content=\"summary_large_image\" \/>\n<meta name=\"twitter:label1\" content=\"Arvioitu lukuaika\" \/>\n\t<meta name=\"twitter:data1\" content=\"5 minuuttia\" \/>\n<script type=\"application\/ld+json\" class=\"yoast-schema-graph\">{\"@context\":\"https:\/\/schema.org\",\"@graph\":[{\"@type\":\"WebPage\",\"@id\":\"https:\/\/rotary.fi\/helsinkitoolo\/mita-teemme\/nuorisovaihto\/\",\"url\":\"https:\/\/rotary.fi\/helsinkitoolo\/mita-teemme\/nuorisovaihto\/\",\"name\":\"Nuorisovaihto - Helsinki - T\u00f6\u00f6l\u00f6n Rotaryklubi\",\"isPartOf\":{\"@id\":\"https:\/\/rotary.fi\/helsinkitoolo\/#website\"},\"datePublished\":\"2018-08-13T06:35:27+00:00\",\"dateModified\":\"2022-10-05T16:03:05+00:00\",\"breadcrumb\":{\"@id\":\"https:\/\/rotary.fi\/helsinkitoolo\/mita-teemme\/nuorisovaihto\/#breadcrumb\"},\"inLanguage\":\"fi\",\"potentialAction\":[{\"@type\":\"ReadAction\",\"target\":[\"https:\/\/rotary.fi\/helsinkitoolo\/mita-teemme\/nuorisovaihto\/\"]}]},{\"@type\":\"BreadcrumbList\",\"@id\":\"https:\/\/rotary.fi\/helsinkitoolo\/mita-teemme\/nuorisovaihto\/#breadcrumb\",\"itemListElement\":[{\"@type\":\"ListItem\",\"position\":1,\"name\":\"Home\",\"item\":\"https:\/\/rotary.fi\/helsinkitoolo\/\"},{\"@type\":\"ListItem\",\"position\":2,\"name\":\"Mit\u00e4 teemme\",\"item\":\"https:\/\/rotary.fi\/helsinkitoolo\/mita-teemme\/\"},{\"@type\":\"ListItem\",\"position\":3,\"name\":\"Nuorisovaihto\"}]},{\"@type\":\"WebSite\",\"@id\":\"https:\/\/rotary.fi\/helsinkitoolo\/#website\",\"url\":\"https:\/\/rotary.fi\/helsinkitoolo\/\",\"name\":\"Helsinki - T\u00f6\u00f6l\u00f6n Rotaryklubi\",\"description\":\"Uusi Rotary klubisivusto\",\"potentialAction\":[{\"@type\":\"SearchAction\",\"target\":{\"@type\":\"EntryPoint\",\"urlTemplate\":\"https:\/\/rotary.fi\/helsinkitoolo\/?s={search_term_string}\"},\"query-input\":{\"@type\":\"PropertyValueSpecification\",\"valueRequired\":true,\"valueName\":\"search_term_string\"}}],\"inLanguage\":\"fi\"}]}<\/script>\n<!-- \/ Yoast SEO plugin. -->","yoast_head_json":{"title":"Nuorisovaihto - Helsinki - T\u00f6\u00f6l\u00f6n Rotaryklubi","robots":{"index":"index","follow":"follow","max-snippet":"max-snippet:-1","max-image-preview":"max-image-preview:large","max-video-preview":"max-video-preview:-1"},"canonical":"https:\/\/rotary.fi\/helsinkitoolo\/mita-teemme\/nuorisovaihto\/","og_locale":"fi_FI","og_type":"article","og_title":"Nuorisovaihto - Helsinki - T\u00f6\u00f6l\u00f6n Rotaryklubi","og_description":"Nuorisovaihto NuorisovaihtoHaluatko nuorisovaihtoon maailmalle ja satsata tulevaisuuteesi tai ymm\u00e4rt\u00e4m\u00e4\u00e4n muita kulttuureja\u00a0 N\u00e4hd\u00e4 maailmaa, oppia ymm\u00e4rt\u00e4m\u00e4\u00e4n muita ihmisi\u00e4 ja kulttuureita, saamaan elinik\u00e4isi\u00e4 kansainv\u00e4lisi\u00e4 yst\u00e4vi\u00e4, tai ainoastaan kehittym\u00e4\u00e4n ihmisen\u00e4!\u00a0\u00a0\u00a0 Pariksi viikoksi, kuukaudeksi tai jopa vuodeksi? Kaikesta on sinulle iloa ja hy\u00f6ty\u00e4.\u00a0 Vaihtoehdot ovat:\u00a0 Kes\u00e4vaihto Leirivaihto Vuosivaihto\u00a0\u00a0\u00a0\u00a0 K\u00e4y l\u00e4pi n\u00e4it\u00e4 sivuja ja kirjoituksia. Katso mik\u00e4 sopii parhaiten juuri [&hellip;]","og_url":"https:\/\/rotary.fi\/helsinkitoolo\/mita-teemme\/nuorisovaihto\/","og_site_name":"Helsinki - T\u00f6\u00f6l\u00f6n Rotaryklubi","article_modified_time":"2022-10-05T16:03:05+00:00","twitter_card":"summary_large_image","twitter_misc":{"Arvioitu lukuaika":"5 minuuttia"},"schema":{"@context":"https:\/\/schema.org","@graph":[{"@type":"WebPage","@id":"https:\/\/rotary.fi\/helsinkitoolo\/mita-teemme\/nuorisovaihto\/","url":"https:\/\/rotary.fi\/helsinkitoolo\/mita-teemme\/nuorisovaihto\/","name":"Nuorisovaihto - Helsinki - T\u00f6\u00f6l\u00f6n Rotaryklubi","isPartOf":{"@id":"https:\/\/rotary.fi\/helsinkitoolo\/#website"},"datePublished":"2018-08-13T06:35:27+00:00","dateModified":"2022-10-05T16:03:05+00:00","breadcrumb":{"@id":"https:\/\/rotary.fi\/helsinkitoolo\/mita-teemme\/nuorisovaihto\/#breadcrumb"},"inLanguage":"fi","potentialAction":[{"@type":"ReadAction","target":["https:\/\/rotary.fi\/helsinkitoolo\/mita-teemme\/nuorisovaihto\/"]}]},{"@type":"BreadcrumbList","@id":"https:\/\/rotary.fi\/helsinkitoolo\/mita-teemme\/nuorisovaihto\/#breadcrumb","itemListElement":[{"@type":"ListItem","position":1,"name":"Home","item":"https:\/\/rotary.fi\/helsinkitoolo\/"},{"@type":"ListItem","position":2,"name":"Mit\u00e4 teemme","item":"https:\/\/rotary.fi\/helsinkitoolo\/mita-teemme\/"},{"@type":"ListItem","position":3,"name":"Nuorisovaihto"}]},{"@type":"WebSite","@id":"https:\/\/rotary.fi\/helsinkitoolo\/#website","url":"https:\/\/rotary.fi\/helsinkitoolo\/","name":"Helsinki - T\u00f6\u00f6l\u00f6n Rotaryklubi","description":"Uusi Rotary klubisivusto","potentialAction":[{"@type":"SearchAction","target":{"@type":"EntryPoint","urlTemplate":"https:\/\/rotary.fi\/helsinkitoolo\/?s={search_term_string}"},"query-input":{"@type":"PropertyValueSpecification","valueRequired":true,"valueName":"search_term_string"}}],"inLanguage":"fi"}]}},"lang":"fi","translations":{"fi":154,"en":1449,"sv":1590},"pll_sync_post":[],"_links":{"self":[{"href":"https:\/\/rotary.fi\/helsinkitoolo\/wp-json\/wp\/v2\/pages\/154","targetHints":{"allow":["GET"]}}],"collection":[{"href":"https:\/\/rotary.fi\/helsinkitoolo\/wp-json\/wp\/v2\/pages"}],"about":[{"href":"https:\/\/rotary.fi\/helsinkitoolo\/wp-json\/wp\/v2\/types\/page"}],"author":[{"embeddable":true,"href":"https:\/\/rotary.fi\/helsinkitoolo\/wp-json\/wp\/v2\/users\/1"}],"replies":[{"embeddable":true,"href":"https:\/\/rotary.fi\/helsinkitoolo\/wp-json\/wp\/v2\/comments?post=154"}],"version-history":[{"count":10,"href":"https:\/\/rotary.fi\/helsinkitoolo\/wp-json\/wp\/v2\/pages\/154\/revisions"}],"predecessor-version":[{"id":3795,"href":"https:\/\/rotary.fi\/helsinkitoolo\/wp-json\/wp\/v2\/pages\/154\/revisions\/3795"}],"up":[{"embeddable":true,"href":"https:\/\/rotary.fi\/helsinkitoolo\/wp-json\/wp\/v2\/pages\/77"}],"wp:attachment":[{"href":"https:\/\/rotary.fi\/helsinkitoolo\/wp-json\/wp\/v2\/media?parent=154"}],"curies":[{"name":"wp","href":"https:\/\/api.w.org\/{rel}","templated":true}]}}