{"id":1436,"date":"2019-02-20T13:02:00","date_gmt":"2019-02-20T11:02:00","guid":{"rendered":"https:\/\/rotary.fi\/helsinkitoolo\/?page_id=1436"},"modified":"2020-03-29T23:30:24","modified_gmt":"2020-03-29T20:30:24","slug":"we-are-part-of-the-international-rotary","status":"publish","type":"page","link":"https:\/\/rotary.fi\/helsinkitoolo\/en\/who-we-are\/we-are-part-of-the-international-rotary\/","title":{"rendered":"We are part of the international Rotary"},"content":{"rendered":"<p>[et_pb_section fb_built=&#8221;1&#8243; module_class=&#8221;jumbotron-page&#8221; _builder_version=&#8221;3.22&#8243; background_image=&#8221;https:\/\/rotary.fi\/wp-content\/uploads\/2018\/04\/paakuva_rauhantyo.jpg&#8221;][et_pb_row _builder_version=&#8221;3.25&#8243; background_size=&#8221;initial&#8221; background_position=&#8221;top_left&#8221; background_repeat=&#8221;repeat&#8221;][et_pb_column type=&#8221;4_4&#8243; _builder_version=&#8221;3.25&#8243; custom_padding=&#8221;|||&#8221; custom_padding__hover=&#8221;|||&#8221;][et_pb_text admin_label=&#8221;P\u00e4\u00e4otsikko: We are part of the international Rotary&#8221; _builder_version=&#8221;3.27.4&#8243; text_orientation=&#8221;center&#8221; background_layout=&#8221;dark&#8221;]<\/p>\n<h1>We are part of the international Rotary<\/h1>\n<p>[\/et_pb_text][\/et_pb_column][\/et_pb_row][\/et_pb_section][et_pb_section fb_built=&#8221;1&#8243; specialty=&#8221;on&#8221; module_class_2=&#8221;sivupalkki&#8221; _builder_version=&#8221;3.22&#8243;][et_pb_column type=&#8221;2_3&#8243; specialty_columns=&#8221;2&#8243; _builder_version=&#8221;3.25&#8243; custom_padding=&#8221;|||&#8221; custom_padding__hover=&#8221;|||&#8221;][et_pb_row_inner admin_label=&#8221;Rivi&#8221; _builder_version=&#8221;3.25&#8243;][et_pb_column_inner saved_specialty_column_type=&#8221;2_3&#8243; _builder_version=&#8221;3.25&#8243; custom_padding=&#8221;|||&#8221; custom_padding__hover=&#8221;|||&#8221;][et_pb_text admin_label=&#8221;Rotary International &#8211; Otsikko&#8221; _builder_version=&#8221;3.27.4&#8243; text_orientation=&#8221;center&#8221;]<\/p>\n<h1>Rotary International<\/h1>\n<p>[\/et_pb_text][et_pb_text _builder_version=&#8221;3.27.4&#8243;]<\/p>\n<p>Rotary International (RI) supports and guides Rotarians and clubs in their pursuit to promote the Object of Rotary. The highest governing body of RI is the Convention, where every club has the right to send an official representative and where every Rotarian has the right to participate.\u00a0<span style=\"font-size: 16px\">The spokesperson of RI is the president, whose term is one Rotary year.\u00a0<\/span><\/p>\n<p>The RI World Headquarters is in Evanston, Illinois, near Chicago. Around 530 people work under the leadership of the Secretary at the Headquarters. In addition to the World Headquarters, RI has seven international offices in various parts of the globe. The Europe\/Africa office (EAO) located in Z\u00fcrich serves Finnish Rotarians.<\/p>\n<p>[\/et_pb_text][et_pb_button button_url=&#8221;https:\/\/www.rotary.org\/&#8221; url_new_window=&#8221;on&#8221; button_text=&#8221;To the web pages of Rotary International&#8221; _builder_version=&#8221;3.19.5&#8243;]<br \/>\n[\/et_pb_button][\/et_pb_column_inner][\/et_pb_row_inner][et_pb_row_inner admin_label=&#8221;Rivi&#8221; _builder_version=&#8221;3.25&#8243;][et_pb_column_inner saved_specialty_column_type=&#8221;2_3&#8243; _builder_version=&#8221;3.25&#8243; custom_padding=&#8221;|||&#8221; custom_padding__hover=&#8221;|||&#8221;][et_pb_text admin_label=&#8221;Otsikko: The Rotary Foundation (TRF)&#8221; _builder_version=&#8221;3.27.4&#8243; text_orientation=&#8221;center&#8221;]<\/p>\n<h4>The Rotary Foundation (TRF)<\/h4>\n<p>[\/et_pb_text][et_pb_text _builder_version=&#8221;3.27.4&#8243;]<\/p>\n<p>The Rotary Foundation is one of the biggest private charity actors in the world, and it is repeatedly ranked high in the comparison of these actors with regard to transparency and reliability.<\/p>\n<p>TRF coordinates and finances the global service activities of Rotarians. The work of TRF is based on voluntary donations and on the capital revenue which are channelled to training and education projects and humanitarian aid.<\/p>\n<p>An important incentive is the granting of Paul Harris Fellow Awards, one for each donation of one thousand dollars. Globally, over one million PHF Awards have been granted. Paul Harris was the founder of Rotary.<\/p>\n<p>[\/et_pb_text][et_pb_button button_url=&#8221;https:\/\/www.rotary.org\/en\/about-rotary\/rotary-foundation&#8221; url_new_window=&#8221;on&#8221; button_text=&#8221;To the web pages of the International Rotary Foundation&#8221; _builder_version=&#8221;3.19.5&#8243;]<br \/>\n[\/et_pb_button][\/et_pb_column_inner][\/et_pb_row_inner][\/et_pb_column][et_pb_column type=&#8221;1_3&#8243; _builder_version=&#8221;3.25&#8243; custom_padding=&#8221;|||&#8221; custom_padding__hover=&#8221;|||&#8221;][et_pb_sidebar area=&#8221;sidebar-1&#8243; module_class=&#8221;sivupalkki_sisalto&#8221; _builder_version=&#8221;3.4.1&#8243; locked=&#8221;on&#8221;]<br \/>\n[\/et_pb_sidebar][\/et_pb_column][\/et_pb_section]<\/p>\n","protected":false},"excerpt":{"rendered":"<p>We are part of the international Rotary Rotary International Rotary International (RI) supports and guides Rotarians and clubs in their pursuit to promote the Object of Rotary. The highest governing body of RI is the Convention, where every club has the right to send an official representative and where every Rotarian has the right to [&hellip;]<\/p>\n","protected":false},"author":1,"featured_media":0,"parent":1424,"menu_order":0,"comment_status":"closed","ping_status":"closed","template":"","meta":{"_acf_changed":false,"_et_pb_use_builder":"on","_et_pb_old_content":"","_et_gb_content_width":"","footnotes":""},"class_list":["post-1436","page","type-page","status-publish","hentry"],"acf":[],"yoast_head":"<!-- This site is optimized with the Yoast SEO plugin v27.0 - https:\/\/yoast.com\/product\/yoast-seo-wordpress\/ -->\n<title>We are part of the international Rotary - Helsinki - T\u00f6\u00f6l\u00f6n Rotaryklubi<\/title>\n<meta name=\"robots\" content=\"index, follow, max-snippet:-1, max-image-preview:large, max-video-preview:-1\" \/>\n<link rel=\"canonical\" href=\"https:\/\/rotary.fi\/helsinkitoolo\/en\/who-we-are\/we-are-part-of-the-international-rotary\/\" \/>\n<meta property=\"og:locale\" content=\"fi_FI\" \/>\n<meta property=\"og:type\" content=\"article\" \/>\n<meta property=\"og:title\" content=\"We are part of the international Rotary - Helsinki - T\u00f6\u00f6l\u00f6n Rotaryklubi\" \/>\n<meta property=\"og:description\" content=\"We are part of the international Rotary Rotary International Rotary International (RI) supports and guides Rotarians and clubs in their pursuit to promote the Object of Rotary. The highest governing body of RI is the Convention, where every club has the right to send an official representative and where every Rotarian has the right to [&hellip;]\" \/>\n<meta property=\"og:url\" content=\"https:\/\/rotary.fi\/helsinkitoolo\/en\/who-we-are\/we-are-part-of-the-international-rotary\/\" \/>\n<meta property=\"og:site_name\" content=\"Helsinki - T\u00f6\u00f6l\u00f6n Rotaryklubi\" \/>\n<meta property=\"article:modified_time\" content=\"2020-03-29T20:30:24+00:00\" \/>\n<meta name=\"twitter:card\" content=\"summary_large_image\" \/>\n<meta name=\"twitter:label1\" content=\"Arvioitu lukuaika\" \/>\n\t<meta name=\"twitter:data1\" content=\"3 minuuttia\" \/>\n<script type=\"application\/ld+json\" class=\"yoast-schema-graph\">{\"@context\":\"https:\/\/schema.org\",\"@graph\":[{\"@type\":\"WebPage\",\"@id\":\"https:\/\/rotary.fi\/helsinkitoolo\/en\/who-we-are\/we-are-part-of-the-international-rotary\/\",\"url\":\"https:\/\/rotary.fi\/helsinkitoolo\/en\/who-we-are\/we-are-part-of-the-international-rotary\/\",\"name\":\"We are part of the international Rotary - Helsinki - T\u00f6\u00f6l\u00f6n Rotaryklubi\",\"isPartOf\":{\"@id\":\"https:\/\/rotary.fi\/helsinkitoolo\/#website\"},\"datePublished\":\"2019-02-20T11:02:00+00:00\",\"dateModified\":\"2020-03-29T20:30:24+00:00\",\"breadcrumb\":{\"@id\":\"https:\/\/rotary.fi\/helsinkitoolo\/en\/who-we-are\/we-are-part-of-the-international-rotary\/#breadcrumb\"},\"inLanguage\":\"fi\",\"potentialAction\":[{\"@type\":\"ReadAction\",\"target\":[\"https:\/\/rotary.fi\/helsinkitoolo\/en\/who-we-are\/we-are-part-of-the-international-rotary\/\"]}]},{\"@type\":\"BreadcrumbList\",\"@id\":\"https:\/\/rotary.fi\/helsinkitoolo\/en\/who-we-are\/we-are-part-of-the-international-rotary\/#breadcrumb\",\"itemListElement\":[{\"@type\":\"ListItem\",\"position\":1,\"name\":\"Home\",\"item\":\"https:\/\/rotary.fi\/helsinkitoolo\/\"},{\"@type\":\"ListItem\",\"position\":2,\"name\":\"Who We Are\",\"item\":\"https:\/\/rotary.fi\/helsinkitoolo\/en\/who-we-are\/\"},{\"@type\":\"ListItem\",\"position\":3,\"name\":\"We are part of the international Rotary\"}]},{\"@type\":\"WebSite\",\"@id\":\"https:\/\/rotary.fi\/helsinkitoolo\/#website\",\"url\":\"https:\/\/rotary.fi\/helsinkitoolo\/\",\"name\":\"Helsinki - T\u00f6\u00f6l\u00f6n Rotaryklubi\",\"description\":\"Uusi Rotary klubisivusto\",\"potentialAction\":[{\"@type\":\"SearchAction\",\"target\":{\"@type\":\"EntryPoint\",\"urlTemplate\":\"https:\/\/rotary.fi\/helsinkitoolo\/?s={search_term_string}\"},\"query-input\":{\"@type\":\"PropertyValueSpecification\",\"valueRequired\":true,\"valueName\":\"search_term_string\"}}],\"inLanguage\":\"fi\"}]}<\/script>\n<!-- \/ Yoast SEO plugin. -->","yoast_head_json":{"title":"We are part of the international Rotary - Helsinki - T\u00f6\u00f6l\u00f6n Rotaryklubi","robots":{"index":"index","follow":"follow","max-snippet":"max-snippet:-1","max-image-preview":"max-image-preview:large","max-video-preview":"max-video-preview:-1"},"canonical":"https:\/\/rotary.fi\/helsinkitoolo\/en\/who-we-are\/we-are-part-of-the-international-rotary\/","og_locale":"fi_FI","og_type":"article","og_title":"We are part of the international Rotary - Helsinki - T\u00f6\u00f6l\u00f6n Rotaryklubi","og_description":"We are part of the international Rotary Rotary International Rotary International (RI) supports and guides Rotarians and clubs in their pursuit to promote the Object of Rotary. The highest governing body of RI is the Convention, where every club has the right to send an official representative and where every Rotarian has the right to [&hellip;]","og_url":"https:\/\/rotary.fi\/helsinkitoolo\/en\/who-we-are\/we-are-part-of-the-international-rotary\/","og_site_name":"Helsinki - T\u00f6\u00f6l\u00f6n Rotaryklubi","article_modified_time":"2020-03-29T20:30:24+00:00","twitter_card":"summary_large_image","twitter_misc":{"Arvioitu lukuaika":"3 minuuttia"},"schema":{"@context":"https:\/\/schema.org","@graph":[{"@type":"WebPage","@id":"https:\/\/rotary.fi\/helsinkitoolo\/en\/who-we-are\/we-are-part-of-the-international-rotary\/","url":"https:\/\/rotary.fi\/helsinkitoolo\/en\/who-we-are\/we-are-part-of-the-international-rotary\/","name":"We are part of the international Rotary - Helsinki - T\u00f6\u00f6l\u00f6n Rotaryklubi","isPartOf":{"@id":"https:\/\/rotary.fi\/helsinkitoolo\/#website"},"datePublished":"2019-02-20T11:02:00+00:00","dateModified":"2020-03-29T20:30:24+00:00","breadcrumb":{"@id":"https:\/\/rotary.fi\/helsinkitoolo\/en\/who-we-are\/we-are-part-of-the-international-rotary\/#breadcrumb"},"inLanguage":"fi","potentialAction":[{"@type":"ReadAction","target":["https:\/\/rotary.fi\/helsinkitoolo\/en\/who-we-are\/we-are-part-of-the-international-rotary\/"]}]},{"@type":"BreadcrumbList","@id":"https:\/\/rotary.fi\/helsinkitoolo\/en\/who-we-are\/we-are-part-of-the-international-rotary\/#breadcrumb","itemListElement":[{"@type":"ListItem","position":1,"name":"Home","item":"https:\/\/rotary.fi\/helsinkitoolo\/"},{"@type":"ListItem","position":2,"name":"Who We Are","item":"https:\/\/rotary.fi\/helsinkitoolo\/en\/who-we-are\/"},{"@type":"ListItem","position":3,"name":"We are part of the international Rotary"}]},{"@type":"WebSite","@id":"https:\/\/rotary.fi\/helsinkitoolo\/#website","url":"https:\/\/rotary.fi\/helsinkitoolo\/","name":"Helsinki - T\u00f6\u00f6l\u00f6n Rotaryklubi","description":"Uusi Rotary klubisivusto","potentialAction":[{"@type":"SearchAction","target":{"@type":"EntryPoint","urlTemplate":"https:\/\/rotary.fi\/helsinkitoolo\/?s={search_term_string}"},"query-input":{"@type":"PropertyValueSpecification","valueRequired":true,"valueName":"search_term_string"}}],"inLanguage":"fi"}]}},"lang":"en","translations":{"en":1436,"fi":276,"sv":1580},"pll_sync_post":[],"_links":{"self":[{"href":"https:\/\/rotary.fi\/helsinkitoolo\/wp-json\/wp\/v2\/pages\/1436","targetHints":{"allow":["GET"]}}],"collection":[{"href":"https:\/\/rotary.fi\/helsinkitoolo\/wp-json\/wp\/v2\/pages"}],"about":[{"href":"https:\/\/rotary.fi\/helsinkitoolo\/wp-json\/wp\/v2\/types\/page"}],"author":[{"embeddable":true,"href":"https:\/\/rotary.fi\/helsinkitoolo\/wp-json\/wp\/v2\/users\/1"}],"replies":[{"embeddable":true,"href":"https:\/\/rotary.fi\/helsinkitoolo\/wp-json\/wp\/v2\/comments?post=1436"}],"version-history":[{"count":3,"href":"https:\/\/rotary.fi\/helsinkitoolo\/wp-json\/wp\/v2\/pages\/1436\/revisions"}],"predecessor-version":[{"id":2896,"href":"https:\/\/rotary.fi\/helsinkitoolo\/wp-json\/wp\/v2\/pages\/1436\/revisions\/2896"}],"up":[{"embeddable":true,"href":"https:\/\/rotary.fi\/helsinkitoolo\/wp-json\/wp\/v2\/pages\/1424"}],"wp:attachment":[{"href":"https:\/\/rotary.fi\/helsinkitoolo\/wp-json\/wp\/v2\/media?parent=1436"}],"curies":[{"name":"wp","href":"https:\/\/api.w.org\/{rel}","templated":true}]}}