{"id":1434,"date":"2019-02-20T12:59:14","date_gmt":"2019-02-20T10:59:14","guid":{"rendered":"https:\/\/rotary.fi\/helsinkitoolo\/?page_id=1434"},"modified":"2020-03-30T12:26:47","modified_gmt":"2020-03-30T09:26:47","slug":"we-belong-to-district-1420","status":"publish","type":"page","link":"https:\/\/rotary.fi\/helsinkitoolo\/en\/who-we-are\/we-belong-to-district-1420\/","title":{"rendered":"We Belong to District 1420"},"content":{"rendered":"<p>[et_pb_section fb_built=&#8221;1&#8243; module_class=&#8221;jumbotron-page&#8221; _builder_version=&#8221;3.22&#8243; background_image=&#8221;https:\/\/rotary.fi\/helsinkitoolo\/wp-content\/uploads\/sites\/180\/2018\/08\/rotary_klubit_alasivu_paakuva_4.jpg&#8221;][et_pb_row _builder_version=&#8221;3.25&#8243; background_size=&#8221;initial&#8221; background_position=&#8221;top_left&#8221; background_repeat=&#8221;repeat&#8221;][et_pb_column type=&#8221;4_4&#8243; _builder_version=&#8221;3.25&#8243; custom_padding=&#8221;|||&#8221; custom_padding__hover=&#8221;|||&#8221;][et_pb_text admin_label=&#8221;We Belong to District 1420&#8243; _builder_version=&#8221;3.27.4&#8243; text_orientation=&#8221;center&#8221; background_layout=&#8221;dark&#8221;]<\/p>\n<h1>We Belong to District 1420<\/h1>\n<p>[\/et_pb_text][\/et_pb_column][\/et_pb_row][\/et_pb_section][et_pb_section fb_built=&#8221;1&#8243; specialty=&#8221;on&#8221; module_class_2=&#8221;sivupalkki&#8221; _builder_version=&#8221;3.22&#8243;][et_pb_column type=&#8221;2_3&#8243; specialty_columns=&#8221;2&#8243; _builder_version=&#8221;3.25&#8243; custom_padding=&#8221;|||&#8221; custom_padding__hover=&#8221;|||&#8221;][et_pb_row_inner admin_label=&#8221;Rivi&#8221; _builder_version=&#8221;3.25&#8243;][et_pb_column_inner saved_specialty_column_type=&#8221;2_3&#8243; _builder_version=&#8221;3.25&#8243; custom_padding=&#8221;|||&#8221; custom_padding__hover=&#8221;|||&#8221;][et_pb_text admin_label=&#8221;Otsikko: Rotary Districts&#8221; _builder_version=&#8221;3.27.4&#8243; text_orientation=&#8221;center&#8221;]<\/p>\n<h1>Rotary Districts<\/h1>\n<p>[\/et_pb_text][et_pb_text _builder_version=&#8221;3.27.4&#8243;]<\/p>\n<p><span style=\"font-size: 16px\">In Finland we have six Rotary districts which, in addition to Finland, also include Estonia. Our club belongs to District 1420 that extends to Southern Finland and Estonia. The governor of District 1420 is <strong>DG Tommy Wegge<\/strong> from Helsinki Maneesi Rotary Club.<\/span><\/p>\n<p>The governor is supported by the district council, committees and assistant governors from various regions of the district. The clubs propose new governors, and the district\u2019s nomination committee chooses the candidate deemed most suitable from among the governor candidates. The governor-elect is nominated at the Convention of Rotary International.<\/p>\n<p>The district organises several events for the clubs during the Rotary year. The most important of these is the Presidents-Elect Training Seminar (PETS).<\/p>\n<p>The district assembly is usually held in the autumn and the festive district conference in the spring.<\/p>\n<p>The district governor visits all the clubs in his district during his term. The assistant governors visit the clubs in their own regions.<\/p>\n<p>[\/et_pb_text][\/et_pb_column_inner][\/et_pb_row_inner][\/et_pb_column][et_pb_column type=&#8221;1_3&#8243; _builder_version=&#8221;3.25&#8243; custom_padding=&#8221;|||&#8221; custom_padding__hover=&#8221;|||&#8221;][et_pb_sidebar area=&#8221;sidebar-1&#8243; module_class=&#8221;sivupalkki_sisalto&#8221; _builder_version=&#8221;3.4.1&#8243; locked=&#8221;on&#8221;]<br \/>\n[\/et_pb_sidebar][\/et_pb_column][\/et_pb_section]<\/p>\n","protected":false},"excerpt":{"rendered":"<p>We Belong to District 1420Rotary Districts In Finland we have six Rotary districts which, in addition to Finland, also include Estonia. Our club belongs to District 1420 that extends to Southern Finland and Estonia. The governor of District 1420 is DG Tommy Wegge from Helsinki Maneesi Rotary Club. The governor is supported by the district [&hellip;]<\/p>\n","protected":false},"author":1,"featured_media":0,"parent":1424,"menu_order":0,"comment_status":"closed","ping_status":"closed","template":"","meta":{"_acf_changed":false,"_et_pb_use_builder":"on","_et_pb_old_content":"","_et_gb_content_width":"","footnotes":""},"class_list":["post-1434","page","type-page","status-publish","hentry"],"acf":[],"yoast_head":"<!-- This site is optimized with the Yoast SEO plugin v27.0 - https:\/\/yoast.com\/product\/yoast-seo-wordpress\/ -->\n<title>We Belong to District 1420 - Helsinki - T\u00f6\u00f6l\u00f6n Rotaryklubi<\/title>\n<meta name=\"robots\" content=\"index, follow, max-snippet:-1, max-image-preview:large, max-video-preview:-1\" \/>\n<link rel=\"canonical\" href=\"https:\/\/rotary.fi\/helsinkitoolo\/en\/who-we-are\/we-belong-to-district-1420\/\" \/>\n<meta property=\"og:locale\" content=\"fi_FI\" \/>\n<meta property=\"og:type\" content=\"article\" \/>\n<meta property=\"og:title\" content=\"We Belong to District 1420 - Helsinki - T\u00f6\u00f6l\u00f6n Rotaryklubi\" \/>\n<meta property=\"og:description\" content=\"We Belong to District 1420Rotary Districts In Finland we have six Rotary districts which, in addition to Finland, also include Estonia. Our club belongs to District 1420 that extends to Southern Finland and Estonia. The governor of District 1420 is DG Tommy Wegge from Helsinki Maneesi Rotary Club. The governor is supported by the district [&hellip;]\" \/>\n<meta property=\"og:url\" content=\"https:\/\/rotary.fi\/helsinkitoolo\/en\/who-we-are\/we-belong-to-district-1420\/\" \/>\n<meta property=\"og:site_name\" content=\"Helsinki - T\u00f6\u00f6l\u00f6n Rotaryklubi\" \/>\n<meta property=\"article:modified_time\" content=\"2020-03-30T09:26:47+00:00\" \/>\n<meta name=\"twitter:card\" content=\"summary_large_image\" \/>\n<meta name=\"twitter:label1\" content=\"Arvioitu lukuaika\" \/>\n\t<meta name=\"twitter:data1\" content=\"2 minuuttia\" \/>\n<script type=\"application\/ld+json\" class=\"yoast-schema-graph\">{\"@context\":\"https:\/\/schema.org\",\"@graph\":[{\"@type\":\"WebPage\",\"@id\":\"https:\/\/rotary.fi\/helsinkitoolo\/en\/who-we-are\/we-belong-to-district-1420\/\",\"url\":\"https:\/\/rotary.fi\/helsinkitoolo\/en\/who-we-are\/we-belong-to-district-1420\/\",\"name\":\"We Belong to District 1420 - Helsinki - T\u00f6\u00f6l\u00f6n Rotaryklubi\",\"isPartOf\":{\"@id\":\"https:\/\/rotary.fi\/helsinkitoolo\/#website\"},\"datePublished\":\"2019-02-20T10:59:14+00:00\",\"dateModified\":\"2020-03-30T09:26:47+00:00\",\"breadcrumb\":{\"@id\":\"https:\/\/rotary.fi\/helsinkitoolo\/en\/who-we-are\/we-belong-to-district-1420\/#breadcrumb\"},\"inLanguage\":\"fi\",\"potentialAction\":[{\"@type\":\"ReadAction\",\"target\":[\"https:\/\/rotary.fi\/helsinkitoolo\/en\/who-we-are\/we-belong-to-district-1420\/\"]}]},{\"@type\":\"BreadcrumbList\",\"@id\":\"https:\/\/rotary.fi\/helsinkitoolo\/en\/who-we-are\/we-belong-to-district-1420\/#breadcrumb\",\"itemListElement\":[{\"@type\":\"ListItem\",\"position\":1,\"name\":\"Home\",\"item\":\"https:\/\/rotary.fi\/helsinkitoolo\/\"},{\"@type\":\"ListItem\",\"position\":2,\"name\":\"Who We Are\",\"item\":\"https:\/\/rotary.fi\/helsinkitoolo\/en\/who-we-are\/\"},{\"@type\":\"ListItem\",\"position\":3,\"name\":\"We Belong to District 1420\"}]},{\"@type\":\"WebSite\",\"@id\":\"https:\/\/rotary.fi\/helsinkitoolo\/#website\",\"url\":\"https:\/\/rotary.fi\/helsinkitoolo\/\",\"name\":\"Helsinki - T\u00f6\u00f6l\u00f6n Rotaryklubi\",\"description\":\"Uusi Rotary klubisivusto\",\"potentialAction\":[{\"@type\":\"SearchAction\",\"target\":{\"@type\":\"EntryPoint\",\"urlTemplate\":\"https:\/\/rotary.fi\/helsinkitoolo\/?s={search_term_string}\"},\"query-input\":{\"@type\":\"PropertyValueSpecification\",\"valueRequired\":true,\"valueName\":\"search_term_string\"}}],\"inLanguage\":\"fi\"}]}<\/script>\n<!-- \/ Yoast SEO plugin. -->","yoast_head_json":{"title":"We Belong to District 1420 - Helsinki - T\u00f6\u00f6l\u00f6n Rotaryklubi","robots":{"index":"index","follow":"follow","max-snippet":"max-snippet:-1","max-image-preview":"max-image-preview:large","max-video-preview":"max-video-preview:-1"},"canonical":"https:\/\/rotary.fi\/helsinkitoolo\/en\/who-we-are\/we-belong-to-district-1420\/","og_locale":"fi_FI","og_type":"article","og_title":"We Belong to District 1420 - Helsinki - T\u00f6\u00f6l\u00f6n Rotaryklubi","og_description":"We Belong to District 1420Rotary Districts In Finland we have six Rotary districts which, in addition to Finland, also include Estonia. Our club belongs to District 1420 that extends to Southern Finland and Estonia. The governor of District 1420 is DG Tommy Wegge from Helsinki Maneesi Rotary Club. The governor is supported by the district [&hellip;]","og_url":"https:\/\/rotary.fi\/helsinkitoolo\/en\/who-we-are\/we-belong-to-district-1420\/","og_site_name":"Helsinki - T\u00f6\u00f6l\u00f6n Rotaryklubi","article_modified_time":"2020-03-30T09:26:47+00:00","twitter_card":"summary_large_image","twitter_misc":{"Arvioitu lukuaika":"2 minuuttia"},"schema":{"@context":"https:\/\/schema.org","@graph":[{"@type":"WebPage","@id":"https:\/\/rotary.fi\/helsinkitoolo\/en\/who-we-are\/we-belong-to-district-1420\/","url":"https:\/\/rotary.fi\/helsinkitoolo\/en\/who-we-are\/we-belong-to-district-1420\/","name":"We Belong to District 1420 - Helsinki - T\u00f6\u00f6l\u00f6n Rotaryklubi","isPartOf":{"@id":"https:\/\/rotary.fi\/helsinkitoolo\/#website"},"datePublished":"2019-02-20T10:59:14+00:00","dateModified":"2020-03-30T09:26:47+00:00","breadcrumb":{"@id":"https:\/\/rotary.fi\/helsinkitoolo\/en\/who-we-are\/we-belong-to-district-1420\/#breadcrumb"},"inLanguage":"fi","potentialAction":[{"@type":"ReadAction","target":["https:\/\/rotary.fi\/helsinkitoolo\/en\/who-we-are\/we-belong-to-district-1420\/"]}]},{"@type":"BreadcrumbList","@id":"https:\/\/rotary.fi\/helsinkitoolo\/en\/who-we-are\/we-belong-to-district-1420\/#breadcrumb","itemListElement":[{"@type":"ListItem","position":1,"name":"Home","item":"https:\/\/rotary.fi\/helsinkitoolo\/"},{"@type":"ListItem","position":2,"name":"Who We Are","item":"https:\/\/rotary.fi\/helsinkitoolo\/en\/who-we-are\/"},{"@type":"ListItem","position":3,"name":"We Belong to District 1420"}]},{"@type":"WebSite","@id":"https:\/\/rotary.fi\/helsinkitoolo\/#website","url":"https:\/\/rotary.fi\/helsinkitoolo\/","name":"Helsinki - T\u00f6\u00f6l\u00f6n Rotaryklubi","description":"Uusi Rotary klubisivusto","potentialAction":[{"@type":"SearchAction","target":{"@type":"EntryPoint","urlTemplate":"https:\/\/rotary.fi\/helsinkitoolo\/?s={search_term_string}"},"query-input":{"@type":"PropertyValueSpecification","valueRequired":true,"valueName":"search_term_string"}}],"inLanguage":"fi"}]}},"lang":"en","translations":{"en":1434,"fi":273,"sv":1578},"pll_sync_post":[],"_links":{"self":[{"href":"https:\/\/rotary.fi\/helsinkitoolo\/wp-json\/wp\/v2\/pages\/1434","targetHints":{"allow":["GET"]}}],"collection":[{"href":"https:\/\/rotary.fi\/helsinkitoolo\/wp-json\/wp\/v2\/pages"}],"about":[{"href":"https:\/\/rotary.fi\/helsinkitoolo\/wp-json\/wp\/v2\/types\/page"}],"author":[{"embeddable":true,"href":"https:\/\/rotary.fi\/helsinkitoolo\/wp-json\/wp\/v2\/users\/1"}],"replies":[{"embeddable":true,"href":"https:\/\/rotary.fi\/helsinkitoolo\/wp-json\/wp\/v2\/comments?post=1434"}],"version-history":[{"count":6,"href":"https:\/\/rotary.fi\/helsinkitoolo\/wp-json\/wp\/v2\/pages\/1434\/revisions"}],"predecessor-version":[{"id":2939,"href":"https:\/\/rotary.fi\/helsinkitoolo\/wp-json\/wp\/v2\/pages\/1434\/revisions\/2939"}],"up":[{"embeddable":true,"href":"https:\/\/rotary.fi\/helsinkitoolo\/wp-json\/wp\/v2\/pages\/1424"}],"wp:attachment":[{"href":"https:\/\/rotary.fi\/helsinkitoolo\/wp-json\/wp\/v2\/media?parent=1434"}],"curies":[{"name":"wp","href":"https:\/\/api.w.org\/{rel}","templated":true}]}}