{"id":1428,"date":"2019-02-20T12:51:31","date_gmt":"2019-02-20T10:51:31","guid":{"rendered":"https:\/\/rotary.fi\/helsinkitoolo\/?page_id=1428"},"modified":"2025-08-27T11:37:50","modified_gmt":"2025-08-27T08:37:50","slug":"club-board-of-directors-and-officers","status":"publish","type":"page","link":"https:\/\/rotary.fi\/helsinkitoolo\/en\/who-we-are\/club-board-of-directors-and-officers\/","title":{"rendered":"Club Board of Directors and Officers"},"content":{"rendered":"<table style=\"height: 750px\" border=\"1\" cellspacing=\"0\" cellpadding=\"4\">\n<colgroup>\n<col width=\"85*\" \/>\n<col width=\"85*\" \/>\n<col width=\"85*\" \/> <\/colgroup>\n<tbody>\n<tr style=\"height: 23px\" valign=\"TOP\">\n<td style=\"height: 23px;width: 154.15px\"><b>OFFICERS 2025-2026<\/b><\/td>\n<td style=\"height: 23px;width: 154.133px\"><\/td>\n<td style=\"height: 23px;width: 154.117px\"><\/td>\n<\/tr>\n<tr style=\"height: 23px\" valign=\"TOP\">\n<td style=\"height: 23px;width: 154.15px\"><b>Position<\/b><\/td>\n<td style=\"height: 23px;width: 154.133px\"><b>Surname<\/b><\/td>\n<td style=\"height: 23px;width: 154.117px\"><b>First name<\/b><\/td>\n<\/tr>\n<tr style=\"height: 23px\" valign=\"TOP\">\n<td style=\"height: 23px;width: 154.15px\">President<\/td>\n<td style=\"height: 23px;width: 154.133px\">Lehtisalo<\/td>\n<td style=\"height: 23px;width: 154.117px\">Vesa<\/td>\n<\/tr>\n<tr style=\"height: 23px\" valign=\"TOP\">\n<td style=\"height: 23px;width: 154.15px\"><\/td>\n<td style=\"height: 23px;width: 154.133px\"><\/td>\n<td style=\"height: 23px;width: 154.117px\"><\/td>\n<\/tr>\n<tr style=\"height: 23px\" valign=\"TOP\">\n<td style=\"height: 23px;width: 154.15px\">President elect<\/td>\n<td style=\"height: 23px;width: 154.133px\">Piiroinen<\/td>\n<td style=\"height: 23px;width: 154.117px\">Mika<\/td>\n<\/tr>\n<tr style=\"height: 23px\" valign=\"TOP\">\n<td style=\"height: 23px;width: 154.15px\">Vice President<\/td>\n<td style=\"height: 23px;width: 154.133px\">Rislakki<\/td>\n<td style=\"height: 23px;width: 154.117px\">Marja<\/td>\n<\/tr>\n<tr style=\"height: 23px\" valign=\"TOP\">\n<td style=\"height: 23px;width: 154.15px\">Past president<\/td>\n<td style=\"height: 23px;width: 154.133px\">Rislakki<\/td>\n<td style=\"height: 23px;width: 154.117px\">Marja<\/td>\n<\/tr>\n<tr style=\"height: 23px\" valign=\"TOP\">\n<td style=\"height: 23px;width: 154.15px\">1. Secretary<\/td>\n<td style=\"height: 23px;width: 154.133px\">Mikkola<\/td>\n<td style=\"height: 23px;width: 154.117px\">Marja<\/td>\n<\/tr>\n<tr style=\"height: 23px\" valign=\"TOP\">\n<td style=\"height: 23px;width: 154.15px\">2. Secretary<\/td>\n<td style=\"height: 23px;width: 154.133px\">Prinssi<\/td>\n<td style=\"height: 23px;width: 154.117px\">Paula<\/td>\n<\/tr>\n<tr style=\"height: 23px\" valign=\"TOP\">\n<td style=\"height: 23px;width: 154.15px\">Treasurer<\/td>\n<td style=\"height: 23px;width: 154.133px\">Lehto<\/td>\n<td style=\"height: 23px;width: 154.117px\">Kimmo<\/td>\n<\/tr>\n<tr style=\"height: 47px\" valign=\"TOP\">\n<td style=\"height: 47px;width: 154.15px\">Sergeant-at-Arms<\/td>\n<td style=\"height: 47px;width: 154.133px\">Vainio<\/td>\n<td style=\"height: 47px;width: 154.117px\">Ilkka<\/td>\n<\/tr>\n<tr style=\"height: 71px\" valign=\"TOP\">\n<td style=\"height: 71px;width: 154.15px\">Youth Exchange Officer<\/td>\n<td style=\"height: 71px;width: 154.133px\">Prinssi<\/td>\n<td style=\"height: 71px;width: 154.117px\">Paula<\/td>\n<\/tr>\n<tr style=\"height: 71px\" valign=\"TOP\">\n<td style=\"height: 71px;width: 154.15px\">Youth Exchange Officer<\/td>\n<td style=\"height: 71px;width: 154.133px\">Launis<\/td>\n<td style=\"height: 71px;width: 154.117px\">Arja<\/td>\n<\/tr>\n<tr style=\"height: 71px\" valign=\"TOP\">\n<td style=\"height: 71px;width: 154.15px\">Chair of Rotary Foundation Committee<\/td>\n<td style=\"height: 71px;width: 154.133px\">Lehto<\/td>\n<td style=\"height: 71px;width: 154.117px\">Kimmo<\/td>\n<\/tr>\n<tr style=\"height: 71px\" valign=\"TOP\">\n<td style=\"height: 71px;width: 154.15px\">Chair of Professional Services Committee<\/td>\n<td style=\"height: 71px;width: 154.133px\">Rikala<\/td>\n<td style=\"height: 71px;width: 154.117px\">Mikael<\/td>\n<\/tr>\n<tr style=\"height: 142px\" valign=\"TOP\">\n<td style=\"height: 142px;width: 154.15px\">Chair of Youth and International Affairs Committee<\/td>\n<td style=\"height: 142px;width: 154.133px\">Kosonen<\/td>\n<td style=\"height: 142px;width: 154.117px\">Janne<\/td>\n<\/tr>\n<tr style=\"height: 47px\" valign=\"TOP\">\n<td style=\"height: 47px;width: 154.15px\">IT Support<\/td>\n<td style=\"height: 47px;width: 154.133px\">Brax<\/td>\n<td style=\"height: 47px;width: 154.117px\">Matti<\/td>\n<\/tr>\n<\/tbody>\n<\/table>\n","protected":false},"excerpt":{"rendered":"<p>OFFICERS 2025-2026 Position Surname First name President Lehtisalo Vesa President elect Piiroinen Mika Vice President Rislakki Marja Past president Rislakki Marja 1. Secretary Mikkola Marja 2. Secretary Prinssi Paula Treasurer Lehto Kimmo Sergeant-at-Arms Vainio Ilkka Youth Exchange Officer Prinssi Paula Youth Exchange Officer Launis Arja Chair of Rotary Foundation Committee Lehto Kimmo Chair of Professional [&hellip;]<\/p>\n","protected":false},"author":1,"featured_media":0,"parent":1424,"menu_order":0,"comment_status":"closed","ping_status":"closed","template":"","meta":{"_acf_changed":false,"_et_pb_use_builder":"off","_et_pb_old_content":"","_et_gb_content_width":"","footnotes":""},"class_list":["post-1428","page","type-page","status-publish","hentry"],"acf":[],"yoast_head":"<!-- This site is optimized with the Yoast SEO plugin v27.0 - https:\/\/yoast.com\/product\/yoast-seo-wordpress\/ -->\n<title>Club Board of Directors and Officers - Helsinki - T\u00f6\u00f6l\u00f6n Rotaryklubi<\/title>\n<meta name=\"robots\" content=\"index, follow, max-snippet:-1, max-image-preview:large, max-video-preview:-1\" \/>\n<link rel=\"canonical\" href=\"https:\/\/rotary.fi\/helsinkitoolo\/en\/who-we-are\/club-board-of-directors-and-officers\/\" \/>\n<meta property=\"og:locale\" content=\"fi_FI\" \/>\n<meta property=\"og:type\" content=\"article\" \/>\n<meta property=\"og:title\" content=\"Club Board of Directors and Officers - Helsinki - T\u00f6\u00f6l\u00f6n Rotaryklubi\" \/>\n<meta property=\"og:description\" content=\"OFFICERS 2025-2026 Position Surname First name President Lehtisalo Vesa President elect Piiroinen Mika Vice President Rislakki Marja Past president Rislakki Marja 1. Secretary Mikkola Marja 2. Secretary Prinssi Paula Treasurer Lehto Kimmo Sergeant-at-Arms Vainio Ilkka Youth Exchange Officer Prinssi Paula Youth Exchange Officer Launis Arja Chair of Rotary Foundation Committee Lehto Kimmo Chair of Professional [&hellip;]\" \/>\n<meta property=\"og:url\" content=\"https:\/\/rotary.fi\/helsinkitoolo\/en\/who-we-are\/club-board-of-directors-and-officers\/\" \/>\n<meta property=\"og:site_name\" content=\"Helsinki - T\u00f6\u00f6l\u00f6n Rotaryklubi\" \/>\n<meta property=\"article:modified_time\" content=\"2025-08-27T08:37:50+00:00\" \/>\n<meta name=\"twitter:card\" content=\"summary_large_image\" \/>\n<meta name=\"twitter:label1\" content=\"Arvioitu lukuaika\" \/>\n\t<meta name=\"twitter:data1\" content=\"1 minuutti\" \/>\n<script type=\"application\/ld+json\" class=\"yoast-schema-graph\">{\"@context\":\"https:\/\/schema.org\",\"@graph\":[{\"@type\":\"WebPage\",\"@id\":\"https:\/\/rotary.fi\/helsinkitoolo\/en\/who-we-are\/club-board-of-directors-and-officers\/\",\"url\":\"https:\/\/rotary.fi\/helsinkitoolo\/en\/who-we-are\/club-board-of-directors-and-officers\/\",\"name\":\"Club Board of Directors and Officers - Helsinki - T\u00f6\u00f6l\u00f6n Rotaryklubi\",\"isPartOf\":{\"@id\":\"https:\/\/rotary.fi\/helsinkitoolo\/#website\"},\"datePublished\":\"2019-02-20T10:51:31+00:00\",\"dateModified\":\"2025-08-27T08:37:50+00:00\",\"breadcrumb\":{\"@id\":\"https:\/\/rotary.fi\/helsinkitoolo\/en\/who-we-are\/club-board-of-directors-and-officers\/#breadcrumb\"},\"inLanguage\":\"fi\",\"potentialAction\":[{\"@type\":\"ReadAction\",\"target\":[\"https:\/\/rotary.fi\/helsinkitoolo\/en\/who-we-are\/club-board-of-directors-and-officers\/\"]}]},{\"@type\":\"BreadcrumbList\",\"@id\":\"https:\/\/rotary.fi\/helsinkitoolo\/en\/who-we-are\/club-board-of-directors-and-officers\/#breadcrumb\",\"itemListElement\":[{\"@type\":\"ListItem\",\"position\":1,\"name\":\"Home\",\"item\":\"https:\/\/rotary.fi\/helsinkitoolo\/\"},{\"@type\":\"ListItem\",\"position\":2,\"name\":\"Who We Are\",\"item\":\"https:\/\/rotary.fi\/helsinkitoolo\/en\/who-we-are\/\"},{\"@type\":\"ListItem\",\"position\":3,\"name\":\"Club Board of Directors and Officers\"}]},{\"@type\":\"WebSite\",\"@id\":\"https:\/\/rotary.fi\/helsinkitoolo\/#website\",\"url\":\"https:\/\/rotary.fi\/helsinkitoolo\/\",\"name\":\"Helsinki - T\u00f6\u00f6l\u00f6n Rotaryklubi\",\"description\":\"Uusi Rotary klubisivusto\",\"potentialAction\":[{\"@type\":\"SearchAction\",\"target\":{\"@type\":\"EntryPoint\",\"urlTemplate\":\"https:\/\/rotary.fi\/helsinkitoolo\/?s={search_term_string}\"},\"query-input\":{\"@type\":\"PropertyValueSpecification\",\"valueRequired\":true,\"valueName\":\"search_term_string\"}}],\"inLanguage\":\"fi\"}]}<\/script>\n<!-- \/ Yoast SEO plugin. -->","yoast_head_json":{"title":"Club Board of Directors and Officers - Helsinki - T\u00f6\u00f6l\u00f6n Rotaryklubi","robots":{"index":"index","follow":"follow","max-snippet":"max-snippet:-1","max-image-preview":"max-image-preview:large","max-video-preview":"max-video-preview:-1"},"canonical":"https:\/\/rotary.fi\/helsinkitoolo\/en\/who-we-are\/club-board-of-directors-and-officers\/","og_locale":"fi_FI","og_type":"article","og_title":"Club Board of Directors and Officers - Helsinki - T\u00f6\u00f6l\u00f6n Rotaryklubi","og_description":"OFFICERS 2025-2026 Position Surname First name President Lehtisalo Vesa President elect Piiroinen Mika Vice President Rislakki Marja Past president Rislakki Marja 1. Secretary Mikkola Marja 2. Secretary Prinssi Paula Treasurer Lehto Kimmo Sergeant-at-Arms Vainio Ilkka Youth Exchange Officer Prinssi Paula Youth Exchange Officer Launis Arja Chair of Rotary Foundation Committee Lehto Kimmo Chair of Professional [&hellip;]","og_url":"https:\/\/rotary.fi\/helsinkitoolo\/en\/who-we-are\/club-board-of-directors-and-officers\/","og_site_name":"Helsinki - T\u00f6\u00f6l\u00f6n Rotaryklubi","article_modified_time":"2025-08-27T08:37:50+00:00","twitter_card":"summary_large_image","twitter_misc":{"Arvioitu lukuaika":"1 minuutti"},"schema":{"@context":"https:\/\/schema.org","@graph":[{"@type":"WebPage","@id":"https:\/\/rotary.fi\/helsinkitoolo\/en\/who-we-are\/club-board-of-directors-and-officers\/","url":"https:\/\/rotary.fi\/helsinkitoolo\/en\/who-we-are\/club-board-of-directors-and-officers\/","name":"Club Board of Directors and Officers - Helsinki - T\u00f6\u00f6l\u00f6n Rotaryklubi","isPartOf":{"@id":"https:\/\/rotary.fi\/helsinkitoolo\/#website"},"datePublished":"2019-02-20T10:51:31+00:00","dateModified":"2025-08-27T08:37:50+00:00","breadcrumb":{"@id":"https:\/\/rotary.fi\/helsinkitoolo\/en\/who-we-are\/club-board-of-directors-and-officers\/#breadcrumb"},"inLanguage":"fi","potentialAction":[{"@type":"ReadAction","target":["https:\/\/rotary.fi\/helsinkitoolo\/en\/who-we-are\/club-board-of-directors-and-officers\/"]}]},{"@type":"BreadcrumbList","@id":"https:\/\/rotary.fi\/helsinkitoolo\/en\/who-we-are\/club-board-of-directors-and-officers\/#breadcrumb","itemListElement":[{"@type":"ListItem","position":1,"name":"Home","item":"https:\/\/rotary.fi\/helsinkitoolo\/"},{"@type":"ListItem","position":2,"name":"Who We Are","item":"https:\/\/rotary.fi\/helsinkitoolo\/en\/who-we-are\/"},{"@type":"ListItem","position":3,"name":"Club Board of Directors and Officers"}]},{"@type":"WebSite","@id":"https:\/\/rotary.fi\/helsinkitoolo\/#website","url":"https:\/\/rotary.fi\/helsinkitoolo\/","name":"Helsinki - T\u00f6\u00f6l\u00f6n Rotaryklubi","description":"Uusi Rotary klubisivusto","potentialAction":[{"@type":"SearchAction","target":{"@type":"EntryPoint","urlTemplate":"https:\/\/rotary.fi\/helsinkitoolo\/?s={search_term_string}"},"query-input":{"@type":"PropertyValueSpecification","valueRequired":true,"valueName":"search_term_string"}}],"inLanguage":"fi"}]}},"lang":"en","translations":{"en":1428,"fi":132,"sv":1569},"pll_sync_post":[],"_links":{"self":[{"href":"https:\/\/rotary.fi\/helsinkitoolo\/wp-json\/wp\/v2\/pages\/1428","targetHints":{"allow":["GET"]}}],"collection":[{"href":"https:\/\/rotary.fi\/helsinkitoolo\/wp-json\/wp\/v2\/pages"}],"about":[{"href":"https:\/\/rotary.fi\/helsinkitoolo\/wp-json\/wp\/v2\/types\/page"}],"author":[{"embeddable":true,"href":"https:\/\/rotary.fi\/helsinkitoolo\/wp-json\/wp\/v2\/users\/1"}],"replies":[{"embeddable":true,"href":"https:\/\/rotary.fi\/helsinkitoolo\/wp-json\/wp\/v2\/comments?post=1428"}],"version-history":[{"count":10,"href":"https:\/\/rotary.fi\/helsinkitoolo\/wp-json\/wp\/v2\/pages\/1428\/revisions"}],"predecessor-version":[{"id":4043,"href":"https:\/\/rotary.fi\/helsinkitoolo\/wp-json\/wp\/v2\/pages\/1428\/revisions\/4043"}],"up":[{"embeddable":true,"href":"https:\/\/rotary.fi\/helsinkitoolo\/wp-json\/wp\/v2\/pages\/1424"}],"wp:attachment":[{"href":"https:\/\/rotary.fi\/helsinkitoolo\/wp-json\/wp\/v2\/media?parent=1428"}],"curies":[{"name":"wp","href":"https:\/\/api.w.org\/{rel}","templated":true}]}}