{"id":132,"date":"2018-08-10T13:59:56","date_gmt":"2018-08-10T10:59:56","guid":{"rendered":"https:\/\/rotary.fi\/klubi2\/?page_id=132"},"modified":"2025-08-27T11:25:00","modified_gmt":"2025-08-27T08:25:00","slug":"hallitus-ja-toimihenkilot","status":"publish","type":"page","link":"https:\/\/rotary.fi\/helsinkitoolo\/keita-olemme\/hallitus-ja-toimihenkilot\/","title":{"rendered":"Hallitus ja toimihenkil\u00f6t"},"content":{"rendered":"<table style=\"width: 100%\" border=\"1\" width=\"100%\" cellspacing=\"0\" cellpadding=\"4\">\n<colgroup>\n<col width=\"85*\" \/>\n<col width=\"85*\" \/>\n<col width=\"85*\" \/> <\/colgroup>\n<tbody>\n<tr valign=\"TOP\">\n<td style=\"width: 33%\" width=\"33%\"><b>TOIMIHENKIL\u00d6T 2025-2026<\/b><\/td>\n<td style=\"width: 33%\" width=\"33%\"><\/td>\n<td style=\"width: 33%\" width=\"33%\"><\/td>\n<\/tr>\n<tr valign=\"TOP\">\n<td style=\"width: 33%\" width=\"33%\"><b>Teht\u00e4v\u00e4<\/b><\/td>\n<td style=\"width: 33%\" width=\"33%\"><b>Sukunimi<\/b><\/td>\n<td style=\"width: 33%\" width=\"33%\"><b>Etunimi<\/b><\/td>\n<\/tr>\n<tr valign=\"TOP\">\n<td style=\"width: 33%\" width=\"33%\">Presidentti \u2013 President<\/td>\n<td style=\"width: 33%\" width=\"33%\">Lehtisalo<\/td>\n<td style=\"width: 33%\" width=\"33%\">Vesa<\/td>\n<\/tr>\n<tr valign=\"TOP\">\n<td style=\"width: 33%\" width=\"33%\"><\/td>\n<td style=\"width: 33%\" width=\"33%\"><\/td>\n<td style=\"width: 33%\" width=\"33%\"><\/td>\n<\/tr>\n<tr valign=\"TOP\">\n<td style=\"width: 33%\" width=\"33%\">Tuleva presidentti &#8211; Tilltr\u00e4dande president<\/td>\n<td style=\"width: 33%\" width=\"33%\">Piiroinen<\/td>\n<td style=\"width: 33%\" width=\"33%\">Mika<\/td>\n<\/tr>\n<tr valign=\"TOP\">\n<td style=\"width: 33%\" width=\"33%\">Varapresidentti &#8211; Vice President<\/td>\n<td style=\"width: 33%\" width=\"33%\">Rislakki<\/td>\n<td style=\"width: 33%\" width=\"33%\">Marja<\/td>\n<\/tr>\n<tr valign=\"TOP\">\n<td style=\"width: 33%\" width=\"33%\">Edellinen presidentti &#8211; F\u00f6rutvarande president<\/td>\n<td style=\"width: 33%\" width=\"33%\">Rislakki<\/td>\n<td style=\"width: 33%\" width=\"33%\">Marja<\/td>\n<\/tr>\n<tr valign=\"TOP\">\n<td style=\"width: 33%\" width=\"33%\">1. Sihteeri &#8211; 1. Sekreterare<\/td>\n<td style=\"width: 33%\" width=\"33%\">Mikkola<\/td>\n<td style=\"width: 33%\" width=\"33%\">Marja<\/td>\n<\/tr>\n<tr valign=\"TOP\">\n<td style=\"width: 33%\" width=\"33%\">2. Sihteeri &#8211; 2. Sekreterare<\/td>\n<td style=\"width: 33%\" width=\"33%\">Prinssi<\/td>\n<td style=\"width: 33%\" width=\"33%\">Paula<\/td>\n<\/tr>\n<tr valign=\"TOP\">\n<td style=\"width: 33%\" width=\"33%\">Rahastonhoitaja &#8211; Skattm\u00e4stare<\/td>\n<td style=\"width: 33%\" width=\"33%\">Lehto<\/td>\n<td style=\"width: 33%\" width=\"33%\">Kimmo<\/td>\n<\/tr>\n<tr valign=\"TOP\">\n<td style=\"width: 33%\" width=\"33%\">Klubimestari &#8211; Klubbm\u00e4stare<\/td>\n<td style=\"width: 33%\" width=\"33%\">Vainio<\/td>\n<td style=\"width: 33%\" width=\"33%\">Ilkka<\/td>\n<\/tr>\n<tr valign=\"TOP\">\n<td style=\"width: 33%\" width=\"33%\">Nuorisovaihtoasiamies &#8211; Kontakperson ungdomsbyte<\/td>\n<td style=\"width: 33%\" width=\"33%\">Prinssi<\/td>\n<td style=\"width: 33%\" width=\"33%\">Paula<\/td>\n<\/tr>\n<tr valign=\"TOP\">\n<td style=\"width: 33%\" width=\"33%\">Nuorisovaihtoasiamies &#8211; Kontakperson ungdomsbyte<\/td>\n<td style=\"width: 33%\" width=\"33%\">Launis<\/td>\n<td style=\"width: 33%\" width=\"33%\">Arja<\/td>\n<\/tr>\n<tr valign=\"TOP\">\n<td style=\"width: 33%\" width=\"33%\">Rotarys\u00e4\u00e4ti\u00f6komitean pj. &#8211; Klubbkommitt\u00e9n f\u00f6r Rotary Foundation ordf.<\/td>\n<td style=\"width: 33%\" width=\"33%\">Lehto<\/td>\n<td style=\"width: 33%\" width=\"33%\">Kimmo<\/td>\n<\/tr>\n<tr valign=\"TOP\">\n<td style=\"width: 33%\" width=\"33%\">Ammattipalvelukomitean pj. &#8211; Klubbkommitt\u00e9n f\u00f6r yrketj\u00e4nst ordf.<\/td>\n<td style=\"width: 33%\" width=\"33%\">Rikala<\/td>\n<td style=\"width: 33%\" width=\"33%\">Mikael<\/td>\n<\/tr>\n<tr valign=\"TOP\">\n<td style=\"width: 33%\" width=\"33%\">Nuoriso- ja kansainv\u00e4lisen palvelun komitean pj. &#8211; Klubbkommitt\u00e9n f\u00f6r ungdoms- och internationell tj\u00e4nst ordf.<\/td>\n<td style=\"width: 33%\" width=\"33%\">Kosonen<\/td>\n<td style=\"width: 33%\" width=\"33%\">Janne<\/td>\n<\/tr>\n<tr valign=\"TOP\">\n<td style=\"width: 33%\" width=\"33%\">IT-vastaava &#8211; Kontaktperson IT<\/td>\n<td style=\"width: 33%\" width=\"33%\">Brax<\/td>\n<td style=\"width: 33%\" width=\"33%\">Matti<\/td>\n<\/tr>\n<tr valign=\"TOP\">\n<td style=\"width: 33%\" width=\"33%\"><\/td>\n<td style=\"width: 33%\" width=\"33%\"><\/td>\n<td style=\"width: 33%\" width=\"33%\"><\/td>\n<\/tr>\n<tr valign=\"TOP\">\n<td style=\"width: 33%\" width=\"33%\"><\/td>\n<td style=\"width: 33%\" width=\"33%\"><\/td>\n<td style=\"width: 33%\" width=\"33%\"><\/td>\n<\/tr>\n<\/tbody>\n<\/table>\n","protected":false},"excerpt":{"rendered":"<p>TOIMIHENKIL\u00d6T 2025-2026 Teht\u00e4v\u00e4 Sukunimi Etunimi Presidentti \u2013 President Lehtisalo Vesa Tuleva presidentti &#8211; Tilltr\u00e4dande president Piiroinen Mika Varapresidentti &#8211; Vice President Rislakki Marja Edellinen presidentti &#8211; F\u00f6rutvarande president Rislakki Marja 1. Sihteeri &#8211; 1. Sekreterare Mikkola Marja 2. Sihteeri &#8211; 2. Sekreterare Prinssi Paula Rahastonhoitaja &#8211; Skattm\u00e4stare Lehto Kimmo Klubimestari &#8211; Klubbm\u00e4stare Vainio Ilkka Nuorisovaihtoasiamies [&hellip;]<\/p>\n","protected":false},"author":1,"featured_media":0,"parent":129,"menu_order":1,"comment_status":"closed","ping_status":"closed","template":"","meta":{"_acf_changed":false,"_et_pb_use_builder":"off","_et_pb_old_content":"","_et_gb_content_width":"","footnotes":""},"class_list":["post-132","page","type-page","status-publish","hentry"],"acf":[],"yoast_head":"<!-- This site is optimized with the Yoast SEO plugin v27.0 - https:\/\/yoast.com\/product\/yoast-seo-wordpress\/ -->\n<title>Hallitus ja toimihenkil\u00f6t - Helsinki - T\u00f6\u00f6l\u00f6n Rotaryklubi<\/title>\n<meta name=\"robots\" content=\"index, follow, max-snippet:-1, max-image-preview:large, max-video-preview:-1\" \/>\n<link rel=\"canonical\" href=\"https:\/\/rotary.fi\/helsinkitoolo\/keita-olemme\/hallitus-ja-toimihenkilot\/\" \/>\n<meta property=\"og:locale\" content=\"fi_FI\" \/>\n<meta property=\"og:type\" content=\"article\" \/>\n<meta property=\"og:title\" content=\"Hallitus ja toimihenkil\u00f6t - Helsinki - T\u00f6\u00f6l\u00f6n Rotaryklubi\" \/>\n<meta property=\"og:description\" content=\"TOIMIHENKIL\u00d6T 2025-2026 Teht\u00e4v\u00e4 Sukunimi Etunimi Presidentti \u2013 President Lehtisalo Vesa Tuleva presidentti &#8211; Tilltr\u00e4dande president Piiroinen Mika Varapresidentti &#8211; Vice President Rislakki Marja Edellinen presidentti &#8211; F\u00f6rutvarande president Rislakki Marja 1. Sihteeri &#8211; 1. Sekreterare Mikkola Marja 2. Sihteeri &#8211; 2. Sekreterare Prinssi Paula Rahastonhoitaja &#8211; Skattm\u00e4stare Lehto Kimmo Klubimestari &#8211; Klubbm\u00e4stare Vainio Ilkka Nuorisovaihtoasiamies [&hellip;]\" \/>\n<meta property=\"og:url\" content=\"https:\/\/rotary.fi\/helsinkitoolo\/keita-olemme\/hallitus-ja-toimihenkilot\/\" \/>\n<meta property=\"og:site_name\" content=\"Helsinki - T\u00f6\u00f6l\u00f6n Rotaryklubi\" \/>\n<meta property=\"article:modified_time\" content=\"2025-08-27T08:25:00+00:00\" \/>\n<meta name=\"twitter:card\" content=\"summary_large_image\" \/>\n<meta name=\"twitter:label1\" content=\"Arvioitu lukuaika\" \/>\n\t<meta name=\"twitter:data1\" content=\"1 minuutti\" \/>\n<script type=\"application\/ld+json\" class=\"yoast-schema-graph\">{\"@context\":\"https:\/\/schema.org\",\"@graph\":[{\"@type\":\"WebPage\",\"@id\":\"https:\/\/rotary.fi\/helsinkitoolo\/keita-olemme\/hallitus-ja-toimihenkilot\/\",\"url\":\"https:\/\/rotary.fi\/helsinkitoolo\/keita-olemme\/hallitus-ja-toimihenkilot\/\",\"name\":\"Hallitus ja toimihenkil\u00f6t - Helsinki - T\u00f6\u00f6l\u00f6n Rotaryklubi\",\"isPartOf\":{\"@id\":\"https:\/\/rotary.fi\/helsinkitoolo\/#website\"},\"datePublished\":\"2018-08-10T10:59:56+00:00\",\"dateModified\":\"2025-08-27T08:25:00+00:00\",\"breadcrumb\":{\"@id\":\"https:\/\/rotary.fi\/helsinkitoolo\/keita-olemme\/hallitus-ja-toimihenkilot\/#breadcrumb\"},\"inLanguage\":\"fi\",\"potentialAction\":[{\"@type\":\"ReadAction\",\"target\":[\"https:\/\/rotary.fi\/helsinkitoolo\/keita-olemme\/hallitus-ja-toimihenkilot\/\"]}]},{\"@type\":\"BreadcrumbList\",\"@id\":\"https:\/\/rotary.fi\/helsinkitoolo\/keita-olemme\/hallitus-ja-toimihenkilot\/#breadcrumb\",\"itemListElement\":[{\"@type\":\"ListItem\",\"position\":1,\"name\":\"Home\",\"item\":\"https:\/\/rotary.fi\/helsinkitoolo\/\"},{\"@type\":\"ListItem\",\"position\":2,\"name\":\"Keit\u00e4 olemme\",\"item\":\"https:\/\/rotary.fi\/helsinkitoolo\/keita-olemme\/\"},{\"@type\":\"ListItem\",\"position\":3,\"name\":\"Hallitus ja toimihenkil\u00f6t\"}]},{\"@type\":\"WebSite\",\"@id\":\"https:\/\/rotary.fi\/helsinkitoolo\/#website\",\"url\":\"https:\/\/rotary.fi\/helsinkitoolo\/\",\"name\":\"Helsinki - T\u00f6\u00f6l\u00f6n Rotaryklubi\",\"description\":\"Uusi Rotary klubisivusto\",\"potentialAction\":[{\"@type\":\"SearchAction\",\"target\":{\"@type\":\"EntryPoint\",\"urlTemplate\":\"https:\/\/rotary.fi\/helsinkitoolo\/?s={search_term_string}\"},\"query-input\":{\"@type\":\"PropertyValueSpecification\",\"valueRequired\":true,\"valueName\":\"search_term_string\"}}],\"inLanguage\":\"fi\"}]}<\/script>\n<!-- \/ Yoast SEO plugin. -->","yoast_head_json":{"title":"Hallitus ja toimihenkil\u00f6t - Helsinki - T\u00f6\u00f6l\u00f6n Rotaryklubi","robots":{"index":"index","follow":"follow","max-snippet":"max-snippet:-1","max-image-preview":"max-image-preview:large","max-video-preview":"max-video-preview:-1"},"canonical":"https:\/\/rotary.fi\/helsinkitoolo\/keita-olemme\/hallitus-ja-toimihenkilot\/","og_locale":"fi_FI","og_type":"article","og_title":"Hallitus ja toimihenkil\u00f6t - Helsinki - T\u00f6\u00f6l\u00f6n Rotaryklubi","og_description":"TOIMIHENKIL\u00d6T 2025-2026 Teht\u00e4v\u00e4 Sukunimi Etunimi Presidentti \u2013 President Lehtisalo Vesa Tuleva presidentti &#8211; Tilltr\u00e4dande president Piiroinen Mika Varapresidentti &#8211; Vice President Rislakki Marja Edellinen presidentti &#8211; F\u00f6rutvarande president Rislakki Marja 1. Sihteeri &#8211; 1. Sekreterare Mikkola Marja 2. Sihteeri &#8211; 2. Sekreterare Prinssi Paula Rahastonhoitaja &#8211; Skattm\u00e4stare Lehto Kimmo Klubimestari &#8211; Klubbm\u00e4stare Vainio Ilkka Nuorisovaihtoasiamies [&hellip;]","og_url":"https:\/\/rotary.fi\/helsinkitoolo\/keita-olemme\/hallitus-ja-toimihenkilot\/","og_site_name":"Helsinki - T\u00f6\u00f6l\u00f6n Rotaryklubi","article_modified_time":"2025-08-27T08:25:00+00:00","twitter_card":"summary_large_image","twitter_misc":{"Arvioitu lukuaika":"1 minuutti"},"schema":{"@context":"https:\/\/schema.org","@graph":[{"@type":"WebPage","@id":"https:\/\/rotary.fi\/helsinkitoolo\/keita-olemme\/hallitus-ja-toimihenkilot\/","url":"https:\/\/rotary.fi\/helsinkitoolo\/keita-olemme\/hallitus-ja-toimihenkilot\/","name":"Hallitus ja toimihenkil\u00f6t - Helsinki - T\u00f6\u00f6l\u00f6n Rotaryklubi","isPartOf":{"@id":"https:\/\/rotary.fi\/helsinkitoolo\/#website"},"datePublished":"2018-08-10T10:59:56+00:00","dateModified":"2025-08-27T08:25:00+00:00","breadcrumb":{"@id":"https:\/\/rotary.fi\/helsinkitoolo\/keita-olemme\/hallitus-ja-toimihenkilot\/#breadcrumb"},"inLanguage":"fi","potentialAction":[{"@type":"ReadAction","target":["https:\/\/rotary.fi\/helsinkitoolo\/keita-olemme\/hallitus-ja-toimihenkilot\/"]}]},{"@type":"BreadcrumbList","@id":"https:\/\/rotary.fi\/helsinkitoolo\/keita-olemme\/hallitus-ja-toimihenkilot\/#breadcrumb","itemListElement":[{"@type":"ListItem","position":1,"name":"Home","item":"https:\/\/rotary.fi\/helsinkitoolo\/"},{"@type":"ListItem","position":2,"name":"Keit\u00e4 olemme","item":"https:\/\/rotary.fi\/helsinkitoolo\/keita-olemme\/"},{"@type":"ListItem","position":3,"name":"Hallitus ja toimihenkil\u00f6t"}]},{"@type":"WebSite","@id":"https:\/\/rotary.fi\/helsinkitoolo\/#website","url":"https:\/\/rotary.fi\/helsinkitoolo\/","name":"Helsinki - T\u00f6\u00f6l\u00f6n Rotaryklubi","description":"Uusi Rotary klubisivusto","potentialAction":[{"@type":"SearchAction","target":{"@type":"EntryPoint","urlTemplate":"https:\/\/rotary.fi\/helsinkitoolo\/?s={search_term_string}"},"query-input":{"@type":"PropertyValueSpecification","valueRequired":true,"valueName":"search_term_string"}}],"inLanguage":"fi"}]}},"lang":"fi","translations":{"fi":132,"en":1428,"sv":1569},"pll_sync_post":[],"_links":{"self":[{"href":"https:\/\/rotary.fi\/helsinkitoolo\/wp-json\/wp\/v2\/pages\/132","targetHints":{"allow":["GET"]}}],"collection":[{"href":"https:\/\/rotary.fi\/helsinkitoolo\/wp-json\/wp\/v2\/pages"}],"about":[{"href":"https:\/\/rotary.fi\/helsinkitoolo\/wp-json\/wp\/v2\/types\/page"}],"author":[{"embeddable":true,"href":"https:\/\/rotary.fi\/helsinkitoolo\/wp-json\/wp\/v2\/users\/1"}],"replies":[{"embeddable":true,"href":"https:\/\/rotary.fi\/helsinkitoolo\/wp-json\/wp\/v2\/comments?post=132"}],"version-history":[{"count":12,"href":"https:\/\/rotary.fi\/helsinkitoolo\/wp-json\/wp\/v2\/pages\/132\/revisions"}],"predecessor-version":[{"id":4037,"href":"https:\/\/rotary.fi\/helsinkitoolo\/wp-json\/wp\/v2\/pages\/132\/revisions\/4037"}],"up":[{"embeddable":true,"href":"https:\/\/rotary.fi\/helsinkitoolo\/wp-json\/wp\/v2\/pages\/129"}],"wp:attachment":[{"href":"https:\/\/rotary.fi\/helsinkitoolo\/wp-json\/wp\/v2\/media?parent=132"}],"curies":[{"name":"wp","href":"https:\/\/api.w.org\/{rel}","templated":true}]}}