{"id":77,"date":"2018-08-09T14:01:56","date_gmt":"2018-08-09T11:01:56","guid":{"rendered":"https:\/\/rotary.fi\/klubi2\/?page_id=77"},"modified":"2021-05-02T17:53:53","modified_gmt":"2021-05-02T14:53:53","slug":"mita-teemme","status":"publish","type":"page","link":"https:\/\/rotary.fi\/helsinkicitywest\/mita-teemme\/","title":{"rendered":"Mit\u00e4 teemme"},"content":{"rendered":"<p>[et_pb_section fb_built=&#8221;1&#8243; module_class=&#8221;jumbotron-page&#8221; _builder_version=&#8221;3.22&#8243; background_image=&#8221;https:\/\/rotary.fi\/helsinkicitywest\/wp-content\/uploads\/sites\/185\/2018\/08\/rotary_klubit_alasivu_paakuva_3.jpg&#8221;][et_pb_row _builder_version=&#8221;3.25&#8243; background_size=&#8221;initial&#8221; background_position=&#8221;top_left&#8221; background_repeat=&#8221;repeat&#8221;][et_pb_column type=&#8221;4_4&#8243; _builder_version=&#8221;3.25&#8243; custom_padding=&#8221;|||&#8221; custom_padding__hover=&#8221;|||&#8221;][et_pb_text admin_label=&#8221;P\u00e4\u00e4otsikko&#8221; _builder_version=&#8221;3.27.4&#8243; text_orientation=&#8221;center&#8221; background_layout=&#8221;dark&#8221;]<\/p>\n<h1>Mit\u00e4 teemme<\/h1>\n<p>[\/et_pb_text][\/et_pb_column][\/et_pb_row][\/et_pb_section][et_pb_section fb_built=&#8221;1&#8243; specialty=&#8221;on&#8221; module_class_2=&#8221;sivupalkki&#8221; _builder_version=&#8221;3.22&#8243;][et_pb_column type=&#8221;2_3&#8243; specialty_columns=&#8221;2&#8243; _builder_version=&#8221;3.25&#8243; custom_padding=&#8221;|||&#8221; custom_padding__hover=&#8221;|||&#8221;][et_pb_row_inner admin_label=&#8221;Rivi&#8221; _builder_version=&#8221;3.25&#8243;][et_pb_column_inner saved_specialty_column_type=&#8221;2_3&#8243; _builder_version=&#8221;3.25&#8243; custom_padding=&#8221;|||&#8221; custom_padding__hover=&#8221;|||&#8221;][et_pb_text admin_label=&#8221;Otsikko&#8221; _builder_version=&#8221;3.27.4&#8243; text_orientation=&#8221;center&#8221;]<\/p>\n<h1>Mit\u00e4 teemme<\/h1>\n<p>[\/et_pb_text][et_pb_text _builder_version=&#8221;3.27.4&#8243;]<\/p>\n<p>Rotarina sinulla on mahdollisuus toimia, vaikuttaa ja tehd\u00e4 hyv\u00e4\u00e4. Lis\u00e4ksi saat mahtavan sosiaalisen verkoston ja elinik\u00e4isi\u00e4 yst\u00e4vi\u00e4 niin kotipaikkakunnaltasi kuin maailmanlaajuisesti. Voit my\u00f6s verkottua oman harrastuksesi jakavien muiden rotareiden kanssa rotareiden moninaisissa kansainv\u00e4lisiss\u00e4 harrastusryhmiss\u00e4.<\/p>\n<p>Rotaryklubit kokoontuvat joko viikoittain tai rotaryklubin harkinnan mukaisesti harvemmin. Toteutamme palveluprojekteja ja tuemme humanitaarisia projekteja koordinoivaa Rotarys\u00e4\u00e4ti\u00f6t\u00e4. Saamme viikkokokouksissamme kuulla mielenkiintoisia esitelmi\u00e4. Koulutamme j\u00e4seni\u00e4mme eri teht\u00e4viss\u00e4 toimimisen kautta ja kehit\u00e4mme heid\u00e4n eettist\u00e4 johtajuuttaan.<\/p>\n<p>Haluamme rotareina vaikuttaa ajankohtaisiin haasteisiin. Tartumme toimeen pysyvien muutosten aikaansaamiseksi \u2013 ymp\u00e4ri maapalloa, yhteis\u00f6iss\u00e4mme ja itsess\u00e4mme.<\/p>\n<p>&nbsp;<\/p>\n<p>&nbsp;<\/p>\n<p>&nbsp;<\/p>\n<h4 style=\"text-align: center\">STRATEGIA 2021-2025<\/h4>\n<p>&nbsp;<\/p>\n<p><strong><span style=\"font-family: inherit\">TAUSTA<\/span><\/strong><\/p>\n<p>Rotarypiiriin 1420 kuuluva\u00a0 Helsinki City West Rotaryklubi on perustettu 1998. Klubin j\u00e4senm\u00e4\u00e4r\u00e4 on vaihdellut 20 ja 40 j\u00e4senen v\u00e4lill\u00e4 ja on 25 vuonna 2020. Klubi ottaa j\u00e4senikseen t\u00e4ysi-ik\u00e4isi\u00e4, hyv\u00e4maineisia eri ammattialoja edustavia henkil\u00f6it\u00e4. <br \/>Klubi on toteuttanut kokoonsa n\u00e4hden vaativia humanitaarisia projekteja, esim. Ruanda I-III. <br \/>Klubin j\u00e4seni\u00e4 on osallistunut sek\u00e4 piirin ett\u00e4 monipiiriorganisaation teht\u00e4vien hoitoon.<br \/>Klubi on aktiivinen nuorisovaihdossa ja panostaa projekteissaan usein nuoriin.<\/p>\n<p>&nbsp;<\/p>\n<p>Klubin toimintatapa on yhteis\u00f6llinen ja se suhtautuu uusiin asioihin ja haasteisiin ratkaisukeskeisesti.<\/p>\n<p>Toimintavuosien aikana kokouspaikka on vaihtunut useasti, mik\u00e4 on muokannut klubia joustavaksi ja ketter\u00e4ksi.<\/p>\n<p>Klubin kantavia arvoja Rotaryn ydinarvojen ohessa ovat avoimuus, kunnioitus, rohkeus ja uskallus.\u00a0<\/p>\n<p><strong><span style=\"font-family: inherit\"><\/span><\/strong><\/p>\n<p><strong><span style=\"font-family: inherit\"><\/span><\/strong><\/p>\n<p><strong><span style=\"font-family: inherit\">VISIO<\/span><\/strong><\/p>\n<p>Klubi toimii Rotaryn tunnuslauseen Palvelu itsekkyyden edelle &#8211; Service Above Self\u00a0 hengess\u00e4 ja kasvattaa toiminnallaan hyv\u00e4\u00e4 niin Rotary j\u00e4rjest\u00f6ss\u00e4, maailmassa, toiminta-alueellamme kuin klubin sis\u00e4ll\u00e4. <br \/>Jokainen klubin j\u00e4sen on ylpe\u00e4 klubistamme ja haluaa pysy\u00e4 sen j\u00e4senen\u00e4.<\/p>\n<p>&nbsp;<\/p>\n<p><strong><span style=\"font-family: inherit\">TOIMINTA-AJATUS<\/span><\/strong><\/p>\n<p>Klubi on yksi Rotaryliikkeen (Rotary International) perussoluista ja sen teht\u00e4v\u00e4 on omalta osaltaan toteuttaa Rotaryn tavoitteita.<\/p>\n<p>&nbsp;<\/p>\n<p><strong><span style=\"font-family: inherit\">TAVOITTEET<\/span><\/strong><\/p>\n<ul>\n<li>Turvata Klubin jatkuvuus ja elinvoimaisuus.<\/li>\n<li>Vaikuttaa klubin ymp\u00e4rist\u00f6\u00f6n ja tukikohteisiin Rotaryn toiminta-ajatuksen mukaisesti.<\/li>\n<li>Kohdistaa toimintaa erityisesti nuoriin ja ilmastoon.<\/li>\n<li>Lis\u00e4t\u00e4 klubin toimintaymp\u00e4rist\u00f6ss\u00e4 Rotaryn tunnettuutta palveluj\u00e4rjest\u00f6n\u00e4 ja globaaleihin ongelmiin tarttujana (End Polio, puhdas vesi jne.).<\/li>\n<\/ul>\n<p>&nbsp;<\/p>\n<p><strong><span style=\"font-family: inherit\">KEINOT<\/span><\/strong><\/p>\n<ul>\n<li>J\u00e4senist\u00f6n sitouttaminen klubin toimintaan.<\/li>\n<li>Uusien j\u00e4senten perehdytt\u00e4miseen panostaminen.<\/li>\n<li>Klubikokousten kutsuvan ilmapiirin yll\u00e4pito sellaisena, ett\u00e4 kokoukset virkist\u00e4v\u00e4t ja voimaannuttavat osallistujia.<\/li>\n<li>Klubin tiedonkulkuun panostaminen.<\/li>\n<li>Hallittu j\u00e4senlis\u00e4ys.<\/li>\n<li>Aktiivinen varainhankinta.<\/li>\n<li>Aktiivinen yhteisty\u00f6 piirin muiden klubien kanssa.<\/li>\n<li>Aktiivinen osallistuminen nuorisovaihtoon.<\/li>\n<li>Aktiivinen pyrkiminen piirin teht\u00e4viin ja niiden hyv\u00e4 hoitaminen.<\/li>\n<li>Digiloikka toiminnassa.<\/li>\n<li>Oivaltava tukikohteiden valinta.<\/li>\n<li>Hallittu projektien hallinta ja toteuttaminen.<\/li>\n<\/ul>\n<p>&nbsp;<\/p>\n<p>Vahvistettu kev\u00e4tkokouksessa\u00a0 12.4.2021<\/p>\n<p>[\/et_pb_text][\/et_pb_column_inner][\/et_pb_row_inner][\/et_pb_column][et_pb_column type=&#8221;1_3&#8243; _builder_version=&#8221;3.25&#8243; custom_padding=&#8221;|||&#8221; custom_padding__hover=&#8221;|||&#8221;][et_pb_sidebar area=&#8221;sidebar-1&#8243; module_class=&#8221;sivupalkki_sisalto&#8221; _builder_version=&#8221;3.4.1&#8243; locked=&#8221;on&#8221;][\/et_pb_sidebar][\/et_pb_column][\/et_pb_section]<\/p>\n","protected":false},"excerpt":{"rendered":"<p>Mit\u00e4 teemme Mit\u00e4 teemme Rotarina sinulla on mahdollisuus toimia, vaikuttaa ja tehd\u00e4 hyv\u00e4\u00e4. Lis\u00e4ksi saat mahtavan sosiaalisen verkoston ja elinik\u00e4isi\u00e4 yst\u00e4vi\u00e4 niin kotipaikkakunnaltasi kuin maailmanlaajuisesti. Voit my\u00f6s verkottua oman harrastuksesi jakavien muiden rotareiden kanssa rotareiden moninaisissa kansainv\u00e4lisiss\u00e4 harrastusryhmiss\u00e4. Rotaryklubit kokoontuvat joko viikoittain tai rotaryklubin harkinnan mukaisesti harvemmin. Toteutamme palveluprojekteja ja tuemme humanitaarisia projekteja koordinoivaa Rotarys\u00e4\u00e4ti\u00f6t\u00e4. [&hellip;]<\/p>\n","protected":false},"author":1,"featured_media":0,"parent":0,"menu_order":0,"comment_status":"closed","ping_status":"closed","template":"","meta":{"_acf_changed":false,"_et_pb_use_builder":"on","_et_pb_old_content":"","_et_gb_content_width":"","footnotes":""},"class_list":["post-77","page","type-page","status-publish","hentry"],"acf":[],"yoast_head":"<!-- This site is optimized with the Yoast SEO plugin v27.0 - https:\/\/yoast.com\/product\/yoast-seo-wordpress\/ -->\n<title>Mit\u00e4 teemme - Helsinki City West<\/title>\n<meta name=\"robots\" content=\"index, follow, max-snippet:-1, max-image-preview:large, max-video-preview:-1\" \/>\n<link rel=\"canonical\" href=\"https:\/\/rotary.fi\/helsinkicitywest\/mita-teemme\/\" \/>\n<meta property=\"og:locale\" content=\"fi_FI\" \/>\n<meta property=\"og:type\" content=\"article\" \/>\n<meta property=\"og:title\" content=\"Mit\u00e4 teemme - Helsinki City West\" \/>\n<meta property=\"og:description\" content=\"Mit\u00e4 teemme Mit\u00e4 teemme Rotarina sinulla on mahdollisuus toimia, vaikuttaa ja tehd\u00e4 hyv\u00e4\u00e4. Lis\u00e4ksi saat mahtavan sosiaalisen verkoston ja elinik\u00e4isi\u00e4 yst\u00e4vi\u00e4 niin kotipaikkakunnaltasi kuin maailmanlaajuisesti. Voit my\u00f6s verkottua oman harrastuksesi jakavien muiden rotareiden kanssa rotareiden moninaisissa kansainv\u00e4lisiss\u00e4 harrastusryhmiss\u00e4. Rotaryklubit kokoontuvat joko viikoittain tai rotaryklubin harkinnan mukaisesti harvemmin. Toteutamme palveluprojekteja ja tuemme humanitaarisia projekteja koordinoivaa Rotarys\u00e4\u00e4ti\u00f6t\u00e4. [&hellip;]\" \/>\n<meta property=\"og:url\" content=\"https:\/\/rotary.fi\/helsinkicitywest\/mita-teemme\/\" \/>\n<meta property=\"og:site_name\" content=\"Helsinki City West\" \/>\n<meta property=\"article:modified_time\" content=\"2021-05-02T14:53:53+00:00\" \/>\n<meta name=\"twitter:card\" content=\"summary_large_image\" \/>\n<meta name=\"twitter:label1\" content=\"Arvioitu lukuaika\" \/>\n\t<meta name=\"twitter:data1\" content=\"3 minuuttia\" \/>\n<script type=\"application\/ld+json\" class=\"yoast-schema-graph\">{\"@context\":\"https:\/\/schema.org\",\"@graph\":[{\"@type\":\"WebPage\",\"@id\":\"https:\/\/rotary.fi\/helsinkicitywest\/mita-teemme\/\",\"url\":\"https:\/\/rotary.fi\/helsinkicitywest\/mita-teemme\/\",\"name\":\"Mit\u00e4 teemme - Helsinki City West\",\"isPartOf\":{\"@id\":\"https:\/\/rotary.fi\/helsinkicitywest\/#website\"},\"datePublished\":\"2018-08-09T11:01:56+00:00\",\"dateModified\":\"2021-05-02T14:53:53+00:00\",\"breadcrumb\":{\"@id\":\"https:\/\/rotary.fi\/helsinkicitywest\/mita-teemme\/#breadcrumb\"},\"inLanguage\":\"fi\",\"potentialAction\":[{\"@type\":\"ReadAction\",\"target\":[\"https:\/\/rotary.fi\/helsinkicitywest\/mita-teemme\/\"]}]},{\"@type\":\"BreadcrumbList\",\"@id\":\"https:\/\/rotary.fi\/helsinkicitywest\/mita-teemme\/#breadcrumb\",\"itemListElement\":[{\"@type\":\"ListItem\",\"position\":1,\"name\":\"Home\",\"item\":\"https:\/\/rotary.fi\/helsinkicitywest\/\"},{\"@type\":\"ListItem\",\"position\":2,\"name\":\"Mit\u00e4 teemme\"}]},{\"@type\":\"WebSite\",\"@id\":\"https:\/\/rotary.fi\/helsinkicitywest\/#website\",\"url\":\"https:\/\/rotary.fi\/helsinkicitywest\/\",\"name\":\"Helsinki City West\",\"description\":\"Uusi Rotary klubisivusto\",\"potentialAction\":[{\"@type\":\"SearchAction\",\"target\":{\"@type\":\"EntryPoint\",\"urlTemplate\":\"https:\/\/rotary.fi\/helsinkicitywest\/?s={search_term_string}\"},\"query-input\":{\"@type\":\"PropertyValueSpecification\",\"valueRequired\":true,\"valueName\":\"search_term_string\"}}],\"inLanguage\":\"fi\"}]}<\/script>\n<!-- \/ Yoast SEO plugin. -->","yoast_head_json":{"title":"Mit\u00e4 teemme - Helsinki City West","robots":{"index":"index","follow":"follow","max-snippet":"max-snippet:-1","max-image-preview":"max-image-preview:large","max-video-preview":"max-video-preview:-1"},"canonical":"https:\/\/rotary.fi\/helsinkicitywest\/mita-teemme\/","og_locale":"fi_FI","og_type":"article","og_title":"Mit\u00e4 teemme - Helsinki City West","og_description":"Mit\u00e4 teemme Mit\u00e4 teemme Rotarina sinulla on mahdollisuus toimia, vaikuttaa ja tehd\u00e4 hyv\u00e4\u00e4. Lis\u00e4ksi saat mahtavan sosiaalisen verkoston ja elinik\u00e4isi\u00e4 yst\u00e4vi\u00e4 niin kotipaikkakunnaltasi kuin maailmanlaajuisesti. Voit my\u00f6s verkottua oman harrastuksesi jakavien muiden rotareiden kanssa rotareiden moninaisissa kansainv\u00e4lisiss\u00e4 harrastusryhmiss\u00e4. Rotaryklubit kokoontuvat joko viikoittain tai rotaryklubin harkinnan mukaisesti harvemmin. Toteutamme palveluprojekteja ja tuemme humanitaarisia projekteja koordinoivaa Rotarys\u00e4\u00e4ti\u00f6t\u00e4. [&hellip;]","og_url":"https:\/\/rotary.fi\/helsinkicitywest\/mita-teemme\/","og_site_name":"Helsinki City West","article_modified_time":"2021-05-02T14:53:53+00:00","twitter_card":"summary_large_image","twitter_misc":{"Arvioitu lukuaika":"3 minuuttia"},"schema":{"@context":"https:\/\/schema.org","@graph":[{"@type":"WebPage","@id":"https:\/\/rotary.fi\/helsinkicitywest\/mita-teemme\/","url":"https:\/\/rotary.fi\/helsinkicitywest\/mita-teemme\/","name":"Mit\u00e4 teemme - Helsinki City West","isPartOf":{"@id":"https:\/\/rotary.fi\/helsinkicitywest\/#website"},"datePublished":"2018-08-09T11:01:56+00:00","dateModified":"2021-05-02T14:53:53+00:00","breadcrumb":{"@id":"https:\/\/rotary.fi\/helsinkicitywest\/mita-teemme\/#breadcrumb"},"inLanguage":"fi","potentialAction":[{"@type":"ReadAction","target":["https:\/\/rotary.fi\/helsinkicitywest\/mita-teemme\/"]}]},{"@type":"BreadcrumbList","@id":"https:\/\/rotary.fi\/helsinkicitywest\/mita-teemme\/#breadcrumb","itemListElement":[{"@type":"ListItem","position":1,"name":"Home","item":"https:\/\/rotary.fi\/helsinkicitywest\/"},{"@type":"ListItem","position":2,"name":"Mit\u00e4 teemme"}]},{"@type":"WebSite","@id":"https:\/\/rotary.fi\/helsinkicitywest\/#website","url":"https:\/\/rotary.fi\/helsinkicitywest\/","name":"Helsinki City West","description":"Uusi Rotary klubisivusto","potentialAction":[{"@type":"SearchAction","target":{"@type":"EntryPoint","urlTemplate":"https:\/\/rotary.fi\/helsinkicitywest\/?s={search_term_string}"},"query-input":{"@type":"PropertyValueSpecification","valueRequired":true,"valueName":"search_term_string"}}],"inLanguage":"fi"}]}},"lang":"fi","translations":{"fi":77},"pll_sync_post":[],"_links":{"self":[{"href":"https:\/\/rotary.fi\/helsinkicitywest\/wp-json\/wp\/v2\/pages\/77","targetHints":{"allow":["GET"]}}],"collection":[{"href":"https:\/\/rotary.fi\/helsinkicitywest\/wp-json\/wp\/v2\/pages"}],"about":[{"href":"https:\/\/rotary.fi\/helsinkicitywest\/wp-json\/wp\/v2\/types\/page"}],"author":[{"embeddable":true,"href":"https:\/\/rotary.fi\/helsinkicitywest\/wp-json\/wp\/v2\/users\/1"}],"replies":[{"embeddable":true,"href":"https:\/\/rotary.fi\/helsinkicitywest\/wp-json\/wp\/v2\/comments?post=77"}],"version-history":[{"count":8,"href":"https:\/\/rotary.fi\/helsinkicitywest\/wp-json\/wp\/v2\/pages\/77\/revisions"}],"predecessor-version":[{"id":1727,"href":"https:\/\/rotary.fi\/helsinkicitywest\/wp-json\/wp\/v2\/pages\/77\/revisions\/1727"}],"wp:attachment":[{"href":"https:\/\/rotary.fi\/helsinkicitywest\/wp-json\/wp\/v2\/media?parent=77"}],"curies":[{"name":"wp","href":"https:\/\/api.w.org\/{rel}","templated":true}]}}