{"id":156,"date":"2018-08-13T09:46:59","date_gmt":"2018-08-13T06:46:59","guid":{"rendered":"https:\/\/rotary.fi\/helsinkicitywest\/?page_id=156"},"modified":"2021-03-28T22:26:26","modified_gmt":"2021-03-28T19:26:26","slug":"projektit","status":"publish","type":"page","link":"https:\/\/rotary.fi\/helsinkicitywest\/mita-teemme\/projektit\/","title":{"rendered":"Projektit"},"content":{"rendered":"<p>[et_pb_section fb_built=&#8221;1&#8243; module_class=&#8221;jumbotron-page&#8221; _builder_version=&#8221;3.22&#8243; background_image=&#8221;https:\/\/rotary.fi\/helsinkicitywest\/wp-content\/uploads\/sites\/185\/2018\/08\/rotary_klubit_alasivu_paakuva_5.jpg&#8221;][et_pb_row _builder_version=&#8221;3.25&#8243; background_size=&#8221;initial&#8221; background_position=&#8221;top_left&#8221; background_repeat=&#8221;repeat&#8221;][et_pb_column type=&#8221;4_4&#8243; _builder_version=&#8221;3.25&#8243; custom_padding=&#8221;|||&#8221; custom_padding__hover=&#8221;|||&#8221;][et_pb_text admin_label=&#8221;P\u00e4\u00e4otsikko&#8221; _builder_version=&#8221;3.27.4&#8243; text_orientation=&#8221;center&#8221; background_layout=&#8221;dark&#8221;]<\/p>\n<h1>Projektit<\/h1>\n<p>[\/et_pb_text][\/et_pb_column][\/et_pb_row][\/et_pb_section][et_pb_section fb_built=&#8221;1&#8243; specialty=&#8221;on&#8221; module_class_2=&#8221;sivupalkki&#8221; _builder_version=&#8221;3.22&#8243;][et_pb_column type=&#8221;2_3&#8243; specialty_columns=&#8221;2&#8243; _builder_version=&#8221;3.25&#8243; custom_padding=&#8221;|||&#8221; parallax__hover=&#8221;off&#8221; parallax_method__hover=&#8221;on&#8221; custom_padding__hover=&#8221;|||&#8221;][et_pb_row_inner admin_label=&#8221;Rivi&#8221; _builder_version=&#8221;3.25&#8243;][et_pb_column_inner saved_specialty_column_type=&#8221;2_3&#8243; _builder_version=&#8221;3.25&#8243; custom_padding=&#8221;|||&#8221; parallax__hover=&#8221;off&#8221; parallax_method__hover=&#8221;on&#8221; custom_padding__hover=&#8221;|||&#8221;][et_pb_text admin_label=&#8221;Projektit &#8211; Otsikko&#8221; _builder_version=&#8221;3.27.4&#8243; text_orientation=&#8221;center&#8221;]<\/p>\n<h1>Projektit<\/h1>\n<p>[\/et_pb_text][et_pb_text _builder_version=&#8221;4.4.8&#8243; custom_padding=&#8221;|||7px||&#8221;]<\/p>\n<p>&nbsp;<\/p>\n<h3>Paikalliset projektit<\/h3>\n<p><span><\/span><\/p>\n<p><span><\/span><\/p>\n<h4><span>Mieskaveritoiminta<\/span><\/h4>\n<p>Helsinki City West Rotaryklubi on vuodesta 2006 alkaen tukenut Ensi- ja turvakotien liittoon kuuluvan Pienperheyhdityksen Mieskaveritoimintaa.<\/p>\n<p>Mieskaveritoiminta on vapaaehtoistoimintaa, jossa aikuiset miehet ovat kavereina yksin lastaan kasvattavien \u00e4itien lapsille, joilla ei ole yhteytt\u00e4 omaan is\u00e4\u00e4ns\u00e4 tai muihin miehiin. Toiminnan tavoitteena on antaa lapselle mahdollisuus tutustua aikuisen miehen arkeen ja el\u00e4m\u00e4\u00e4n. V\u00e4litt\u00e4vi\u00e4 aikuisia ei ole koskaan liikaa lapsen el\u00e4m\u00e4ss\u00e4. Perheen turvaverkostoa laajentamalla my\u00f6s yksin lastaan kasvattavan \u00e4idin jaksaminen helpottuu.<\/p>\n<p>Mieskaverit ja lapset tapaavat toisiaan keskim\u00e4\u00e4rin 2\u20134 kertaa kuukaudessa. Kaveruudelle ei ole s\u00e4\u00e4nt\u00f6j\u00e4, vaan jokaisesta kaverisuhteesta muodostuu omanlaisensa. T\u00e4rkeint\u00e4 on, ett\u00e4 toiminta on kaikille osapuolille kivaa!<\/p>\n<p>Yhteisty\u00f6mme aikana toiminta on laajentunut Helsingist\u00e4 Uudellemaalle, Kuopioon, Ouluun, P\u00e4j\u00e4t-H\u00e4meeseen, Tampereelle, Turkuun ja Vaasaan.<\/p>\n<h4><span>Ruoholahden ala-aste kirjoituskilpailu<\/span><\/h4>\n<p><span>Helsinki City West Rotaryklubi on j\u00e4rjest\u00e4nyt vuosittain Ruoholahden alakoululun kuudensille luokille kirjoituskilpailun Rotaryn arvoihin liittyvist\u00e4 aiheista. Vuonna 2019 aiheena oli Onnellinen tulevaisuus ja kirjoituksissa k\u00e4siteltiin laajasti ilmaston muutoksen vaikutuksia tulevaisuuden el\u00e4m\u00e4ntapaan. Parhaat kirjoittajat palkitaan stipendill\u00e4. Vuonna 2020 kirjoituskilpailua ei poikkeusolojen vuoksi valitettavasti voitu j\u00e4rjest\u00e4\u00e4. T\u00e4m\u00e4n vuoden aiheena on Unelmieni yhteiskunta.<\/span><\/p>\n<p><span><\/span><\/p>\n<h3>Kansainv\u00e4liset projektit<\/h3>\n<p>&nbsp;<\/p>\n<h4><span>Sairaalatarvikkeita Ruandaan<\/span><\/h4>\n<p><span>Helsinki City West Rotaryklubi on inventoinut sairaalatarvikkeita, kirurgisia instrumentteja sek\u00e4 laitteita ja toimittanut niit\u00e4 Ruandaan But\u00e1ren yliopistolliseen sairaalaan kolmessa eri Matching Grant -projektissa (2012-2013, 2013-2014 sek\u00e4 2015-2016 ). Meneill\u00e4\u00e4n on Ruanda IV-projekti.<\/span><\/p>\n<h4><span>Naisten Pankin tukeminen<\/span><\/h4>\n<p><span>Helsinki City West Rotaryklubi on vuodesta 2017 alkaen j\u00e4rjest\u00e4nyt vuosittain Naisten Pankin hyv\u00e4ksi K\u00e4vele naiselle ammatti -ker\u00e4ysk\u00e4velyn. Ker\u00e4\u00e4mill\u00e4mme varoilla jo 55 kehitysmaiden naista on saanut mahdollisuuden uuteen ammattiin.<\/span><\/p>\n<h4><span>Zimbabwen Aids-orvot ry:n tukeminen<\/span><\/h4>\n<p><span>Helsinki City West Rotaryklubi on vuodesta 2013 tukenut Zimbabwen Aids-orvot ry:t\u00e4 ottamalla kummilapsia, joiden koulunk\u00e4ynti\u00e4 on rahoitettu. Yksi kummilapsistamme on edennyt yliopisto-opintojen aloitusvaiheeseen.<\/span><\/p>\n<p><span><img loading=\"lazy\" decoding=\"async\" src=\"https:\/\/rotary.fi\/helsinkicitywest\/wp-content\/uploads\/sites\/185\/2021\/03\/lapset-300x200.png\" width=\"300\" height=\"200\" alt=\"\" class=\"wp-image-1707 alignnone size-medium\" \/><\/span><\/p>\n<p><b><span>Zimbabwen lapset kouluun<\/span><\/b><b><span><\/span><\/b><\/p>\n<p><span>Vuonna 1980 itsen\u00e4istynyt Zimbabwe sijaitsee etel\u00e4isess\u00e4 Afrikassa ja\u00a0asukasluku on noin 13 miljoonaa. YK arvioi, ett\u00e4 yli 70 prosenttia v\u00e4est\u00f6st\u00e4 el\u00e4\u00e4 k\u00f6yhyysrajan alapuolella ja elini\u00e4nodote\u00a0on\u00a0noin 40 vuotta.\u00a0AIDS-epidemia on\u00a0laajalle levinnyt Zimbabwessa.\u00a0Noin 15 %\u00a0aikuisv\u00e4est\u00f6st\u00e4 arvioidaan kantavan HI-virusta ja HIV-positiivisia on kaikkiaan noin 1,2 miljoonaa. Lapsista yli 20 prosenttia on menett\u00e4nyt ainakin toisen vanhemmistaan AIDSin vuoksi ja maassa on noin miljoona AIDS-orpoa. Kolmasosa AIDS-orvoista asuu orpokodeissa, mutta noin kaksi kolmasosaa sukulaisten tai muiden aikuisten kanssa. Niill\u00e4 lapsilla, jotka asuvat orpokotien ulkopuolella, on yleens\u00e4 vaikeuksia k\u00e4yd\u00e4 koulua ja saada opetusta s\u00e4\u00e4nn\u00f6llisesti.<\/span><span>\u00a0Itsen\u00e4istymisest\u00e4 asti Zimbabwe on panostanut koulutukseen kovasti. 1970-luvulla vain puolet mustista lapsista k\u00e4vi koulua, mutta nykyisin suurin osa lapsista k\u00e4y ala-astetta siit\u00e4 huolimatta, ett\u00e4 koulutus on maksullista. Yksityisiss\u00e4 ja kirkkojen yll\u00e4pit\u00e4miss\u00e4 kouluissa on korkeammat maksut ja parempi varustelutaso kuin valtion kouluissa. Valtio yll\u00e4pit\u00e4\u00e4 seitsem\u00e4\u00e4 yliopistoa, joista suurimmat ovat\u00a0<\/span><span><a href=\"https:\/\/urldefense.proofpoint.com\/v2\/url?u=https-3A__fi.wikipedia.org_w_index.php-3Ftitle-3DZimbabwen-5Fyliopisto-26action-3Dedit-26redlink-3D1&amp;d=DwMFAw&amp;c=jOURTkCZzT8tVB5xPEYIm3YJGoxoTaQsQPzPKJGaWbo&amp;r=blavj27CHmzHkTIdHjglOdNl1FQ6Ne8bXmkRevNvni4&amp;m=5N10oF4ic5nxRWGBxFv0XHQt9ZaChpFMlt66gMHMrO0&amp;s=1bDrRBV_jwFNcAk-PxMQ2kZ82nQCwUPy7rGhSfIs1XA&amp;e=\" target=\"_blank\" rel=\"noopener noreferrer\" data-auth=\"NotApplicable\" title=\"Zimbabwen yliopisto (sivua ei ole)\" data-linkindex=\"0\">Zimbabwen yliopisto\u00a0[fi.wikipedia.org]<\/a>\u00a0Hararessa ja Teknillis-luonnontieteellinen yliopisto Bulawayossa. Kirkot yll\u00e4pit\u00e4v\u00e4t kolmea yliopistoa. Maassa toimii my\u00f6s useita ammattikorkeakouluja, joista valmistuu opettajia, sairaanhoitajia ja insin\u00f6\u00f6rej\u00e4<\/span><span><\/span><\/p>\n<p><span><b>Zimbabwen Aids-orvot ry on suomalaisten perustama, poliittisesti ja uskonnollisesti sitoutumaton yhdistys.<\/b>\u00a0<\/span><\/p>\n<p><span>Toiminta on jatkunut pitk\u00e4j\u00e4nteisesti jo yli 25 vuotta.\u00a0Yhdistys tukee 400 orpolapsen koulunk\u00e4ynti\u00e4 ja hyvinvointia\u00a0Hararen k\u00f6yh\u00e4ss\u00e4 l\u00e4hi\u00f6ss\u00e4, Dzivarasekwassa, jonne on rakennettu monipuolinen toimintakeskus. Zimbabwessa k\u00e4yt\u00e4nn\u00f6n toiminnasta vastaa\u00a0<a href=\"https:\/\/urldefense.proofpoint.com\/v2\/url?u=https-3A__zimorvot.org_zimbabwessa_&amp;d=DwMFAw&amp;c=jOURTkCZzT8tVB5xPEYIm3YJGoxoTaQsQPzPKJGaWbo&amp;r=blavj27CHmzHkTIdHjglOdNl1FQ6Ne8bXmkRevNvni4&amp;m=5N10oF4ic5nxRWGBxFv0XHQt9ZaChpFMlt66gMHMrO0&amp;s=PQjOWz3Y8l3j6cGLNwOILMJKuuptdHlLUil5QQLsGfU&amp;e=\" target=\"_blank\" rel=\"noopener noreferrer\" data-auth=\"NotApplicable\" data-linkindex=\"1\">Dzikwa Trust\u00a0-s\u00e4\u00e4ti\u00f6\u00a0[zimorvot.org]<\/a>, jonka palveluksessa toimii pieni palkattu henkil\u00f6st\u00f6. Suomessa yhdistyksen toiminta perustuu vapaaehtoisty\u00f6h\u00f6n ja kent\u00e4ll\u00e4 se on suomalaisten perustajien Seppo Ainamon ja Oili Wuolteen k\u00e4siss\u00e4. Mukana on aina my\u00f6s muita vapaaehtoisia ja opiskelijoita ty\u00f6harjoittelussa.<\/span><\/p>\n<p><span>Helsinki City West Rotariklubi p\u00e4\u00e4tti kokouksessaan 14.1.2013 ottaa kaksi tytt\u00f6\u00e4 kummityt\u00f6iksi<b>, Precious Kofin<\/b>\u00a0(s.v.2004) ja\u00a0<b>Moreblessing Chiwisan<\/b>\u00a0(s.v.1998, kuvassa 14 -vuotiaana).<\/span><\/p>\n<p><span><img loading=\"lazy\" decoding=\"async\" src=\"https:\/\/rotary.fi\/helsinkicitywest\/wp-content\/uploads\/sites\/185\/2021\/03\/moreblessing-chiwisan-1-260x300.png\" width=\"260\" height=\"300\" alt=\"\" class=\"wp-image-1697 alignnone size-medium\" srcset=\"https:\/\/rotary.fi\/helsinkicitywest\/wp-content\/uploads\/sites\/185\/2021\/03\/moreblessing-chiwisan-1-260x300.png 260w, https:\/\/rotary.fi\/helsinkicitywest\/wp-content\/uploads\/sites\/185\/2021\/03\/moreblessing-chiwisan-1.png 455w\" sizes=\"(max-width: 260px) 100vw, 260px\" \/><\/span><\/p>\n<p><span>Precious Kofi lopetti koulunk\u00e4ynnin my\u00f6hemmin, mutta<b>\u00a0Moreblessing Chiwisan koulutuksen tukeminen jatkuu edelleen. \u00a0Koulutus Zimbabwessa on kallista ja ilman tukea ammattiin t\u00e4ht\u00e4\u00e4v\u00e4n tutkinnon suorittaminen olisi mahdotonta.\u00a0<\/b><\/span>Rahaa tarvitaan pakollisiin lukukausimaksuihin, koulupukuihin ja koulutarvikkeisiin. Yhdistyksen ker\u00e4\u00e4mill\u00e4 varoilla katetaan my\u00f6s ruokailuun ja muuhun hyvinvointiin sek\u00e4 tukiopetukseen ja virkistystoimintaan liittyvi\u00e4 kuluja. Eiran Rotariklubi on my\u00f6s liittynyt tukemaan omalla osuudellaan t\u00e4t\u00e4 projektia.<\/p>\n<h4><span>Nuorisovaihto<\/span><\/h4>\n<p><span>Nuorisovaihto on Rotaryn tunnetuimpia toimintamuotoja. Yhteisvoimin kahden tai kolmen muun rotaryklubin kanssa Helsinki City West Rotaryklubi vastaanottaa vuosittain yhden vaihto-oppilaan ja l\u00e4hett\u00e4\u00e4 vaihtoon yhden nuoren.<\/span><\/p>\n<p><strong><\/strong><\/p>\n<p>[\/et_pb_text][\/et_pb_column_inner][\/et_pb_row_inner][\/et_pb_column][et_pb_column type=&#8221;1_3&#8243; module_class=&#8221;sivupalkki&#8221; _builder_version=&#8221;3.25&#8243; custom_padding=&#8221;|||&#8221; parallax__hover=&#8221;off&#8221; parallax_method__hover=&#8221;on&#8221; module_class__hover=&#8221;sivupalkki&#8221; custom_padding__hover=&#8221;|||&#8221;][et_pb_sidebar area=&#8221;sidebar-1&#8243; module_class=&#8221;sivupalkki_sisalto&#8221; _builder_version=&#8221;3.4.1&#8243; locked=&#8221;on&#8221;][\/et_pb_sidebar][\/et_pb_column][\/et_pb_section]<\/p>\n","protected":false},"excerpt":{"rendered":"<p>Projektit Projektit &nbsp; Paikalliset projektit Mieskaveritoiminta Helsinki City West Rotaryklubi on vuodesta 2006 alkaen tukenut Ensi- ja turvakotien liittoon kuuluvan Pienperheyhdityksen Mieskaveritoimintaa. Mieskaveritoiminta on vapaaehtoistoimintaa, jossa aikuiset miehet ovat kavereina yksin lastaan kasvattavien \u00e4itien lapsille, joilla ei ole yhteytt\u00e4 omaan is\u00e4\u00e4ns\u00e4 tai muihin miehiin. Toiminnan tavoitteena on antaa lapselle mahdollisuus tutustua aikuisen miehen arkeen ja [&hellip;]<\/p>\n","protected":false},"author":1,"featured_media":0,"parent":77,"menu_order":0,"comment_status":"closed","ping_status":"closed","template":"","meta":{"_acf_changed":false,"_et_pb_use_builder":"on","_et_pb_old_content":"","_et_gb_content_width":"","footnotes":""},"class_list":["post-156","page","type-page","status-publish","hentry"],"acf":[],"yoast_head":"<!-- This site is optimized with the Yoast SEO plugin v27.0 - https:\/\/yoast.com\/product\/yoast-seo-wordpress\/ -->\n<title>Projektit - Helsinki City West<\/title>\n<meta name=\"robots\" content=\"index, follow, max-snippet:-1, max-image-preview:large, max-video-preview:-1\" \/>\n<link rel=\"canonical\" href=\"https:\/\/rotary.fi\/helsinkicitywest\/mita-teemme\/projektit\/\" \/>\n<meta property=\"og:locale\" content=\"fi_FI\" \/>\n<meta property=\"og:type\" content=\"article\" \/>\n<meta property=\"og:title\" content=\"Projektit - Helsinki City West\" \/>\n<meta property=\"og:description\" content=\"Projektit Projektit &nbsp; Paikalliset projektit Mieskaveritoiminta Helsinki City West Rotaryklubi on vuodesta 2006 alkaen tukenut Ensi- ja turvakotien liittoon kuuluvan Pienperheyhdityksen Mieskaveritoimintaa. Mieskaveritoiminta on vapaaehtoistoimintaa, jossa aikuiset miehet ovat kavereina yksin lastaan kasvattavien \u00e4itien lapsille, joilla ei ole yhteytt\u00e4 omaan is\u00e4\u00e4ns\u00e4 tai muihin miehiin. Toiminnan tavoitteena on antaa lapselle mahdollisuus tutustua aikuisen miehen arkeen ja [&hellip;]\" \/>\n<meta property=\"og:url\" content=\"https:\/\/rotary.fi\/helsinkicitywest\/mita-teemme\/projektit\/\" \/>\n<meta property=\"og:site_name\" content=\"Helsinki City West\" \/>\n<meta property=\"article:modified_time\" content=\"2021-03-28T19:26:26+00:00\" \/>\n<meta property=\"og:image\" content=\"https:\/\/rotary.fi\/helsinkicitywest\/wp-content\/uploads\/sites\/185\/2021\/03\/lapset-300x200.png\" \/>\n<meta name=\"twitter:card\" content=\"summary_large_image\" \/>\n<meta name=\"twitter:label1\" content=\"Arvioitu lukuaika\" \/>\n\t<meta name=\"twitter:data1\" content=\"5 minuuttia\" \/>\n<script type=\"application\/ld+json\" class=\"yoast-schema-graph\">{\"@context\":\"https:\/\/schema.org\",\"@graph\":[{\"@type\":\"WebPage\",\"@id\":\"https:\/\/rotary.fi\/helsinkicitywest\/mita-teemme\/projektit\/\",\"url\":\"https:\/\/rotary.fi\/helsinkicitywest\/mita-teemme\/projektit\/\",\"name\":\"Projektit - Helsinki City West\",\"isPartOf\":{\"@id\":\"https:\/\/rotary.fi\/helsinkicitywest\/#website\"},\"primaryImageOfPage\":{\"@id\":\"https:\/\/rotary.fi\/helsinkicitywest\/mita-teemme\/projektit\/#primaryimage\"},\"image\":{\"@id\":\"https:\/\/rotary.fi\/helsinkicitywest\/mita-teemme\/projektit\/#primaryimage\"},\"thumbnailUrl\":\"https:\/\/rotary.fi\/helsinkicitywest\/wp-content\/uploads\/sites\/185\/2021\/03\/lapset-300x200.png\",\"datePublished\":\"2018-08-13T06:46:59+00:00\",\"dateModified\":\"2021-03-28T19:26:26+00:00\",\"breadcrumb\":{\"@id\":\"https:\/\/rotary.fi\/helsinkicitywest\/mita-teemme\/projektit\/#breadcrumb\"},\"inLanguage\":\"fi\",\"potentialAction\":[{\"@type\":\"ReadAction\",\"target\":[\"https:\/\/rotary.fi\/helsinkicitywest\/mita-teemme\/projektit\/\"]}]},{\"@type\":\"ImageObject\",\"inLanguage\":\"fi\",\"@id\":\"https:\/\/rotary.fi\/helsinkicitywest\/mita-teemme\/projektit\/#primaryimage\",\"url\":\"https:\/\/rotary.fi\/helsinkicitywest\/wp-content\/uploads\/sites\/185\/2021\/03\/lapset.png\",\"contentUrl\":\"https:\/\/rotary.fi\/helsinkicitywest\/wp-content\/uploads\/sites\/185\/2021\/03\/lapset.png\",\"width\":750,\"height\":499},{\"@type\":\"BreadcrumbList\",\"@id\":\"https:\/\/rotary.fi\/helsinkicitywest\/mita-teemme\/projektit\/#breadcrumb\",\"itemListElement\":[{\"@type\":\"ListItem\",\"position\":1,\"name\":\"Home\",\"item\":\"https:\/\/rotary.fi\/helsinkicitywest\/\"},{\"@type\":\"ListItem\",\"position\":2,\"name\":\"Mit\u00e4 teemme\",\"item\":\"https:\/\/rotary.fi\/helsinkicitywest\/mita-teemme\/\"},{\"@type\":\"ListItem\",\"position\":3,\"name\":\"Projektit\"}]},{\"@type\":\"WebSite\",\"@id\":\"https:\/\/rotary.fi\/helsinkicitywest\/#website\",\"url\":\"https:\/\/rotary.fi\/helsinkicitywest\/\",\"name\":\"Helsinki City West\",\"description\":\"Uusi Rotary klubisivusto\",\"potentialAction\":[{\"@type\":\"SearchAction\",\"target\":{\"@type\":\"EntryPoint\",\"urlTemplate\":\"https:\/\/rotary.fi\/helsinkicitywest\/?s={search_term_string}\"},\"query-input\":{\"@type\":\"PropertyValueSpecification\",\"valueRequired\":true,\"valueName\":\"search_term_string\"}}],\"inLanguage\":\"fi\"}]}<\/script>\n<!-- \/ Yoast SEO plugin. -->","yoast_head_json":{"title":"Projektit - Helsinki City West","robots":{"index":"index","follow":"follow","max-snippet":"max-snippet:-1","max-image-preview":"max-image-preview:large","max-video-preview":"max-video-preview:-1"},"canonical":"https:\/\/rotary.fi\/helsinkicitywest\/mita-teemme\/projektit\/","og_locale":"fi_FI","og_type":"article","og_title":"Projektit - Helsinki City West","og_description":"Projektit Projektit &nbsp; Paikalliset projektit Mieskaveritoiminta Helsinki City West Rotaryklubi on vuodesta 2006 alkaen tukenut Ensi- ja turvakotien liittoon kuuluvan Pienperheyhdityksen Mieskaveritoimintaa. Mieskaveritoiminta on vapaaehtoistoimintaa, jossa aikuiset miehet ovat kavereina yksin lastaan kasvattavien \u00e4itien lapsille, joilla ei ole yhteytt\u00e4 omaan is\u00e4\u00e4ns\u00e4 tai muihin miehiin. Toiminnan tavoitteena on antaa lapselle mahdollisuus tutustua aikuisen miehen arkeen ja [&hellip;]","og_url":"https:\/\/rotary.fi\/helsinkicitywest\/mita-teemme\/projektit\/","og_site_name":"Helsinki City West","article_modified_time":"2021-03-28T19:26:26+00:00","og_image":[{"url":"https:\/\/rotary.fi\/helsinkicitywest\/wp-content\/uploads\/sites\/185\/2021\/03\/lapset-300x200.png","type":"","width":"","height":""}],"twitter_card":"summary_large_image","twitter_misc":{"Arvioitu lukuaika":"5 minuuttia"},"schema":{"@context":"https:\/\/schema.org","@graph":[{"@type":"WebPage","@id":"https:\/\/rotary.fi\/helsinkicitywest\/mita-teemme\/projektit\/","url":"https:\/\/rotary.fi\/helsinkicitywest\/mita-teemme\/projektit\/","name":"Projektit - Helsinki City West","isPartOf":{"@id":"https:\/\/rotary.fi\/helsinkicitywest\/#website"},"primaryImageOfPage":{"@id":"https:\/\/rotary.fi\/helsinkicitywest\/mita-teemme\/projektit\/#primaryimage"},"image":{"@id":"https:\/\/rotary.fi\/helsinkicitywest\/mita-teemme\/projektit\/#primaryimage"},"thumbnailUrl":"https:\/\/rotary.fi\/helsinkicitywest\/wp-content\/uploads\/sites\/185\/2021\/03\/lapset-300x200.png","datePublished":"2018-08-13T06:46:59+00:00","dateModified":"2021-03-28T19:26:26+00:00","breadcrumb":{"@id":"https:\/\/rotary.fi\/helsinkicitywest\/mita-teemme\/projektit\/#breadcrumb"},"inLanguage":"fi","potentialAction":[{"@type":"ReadAction","target":["https:\/\/rotary.fi\/helsinkicitywest\/mita-teemme\/projektit\/"]}]},{"@type":"ImageObject","inLanguage":"fi","@id":"https:\/\/rotary.fi\/helsinkicitywest\/mita-teemme\/projektit\/#primaryimage","url":"https:\/\/rotary.fi\/helsinkicitywest\/wp-content\/uploads\/sites\/185\/2021\/03\/lapset.png","contentUrl":"https:\/\/rotary.fi\/helsinkicitywest\/wp-content\/uploads\/sites\/185\/2021\/03\/lapset.png","width":750,"height":499},{"@type":"BreadcrumbList","@id":"https:\/\/rotary.fi\/helsinkicitywest\/mita-teemme\/projektit\/#breadcrumb","itemListElement":[{"@type":"ListItem","position":1,"name":"Home","item":"https:\/\/rotary.fi\/helsinkicitywest\/"},{"@type":"ListItem","position":2,"name":"Mit\u00e4 teemme","item":"https:\/\/rotary.fi\/helsinkicitywest\/mita-teemme\/"},{"@type":"ListItem","position":3,"name":"Projektit"}]},{"@type":"WebSite","@id":"https:\/\/rotary.fi\/helsinkicitywest\/#website","url":"https:\/\/rotary.fi\/helsinkicitywest\/","name":"Helsinki City West","description":"Uusi Rotary klubisivusto","potentialAction":[{"@type":"SearchAction","target":{"@type":"EntryPoint","urlTemplate":"https:\/\/rotary.fi\/helsinkicitywest\/?s={search_term_string}"},"query-input":{"@type":"PropertyValueSpecification","valueRequired":true,"valueName":"search_term_string"}}],"inLanguage":"fi"}]}},"lang":"fi","translations":{"fi":156},"pll_sync_post":[],"_links":{"self":[{"href":"https:\/\/rotary.fi\/helsinkicitywest\/wp-json\/wp\/v2\/pages\/156","targetHints":{"allow":["GET"]}}],"collection":[{"href":"https:\/\/rotary.fi\/helsinkicitywest\/wp-json\/wp\/v2\/pages"}],"about":[{"href":"https:\/\/rotary.fi\/helsinkicitywest\/wp-json\/wp\/v2\/types\/page"}],"author":[{"embeddable":true,"href":"https:\/\/rotary.fi\/helsinkicitywest\/wp-json\/wp\/v2\/users\/1"}],"replies":[{"embeddable":true,"href":"https:\/\/rotary.fi\/helsinkicitywest\/wp-json\/wp\/v2\/comments?post=156"}],"version-history":[{"count":15,"href":"https:\/\/rotary.fi\/helsinkicitywest\/wp-json\/wp\/v2\/pages\/156\/revisions"}],"predecessor-version":[{"id":1718,"href":"https:\/\/rotary.fi\/helsinkicitywest\/wp-json\/wp\/v2\/pages\/156\/revisions\/1718"}],"up":[{"embeddable":true,"href":"https:\/\/rotary.fi\/helsinkicitywest\/wp-json\/wp\/v2\/pages\/77"}],"wp:attachment":[{"href":"https:\/\/rotary.fi\/helsinkicitywest\/wp-json\/wp\/v2\/media?parent=156"}],"curies":[{"name":"wp","href":"https:\/\/api.w.org\/{rel}","templated":true}]}}