{"id":129,"date":"2018-08-10T13:41:39","date_gmt":"2018-08-10T10:41:39","guid":{"rendered":"https:\/\/rotary.fi\/klubi2\/?page_id=129"},"modified":"2025-07-29T10:16:37","modified_gmt":"2025-07-29T07:16:37","slug":"keita-olemme","status":"publish","type":"page","link":"https:\/\/rotary.fi\/helsinkicitywest\/keita-olemme\/","title":{"rendered":"Keit\u00e4 olemme"},"content":{"rendered":"<p>[et_pb_section fb_built=&#8221;1&#8243; module_class=&#8221;jumbotron-page&#8221; _builder_version=&#8221;4.16&#8243; background_image=&#8221;https:\/\/rotary.fi\/helsinkicitywest\/wp-content\/uploads\/sites\/185\/2018\/10\/rotary_klubit_alasivu_paakuva_12.jpg&#8221; global_colors_info=&#8221;{}&#8221;][et_pb_row _builder_version=&#8221;4.16&#8243; background_size=&#8221;initial&#8221; background_position=&#8221;top_left&#8221; background_repeat=&#8221;repeat&#8221; global_colors_info=&#8221;{}&#8221;][et_pb_column type=&#8221;4_4&#8243; _builder_version=&#8221;4.16&#8243; custom_padding=&#8221;|||&#8221; global_colors_info=&#8221;{}&#8221; custom_padding__hover=&#8221;|||&#8221;][et_pb_text admin_label=&#8221;P\u00e4\u00e4otsikko&#8221; _builder_version=&#8221;4.16&#8243; text_orientation=&#8221;center&#8221; background_layout=&#8221;dark&#8221; global_colors_info=&#8221;{}&#8221;]<\/p>\n<h1>Keit\u00e4 olemme<\/h1>\n<p>[\/et_pb_text][\/et_pb_column][\/et_pb_row][\/et_pb_section][et_pb_section fb_built=&#8221;1&#8243; specialty=&#8221;on&#8221; module_class_2=&#8221;sivupalkki&#8221; _builder_version=&#8221;4.27.4&#8243; hover_enabled=&#8221;0&#8243; global_colors_info=&#8221;{}&#8221; sticky_enabled=&#8221;0&#8243; title_text=&#8221;IMG_6782&#8243; background_image=&#8221;https:\/\/rotary.fi\/helsinkicitywest\/wp-content\/uploads\/sites\/185\/2025\/07\/img-6782-1.jpeg&#8221;][et_pb_column type=&#8221;2_3&#8243; specialty_columns=&#8221;2&#8243; _builder_version=&#8221;4.16&#8243; custom_padding=&#8221;|||&#8221; global_colors_info=&#8221;{}&#8221; custom_padding__hover=&#8221;|||&#8221;][et_pb_row_inner admin_label=&#8221;Rivi&#8221; _builder_version=&#8221;4.16&#8243; global_colors_info=&#8221;{}&#8221;][et_pb_column_inner saved_specialty_column_type=&#8221;2_3&#8243; _builder_version=&#8221;4.16&#8243; custom_padding=&#8221;|||&#8221; global_colors_info=&#8221;{}&#8221; custom_padding__hover=&#8221;|||&#8221;][et_pb_text admin_label=&#8221;Otsikko&#8221; _builder_version=&#8221;4.16&#8243; text_orientation=&#8221;center&#8221; global_colors_info=&#8221;{}&#8221;]<\/p>\n<h1>Keit\u00e4 olemme<\/h1>\n<p>[\/et_pb_text][et_pb_text _builder_version=&#8221;4.16&#8243; global_colors_info=&#8221;{}&#8221;]<\/p>\n<div class=\"et_pb_module et_pb_text et_pb_text_5  et_pb_text_align_center et_pb_bg_layout_light\">\n<div class=\"et_pb_text_inner\">\n<h4>Palvelu itsekkyyden edelle &#8211; Service above self<\/h4>\n<h4><\/h4>\n<h4>Nelj\u00e4n kysymyksen koe<\/h4>\n<\/div>\n<\/div>\n<div class=\"et_pb_module et_pb_text et_pb_text_6  et_pb_text_align_left et_pb_bg_layout_light\">\n<div class=\"et_pb_text_inner\">\n<p class=\"p1\"><span class=\"s1\">Rotaryn k\u00e4yt\u00e4nn\u00f6n toimintaa ohjaavat eettiset periaatteet. Nelj\u00e4n kysymyksen kokeella pyrimme<span class=\"Apple-converted-space\">\u00a0<span>\u00a0<\/span><\/span>edist\u00e4m\u00e4\u00e4n hyvi\u00e4 toimintatapoja niin keskin\u00e4isess\u00e4 kanssak\u00e4ymisess\u00e4 kuin palveluhankkeissa. Tutki siis ajatuksesi, sanasi ja tekosi niiden avulla.<\/span><\/p>\n<p class=\"p1\"><strong><span class=\"s1\"><i>1. Onko t\u00e4m\u00e4 TOTTA?<\/i><br \/><i>2. Onko t\u00e4m\u00e4 OIKEUDENMUKAISTA kaikkia asianosaisia kohtaan?<\/i><br \/><i>3. Luoko t\u00e4m\u00e4 HYV\u00c4\u00c4 TAHTOA ja PARANTAAKO T\u00c4M\u00c4 YST\u00c4VYYSSUHTEITA?<\/i><br \/><i>4. Onko t\u00e4m\u00e4 kaikkien osapuolten EDUN MUKAISTA?<\/i><\/span><\/strong><\/p>\n<\/div>\n<\/div>\n<p>&nbsp;<\/p>\n<p>Helsinki City West Rotaryklubi toimii Etel\u00e4-Helsingiss\u00e4. Kokoonnumme kuukauden ensimm\u00e4isen\u00e4 ja kolmantena maanantaina klo 17.30-19.00 Ravintola La Famigliassa, Keskuskatu 3, 00100 Helsinki. Kokouksissa tapaamme toisiamme, saamme kuulla tasokkaita esitelmi\u00e4 eri aihealueilta ja suunnittelemme niit\u00e4 projekteja ja hankkeita, joilla toteutamme Rotaryn perusajatusta, palvelua ja hyv\u00e4n edist\u00e4mist\u00e4 l\u00e4hell\u00e4 ja kaukana. Ohjelmaamme kuuluvat vierailut yrityksiss\u00e4, virastoissa, oppilaitoksissa sek\u00e4 kulttuuri- ja taidekohteissa. J\u00e4rjest\u00e4mme yhteisi\u00e4 konsertti-, n\u00e4yttely-, teatteri- ja oopperak\u00e4yntej\u00e4. Tuemme kansainv\u00e4lisen Rotaryn (RI) humanitaarisia projekteja, osallistumme nuorisovaihtoon ja toimimme aktiivisesti Rotarypiirimme 1420 j\u00e4senen\u00e4.<\/p>\n<p>Klubimme on perustettu 18.5.1998 ja j\u00e4senist\u00f6\u00f6mme kuuluu sek\u00e4 naisia ett\u00e4 miehi\u00e4. Kummiklubimme on Lauttasaaren Rotaryklubi &#8211; Drums\u00f6 Rotarykubb. Klubissamme on 24 aktiivij\u00e4sent\u00e4 ja yksi kunniaj\u00e4sen. J\u00e4senemme edustavat eri ammatti- ja osaamisaloja. Olemme osa piiri\u00e4 1420.<\/p>\n<p>&nbsp;<\/p>\n<h4>Iloa yhdess\u00e4 toimimisesta!<\/h4>\n<p>Rotarius on merkityksellist\u00e4 harrastustoimintaa, jossa huomaamme, ett\u00e4 yhdess\u00e4 olemme enemm\u00e4n. Klubimme pyrkii jatkuvasti yhteisty\u00f6h\u00f6n alueemme muiden klubien kanssa ja yhteisvoimin olemme saaneet toteutettua monia kokoluokaltaan vaativia projekteja ja hankkeita.<\/p>\n<p>Klubimme paikalliset projektit mieskaveritoiminnan tukeminen ja Ruoholahden koulun kirjoituskilpailu kohdistuvat nuoriin ja lapsiin. Kivel\u00e4n sairaalan vuotuinen joulukuusitapahtuma puolestaan tuottaa iloa ymp\u00e4rivuorokautisessa hoidossa oleville vanhuksille.<\/p>\n<p>Kansainv\u00e4lisist\u00e4 projekteista panostamme rotaryn ydintoimintaa olevaan nuorisovaihtoon vuosittain. Tuemme my\u00f6s Naisten Pankkia, L\u00e4\u00e4k\u00e4ripankkia ja Zimbabwen AIDS-orvot ry:n ty\u00f6t\u00e4.<\/p>\n<p>Eritt\u00e4in merkityksellisi\u00e4 ovat olleet kolme eri projektia, joissa olemme vieneet leikkaussali-instrumentteja ja -v\u00e4lineit\u00e4 Ruandaan. Valmisteilla on Ruanda IV projekti ja l\u00e4hetett\u00e4vien sairaalatarvikkeiden inventointi on aloitettu.<\/p>\n<p>&nbsp;<\/p>\n<h4>Vaikuttava kansainv\u00e4linen verkosto<\/h4>\n<p>Rotary on Chicagossa 23.2.1905 perustettu kansainv\u00e4linen palvelu- ja hyv\u00e4ntekev\u00e4isyysorganisaatio. Rotary Internationalin kotipaikka on Evanston, USA:n osavaltiossa Illinoisissa. Rotaryn tunnuslause on Palvelu itsekkyyden edelle (Service Above Self).<\/p>\n<p>Rotaryyn kuuluu 1,2 miljoona j\u00e4sent\u00e4 35 000 klubissa yli 200 maassa. Rotary on merkitt\u00e4v\u00e4 kansainv\u00e4linen palvelu- ja hyv\u00e4ntekev\u00e4isyysj\u00e4rjest\u00f6. Suomi on jaettu kuuteen rotarypiiriin ja piiriimme 1420 kuuluvat my\u00f6s Viron klubit. Suomessa ja Virossa on yhteens\u00e4 300 klubia, joissa runsaat 10 000 j\u00e4sent\u00e4. Piiriimme 1420 kuuluu 55 klubia Etel\u00e4-Suomesta ja 20 Viron klubia. N\u00e4iss\u00e4 klubeissa on yhteens\u00e4 aktivij\u00e4seni\u00e4 2 698 ja kaikkiaan 2 815 rotaria.<\/p>\n<p>Keskeist\u00e4 Rotaryn toiminnassa on humanitaarinen palvelu Rotarys\u00e4\u00e4ti\u00f6n avulla. Rotarys\u00e4\u00e4ti\u00f6 koordinoi rotarien maailmanlaajuista palvelutoimintaa. Sen ty\u00f6 perustuu vapaaehtoisiin lahjoituksiin sek\u00e4 p\u00e4\u00e4oman tuottoon, joka kanavoidaan koulutusprojekteihin ja humanitaariseen avustusty\u00f6h\u00f6n.<\/p>\n<p>Esimerkki: Rotarit ovat ker\u00e4nneet vuodesta 1985 alkaen rahaa polion h\u00e4vitt\u00e4miseen maapallolta. Runsaassa 30 vuodessa on ker\u00e4tty 1.3 miljardia dollaria &#8211; yli 1000 dollaria rotaria kohden. Poliota esinntyykin en\u00e4\u00e4 vain muutamassa maailman valtiossa, joten p\u00e4\u00e4m\u00e4\u00e4r\u00e4 on l\u00e4hell\u00e4.<\/p>\n<p>Helsinki City West oli piiriss\u00e4mme ensimm\u00e4inen rotaryklubi, joka t\u00e4ytti tavoitteen, ett\u00e4 jokainen j\u00e4senemme oli ryhtynyt Rotarysa\u0308a\u0308tio\u0308n kannatusja\u0308seneksi eli oli Rotary Foundation Sustaining Member (RFSM).<\/p>\n<p>[\/et_pb_text][\/et_pb_column_inner][\/et_pb_row_inner][\/et_pb_column][et_pb_column type=&#8221;1_3&#8243; _builder_version=&#8221;4.16&#8243; custom_padding=&#8221;|||&#8221; global_colors_info=&#8221;{}&#8221; custom_padding__hover=&#8221;|||&#8221;][et_pb_sidebar area=&#8221;sidebar-1&#8243; module_class=&#8221;sivupalkki_sisalto&#8221; _builder_version=&#8221;4.16&#8243; locked=&#8221;on&#8221; global_colors_info=&#8221;{}&#8221;]<\/p>\n<p>[\/et_pb_sidebar][\/et_pb_column][\/et_pb_section]<\/p>\n","protected":false},"excerpt":{"rendered":"<p>Keit\u00e4 olemme Keit\u00e4 olemme Palvelu itsekkyyden edelle &#8211; Service above self Nelj\u00e4n kysymyksen koe Rotaryn k\u00e4yt\u00e4nn\u00f6n toimintaa ohjaavat eettiset periaatteet. Nelj\u00e4n kysymyksen kokeella pyrimme\u00a0\u00a0edist\u00e4m\u00e4\u00e4n hyvi\u00e4 toimintatapoja niin keskin\u00e4isess\u00e4 kanssak\u00e4ymisess\u00e4 kuin palveluhankkeissa. Tutki siis ajatuksesi, sanasi ja tekosi niiden avulla. 1. Onko t\u00e4m\u00e4 TOTTA?2. Onko t\u00e4m\u00e4 OIKEUDENMUKAISTA kaikkia asianosaisia kohtaan?3. Luoko t\u00e4m\u00e4 HYV\u00c4\u00c4 TAHTOA ja PARANTAAKO [&hellip;]<\/p>\n","protected":false},"author":1,"featured_media":0,"parent":0,"menu_order":0,"comment_status":"closed","ping_status":"closed","template":"","meta":{"_acf_changed":false,"_et_pb_use_builder":"on","_et_pb_old_content":"","_et_gb_content_width":"","footnotes":""},"class_list":["post-129","page","type-page","status-publish","hentry"],"acf":[],"yoast_head":"<!-- This site is optimized with the Yoast SEO plugin v27.0 - https:\/\/yoast.com\/product\/yoast-seo-wordpress\/ -->\n<title>Keit\u00e4 olemme - Helsinki City West<\/title>\n<meta name=\"robots\" content=\"index, follow, max-snippet:-1, max-image-preview:large, max-video-preview:-1\" \/>\n<link rel=\"canonical\" href=\"https:\/\/rotary.fi\/helsinkicitywest\/keita-olemme\/\" \/>\n<meta property=\"og:locale\" content=\"fi_FI\" \/>\n<meta property=\"og:type\" content=\"article\" \/>\n<meta property=\"og:title\" content=\"Keit\u00e4 olemme - Helsinki City West\" \/>\n<meta property=\"og:description\" content=\"Keit\u00e4 olemme Keit\u00e4 olemme Palvelu itsekkyyden edelle - Service above self Nelj\u00e4n kysymyksen koe Rotaryn k\u00e4yt\u00e4nn\u00f6n toimintaa ohjaavat eettiset periaatteet. Nelj\u00e4n kysymyksen kokeella pyrimme\u00a0\u00a0edist\u00e4m\u00e4\u00e4n hyvi\u00e4 toimintatapoja niin keskin\u00e4isess\u00e4 kanssak\u00e4ymisess\u00e4 kuin palveluhankkeissa. Tutki siis ajatuksesi, sanasi ja tekosi niiden avulla. 1. Onko t\u00e4m\u00e4 TOTTA?2. Onko t\u00e4m\u00e4 OIKEUDENMUKAISTA kaikkia asianosaisia kohtaan?3. Luoko t\u00e4m\u00e4 HYV\u00c4\u00c4 TAHTOA ja PARANTAAKO [&hellip;]\" \/>\n<meta property=\"og:url\" content=\"https:\/\/rotary.fi\/helsinkicitywest\/keita-olemme\/\" \/>\n<meta property=\"og:site_name\" content=\"Helsinki City West\" \/>\n<meta property=\"article:modified_time\" content=\"2025-07-29T07:16:37+00:00\" \/>\n<meta name=\"twitter:card\" content=\"summary_large_image\" \/>\n<meta name=\"twitter:label1\" content=\"Arvioitu lukuaika\" \/>\n\t<meta name=\"twitter:data1\" content=\"4 minuuttia\" \/>\n<script type=\"application\/ld+json\" class=\"yoast-schema-graph\">{\"@context\":\"https:\/\/schema.org\",\"@graph\":[{\"@type\":\"WebPage\",\"@id\":\"https:\/\/rotary.fi\/helsinkicitywest\/keita-olemme\/\",\"url\":\"https:\/\/rotary.fi\/helsinkicitywest\/keita-olemme\/\",\"name\":\"Keit\u00e4 olemme - Helsinki City West\",\"isPartOf\":{\"@id\":\"https:\/\/rotary.fi\/helsinkicitywest\/#website\"},\"datePublished\":\"2018-08-10T10:41:39+00:00\",\"dateModified\":\"2025-07-29T07:16:37+00:00\",\"breadcrumb\":{\"@id\":\"https:\/\/rotary.fi\/helsinkicitywest\/keita-olemme\/#breadcrumb\"},\"inLanguage\":\"fi\",\"potentialAction\":[{\"@type\":\"ReadAction\",\"target\":[\"https:\/\/rotary.fi\/helsinkicitywest\/keita-olemme\/\"]}]},{\"@type\":\"BreadcrumbList\",\"@id\":\"https:\/\/rotary.fi\/helsinkicitywest\/keita-olemme\/#breadcrumb\",\"itemListElement\":[{\"@type\":\"ListItem\",\"position\":1,\"name\":\"Home\",\"item\":\"https:\/\/rotary.fi\/helsinkicitywest\/\"},{\"@type\":\"ListItem\",\"position\":2,\"name\":\"Keit\u00e4 olemme\"}]},{\"@type\":\"WebSite\",\"@id\":\"https:\/\/rotary.fi\/helsinkicitywest\/#website\",\"url\":\"https:\/\/rotary.fi\/helsinkicitywest\/\",\"name\":\"Helsinki City West\",\"description\":\"Uusi Rotary klubisivusto\",\"potentialAction\":[{\"@type\":\"SearchAction\",\"target\":{\"@type\":\"EntryPoint\",\"urlTemplate\":\"https:\/\/rotary.fi\/helsinkicitywest\/?s={search_term_string}\"},\"query-input\":{\"@type\":\"PropertyValueSpecification\",\"valueRequired\":true,\"valueName\":\"search_term_string\"}}],\"inLanguage\":\"fi\"}]}<\/script>\n<!-- \/ Yoast SEO plugin. -->","yoast_head_json":{"title":"Keit\u00e4 olemme - Helsinki City West","robots":{"index":"index","follow":"follow","max-snippet":"max-snippet:-1","max-image-preview":"max-image-preview:large","max-video-preview":"max-video-preview:-1"},"canonical":"https:\/\/rotary.fi\/helsinkicitywest\/keita-olemme\/","og_locale":"fi_FI","og_type":"article","og_title":"Keit\u00e4 olemme - Helsinki City West","og_description":"Keit\u00e4 olemme Keit\u00e4 olemme Palvelu itsekkyyden edelle - Service above self Nelj\u00e4n kysymyksen koe Rotaryn k\u00e4yt\u00e4nn\u00f6n toimintaa ohjaavat eettiset periaatteet. Nelj\u00e4n kysymyksen kokeella pyrimme\u00a0\u00a0edist\u00e4m\u00e4\u00e4n hyvi\u00e4 toimintatapoja niin keskin\u00e4isess\u00e4 kanssak\u00e4ymisess\u00e4 kuin palveluhankkeissa. Tutki siis ajatuksesi, sanasi ja tekosi niiden avulla. 1. Onko t\u00e4m\u00e4 TOTTA?2. Onko t\u00e4m\u00e4 OIKEUDENMUKAISTA kaikkia asianosaisia kohtaan?3. Luoko t\u00e4m\u00e4 HYV\u00c4\u00c4 TAHTOA ja PARANTAAKO [&hellip;]","og_url":"https:\/\/rotary.fi\/helsinkicitywest\/keita-olemme\/","og_site_name":"Helsinki City West","article_modified_time":"2025-07-29T07:16:37+00:00","twitter_card":"summary_large_image","twitter_misc":{"Arvioitu lukuaika":"4 minuuttia"},"schema":{"@context":"https:\/\/schema.org","@graph":[{"@type":"WebPage","@id":"https:\/\/rotary.fi\/helsinkicitywest\/keita-olemme\/","url":"https:\/\/rotary.fi\/helsinkicitywest\/keita-olemme\/","name":"Keit\u00e4 olemme - Helsinki City West","isPartOf":{"@id":"https:\/\/rotary.fi\/helsinkicitywest\/#website"},"datePublished":"2018-08-10T10:41:39+00:00","dateModified":"2025-07-29T07:16:37+00:00","breadcrumb":{"@id":"https:\/\/rotary.fi\/helsinkicitywest\/keita-olemme\/#breadcrumb"},"inLanguage":"fi","potentialAction":[{"@type":"ReadAction","target":["https:\/\/rotary.fi\/helsinkicitywest\/keita-olemme\/"]}]},{"@type":"BreadcrumbList","@id":"https:\/\/rotary.fi\/helsinkicitywest\/keita-olemme\/#breadcrumb","itemListElement":[{"@type":"ListItem","position":1,"name":"Home","item":"https:\/\/rotary.fi\/helsinkicitywest\/"},{"@type":"ListItem","position":2,"name":"Keit\u00e4 olemme"}]},{"@type":"WebSite","@id":"https:\/\/rotary.fi\/helsinkicitywest\/#website","url":"https:\/\/rotary.fi\/helsinkicitywest\/","name":"Helsinki City West","description":"Uusi Rotary klubisivusto","potentialAction":[{"@type":"SearchAction","target":{"@type":"EntryPoint","urlTemplate":"https:\/\/rotary.fi\/helsinkicitywest\/?s={search_term_string}"},"query-input":{"@type":"PropertyValueSpecification","valueRequired":true,"valueName":"search_term_string"}}],"inLanguage":"fi"}]}},"lang":"fi","translations":{"fi":129},"pll_sync_post":[],"_links":{"self":[{"href":"https:\/\/rotary.fi\/helsinkicitywest\/wp-json\/wp\/v2\/pages\/129","targetHints":{"allow":["GET"]}}],"collection":[{"href":"https:\/\/rotary.fi\/helsinkicitywest\/wp-json\/wp\/v2\/pages"}],"about":[{"href":"https:\/\/rotary.fi\/helsinkicitywest\/wp-json\/wp\/v2\/types\/page"}],"author":[{"embeddable":true,"href":"https:\/\/rotary.fi\/helsinkicitywest\/wp-json\/wp\/v2\/users\/1"}],"replies":[{"embeddable":true,"href":"https:\/\/rotary.fi\/helsinkicitywest\/wp-json\/wp\/v2\/comments?post=129"}],"version-history":[{"count":10,"href":"https:\/\/rotary.fi\/helsinkicitywest\/wp-json\/wp\/v2\/pages\/129\/revisions"}],"predecessor-version":[{"id":1927,"href":"https:\/\/rotary.fi\/helsinkicitywest\/wp-json\/wp\/v2\/pages\/129\/revisions\/1927"}],"wp:attachment":[{"href":"https:\/\/rotary.fi\/helsinkicitywest\/wp-json\/wp\/v2\/media?parent=129"}],"curies":[{"name":"wp","href":"https:\/\/api.w.org\/{rel}","templated":true}]}}