{"id":163,"date":"2018-08-13T09:51:14","date_gmt":"2018-08-13T06:51:14","guid":{"rendered":"https:\/\/rotary.fi\/helsinginkoillinen\/?page_id=163"},"modified":"2018-12-17T09:28:47","modified_gmt":"2018-12-17T07:28:47","slug":"rotaract-ja-interact","status":"publish","type":"page","link":"https:\/\/rotary.fi\/helsinginkoillinen\/mita-teemme\/rotaract-ja-interact\/","title":{"rendered":"Rotaract ja Interact"},"content":{"rendered":"<p>[et_pb_section bb_built=&#8221;1&#8243; module_class=&#8221;jumbotron-page&#8221; _builder_version=&#8221;3.17.2&#8243; background_image=&#8221;https:\/\/rotary.fi\/helsinginkoillinen\/wp-content\/uploads\/sites\/24\/2018\/10\/rotary_klubit_alasivu_paakuva_10.jpg&#8221; next_background_color=&#8221;#ffffff&#8221;][et_pb_row _builder_version=&#8221;3.0.48&#8243; background_size=&#8221;initial&#8221; background_position=&#8221;top_left&#8221; background_repeat=&#8221;repeat&#8221;][et_pb_column type=&#8221;4_4&#8243;][et_pb_text admin_label=&#8221;P\u00e4\u00e4otsikko&#8221; _builder_version=&#8221;3.17.6&#8243; text_orientation=&#8221;center&#8221; background_layout=&#8221;dark&#8221;]<\/p>\n<h1>Rotaract ja Interact<\/h1>\n<p>[\/et_pb_text][\/et_pb_column][\/et_pb_row][\/et_pb_section][et_pb_section bb_built=&#8221;1&#8243; specialty=&#8221;on&#8221; module_class_2=&#8221;sivupalkki&#8221; _builder_version=&#8221;3.4.1&#8243; prev_background_color=&#8221;#000000&#8243;][et_pb_column type=&#8221;2_3&#8243; specialty_columns=&#8221;2&#8243;][et_pb_row_inner admin_label=&#8221;Rivi&#8221; _builder_version=&#8221;3.0.47&#8243;][et_pb_column_inner type=&#8221;4_4&#8243; saved_specialty_column_type=&#8221;2_3&#8243;][et_pb_text admin_label=&#8221;Rotaract ja Interact &#8211; Otsikko&#8221; _builder_version=&#8221;3.17.6&#8243; text_orientation=&#8221;center&#8221;]<\/p>\n<h1>Rotaract ja Interact<\/h1>\n<p>[\/et_pb_text][et_pb_text _builder_version=&#8221;3.17.6&#8243;]<\/p>\n<p>\u00a0<\/p>\n<p>Rotaract-klubien toiminta on suunnattu 18\u250030-vuotiaille nuorille. Toiminnan tarkoituksena on kehitt\u00e4\u00e4 nuorten kasvua vastuuntuntoisiksi aikuisiksi ja johtajiksi. Rotaract-klubin j\u00e4senet p\u00e4\u00e4tt\u00e4v\u00e4t itse projekteistaan ja toiminnastaan. Nuorten klubia sponsoroi ja heid\u00e4n toimintaansa tukee aina rotaryklubi.<\/p>\n<p>Interact-toiminta on tarkoitettu 12\u250018-vuotiaille nuorille. My\u00f6s Interact-klubilla on rotaryklubi kummiklubinaan. Interact-toiminnassa nuoret p\u00e4\u00e4sev\u00e4t vaikuttamaan heille t\u00e4rkeisiin asioihin vuosittain suunniteltujen ja toteutettavien projektien avulla. Rotaryklubi tukee nuoria n\u00e4iss\u00e4 projekteissa.<\/p>\n<p>Sek\u00e4 Interactissa ett\u00e4 Rotaractissa nuorilla on mahdollisuus verkottua paitsi paikallisesti, my\u00f6s kansallisesti ja kansainv\u00e4lisesti. Suomessa Rotaract-toimintaa on erityisesti suurilla paikkakunnilla, Interact-toiminta sen sijaan ei viel\u00e4 ole levinnyt t\u00e4\u00e4ll\u00e4 laajalle.<\/p>\n<p>Lue lis\u00e4\u00e4 <a href=\"https:\/\/rotary.fi\/mita-teemme\/nuorisopalvelut\/rotaract\/\" target=\"_blank\" rel=\"noopener\">Rotaractista<\/a><\/p>\n<p>Lue lis\u00e4\u00e4 <a href=\"https:\/\/rotary.fi\/mita-teemme\/nuorisopalvelut\/interact\/\" target=\"_blank\" rel=\"noopener\">Interactista<\/a><\/p>\n<p>Jos toiminta Rotaract- tai Interact-klubissa kiinnostaa, tai haluaisit perustaa uuden klubin, ota rohkeasti yhteytt\u00e4 klubin presidenttiin! H\u00e4net tavoitat parhaiten Jarmo Murtom\u00e4ki, <a href=\"mailto:jarmo.murtomaki@if.fi\">jarmo.murtomaki@if.fi<\/a><\/p>\n<p>[\/et_pb_text][\/et_pb_column_inner][\/et_pb_row_inner][\/et_pb_column][et_pb_column type=&#8221;1_3&#8243;][et_pb_sidebar area=&#8221;sidebar-1&#8243; module_class=&#8221;sivupalkki_sisalto&#8221; _builder_version=&#8221;3.4.1&#8243; locked=&#8221;on&#8221;]<\/p>\n<p>[\/et_pb_sidebar][\/et_pb_column][\/et_pb_section]<\/p>\n","protected":false},"excerpt":{"rendered":"<p>Rotaract ja Interact Rotaract ja Interact \u00a0Rotaract-klubien toiminta on suunnattu 18\u250030-vuotiaille nuorille. Toiminnan tarkoituksena on kehitt\u00e4\u00e4 nuorten kasvua vastuuntuntoisiksi aikuisiksi ja johtajiksi. Rotaract-klubin j\u00e4senet p\u00e4\u00e4tt\u00e4v\u00e4t itse projekteistaan ja toiminnastaan. Nuorten klubia sponsoroi ja heid\u00e4n toimintaansa tukee aina rotaryklubi.Interact-toiminta on tarkoitettu 12\u250018-vuotiaille nuorille. My\u00f6s Interact-klubilla on rotaryklubi kummiklubinaan. Interact-toiminnassa nuoret p\u00e4\u00e4sev\u00e4t vaikuttamaan heille t\u00e4rkeisiin asioihin vuosittain [&hellip;]<\/p>\n","protected":false},"author":1,"featured_media":0,"parent":77,"menu_order":0,"comment_status":"closed","ping_status":"closed","template":"","meta":{"_acf_changed":false,"_et_pb_use_builder":"on","_et_pb_old_content":"","_et_gb_content_width":"","footnotes":""},"class_list":["post-163","page","type-page","status-publish","hentry"],"acf":[],"yoast_head":"<!-- This site is optimized with the Yoast SEO plugin v27.0 - https:\/\/yoast.com\/product\/yoast-seo-wordpress\/ -->\n<title>Rotaract ja Interact - Helsingin Koillinen Rotaryklubi<\/title>\n<meta name=\"robots\" content=\"index, follow, max-snippet:-1, max-image-preview:large, max-video-preview:-1\" \/>\n<link rel=\"canonical\" href=\"https:\/\/rotary.fi\/helsinginkoillinen\/mita-teemme\/rotaract-ja-interact\/\" \/>\n<meta property=\"og:locale\" content=\"fi_FI\" \/>\n<meta property=\"og:type\" content=\"article\" \/>\n<meta property=\"og:title\" content=\"Rotaract ja Interact - Helsingin Koillinen Rotaryklubi\" \/>\n<meta property=\"og:description\" content=\"Rotaract ja Interact Rotaract ja Interact \u00a0Rotaract-klubien toiminta on suunnattu 18\u250030-vuotiaille nuorille. Toiminnan tarkoituksena on kehitt\u00e4\u00e4 nuorten kasvua vastuuntuntoisiksi aikuisiksi ja johtajiksi. Rotaract-klubin j\u00e4senet p\u00e4\u00e4tt\u00e4v\u00e4t itse projekteistaan ja toiminnastaan. Nuorten klubia sponsoroi ja heid\u00e4n toimintaansa tukee aina rotaryklubi.Interact-toiminta on tarkoitettu 12\u250018-vuotiaille nuorille. My\u00f6s Interact-klubilla on rotaryklubi kummiklubinaan. Interact-toiminnassa nuoret p\u00e4\u00e4sev\u00e4t vaikuttamaan heille t\u00e4rkeisiin asioihin vuosittain [&hellip;]\" \/>\n<meta property=\"og:url\" content=\"https:\/\/rotary.fi\/helsinginkoillinen\/mita-teemme\/rotaract-ja-interact\/\" \/>\n<meta property=\"og:site_name\" content=\"Helsingin Koillinen Rotaryklubi\" \/>\n<meta property=\"article:modified_time\" content=\"2018-12-17T07:28:47+00:00\" \/>\n<meta name=\"twitter:card\" content=\"summary_large_image\" \/>\n<meta name=\"twitter:label1\" content=\"Arvioitu lukuaika\" \/>\n\t<meta name=\"twitter:data1\" content=\"2 minuuttia\" \/>\n<script type=\"application\/ld+json\" class=\"yoast-schema-graph\">{\"@context\":\"https:\/\/schema.org\",\"@graph\":[{\"@type\":\"WebPage\",\"@id\":\"https:\/\/rotary.fi\/helsinginkoillinen\/mita-teemme\/rotaract-ja-interact\/\",\"url\":\"https:\/\/rotary.fi\/helsinginkoillinen\/mita-teemme\/rotaract-ja-interact\/\",\"name\":\"Rotaract ja Interact - Helsingin Koillinen Rotaryklubi\",\"isPartOf\":{\"@id\":\"https:\/\/rotary.fi\/helsinginkoillinen\/#website\"},\"datePublished\":\"2018-08-13T06:51:14+00:00\",\"dateModified\":\"2018-12-17T07:28:47+00:00\",\"breadcrumb\":{\"@id\":\"https:\/\/rotary.fi\/helsinginkoillinen\/mita-teemme\/rotaract-ja-interact\/#breadcrumb\"},\"inLanguage\":\"fi\",\"potentialAction\":[{\"@type\":\"ReadAction\",\"target\":[\"https:\/\/rotary.fi\/helsinginkoillinen\/mita-teemme\/rotaract-ja-interact\/\"]}]},{\"@type\":\"BreadcrumbList\",\"@id\":\"https:\/\/rotary.fi\/helsinginkoillinen\/mita-teemme\/rotaract-ja-interact\/#breadcrumb\",\"itemListElement\":[{\"@type\":\"ListItem\",\"position\":1,\"name\":\"Home\",\"item\":\"https:\/\/rotary.fi\/helsinginkoillinen\/\"},{\"@type\":\"ListItem\",\"position\":2,\"name\":\"Mit\u00e4 teemme\",\"item\":\"https:\/\/rotary.fi\/helsinginkoillinen\/mita-teemme\/\"},{\"@type\":\"ListItem\",\"position\":3,\"name\":\"Rotaract ja Interact\"}]},{\"@type\":\"WebSite\",\"@id\":\"https:\/\/rotary.fi\/helsinginkoillinen\/#website\",\"url\":\"https:\/\/rotary.fi\/helsinginkoillinen\/\",\"name\":\"Helsingin Koillinen Rotaryklubi\",\"description\":\"Uusi Rotary klubisivusto\",\"potentialAction\":[{\"@type\":\"SearchAction\",\"target\":{\"@type\":\"EntryPoint\",\"urlTemplate\":\"https:\/\/rotary.fi\/helsinginkoillinen\/?s={search_term_string}\"},\"query-input\":{\"@type\":\"PropertyValueSpecification\",\"valueRequired\":true,\"valueName\":\"search_term_string\"}}],\"inLanguage\":\"fi\"}]}<\/script>\n<!-- \/ Yoast SEO plugin. -->","yoast_head_json":{"title":"Rotaract ja Interact - Helsingin Koillinen Rotaryklubi","robots":{"index":"index","follow":"follow","max-snippet":"max-snippet:-1","max-image-preview":"max-image-preview:large","max-video-preview":"max-video-preview:-1"},"canonical":"https:\/\/rotary.fi\/helsinginkoillinen\/mita-teemme\/rotaract-ja-interact\/","og_locale":"fi_FI","og_type":"article","og_title":"Rotaract ja Interact - Helsingin Koillinen Rotaryklubi","og_description":"Rotaract ja Interact Rotaract ja Interact \u00a0Rotaract-klubien toiminta on suunnattu 18\u250030-vuotiaille nuorille. Toiminnan tarkoituksena on kehitt\u00e4\u00e4 nuorten kasvua vastuuntuntoisiksi aikuisiksi ja johtajiksi. Rotaract-klubin j\u00e4senet p\u00e4\u00e4tt\u00e4v\u00e4t itse projekteistaan ja toiminnastaan. Nuorten klubia sponsoroi ja heid\u00e4n toimintaansa tukee aina rotaryklubi.Interact-toiminta on tarkoitettu 12\u250018-vuotiaille nuorille. My\u00f6s Interact-klubilla on rotaryklubi kummiklubinaan. Interact-toiminnassa nuoret p\u00e4\u00e4sev\u00e4t vaikuttamaan heille t\u00e4rkeisiin asioihin vuosittain [&hellip;]","og_url":"https:\/\/rotary.fi\/helsinginkoillinen\/mita-teemme\/rotaract-ja-interact\/","og_site_name":"Helsingin Koillinen Rotaryklubi","article_modified_time":"2018-12-17T07:28:47+00:00","twitter_card":"summary_large_image","twitter_misc":{"Arvioitu lukuaika":"2 minuuttia"},"schema":{"@context":"https:\/\/schema.org","@graph":[{"@type":"WebPage","@id":"https:\/\/rotary.fi\/helsinginkoillinen\/mita-teemme\/rotaract-ja-interact\/","url":"https:\/\/rotary.fi\/helsinginkoillinen\/mita-teemme\/rotaract-ja-interact\/","name":"Rotaract ja Interact - Helsingin Koillinen Rotaryklubi","isPartOf":{"@id":"https:\/\/rotary.fi\/helsinginkoillinen\/#website"},"datePublished":"2018-08-13T06:51:14+00:00","dateModified":"2018-12-17T07:28:47+00:00","breadcrumb":{"@id":"https:\/\/rotary.fi\/helsinginkoillinen\/mita-teemme\/rotaract-ja-interact\/#breadcrumb"},"inLanguage":"fi","potentialAction":[{"@type":"ReadAction","target":["https:\/\/rotary.fi\/helsinginkoillinen\/mita-teemme\/rotaract-ja-interact\/"]}]},{"@type":"BreadcrumbList","@id":"https:\/\/rotary.fi\/helsinginkoillinen\/mita-teemme\/rotaract-ja-interact\/#breadcrumb","itemListElement":[{"@type":"ListItem","position":1,"name":"Home","item":"https:\/\/rotary.fi\/helsinginkoillinen\/"},{"@type":"ListItem","position":2,"name":"Mit\u00e4 teemme","item":"https:\/\/rotary.fi\/helsinginkoillinen\/mita-teemme\/"},{"@type":"ListItem","position":3,"name":"Rotaract ja Interact"}]},{"@type":"WebSite","@id":"https:\/\/rotary.fi\/helsinginkoillinen\/#website","url":"https:\/\/rotary.fi\/helsinginkoillinen\/","name":"Helsingin Koillinen Rotaryklubi","description":"Uusi Rotary klubisivusto","potentialAction":[{"@type":"SearchAction","target":{"@type":"EntryPoint","urlTemplate":"https:\/\/rotary.fi\/helsinginkoillinen\/?s={search_term_string}"},"query-input":{"@type":"PropertyValueSpecification","valueRequired":true,"valueName":"search_term_string"}}],"inLanguage":"fi"}]}},"lang":"fi","translations":{"fi":163},"pll_sync_post":[],"_links":{"self":[{"href":"https:\/\/rotary.fi\/helsinginkoillinen\/wp-json\/wp\/v2\/pages\/163","targetHints":{"allow":["GET"]}}],"collection":[{"href":"https:\/\/rotary.fi\/helsinginkoillinen\/wp-json\/wp\/v2\/pages"}],"about":[{"href":"https:\/\/rotary.fi\/helsinginkoillinen\/wp-json\/wp\/v2\/types\/page"}],"author":[{"embeddable":true,"href":"https:\/\/rotary.fi\/helsinginkoillinen\/wp-json\/wp\/v2\/users\/1"}],"replies":[{"embeddable":true,"href":"https:\/\/rotary.fi\/helsinginkoillinen\/wp-json\/wp\/v2\/comments?post=163"}],"version-history":[{"count":7,"href":"https:\/\/rotary.fi\/helsinginkoillinen\/wp-json\/wp\/v2\/pages\/163\/revisions"}],"predecessor-version":[{"id":1461,"href":"https:\/\/rotary.fi\/helsinginkoillinen\/wp-json\/wp\/v2\/pages\/163\/revisions\/1461"}],"up":[{"embeddable":true,"href":"https:\/\/rotary.fi\/helsinginkoillinen\/wp-json\/wp\/v2\/pages\/77"}],"wp:attachment":[{"href":"https:\/\/rotary.fi\/helsinginkoillinen\/wp-json\/wp\/v2\/media?parent=163"}],"curies":[{"name":"wp","href":"https:\/\/api.w.org\/{rel}","templated":true}]}}