{"id":1551,"date":"2019-03-24T16:00:34","date_gmt":"2019-03-24T14:00:34","guid":{"rendered":"https:\/\/rotary.fi\/helsinginkoillinen\/?page_id=1551"},"modified":"2020-01-24T14:01:27","modified_gmt":"2020-01-24T12:01:27","slug":"klubin-viikko-ohjelma-2","status":"publish","type":"page","link":"https:\/\/rotary.fi\/helsinginkoillinen\/keita-olemme\/klubin-viikko-ohjelma-2\/","title":{"rendered":"Klubin viikko-ohjelma"},"content":{"rendered":"<h3><strong>Tammikuu<\/strong><\/h3>\n<p><strong>01.01.\u00a0<\/strong>Uuden vuoden p\u00e4iv\u00e4, ei kokousta.<\/p>\n<p><strong>08.01.<\/strong> Klubin uudet verkkosivut, Olli Manninen<\/p>\n<p><strong>15.01.\u00a0<\/strong>Piirikuvern\u00f6\u00f6ri Irmeli Viherluoto-Lindstr\u00f6min klubivierailu. Hallitus kokoontuu klo 16.00.<\/p>\n<p><strong>22.01.\u00a0<\/strong>Suomen suurin rakennusmaailma Pasilassa, kaupallinen kehitysjohtaja Pirjo Aalto, YIT Rakennus Oy.<\/p>\n<p><strong>29.01<\/strong>. Suomen puolustusvoimat 100 vuotta, esitelm\u00e4sarja jatkuu, klubiveli Ari Raunio.<\/p>\n<h3><strong>Helmikuu<\/strong><\/h3>\n<p><strong>05.02. \u00a0<\/strong>Ei kokousta. Teatteri 6.2.<\/p>\n<p><strong>06.02<\/strong>. \u00a0Teatteri, avec.\u00a0<strong>Keskiviikko klo 19.00<\/strong>\u00a0<a href=\"https:\/\/hkt.fi\/esitykset\/kaasua-komisario-palmu\/\">Kaasua komisario Palmu, Helsingin Kaupunginteatteri, suuri n\u00e4ytt\u00e4m\u00f6.<\/a><\/p>\n<p><strong>12.02. \u00a0<\/strong>Kansanedustaja Kari Tolvanen.<\/p>\n<p><strong>19.02.\u00a0<\/strong>Muuttavatko uudet sellutuotteet maailmaa, vice president at P\u00f6yry Management Consulting Saara S\u00f6derberg-P\u00f6yry.<\/p>\n<p><strong>26.02<\/strong>. Mit\u00e4 on kiertotalous?, klubiveli Timo Hirvi.<\/p>\n<h3><strong>Maaliskuu<\/strong><\/h3>\n<p><strong>05.03.\u00a0<\/strong>Kansanedustaja Veera Ruohon vieraana Eduskuntalosssa.<\/p>\n<p><strong>12.03.\u00a0<\/strong>Yksityinen rikostutkinta ja turvallisuusasiat, toimitusjohtaja Ari Huhtinen, Bexor Oy<\/p>\n<p><strong>19.03.\u00a0<\/strong>16.3.2019 pidetyn PETSin ja piirineuvottelun kuulumisia, klubiveli Olli Manninen<\/p>\n<p><strong>26.03<\/strong>. Kansanedustaja Mika Raatikainen.<\/p>\n<p>&nbsp;<\/p>\n<h3><strong>Huhtikuu<\/strong><\/h3>\n<p><strong>02.04.\u00a0<\/strong>Sotainvalidit t\u00e4n\u00e4\u00e4n, klubiveli Reijo S\u00f6derberg.<\/p>\n<p><strong>09.04. <\/strong>Kokoonnumme Pohjan Akassa. Esitelm\u00e4n aihe ilmoitetaan my\u00f6hemmin.<\/p>\n<p><strong>16.04.<\/strong>Tapaninkyl\u00e4n Kapteenskanm\u00e4ki ja kapteenska &#8211; paikallisen hissaryhm\u00e4n havaintoja, klubiveljet Hannu Salovaara ja Paavo Feirikki.<\/p>\n<p><strong>23.04.\u00a0<\/strong><\/p>\n<p><strong>30.04. \u00a0<\/strong>Vappuaatto, ei kokousta.<\/p>\n<h3><strong>Toukokuu<\/strong><\/h3>\n<p><strong>07.05.\u00a0<\/strong>Ei kokousta sotahistoriallisen matkan vuoksi.<\/p>\n<p><strong>14.05.<\/strong><\/p>\n<p><strong>21.05.<\/strong><\/p>\n<p><strong>28.05<\/strong>.<\/p>\n<h3><strong>Kes\u00e4kuu<\/strong><\/h3>\n<p><strong>04.06.<\/strong><\/p>\n<p><strong>11.06.<\/strong><\/p>\n<p><strong>18.06.<\/strong>\u00a0Presidentin k\u00e4\u00e4tyjen vaihto.<\/p>\n<p><strong>25.6. \u00a0Ei kokousta.<\/strong><\/p>\n","protected":false},"excerpt":{"rendered":"<p>Tammikuu 01.01.\u00a0Uuden vuoden p\u00e4iv\u00e4, ei kokousta. 08.01. Klubin uudet verkkosivut, Olli Manninen 15.01.\u00a0Piirikuvern\u00f6\u00f6ri Irmeli Viherluoto-Lindstr\u00f6min klubivierailu. Hallitus kokoontuu klo 16.00. 22.01.\u00a0Suomen suurin rakennusmaailma Pasilassa, kaupallinen kehitysjohtaja Pirjo Aalto, YIT Rakennus Oy. 29.01. Suomen puolustusvoimat 100 vuotta, esitelm\u00e4sarja jatkuu, klubiveli Ari Raunio. Helmikuu 05.02. \u00a0Ei kokousta. Teatteri 6.2. 06.02. \u00a0Teatteri, avec.\u00a0Keskiviikko klo 19.00\u00a0Kaasua komisario Palmu, Helsingin [&hellip;]<\/p>\n","protected":false},"author":20,"featured_media":0,"parent":129,"menu_order":0,"comment_status":"closed","ping_status":"closed","template":"","meta":{"_acf_changed":false,"_et_pb_use_builder":"","_et_pb_old_content":"","_et_gb_content_width":"","footnotes":""},"class_list":["post-1551","page","type-page","status-publish","hentry"],"acf":[],"yoast_head":"<!-- This site is optimized with the Yoast SEO plugin v27.0 - https:\/\/yoast.com\/product\/yoast-seo-wordpress\/ -->\n<title>Klubin viikko-ohjelma - Helsingin Koillinen Rotaryklubi<\/title>\n<meta name=\"robots\" content=\"index, follow, max-snippet:-1, max-image-preview:large, max-video-preview:-1\" \/>\n<link rel=\"canonical\" href=\"https:\/\/rotary.fi\/helsinginkoillinen\/keita-olemme\/klubin-viikko-ohjelma-2\/\" \/>\n<meta property=\"og:locale\" content=\"fi_FI\" \/>\n<meta property=\"og:type\" content=\"article\" \/>\n<meta property=\"og:title\" content=\"Klubin viikko-ohjelma - Helsingin Koillinen Rotaryklubi\" \/>\n<meta property=\"og:description\" content=\"Tammikuu 01.01.\u00a0Uuden vuoden p\u00e4iv\u00e4, ei kokousta. 08.01. Klubin uudet verkkosivut, Olli Manninen 15.01.\u00a0Piirikuvern\u00f6\u00f6ri Irmeli Viherluoto-Lindstr\u00f6min klubivierailu. Hallitus kokoontuu klo 16.00. 22.01.\u00a0Suomen suurin rakennusmaailma Pasilassa, kaupallinen kehitysjohtaja Pirjo Aalto, YIT Rakennus Oy. 29.01. Suomen puolustusvoimat 100 vuotta, esitelm\u00e4sarja jatkuu, klubiveli Ari Raunio. Helmikuu 05.02. \u00a0Ei kokousta. Teatteri 6.2. 06.02. \u00a0Teatteri, avec.\u00a0Keskiviikko klo 19.00\u00a0Kaasua komisario Palmu, Helsingin [&hellip;]\" \/>\n<meta property=\"og:url\" content=\"https:\/\/rotary.fi\/helsinginkoillinen\/keita-olemme\/klubin-viikko-ohjelma-2\/\" \/>\n<meta property=\"og:site_name\" content=\"Helsingin Koillinen Rotaryklubi\" \/>\n<meta property=\"article:modified_time\" content=\"2020-01-24T12:01:27+00:00\" \/>\n<meta name=\"twitter:card\" content=\"summary_large_image\" \/>\n<meta name=\"twitter:label1\" content=\"Arvioitu lukuaika\" \/>\n\t<meta name=\"twitter:data1\" content=\"1 minuutti\" \/>\n<script type=\"application\/ld+json\" class=\"yoast-schema-graph\">{\"@context\":\"https:\/\/schema.org\",\"@graph\":[{\"@type\":\"WebPage\",\"@id\":\"https:\/\/rotary.fi\/helsinginkoillinen\/keita-olemme\/klubin-viikko-ohjelma-2\/\",\"url\":\"https:\/\/rotary.fi\/helsinginkoillinen\/keita-olemme\/klubin-viikko-ohjelma-2\/\",\"name\":\"Klubin viikko-ohjelma - Helsingin Koillinen Rotaryklubi\",\"isPartOf\":{\"@id\":\"https:\/\/rotary.fi\/helsinginkoillinen\/#website\"},\"datePublished\":\"2019-03-24T14:00:34+00:00\",\"dateModified\":\"2020-01-24T12:01:27+00:00\",\"breadcrumb\":{\"@id\":\"https:\/\/rotary.fi\/helsinginkoillinen\/keita-olemme\/klubin-viikko-ohjelma-2\/#breadcrumb\"},\"inLanguage\":\"fi\",\"potentialAction\":[{\"@type\":\"ReadAction\",\"target\":[\"https:\/\/rotary.fi\/helsinginkoillinen\/keita-olemme\/klubin-viikko-ohjelma-2\/\"]}]},{\"@type\":\"BreadcrumbList\",\"@id\":\"https:\/\/rotary.fi\/helsinginkoillinen\/keita-olemme\/klubin-viikko-ohjelma-2\/#breadcrumb\",\"itemListElement\":[{\"@type\":\"ListItem\",\"position\":1,\"name\":\"Home\",\"item\":\"https:\/\/rotary.fi\/helsinginkoillinen\/\"},{\"@type\":\"ListItem\",\"position\":2,\"name\":\"Keit\u00e4 olemme\",\"item\":\"https:\/\/rotary.fi\/helsinginkoillinen\/keita-olemme\/\"},{\"@type\":\"ListItem\",\"position\":3,\"name\":\"Klubin viikko-ohjelma\"}]},{\"@type\":\"WebSite\",\"@id\":\"https:\/\/rotary.fi\/helsinginkoillinen\/#website\",\"url\":\"https:\/\/rotary.fi\/helsinginkoillinen\/\",\"name\":\"Helsingin Koillinen Rotaryklubi\",\"description\":\"Uusi Rotary klubisivusto\",\"potentialAction\":[{\"@type\":\"SearchAction\",\"target\":{\"@type\":\"EntryPoint\",\"urlTemplate\":\"https:\/\/rotary.fi\/helsinginkoillinen\/?s={search_term_string}\"},\"query-input\":{\"@type\":\"PropertyValueSpecification\",\"valueRequired\":true,\"valueName\":\"search_term_string\"}}],\"inLanguage\":\"fi\"}]}<\/script>\n<!-- \/ Yoast SEO plugin. -->","yoast_head_json":{"title":"Klubin viikko-ohjelma - Helsingin Koillinen Rotaryklubi","robots":{"index":"index","follow":"follow","max-snippet":"max-snippet:-1","max-image-preview":"max-image-preview:large","max-video-preview":"max-video-preview:-1"},"canonical":"https:\/\/rotary.fi\/helsinginkoillinen\/keita-olemme\/klubin-viikko-ohjelma-2\/","og_locale":"fi_FI","og_type":"article","og_title":"Klubin viikko-ohjelma - Helsingin Koillinen Rotaryklubi","og_description":"Tammikuu 01.01.\u00a0Uuden vuoden p\u00e4iv\u00e4, ei kokousta. 08.01. Klubin uudet verkkosivut, Olli Manninen 15.01.\u00a0Piirikuvern\u00f6\u00f6ri Irmeli Viherluoto-Lindstr\u00f6min klubivierailu. Hallitus kokoontuu klo 16.00. 22.01.\u00a0Suomen suurin rakennusmaailma Pasilassa, kaupallinen kehitysjohtaja Pirjo Aalto, YIT Rakennus Oy. 29.01. Suomen puolustusvoimat 100 vuotta, esitelm\u00e4sarja jatkuu, klubiveli Ari Raunio. Helmikuu 05.02. \u00a0Ei kokousta. Teatteri 6.2. 06.02. \u00a0Teatteri, avec.\u00a0Keskiviikko klo 19.00\u00a0Kaasua komisario Palmu, Helsingin [&hellip;]","og_url":"https:\/\/rotary.fi\/helsinginkoillinen\/keita-olemme\/klubin-viikko-ohjelma-2\/","og_site_name":"Helsingin Koillinen Rotaryklubi","article_modified_time":"2020-01-24T12:01:27+00:00","twitter_card":"summary_large_image","twitter_misc":{"Arvioitu lukuaika":"1 minuutti"},"schema":{"@context":"https:\/\/schema.org","@graph":[{"@type":"WebPage","@id":"https:\/\/rotary.fi\/helsinginkoillinen\/keita-olemme\/klubin-viikko-ohjelma-2\/","url":"https:\/\/rotary.fi\/helsinginkoillinen\/keita-olemme\/klubin-viikko-ohjelma-2\/","name":"Klubin viikko-ohjelma - Helsingin Koillinen Rotaryklubi","isPartOf":{"@id":"https:\/\/rotary.fi\/helsinginkoillinen\/#website"},"datePublished":"2019-03-24T14:00:34+00:00","dateModified":"2020-01-24T12:01:27+00:00","breadcrumb":{"@id":"https:\/\/rotary.fi\/helsinginkoillinen\/keita-olemme\/klubin-viikko-ohjelma-2\/#breadcrumb"},"inLanguage":"fi","potentialAction":[{"@type":"ReadAction","target":["https:\/\/rotary.fi\/helsinginkoillinen\/keita-olemme\/klubin-viikko-ohjelma-2\/"]}]},{"@type":"BreadcrumbList","@id":"https:\/\/rotary.fi\/helsinginkoillinen\/keita-olemme\/klubin-viikko-ohjelma-2\/#breadcrumb","itemListElement":[{"@type":"ListItem","position":1,"name":"Home","item":"https:\/\/rotary.fi\/helsinginkoillinen\/"},{"@type":"ListItem","position":2,"name":"Keit\u00e4 olemme","item":"https:\/\/rotary.fi\/helsinginkoillinen\/keita-olemme\/"},{"@type":"ListItem","position":3,"name":"Klubin viikko-ohjelma"}]},{"@type":"WebSite","@id":"https:\/\/rotary.fi\/helsinginkoillinen\/#website","url":"https:\/\/rotary.fi\/helsinginkoillinen\/","name":"Helsingin Koillinen Rotaryklubi","description":"Uusi Rotary klubisivusto","potentialAction":[{"@type":"SearchAction","target":{"@type":"EntryPoint","urlTemplate":"https:\/\/rotary.fi\/helsinginkoillinen\/?s={search_term_string}"},"query-input":{"@type":"PropertyValueSpecification","valueRequired":true,"valueName":"search_term_string"}}],"inLanguage":"fi"}]}},"lang":"fi","translations":{"fi":1551},"pll_sync_post":[],"_links":{"self":[{"href":"https:\/\/rotary.fi\/helsinginkoillinen\/wp-json\/wp\/v2\/pages\/1551","targetHints":{"allow":["GET"]}}],"collection":[{"href":"https:\/\/rotary.fi\/helsinginkoillinen\/wp-json\/wp\/v2\/pages"}],"about":[{"href":"https:\/\/rotary.fi\/helsinginkoillinen\/wp-json\/wp\/v2\/types\/page"}],"author":[{"embeddable":true,"href":"https:\/\/rotary.fi\/helsinginkoillinen\/wp-json\/wp\/v2\/users\/20"}],"replies":[{"embeddable":true,"href":"https:\/\/rotary.fi\/helsinginkoillinen\/wp-json\/wp\/v2\/comments?post=1551"}],"version-history":[{"count":9,"href":"https:\/\/rotary.fi\/helsinginkoillinen\/wp-json\/wp\/v2\/pages\/1551\/revisions"}],"predecessor-version":[{"id":1616,"href":"https:\/\/rotary.fi\/helsinginkoillinen\/wp-json\/wp\/v2\/pages\/1551\/revisions\/1616"}],"up":[{"embeddable":true,"href":"https:\/\/rotary.fi\/helsinginkoillinen\/wp-json\/wp\/v2\/pages\/129"}],"wp:attachment":[{"href":"https:\/\/rotary.fi\/helsinginkoillinen\/wp-json\/wp\/v2\/media?parent=1551"}],"curies":[{"name":"wp","href":"https:\/\/api.w.org\/{rel}","templated":true}]}}