{"id":1498,"date":"2019-04-05T15:40:26","date_gmt":"2019-04-05T12:40:26","guid":{"rendered":"https:\/\/rotary.fi\/helsinginkoillinen\/?page_id=1498"},"modified":"2026-03-15T09:40:12","modified_gmt":"2026-03-15T07:40:12","slug":"klubin-viikko-ohjelma","status":"publish","type":"page","link":"https:\/\/rotary.fi\/helsinginkoillinen\/keita-olemme\/klubin-viikko-ohjelma\/","title":{"rendered":"Klubin viikko-ohjelma 2025-2026, Pohjoinen ja Koillinen kokoontuvat yhdess\u00e4"},"content":{"rendered":"<p>&nbsp;<\/p>\n<h3><strong>Syyskuu\u00a0<\/strong><\/h3>\n<h3>Peruskoulutuksen sek\u00e4 luku- ja kirjoitustaidon kuukausi<\/h3>\n<p>&nbsp;<\/p>\n<p><strong>02.09<\/strong>. Rotaryvuoden aloitus, hallituksen kokous klo 16.00.<\/p>\n<p><strong>09.09<\/strong>. Kiertotalouteen k\u00e4\u00e4ntyv\u00e4 maailma, EU:n l\u00e4hetyst\u00f6n ilmastol\u00e4hettil\u00e4s Timo Huhtam\u00e4ki.<\/p>\n<p><strong>16.09<\/strong>. &#8221;Aina j\u00e4\u00e4 j\u00e4lki&#8221;, poliisiammattikorkeakoulun rehtori (emeritus) Kimmo Himberg.<\/p>\n<p><strong>23.09<\/strong>. Ei kokousta, teatteri 24.9.<\/p>\n<p><strong>24.09.\u00a0<\/strong>Teatteri Let\u00b4s Play Business, Helsingin Kaupunginteatteri suuri n\u00e4ytt\u00e4m\u00f6, avec, klo 18.30.<\/p>\n<p><strong>30.09. <\/strong>Piirikuvern\u00f6\u00f6ri Jere Jantusen ja apulaiskuvern\u00f6\u00f6ri Juha Merisen vierailu klubeissamme. Yhteinen kokous hallituksen kanssa klo 15.00.<\/p>\n<h3><strong>Lokakuu<\/strong><\/h3>\n<h3>Talouskehityksen ja yhteiskunnallisen kehitt\u00e4misen kuukausi<\/h3>\n<p>&nbsp;<\/p>\n<p><strong>07.10<\/strong>. Vantaanjoen vesiensuojelu, Hannele Kauranne, piirin ymp\u00e4rist\u00f6toimikunnan j\u00e4sen, Finlandia Hall Rotaryklubi.<\/p>\n<p><strong>14.10. <\/strong>Klubin syyskokous, hallitus klo 16.00. Vaihto-oppilas Augusto Ritter vieraana.<\/p>\n<p><strong>21.10. <\/strong>Television kulta-aika \u00a0on lopullisesti ohi, mutta voiko mediaan en\u00e4\u00e4 luottaa, mediapersoona Jorma Sairanen.<\/p>\n<p><strong>28.10<\/strong>. Kokemuksia valtameripurjehduksesta, Heikki Kauppi.<\/p>\n<h3><strong>Marraskuu<\/strong><\/h3>\n<h3>Rotarys\u00e4\u00e4ti\u00f6n kuukausi<\/h3>\n<p>&nbsp;<\/p>\n<p><strong>04.11. <\/strong>Eurooppa maailmanj\u00e4rjestyksen murroksessa &#8211; sotahistorijoitsijan pohdintaa, Ari Raunio.<\/p>\n<p><strong>11.11.\u00a0<\/strong>Esperanto, kansainv\u00e4linen kieli, DI Raimo Tuisku.<\/p>\n<p><strong>18.11<\/strong>. Pekiloprosessi, sieniproteiini, Ph Elisa Arte.<\/p>\n<p><strong>25.11. <\/strong>Joululounas Nyyrikiss\u00e4 klo 14.00, avec.<\/p>\n<h3><strong>Joulukuu<\/strong><\/h3>\n<h3>Sairauksien ehk\u00e4isyn ja hoidon kuukausi<\/h3>\n<p>&nbsp;<\/p>\n<p><strong>02.12<\/strong>. Urheilun oikeusturvalautakunnasta ja sen toiminnasta, laamanni Ilkka Lahtinen.<\/p>\n<p><strong>09.12.\u00a0<\/strong>Linnut ilmastonmuutoksen indikaattoreina, Juha Kuronen.<\/p>\n<p><strong>16.12<\/strong>. Joulukokous Malmin kirkolla klo 18.00, avec.<\/p>\n<h3><strong>Tammikuu <\/strong><\/h3>\n<h3>Ammattipalvelun kuukausi<\/h3>\n<p>&nbsp;<\/p>\n<p><strong>13.01.\u00a0<\/strong>Miten Rotary uudistuu?, past kuvern\u00f6\u00f6ri, COLin edustaja, Sakari Karjalainen, Kluuvin Rotaryklubi.<\/p>\n<p><strong>20.01.\u00a0<\/strong>Ranskalaiset ovenkolkuttimet, DI Jukka Noponen.<\/p>\n<p><strong>27.01.\u00a0<\/strong>Ilmastonmuutos ja viinit, dosentti Pekka Lehtonen.<\/p>\n<h3><strong>Helmikuu<\/strong><\/h3>\n<h3>Rauhantutkimuksen ja konfliktien ehk\u00e4isyn\/sovittelun kuukausi<\/h3>\n<p>&nbsp;<\/p>\n<p><strong>03.02<\/strong>. Suojelupoliisi t\u00e4n\u00e4\u00e4n, apulaisp\u00e4\u00e4llikk\u00f6 Jonna Turunen. Tilaisuus on avec.<\/p>\n<p><strong>10.02<\/strong>. Klubikokous, Jokiprojektin esittely\u00e4, kev\u00e4\u00e4n toimintaa ym.<\/p>\n<p><strong>17.02<\/strong>. Lordi Moyne Ameria ostamassa, Heikki Kauppi.<\/p>\n<p><strong>24.02. <\/strong>Ei kokousta, teatteri 25.2.<\/p>\n<p><strong>25.02.\u00a0<\/strong>Teatteri Hildur, avec. Helsingin Kaupunginteatteri, Arena-n\u00e4ytt\u00e4m\u00f6, klo 18.30.<\/p>\n<h3><strong>Maaliskuu<\/strong><\/h3>\n<h3>Vesi- ja saniteettihuollon kuukausi<\/h3>\n<p>&nbsp;<\/p>\n<p><strong>03.03.\u00a0<\/strong>Mika Unkaria riivaa? Suurl\u00e4hettil\u00e4s Pertti Torstila.<\/p>\n<p><strong>10.03.\u00a0<\/strong>Terveiset pre PELSsist\u00e4, Pertti Simola, Olli Manninen.<\/p>\n<p><strong>17.03.\u00a0<\/strong>Ei kokousta.<\/p>\n<p><strong>24.03.\u00a0<\/strong>Klubikokous\/neuvottelu.<\/p>\n<p><strong>31.03.\u00a0<\/strong>Vierailu Pankkimuseoon, avec, klo 15-16.<\/p>\n<h3><\/h3>\n<h3><strong>Huhtikuu<\/strong><\/h3>\n<h3>\u00c4idin ja lapsen terveyden kuukausi<\/h3>\n<p>&nbsp;<\/p>\n<p><strong>07.04\u00a0<\/strong>Ahvenanmaan rotaryklubin Ukraina-projekti, klubipresidentti Pia Widen, Ukrainan projektivastaava Monica von Frenckell.<\/p>\n<p><strong>14.04.\u00a0<\/strong>Lasten syd\u00e4nsairaudet, dosentti, lasten- ja siki\u00f6kardiologian erikoisl\u00e4\u00e4k\u00e4ri Olli Pitk\u00e4nen-Argillander. Tilaisuus on avec.<\/p>\n<p><strong>21.04<\/strong>. Ilmastonmuutos, p\u00e4\u00e4johtaja Petteri Taalas, Ilmatieteen laitos.<\/p>\n<p><strong>28.04.\u00a0<\/strong>It\u00e4mereen upotetut kemialliset aseet, professori Paula Vanninen.<\/p>\n<h3><strong>Toukokuu<\/strong><\/h3>\n<h3>Nuorisopalvelun kuukausi<strong><br \/>\n<\/strong><\/h3>\n<p>&nbsp;<\/p>\n<p><strong>05.05. \u00a0<\/strong>Arushan kuurojen koulu, erityisopettaja Antti Komulainen, Tansanian koulun perustaja.<\/p>\n<p><strong>12.05.\u00a0<\/strong>Ruokaturvallisuus Suomessa, ylijohtaja Janne Nieminen, Ruokavirasto.<\/p>\n<p><strong>19.05. <\/strong>Klubin kev\u00e4tkokous.<\/p>\n<p><strong>26.05. <\/strong>Presidentin vitjojen vaihto.<\/p>\n<h3><strong>Kes\u00e4kuu, ei kokouksia<\/strong><\/h3>\n<h3><\/h3>\n<p>&nbsp;<\/p>\n<p>&nbsp;<\/p>\n","protected":false},"excerpt":{"rendered":"<p>&nbsp; Syyskuu\u00a0 Peruskoulutuksen sek\u00e4 luku- ja kirjoitustaidon kuukausi &nbsp; 02.09. Rotaryvuoden aloitus, hallituksen kokous klo 16.00. 09.09. Kiertotalouteen k\u00e4\u00e4ntyv\u00e4 maailma, EU:n l\u00e4hetyst\u00f6n ilmastol\u00e4hettil\u00e4s Timo Huhtam\u00e4ki. 16.09. &#8221;Aina j\u00e4\u00e4 j\u00e4lki&#8221;, poliisiammattikorkeakoulun rehtori (emeritus) Kimmo Himberg. 23.09. Ei kokousta, teatteri 24.9. 24.09.\u00a0Teatteri Let\u00b4s Play Business, Helsingin Kaupunginteatteri suuri n\u00e4ytt\u00e4m\u00f6, avec, klo 18.30. 30.09. Piirikuvern\u00f6\u00f6ri Jere Jantusen ja [&hellip;]<\/p>\n","protected":false},"author":20,"featured_media":0,"parent":129,"menu_order":0,"comment_status":"closed","ping_status":"closed","template":"","meta":{"_acf_changed":false,"_et_pb_use_builder":"off","_et_pb_old_content":"<h3><strong>Elokuu<\/strong><\/h3>\r\n<strong>20.08.\u00a0<\/strong>Rotaryvuosi on alkanut, Olli Manninen.\r\n\r\n<strong>27.08.\u00a0<\/strong>S\u00e4hk\u00f6inen taloushallinto, tilitoimistoyritt\u00e4j\u00e4 Harri Ruokokoski, KLT, HR-tilipalvelu.\r\n<h3><strong>Syyskuu<\/strong><\/h3>\r\n<strong>03.09. <\/strong>Cityvaraston tarina, toimitusjohtaja Ville Stenroos, Cityvarasto Oyj.\r\n\r\n<b>10.09.\u00a0<\/b>Vapaa-ajan kalastus, Pentti Rantala\u00a0<a href=\"https:\/\/yle.fi\/uutiset\/3-10317784\">https:\/\/yle.fi\/uutiset\/3-10317784<\/a>\r\n\r\n<strong>17.09.\u00a0<\/strong>Kaupunkipolitiikka MDI:n neuvonantajan n\u00e4k\u00f6kulmasta, neuvonantaja, kaupunkipolitiikka Eero Holstila\u00a0<a href=\"http:\/\/www.mdi.fi\/me\/\">http:\/\/www.mdi.fi\/me\/<\/a>\r\n\r\n<strong>24.09. <\/strong>Yritt\u00e4j\u00e4t ja Helsingin kaupunki, yritt\u00e4jien puheenjohtaja Mari Laaksonen, Cleanmarin Oy.\r\n\r\n<strong>30.09.<\/strong>\u00a0Kuvern\u00f6\u00f6ri Tommy Weggen vierailu. <strong>Huom. maanantai.<\/strong>\r\n<h3><strong>Lokakuu<\/strong><\/h3>\r\n<strong>01.10.\u00a0<\/strong>Oman el\u00e4m\u00e4n tarina, Antti Weiste.\r\n\r\n<strong>10.10.\u00a0<\/strong>Teatteri Kivi\u00e4 taskussa, avec.\r\n\r\n<strong>15.10.\u00a0<\/strong>Oman el\u00e4m\u00e4n tarina, Pertti Simola.\r\n\r\n<strong>22.10<\/strong>. Klubin syyskokous.\r\n\r\n<strong>29.10.<\/strong>\u00a0Oman el\u00e4m\u00e4n tarina, Jorma Ty\u00f6pp\u00f6nen.\r\n<h3><strong>Marraskuu<\/strong><\/h3>\r\n<strong>05.11<\/strong>.\u00a0Oman el\u00e4m\u00e4n tarina, Timo Hirvi.\r\n\r\n<strong>11.11.\u00a0<\/strong>Pitk\u00e4aikaissairauksien ennustaminen verenkuvasta. IC-kokous. <strong>Huom. maanantai.<\/strong>\r\n\r\n<strong>19.11.\u00a0<\/strong>Oman el\u00e4m\u00e4n tarina, Matti Koskivaara.\r\n\r\n<strong>26.11.\u00a0<\/strong>Oman el\u00e4m\u00e4n tarina, Jarmo Murtom\u00e4ki.\r\n\r\n<strong>\u00a0\u00a0<\/strong>\r\n<h3><strong>Joulukuu<\/strong><\/h3>\r\n<strong>03.12.\u00a0<\/strong>Oman el\u00e4m\u00e4n tarina, Paavo Feirikki.\r\n\r\n<strong>10.12.\u00a0<\/strong>Joulup\u00e4iv\u00e4llinen, avec, Ravintola Nyyrikki.\r\n\r\n<strong>17.12. <\/strong>Joulukirkko.\r\n\r\n\u00a0\r\n\r\n\u00a0","_et_gb_content_width":"","footnotes":""},"class_list":["post-1498","page","type-page","status-publish","hentry"],"acf":[],"yoast_head":"<!-- This site is optimized with the Yoast SEO plugin v27.0 - https:\/\/yoast.com\/product\/yoast-seo-wordpress\/ -->\n<title>Klubin viikko-ohjelma 2025-2026, Pohjoinen ja Koillinen kokoontuvat yhdess\u00e4 - Helsingin Koillinen Rotaryklubi<\/title>\n<meta name=\"robots\" content=\"index, follow, max-snippet:-1, max-image-preview:large, max-video-preview:-1\" \/>\n<link rel=\"canonical\" href=\"https:\/\/rotary.fi\/helsinginkoillinen\/keita-olemme\/klubin-viikko-ohjelma\/\" \/>\n<meta property=\"og:locale\" content=\"fi_FI\" \/>\n<meta property=\"og:type\" content=\"article\" \/>\n<meta property=\"og:title\" content=\"Klubin viikko-ohjelma 2025-2026, Pohjoinen ja Koillinen kokoontuvat yhdess\u00e4 - Helsingin Koillinen Rotaryklubi\" \/>\n<meta property=\"og:description\" content=\"&nbsp; Syyskuu\u00a0 Peruskoulutuksen sek\u00e4 luku- ja kirjoitustaidon kuukausi &nbsp; 02.09. Rotaryvuoden aloitus, hallituksen kokous klo 16.00. 09.09. Kiertotalouteen k\u00e4\u00e4ntyv\u00e4 maailma, EU:n l\u00e4hetyst\u00f6n ilmastol\u00e4hettil\u00e4s Timo Huhtam\u00e4ki. 16.09. &#8221;Aina j\u00e4\u00e4 j\u00e4lki&#8221;, poliisiammattikorkeakoulun rehtori (emeritus) Kimmo Himberg. 23.09. Ei kokousta, teatteri 24.9. 24.09.\u00a0Teatteri Let\u00b4s Play Business, Helsingin Kaupunginteatteri suuri n\u00e4ytt\u00e4m\u00f6, avec, klo 18.30. 30.09. Piirikuvern\u00f6\u00f6ri Jere Jantusen ja [&hellip;]\" \/>\n<meta property=\"og:url\" content=\"https:\/\/rotary.fi\/helsinginkoillinen\/keita-olemme\/klubin-viikko-ohjelma\/\" \/>\n<meta property=\"og:site_name\" content=\"Helsingin Koillinen Rotaryklubi\" \/>\n<meta property=\"article:modified_time\" content=\"2026-03-15T07:40:12+00:00\" \/>\n<meta name=\"twitter:card\" content=\"summary_large_image\" \/>\n<meta name=\"twitter:label1\" content=\"Arvioitu lukuaika\" \/>\n\t<meta name=\"twitter:data1\" content=\"3 minuuttia\" \/>\n<script type=\"application\/ld+json\" class=\"yoast-schema-graph\">{\"@context\":\"https:\/\/schema.org\",\"@graph\":[{\"@type\":\"WebPage\",\"@id\":\"https:\/\/rotary.fi\/helsinginkoillinen\/keita-olemme\/klubin-viikko-ohjelma\/\",\"url\":\"https:\/\/rotary.fi\/helsinginkoillinen\/keita-olemme\/klubin-viikko-ohjelma\/\",\"name\":\"Klubin viikko-ohjelma 2025-2026, Pohjoinen ja Koillinen kokoontuvat yhdess\u00e4 - Helsingin Koillinen Rotaryklubi\",\"isPartOf\":{\"@id\":\"https:\/\/rotary.fi\/helsinginkoillinen\/#website\"},\"datePublished\":\"2019-04-05T12:40:26+00:00\",\"dateModified\":\"2026-03-15T07:40:12+00:00\",\"breadcrumb\":{\"@id\":\"https:\/\/rotary.fi\/helsinginkoillinen\/keita-olemme\/klubin-viikko-ohjelma\/#breadcrumb\"},\"inLanguage\":\"fi\",\"potentialAction\":[{\"@type\":\"ReadAction\",\"target\":[\"https:\/\/rotary.fi\/helsinginkoillinen\/keita-olemme\/klubin-viikko-ohjelma\/\"]}]},{\"@type\":\"BreadcrumbList\",\"@id\":\"https:\/\/rotary.fi\/helsinginkoillinen\/keita-olemme\/klubin-viikko-ohjelma\/#breadcrumb\",\"itemListElement\":[{\"@type\":\"ListItem\",\"position\":1,\"name\":\"Home\",\"item\":\"https:\/\/rotary.fi\/helsinginkoillinen\/\"},{\"@type\":\"ListItem\",\"position\":2,\"name\":\"Keit\u00e4 olemme\",\"item\":\"https:\/\/rotary.fi\/helsinginkoillinen\/keita-olemme\/\"},{\"@type\":\"ListItem\",\"position\":3,\"name\":\"Klubin viikko-ohjelma 2025-2026, Pohjoinen ja Koillinen kokoontuvat yhdess\u00e4\"}]},{\"@type\":\"WebSite\",\"@id\":\"https:\/\/rotary.fi\/helsinginkoillinen\/#website\",\"url\":\"https:\/\/rotary.fi\/helsinginkoillinen\/\",\"name\":\"Helsingin Koillinen Rotaryklubi\",\"description\":\"Uusi Rotary klubisivusto\",\"potentialAction\":[{\"@type\":\"SearchAction\",\"target\":{\"@type\":\"EntryPoint\",\"urlTemplate\":\"https:\/\/rotary.fi\/helsinginkoillinen\/?s={search_term_string}\"},\"query-input\":{\"@type\":\"PropertyValueSpecification\",\"valueRequired\":true,\"valueName\":\"search_term_string\"}}],\"inLanguage\":\"fi\"}]}<\/script>\n<!-- \/ Yoast SEO plugin. -->","yoast_head_json":{"title":"Klubin viikko-ohjelma 2025-2026, Pohjoinen ja Koillinen kokoontuvat yhdess\u00e4 - Helsingin Koillinen Rotaryklubi","robots":{"index":"index","follow":"follow","max-snippet":"max-snippet:-1","max-image-preview":"max-image-preview:large","max-video-preview":"max-video-preview:-1"},"canonical":"https:\/\/rotary.fi\/helsinginkoillinen\/keita-olemme\/klubin-viikko-ohjelma\/","og_locale":"fi_FI","og_type":"article","og_title":"Klubin viikko-ohjelma 2025-2026, Pohjoinen ja Koillinen kokoontuvat yhdess\u00e4 - Helsingin Koillinen Rotaryklubi","og_description":"&nbsp; Syyskuu\u00a0 Peruskoulutuksen sek\u00e4 luku- ja kirjoitustaidon kuukausi &nbsp; 02.09. Rotaryvuoden aloitus, hallituksen kokous klo 16.00. 09.09. Kiertotalouteen k\u00e4\u00e4ntyv\u00e4 maailma, EU:n l\u00e4hetyst\u00f6n ilmastol\u00e4hettil\u00e4s Timo Huhtam\u00e4ki. 16.09. &#8221;Aina j\u00e4\u00e4 j\u00e4lki&#8221;, poliisiammattikorkeakoulun rehtori (emeritus) Kimmo Himberg. 23.09. Ei kokousta, teatteri 24.9. 24.09.\u00a0Teatteri Let\u00b4s Play Business, Helsingin Kaupunginteatteri suuri n\u00e4ytt\u00e4m\u00f6, avec, klo 18.30. 30.09. Piirikuvern\u00f6\u00f6ri Jere Jantusen ja [&hellip;]","og_url":"https:\/\/rotary.fi\/helsinginkoillinen\/keita-olemme\/klubin-viikko-ohjelma\/","og_site_name":"Helsingin Koillinen Rotaryklubi","article_modified_time":"2026-03-15T07:40:12+00:00","twitter_card":"summary_large_image","twitter_misc":{"Arvioitu lukuaika":"3 minuuttia"},"schema":{"@context":"https:\/\/schema.org","@graph":[{"@type":"WebPage","@id":"https:\/\/rotary.fi\/helsinginkoillinen\/keita-olemme\/klubin-viikko-ohjelma\/","url":"https:\/\/rotary.fi\/helsinginkoillinen\/keita-olemme\/klubin-viikko-ohjelma\/","name":"Klubin viikko-ohjelma 2025-2026, Pohjoinen ja Koillinen kokoontuvat yhdess\u00e4 - Helsingin Koillinen Rotaryklubi","isPartOf":{"@id":"https:\/\/rotary.fi\/helsinginkoillinen\/#website"},"datePublished":"2019-04-05T12:40:26+00:00","dateModified":"2026-03-15T07:40:12+00:00","breadcrumb":{"@id":"https:\/\/rotary.fi\/helsinginkoillinen\/keita-olemme\/klubin-viikko-ohjelma\/#breadcrumb"},"inLanguage":"fi","potentialAction":[{"@type":"ReadAction","target":["https:\/\/rotary.fi\/helsinginkoillinen\/keita-olemme\/klubin-viikko-ohjelma\/"]}]},{"@type":"BreadcrumbList","@id":"https:\/\/rotary.fi\/helsinginkoillinen\/keita-olemme\/klubin-viikko-ohjelma\/#breadcrumb","itemListElement":[{"@type":"ListItem","position":1,"name":"Home","item":"https:\/\/rotary.fi\/helsinginkoillinen\/"},{"@type":"ListItem","position":2,"name":"Keit\u00e4 olemme","item":"https:\/\/rotary.fi\/helsinginkoillinen\/keita-olemme\/"},{"@type":"ListItem","position":3,"name":"Klubin viikko-ohjelma 2025-2026, Pohjoinen ja Koillinen kokoontuvat yhdess\u00e4"}]},{"@type":"WebSite","@id":"https:\/\/rotary.fi\/helsinginkoillinen\/#website","url":"https:\/\/rotary.fi\/helsinginkoillinen\/","name":"Helsingin Koillinen Rotaryklubi","description":"Uusi Rotary klubisivusto","potentialAction":[{"@type":"SearchAction","target":{"@type":"EntryPoint","urlTemplate":"https:\/\/rotary.fi\/helsinginkoillinen\/?s={search_term_string}"},"query-input":{"@type":"PropertyValueSpecification","valueRequired":true,"valueName":"search_term_string"}}],"inLanguage":"fi"}]}},"lang":"fi","translations":{"fi":1498},"pll_sync_post":[],"_links":{"self":[{"href":"https:\/\/rotary.fi\/helsinginkoillinen\/wp-json\/wp\/v2\/pages\/1498","targetHints":{"allow":["GET"]}}],"collection":[{"href":"https:\/\/rotary.fi\/helsinginkoillinen\/wp-json\/wp\/v2\/pages"}],"about":[{"href":"https:\/\/rotary.fi\/helsinginkoillinen\/wp-json\/wp\/v2\/types\/page"}],"author":[{"embeddable":true,"href":"https:\/\/rotary.fi\/helsinginkoillinen\/wp-json\/wp\/v2\/users\/20"}],"replies":[{"embeddable":true,"href":"https:\/\/rotary.fi\/helsinginkoillinen\/wp-json\/wp\/v2\/comments?post=1498"}],"version-history":[{"count":10,"href":"https:\/\/rotary.fi\/helsinginkoillinen\/wp-json\/wp\/v2\/pages\/1498\/revisions"}],"predecessor-version":[{"id":2629,"href":"https:\/\/rotary.fi\/helsinginkoillinen\/wp-json\/wp\/v2\/pages\/1498\/revisions\/2629"}],"up":[{"embeddable":true,"href":"https:\/\/rotary.fi\/helsinginkoillinen\/wp-json\/wp\/v2\/pages\/129"}],"wp:attachment":[{"href":"https:\/\/rotary.fi\/helsinginkoillinen\/wp-json\/wp\/v2\/media?parent=1498"}],"curies":[{"name":"wp","href":"https:\/\/api.w.org\/{rel}","templated":true}]}}