{"id":132,"date":"2018-08-10T13:59:56","date_gmt":"2018-08-10T10:59:56","guid":{"rendered":"https:\/\/rotary.fi\/klubi2\/?page_id=132"},"modified":"2025-10-15T11:56:55","modified_gmt":"2025-10-15T08:56:55","slug":"hallitus-ja-toimihenkilot","status":"publish","type":"page","link":"https:\/\/rotary.fi\/helsinginkoillinen\/keita-olemme\/hallitus-ja-toimihenkilot\/","title":{"rendered":"Hallitus ja toimihenkil\u00f6t"},"content":{"rendered":"<p>[et_pb_section fb_built=&#8221;1&#8243; _builder_version=&#8221;4.22.0&#8243; _module_preset=&#8221;default&#8221; global_colors_info=&#8221;{}&#8221;][et_pb_row _builder_version=&#8221;4.22.0&#8243; _module_preset=&#8221;default&#8221; custom_margin=&#8221;|auto|1px|auto||&#8221; global_colors_info=&#8221;{}&#8221;][et_pb_column type=&#8221;4_4&#8243; _builder_version=&#8221;4.22.0&#8243; _module_preset=&#8221;default&#8221; global_colors_info=&#8221;{}&#8221;][et_pb_text _builder_version=&#8221;4.22.0&#8243; _module_preset=&#8221;default&#8221; custom_padding=&#8221;2px||0px|||&#8221; global_colors_info=&#8221;{}&#8221;]<\/p>\n<p>Klubipresidentti Timo HIrvi \u00a0 \u00a0 \u00a0 \u00a0 \u00a0 \u00a0 \u00a0 \u00a0 \u00a0 \u00a0 \u00a0 \u00a0 \u00a0 \u00a0 \u00a0 \u00a0 \u00a0 \u00a0 \u00a0 \u00a0\u00a0<\/p>\n<p>timokthirvi@gmail.com<\/p>\n<p>[\/et_pb_text][et_pb_gallery gallery_ids=&#8221;2539&#8243; _builder_version=&#8221;4.27.4&#8243; _module_preset=&#8221;default&#8221; global_colors_info=&#8221;{}&#8221;][\/et_pb_gallery][et_pb_text _builder_version=&#8221;4.25.2&#8243; _module_preset=&#8221;default&#8221; global_colors_info=&#8221;{}&#8221;]<\/p>\n<p>Klubin hallitus<\/p>\n<p>[\/et_pb_text][et_pb_text _builder_version=&#8221;4.22.1&#8243; _module_preset=&#8221;default&#8221; global_colors_info=&#8221;{}&#8221;]<\/p>\n<p>Klubipresidentti<br \/>Timo Hirvi<br \/><a href=\"mailto:harri.nurminen@pp7.inet.fi\">timokthirvi@gmail.com<\/a><\/p>\n<p>Harri Nurminen, past presidentti<\/p>\n<p style=\"text-align: center\">\n<p>Olli Manninen,<br \/>klubisihteeri, IT-vastaava, s\u00e4\u00e4ti\u00f6vastaava <a href=\"mailto:olli.manninen@kolumbus.fi\">olli.manninen@kolumbus.fi<\/a><\/p>\n<p>Jussi-Pekka L\u00e4ms\u00e4, klubimestari<\/p>\n<p>Paavo Feirikki, rahastonhoitaja<\/p>\n<p>Ari Kalliom\u00e4ki, nuorisovaihto<\/p>\n<p>Harri Nurminen, viirit<\/p>\n<p>Matti Koskivaara, j\u00e4senyys<\/p>\n<p>Heimo Laaksonen, viestint\u00e4<\/p>\n<p>Tuomas Nurmi, palvelu<\/p>\n<p>[\/et_pb_text][\/et_pb_column][\/et_pb_row][et_pb_row _builder_version=&#8221;4.22.1&#8243; _module_preset=&#8221;default&#8221; global_colors_info=&#8221;{}&#8221;][et_pb_column type=&#8221;4_4&#8243; _builder_version=&#8221;4.22.1&#8243; _module_preset=&#8221;default&#8221; global_colors_info=&#8221;{}&#8221;][\/et_pb_column][\/et_pb_row][\/et_pb_section]<\/p>\n","protected":false},"excerpt":{"rendered":"<p>Klubipresidentti Timo HIrvi \u00a0 \u00a0 \u00a0 \u00a0 \u00a0 \u00a0 \u00a0 \u00a0 \u00a0 \u00a0 \u00a0 \u00a0 \u00a0 \u00a0 \u00a0 \u00a0 \u00a0 \u00a0 \u00a0 \u00a0\u00a0 timokthirvi@gmail.comKlubin hallitusKlubipresidenttiTimo Hirvitimokthirvi@gmail.com Harri Nurminen, past presidentti Olli Manninen,klubisihteeri, IT-vastaava, s\u00e4\u00e4ti\u00f6vastaava olli.manninen@kolumbus.fi Jussi-Pekka L\u00e4ms\u00e4, klubimestari Paavo Feirikki, rahastonhoitaja Ari Kalliom\u00e4ki, nuorisovaihto Harri Nurminen, viirit Matti Koskivaara, j\u00e4senyys Heimo Laaksonen, viestint\u00e4 Tuomas Nurmi, [&hellip;]<\/p>\n","protected":false},"author":1,"featured_media":0,"parent":129,"menu_order":0,"comment_status":"closed","ping_status":"closed","template":"","meta":{"_acf_changed":false,"_et_pb_use_builder":"on","_et_pb_old_content":"","_et_gb_content_width":"","footnotes":""},"class_list":["post-132","page","type-page","status-publish","hentry"],"acf":[],"yoast_head":"<!-- This site is optimized with the Yoast SEO plugin v27.0 - https:\/\/yoast.com\/product\/yoast-seo-wordpress\/ -->\n<title>Hallitus ja toimihenkil\u00f6t - Helsingin Koillinen Rotaryklubi<\/title>\n<meta name=\"robots\" content=\"index, follow, max-snippet:-1, max-image-preview:large, max-video-preview:-1\" \/>\n<link rel=\"canonical\" href=\"https:\/\/rotary.fi\/helsinginkoillinen\/keita-olemme\/hallitus-ja-toimihenkilot\/\" \/>\n<meta property=\"og:locale\" content=\"fi_FI\" \/>\n<meta property=\"og:type\" content=\"article\" \/>\n<meta property=\"og:title\" content=\"Hallitus ja toimihenkil\u00f6t - Helsingin Koillinen Rotaryklubi\" \/>\n<meta property=\"og:description\" content=\"Klubipresidentti Timo HIrvi \u00a0 \u00a0 \u00a0 \u00a0 \u00a0 \u00a0 \u00a0 \u00a0 \u00a0 \u00a0 \u00a0 \u00a0 \u00a0 \u00a0 \u00a0 \u00a0 \u00a0 \u00a0 \u00a0 \u00a0\u00a0 timokthirvi@gmail.comKlubin hallitusKlubipresidenttiTimo Hirvitimokthirvi@gmail.com Harri Nurminen, past presidentti Olli Manninen,klubisihteeri, IT-vastaava, s\u00e4\u00e4ti\u00f6vastaava olli.manninen@kolumbus.fi Jussi-Pekka L\u00e4ms\u00e4, klubimestari Paavo Feirikki, rahastonhoitaja Ari Kalliom\u00e4ki, nuorisovaihto Harri Nurminen, viirit Matti Koskivaara, j\u00e4senyys Heimo Laaksonen, viestint\u00e4 Tuomas Nurmi, [&hellip;]\" \/>\n<meta property=\"og:url\" content=\"https:\/\/rotary.fi\/helsinginkoillinen\/keita-olemme\/hallitus-ja-toimihenkilot\/\" \/>\n<meta property=\"og:site_name\" content=\"Helsingin Koillinen Rotaryklubi\" \/>\n<meta property=\"article:modified_time\" content=\"2025-10-15T08:56:55+00:00\" \/>\n<meta name=\"twitter:card\" content=\"summary_large_image\" \/>\n<meta name=\"twitter:label1\" content=\"Arvioitu lukuaika\" \/>\n\t<meta name=\"twitter:data1\" content=\"1 minuutti\" \/>\n<script type=\"application\/ld+json\" class=\"yoast-schema-graph\">{\"@context\":\"https:\/\/schema.org\",\"@graph\":[{\"@type\":\"WebPage\",\"@id\":\"https:\/\/rotary.fi\/helsinginkoillinen\/keita-olemme\/hallitus-ja-toimihenkilot\/\",\"url\":\"https:\/\/rotary.fi\/helsinginkoillinen\/keita-olemme\/hallitus-ja-toimihenkilot\/\",\"name\":\"Hallitus ja toimihenkil\u00f6t - Helsingin Koillinen Rotaryklubi\",\"isPartOf\":{\"@id\":\"https:\/\/rotary.fi\/helsinginkoillinen\/#website\"},\"datePublished\":\"2018-08-10T10:59:56+00:00\",\"dateModified\":\"2025-10-15T08:56:55+00:00\",\"breadcrumb\":{\"@id\":\"https:\/\/rotary.fi\/helsinginkoillinen\/keita-olemme\/hallitus-ja-toimihenkilot\/#breadcrumb\"},\"inLanguage\":\"fi\",\"potentialAction\":[{\"@type\":\"ReadAction\",\"target\":[\"https:\/\/rotary.fi\/helsinginkoillinen\/keita-olemme\/hallitus-ja-toimihenkilot\/\"]}]},{\"@type\":\"BreadcrumbList\",\"@id\":\"https:\/\/rotary.fi\/helsinginkoillinen\/keita-olemme\/hallitus-ja-toimihenkilot\/#breadcrumb\",\"itemListElement\":[{\"@type\":\"ListItem\",\"position\":1,\"name\":\"Home\",\"item\":\"https:\/\/rotary.fi\/helsinginkoillinen\/\"},{\"@type\":\"ListItem\",\"position\":2,\"name\":\"Keit\u00e4 olemme\",\"item\":\"https:\/\/rotary.fi\/helsinginkoillinen\/keita-olemme\/\"},{\"@type\":\"ListItem\",\"position\":3,\"name\":\"Hallitus ja toimihenkil\u00f6t\"}]},{\"@type\":\"WebSite\",\"@id\":\"https:\/\/rotary.fi\/helsinginkoillinen\/#website\",\"url\":\"https:\/\/rotary.fi\/helsinginkoillinen\/\",\"name\":\"Helsingin Koillinen Rotaryklubi\",\"description\":\"Uusi Rotary klubisivusto\",\"potentialAction\":[{\"@type\":\"SearchAction\",\"target\":{\"@type\":\"EntryPoint\",\"urlTemplate\":\"https:\/\/rotary.fi\/helsinginkoillinen\/?s={search_term_string}\"},\"query-input\":{\"@type\":\"PropertyValueSpecification\",\"valueRequired\":true,\"valueName\":\"search_term_string\"}}],\"inLanguage\":\"fi\"}]}<\/script>\n<!-- \/ Yoast SEO plugin. -->","yoast_head_json":{"title":"Hallitus ja toimihenkil\u00f6t - Helsingin Koillinen Rotaryklubi","robots":{"index":"index","follow":"follow","max-snippet":"max-snippet:-1","max-image-preview":"max-image-preview:large","max-video-preview":"max-video-preview:-1"},"canonical":"https:\/\/rotary.fi\/helsinginkoillinen\/keita-olemme\/hallitus-ja-toimihenkilot\/","og_locale":"fi_FI","og_type":"article","og_title":"Hallitus ja toimihenkil\u00f6t - Helsingin Koillinen Rotaryklubi","og_description":"Klubipresidentti Timo HIrvi \u00a0 \u00a0 \u00a0 \u00a0 \u00a0 \u00a0 \u00a0 \u00a0 \u00a0 \u00a0 \u00a0 \u00a0 \u00a0 \u00a0 \u00a0 \u00a0 \u00a0 \u00a0 \u00a0 \u00a0\u00a0 timokthirvi@gmail.comKlubin hallitusKlubipresidenttiTimo Hirvitimokthirvi@gmail.com Harri Nurminen, past presidentti Olli Manninen,klubisihteeri, IT-vastaava, s\u00e4\u00e4ti\u00f6vastaava olli.manninen@kolumbus.fi Jussi-Pekka L\u00e4ms\u00e4, klubimestari Paavo Feirikki, rahastonhoitaja Ari Kalliom\u00e4ki, nuorisovaihto Harri Nurminen, viirit Matti Koskivaara, j\u00e4senyys Heimo Laaksonen, viestint\u00e4 Tuomas Nurmi, [&hellip;]","og_url":"https:\/\/rotary.fi\/helsinginkoillinen\/keita-olemme\/hallitus-ja-toimihenkilot\/","og_site_name":"Helsingin Koillinen Rotaryklubi","article_modified_time":"2025-10-15T08:56:55+00:00","twitter_card":"summary_large_image","twitter_misc":{"Arvioitu lukuaika":"1 minuutti"},"schema":{"@context":"https:\/\/schema.org","@graph":[{"@type":"WebPage","@id":"https:\/\/rotary.fi\/helsinginkoillinen\/keita-olemme\/hallitus-ja-toimihenkilot\/","url":"https:\/\/rotary.fi\/helsinginkoillinen\/keita-olemme\/hallitus-ja-toimihenkilot\/","name":"Hallitus ja toimihenkil\u00f6t - Helsingin Koillinen Rotaryklubi","isPartOf":{"@id":"https:\/\/rotary.fi\/helsinginkoillinen\/#website"},"datePublished":"2018-08-10T10:59:56+00:00","dateModified":"2025-10-15T08:56:55+00:00","breadcrumb":{"@id":"https:\/\/rotary.fi\/helsinginkoillinen\/keita-olemme\/hallitus-ja-toimihenkilot\/#breadcrumb"},"inLanguage":"fi","potentialAction":[{"@type":"ReadAction","target":["https:\/\/rotary.fi\/helsinginkoillinen\/keita-olemme\/hallitus-ja-toimihenkilot\/"]}]},{"@type":"BreadcrumbList","@id":"https:\/\/rotary.fi\/helsinginkoillinen\/keita-olemme\/hallitus-ja-toimihenkilot\/#breadcrumb","itemListElement":[{"@type":"ListItem","position":1,"name":"Home","item":"https:\/\/rotary.fi\/helsinginkoillinen\/"},{"@type":"ListItem","position":2,"name":"Keit\u00e4 olemme","item":"https:\/\/rotary.fi\/helsinginkoillinen\/keita-olemme\/"},{"@type":"ListItem","position":3,"name":"Hallitus ja toimihenkil\u00f6t"}]},{"@type":"WebSite","@id":"https:\/\/rotary.fi\/helsinginkoillinen\/#website","url":"https:\/\/rotary.fi\/helsinginkoillinen\/","name":"Helsingin Koillinen Rotaryklubi","description":"Uusi Rotary klubisivusto","potentialAction":[{"@type":"SearchAction","target":{"@type":"EntryPoint","urlTemplate":"https:\/\/rotary.fi\/helsinginkoillinen\/?s={search_term_string}"},"query-input":{"@type":"PropertyValueSpecification","valueRequired":true,"valueName":"search_term_string"}}],"inLanguage":"fi"}]}},"lang":"fi","translations":{"fi":132},"pll_sync_post":[],"_links":{"self":[{"href":"https:\/\/rotary.fi\/helsinginkoillinen\/wp-json\/wp\/v2\/pages\/132","targetHints":{"allow":["GET"]}}],"collection":[{"href":"https:\/\/rotary.fi\/helsinginkoillinen\/wp-json\/wp\/v2\/pages"}],"about":[{"href":"https:\/\/rotary.fi\/helsinginkoillinen\/wp-json\/wp\/v2\/types\/page"}],"author":[{"embeddable":true,"href":"https:\/\/rotary.fi\/helsinginkoillinen\/wp-json\/wp\/v2\/users\/1"}],"replies":[{"embeddable":true,"href":"https:\/\/rotary.fi\/helsinginkoillinen\/wp-json\/wp\/v2\/comments?post=132"}],"version-history":[{"count":10,"href":"https:\/\/rotary.fi\/helsinginkoillinen\/wp-json\/wp\/v2\/pages\/132\/revisions"}],"predecessor-version":[{"id":2578,"href":"https:\/\/rotary.fi\/helsinginkoillinen\/wp-json\/wp\/v2\/pages\/132\/revisions\/2578"}],"up":[{"embeddable":true,"href":"https:\/\/rotary.fi\/helsinginkoillinen\/wp-json\/wp\/v2\/pages\/129"}],"wp:attachment":[{"href":"https:\/\/rotary.fi\/helsinginkoillinen\/wp-json\/wp\/v2\/media?parent=132"}],"curies":[{"name":"wp","href":"https:\/\/api.w.org\/{rel}","templated":true}]}}