{"id":160,"date":"2018-08-13T09:49:16","date_gmt":"2018-08-13T06:49:16","guid":{"rendered":"https:\/\/rotary.fi\/heinola\/?page_id=160"},"modified":"2026-04-14T08:26:44","modified_gmt":"2026-04-14T05:26:44","slug":"yhteiset-projektit","status":"publish","type":"page","link":"https:\/\/rotary.fi\/heinola\/mita-teemme\/yhteiset-projektit\/","title":{"rendered":"Yhteiset projektit"},"content":{"rendered":"<p>[et_pb_section fb_built=&#8221;1&#8243; module_class=&#8221;jumbotron-page&#8221; _builder_version=&#8221;4.16&#8243; background_image=&#8221;https:\/\/rotary.fi\/heinola\/wp-content\/uploads\/sites\/278\/2018\/10\/rotary_klubit_alasivu_paakuva_15.jpg&#8221; global_colors_info=&#8221;{}&#8221;][et_pb_row _builder_version=&#8221;4.16&#8243; background_size=&#8221;initial&#8221; background_position=&#8221;top_left&#8221; background_repeat=&#8221;repeat&#8221; global_colors_info=&#8221;{}&#8221;][et_pb_column type=&#8221;4_4&#8243; _builder_version=&#8221;4.16&#8243; custom_padding=&#8221;|||&#8221; global_colors_info=&#8221;{}&#8221; custom_padding__hover=&#8221;|||&#8221;][et_pb_text admin_label=&#8221;P\u00e4\u00e4otsikko&#8221; _builder_version=&#8221;4.16&#8243; text_orientation=&#8221;center&#8221; background_layout=&#8221;dark&#8221; global_colors_info=&#8221;{}&#8221;]<\/p>\n<h1>Yhteiset projektit<\/h1>\n<p>[\/et_pb_text][\/et_pb_column][\/et_pb_row][\/et_pb_section][et_pb_section fb_built=&#8221;1&#8243; specialty=&#8221;on&#8221; module_class_2=&#8221;sivupalkki&#8221; _builder_version=&#8221;4.16&#8243; global_colors_info=&#8221;{}&#8221;][et_pb_column type=&#8221;2_3&#8243; specialty_columns=&#8221;2&#8243; _builder_version=&#8221;4.16&#8243; custom_padding=&#8221;|||&#8221; global_colors_info=&#8221;{}&#8221; custom_padding__hover=&#8221;|||&#8221;][et_pb_row_inner admin_label=&#8221;Rivi&#8221; _builder_version=&#8221;4.16&#8243; global_colors_info=&#8221;{}&#8221;][et_pb_column_inner saved_specialty_column_type=&#8221;2_3&#8243; _builder_version=&#8221;4.16&#8243; custom_padding=&#8221;|||&#8221; global_colors_info=&#8221;{}&#8221; custom_padding__hover=&#8221;|||&#8221;][et_pb_text admin_label=&#8221;Otsikko&#8221; _builder_version=&#8221;4.16&#8243; text_orientation=&#8221;center&#8221; global_colors_info=&#8221;{}&#8221;]<\/p>\n<h1>Yhteiset projektit<\/h1>\n<p>[\/et_pb_text][et_pb_text _builder_version=&#8221;4.16&#8243; global_colors_info=&#8221;{}&#8221;]<\/p>\n<p>Osallistumme Kuopio-Puijo Rotaryklubin 2026 Koulukalusteprojektiin. Projektissa lahjoitetaan ja kuljetetaan k\u00e4ytettyj\u00e4 koulukalusteita Viroon, P\u00e4rnun alueen kouluille.<\/p>\n<p>Seuraa toimintaamme. Tiedotamme tulevan vuoden tapahtumista ja osallistumisestamme n\u00e4ihin yhteisiin tapahtumiin n\u00e4ill\u00e4 sivuilla ja sosiaalisen median kanavissamme.<\/p>\n<p><strong><span style=\"color: #8300e9\">Esimerkiksi:<\/span><\/strong><br \/><a href=\"https:\/\/www.youtube.com\/watch?v=UIjzX0L0HwM\">Kuopio-Puijo Rotaryklubin 2022 Koulukalusteprojekti<\/a><\/p>\n<p>[\/et_pb_text][\/et_pb_column_inner][\/et_pb_row_inner][\/et_pb_column][et_pb_column type=&#8221;1_3&#8243; _builder_version=&#8221;4.16&#8243; custom_padding=&#8221;|||&#8221; global_colors_info=&#8221;{}&#8221; custom_padding__hover=&#8221;|||&#8221;][et_pb_sidebar area=&#8221;sidebar-1&#8243; module_class=&#8221;sivupalkki_sisalto&#8221; _builder_version=&#8221;4.16&#8243; locked=&#8221;on&#8221; global_colors_info=&#8221;{}&#8221;]<br \/>\n[\/et_pb_sidebar][\/et_pb_column][\/et_pb_section]<\/p>\n","protected":false},"excerpt":{"rendered":"<p>Yhteiset projektit Yhteiset projektit Osallistumme Kuopio-Puijo Rotaryklubin 2026 Koulukalusteprojektiin. Projektissa lahjoitetaan ja kuljetetaan k\u00e4ytettyj\u00e4 koulukalusteita Viroon, P\u00e4rnun alueen kouluille. Seuraa toimintaamme. Tiedotamme tulevan vuoden tapahtumista ja osallistumisestamme n\u00e4ihin yhteisiin tapahtumiin n\u00e4ill\u00e4 sivuilla ja sosiaalisen median kanavissamme. Esimerkiksi:Kuopio-Puijo Rotaryklubin 2022 Koulukalusteprojekti<\/p>\n","protected":false},"author":1,"featured_media":0,"parent":77,"menu_order":0,"comment_status":"closed","ping_status":"closed","template":"","meta":{"_acf_changed":false,"_et_pb_use_builder":"on","_et_pb_old_content":"","_et_gb_content_width":"","footnotes":""},"class_list":["post-160","page","type-page","status-publish","hentry"],"acf":[],"yoast_head":"<!-- This site is optimized with the Yoast SEO plugin v27.4 - https:\/\/yoast.com\/product\/yoast-seo-wordpress\/ -->\n<title>Yhteiset projektit - Heinolan Rotaryklubi<\/title>\n<meta name=\"robots\" content=\"noindex, follow, max-snippet:-1, max-image-preview:large, max-video-preview:-1\" \/>\n<meta property=\"og:locale\" content=\"fi_FI\" \/>\n<meta property=\"og:type\" content=\"article\" \/>\n<meta property=\"og:title\" content=\"Yhteiset projektit - Heinolan Rotaryklubi\" \/>\n<meta property=\"og:description\" content=\"Yhteiset projektit Yhteiset projektit Osallistumme Kuopio-Puijo Rotaryklubin 2026 Koulukalusteprojektiin. Projektissa lahjoitetaan ja kuljetetaan k\u00e4ytettyj\u00e4 koulukalusteita Viroon, P\u00e4rnun alueen kouluille. Seuraa toimintaamme. Tiedotamme tulevan vuoden tapahtumista ja osallistumisestamme n\u00e4ihin yhteisiin tapahtumiin n\u00e4ill\u00e4 sivuilla ja sosiaalisen median kanavissamme. Esimerkiksi:Kuopio-Puijo Rotaryklubin 2022 Koulukalusteprojekti\" \/>\n<meta property=\"og:url\" content=\"https:\/\/rotary.fi\/heinola\/mita-teemme\/yhteiset-projektit\/\" \/>\n<meta property=\"og:site_name\" content=\"Heinolan Rotaryklubi\" \/>\n<meta property=\"article:modified_time\" content=\"2026-04-14T05:26:44+00:00\" \/>\n<meta name=\"twitter:card\" content=\"summary_large_image\" \/>\n<meta name=\"twitter:label1\" content=\"Arvioitu lukuaika\" \/>\n\t<meta name=\"twitter:data1\" content=\"1 minuutti\" \/>\n<script type=\"application\/ld+json\" class=\"yoast-schema-graph\">{\"@context\":\"https:\\\/\\\/schema.org\",\"@graph\":[{\"@type\":\"WebPage\",\"@id\":\"https:\\\/\\\/rotary.fi\\\/heinola\\\/mita-teemme\\\/yhteiset-projektit\\\/\",\"url\":\"https:\\\/\\\/rotary.fi\\\/heinola\\\/mita-teemme\\\/yhteiset-projektit\\\/\",\"name\":\"Yhteiset projektit - Heinolan Rotaryklubi\",\"isPartOf\":{\"@id\":\"https:\\\/\\\/rotary.fi\\\/heinola\\\/#website\"},\"datePublished\":\"2018-08-13T06:49:16+00:00\",\"dateModified\":\"2026-04-14T05:26:44+00:00\",\"breadcrumb\":{\"@id\":\"https:\\\/\\\/rotary.fi\\\/heinola\\\/mita-teemme\\\/yhteiset-projektit\\\/#breadcrumb\"},\"inLanguage\":\"fi\",\"potentialAction\":[{\"@type\":\"ReadAction\",\"target\":[\"https:\\\/\\\/rotary.fi\\\/heinola\\\/mita-teemme\\\/yhteiset-projektit\\\/\"]}]},{\"@type\":\"BreadcrumbList\",\"@id\":\"https:\\\/\\\/rotary.fi\\\/heinola\\\/mita-teemme\\\/yhteiset-projektit\\\/#breadcrumb\",\"itemListElement\":[{\"@type\":\"ListItem\",\"position\":1,\"name\":\"Home\",\"item\":\"https:\\\/\\\/rotary.fi\\\/heinola\\\/\"},{\"@type\":\"ListItem\",\"position\":2,\"name\":\"Mit\u00e4 teemme\",\"item\":\"https:\\\/\\\/rotary.fi\\\/heinola\\\/mita-teemme\\\/\"},{\"@type\":\"ListItem\",\"position\":3,\"name\":\"Yhteiset projektit\"}]},{\"@type\":\"WebSite\",\"@id\":\"https:\\\/\\\/rotary.fi\\\/heinola\\\/#website\",\"url\":\"https:\\\/\\\/rotary.fi\\\/heinola\\\/\",\"name\":\"Heinolan Rotaryklubi\",\"description\":\"Uusi Rotary klubisivusto\",\"potentialAction\":[{\"@type\":\"SearchAction\",\"target\":{\"@type\":\"EntryPoint\",\"urlTemplate\":\"https:\\\/\\\/rotary.fi\\\/heinola\\\/?s={search_term_string}\"},\"query-input\":{\"@type\":\"PropertyValueSpecification\",\"valueRequired\":true,\"valueName\":\"search_term_string\"}}],\"inLanguage\":\"fi\"}]}<\/script>\n<!-- \/ Yoast SEO plugin. -->","yoast_head_json":{"title":"Yhteiset projektit - Heinolan Rotaryklubi","robots":{"index":"noindex","follow":"follow","max-snippet":"max-snippet:-1","max-image-preview":"max-image-preview:large","max-video-preview":"max-video-preview:-1"},"og_locale":"fi_FI","og_type":"article","og_title":"Yhteiset projektit - Heinolan Rotaryklubi","og_description":"Yhteiset projektit Yhteiset projektit Osallistumme Kuopio-Puijo Rotaryklubin 2026 Koulukalusteprojektiin. Projektissa lahjoitetaan ja kuljetetaan k\u00e4ytettyj\u00e4 koulukalusteita Viroon, P\u00e4rnun alueen kouluille. Seuraa toimintaamme. Tiedotamme tulevan vuoden tapahtumista ja osallistumisestamme n\u00e4ihin yhteisiin tapahtumiin n\u00e4ill\u00e4 sivuilla ja sosiaalisen median kanavissamme. Esimerkiksi:Kuopio-Puijo Rotaryklubin 2022 Koulukalusteprojekti","og_url":"https:\/\/rotary.fi\/heinola\/mita-teemme\/yhteiset-projektit\/","og_site_name":"Heinolan Rotaryklubi","article_modified_time":"2026-04-14T05:26:44+00:00","twitter_card":"summary_large_image","twitter_misc":{"Arvioitu lukuaika":"1 minuutti"},"schema":{"@context":"https:\/\/schema.org","@graph":[{"@type":"WebPage","@id":"https:\/\/rotary.fi\/heinola\/mita-teemme\/yhteiset-projektit\/","url":"https:\/\/rotary.fi\/heinola\/mita-teemme\/yhteiset-projektit\/","name":"Yhteiset projektit - Heinolan Rotaryklubi","isPartOf":{"@id":"https:\/\/rotary.fi\/heinola\/#website"},"datePublished":"2018-08-13T06:49:16+00:00","dateModified":"2026-04-14T05:26:44+00:00","breadcrumb":{"@id":"https:\/\/rotary.fi\/heinola\/mita-teemme\/yhteiset-projektit\/#breadcrumb"},"inLanguage":"fi","potentialAction":[{"@type":"ReadAction","target":["https:\/\/rotary.fi\/heinola\/mita-teemme\/yhteiset-projektit\/"]}]},{"@type":"BreadcrumbList","@id":"https:\/\/rotary.fi\/heinola\/mita-teemme\/yhteiset-projektit\/#breadcrumb","itemListElement":[{"@type":"ListItem","position":1,"name":"Home","item":"https:\/\/rotary.fi\/heinola\/"},{"@type":"ListItem","position":2,"name":"Mit\u00e4 teemme","item":"https:\/\/rotary.fi\/heinola\/mita-teemme\/"},{"@type":"ListItem","position":3,"name":"Yhteiset projektit"}]},{"@type":"WebSite","@id":"https:\/\/rotary.fi\/heinola\/#website","url":"https:\/\/rotary.fi\/heinola\/","name":"Heinolan Rotaryklubi","description":"Uusi Rotary klubisivusto","potentialAction":[{"@type":"SearchAction","target":{"@type":"EntryPoint","urlTemplate":"https:\/\/rotary.fi\/heinola\/?s={search_term_string}"},"query-input":{"@type":"PropertyValueSpecification","valueRequired":true,"valueName":"search_term_string"}}],"inLanguage":"fi"}]}},"lang":"fi","translations":{"fi":160},"pll_sync_post":[],"_links":{"self":[{"href":"https:\/\/rotary.fi\/heinola\/wp-json\/wp\/v2\/pages\/160","targetHints":{"allow":["GET"]}}],"collection":[{"href":"https:\/\/rotary.fi\/heinola\/wp-json\/wp\/v2\/pages"}],"about":[{"href":"https:\/\/rotary.fi\/heinola\/wp-json\/wp\/v2\/types\/page"}],"author":[{"embeddable":true,"href":"https:\/\/rotary.fi\/heinola\/wp-json\/wp\/v2\/users\/1"}],"replies":[{"embeddable":true,"href":"https:\/\/rotary.fi\/heinola\/wp-json\/wp\/v2\/comments?post=160"}],"version-history":[{"count":9,"href":"https:\/\/rotary.fi\/heinola\/wp-json\/wp\/v2\/pages\/160\/revisions"}],"predecessor-version":[{"id":1702,"href":"https:\/\/rotary.fi\/heinola\/wp-json\/wp\/v2\/pages\/160\/revisions\/1702"}],"up":[{"embeddable":true,"href":"https:\/\/rotary.fi\/heinola\/wp-json\/wp\/v2\/pages\/77"}],"wp:attachment":[{"href":"https:\/\/rotary.fi\/heinola\/wp-json\/wp\/v2\/media?parent=160"}],"curies":[{"name":"wp","href":"https:\/\/api.w.org\/{rel}","templated":true}]}}