{"id":2007,"date":"2021-12-14T19:29:00","date_gmt":"2021-12-14T17:29:00","guid":{"rendered":"https:\/\/rotary.fi\/harjavalta\/?page_id=2007"},"modified":"2021-12-16T22:44:47","modified_gmt":"2021-12-16T20:44:47","slug":"kesatyopaikka","status":"publish","type":"page","link":"https:\/\/rotary.fi\/harjavalta\/kesatyopaikka\/","title":{"rendered":"Kes\u00e4ty\u00f6paikka"},"content":{"rendered":"<p>[et_pb_section fb_built=&#8221;1&#8243; module_class=&#8221;jumbotron-page&#8221; _builder_version=&#8221;4.14.2&#8243; background_image=&#8221;https:\/\/rotary.fi\/harjavalta\/wp-content\/uploads\/sites\/211\/2021\/12\/kaytossaannot-xx.jpg&#8221; height=&#8221;220px&#8221; global_colors_info=&#8221;{}&#8221;][et_pb_row _builder_version=&#8221;4.14.2&#8243; background_size=&#8221;initial&#8221; background_position=&#8221;top_left&#8221; background_repeat=&#8221;repeat&#8221; custom_margin=&#8221;||||false|false&#8221; global_colors_info=&#8221;{}&#8221;][et_pb_column type=&#8221;4_4&#8243; _builder_version=&#8221;3.25&#8243; custom_padding=&#8221;|||&#8221; global_colors_info=&#8221;{}&#8221; custom_padding__hover=&#8221;|||&#8221;][et_pb_text admin_label=&#8221;P\u00e4\u00e4otsikko&#8221; _builder_version=&#8221;4.14.2&#8243; text_orientation=&#8221;center&#8221; background_layout=&#8221;dark&#8221; custom_margin=&#8221;-80px||||false|false&#8221; global_colors_info=&#8221;{}&#8221;]<\/p>\n<h1>Kes\u00e4ty\u00f6paikka k\u00e4yt\u00f6ksell\u00e4<\/h1>\n<p>[\/et_pb_text][\/et_pb_column][\/et_pb_row][\/et_pb_section][et_pb_section fb_built=&#8221;1&#8243; specialty=&#8221;on&#8221; module_class_2=&#8221;sivupalkki&#8221; _builder_version=&#8221;3.22&#8243; global_colors_info=&#8221;{}&#8221;][et_pb_column type=&#8221;2_3&#8243; specialty_columns=&#8221;2&#8243; _builder_version=&#8221;3.25&#8243; custom_padding=&#8221;|||&#8221; global_colors_info=&#8221;{}&#8221; custom_padding__hover=&#8221;|||&#8221;][\/et_pb_column][et_pb_column type=&#8221;1_3&#8243; _builder_version=&#8221;3.25&#8243; custom_padding=&#8221;|||&#8221; global_colors_info=&#8221;{}&#8221; custom_padding__hover=&#8221;|||&#8221;][\/et_pb_column][\/et_pb_section][et_pb_section fb_built=&#8221;1&#8243; _builder_version=&#8221;4.14.2&#8243; _module_preset=&#8221;default&#8221; global_colors_info=&#8221;{}&#8221;][et_pb_row admin_label=&#8221;Rivi&#8221; _builder_version=&#8221;3.25&#8243; global_colors_info=&#8221;{}&#8221;][et_pb_column type=&#8221;4_4&#8243; _builder_version=&#8221;3.25&#8243; custom_padding=&#8221;|||&#8221; global_colors_info=&#8221;{}&#8221; custom_padding__hover=&#8221;|||&#8221;][et_pb_text admin_label=&#8221;Otsikko&#8221; _builder_version=&#8221;4.14.2&#8243; custom_margin=&#8221;-80px||||false|false&#8221; global_colors_info=&#8221;{}&#8221;]<\/p>\n<h2 style=\"text-align: center\">Tienaa k\u00e4yt\u00f6ksell\u00e4si kes\u00e4ty\u00f6paikka<\/h2>\n<p>[\/et_pb_text][\/et_pb_column][\/et_pb_row][\/et_pb_section][et_pb_section fb_built=&#8221;1&#8243; _builder_version=&#8221;4.14.2&#8243; _module_preset=&#8221;default&#8221; global_colors_info=&#8221;{}&#8221;][et_pb_row column_structure=&#8221;2_5,3_5&#8243; admin_label=&#8221;Rivi&#8221; _builder_version=&#8221;3.25&#8243; global_colors_info=&#8221;{}&#8221;][et_pb_column type=&#8221;2_5&#8243; _builder_version=&#8221;3.25&#8243; custom_padding=&#8221;|||&#8221; global_colors_info=&#8221;{}&#8221; custom_padding__hover=&#8221;|||&#8221;][et_pb_image src=&#8221;https:\/\/rotary.fi\/harjavalta\/wp-content\/uploads\/sites\/211\/2021\/12\/img-20210524-133517-2.jpg&#8221; title_text=&#8221;IMG_20210524_133517 _2&#8243; _builder_version=&#8221;4.14.2&#8243; _module_preset=&#8221;default&#8221; custom_margin=&#8221;-80px||||false|false&#8221; global_colors_info=&#8221;{}&#8221;][\/et_pb_image][et_pb_text _builder_version=&#8221;4.14.2&#8243; _module_preset=&#8221;default&#8221; global_colors_info=&#8221;{}&#8221;]<\/p>\n<p>Vuoden 2020 palkintojen saajat.<\/p>\n<p>[\/et_pb_text][et_pb_image src=&#8221;https:\/\/rotary.fi\/harjavalta\/wp-content\/uploads\/sites\/211\/2021\/12\/kesatyopaikkapalkitut-2016-1.jpg&#8221; title_text=&#8221;Kes\u00e4ty\u00f6paikkapalkitut 2016_1&#8243; _builder_version=&#8221;4.14.2&#8243; _module_preset=&#8221;default&#8221; custom_margin=&#8221;||||false|false&#8221; global_colors_info=&#8221;{}&#8221;][\/et_pb_image][et_pb_text _builder_version=&#8221;4.14.2&#8243; _module_preset=&#8221;default&#8221; global_colors_info=&#8221;{}&#8221;]<\/p>\n<p>Vuoden 2016 palkintojen saajat.<\/p>\n<p>[\/et_pb_text][\/et_pb_column][et_pb_column type=&#8221;3_5&#8243; _builder_version=&#8221;3.25&#8243; custom_padding=&#8221;|||&#8221; global_colors_info=&#8221;{}&#8221; custom_padding__hover=&#8221;|||&#8221;][et_pb_text _builder_version=&#8221;4.14.2&#8243; custom_margin=&#8221;-80px||||false|false&#8221; hover_enabled=&#8221;0&#8243; global_colors_info=&#8221;{}&#8221; sticky_enabled=&#8221;0&#8243;]<\/p>\n<p>Harjavallan Rotaryklubi ja Harjavallan Keskustan koulu ovat j\u00e4rjest\u00e4neet yhteisty\u00f6ss\u00e4 9-luokkalaisille lukuvuoden aikana hyv\u00e4n k\u00e4yt\u00f6ksen kilpailun: \u201dTIENAA K\u00c4YT\u00d6KSELL\u00c4SI KES\u00c4TY\u00d6PAIKKA\u201d.<\/p>\n<p>Yhteisty\u00f6 aloitettiin kaudella 2011-2012 Ja ensimm\u00e4iset kes\u00e4ty\u00f6paikat jaettiin voittajille kev\u00e4\u00e4ll\u00e4 2012.<\/p>\n<p>T\u00e4n\u00e4 kymmenen vuoden ajanjaksona 85 oppilasta, 38 tytt\u00f6\u00e4 ja 47 poikaa, on palkittu kes\u00e4ty\u00f6paikalla.<\/p>\n<p>Kilpailun tavoitteena on kannustaa nuoria huomioimaan toiset, hyv\u00e4\u00e4n k\u00e4yt\u00f6kseen, terveisiin el\u00e4m\u00e4ntapoihin, terveeseen itsetuntoon sek\u00e4 sopeutumiseen. Oikeanlaisella palkitsemisella nuoria rohkaistaan ensimm\u00e4iseen ty\u00f6paikkaan. Harjavallan Rotaryklubi palkitsee kilpailun menestyj\u00e4t kunniakirjalla ja kes\u00e4ty\u00f6paikalla<\/p>\n<p>&nbsp;<\/p>\n<p>[\/et_pb_text][\/et_pb_column][\/et_pb_row][\/et_pb_section]<\/p>\n","protected":false},"excerpt":{"rendered":"<p>Kes\u00e4ty\u00f6paikka k\u00e4yt\u00f6ksell\u00e4Tienaa k\u00e4yt\u00f6ksell\u00e4si kes\u00e4ty\u00f6paikkaVuoden 2020 palkintojen saajat.Vuoden 2016 palkintojen saajat.Harjavallan Rotaryklubi ja Harjavallan Keskustan koulu ovat j\u00e4rjest\u00e4neet yhteisty\u00f6ss\u00e4 9-luokkalaisille lukuvuoden aikana hyv\u00e4n k\u00e4yt\u00f6ksen kilpailun: \u201dTIENAA K\u00c4YT\u00d6KSELL\u00c4SI KES\u00c4TY\u00d6PAIKKA\u201d. Yhteisty\u00f6 aloitettiin kaudella 2011-2012 Ja ensimm\u00e4iset kes\u00e4ty\u00f6paikat jaettiin voittajille kev\u00e4\u00e4ll\u00e4 2012. T\u00e4n\u00e4 kymmenen vuoden ajanjaksona 85 oppilasta, 38 tytt\u00f6\u00e4 ja 47 poikaa, on palkittu kes\u00e4ty\u00f6paikalla. Kilpailun tavoitteena on [&hellip;]<\/p>\n","protected":false},"author":193,"featured_media":0,"parent":0,"menu_order":0,"comment_status":"closed","ping_status":"closed","template":"","meta":{"_acf_changed":false,"_et_pb_use_builder":"on","_et_pb_old_content":"","_et_gb_content_width":"","footnotes":""},"class_list":["post-2007","page","type-page","status-publish","hentry"],"acf":[],"yoast_head":"<!-- This site is optimized with the Yoast SEO plugin v27.4 - https:\/\/yoast.com\/product\/yoast-seo-wordpress\/ -->\n<title>Kes\u00e4ty\u00f6paikka - Harjavallan Rotaryklubi<\/title>\n<meta name=\"robots\" content=\"index, follow, max-snippet:-1, max-image-preview:large, max-video-preview:-1\" \/>\n<link rel=\"canonical\" href=\"https:\/\/rotary.fi\/harjavalta\/kesatyopaikka\/\" \/>\n<meta property=\"og:locale\" content=\"fi_FI\" \/>\n<meta property=\"og:type\" content=\"article\" \/>\n<meta property=\"og:title\" content=\"Kes\u00e4ty\u00f6paikka - Harjavallan Rotaryklubi\" \/>\n<meta property=\"og:description\" content=\"Kes\u00e4ty\u00f6paikka k\u00e4yt\u00f6ksell\u00e4Tienaa k\u00e4yt\u00f6ksell\u00e4si kes\u00e4ty\u00f6paikkaVuoden 2020 palkintojen saajat.Vuoden 2016 palkintojen saajat.Harjavallan Rotaryklubi ja Harjavallan Keskustan koulu ovat j\u00e4rjest\u00e4neet yhteisty\u00f6ss\u00e4 9-luokkalaisille lukuvuoden aikana hyv\u00e4n k\u00e4yt\u00f6ksen kilpailun: \u201dTIENAA K\u00c4YT\u00d6KSELL\u00c4SI KES\u00c4TY\u00d6PAIKKA\u201d. Yhteisty\u00f6 aloitettiin kaudella 2011-2012 Ja ensimm\u00e4iset kes\u00e4ty\u00f6paikat jaettiin voittajille kev\u00e4\u00e4ll\u00e4 2012. T\u00e4n\u00e4 kymmenen vuoden ajanjaksona 85 oppilasta, 38 tytt\u00f6\u00e4 ja 47 poikaa, on palkittu kes\u00e4ty\u00f6paikalla. Kilpailun tavoitteena on [&hellip;]\" \/>\n<meta property=\"og:url\" content=\"https:\/\/rotary.fi\/harjavalta\/kesatyopaikka\/\" \/>\n<meta property=\"og:site_name\" content=\"Harjavallan Rotaryklubi\" \/>\n<meta property=\"article:modified_time\" content=\"2021-12-16T20:44:47+00:00\" \/>\n<meta name=\"twitter:card\" content=\"summary_large_image\" \/>\n<meta name=\"twitter:label1\" content=\"Arvioitu lukuaika\" \/>\n\t<meta name=\"twitter:data1\" content=\"3 minuuttia\" \/>\n<script type=\"application\/ld+json\" class=\"yoast-schema-graph\">{\"@context\":\"https:\\\/\\\/schema.org\",\"@graph\":[{\"@type\":\"WebPage\",\"@id\":\"https:\\\/\\\/rotary.fi\\\/harjavalta\\\/kesatyopaikka\\\/\",\"url\":\"https:\\\/\\\/rotary.fi\\\/harjavalta\\\/kesatyopaikka\\\/\",\"name\":\"Kes\u00e4ty\u00f6paikka - Harjavallan Rotaryklubi\",\"isPartOf\":{\"@id\":\"https:\\\/\\\/rotary.fi\\\/harjavalta\\\/#website\"},\"datePublished\":\"2021-12-14T17:29:00+00:00\",\"dateModified\":\"2021-12-16T20:44:47+00:00\",\"breadcrumb\":{\"@id\":\"https:\\\/\\\/rotary.fi\\\/harjavalta\\\/kesatyopaikka\\\/#breadcrumb\"},\"inLanguage\":\"fi\",\"potentialAction\":[{\"@type\":\"ReadAction\",\"target\":[\"https:\\\/\\\/rotary.fi\\\/harjavalta\\\/kesatyopaikka\\\/\"]}]},{\"@type\":\"BreadcrumbList\",\"@id\":\"https:\\\/\\\/rotary.fi\\\/harjavalta\\\/kesatyopaikka\\\/#breadcrumb\",\"itemListElement\":[{\"@type\":\"ListItem\",\"position\":1,\"name\":\"Home\",\"item\":\"https:\\\/\\\/rotary.fi\\\/harjavalta\\\/\"},{\"@type\":\"ListItem\",\"position\":2,\"name\":\"Kes\u00e4ty\u00f6paikka\"}]},{\"@type\":\"WebSite\",\"@id\":\"https:\\\/\\\/rotary.fi\\\/harjavalta\\\/#website\",\"url\":\"https:\\\/\\\/rotary.fi\\\/harjavalta\\\/\",\"name\":\"Harjavallan Rotaryklubi\",\"description\":\"Uusi Rotary klubisivusto\",\"potentialAction\":[{\"@type\":\"SearchAction\",\"target\":{\"@type\":\"EntryPoint\",\"urlTemplate\":\"https:\\\/\\\/rotary.fi\\\/harjavalta\\\/?s={search_term_string}\"},\"query-input\":{\"@type\":\"PropertyValueSpecification\",\"valueRequired\":true,\"valueName\":\"search_term_string\"}}],\"inLanguage\":\"fi\"}]}<\/script>\n<!-- \/ Yoast SEO plugin. -->","yoast_head_json":{"title":"Kes\u00e4ty\u00f6paikka - Harjavallan Rotaryklubi","robots":{"index":"index","follow":"follow","max-snippet":"max-snippet:-1","max-image-preview":"max-image-preview:large","max-video-preview":"max-video-preview:-1"},"canonical":"https:\/\/rotary.fi\/harjavalta\/kesatyopaikka\/","og_locale":"fi_FI","og_type":"article","og_title":"Kes\u00e4ty\u00f6paikka - Harjavallan Rotaryklubi","og_description":"Kes\u00e4ty\u00f6paikka k\u00e4yt\u00f6ksell\u00e4Tienaa k\u00e4yt\u00f6ksell\u00e4si kes\u00e4ty\u00f6paikkaVuoden 2020 palkintojen saajat.Vuoden 2016 palkintojen saajat.Harjavallan Rotaryklubi ja Harjavallan Keskustan koulu ovat j\u00e4rjest\u00e4neet yhteisty\u00f6ss\u00e4 9-luokkalaisille lukuvuoden aikana hyv\u00e4n k\u00e4yt\u00f6ksen kilpailun: \u201dTIENAA K\u00c4YT\u00d6KSELL\u00c4SI KES\u00c4TY\u00d6PAIKKA\u201d. Yhteisty\u00f6 aloitettiin kaudella 2011-2012 Ja ensimm\u00e4iset kes\u00e4ty\u00f6paikat jaettiin voittajille kev\u00e4\u00e4ll\u00e4 2012. T\u00e4n\u00e4 kymmenen vuoden ajanjaksona 85 oppilasta, 38 tytt\u00f6\u00e4 ja 47 poikaa, on palkittu kes\u00e4ty\u00f6paikalla. Kilpailun tavoitteena on [&hellip;]","og_url":"https:\/\/rotary.fi\/harjavalta\/kesatyopaikka\/","og_site_name":"Harjavallan Rotaryklubi","article_modified_time":"2021-12-16T20:44:47+00:00","twitter_card":"summary_large_image","twitter_misc":{"Arvioitu lukuaika":"3 minuuttia"},"schema":{"@context":"https:\/\/schema.org","@graph":[{"@type":"WebPage","@id":"https:\/\/rotary.fi\/harjavalta\/kesatyopaikka\/","url":"https:\/\/rotary.fi\/harjavalta\/kesatyopaikka\/","name":"Kes\u00e4ty\u00f6paikka - Harjavallan Rotaryklubi","isPartOf":{"@id":"https:\/\/rotary.fi\/harjavalta\/#website"},"datePublished":"2021-12-14T17:29:00+00:00","dateModified":"2021-12-16T20:44:47+00:00","breadcrumb":{"@id":"https:\/\/rotary.fi\/harjavalta\/kesatyopaikka\/#breadcrumb"},"inLanguage":"fi","potentialAction":[{"@type":"ReadAction","target":["https:\/\/rotary.fi\/harjavalta\/kesatyopaikka\/"]}]},{"@type":"BreadcrumbList","@id":"https:\/\/rotary.fi\/harjavalta\/kesatyopaikka\/#breadcrumb","itemListElement":[{"@type":"ListItem","position":1,"name":"Home","item":"https:\/\/rotary.fi\/harjavalta\/"},{"@type":"ListItem","position":2,"name":"Kes\u00e4ty\u00f6paikka"}]},{"@type":"WebSite","@id":"https:\/\/rotary.fi\/harjavalta\/#website","url":"https:\/\/rotary.fi\/harjavalta\/","name":"Harjavallan Rotaryklubi","description":"Uusi Rotary klubisivusto","potentialAction":[{"@type":"SearchAction","target":{"@type":"EntryPoint","urlTemplate":"https:\/\/rotary.fi\/harjavalta\/?s={search_term_string}"},"query-input":{"@type":"PropertyValueSpecification","valueRequired":true,"valueName":"search_term_string"}}],"inLanguage":"fi"}]}},"lang":"fi","translations":{"fi":2007},"pll_sync_post":[],"_links":{"self":[{"href":"https:\/\/rotary.fi\/harjavalta\/wp-json\/wp\/v2\/pages\/2007","targetHints":{"allow":["GET"]}}],"collection":[{"href":"https:\/\/rotary.fi\/harjavalta\/wp-json\/wp\/v2\/pages"}],"about":[{"href":"https:\/\/rotary.fi\/harjavalta\/wp-json\/wp\/v2\/types\/page"}],"author":[{"embeddable":true,"href":"https:\/\/rotary.fi\/harjavalta\/wp-json\/wp\/v2\/users\/193"}],"replies":[{"embeddable":true,"href":"https:\/\/rotary.fi\/harjavalta\/wp-json\/wp\/v2\/comments?post=2007"}],"version-history":[{"count":10,"href":"https:\/\/rotary.fi\/harjavalta\/wp-json\/wp\/v2\/pages\/2007\/revisions"}],"predecessor-version":[{"id":2171,"href":"https:\/\/rotary.fi\/harjavalta\/wp-json\/wp\/v2\/pages\/2007\/revisions\/2171"}],"wp:attachment":[{"href":"https:\/\/rotary.fi\/harjavalta\/wp-json\/wp\/v2\/media?parent=2007"}],"curies":[{"name":"wp","href":"https:\/\/api.w.org\/{rel}","templated":true}]}}